{"id":75015,"date":"2024-04-24T11:55:54","date_gmt":"2024-04-24T09:55:54","guid":{"rendered":"https:\/\/clavreuil-wordpress.logiciel-arteo.fr\/engel-samuel-remarques-sur-la-partie-de-la-relation-du-voyage-du-capitaine-cook-qui-concerne-le-detroit-entre-lasie-et-lamerique-dans-une-lettre-traduite-de-lallemand-pouvant-servir-de-suit\/"},"modified":"2024-04-24T11:56:35","modified_gmt":"2024-04-24T09:56:35","slug":"engel-samuel-remarques-sur-la-partie-de-la-relation-du-voyage-du-capitaine-cook-qui-concerne-le-detroit-entre-lasie-et-lamerique-dans-une-lettre-traduite-de-lallemand-pouvant-servir-de-suit","status":"publish","type":"product","link":"https:\/\/clavreuil-wordpress.logiciel-arteo.fr\/en\/engel-samuel-remarques-sur-la-partie-de-la-relation-du-voyage-du-capitaine-cook-qui-concerne-le-detroit-entre-lasie-et-lamerique-dans-une-lettre-traduite-de-lallemand-pouvant-servir-de-suit\/","title":{"rendered":"ENGEL Samuel Remarques sur la partie de la..."},"content":{"rendered":"<p><em>Sabin, 22575 ; Lada-Mocarski, 30 (note) ; Hordern House, Captain James Cook Collection (Robert &amp; Mary Anne Parks collection), 63 (Berne issue) ; Forbes, Hawaiian National Bibliography, 29 (&quot;the text of this is printed from the same setting of type as the Berne edition, the title leaf only having been reset ; the woodcut vignettes on the title and at end of the text and the folding map are identical to those in the Berne edition&quot;); not in Hill. <\/em><\/p>\n<p>First edition of the French translation, Geneva issue (there was another issue published in Bern the same year).<\/p>\n<p>A very scarce book relating to Cook&#039;s third voyage. The exploration of the Bering Strait and the search for the Northwest passage had been one of the most important tasks for Cook&#039;s last voyage in the Pacific. The region was explored at length by Cook in 1778, and again by Clerke, after his former commander&rsquo;s death, in 1779.<\/p>\n<p>The folding map contains two separate charts of Bering Strait and the northwest coast; it was engraved in Z&uuml;rich by Rodolf Holzhalb. New regarding their findings was keenly awaited in Europe, where a controversy raged between Engle on eh one hand and geographers Anton Friedrich B&uuml;sching and G.F. M&uuml;ller on the other. Engel&rsquo;s opponents had attacked his &ldquo;theory and assumptions regarding the Bering Strait. This was the era of passionate controversy about the figuration of Alaska and northwest coast, as well as the existence of the Northwest passage&rdquo; (Lada-Mocarski). Engel, the distinguished Swiss geographer and economist, was a prolific writer on the North Pacific. This book had first appeared in a much slighter form in German in 1780, but without the map. It is worth pointing out that the catalyst for this publication wa the entry of the death of Captain Cook and the discovery of Hawaii in B&uuml;sching&rsquo;s influential weekly journal the W&ouml;chentliche Nachrichten, now better known as the first entry in Forbes&rsquo; Hawaiian National Bibliography. Engel had taken exception to B&uuml;sching&rsquo;s critique of his theory, and this work was his response.<\/p>\n<p>Very good copy, upper corner of the title restored.<\/p>\n","protected":false},"excerpt":{"rendered":"<p>4to (233 x 190 mm) title-page and 26 pp., 1 folding map with 2 maps coloured in outline. Modern calf backed boards, bound in style.<\/p>\n","protected":false},"featured_media":75008,"comment_status":"open","ping_status":"closed","template":"","meta":{"_acf_changed":false},"product_brand":[],"product_cat":[15],"product_tag":[],"class_list":{"0":"post-75015","1":"product","2":"type-product","3":"status-publish","4":"has-post-thumbnail","6":"product_cat-uncategorized","7":"pa_auteur-samuel-engel-2","8":"pa_type-de-livre-printed-book","10":"first","11":"instock","12":"shipping-taxable","13":"purchasable","14":"product-type-simple"},"acf":[],"yoast_head":"<!-- This site is optimized with the Yoast SEO plugin v24.3 - https:\/\/yoast.com\/wordpress\/plugins\/seo\/ -->\n<title>ENGEL Samuel Remarques sur la partie de la relation du voyage du capitaine Cook, qui concerne le d\u00e9troit entre l&#039;Asie et l&#039;Am\u00e9rique, dans une lettre. Traduite de l&#039;allemand, pouvant servir de suite au m\u00e9moire du m\u00eame auteur de 1779. - Libairie Clavreuil<\/title>\n<meta name=\"robots\" content=\"noindex, follow, max-snippet:-1, max-image-preview:large, max-video-preview:-1\" \/>\n<meta property=\"og:locale\" content=\"en_US\" \/>\n<meta property=\"og:type\" content=\"article\" \/>\n<meta property=\"og:title\" content=\"ENGEL Samuel Remarques sur la partie de la relation du voyage du capitaine Cook, qui concerne le d\u00e9troit entre l&#039;Asie et l&#039;Am\u00e9rique, dans une lettre. Traduite de l&#039;allemand, pouvant servir de suite au m\u00e9moire du m\u00eame auteur de 1779. - Libairie Clavreuil\" \/>\n<meta property=\"og:description\" content=\"4to (233 x 190 mm) title-page and 26 pp., 1 folding map with 2 maps coloured in outline. Modern calf backed boards, bound in style.\" \/>\n<meta property=\"og:url\" content=\"https:\/\/clavreuil-wordpress.logiciel-arteo.fr\/en\/engel-samuel-remarques-sur-la-partie-de-la-relation-du-voyage-du-capitaine-cook-qui-concerne-le-detroit-entre-lasie-et-lamerique-dans-une-lettre-traduite-de-lallemand-pouvant-servir-de-suit\/\" \/>\n<meta property=\"og:site_name\" content=\"Libairie Clavreuil\" \/>\n<meta property=\"article:modified_time\" content=\"2024-04-24T09:56:35+00:00\" \/>\n<meta property=\"og:image\" content=\"https:\/\/clavreuil-wordpress.logiciel-arteo.fr\/wp-content\/uploads\/2024\/04\/samuel-engel-remarques-sur-la-partie-de-la-relation-du-voyage-du-capitaine-cook-qui-concerne-le-detroit-entre-l-asie-et-l-amerique-dans-une-lettre-tra-scaled.jpg\" \/>\n\t<meta property=\"og:image:width\" content=\"2560\" \/>\n\t<meta property=\"og:image:height\" content=\"1956\" \/>\n\t<meta property=\"og:image:type\" content=\"image\/jpeg\" \/>\n<meta name=\"twitter:card\" content=\"summary_large_image\" \/>\n<meta name=\"twitter:label1\" content=\"Est. reading time\" \/>\n\t<meta name=\"twitter:data1\" content=\"2 minutes\" \/>\n<script type=\"application\/ld+json\" class=\"yoast-schema-graph\">{\"@context\":\"https:\/\/schema.org\",\"@graph\":[{\"@type\":\"WebPage\",\"@id\":\"https:\/\/clavreuil-wordpress.logiciel-arteo.fr\/en\/engel-samuel-remarques-sur-la-partie-de-la-relation-du-voyage-du-capitaine-cook-qui-concerne-le-detroit-entre-lasie-et-lamerique-dans-une-lettre-traduite-de-lallemand-pouvant-servir-de-suit\/\",\"url\":\"https:\/\/clavreuil-wordpress.logiciel-arteo.fr\/en\/engel-samuel-remarques-sur-la-partie-de-la-relation-du-voyage-du-capitaine-cook-qui-concerne-le-detroit-entre-lasie-et-lamerique-dans-une-lettre-traduite-de-lallemand-pouvant-servir-de-suit\/\",\"name\":\"ENGEL Samuel Remarques sur la partie de la relation du voyage du capitaine Cook, qui concerne le d\u00e9troit entre l'Asie et l'Am\u00e9rique, dans une lettre. Traduite de l'allemand, pouvant servir de suite au m\u00e9moire du m\u00eame auteur de 1779. - Libairie Clavreuil\",\"isPartOf\":{\"@id\":\"https:\/\/clavreuil-wordpress.logiciel-arteo.fr\/#website\"},\"primaryImageOfPage\":{\"@id\":\"https:\/\/clavreuil-wordpress.logiciel-arteo.fr\/en\/engel-samuel-remarques-sur-la-partie-de-la-relation-du-voyage-du-capitaine-cook-qui-concerne-le-detroit-entre-lasie-et-lamerique-dans-une-lettre-traduite-de-lallemand-pouvant-servir-de-suit\/#primaryimage\"},\"image\":{\"@id\":\"https:\/\/clavreuil-wordpress.logiciel-arteo.fr\/en\/engel-samuel-remarques-sur-la-partie-de-la-relation-du-voyage-du-capitaine-cook-qui-concerne-le-detroit-entre-lasie-et-lamerique-dans-une-lettre-traduite-de-lallemand-pouvant-servir-de-suit\/#primaryimage\"},\"thumbnailUrl\":\"https:\/\/clavreuil-wordpress.logiciel-arteo.fr\/wp-content\/uploads\/2024\/04\/samuel-engel-remarques-sur-la-partie-de-la-relation-du-voyage-du-capitaine-cook-qui-concerne-le-detroit-entre-l-asie-et-l-amerique-dans-une-lettre-tra-scaled.jpg\",\"datePublished\":\"2024-04-24T09:55:54+00:00\",\"dateModified\":\"2024-04-24T09:56:35+00:00\",\"breadcrumb\":{\"@id\":\"https:\/\/clavreuil-wordpress.logiciel-arteo.fr\/en\/engel-samuel-remarques-sur-la-partie-de-la-relation-du-voyage-du-capitaine-cook-qui-concerne-le-detroit-entre-lasie-et-lamerique-dans-une-lettre-traduite-de-lallemand-pouvant-servir-de-suit\/#breadcrumb\"},\"inLanguage\":\"en-US\",\"potentialAction\":[{\"@type\":\"ReadAction\",\"target\":[\"https:\/\/clavreuil-wordpress.logiciel-arteo.fr\/en\/engel-samuel-remarques-sur-la-partie-de-la-relation-du-voyage-du-capitaine-cook-qui-concerne-le-detroit-entre-lasie-et-lamerique-dans-une-lettre-traduite-de-lallemand-pouvant-servir-de-suit\/\"]}]},{\"@type\":\"ImageObject\",\"inLanguage\":\"en-US\",\"@id\":\"https:\/\/clavreuil-wordpress.logiciel-arteo.fr\/en\/engel-samuel-remarques-sur-la-partie-de-la-relation-du-voyage-du-capitaine-cook-qui-concerne-le-detroit-entre-lasie-et-lamerique-dans-une-lettre-traduite-de-lallemand-pouvant-servir-de-suit\/#primaryimage\",\"url\":\"https:\/\/clavreuil-wordpress.logiciel-arteo.fr\/wp-content\/uploads\/2024\/04\/samuel-engel-remarques-sur-la-partie-de-la-relation-du-voyage-du-capitaine-cook-qui-concerne-le-detroit-entre-l-asie-et-l-amerique-dans-une-lettre-tra-scaled.jpg\",\"contentUrl\":\"https:\/\/clavreuil-wordpress.logiciel-arteo.fr\/wp-content\/uploads\/2024\/04\/samuel-engel-remarques-sur-la-partie-de-la-relation-du-voyage-du-capitaine-cook-qui-concerne-le-detroit-entre-l-asie-et-l-amerique-dans-une-lettre-tra-scaled.jpg\",\"width\":2560,\"height\":1956},{\"@type\":\"BreadcrumbList\",\"@id\":\"https:\/\/clavreuil-wordpress.logiciel-arteo.fr\/en\/engel-samuel-remarques-sur-la-partie-de-la-relation-du-voyage-du-capitaine-cook-qui-concerne-le-detroit-entre-lasie-et-lamerique-dans-une-lettre-traduite-de-lallemand-pouvant-servir-de-suit\/#breadcrumb\",\"itemListElement\":[{\"@type\":\"ListItem\",\"position\":1,\"name\":\"Accueil\",\"item\":\"https:\/\/clavreuil-wordpress.logiciel-arteo.fr\/\"},{\"@type\":\"ListItem\",\"position\":2,\"name\":\"All our books\",\"item\":\"https:\/\/clavreuil-wordpress.logiciel-arteo.fr\/en\/all-our-books\/\"},{\"@type\":\"ListItem\",\"position\":3,\"name\":\"ENGEL Samuel Remarques sur la partie de la...\"}]},{\"@type\":\"WebSite\",\"@id\":\"https:\/\/clavreuil-wordpress.logiciel-arteo.fr\/#website\",\"url\":\"https:\/\/clavreuil-wordpress.logiciel-arteo.fr\/\",\"name\":\"Libairie Clavreuil\",\"description\":\"\",\"publisher\":{\"@id\":\"https:\/\/clavreuil-wordpress.logiciel-arteo.fr\/#organization\"},\"potentialAction\":[{\"@type\":\"SearchAction\",\"target\":{\"@type\":\"EntryPoint\",\"urlTemplate\":\"https:\/\/clavreuil-wordpress.logiciel-arteo.fr\/?s={search_term_string}\"},\"query-input\":{\"@type\":\"PropertyValueSpecification\",\"valueRequired\":true,\"valueName\":\"search_term_string\"}}],\"inLanguage\":\"en-US\"},{\"@type\":\"Organization\",\"@id\":\"https:\/\/clavreuil-wordpress.logiciel-arteo.fr\/#organization\",\"name\":\"Libairie Clavreuil\",\"url\":\"https:\/\/clavreuil-wordpress.logiciel-arteo.fr\/\",\"logo\":{\"@type\":\"ImageObject\",\"inLanguage\":\"en-US\",\"@id\":\"https:\/\/clavreuil-wordpress.logiciel-arteo.fr\/#\/schema\/logo\/image\/\",\"url\":\"https:\/\/clavreuil-wordpress.logiciel-arteo.fr\/wp-content\/uploads\/2021\/05\/LOGO_PNG_DATE-_gold.png\",\"contentUrl\":\"https:\/\/clavreuil-wordpress.logiciel-arteo.fr\/wp-content\/uploads\/2021\/05\/LOGO_PNG_DATE-_gold.png\",\"width\":2083,\"height\":1917,\"caption\":\"Libairie Clavreuil\"},\"image\":{\"@id\":\"https:\/\/clavreuil-wordpress.logiciel-arteo.fr\/#\/schema\/logo\/image\/\"}}]}<\/script>\n<!-- \/ Yoast SEO plugin. -->","yoast_head_json":{"title":"ENGEL Samuel Remarques sur la partie de la relation du voyage du capitaine Cook, qui concerne le d\u00e9troit entre l'Asie et l'Am\u00e9rique, dans une lettre. Traduite de l'allemand, pouvant servir de suite au m\u00e9moire du m\u00eame auteur de 1779. - Libairie Clavreuil","robots":{"index":"noindex","follow":"follow","max-snippet":"max-snippet:-1","max-image-preview":"max-image-preview:large","max-video-preview":"max-video-preview:-1"},"og_locale":"en_US","og_type":"article","og_title":"ENGEL Samuel Remarques sur la partie de la relation du voyage du capitaine Cook, qui concerne le d\u00e9troit entre l'Asie et l'Am\u00e9rique, dans une lettre. Traduite de l'allemand, pouvant servir de suite au m\u00e9moire du m\u00eame auteur de 1779. - Libairie Clavreuil","og_description":"4to (233 x 190 mm) title-page and 26 pp., 1 folding map with 2 maps coloured in outline. Modern calf backed boards, bound in style.","og_url":"https:\/\/clavreuil-wordpress.logiciel-arteo.fr\/en\/engel-samuel-remarques-sur-la-partie-de-la-relation-du-voyage-du-capitaine-cook-qui-concerne-le-detroit-entre-lasie-et-lamerique-dans-une-lettre-traduite-de-lallemand-pouvant-servir-de-suit\/","og_site_name":"Libairie Clavreuil","article_modified_time":"2024-04-24T09:56:35+00:00","og_image":[{"width":2560,"height":1956,"url":"https:\/\/clavreuil-wordpress.logiciel-arteo.fr\/wp-content\/uploads\/2024\/04\/samuel-engel-remarques-sur-la-partie-de-la-relation-du-voyage-du-capitaine-cook-qui-concerne-le-detroit-entre-l-asie-et-l-amerique-dans-une-lettre-tra-scaled.jpg","type":"image\/jpeg"}],"twitter_card":"summary_large_image","twitter_misc":{"Est. reading time":"2 minutes"},"schema":{"@context":"https:\/\/schema.org","@graph":[{"@type":"WebPage","@id":"https:\/\/clavreuil-wordpress.logiciel-arteo.fr\/en\/engel-samuel-remarques-sur-la-partie-de-la-relation-du-voyage-du-capitaine-cook-qui-concerne-le-detroit-entre-lasie-et-lamerique-dans-une-lettre-traduite-de-lallemand-pouvant-servir-de-suit\/","url":"https:\/\/clavreuil-wordpress.logiciel-arteo.fr\/en\/engel-samuel-remarques-sur-la-partie-de-la-relation-du-voyage-du-capitaine-cook-qui-concerne-le-detroit-entre-lasie-et-lamerique-dans-une-lettre-traduite-de-lallemand-pouvant-servir-de-suit\/","name":"ENGEL Samuel Remarques sur la partie de la relation du voyage du capitaine Cook, qui concerne le d\u00e9troit entre l'Asie et l'Am\u00e9rique, dans une lettre. Traduite de l'allemand, pouvant servir de suite au m\u00e9moire du m\u00eame auteur de 1779. - Libairie Clavreuil","isPartOf":{"@id":"https:\/\/clavreuil-wordpress.logiciel-arteo.fr\/#website"},"primaryImageOfPage":{"@id":"https:\/\/clavreuil-wordpress.logiciel-arteo.fr\/en\/engel-samuel-remarques-sur-la-partie-de-la-relation-du-voyage-du-capitaine-cook-qui-concerne-le-detroit-entre-lasie-et-lamerique-dans-une-lettre-traduite-de-lallemand-pouvant-servir-de-suit\/#primaryimage"},"image":{"@id":"https:\/\/clavreuil-wordpress.logiciel-arteo.fr\/en\/engel-samuel-remarques-sur-la-partie-de-la-relation-du-voyage-du-capitaine-cook-qui-concerne-le-detroit-entre-lasie-et-lamerique-dans-une-lettre-traduite-de-lallemand-pouvant-servir-de-suit\/#primaryimage"},"thumbnailUrl":"https:\/\/clavreuil-wordpress.logiciel-arteo.fr\/wp-content\/uploads\/2024\/04\/samuel-engel-remarques-sur-la-partie-de-la-relation-du-voyage-du-capitaine-cook-qui-concerne-le-detroit-entre-l-asie-et-l-amerique-dans-une-lettre-tra-scaled.jpg","datePublished":"2024-04-24T09:55:54+00:00","dateModified":"2024-04-24T09:56:35+00:00","breadcrumb":{"@id":"https:\/\/clavreuil-wordpress.logiciel-arteo.fr\/en\/engel-samuel-remarques-sur-la-partie-de-la-relation-du-voyage-du-capitaine-cook-qui-concerne-le-detroit-entre-lasie-et-lamerique-dans-une-lettre-traduite-de-lallemand-pouvant-servir-de-suit\/#breadcrumb"},"inLanguage":"en-US","potentialAction":[{"@type":"ReadAction","target":["https:\/\/clavreuil-wordpress.logiciel-arteo.fr\/en\/engel-samuel-remarques-sur-la-partie-de-la-relation-du-voyage-du-capitaine-cook-qui-concerne-le-detroit-entre-lasie-et-lamerique-dans-une-lettre-traduite-de-lallemand-pouvant-servir-de-suit\/"]}]},{"@type":"ImageObject","inLanguage":"en-US","@id":"https:\/\/clavreuil-wordpress.logiciel-arteo.fr\/en\/engel-samuel-remarques-sur-la-partie-de-la-relation-du-voyage-du-capitaine-cook-qui-concerne-le-detroit-entre-lasie-et-lamerique-dans-une-lettre-traduite-de-lallemand-pouvant-servir-de-suit\/#primaryimage","url":"https:\/\/clavreuil-wordpress.logiciel-arteo.fr\/wp-content\/uploads\/2024\/04\/samuel-engel-remarques-sur-la-partie-de-la-relation-du-voyage-du-capitaine-cook-qui-concerne-le-detroit-entre-l-asie-et-l-amerique-dans-une-lettre-tra-scaled.jpg","contentUrl":"https:\/\/clavreuil-wordpress.logiciel-arteo.fr\/wp-content\/uploads\/2024\/04\/samuel-engel-remarques-sur-la-partie-de-la-relation-du-voyage-du-capitaine-cook-qui-concerne-le-detroit-entre-l-asie-et-l-amerique-dans-une-lettre-tra-scaled.jpg","width":2560,"height":1956},{"@type":"BreadcrumbList","@id":"https:\/\/clavreuil-wordpress.logiciel-arteo.fr\/en\/engel-samuel-remarques-sur-la-partie-de-la-relation-du-voyage-du-capitaine-cook-qui-concerne-le-detroit-entre-lasie-et-lamerique-dans-une-lettre-traduite-de-lallemand-pouvant-servir-de-suit\/#breadcrumb","itemListElement":[{"@type":"ListItem","position":1,"name":"Accueil","item":"https:\/\/clavreuil-wordpress.logiciel-arteo.fr\/"},{"@type":"ListItem","position":2,"name":"All our books","item":"https:\/\/clavreuil-wordpress.logiciel-arteo.fr\/en\/all-our-books\/"},{"@type":"ListItem","position":3,"name":"ENGEL Samuel Remarques sur la partie de la..."}]},{"@type":"WebSite","@id":"https:\/\/clavreuil-wordpress.logiciel-arteo.fr\/#website","url":"https:\/\/clavreuil-wordpress.logiciel-arteo.fr\/","name":"Libairie Clavreuil","description":"","publisher":{"@id":"https:\/\/clavreuil-wordpress.logiciel-arteo.fr\/#organization"},"potentialAction":[{"@type":"SearchAction","target":{"@type":"EntryPoint","urlTemplate":"https:\/\/clavreuil-wordpress.logiciel-arteo.fr\/?s={search_term_string}"},"query-input":{"@type":"PropertyValueSpecification","valueRequired":true,"valueName":"search_term_string"}}],"inLanguage":"en-US"},{"@type":"Organization","@id":"https:\/\/clavreuil-wordpress.logiciel-arteo.fr\/#organization","name":"Libairie Clavreuil","url":"https:\/\/clavreuil-wordpress.logiciel-arteo.fr\/","logo":{"@type":"ImageObject","inLanguage":"en-US","@id":"https:\/\/clavreuil-wordpress.logiciel-arteo.fr\/#\/schema\/logo\/image\/","url":"https:\/\/clavreuil-wordpress.logiciel-arteo.fr\/wp-content\/uploads\/2021\/05\/LOGO_PNG_DATE-_gold.png","contentUrl":"https:\/\/clavreuil-wordpress.logiciel-arteo.fr\/wp-content\/uploads\/2021\/05\/LOGO_PNG_DATE-_gold.png","width":2083,"height":1917,"caption":"Libairie Clavreuil"},"image":{"@id":"https:\/\/clavreuil-wordpress.logiciel-arteo.fr\/#\/schema\/logo\/image\/"}}]}},"_links":{"self":[{"href":"https:\/\/clavreuil-wordpress.logiciel-arteo.fr\/en\/wp-json\/wp\/v2\/product\/75015","targetHints":{"allow":["GET"]}}],"collection":[{"href":"https:\/\/clavreuil-wordpress.logiciel-arteo.fr\/en\/wp-json\/wp\/v2\/product"}],"about":[{"href":"https:\/\/clavreuil-wordpress.logiciel-arteo.fr\/en\/wp-json\/wp\/v2\/types\/product"}],"replies":[{"embeddable":true,"href":"https:\/\/clavreuil-wordpress.logiciel-arteo.fr\/en\/wp-json\/wp\/v2\/comments?post=75015"}],"wp:featuredmedia":[{"embeddable":true,"href":"https:\/\/clavreuil-wordpress.logiciel-arteo.fr\/en\/wp-json\/wp\/v2\/media\/75008"}],"wp:attachment":[{"href":"https:\/\/clavreuil-wordpress.logiciel-arteo.fr\/en\/wp-json\/wp\/v2\/media?parent=75015"}],"wp:term":[{"taxonomy":"product_brand","embeddable":true,"href":"https:\/\/clavreuil-wordpress.logiciel-arteo.fr\/en\/wp-json\/wp\/v2\/product_brand?post=75015"},{"taxonomy":"product_cat","embeddable":true,"href":"https:\/\/clavreuil-wordpress.logiciel-arteo.fr\/en\/wp-json\/wp\/v2\/product_cat?post=75015"},{"taxonomy":"product_tag","embeddable":true,"href":"https:\/\/clavreuil-wordpress.logiciel-arteo.fr\/en\/wp-json\/wp\/v2\/product_tag?post=75015"}],"curies":[{"name":"wp","href":"https:\/\/api.w.org\/{rel}","templated":true}]}}