{"id":75019,"date":"2024-04-24T11:56:48","date_gmt":"2024-04-24T09:56:48","guid":{"rendered":"https:\/\/clavreuil-wordpress.logiciel-arteo.fr\/mariner-william-voyage-aux-iles-des-amis-situees-dans-locean-pacifique-fait-dans-les-annees-1805-a-1810-avec-lhistoire-des-habitans-depuis-leur-decouverte-par-le-capitaine-cook\/"},"modified":"2024-04-24T11:57:15","modified_gmt":"2024-04-24T09:57:15","slug":"mariner-william-voyage-aux-iles-des-amis-situees-dans-locean-pacifique-fait-dans-les-annees-1805-a-1810-avec-lhistoire-des-habitans-depuis-leur-decouverte-par-le-capitaine-cook","status":"publish","type":"product","link":"https:\/\/clavreuil-wordpress.logiciel-arteo.fr\/en\/mariner-william-voyage-aux-iles-des-amis-situees-dans-locean-pacifique-fait-dans-les-annees-1805-a-1810-avec-lhistoire-des-habitans-depuis-leur-decouverte-par-le-capitaine-cook\/","title":{"rendered":"MARINER William Voyage aux \u00celes des Amis situ\u00e9es..."},"content":{"rendered":"<p><em>See Hill, 1075; Forbes, 468.<\/em><\/p>\n<p>New issue of the first French translation with a new title, first published in the year of the first English edition (1817) under the title&nbsp;<em>Histoire des naturels des &Icirc;les Tonga<\/em>.<\/p>\n<p>This is an important account of the Tonga Islands by the Englishman William Charles Mariner (1791-1853), who lived in Tonga for four years. As a young sailor, Mariner sailed aboard the privateer <em>Porte au Prince<\/em> to the New World with the aim of attacking Spanish ships and searching for whales. After seizing several Spanish ships, several Hawaiians joined the crew in 1806. Their visit to the Tonga Islands proved fatal: almost the entire crew was massacred by the natives (ironically, James Cook had nicknamed Tonga the &quot;Friendly Islands&quot;). The author, however, survived and lived there from around 1806 to 1810, observing and recording Tongan culture with a keen eye for detail. The second volume includes interesting notes on James Cook, who, with his crew, received a friendly welcome there.<\/p>\n<p>We have been unable to find any trace of this title in specialist bibliographies. A very good copy, entirely untrimmed.<\/p>\n","protected":false},"excerpt":{"rendered":"<p>2 volumes, 8vo (215 x 140 mm) 398 pp., 1 nn.l. bookseller&#039;s catalogue for volume I; 398 pp. for volume II. Original mustard colored&nbsp; wrappers with printed labels, modern slipcases.<\/p>\n","protected":false},"featured_media":75016,"comment_status":"open","ping_status":"closed","template":"","meta":{"_acf_changed":false},"product_brand":[],"product_cat":[552],"product_tag":[1409],"class_list":{"0":"post-75019","1":"product","2":"type-product","3":"status-publish","4":"has-post-thumbnail","6":"product_cat-travel","7":"product_tag-oceania","8":"pa_auteur-william-mariner-2","9":"pa_type-de-livre-printed-book","11":"first","12":"instock","13":"shipping-taxable","14":"purchasable","15":"product-type-simple"},"acf":[],"yoast_head":"<!-- This site is optimized with the Yoast SEO plugin v24.3 - https:\/\/yoast.com\/wordpress\/plugins\/seo\/ -->\n<title>MARINER William Voyage aux \u00celes des Amis situ\u00e9es dans l&#039;oc\u00e9an Pacifique, fait dans les ann\u00e9es 1805 \u00e0 1810, avec l&#039;histoire des habitans depuis leur d\u00e9couverte par le capitaine Cook. - Libairie Clavreuil<\/title>\n<meta name=\"robots\" content=\"noindex, follow, max-snippet:-1, max-image-preview:large, max-video-preview:-1\" \/>\n<meta property=\"og:locale\" content=\"en_US\" \/>\n<meta property=\"og:type\" content=\"article\" \/>\n<meta property=\"og:title\" content=\"MARINER William Voyage aux \u00celes des Amis situ\u00e9es dans l&#039;oc\u00e9an Pacifique, fait dans les ann\u00e9es 1805 \u00e0 1810, avec l&#039;histoire des habitans depuis leur d\u00e9couverte par le capitaine Cook. - Libairie Clavreuil\" \/>\n<meta property=\"og:description\" content=\"2 volumes, 8vo (215 x 140 mm) 398 pp., 1 nn.l. bookseller&#039;s catalogue for volume I; 398 pp. for volume II. Original mustard colored&nbsp; wrappers with printed labels, modern slipcases.\" \/>\n<meta property=\"og:url\" content=\"https:\/\/clavreuil-wordpress.logiciel-arteo.fr\/en\/mariner-william-voyage-aux-iles-des-amis-situees-dans-locean-pacifique-fait-dans-les-annees-1805-a-1810-avec-lhistoire-des-habitans-depuis-leur-decouverte-par-le-capitaine-cook\/\" \/>\n<meta property=\"og:site_name\" content=\"Libairie Clavreuil\" \/>\n<meta property=\"article:modified_time\" content=\"2024-04-24T09:57:15+00:00\" \/>\n<meta property=\"og:image\" content=\"https:\/\/clavreuil-wordpress.logiciel-arteo.fr\/wp-content\/uploads\/2024\/04\/william-mariner-voyage-aux-iles-des-amis-situees-dans-l-ocean-pacifique-fait-dans-les-annees-1805-a-1810-avec-l-histoire-des-habitans-depuis-leur-deco-scaled.jpg\" \/>\n\t<meta property=\"og:image:width\" content=\"1920\" \/>\n\t<meta property=\"og:image:height\" content=\"2560\" \/>\n\t<meta property=\"og:image:type\" content=\"image\/jpeg\" \/>\n<meta name=\"twitter:card\" content=\"summary_large_image\" \/>\n<meta name=\"twitter:label1\" content=\"Est. reading time\" \/>\n\t<meta name=\"twitter:data1\" content=\"1 minute\" \/>\n<script type=\"application\/ld+json\" class=\"yoast-schema-graph\">{\"@context\":\"https:\/\/schema.org\",\"@graph\":[{\"@type\":\"WebPage\",\"@id\":\"https:\/\/clavreuil-wordpress.logiciel-arteo.fr\/en\/mariner-william-voyage-aux-iles-des-amis-situees-dans-locean-pacifique-fait-dans-les-annees-1805-a-1810-avec-lhistoire-des-habitans-depuis-leur-decouverte-par-le-capitaine-cook\/\",\"url\":\"https:\/\/clavreuil-wordpress.logiciel-arteo.fr\/en\/mariner-william-voyage-aux-iles-des-amis-situees-dans-locean-pacifique-fait-dans-les-annees-1805-a-1810-avec-lhistoire-des-habitans-depuis-leur-decouverte-par-le-capitaine-cook\/\",\"name\":\"MARINER William Voyage aux \u00celes des Amis situ\u00e9es dans l'oc\u00e9an Pacifique, fait dans les ann\u00e9es 1805 \u00e0 1810, avec l'histoire des habitans depuis leur d\u00e9couverte par le capitaine Cook. - Libairie Clavreuil\",\"isPartOf\":{\"@id\":\"https:\/\/clavreuil-wordpress.logiciel-arteo.fr\/#website\"},\"primaryImageOfPage\":{\"@id\":\"https:\/\/clavreuil-wordpress.logiciel-arteo.fr\/en\/mariner-william-voyage-aux-iles-des-amis-situees-dans-locean-pacifique-fait-dans-les-annees-1805-a-1810-avec-lhistoire-des-habitans-depuis-leur-decouverte-par-le-capitaine-cook\/#primaryimage\"},\"image\":{\"@id\":\"https:\/\/clavreuil-wordpress.logiciel-arteo.fr\/en\/mariner-william-voyage-aux-iles-des-amis-situees-dans-locean-pacifique-fait-dans-les-annees-1805-a-1810-avec-lhistoire-des-habitans-depuis-leur-decouverte-par-le-capitaine-cook\/#primaryimage\"},\"thumbnailUrl\":\"https:\/\/clavreuil-wordpress.logiciel-arteo.fr\/wp-content\/uploads\/2024\/04\/william-mariner-voyage-aux-iles-des-amis-situees-dans-l-ocean-pacifique-fait-dans-les-annees-1805-a-1810-avec-l-histoire-des-habitans-depuis-leur-deco-scaled.jpg\",\"datePublished\":\"2024-04-24T09:56:48+00:00\",\"dateModified\":\"2024-04-24T09:57:15+00:00\",\"breadcrumb\":{\"@id\":\"https:\/\/clavreuil-wordpress.logiciel-arteo.fr\/en\/mariner-william-voyage-aux-iles-des-amis-situees-dans-locean-pacifique-fait-dans-les-annees-1805-a-1810-avec-lhistoire-des-habitans-depuis-leur-decouverte-par-le-capitaine-cook\/#breadcrumb\"},\"inLanguage\":\"en-US\",\"potentialAction\":[{\"@type\":\"ReadAction\",\"target\":[\"https:\/\/clavreuil-wordpress.logiciel-arteo.fr\/en\/mariner-william-voyage-aux-iles-des-amis-situees-dans-locean-pacifique-fait-dans-les-annees-1805-a-1810-avec-lhistoire-des-habitans-depuis-leur-decouverte-par-le-capitaine-cook\/\"]}]},{\"@type\":\"ImageObject\",\"inLanguage\":\"en-US\",\"@id\":\"https:\/\/clavreuil-wordpress.logiciel-arteo.fr\/en\/mariner-william-voyage-aux-iles-des-amis-situees-dans-locean-pacifique-fait-dans-les-annees-1805-a-1810-avec-lhistoire-des-habitans-depuis-leur-decouverte-par-le-capitaine-cook\/#primaryimage\",\"url\":\"https:\/\/clavreuil-wordpress.logiciel-arteo.fr\/wp-content\/uploads\/2024\/04\/william-mariner-voyage-aux-iles-des-amis-situees-dans-l-ocean-pacifique-fait-dans-les-annees-1805-a-1810-avec-l-histoire-des-habitans-depuis-leur-deco-scaled.jpg\",\"contentUrl\":\"https:\/\/clavreuil-wordpress.logiciel-arteo.fr\/wp-content\/uploads\/2024\/04\/william-mariner-voyage-aux-iles-des-amis-situees-dans-l-ocean-pacifique-fait-dans-les-annees-1805-a-1810-avec-l-histoire-des-habitans-depuis-leur-deco-scaled.jpg\",\"width\":1920,\"height\":2560},{\"@type\":\"BreadcrumbList\",\"@id\":\"https:\/\/clavreuil-wordpress.logiciel-arteo.fr\/en\/mariner-william-voyage-aux-iles-des-amis-situees-dans-locean-pacifique-fait-dans-les-annees-1805-a-1810-avec-lhistoire-des-habitans-depuis-leur-decouverte-par-le-capitaine-cook\/#breadcrumb\",\"itemListElement\":[{\"@type\":\"ListItem\",\"position\":1,\"name\":\"Accueil\",\"item\":\"https:\/\/clavreuil-wordpress.logiciel-arteo.fr\/\"},{\"@type\":\"ListItem\",\"position\":2,\"name\":\"All our books\",\"item\":\"https:\/\/clavreuil-wordpress.logiciel-arteo.fr\/en\/all-our-books\/\"},{\"@type\":\"ListItem\",\"position\":3,\"name\":\"MARINER William Voyage aux \u00celes des Amis situ\u00e9es...\"}]},{\"@type\":\"WebSite\",\"@id\":\"https:\/\/clavreuil-wordpress.logiciel-arteo.fr\/#website\",\"url\":\"https:\/\/clavreuil-wordpress.logiciel-arteo.fr\/\",\"name\":\"Libairie Clavreuil\",\"description\":\"\",\"publisher\":{\"@id\":\"https:\/\/clavreuil-wordpress.logiciel-arteo.fr\/#organization\"},\"potentialAction\":[{\"@type\":\"SearchAction\",\"target\":{\"@type\":\"EntryPoint\",\"urlTemplate\":\"https:\/\/clavreuil-wordpress.logiciel-arteo.fr\/?s={search_term_string}\"},\"query-input\":{\"@type\":\"PropertyValueSpecification\",\"valueRequired\":true,\"valueName\":\"search_term_string\"}}],\"inLanguage\":\"en-US\"},{\"@type\":\"Organization\",\"@id\":\"https:\/\/clavreuil-wordpress.logiciel-arteo.fr\/#organization\",\"name\":\"Libairie Clavreuil\",\"url\":\"https:\/\/clavreuil-wordpress.logiciel-arteo.fr\/\",\"logo\":{\"@type\":\"ImageObject\",\"inLanguage\":\"en-US\",\"@id\":\"https:\/\/clavreuil-wordpress.logiciel-arteo.fr\/#\/schema\/logo\/image\/\",\"url\":\"https:\/\/clavreuil-wordpress.logiciel-arteo.fr\/wp-content\/uploads\/2021\/05\/LOGO_PNG_DATE-_gold.png\",\"contentUrl\":\"https:\/\/clavreuil-wordpress.logiciel-arteo.fr\/wp-content\/uploads\/2021\/05\/LOGO_PNG_DATE-_gold.png\",\"width\":2083,\"height\":1917,\"caption\":\"Libairie Clavreuil\"},\"image\":{\"@id\":\"https:\/\/clavreuil-wordpress.logiciel-arteo.fr\/#\/schema\/logo\/image\/\"}}]}<\/script>\n<!-- \/ Yoast SEO plugin. -->","yoast_head_json":{"title":"MARINER William Voyage aux \u00celes des Amis situ\u00e9es dans l'oc\u00e9an Pacifique, fait dans les ann\u00e9es 1805 \u00e0 1810, avec l'histoire des habitans depuis leur d\u00e9couverte par le capitaine Cook. - Libairie Clavreuil","robots":{"index":"noindex","follow":"follow","max-snippet":"max-snippet:-1","max-image-preview":"max-image-preview:large","max-video-preview":"max-video-preview:-1"},"og_locale":"en_US","og_type":"article","og_title":"MARINER William Voyage aux \u00celes des Amis situ\u00e9es dans l'oc\u00e9an Pacifique, fait dans les ann\u00e9es 1805 \u00e0 1810, avec l'histoire des habitans depuis leur d\u00e9couverte par le capitaine Cook. - Libairie Clavreuil","og_description":"2 volumes, 8vo (215 x 140 mm) 398 pp., 1 nn.l. bookseller&#039;s catalogue for volume I; 398 pp. for volume II. Original mustard colored&nbsp; wrappers with printed labels, modern slipcases.","og_url":"https:\/\/clavreuil-wordpress.logiciel-arteo.fr\/en\/mariner-william-voyage-aux-iles-des-amis-situees-dans-locean-pacifique-fait-dans-les-annees-1805-a-1810-avec-lhistoire-des-habitans-depuis-leur-decouverte-par-le-capitaine-cook\/","og_site_name":"Libairie Clavreuil","article_modified_time":"2024-04-24T09:57:15+00:00","og_image":[{"width":1920,"height":2560,"url":"https:\/\/clavreuil-wordpress.logiciel-arteo.fr\/wp-content\/uploads\/2024\/04\/william-mariner-voyage-aux-iles-des-amis-situees-dans-l-ocean-pacifique-fait-dans-les-annees-1805-a-1810-avec-l-histoire-des-habitans-depuis-leur-deco-scaled.jpg","type":"image\/jpeg"}],"twitter_card":"summary_large_image","twitter_misc":{"Est. reading time":"1 minute"},"schema":{"@context":"https:\/\/schema.org","@graph":[{"@type":"WebPage","@id":"https:\/\/clavreuil-wordpress.logiciel-arteo.fr\/en\/mariner-william-voyage-aux-iles-des-amis-situees-dans-locean-pacifique-fait-dans-les-annees-1805-a-1810-avec-lhistoire-des-habitans-depuis-leur-decouverte-par-le-capitaine-cook\/","url":"https:\/\/clavreuil-wordpress.logiciel-arteo.fr\/en\/mariner-william-voyage-aux-iles-des-amis-situees-dans-locean-pacifique-fait-dans-les-annees-1805-a-1810-avec-lhistoire-des-habitans-depuis-leur-decouverte-par-le-capitaine-cook\/","name":"MARINER William Voyage aux \u00celes des Amis situ\u00e9es dans l'oc\u00e9an Pacifique, fait dans les ann\u00e9es 1805 \u00e0 1810, avec l'histoire des habitans depuis leur d\u00e9couverte par le capitaine Cook. - Libairie Clavreuil","isPartOf":{"@id":"https:\/\/clavreuil-wordpress.logiciel-arteo.fr\/#website"},"primaryImageOfPage":{"@id":"https:\/\/clavreuil-wordpress.logiciel-arteo.fr\/en\/mariner-william-voyage-aux-iles-des-amis-situees-dans-locean-pacifique-fait-dans-les-annees-1805-a-1810-avec-lhistoire-des-habitans-depuis-leur-decouverte-par-le-capitaine-cook\/#primaryimage"},"image":{"@id":"https:\/\/clavreuil-wordpress.logiciel-arteo.fr\/en\/mariner-william-voyage-aux-iles-des-amis-situees-dans-locean-pacifique-fait-dans-les-annees-1805-a-1810-avec-lhistoire-des-habitans-depuis-leur-decouverte-par-le-capitaine-cook\/#primaryimage"},"thumbnailUrl":"https:\/\/clavreuil-wordpress.logiciel-arteo.fr\/wp-content\/uploads\/2024\/04\/william-mariner-voyage-aux-iles-des-amis-situees-dans-l-ocean-pacifique-fait-dans-les-annees-1805-a-1810-avec-l-histoire-des-habitans-depuis-leur-deco-scaled.jpg","datePublished":"2024-04-24T09:56:48+00:00","dateModified":"2024-04-24T09:57:15+00:00","breadcrumb":{"@id":"https:\/\/clavreuil-wordpress.logiciel-arteo.fr\/en\/mariner-william-voyage-aux-iles-des-amis-situees-dans-locean-pacifique-fait-dans-les-annees-1805-a-1810-avec-lhistoire-des-habitans-depuis-leur-decouverte-par-le-capitaine-cook\/#breadcrumb"},"inLanguage":"en-US","potentialAction":[{"@type":"ReadAction","target":["https:\/\/clavreuil-wordpress.logiciel-arteo.fr\/en\/mariner-william-voyage-aux-iles-des-amis-situees-dans-locean-pacifique-fait-dans-les-annees-1805-a-1810-avec-lhistoire-des-habitans-depuis-leur-decouverte-par-le-capitaine-cook\/"]}]},{"@type":"ImageObject","inLanguage":"en-US","@id":"https:\/\/clavreuil-wordpress.logiciel-arteo.fr\/en\/mariner-william-voyage-aux-iles-des-amis-situees-dans-locean-pacifique-fait-dans-les-annees-1805-a-1810-avec-lhistoire-des-habitans-depuis-leur-decouverte-par-le-capitaine-cook\/#primaryimage","url":"https:\/\/clavreuil-wordpress.logiciel-arteo.fr\/wp-content\/uploads\/2024\/04\/william-mariner-voyage-aux-iles-des-amis-situees-dans-l-ocean-pacifique-fait-dans-les-annees-1805-a-1810-avec-l-histoire-des-habitans-depuis-leur-deco-scaled.jpg","contentUrl":"https:\/\/clavreuil-wordpress.logiciel-arteo.fr\/wp-content\/uploads\/2024\/04\/william-mariner-voyage-aux-iles-des-amis-situees-dans-l-ocean-pacifique-fait-dans-les-annees-1805-a-1810-avec-l-histoire-des-habitans-depuis-leur-deco-scaled.jpg","width":1920,"height":2560},{"@type":"BreadcrumbList","@id":"https:\/\/clavreuil-wordpress.logiciel-arteo.fr\/en\/mariner-william-voyage-aux-iles-des-amis-situees-dans-locean-pacifique-fait-dans-les-annees-1805-a-1810-avec-lhistoire-des-habitans-depuis-leur-decouverte-par-le-capitaine-cook\/#breadcrumb","itemListElement":[{"@type":"ListItem","position":1,"name":"Accueil","item":"https:\/\/clavreuil-wordpress.logiciel-arteo.fr\/"},{"@type":"ListItem","position":2,"name":"All our books","item":"https:\/\/clavreuil-wordpress.logiciel-arteo.fr\/en\/all-our-books\/"},{"@type":"ListItem","position":3,"name":"MARINER William Voyage aux \u00celes des Amis situ\u00e9es..."}]},{"@type":"WebSite","@id":"https:\/\/clavreuil-wordpress.logiciel-arteo.fr\/#website","url":"https:\/\/clavreuil-wordpress.logiciel-arteo.fr\/","name":"Libairie Clavreuil","description":"","publisher":{"@id":"https:\/\/clavreuil-wordpress.logiciel-arteo.fr\/#organization"},"potentialAction":[{"@type":"SearchAction","target":{"@type":"EntryPoint","urlTemplate":"https:\/\/clavreuil-wordpress.logiciel-arteo.fr\/?s={search_term_string}"},"query-input":{"@type":"PropertyValueSpecification","valueRequired":true,"valueName":"search_term_string"}}],"inLanguage":"en-US"},{"@type":"Organization","@id":"https:\/\/clavreuil-wordpress.logiciel-arteo.fr\/#organization","name":"Libairie Clavreuil","url":"https:\/\/clavreuil-wordpress.logiciel-arteo.fr\/","logo":{"@type":"ImageObject","inLanguage":"en-US","@id":"https:\/\/clavreuil-wordpress.logiciel-arteo.fr\/#\/schema\/logo\/image\/","url":"https:\/\/clavreuil-wordpress.logiciel-arteo.fr\/wp-content\/uploads\/2021\/05\/LOGO_PNG_DATE-_gold.png","contentUrl":"https:\/\/clavreuil-wordpress.logiciel-arteo.fr\/wp-content\/uploads\/2021\/05\/LOGO_PNG_DATE-_gold.png","width":2083,"height":1917,"caption":"Libairie Clavreuil"},"image":{"@id":"https:\/\/clavreuil-wordpress.logiciel-arteo.fr\/#\/schema\/logo\/image\/"}}]}},"_links":{"self":[{"href":"https:\/\/clavreuil-wordpress.logiciel-arteo.fr\/en\/wp-json\/wp\/v2\/product\/75019","targetHints":{"allow":["GET"]}}],"collection":[{"href":"https:\/\/clavreuil-wordpress.logiciel-arteo.fr\/en\/wp-json\/wp\/v2\/product"}],"about":[{"href":"https:\/\/clavreuil-wordpress.logiciel-arteo.fr\/en\/wp-json\/wp\/v2\/types\/product"}],"replies":[{"embeddable":true,"href":"https:\/\/clavreuil-wordpress.logiciel-arteo.fr\/en\/wp-json\/wp\/v2\/comments?post=75019"}],"wp:featuredmedia":[{"embeddable":true,"href":"https:\/\/clavreuil-wordpress.logiciel-arteo.fr\/en\/wp-json\/wp\/v2\/media\/75016"}],"wp:attachment":[{"href":"https:\/\/clavreuil-wordpress.logiciel-arteo.fr\/en\/wp-json\/wp\/v2\/media?parent=75019"}],"wp:term":[{"taxonomy":"product_brand","embeddable":true,"href":"https:\/\/clavreuil-wordpress.logiciel-arteo.fr\/en\/wp-json\/wp\/v2\/product_brand?post=75019"},{"taxonomy":"product_cat","embeddable":true,"href":"https:\/\/clavreuil-wordpress.logiciel-arteo.fr\/en\/wp-json\/wp\/v2\/product_cat?post=75019"},{"taxonomy":"product_tag","embeddable":true,"href":"https:\/\/clavreuil-wordpress.logiciel-arteo.fr\/en\/wp-json\/wp\/v2\/product_tag?post=75019"}],"curies":[{"name":"wp","href":"https:\/\/api.w.org\/{rel}","templated":true}]}}