{"id":75039,"date":"2024-04-24T11:58:34","date_gmt":"2024-04-24T09:58:34","guid":{"rendered":"https:\/\/clavreuil-wordpress.logiciel-arteo.fr\/guignes-louis-joseph-de-voyages-a-peking-manille-et-lile-de-france-faits-dans-lintervalle-des-annees-1784-a-1801\/"},"modified":"2024-04-24T11:59:35","modified_gmt":"2024-04-24T09:59:35","slug":"guignes-louis-joseph-de-voyages-a-peking-manille-et-lile-de-france-faits-dans-lintervalle-des-annees-1784-a-1801","status":"publish","type":"product","link":"https:\/\/clavreuil-wordpress.logiciel-arteo.fr\/en\/guignes-louis-joseph-de-voyages-a-peking-manille-et-lile-de-france-faits-dans-lintervalle-des-annees-1784-a-1801\/","title":{"rendered":"GUIGNES Louis-Joseph de Voyages \u00e0 P\u00e9king, Manille, et..."},"content":{"rendered":"<p><em>Cordier, Bibl. Sinica, 2351 ; Lust 336 (without the atlas) ; Gay, 3307 ; Pardo de Tavera, 1287.<\/em><\/p>\n<p>First edition.<\/p>\n<p>Important report written by the French orientalist and sinologist, Chr&eacute;tien-Louis-Joseph de Guignes (1759-1845), son of the orientalist Joseph de Guignes, who had taught him Chinese. A correspondent of the Acad&eacute;mie des Sciences and the Acad&eacute;mie des Inscriptions et Belles-Lettres, the young Guignes is the author of an important dictionary, the <em>Dictionnaire Chinois-Fran&ccedil;ais et Latin<\/em>&nbsp;(1813).<\/p>\n<p>Appointed French consul in Canton in 1784, de Guignes resided in China until 1801, before returning to France. In 1793-1794, he accompanied the Dutch ambassador to Peking as an interpreter and was received on this occasion in the famous and sumptuous Summer Palace, which was destroyed by Lord Elgin&#039;s punitive expedition in 1860.<\/p>\n<p>This work, a detailed and truthful account of the Dutch diplomatic mission, is the last European account of classical China before the Opium Wars and the westernisation of the empire. The atlas, of great interest, contains 66 plates with 98 beautiful figures, some of them engraved on copper by De S&egrave;ve after drawings made by the author during the embassy: views, monuments, festivals, procession, description of the Summer Palace, carriages, boats, civil and military costumes, trades, plants, deities, etc.; a music plate and 6 maps (China, Macao, Philippines, Manila Bay), 4 of them folding, complete the illustration. A very good copy, complete with text and atlas.<\/p>\n","protected":false},"excerpt":{"rendered":"<p>3 text volumes, 8vo (198 x 126 mm) 2 nn.ll., LXIII, 439 pp. for volume I; 2 nn.ll., 476 pp. for volume II ; 2 nn.ll., 488 pp. for volume III ; the atlas with 2 nn.ll., 98 plates (numbered 1-97, 93\/2) and printed on 66 sheets include maps and other illustrations. Mid 19th century purple coloured sheep, flat spine, gilt, speckled edges.<\/p>\n","protected":false},"featured_media":75028,"comment_status":"open","ping_status":"closed","template":"","meta":{"_acf_changed":false},"product_brand":[],"product_cat":[552],"product_tag":[1383],"class_list":{"0":"post-75039","1":"product","2":"type-product","3":"status-publish","4":"has-post-thumbnail","6":"product_cat-travel","7":"product_tag-china","8":"pa_auteur-louis-joseph-de-guignes-2","9":"pa_type-de-livre-printed-book","11":"first","12":"instock","13":"shipping-taxable","14":"purchasable","15":"product-type-simple"},"acf":[],"yoast_head":"<!-- This site is optimized with the Yoast SEO plugin v24.3 - https:\/\/yoast.com\/wordpress\/plugins\/seo\/ -->\n<title>GUIGNES Louis-Joseph de Voyages \u00e0 P\u00e9king, Manille, et l&#039;Ile de France, faits dans l&#039;intervalle des ann\u00e9es 1784 \u00e0 1801. - Libairie Clavreuil<\/title>\n<meta name=\"robots\" content=\"noindex, follow, max-snippet:-1, max-image-preview:large, max-video-preview:-1\" \/>\n<meta property=\"og:locale\" content=\"en_US\" \/>\n<meta property=\"og:type\" content=\"article\" \/>\n<meta property=\"og:title\" content=\"GUIGNES Louis-Joseph de Voyages \u00e0 P\u00e9king, Manille, et l&#039;Ile de France, faits dans l&#039;intervalle des ann\u00e9es 1784 \u00e0 1801. - Libairie Clavreuil\" \/>\n<meta property=\"og:description\" content=\"3 text volumes, 8vo (198 x 126 mm) 2 nn.ll., LXIII, 439 pp. for volume I; 2 nn.ll., 476 pp. for volume II ; 2 nn.ll., 488 pp. for volume III ; the atlas with 2 nn.ll., 98 plates (numbered 1-97, 93\/2) and printed on 66 sheets include maps and other illustrations. Mid 19th century purple coloured sheep, flat spine, gilt, speckled edges.\" \/>\n<meta property=\"og:url\" content=\"https:\/\/clavreuil-wordpress.logiciel-arteo.fr\/en\/guignes-louis-joseph-de-voyages-a-peking-manille-et-lile-de-france-faits-dans-lintervalle-des-annees-1784-a-1801\/\" \/>\n<meta property=\"og:site_name\" content=\"Libairie Clavreuil\" \/>\n<meta property=\"article:modified_time\" content=\"2024-04-24T09:59:35+00:00\" \/>\n<meta property=\"og:image\" content=\"https:\/\/clavreuil-wordpress.logiciel-arteo.fr\/wp-content\/uploads\/2024\/04\/louis-joseph-de-guignes-voyages-a-peking-manille-et-l-ile-de-france-faits-dans-l-intervalle-des-annees-1784-a-1801-7264-65f48d2a79fd6-scaled.jpg\" \/>\n\t<meta property=\"og:image:width\" content=\"2560\" \/>\n\t<meta property=\"og:image:height\" content=\"1702\" \/>\n\t<meta property=\"og:image:type\" content=\"image\/jpeg\" \/>\n<meta name=\"twitter:card\" content=\"summary_large_image\" \/>\n<meta name=\"twitter:label1\" content=\"Est. reading time\" \/>\n\t<meta name=\"twitter:data1\" content=\"1 minute\" \/>\n<script type=\"application\/ld+json\" class=\"yoast-schema-graph\">{\"@context\":\"https:\/\/schema.org\",\"@graph\":[{\"@type\":\"WebPage\",\"@id\":\"https:\/\/clavreuil-wordpress.logiciel-arteo.fr\/en\/guignes-louis-joseph-de-voyages-a-peking-manille-et-lile-de-france-faits-dans-lintervalle-des-annees-1784-a-1801\/\",\"url\":\"https:\/\/clavreuil-wordpress.logiciel-arteo.fr\/en\/guignes-louis-joseph-de-voyages-a-peking-manille-et-lile-de-france-faits-dans-lintervalle-des-annees-1784-a-1801\/\",\"name\":\"GUIGNES Louis-Joseph de Voyages \u00e0 P\u00e9king, Manille, et l'Ile de France, faits dans l'intervalle des ann\u00e9es 1784 \u00e0 1801. - Libairie Clavreuil\",\"isPartOf\":{\"@id\":\"https:\/\/clavreuil-wordpress.logiciel-arteo.fr\/#website\"},\"primaryImageOfPage\":{\"@id\":\"https:\/\/clavreuil-wordpress.logiciel-arteo.fr\/en\/guignes-louis-joseph-de-voyages-a-peking-manille-et-lile-de-france-faits-dans-lintervalle-des-annees-1784-a-1801\/#primaryimage\"},\"image\":{\"@id\":\"https:\/\/clavreuil-wordpress.logiciel-arteo.fr\/en\/guignes-louis-joseph-de-voyages-a-peking-manille-et-lile-de-france-faits-dans-lintervalle-des-annees-1784-a-1801\/#primaryimage\"},\"thumbnailUrl\":\"https:\/\/clavreuil-wordpress.logiciel-arteo.fr\/wp-content\/uploads\/2024\/04\/louis-joseph-de-guignes-voyages-a-peking-manille-et-l-ile-de-france-faits-dans-l-intervalle-des-annees-1784-a-1801-7264-65f48d2a79fd6-scaled.jpg\",\"datePublished\":\"2024-04-24T09:58:34+00:00\",\"dateModified\":\"2024-04-24T09:59:35+00:00\",\"breadcrumb\":{\"@id\":\"https:\/\/clavreuil-wordpress.logiciel-arteo.fr\/en\/guignes-louis-joseph-de-voyages-a-peking-manille-et-lile-de-france-faits-dans-lintervalle-des-annees-1784-a-1801\/#breadcrumb\"},\"inLanguage\":\"en-US\",\"potentialAction\":[{\"@type\":\"ReadAction\",\"target\":[\"https:\/\/clavreuil-wordpress.logiciel-arteo.fr\/en\/guignes-louis-joseph-de-voyages-a-peking-manille-et-lile-de-france-faits-dans-lintervalle-des-annees-1784-a-1801\/\"]}]},{\"@type\":\"ImageObject\",\"inLanguage\":\"en-US\",\"@id\":\"https:\/\/clavreuil-wordpress.logiciel-arteo.fr\/en\/guignes-louis-joseph-de-voyages-a-peking-manille-et-lile-de-france-faits-dans-lintervalle-des-annees-1784-a-1801\/#primaryimage\",\"url\":\"https:\/\/clavreuil-wordpress.logiciel-arteo.fr\/wp-content\/uploads\/2024\/04\/louis-joseph-de-guignes-voyages-a-peking-manille-et-l-ile-de-france-faits-dans-l-intervalle-des-annees-1784-a-1801-7264-65f48d2a79fd6-scaled.jpg\",\"contentUrl\":\"https:\/\/clavreuil-wordpress.logiciel-arteo.fr\/wp-content\/uploads\/2024\/04\/louis-joseph-de-guignes-voyages-a-peking-manille-et-l-ile-de-france-faits-dans-l-intervalle-des-annees-1784-a-1801-7264-65f48d2a79fd6-scaled.jpg\",\"width\":2560,\"height\":1702},{\"@type\":\"BreadcrumbList\",\"@id\":\"https:\/\/clavreuil-wordpress.logiciel-arteo.fr\/en\/guignes-louis-joseph-de-voyages-a-peking-manille-et-lile-de-france-faits-dans-lintervalle-des-annees-1784-a-1801\/#breadcrumb\",\"itemListElement\":[{\"@type\":\"ListItem\",\"position\":1,\"name\":\"Accueil\",\"item\":\"https:\/\/clavreuil-wordpress.logiciel-arteo.fr\/\"},{\"@type\":\"ListItem\",\"position\":2,\"name\":\"All our books\",\"item\":\"https:\/\/clavreuil-wordpress.logiciel-arteo.fr\/en\/all-our-books\/\"},{\"@type\":\"ListItem\",\"position\":3,\"name\":\"GUIGNES Louis-Joseph de Voyages \u00e0 P\u00e9king, Manille, et...\"}]},{\"@type\":\"WebSite\",\"@id\":\"https:\/\/clavreuil-wordpress.logiciel-arteo.fr\/#website\",\"url\":\"https:\/\/clavreuil-wordpress.logiciel-arteo.fr\/\",\"name\":\"Libairie Clavreuil\",\"description\":\"\",\"publisher\":{\"@id\":\"https:\/\/clavreuil-wordpress.logiciel-arteo.fr\/#organization\"},\"potentialAction\":[{\"@type\":\"SearchAction\",\"target\":{\"@type\":\"EntryPoint\",\"urlTemplate\":\"https:\/\/clavreuil-wordpress.logiciel-arteo.fr\/?s={search_term_string}\"},\"query-input\":{\"@type\":\"PropertyValueSpecification\",\"valueRequired\":true,\"valueName\":\"search_term_string\"}}],\"inLanguage\":\"en-US\"},{\"@type\":\"Organization\",\"@id\":\"https:\/\/clavreuil-wordpress.logiciel-arteo.fr\/#organization\",\"name\":\"Libairie Clavreuil\",\"url\":\"https:\/\/clavreuil-wordpress.logiciel-arteo.fr\/\",\"logo\":{\"@type\":\"ImageObject\",\"inLanguage\":\"en-US\",\"@id\":\"https:\/\/clavreuil-wordpress.logiciel-arteo.fr\/#\/schema\/logo\/image\/\",\"url\":\"https:\/\/clavreuil-wordpress.logiciel-arteo.fr\/wp-content\/uploads\/2021\/05\/LOGO_PNG_DATE-_gold.png\",\"contentUrl\":\"https:\/\/clavreuil-wordpress.logiciel-arteo.fr\/wp-content\/uploads\/2021\/05\/LOGO_PNG_DATE-_gold.png\",\"width\":2083,\"height\":1917,\"caption\":\"Libairie Clavreuil\"},\"image\":{\"@id\":\"https:\/\/clavreuil-wordpress.logiciel-arteo.fr\/#\/schema\/logo\/image\/\"}}]}<\/script>\n<!-- \/ Yoast SEO plugin. -->","yoast_head_json":{"title":"GUIGNES Louis-Joseph de Voyages \u00e0 P\u00e9king, Manille, et l'Ile de France, faits dans l'intervalle des ann\u00e9es 1784 \u00e0 1801. - Libairie Clavreuil","robots":{"index":"noindex","follow":"follow","max-snippet":"max-snippet:-1","max-image-preview":"max-image-preview:large","max-video-preview":"max-video-preview:-1"},"og_locale":"en_US","og_type":"article","og_title":"GUIGNES Louis-Joseph de Voyages \u00e0 P\u00e9king, Manille, et l'Ile de France, faits dans l'intervalle des ann\u00e9es 1784 \u00e0 1801. - Libairie Clavreuil","og_description":"3 text volumes, 8vo (198 x 126 mm) 2 nn.ll., LXIII, 439 pp. for volume I; 2 nn.ll., 476 pp. for volume II ; 2 nn.ll., 488 pp. for volume III ; the atlas with 2 nn.ll., 98 plates (numbered 1-97, 93\/2) and printed on 66 sheets include maps and other illustrations. Mid 19th century purple coloured sheep, flat spine, gilt, speckled edges.","og_url":"https:\/\/clavreuil-wordpress.logiciel-arteo.fr\/en\/guignes-louis-joseph-de-voyages-a-peking-manille-et-lile-de-france-faits-dans-lintervalle-des-annees-1784-a-1801\/","og_site_name":"Libairie Clavreuil","article_modified_time":"2024-04-24T09:59:35+00:00","og_image":[{"width":2560,"height":1702,"url":"https:\/\/clavreuil-wordpress.logiciel-arteo.fr\/wp-content\/uploads\/2024\/04\/louis-joseph-de-guignes-voyages-a-peking-manille-et-l-ile-de-france-faits-dans-l-intervalle-des-annees-1784-a-1801-7264-65f48d2a79fd6-scaled.jpg","type":"image\/jpeg"}],"twitter_card":"summary_large_image","twitter_misc":{"Est. reading time":"1 minute"},"schema":{"@context":"https:\/\/schema.org","@graph":[{"@type":"WebPage","@id":"https:\/\/clavreuil-wordpress.logiciel-arteo.fr\/en\/guignes-louis-joseph-de-voyages-a-peking-manille-et-lile-de-france-faits-dans-lintervalle-des-annees-1784-a-1801\/","url":"https:\/\/clavreuil-wordpress.logiciel-arteo.fr\/en\/guignes-louis-joseph-de-voyages-a-peking-manille-et-lile-de-france-faits-dans-lintervalle-des-annees-1784-a-1801\/","name":"GUIGNES Louis-Joseph de Voyages \u00e0 P\u00e9king, Manille, et l'Ile de France, faits dans l'intervalle des ann\u00e9es 1784 \u00e0 1801. - Libairie Clavreuil","isPartOf":{"@id":"https:\/\/clavreuil-wordpress.logiciel-arteo.fr\/#website"},"primaryImageOfPage":{"@id":"https:\/\/clavreuil-wordpress.logiciel-arteo.fr\/en\/guignes-louis-joseph-de-voyages-a-peking-manille-et-lile-de-france-faits-dans-lintervalle-des-annees-1784-a-1801\/#primaryimage"},"image":{"@id":"https:\/\/clavreuil-wordpress.logiciel-arteo.fr\/en\/guignes-louis-joseph-de-voyages-a-peking-manille-et-lile-de-france-faits-dans-lintervalle-des-annees-1784-a-1801\/#primaryimage"},"thumbnailUrl":"https:\/\/clavreuil-wordpress.logiciel-arteo.fr\/wp-content\/uploads\/2024\/04\/louis-joseph-de-guignes-voyages-a-peking-manille-et-l-ile-de-france-faits-dans-l-intervalle-des-annees-1784-a-1801-7264-65f48d2a79fd6-scaled.jpg","datePublished":"2024-04-24T09:58:34+00:00","dateModified":"2024-04-24T09:59:35+00:00","breadcrumb":{"@id":"https:\/\/clavreuil-wordpress.logiciel-arteo.fr\/en\/guignes-louis-joseph-de-voyages-a-peking-manille-et-lile-de-france-faits-dans-lintervalle-des-annees-1784-a-1801\/#breadcrumb"},"inLanguage":"en-US","potentialAction":[{"@type":"ReadAction","target":["https:\/\/clavreuil-wordpress.logiciel-arteo.fr\/en\/guignes-louis-joseph-de-voyages-a-peking-manille-et-lile-de-france-faits-dans-lintervalle-des-annees-1784-a-1801\/"]}]},{"@type":"ImageObject","inLanguage":"en-US","@id":"https:\/\/clavreuil-wordpress.logiciel-arteo.fr\/en\/guignes-louis-joseph-de-voyages-a-peking-manille-et-lile-de-france-faits-dans-lintervalle-des-annees-1784-a-1801\/#primaryimage","url":"https:\/\/clavreuil-wordpress.logiciel-arteo.fr\/wp-content\/uploads\/2024\/04\/louis-joseph-de-guignes-voyages-a-peking-manille-et-l-ile-de-france-faits-dans-l-intervalle-des-annees-1784-a-1801-7264-65f48d2a79fd6-scaled.jpg","contentUrl":"https:\/\/clavreuil-wordpress.logiciel-arteo.fr\/wp-content\/uploads\/2024\/04\/louis-joseph-de-guignes-voyages-a-peking-manille-et-l-ile-de-france-faits-dans-l-intervalle-des-annees-1784-a-1801-7264-65f48d2a79fd6-scaled.jpg","width":2560,"height":1702},{"@type":"BreadcrumbList","@id":"https:\/\/clavreuil-wordpress.logiciel-arteo.fr\/en\/guignes-louis-joseph-de-voyages-a-peking-manille-et-lile-de-france-faits-dans-lintervalle-des-annees-1784-a-1801\/#breadcrumb","itemListElement":[{"@type":"ListItem","position":1,"name":"Accueil","item":"https:\/\/clavreuil-wordpress.logiciel-arteo.fr\/"},{"@type":"ListItem","position":2,"name":"All our books","item":"https:\/\/clavreuil-wordpress.logiciel-arteo.fr\/en\/all-our-books\/"},{"@type":"ListItem","position":3,"name":"GUIGNES Louis-Joseph de Voyages \u00e0 P\u00e9king, Manille, et..."}]},{"@type":"WebSite","@id":"https:\/\/clavreuil-wordpress.logiciel-arteo.fr\/#website","url":"https:\/\/clavreuil-wordpress.logiciel-arteo.fr\/","name":"Libairie Clavreuil","description":"","publisher":{"@id":"https:\/\/clavreuil-wordpress.logiciel-arteo.fr\/#organization"},"potentialAction":[{"@type":"SearchAction","target":{"@type":"EntryPoint","urlTemplate":"https:\/\/clavreuil-wordpress.logiciel-arteo.fr\/?s={search_term_string}"},"query-input":{"@type":"PropertyValueSpecification","valueRequired":true,"valueName":"search_term_string"}}],"inLanguage":"en-US"},{"@type":"Organization","@id":"https:\/\/clavreuil-wordpress.logiciel-arteo.fr\/#organization","name":"Libairie Clavreuil","url":"https:\/\/clavreuil-wordpress.logiciel-arteo.fr\/","logo":{"@type":"ImageObject","inLanguage":"en-US","@id":"https:\/\/clavreuil-wordpress.logiciel-arteo.fr\/#\/schema\/logo\/image\/","url":"https:\/\/clavreuil-wordpress.logiciel-arteo.fr\/wp-content\/uploads\/2021\/05\/LOGO_PNG_DATE-_gold.png","contentUrl":"https:\/\/clavreuil-wordpress.logiciel-arteo.fr\/wp-content\/uploads\/2021\/05\/LOGO_PNG_DATE-_gold.png","width":2083,"height":1917,"caption":"Libairie Clavreuil"},"image":{"@id":"https:\/\/clavreuil-wordpress.logiciel-arteo.fr\/#\/schema\/logo\/image\/"}}]}},"_links":{"self":[{"href":"https:\/\/clavreuil-wordpress.logiciel-arteo.fr\/en\/wp-json\/wp\/v2\/product\/75039","targetHints":{"allow":["GET"]}}],"collection":[{"href":"https:\/\/clavreuil-wordpress.logiciel-arteo.fr\/en\/wp-json\/wp\/v2\/product"}],"about":[{"href":"https:\/\/clavreuil-wordpress.logiciel-arteo.fr\/en\/wp-json\/wp\/v2\/types\/product"}],"replies":[{"embeddable":true,"href":"https:\/\/clavreuil-wordpress.logiciel-arteo.fr\/en\/wp-json\/wp\/v2\/comments?post=75039"}],"wp:featuredmedia":[{"embeddable":true,"href":"https:\/\/clavreuil-wordpress.logiciel-arteo.fr\/en\/wp-json\/wp\/v2\/media\/75028"}],"wp:attachment":[{"href":"https:\/\/clavreuil-wordpress.logiciel-arteo.fr\/en\/wp-json\/wp\/v2\/media?parent=75039"}],"wp:term":[{"taxonomy":"product_brand","embeddable":true,"href":"https:\/\/clavreuil-wordpress.logiciel-arteo.fr\/en\/wp-json\/wp\/v2\/product_brand?post=75039"},{"taxonomy":"product_cat","embeddable":true,"href":"https:\/\/clavreuil-wordpress.logiciel-arteo.fr\/en\/wp-json\/wp\/v2\/product_cat?post=75039"},{"taxonomy":"product_tag","embeddable":true,"href":"https:\/\/clavreuil-wordpress.logiciel-arteo.fr\/en\/wp-json\/wp\/v2\/product_tag?post=75039"}],"curies":[{"name":"wp","href":"https:\/\/api.w.org\/{rel}","templated":true}]}}