{"id":75077,"date":"2024-04-24T12:24:55","date_gmt":"2024-04-24T10:24:55","guid":{"rendered":"https:\/\/clavreuil-wordpress.logiciel-arteo.fr\/champollion-jean-francois-explication-de-la-principale-scene-peinte-des-papyrus-funeraires-egyptiens\/"},"modified":"2024-04-24T12:25:20","modified_gmt":"2024-04-24T10:25:20","slug":"champollion-jean-francois-explication-de-la-principale-scene-peinte-des-papyrus-funeraires-egyptiens","status":"publish","type":"product","link":"https:\/\/clavreuil-wordpress.logiciel-arteo.fr\/en\/champollion-jean-francois-explication-de-la-principale-scene-peinte-des-papyrus-funeraires-egyptiens\/","title":{"rendered":"CHAMPOLLION Jean-Fran\u00e7ois Explication de la principale sc\u00e8ne peinte..."},"content":{"rendered":"<p style=\"text-align:justify\">Off-print of: <em>Bulletin universel des sciences et de l&#039;industrie<\/em>,&nbsp; November 1825.<\/p>\n<p style=\"text-align:justify\">Important study of the papyrus preserved in the Vatican under Pope Pius VII, published by Champollion the younger slightly after his first important hieroglyphic translations (in: <em>Panth&eacute;on &eacute;gyptien,<\/em> published between 1823 and 1825).<\/p>\n<p style=\"text-align:justify\">The papyri of the Vatican are described at length in his Catalogue des papyrus &eacute;gyptiens du Vatican, et notice plus &eacute;tendue d&rsquo;un de ces papyrus, avec un discours pr&eacute;liminaire, published the same year in Rome. The very detailed physical description of the papyrus is followed by an interpretation of the influence of Egyptian funeral rites on occidental religions. &quot;Nous n&#039;insisterons pas davantage sur de tels rapprochements, parce qu&#039;il suffit de les avoir indiqu&eacute;s pour faire comprendre quels pr&eacute;cieux renseignement sur les origines de la religion des Grecs et des Romains, peut fournir l&#039;&eacute;tude approfondie des monuments de tout genre qui nous restent de l&#039;antique &Eacute;gypte&quot;.<\/p>\n<p style=\"text-align:justify\">&quot;Under their [Pius VII and Leo XII] pontificates, the Vatican acquired a collection of Egyptian papyri from the Franciscan missionary Angelo da Pofi and from Giovanni Battista Belzoni, a circus strongman and turned adventurer who was the first European, in 1817, to enter the burial chamber of the pyramid of Chefren at Giza, and who, that same year, discovered the tomb of Seti I in the valley of the Kings. The care of the papyrus collection was entrusted to Angelo Mai (1782-1854), Prefect of the Vatican Library. Aware of Champollion&#039;s theories, Mai invited him to Rome to work on the papyri when antagonism towards the Frenchman was strongest. Abbot Michelangelo Lanci condemned Champollion&#039;s findings as false, since, in the abbot&#039;s opinion, they contradicted the Bible&quot; (The Vatican Collections: The Papacy and Art, p. 175).<\/p>\n","protected":false},"excerpt":{"rendered":"<p>8vo (196 x 130 mm) 10 pp. Marbled paper, disbound.<\/p>\n","protected":false},"featured_media":75074,"comment_status":"open","ping_status":"closed","template":"","meta":{"_acf_changed":false},"product_brand":[],"product_cat":[552],"product_tag":[1355],"class_list":{"0":"post-75077","1":"product","2":"type-product","3":"status-publish","4":"has-post-thumbnail","6":"product_cat-travel","7":"product_tag-egypt-ethiopia","8":"pa_auteur-jean-francois-champollion-2","9":"pa_type-de-livre-printed-book","11":"first","12":"instock","13":"shipping-taxable","14":"purchasable","15":"product-type-simple"},"acf":[],"yoast_head":"<!-- This site is optimized with the Yoast SEO plugin v24.3 - https:\/\/yoast.com\/wordpress\/plugins\/seo\/ -->\n<title>CHAMPOLLION Jean-Fran\u00e7ois Explication de la principale sc\u00e8ne peinte des papyrus fun\u00e9raires \u00e9gyptiens. - Libairie Clavreuil<\/title>\n<meta name=\"robots\" content=\"noindex, follow, max-snippet:-1, max-image-preview:large, max-video-preview:-1\" \/>\n<meta property=\"og:locale\" content=\"en_US\" \/>\n<meta property=\"og:type\" content=\"article\" \/>\n<meta property=\"og:title\" content=\"CHAMPOLLION Jean-Fran\u00e7ois Explication de la principale sc\u00e8ne peinte des papyrus fun\u00e9raires \u00e9gyptiens. - Libairie Clavreuil\" \/>\n<meta property=\"og:description\" content=\"8vo (196 x 130 mm) 10 pp. Marbled paper, disbound.\" \/>\n<meta property=\"og:url\" content=\"https:\/\/clavreuil-wordpress.logiciel-arteo.fr\/en\/champollion-jean-francois-explication-de-la-principale-scene-peinte-des-papyrus-funeraires-egyptiens\/\" \/>\n<meta property=\"og:site_name\" content=\"Libairie Clavreuil\" \/>\n<meta property=\"article:modified_time\" content=\"2024-04-24T10:25:20+00:00\" \/>\n<meta property=\"og:image\" content=\"https:\/\/clavreuil-wordpress.logiciel-arteo.fr\/wp-content\/uploads\/2024\/04\/jean-francois-champollion-explication-de-la-principale-scene-peinte-des-papyrus-funeraires-egyptiens-4904-65e744f7cd052.jpg\" \/>\n\t<meta property=\"og:image:width\" content=\"682\" \/>\n\t<meta property=\"og:image:height\" content=\"1034\" \/>\n\t<meta property=\"og:image:type\" content=\"image\/jpeg\" \/>\n<meta name=\"twitter:card\" content=\"summary_large_image\" \/>\n<meta name=\"twitter:label1\" content=\"Est. reading time\" \/>\n\t<meta name=\"twitter:data1\" content=\"2 minutes\" \/>\n<script type=\"application\/ld+json\" class=\"yoast-schema-graph\">{\"@context\":\"https:\/\/schema.org\",\"@graph\":[{\"@type\":\"WebPage\",\"@id\":\"https:\/\/clavreuil-wordpress.logiciel-arteo.fr\/en\/champollion-jean-francois-explication-de-la-principale-scene-peinte-des-papyrus-funeraires-egyptiens\/\",\"url\":\"https:\/\/clavreuil-wordpress.logiciel-arteo.fr\/en\/champollion-jean-francois-explication-de-la-principale-scene-peinte-des-papyrus-funeraires-egyptiens\/\",\"name\":\"CHAMPOLLION Jean-Fran\u00e7ois Explication de la principale sc\u00e8ne peinte des papyrus fun\u00e9raires \u00e9gyptiens. - Libairie Clavreuil\",\"isPartOf\":{\"@id\":\"https:\/\/clavreuil-wordpress.logiciel-arteo.fr\/#website\"},\"primaryImageOfPage\":{\"@id\":\"https:\/\/clavreuil-wordpress.logiciel-arteo.fr\/en\/champollion-jean-francois-explication-de-la-principale-scene-peinte-des-papyrus-funeraires-egyptiens\/#primaryimage\"},\"image\":{\"@id\":\"https:\/\/clavreuil-wordpress.logiciel-arteo.fr\/en\/champollion-jean-francois-explication-de-la-principale-scene-peinte-des-papyrus-funeraires-egyptiens\/#primaryimage\"},\"thumbnailUrl\":\"https:\/\/clavreuil-wordpress.logiciel-arteo.fr\/wp-content\/uploads\/2024\/04\/jean-francois-champollion-explication-de-la-principale-scene-peinte-des-papyrus-funeraires-egyptiens-4904-65e744f7cd052.jpg\",\"datePublished\":\"2024-04-24T10:24:55+00:00\",\"dateModified\":\"2024-04-24T10:25:20+00:00\",\"breadcrumb\":{\"@id\":\"https:\/\/clavreuil-wordpress.logiciel-arteo.fr\/en\/champollion-jean-francois-explication-de-la-principale-scene-peinte-des-papyrus-funeraires-egyptiens\/#breadcrumb\"},\"inLanguage\":\"en-US\",\"potentialAction\":[{\"@type\":\"ReadAction\",\"target\":[\"https:\/\/clavreuil-wordpress.logiciel-arteo.fr\/en\/champollion-jean-francois-explication-de-la-principale-scene-peinte-des-papyrus-funeraires-egyptiens\/\"]}]},{\"@type\":\"ImageObject\",\"inLanguage\":\"en-US\",\"@id\":\"https:\/\/clavreuil-wordpress.logiciel-arteo.fr\/en\/champollion-jean-francois-explication-de-la-principale-scene-peinte-des-papyrus-funeraires-egyptiens\/#primaryimage\",\"url\":\"https:\/\/clavreuil-wordpress.logiciel-arteo.fr\/wp-content\/uploads\/2024\/04\/jean-francois-champollion-explication-de-la-principale-scene-peinte-des-papyrus-funeraires-egyptiens-4904-65e744f7cd052.jpg\",\"contentUrl\":\"https:\/\/clavreuil-wordpress.logiciel-arteo.fr\/wp-content\/uploads\/2024\/04\/jean-francois-champollion-explication-de-la-principale-scene-peinte-des-papyrus-funeraires-egyptiens-4904-65e744f7cd052.jpg\",\"width\":682,\"height\":1034},{\"@type\":\"BreadcrumbList\",\"@id\":\"https:\/\/clavreuil-wordpress.logiciel-arteo.fr\/en\/champollion-jean-francois-explication-de-la-principale-scene-peinte-des-papyrus-funeraires-egyptiens\/#breadcrumb\",\"itemListElement\":[{\"@type\":\"ListItem\",\"position\":1,\"name\":\"Accueil\",\"item\":\"https:\/\/clavreuil-wordpress.logiciel-arteo.fr\/\"},{\"@type\":\"ListItem\",\"position\":2,\"name\":\"All our books\",\"item\":\"https:\/\/clavreuil-wordpress.logiciel-arteo.fr\/en\/all-our-books\/\"},{\"@type\":\"ListItem\",\"position\":3,\"name\":\"CHAMPOLLION Jean-Fran\u00e7ois Explication de la principale sc\u00e8ne peinte...\"}]},{\"@type\":\"WebSite\",\"@id\":\"https:\/\/clavreuil-wordpress.logiciel-arteo.fr\/#website\",\"url\":\"https:\/\/clavreuil-wordpress.logiciel-arteo.fr\/\",\"name\":\"Libairie Clavreuil\",\"description\":\"\",\"publisher\":{\"@id\":\"https:\/\/clavreuil-wordpress.logiciel-arteo.fr\/#organization\"},\"potentialAction\":[{\"@type\":\"SearchAction\",\"target\":{\"@type\":\"EntryPoint\",\"urlTemplate\":\"https:\/\/clavreuil-wordpress.logiciel-arteo.fr\/?s={search_term_string}\"},\"query-input\":{\"@type\":\"PropertyValueSpecification\",\"valueRequired\":true,\"valueName\":\"search_term_string\"}}],\"inLanguage\":\"en-US\"},{\"@type\":\"Organization\",\"@id\":\"https:\/\/clavreuil-wordpress.logiciel-arteo.fr\/#organization\",\"name\":\"Libairie Clavreuil\",\"url\":\"https:\/\/clavreuil-wordpress.logiciel-arteo.fr\/\",\"logo\":{\"@type\":\"ImageObject\",\"inLanguage\":\"en-US\",\"@id\":\"https:\/\/clavreuil-wordpress.logiciel-arteo.fr\/#\/schema\/logo\/image\/\",\"url\":\"https:\/\/clavreuil-wordpress.logiciel-arteo.fr\/wp-content\/uploads\/2021\/05\/LOGO_PNG_DATE-_gold.png\",\"contentUrl\":\"https:\/\/clavreuil-wordpress.logiciel-arteo.fr\/wp-content\/uploads\/2021\/05\/LOGO_PNG_DATE-_gold.png\",\"width\":2083,\"height\":1917,\"caption\":\"Libairie Clavreuil\"},\"image\":{\"@id\":\"https:\/\/clavreuil-wordpress.logiciel-arteo.fr\/#\/schema\/logo\/image\/\"}}]}<\/script>\n<!-- \/ Yoast SEO plugin. -->","yoast_head_json":{"title":"CHAMPOLLION Jean-Fran\u00e7ois Explication de la principale sc\u00e8ne peinte des papyrus fun\u00e9raires \u00e9gyptiens. - Libairie Clavreuil","robots":{"index":"noindex","follow":"follow","max-snippet":"max-snippet:-1","max-image-preview":"max-image-preview:large","max-video-preview":"max-video-preview:-1"},"og_locale":"en_US","og_type":"article","og_title":"CHAMPOLLION Jean-Fran\u00e7ois Explication de la principale sc\u00e8ne peinte des papyrus fun\u00e9raires \u00e9gyptiens. - Libairie Clavreuil","og_description":"8vo (196 x 130 mm) 10 pp. Marbled paper, disbound.","og_url":"https:\/\/clavreuil-wordpress.logiciel-arteo.fr\/en\/champollion-jean-francois-explication-de-la-principale-scene-peinte-des-papyrus-funeraires-egyptiens\/","og_site_name":"Libairie Clavreuil","article_modified_time":"2024-04-24T10:25:20+00:00","og_image":[{"width":682,"height":1034,"url":"https:\/\/clavreuil-wordpress.logiciel-arteo.fr\/wp-content\/uploads\/2024\/04\/jean-francois-champollion-explication-de-la-principale-scene-peinte-des-papyrus-funeraires-egyptiens-4904-65e744f7cd052.jpg","type":"image\/jpeg"}],"twitter_card":"summary_large_image","twitter_misc":{"Est. reading time":"2 minutes"},"schema":{"@context":"https:\/\/schema.org","@graph":[{"@type":"WebPage","@id":"https:\/\/clavreuil-wordpress.logiciel-arteo.fr\/en\/champollion-jean-francois-explication-de-la-principale-scene-peinte-des-papyrus-funeraires-egyptiens\/","url":"https:\/\/clavreuil-wordpress.logiciel-arteo.fr\/en\/champollion-jean-francois-explication-de-la-principale-scene-peinte-des-papyrus-funeraires-egyptiens\/","name":"CHAMPOLLION Jean-Fran\u00e7ois Explication de la principale sc\u00e8ne peinte des papyrus fun\u00e9raires \u00e9gyptiens. - Libairie Clavreuil","isPartOf":{"@id":"https:\/\/clavreuil-wordpress.logiciel-arteo.fr\/#website"},"primaryImageOfPage":{"@id":"https:\/\/clavreuil-wordpress.logiciel-arteo.fr\/en\/champollion-jean-francois-explication-de-la-principale-scene-peinte-des-papyrus-funeraires-egyptiens\/#primaryimage"},"image":{"@id":"https:\/\/clavreuil-wordpress.logiciel-arteo.fr\/en\/champollion-jean-francois-explication-de-la-principale-scene-peinte-des-papyrus-funeraires-egyptiens\/#primaryimage"},"thumbnailUrl":"https:\/\/clavreuil-wordpress.logiciel-arteo.fr\/wp-content\/uploads\/2024\/04\/jean-francois-champollion-explication-de-la-principale-scene-peinte-des-papyrus-funeraires-egyptiens-4904-65e744f7cd052.jpg","datePublished":"2024-04-24T10:24:55+00:00","dateModified":"2024-04-24T10:25:20+00:00","breadcrumb":{"@id":"https:\/\/clavreuil-wordpress.logiciel-arteo.fr\/en\/champollion-jean-francois-explication-de-la-principale-scene-peinte-des-papyrus-funeraires-egyptiens\/#breadcrumb"},"inLanguage":"en-US","potentialAction":[{"@type":"ReadAction","target":["https:\/\/clavreuil-wordpress.logiciel-arteo.fr\/en\/champollion-jean-francois-explication-de-la-principale-scene-peinte-des-papyrus-funeraires-egyptiens\/"]}]},{"@type":"ImageObject","inLanguage":"en-US","@id":"https:\/\/clavreuil-wordpress.logiciel-arteo.fr\/en\/champollion-jean-francois-explication-de-la-principale-scene-peinte-des-papyrus-funeraires-egyptiens\/#primaryimage","url":"https:\/\/clavreuil-wordpress.logiciel-arteo.fr\/wp-content\/uploads\/2024\/04\/jean-francois-champollion-explication-de-la-principale-scene-peinte-des-papyrus-funeraires-egyptiens-4904-65e744f7cd052.jpg","contentUrl":"https:\/\/clavreuil-wordpress.logiciel-arteo.fr\/wp-content\/uploads\/2024\/04\/jean-francois-champollion-explication-de-la-principale-scene-peinte-des-papyrus-funeraires-egyptiens-4904-65e744f7cd052.jpg","width":682,"height":1034},{"@type":"BreadcrumbList","@id":"https:\/\/clavreuil-wordpress.logiciel-arteo.fr\/en\/champollion-jean-francois-explication-de-la-principale-scene-peinte-des-papyrus-funeraires-egyptiens\/#breadcrumb","itemListElement":[{"@type":"ListItem","position":1,"name":"Accueil","item":"https:\/\/clavreuil-wordpress.logiciel-arteo.fr\/"},{"@type":"ListItem","position":2,"name":"All our books","item":"https:\/\/clavreuil-wordpress.logiciel-arteo.fr\/en\/all-our-books\/"},{"@type":"ListItem","position":3,"name":"CHAMPOLLION Jean-Fran\u00e7ois Explication de la principale sc\u00e8ne peinte..."}]},{"@type":"WebSite","@id":"https:\/\/clavreuil-wordpress.logiciel-arteo.fr\/#website","url":"https:\/\/clavreuil-wordpress.logiciel-arteo.fr\/","name":"Libairie Clavreuil","description":"","publisher":{"@id":"https:\/\/clavreuil-wordpress.logiciel-arteo.fr\/#organization"},"potentialAction":[{"@type":"SearchAction","target":{"@type":"EntryPoint","urlTemplate":"https:\/\/clavreuil-wordpress.logiciel-arteo.fr\/?s={search_term_string}"},"query-input":{"@type":"PropertyValueSpecification","valueRequired":true,"valueName":"search_term_string"}}],"inLanguage":"en-US"},{"@type":"Organization","@id":"https:\/\/clavreuil-wordpress.logiciel-arteo.fr\/#organization","name":"Libairie Clavreuil","url":"https:\/\/clavreuil-wordpress.logiciel-arteo.fr\/","logo":{"@type":"ImageObject","inLanguage":"en-US","@id":"https:\/\/clavreuil-wordpress.logiciel-arteo.fr\/#\/schema\/logo\/image\/","url":"https:\/\/clavreuil-wordpress.logiciel-arteo.fr\/wp-content\/uploads\/2021\/05\/LOGO_PNG_DATE-_gold.png","contentUrl":"https:\/\/clavreuil-wordpress.logiciel-arteo.fr\/wp-content\/uploads\/2021\/05\/LOGO_PNG_DATE-_gold.png","width":2083,"height":1917,"caption":"Libairie Clavreuil"},"image":{"@id":"https:\/\/clavreuil-wordpress.logiciel-arteo.fr\/#\/schema\/logo\/image\/"}}]}},"_links":{"self":[{"href":"https:\/\/clavreuil-wordpress.logiciel-arteo.fr\/en\/wp-json\/wp\/v2\/product\/75077","targetHints":{"allow":["GET"]}}],"collection":[{"href":"https:\/\/clavreuil-wordpress.logiciel-arteo.fr\/en\/wp-json\/wp\/v2\/product"}],"about":[{"href":"https:\/\/clavreuil-wordpress.logiciel-arteo.fr\/en\/wp-json\/wp\/v2\/types\/product"}],"replies":[{"embeddable":true,"href":"https:\/\/clavreuil-wordpress.logiciel-arteo.fr\/en\/wp-json\/wp\/v2\/comments?post=75077"}],"wp:featuredmedia":[{"embeddable":true,"href":"https:\/\/clavreuil-wordpress.logiciel-arteo.fr\/en\/wp-json\/wp\/v2\/media\/75074"}],"wp:attachment":[{"href":"https:\/\/clavreuil-wordpress.logiciel-arteo.fr\/en\/wp-json\/wp\/v2\/media?parent=75077"}],"wp:term":[{"taxonomy":"product_brand","embeddable":true,"href":"https:\/\/clavreuil-wordpress.logiciel-arteo.fr\/en\/wp-json\/wp\/v2\/product_brand?post=75077"},{"taxonomy":"product_cat","embeddable":true,"href":"https:\/\/clavreuil-wordpress.logiciel-arteo.fr\/en\/wp-json\/wp\/v2\/product_cat?post=75077"},{"taxonomy":"product_tag","embeddable":true,"href":"https:\/\/clavreuil-wordpress.logiciel-arteo.fr\/en\/wp-json\/wp\/v2\/product_tag?post=75077"}],"curies":[{"name":"wp","href":"https:\/\/api.w.org\/{rel}","templated":true}]}}