{"id":75087,"date":"2024-04-24T12:25:33","date_gmt":"2024-04-24T10:25:33","guid":{"rendered":"https:\/\/clavreuil-wordpress.logiciel-arteo.fr\/kazwini-mohammed-ben-mohammed-extraits-du-livre-des-merveilles-de-la-nature-et-des-singularites-des-choses-creees-traduits-par-antoine-leonard-chezy\/"},"modified":"2024-04-24T12:26:10","modified_gmt":"2024-04-24T10:26:10","slug":"kazwini-mohammed-ben-mohammed-extraits-du-livre-des-merveilles-de-la-nature-et-des-singularites-des-choses-creees-traduits-par-antoine-leonard-chezy","status":"publish","type":"product","link":"https:\/\/clavreuil-wordpress.logiciel-arteo.fr\/en\/kazwini-mohammed-ben-mohammed-extraits-du-livre-des-merveilles-de-la-nature-et-des-singularites-des-choses-creees-traduits-par-antoine-leonard-chezy\/","title":{"rendered":"KAZWINI Mohammed ben Mohammed Extraits du livre des..."},"content":{"rendered":"<p style=\"text-align:justify\"><em>Qu&eacute;rard, II, 188 ; DSB, XI, 230-233.<\/em><\/p>\n<p style=\"text-align:justify\">First edition of the French translation. This is the work of the translator Antoine-L&eacute;onard Ch&eacute;zy (1775-1832), it is taken from Silvestre de Sacy&#039;s <em>Chrestomathie arabe,<\/em> with passages printed in Arabic characters. Al-Quazwini (ca. 1203 -1283), Arab man of letters, jurist, cosmographer and geographer.<\/p>\n<p style=\"text-align:justify\">His work on the <em>Merveilles de la nature et des singularit&eacute;s des choses cr&eacute;&eacute;es<\/em> is his main writing and concerns all earthly matters: mineral elements, plants, beasts and men, following a first one on celestial matters.<\/p>\n<p style=\"text-align:justify\">&quot;For his treatise on cosmography al-Quazwini cited more than a hundred written and oral sources, including : Aristotle, Ptolemy, Dioscorides, Balinas, al-Jahiz, al-Razi, Ibn Sina, al-Biruni, Abu Hamid al-Gharnati, the Koran and the Hadith, the Torah&quot; (DSB).<\/p>\n<p style=\"text-align:justify\">&quot;Dans ce trait&eacute;, al-Qazw&icirc;n&icirc; a voulu rassembler, selon les r&egrave;gles et le go&ucirc;t de l&rsquo;adab, les connaissances de ses pr&eacute;d&eacute;cesseurs sur le cosmos, les rendre attrayantes et accessibles au plus grand nombre. Sa cosmogonie s&rsquo;inscrit dans le souci d&rsquo;encyclop&eacute;disme de l&rsquo;&eacute;poque et dans la volont&eacute; de pr&eacute;server et de transmettre un patrimoine culturel menac&eacute; par les invasions destructrices des Mongols. En citant quelque cinquante auteurs, il nous a effectivement permis d&rsquo;avoir connaissance de fragments de textes disparus depuis lors&quot; (expositions.bnf).<\/p>\n<p style=\"text-align:justify\">This work was a real bestseller and led to numerous Persian, Turkish and European translations. In translating his work, Sylvestre de Sacy (1758-1838), the undisputed master of oriental studies in Europe and holder of the Arabic and Persian chairs at the Coll&egrave;ge de France, was one of the main promoters of the riches of Arab civilisation.<\/p>\n<p style=\"text-align:justify\">&quot;Pour des g&eacute;n&eacute;rations de lecteurs, l&rsquo;Orient commen&ccedil;ait avec la Chrestomathie arabe de Silvestre de Sacy. Les pages choisies pour cette anthologie, compos&eacute;es &agrave; Bagdad, au Caire ou d&rsquo;autres lieux du monde arabo-musulman, incitaient en effet &agrave; d&eacute;couvrir des aspects connus ou peu connus d&rsquo;une civilisation fascinante et diverse&quot; (puf.com).<\/p>\n<p style=\"text-align:justify\">Provenance : Autograph signature on the title of Jean Duchesne a&icirc;n&eacute;, and handwritten mention on the title page: This volume was given to me by the author. Jean Duchene (1779-1855), was curator of the cabinet des estampes of the national library, and son of the naturalist Antoine-Nicolas Duchesne (1750-1818).<\/p>\n","protected":false},"excerpt":{"rendered":"<p>8vo (197 x 124 mm) 148 pp. Rooted calf, gilt roulette in frame, flat ornamented spine, title and author&#039;s name on red morocco label, speckled edges (<em>contemporary binding<\/em>).<\/p>\n","protected":false},"featured_media":75078,"comment_status":"open","ping_status":"closed","template":"","meta":{"_acf_changed":false},"product_brand":[],"product_cat":[552],"product_tag":[1254],"class_list":{"0":"post-75087","1":"product","2":"type-product","3":"status-publish","4":"has-post-thumbnail","6":"product_cat-travel","7":"product_tag-arabic","8":"pa_auteur-mohammed-ben-mohammed-kazwini-2","9":"pa_type-de-livre-printed-book","11":"first","12":"instock","13":"shipping-taxable","14":"purchasable","15":"product-type-simple"},"acf":[],"yoast_head":"<!-- This site is optimized with the Yoast SEO plugin v24.3 - https:\/\/yoast.com\/wordpress\/plugins\/seo\/ -->\n<title>KAZWINI Mohammed ben Mohammed Extraits du livre des merveilles de la nature et des singularit\u00e9s des choses cr\u00e9\u00e9es. Traduits par A[ntoine]-L[\u00e9onard] Ch\u00e9zy. - Libairie Clavreuil<\/title>\n<meta name=\"robots\" content=\"noindex, follow, max-snippet:-1, max-image-preview:large, max-video-preview:-1\" \/>\n<meta property=\"og:locale\" content=\"en_US\" \/>\n<meta property=\"og:type\" content=\"article\" \/>\n<meta property=\"og:title\" content=\"KAZWINI Mohammed ben Mohammed Extraits du livre des merveilles de la nature et des singularit\u00e9s des choses cr\u00e9\u00e9es. Traduits par A[ntoine]-L[\u00e9onard] Ch\u00e9zy. - Libairie Clavreuil\" \/>\n<meta property=\"og:description\" content=\"8vo (197 x 124 mm) 148 pp. Rooted calf, gilt roulette in frame, flat ornamented spine, title and author&#039;s name on red morocco label, speckled edges (contemporary binding).\" \/>\n<meta property=\"og:url\" content=\"https:\/\/clavreuil-wordpress.logiciel-arteo.fr\/en\/kazwini-mohammed-ben-mohammed-extraits-du-livre-des-merveilles-de-la-nature-et-des-singularites-des-choses-creees-traduits-par-antoine-leonard-chezy\/\" \/>\n<meta property=\"og:site_name\" content=\"Libairie Clavreuil\" \/>\n<meta property=\"article:modified_time\" content=\"2024-04-24T10:26:10+00:00\" \/>\n<meta property=\"og:image\" content=\"https:\/\/clavreuil-wordpress.logiciel-arteo.fr\/wp-content\/uploads\/2024\/04\/mohammed-ben-mohammed-kazwini-extraits-du-livre-des-merveilles-de-la-nature-et-des-singularites-des-choses-creees-traduits-par-a-ntoine-l-eonard-chezy-scaled.jpg\" \/>\n\t<meta property=\"og:image:width\" content=\"1695\" \/>\n\t<meta property=\"og:image:height\" content=\"2560\" \/>\n\t<meta property=\"og:image:type\" content=\"image\/jpeg\" \/>\n<meta name=\"twitter:card\" content=\"summary_large_image\" \/>\n<meta name=\"twitter:label1\" content=\"Est. reading time\" \/>\n\t<meta name=\"twitter:data1\" content=\"2 minutes\" \/>\n<script type=\"application\/ld+json\" class=\"yoast-schema-graph\">{\"@context\":\"https:\/\/schema.org\",\"@graph\":[{\"@type\":\"WebPage\",\"@id\":\"https:\/\/clavreuil-wordpress.logiciel-arteo.fr\/en\/kazwini-mohammed-ben-mohammed-extraits-du-livre-des-merveilles-de-la-nature-et-des-singularites-des-choses-creees-traduits-par-antoine-leonard-chezy\/\",\"url\":\"https:\/\/clavreuil-wordpress.logiciel-arteo.fr\/en\/kazwini-mohammed-ben-mohammed-extraits-du-livre-des-merveilles-de-la-nature-et-des-singularites-des-choses-creees-traduits-par-antoine-leonard-chezy\/\",\"name\":\"KAZWINI Mohammed ben Mohammed Extraits du livre des merveilles de la nature et des singularit\u00e9s des choses cr\u00e9\u00e9es. Traduits par A[ntoine]-L[\u00e9onard] Ch\u00e9zy. - Libairie Clavreuil\",\"isPartOf\":{\"@id\":\"https:\/\/clavreuil-wordpress.logiciel-arteo.fr\/#website\"},\"primaryImageOfPage\":{\"@id\":\"https:\/\/clavreuil-wordpress.logiciel-arteo.fr\/en\/kazwini-mohammed-ben-mohammed-extraits-du-livre-des-merveilles-de-la-nature-et-des-singularites-des-choses-creees-traduits-par-antoine-leonard-chezy\/#primaryimage\"},\"image\":{\"@id\":\"https:\/\/clavreuil-wordpress.logiciel-arteo.fr\/en\/kazwini-mohammed-ben-mohammed-extraits-du-livre-des-merveilles-de-la-nature-et-des-singularites-des-choses-creees-traduits-par-antoine-leonard-chezy\/#primaryimage\"},\"thumbnailUrl\":\"https:\/\/clavreuil-wordpress.logiciel-arteo.fr\/wp-content\/uploads\/2024\/04\/mohammed-ben-mohammed-kazwini-extraits-du-livre-des-merveilles-de-la-nature-et-des-singularites-des-choses-creees-traduits-par-a-ntoine-l-eonard-chezy-scaled.jpg\",\"datePublished\":\"2024-04-24T10:25:33+00:00\",\"dateModified\":\"2024-04-24T10:26:10+00:00\",\"breadcrumb\":{\"@id\":\"https:\/\/clavreuil-wordpress.logiciel-arteo.fr\/en\/kazwini-mohammed-ben-mohammed-extraits-du-livre-des-merveilles-de-la-nature-et-des-singularites-des-choses-creees-traduits-par-antoine-leonard-chezy\/#breadcrumb\"},\"inLanguage\":\"en-US\",\"potentialAction\":[{\"@type\":\"ReadAction\",\"target\":[\"https:\/\/clavreuil-wordpress.logiciel-arteo.fr\/en\/kazwini-mohammed-ben-mohammed-extraits-du-livre-des-merveilles-de-la-nature-et-des-singularites-des-choses-creees-traduits-par-antoine-leonard-chezy\/\"]}]},{\"@type\":\"ImageObject\",\"inLanguage\":\"en-US\",\"@id\":\"https:\/\/clavreuil-wordpress.logiciel-arteo.fr\/en\/kazwini-mohammed-ben-mohammed-extraits-du-livre-des-merveilles-de-la-nature-et-des-singularites-des-choses-creees-traduits-par-antoine-leonard-chezy\/#primaryimage\",\"url\":\"https:\/\/clavreuil-wordpress.logiciel-arteo.fr\/wp-content\/uploads\/2024\/04\/mohammed-ben-mohammed-kazwini-extraits-du-livre-des-merveilles-de-la-nature-et-des-singularites-des-choses-creees-traduits-par-a-ntoine-l-eonard-chezy-scaled.jpg\",\"contentUrl\":\"https:\/\/clavreuil-wordpress.logiciel-arteo.fr\/wp-content\/uploads\/2024\/04\/mohammed-ben-mohammed-kazwini-extraits-du-livre-des-merveilles-de-la-nature-et-des-singularites-des-choses-creees-traduits-par-a-ntoine-l-eonard-chezy-scaled.jpg\",\"width\":1695,\"height\":2560},{\"@type\":\"BreadcrumbList\",\"@id\":\"https:\/\/clavreuil-wordpress.logiciel-arteo.fr\/en\/kazwini-mohammed-ben-mohammed-extraits-du-livre-des-merveilles-de-la-nature-et-des-singularites-des-choses-creees-traduits-par-antoine-leonard-chezy\/#breadcrumb\",\"itemListElement\":[{\"@type\":\"ListItem\",\"position\":1,\"name\":\"Accueil\",\"item\":\"https:\/\/clavreuil-wordpress.logiciel-arteo.fr\/\"},{\"@type\":\"ListItem\",\"position\":2,\"name\":\"All our books\",\"item\":\"https:\/\/clavreuil-wordpress.logiciel-arteo.fr\/en\/all-our-books\/\"},{\"@type\":\"ListItem\",\"position\":3,\"name\":\"KAZWINI Mohammed ben Mohammed Extraits du livre des...\"}]},{\"@type\":\"WebSite\",\"@id\":\"https:\/\/clavreuil-wordpress.logiciel-arteo.fr\/#website\",\"url\":\"https:\/\/clavreuil-wordpress.logiciel-arteo.fr\/\",\"name\":\"Libairie Clavreuil\",\"description\":\"\",\"publisher\":{\"@id\":\"https:\/\/clavreuil-wordpress.logiciel-arteo.fr\/#organization\"},\"potentialAction\":[{\"@type\":\"SearchAction\",\"target\":{\"@type\":\"EntryPoint\",\"urlTemplate\":\"https:\/\/clavreuil-wordpress.logiciel-arteo.fr\/?s={search_term_string}\"},\"query-input\":{\"@type\":\"PropertyValueSpecification\",\"valueRequired\":true,\"valueName\":\"search_term_string\"}}],\"inLanguage\":\"en-US\"},{\"@type\":\"Organization\",\"@id\":\"https:\/\/clavreuil-wordpress.logiciel-arteo.fr\/#organization\",\"name\":\"Libairie Clavreuil\",\"url\":\"https:\/\/clavreuil-wordpress.logiciel-arteo.fr\/\",\"logo\":{\"@type\":\"ImageObject\",\"inLanguage\":\"en-US\",\"@id\":\"https:\/\/clavreuil-wordpress.logiciel-arteo.fr\/#\/schema\/logo\/image\/\",\"url\":\"https:\/\/clavreuil-wordpress.logiciel-arteo.fr\/wp-content\/uploads\/2021\/05\/LOGO_PNG_DATE-_gold.png\",\"contentUrl\":\"https:\/\/clavreuil-wordpress.logiciel-arteo.fr\/wp-content\/uploads\/2021\/05\/LOGO_PNG_DATE-_gold.png\",\"width\":2083,\"height\":1917,\"caption\":\"Libairie Clavreuil\"},\"image\":{\"@id\":\"https:\/\/clavreuil-wordpress.logiciel-arteo.fr\/#\/schema\/logo\/image\/\"}}]}<\/script>\n<!-- \/ Yoast SEO plugin. -->","yoast_head_json":{"title":"KAZWINI Mohammed ben Mohammed Extraits du livre des merveilles de la nature et des singularit\u00e9s des choses cr\u00e9\u00e9es. Traduits par A[ntoine]-L[\u00e9onard] Ch\u00e9zy. - Libairie Clavreuil","robots":{"index":"noindex","follow":"follow","max-snippet":"max-snippet:-1","max-image-preview":"max-image-preview:large","max-video-preview":"max-video-preview:-1"},"og_locale":"en_US","og_type":"article","og_title":"KAZWINI Mohammed ben Mohammed Extraits du livre des merveilles de la nature et des singularit\u00e9s des choses cr\u00e9\u00e9es. Traduits par A[ntoine]-L[\u00e9onard] Ch\u00e9zy. - Libairie Clavreuil","og_description":"8vo (197 x 124 mm) 148 pp. Rooted calf, gilt roulette in frame, flat ornamented spine, title and author&#039;s name on red morocco label, speckled edges (contemporary binding).","og_url":"https:\/\/clavreuil-wordpress.logiciel-arteo.fr\/en\/kazwini-mohammed-ben-mohammed-extraits-du-livre-des-merveilles-de-la-nature-et-des-singularites-des-choses-creees-traduits-par-antoine-leonard-chezy\/","og_site_name":"Libairie Clavreuil","article_modified_time":"2024-04-24T10:26:10+00:00","og_image":[{"width":1695,"height":2560,"url":"https:\/\/clavreuil-wordpress.logiciel-arteo.fr\/wp-content\/uploads\/2024\/04\/mohammed-ben-mohammed-kazwini-extraits-du-livre-des-merveilles-de-la-nature-et-des-singularites-des-choses-creees-traduits-par-a-ntoine-l-eonard-chezy-scaled.jpg","type":"image\/jpeg"}],"twitter_card":"summary_large_image","twitter_misc":{"Est. reading time":"2 minutes"},"schema":{"@context":"https:\/\/schema.org","@graph":[{"@type":"WebPage","@id":"https:\/\/clavreuil-wordpress.logiciel-arteo.fr\/en\/kazwini-mohammed-ben-mohammed-extraits-du-livre-des-merveilles-de-la-nature-et-des-singularites-des-choses-creees-traduits-par-antoine-leonard-chezy\/","url":"https:\/\/clavreuil-wordpress.logiciel-arteo.fr\/en\/kazwini-mohammed-ben-mohammed-extraits-du-livre-des-merveilles-de-la-nature-et-des-singularites-des-choses-creees-traduits-par-antoine-leonard-chezy\/","name":"KAZWINI Mohammed ben Mohammed Extraits du livre des merveilles de la nature et des singularit\u00e9s des choses cr\u00e9\u00e9es. Traduits par A[ntoine]-L[\u00e9onard] Ch\u00e9zy. - Libairie Clavreuil","isPartOf":{"@id":"https:\/\/clavreuil-wordpress.logiciel-arteo.fr\/#website"},"primaryImageOfPage":{"@id":"https:\/\/clavreuil-wordpress.logiciel-arteo.fr\/en\/kazwini-mohammed-ben-mohammed-extraits-du-livre-des-merveilles-de-la-nature-et-des-singularites-des-choses-creees-traduits-par-antoine-leonard-chezy\/#primaryimage"},"image":{"@id":"https:\/\/clavreuil-wordpress.logiciel-arteo.fr\/en\/kazwini-mohammed-ben-mohammed-extraits-du-livre-des-merveilles-de-la-nature-et-des-singularites-des-choses-creees-traduits-par-antoine-leonard-chezy\/#primaryimage"},"thumbnailUrl":"https:\/\/clavreuil-wordpress.logiciel-arteo.fr\/wp-content\/uploads\/2024\/04\/mohammed-ben-mohammed-kazwini-extraits-du-livre-des-merveilles-de-la-nature-et-des-singularites-des-choses-creees-traduits-par-a-ntoine-l-eonard-chezy-scaled.jpg","datePublished":"2024-04-24T10:25:33+00:00","dateModified":"2024-04-24T10:26:10+00:00","breadcrumb":{"@id":"https:\/\/clavreuil-wordpress.logiciel-arteo.fr\/en\/kazwini-mohammed-ben-mohammed-extraits-du-livre-des-merveilles-de-la-nature-et-des-singularites-des-choses-creees-traduits-par-antoine-leonard-chezy\/#breadcrumb"},"inLanguage":"en-US","potentialAction":[{"@type":"ReadAction","target":["https:\/\/clavreuil-wordpress.logiciel-arteo.fr\/en\/kazwini-mohammed-ben-mohammed-extraits-du-livre-des-merveilles-de-la-nature-et-des-singularites-des-choses-creees-traduits-par-antoine-leonard-chezy\/"]}]},{"@type":"ImageObject","inLanguage":"en-US","@id":"https:\/\/clavreuil-wordpress.logiciel-arteo.fr\/en\/kazwini-mohammed-ben-mohammed-extraits-du-livre-des-merveilles-de-la-nature-et-des-singularites-des-choses-creees-traduits-par-antoine-leonard-chezy\/#primaryimage","url":"https:\/\/clavreuil-wordpress.logiciel-arteo.fr\/wp-content\/uploads\/2024\/04\/mohammed-ben-mohammed-kazwini-extraits-du-livre-des-merveilles-de-la-nature-et-des-singularites-des-choses-creees-traduits-par-a-ntoine-l-eonard-chezy-scaled.jpg","contentUrl":"https:\/\/clavreuil-wordpress.logiciel-arteo.fr\/wp-content\/uploads\/2024\/04\/mohammed-ben-mohammed-kazwini-extraits-du-livre-des-merveilles-de-la-nature-et-des-singularites-des-choses-creees-traduits-par-a-ntoine-l-eonard-chezy-scaled.jpg","width":1695,"height":2560},{"@type":"BreadcrumbList","@id":"https:\/\/clavreuil-wordpress.logiciel-arteo.fr\/en\/kazwini-mohammed-ben-mohammed-extraits-du-livre-des-merveilles-de-la-nature-et-des-singularites-des-choses-creees-traduits-par-antoine-leonard-chezy\/#breadcrumb","itemListElement":[{"@type":"ListItem","position":1,"name":"Accueil","item":"https:\/\/clavreuil-wordpress.logiciel-arteo.fr\/"},{"@type":"ListItem","position":2,"name":"All our books","item":"https:\/\/clavreuil-wordpress.logiciel-arteo.fr\/en\/all-our-books\/"},{"@type":"ListItem","position":3,"name":"KAZWINI Mohammed ben Mohammed Extraits du livre des..."}]},{"@type":"WebSite","@id":"https:\/\/clavreuil-wordpress.logiciel-arteo.fr\/#website","url":"https:\/\/clavreuil-wordpress.logiciel-arteo.fr\/","name":"Libairie Clavreuil","description":"","publisher":{"@id":"https:\/\/clavreuil-wordpress.logiciel-arteo.fr\/#organization"},"potentialAction":[{"@type":"SearchAction","target":{"@type":"EntryPoint","urlTemplate":"https:\/\/clavreuil-wordpress.logiciel-arteo.fr\/?s={search_term_string}"},"query-input":{"@type":"PropertyValueSpecification","valueRequired":true,"valueName":"search_term_string"}}],"inLanguage":"en-US"},{"@type":"Organization","@id":"https:\/\/clavreuil-wordpress.logiciel-arteo.fr\/#organization","name":"Libairie Clavreuil","url":"https:\/\/clavreuil-wordpress.logiciel-arteo.fr\/","logo":{"@type":"ImageObject","inLanguage":"en-US","@id":"https:\/\/clavreuil-wordpress.logiciel-arteo.fr\/#\/schema\/logo\/image\/","url":"https:\/\/clavreuil-wordpress.logiciel-arteo.fr\/wp-content\/uploads\/2021\/05\/LOGO_PNG_DATE-_gold.png","contentUrl":"https:\/\/clavreuil-wordpress.logiciel-arteo.fr\/wp-content\/uploads\/2021\/05\/LOGO_PNG_DATE-_gold.png","width":2083,"height":1917,"caption":"Libairie Clavreuil"},"image":{"@id":"https:\/\/clavreuil-wordpress.logiciel-arteo.fr\/#\/schema\/logo\/image\/"}}]}},"_links":{"self":[{"href":"https:\/\/clavreuil-wordpress.logiciel-arteo.fr\/en\/wp-json\/wp\/v2\/product\/75087","targetHints":{"allow":["GET"]}}],"collection":[{"href":"https:\/\/clavreuil-wordpress.logiciel-arteo.fr\/en\/wp-json\/wp\/v2\/product"}],"about":[{"href":"https:\/\/clavreuil-wordpress.logiciel-arteo.fr\/en\/wp-json\/wp\/v2\/types\/product"}],"replies":[{"embeddable":true,"href":"https:\/\/clavreuil-wordpress.logiciel-arteo.fr\/en\/wp-json\/wp\/v2\/comments?post=75087"}],"wp:featuredmedia":[{"embeddable":true,"href":"https:\/\/clavreuil-wordpress.logiciel-arteo.fr\/en\/wp-json\/wp\/v2\/media\/75078"}],"wp:attachment":[{"href":"https:\/\/clavreuil-wordpress.logiciel-arteo.fr\/en\/wp-json\/wp\/v2\/media?parent=75087"}],"wp:term":[{"taxonomy":"product_brand","embeddable":true,"href":"https:\/\/clavreuil-wordpress.logiciel-arteo.fr\/en\/wp-json\/wp\/v2\/product_brand?post=75087"},{"taxonomy":"product_cat","embeddable":true,"href":"https:\/\/clavreuil-wordpress.logiciel-arteo.fr\/en\/wp-json\/wp\/v2\/product_cat?post=75087"},{"taxonomy":"product_tag","embeddable":true,"href":"https:\/\/clavreuil-wordpress.logiciel-arteo.fr\/en\/wp-json\/wp\/v2\/product_tag?post=75087"}],"curies":[{"name":"wp","href":"https:\/\/api.w.org\/{rel}","templated":true}]}}