{"id":75109,"date":"2024-04-24T12:28:01","date_gmt":"2024-04-24T10:28:01","guid":{"rendered":"https:\/\/clavreuil-wordpress.logiciel-arteo.fr\/lanjuinais-jean-denis-illustrazione-duno-zodiaco-orientale-eclaircissements-sur-un-zodiaque-oriental-du-cabinet-des-medailles-de-la-bibliotheque-imperiale-de-paris-recemment-decouvert-sur-les\/"},"modified":"2024-04-24T12:28:26","modified_gmt":"2024-04-24T10:28:26","slug":"lanjuinais-jean-denis-illustrazione-duno-zodiaco-orientale-eclaircissements-sur-un-zodiaque-oriental-du-cabinet-des-medailles-de-la-bibliotheque-imperiale-de-paris-recemment-decouvert-sur-les","status":"publish","type":"product","link":"https:\/\/clavreuil-wordpress.logiciel-arteo.fr\/en\/lanjuinais-jean-denis-illustrazione-duno-zodiaco-orientale-eclaircissements-sur-un-zodiaque-oriental-du-cabinet-des-medailles-de-la-bibliotheque-imperiale-de-paris-recemment-decouvert-sur-les\/","title":{"rendered":"LANJUINAIS Jean-Denis Illustrazione d&#8217;uno Zodiaco orientale&#8230; \u00c9claircissements sur..."},"content":{"rendered":"<p style=\"text-align:justify\">Off-print from: <em>Moniteur,<\/em> no 337, An 1811.<\/p>\n<p style=\"text-align:justify\">Critical essay by Jean-Ren&eacute; Lanjuinais (1753-1827), French lawyer and politic from the city of Rennes. His work concerns a recent work by Hager on the discovery of a Babylonian relief depicting a zodiac and is in praise of the knowledge of its author.<\/p>\n<p style=\"text-align:justify\">&quot;Rien n&#039;est plus propre &agrave; exciter la curiosit&eacute; que l&#039;annonce d&#039;un ancien zodiaque oriental, et surtout d&#039;un zodiaque tel que celui-ci, d&eacute;couvert dans la Babylone&#8230; Les personnes impartiales conviendront aussi, que M. Hager, auteur de tant d&#039;ouvrages, en diverses langues de l&#039;Europe, sur les sujets les plus piquans de la litt&eacute;rature orientale, est assez connu par ses doctes veilles, pour que son nom ajoute &agrave; l&#039;int&eacute;r&ecirc;t que fait na&icirc;tre le titre de ce nouveau livre&#8230; Des Fran&ccedil;ais de l&#039;exp&eacute;dition d&#039;Egypte ont cru appercevoir dans les fameux zodiaques de Dendera et d&#039;Esn&eacute; de quoi appuyer les hypoth&egrave;ses hardies du membre de l&#039;Institut que nous avons d&eacute;sign&eacute;&#8230; La nouveaut&eacute; relative des deux zodiaques trouv&eacute;s en Egypte a &eacute;t&eacute; soutenue par les plus habiles antiquaires, et particuli&egrave;rement celle du zodiaque de Dendera, par le c&eacute;l&egrave;bre M. Visconti, membre de l&#039;Institut&#8230; Ce nouveau livre est l&#039;utile r&eacute;sultat de rares connaissances, d&#039;une longue m&eacute;ditation, d&#039;une grande sagacit&eacute; et d&#039;un long travail&quot;.<\/p>\n<p style=\"text-align:justify\">Provenance: Encyclop&eacute;die B&eacute;n&eacute;dictine (library stramp).<\/p>\n","protected":false},"excerpt":{"rendered":"<p>8vo (188 x 119 mm) 16 pp. Disbound.<\/p>\n","protected":false},"featured_media":75106,"comment_status":"open","ping_status":"closed","template":"","meta":{"_acf_changed":false},"product_brand":[],"product_cat":[552],"product_tag":[1355],"class_list":{"0":"post-75109","1":"product","2":"type-product","3":"status-publish","4":"has-post-thumbnail","6":"product_cat-travel","7":"product_tag-egypt-ethiopia","8":"pa_auteur-jean-denis-lanjuinais-2","9":"pa_type-de-livre-printed-book","11":"first","12":"instock","13":"shipping-taxable","14":"purchasable","15":"product-type-simple"},"acf":[],"yoast_head":"<!-- This site is optimized with the Yoast SEO plugin v24.3 - https:\/\/yoast.com\/wordpress\/plugins\/seo\/ -->\n<title>LANJUINAIS Jean-Denis Illustrazione d&#039;uno Zodiaco orientale... \u00c9claircissements sur un Zodiaque oriental, du cabinet des m\u00e9dailles de la Biblioth\u00e8que imp\u00e9riale de Paris, r\u00e9cemment d\u00e9couvert sur les bords du Tigre, non loin des ruines de Babylone, par Joseph Hager. - Libairie Clavreuil<\/title>\n<meta name=\"robots\" content=\"noindex, follow, max-snippet:-1, max-image-preview:large, max-video-preview:-1\" \/>\n<meta property=\"og:locale\" content=\"en_US\" \/>\n<meta property=\"og:type\" content=\"article\" \/>\n<meta property=\"og:title\" content=\"LANJUINAIS Jean-Denis Illustrazione d&#039;uno Zodiaco orientale... \u00c9claircissements sur un Zodiaque oriental, du cabinet des m\u00e9dailles de la Biblioth\u00e8que imp\u00e9riale de Paris, r\u00e9cemment d\u00e9couvert sur les bords du Tigre, non loin des ruines de Babylone, par Joseph Hager. - Libairie Clavreuil\" \/>\n<meta property=\"og:description\" content=\"8vo (188 x 119 mm) 16 pp. Disbound.\" \/>\n<meta property=\"og:url\" content=\"https:\/\/clavreuil-wordpress.logiciel-arteo.fr\/en\/lanjuinais-jean-denis-illustrazione-duno-zodiaco-orientale-eclaircissements-sur-un-zodiaque-oriental-du-cabinet-des-medailles-de-la-bibliotheque-imperiale-de-paris-recemment-decouvert-sur-les\/\" \/>\n<meta property=\"og:site_name\" content=\"Libairie Clavreuil\" \/>\n<meta property=\"article:modified_time\" content=\"2024-04-24T10:28:26+00:00\" \/>\n<meta property=\"og:image\" content=\"https:\/\/clavreuil-wordpress.logiciel-arteo.fr\/wp-content\/uploads\/2024\/04\/jean-denis-lanjuinais-illustrazione-d-uno-zodiaco-orientale-eclaircissements-sur-un-zodiaque-oriental-du-cabinet-des-medailles-de-la-bibliotheque-impe.jpg\" \/>\n\t<meta property=\"og:image:width\" content=\"850\" \/>\n\t<meta property=\"og:image:height\" content=\"1354\" \/>\n\t<meta property=\"og:image:type\" content=\"image\/jpeg\" \/>\n<meta name=\"twitter:card\" content=\"summary_large_image\" \/>\n<meta name=\"twitter:label1\" content=\"Est. reading time\" \/>\n\t<meta name=\"twitter:data1\" content=\"1 minute\" \/>\n<script type=\"application\/ld+json\" class=\"yoast-schema-graph\">{\"@context\":\"https:\/\/schema.org\",\"@graph\":[{\"@type\":\"WebPage\",\"@id\":\"https:\/\/clavreuil-wordpress.logiciel-arteo.fr\/en\/lanjuinais-jean-denis-illustrazione-duno-zodiaco-orientale-eclaircissements-sur-un-zodiaque-oriental-du-cabinet-des-medailles-de-la-bibliotheque-imperiale-de-paris-recemment-decouvert-sur-les\/\",\"url\":\"https:\/\/clavreuil-wordpress.logiciel-arteo.fr\/en\/lanjuinais-jean-denis-illustrazione-duno-zodiaco-orientale-eclaircissements-sur-un-zodiaque-oriental-du-cabinet-des-medailles-de-la-bibliotheque-imperiale-de-paris-recemment-decouvert-sur-les\/\",\"name\":\"LANJUINAIS Jean-Denis Illustrazione d'uno Zodiaco orientale... \u00c9claircissements sur un Zodiaque oriental, du cabinet des m\u00e9dailles de la Biblioth\u00e8que imp\u00e9riale de Paris, r\u00e9cemment d\u00e9couvert sur les bords du Tigre, non loin des ruines de Babylone, par Joseph Hager. - Libairie Clavreuil\",\"isPartOf\":{\"@id\":\"https:\/\/clavreuil-wordpress.logiciel-arteo.fr\/#website\"},\"primaryImageOfPage\":{\"@id\":\"https:\/\/clavreuil-wordpress.logiciel-arteo.fr\/en\/lanjuinais-jean-denis-illustrazione-duno-zodiaco-orientale-eclaircissements-sur-un-zodiaque-oriental-du-cabinet-des-medailles-de-la-bibliotheque-imperiale-de-paris-recemment-decouvert-sur-les\/#primaryimage\"},\"image\":{\"@id\":\"https:\/\/clavreuil-wordpress.logiciel-arteo.fr\/en\/lanjuinais-jean-denis-illustrazione-duno-zodiaco-orientale-eclaircissements-sur-un-zodiaque-oriental-du-cabinet-des-medailles-de-la-bibliotheque-imperiale-de-paris-recemment-decouvert-sur-les\/#primaryimage\"},\"thumbnailUrl\":\"https:\/\/clavreuil-wordpress.logiciel-arteo.fr\/wp-content\/uploads\/2024\/04\/jean-denis-lanjuinais-illustrazione-d-uno-zodiaco-orientale-eclaircissements-sur-un-zodiaque-oriental-du-cabinet-des-medailles-de-la-bibliotheque-impe.jpg\",\"datePublished\":\"2024-04-24T10:28:01+00:00\",\"dateModified\":\"2024-04-24T10:28:26+00:00\",\"breadcrumb\":{\"@id\":\"https:\/\/clavreuil-wordpress.logiciel-arteo.fr\/en\/lanjuinais-jean-denis-illustrazione-duno-zodiaco-orientale-eclaircissements-sur-un-zodiaque-oriental-du-cabinet-des-medailles-de-la-bibliotheque-imperiale-de-paris-recemment-decouvert-sur-les\/#breadcrumb\"},\"inLanguage\":\"en-US\",\"potentialAction\":[{\"@type\":\"ReadAction\",\"target\":[\"https:\/\/clavreuil-wordpress.logiciel-arteo.fr\/en\/lanjuinais-jean-denis-illustrazione-duno-zodiaco-orientale-eclaircissements-sur-un-zodiaque-oriental-du-cabinet-des-medailles-de-la-bibliotheque-imperiale-de-paris-recemment-decouvert-sur-les\/\"]}]},{\"@type\":\"ImageObject\",\"inLanguage\":\"en-US\",\"@id\":\"https:\/\/clavreuil-wordpress.logiciel-arteo.fr\/en\/lanjuinais-jean-denis-illustrazione-duno-zodiaco-orientale-eclaircissements-sur-un-zodiaque-oriental-du-cabinet-des-medailles-de-la-bibliotheque-imperiale-de-paris-recemment-decouvert-sur-les\/#primaryimage\",\"url\":\"https:\/\/clavreuil-wordpress.logiciel-arteo.fr\/wp-content\/uploads\/2024\/04\/jean-denis-lanjuinais-illustrazione-d-uno-zodiaco-orientale-eclaircissements-sur-un-zodiaque-oriental-du-cabinet-des-medailles-de-la-bibliotheque-impe.jpg\",\"contentUrl\":\"https:\/\/clavreuil-wordpress.logiciel-arteo.fr\/wp-content\/uploads\/2024\/04\/jean-denis-lanjuinais-illustrazione-d-uno-zodiaco-orientale-eclaircissements-sur-un-zodiaque-oriental-du-cabinet-des-medailles-de-la-bibliotheque-impe.jpg\",\"width\":850,\"height\":1354},{\"@type\":\"BreadcrumbList\",\"@id\":\"https:\/\/clavreuil-wordpress.logiciel-arteo.fr\/en\/lanjuinais-jean-denis-illustrazione-duno-zodiaco-orientale-eclaircissements-sur-un-zodiaque-oriental-du-cabinet-des-medailles-de-la-bibliotheque-imperiale-de-paris-recemment-decouvert-sur-les\/#breadcrumb\",\"itemListElement\":[{\"@type\":\"ListItem\",\"position\":1,\"name\":\"Accueil\",\"item\":\"https:\/\/clavreuil-wordpress.logiciel-arteo.fr\/\"},{\"@type\":\"ListItem\",\"position\":2,\"name\":\"All our books\",\"item\":\"https:\/\/clavreuil-wordpress.logiciel-arteo.fr\/en\/all-our-books\/\"},{\"@type\":\"ListItem\",\"position\":3,\"name\":\"LANJUINAIS Jean-Denis Illustrazione d&#8217;uno Zodiaco orientale&#8230; \u00c9claircissements sur...\"}]},{\"@type\":\"WebSite\",\"@id\":\"https:\/\/clavreuil-wordpress.logiciel-arteo.fr\/#website\",\"url\":\"https:\/\/clavreuil-wordpress.logiciel-arteo.fr\/\",\"name\":\"Libairie Clavreuil\",\"description\":\"\",\"publisher\":{\"@id\":\"https:\/\/clavreuil-wordpress.logiciel-arteo.fr\/#organization\"},\"potentialAction\":[{\"@type\":\"SearchAction\",\"target\":{\"@type\":\"EntryPoint\",\"urlTemplate\":\"https:\/\/clavreuil-wordpress.logiciel-arteo.fr\/?s={search_term_string}\"},\"query-input\":{\"@type\":\"PropertyValueSpecification\",\"valueRequired\":true,\"valueName\":\"search_term_string\"}}],\"inLanguage\":\"en-US\"},{\"@type\":\"Organization\",\"@id\":\"https:\/\/clavreuil-wordpress.logiciel-arteo.fr\/#organization\",\"name\":\"Libairie Clavreuil\",\"url\":\"https:\/\/clavreuil-wordpress.logiciel-arteo.fr\/\",\"logo\":{\"@type\":\"ImageObject\",\"inLanguage\":\"en-US\",\"@id\":\"https:\/\/clavreuil-wordpress.logiciel-arteo.fr\/#\/schema\/logo\/image\/\",\"url\":\"https:\/\/clavreuil-wordpress.logiciel-arteo.fr\/wp-content\/uploads\/2021\/05\/LOGO_PNG_DATE-_gold.png\",\"contentUrl\":\"https:\/\/clavreuil-wordpress.logiciel-arteo.fr\/wp-content\/uploads\/2021\/05\/LOGO_PNG_DATE-_gold.png\",\"width\":2083,\"height\":1917,\"caption\":\"Libairie Clavreuil\"},\"image\":{\"@id\":\"https:\/\/clavreuil-wordpress.logiciel-arteo.fr\/#\/schema\/logo\/image\/\"}}]}<\/script>\n<!-- \/ Yoast SEO plugin. -->","yoast_head_json":{"title":"LANJUINAIS Jean-Denis Illustrazione d'uno Zodiaco orientale... \u00c9claircissements sur un Zodiaque oriental, du cabinet des m\u00e9dailles de la Biblioth\u00e8que imp\u00e9riale de Paris, r\u00e9cemment d\u00e9couvert sur les bords du Tigre, non loin des ruines de Babylone, par Joseph Hager. - Libairie Clavreuil","robots":{"index":"noindex","follow":"follow","max-snippet":"max-snippet:-1","max-image-preview":"max-image-preview:large","max-video-preview":"max-video-preview:-1"},"og_locale":"en_US","og_type":"article","og_title":"LANJUINAIS Jean-Denis Illustrazione d'uno Zodiaco orientale... \u00c9claircissements sur un Zodiaque oriental, du cabinet des m\u00e9dailles de la Biblioth\u00e8que imp\u00e9riale de Paris, r\u00e9cemment d\u00e9couvert sur les bords du Tigre, non loin des ruines de Babylone, par Joseph Hager. - Libairie Clavreuil","og_description":"8vo (188 x 119 mm) 16 pp. Disbound.","og_url":"https:\/\/clavreuil-wordpress.logiciel-arteo.fr\/en\/lanjuinais-jean-denis-illustrazione-duno-zodiaco-orientale-eclaircissements-sur-un-zodiaque-oriental-du-cabinet-des-medailles-de-la-bibliotheque-imperiale-de-paris-recemment-decouvert-sur-les\/","og_site_name":"Libairie Clavreuil","article_modified_time":"2024-04-24T10:28:26+00:00","og_image":[{"width":850,"height":1354,"url":"https:\/\/clavreuil-wordpress.logiciel-arteo.fr\/wp-content\/uploads\/2024\/04\/jean-denis-lanjuinais-illustrazione-d-uno-zodiaco-orientale-eclaircissements-sur-un-zodiaque-oriental-du-cabinet-des-medailles-de-la-bibliotheque-impe.jpg","type":"image\/jpeg"}],"twitter_card":"summary_large_image","twitter_misc":{"Est. reading time":"1 minute"},"schema":{"@context":"https:\/\/schema.org","@graph":[{"@type":"WebPage","@id":"https:\/\/clavreuil-wordpress.logiciel-arteo.fr\/en\/lanjuinais-jean-denis-illustrazione-duno-zodiaco-orientale-eclaircissements-sur-un-zodiaque-oriental-du-cabinet-des-medailles-de-la-bibliotheque-imperiale-de-paris-recemment-decouvert-sur-les\/","url":"https:\/\/clavreuil-wordpress.logiciel-arteo.fr\/en\/lanjuinais-jean-denis-illustrazione-duno-zodiaco-orientale-eclaircissements-sur-un-zodiaque-oriental-du-cabinet-des-medailles-de-la-bibliotheque-imperiale-de-paris-recemment-decouvert-sur-les\/","name":"LANJUINAIS Jean-Denis Illustrazione d'uno Zodiaco orientale... \u00c9claircissements sur un Zodiaque oriental, du cabinet des m\u00e9dailles de la Biblioth\u00e8que imp\u00e9riale de Paris, r\u00e9cemment d\u00e9couvert sur les bords du Tigre, non loin des ruines de Babylone, par Joseph Hager. - Libairie Clavreuil","isPartOf":{"@id":"https:\/\/clavreuil-wordpress.logiciel-arteo.fr\/#website"},"primaryImageOfPage":{"@id":"https:\/\/clavreuil-wordpress.logiciel-arteo.fr\/en\/lanjuinais-jean-denis-illustrazione-duno-zodiaco-orientale-eclaircissements-sur-un-zodiaque-oriental-du-cabinet-des-medailles-de-la-bibliotheque-imperiale-de-paris-recemment-decouvert-sur-les\/#primaryimage"},"image":{"@id":"https:\/\/clavreuil-wordpress.logiciel-arteo.fr\/en\/lanjuinais-jean-denis-illustrazione-duno-zodiaco-orientale-eclaircissements-sur-un-zodiaque-oriental-du-cabinet-des-medailles-de-la-bibliotheque-imperiale-de-paris-recemment-decouvert-sur-les\/#primaryimage"},"thumbnailUrl":"https:\/\/clavreuil-wordpress.logiciel-arteo.fr\/wp-content\/uploads\/2024\/04\/jean-denis-lanjuinais-illustrazione-d-uno-zodiaco-orientale-eclaircissements-sur-un-zodiaque-oriental-du-cabinet-des-medailles-de-la-bibliotheque-impe.jpg","datePublished":"2024-04-24T10:28:01+00:00","dateModified":"2024-04-24T10:28:26+00:00","breadcrumb":{"@id":"https:\/\/clavreuil-wordpress.logiciel-arteo.fr\/en\/lanjuinais-jean-denis-illustrazione-duno-zodiaco-orientale-eclaircissements-sur-un-zodiaque-oriental-du-cabinet-des-medailles-de-la-bibliotheque-imperiale-de-paris-recemment-decouvert-sur-les\/#breadcrumb"},"inLanguage":"en-US","potentialAction":[{"@type":"ReadAction","target":["https:\/\/clavreuil-wordpress.logiciel-arteo.fr\/en\/lanjuinais-jean-denis-illustrazione-duno-zodiaco-orientale-eclaircissements-sur-un-zodiaque-oriental-du-cabinet-des-medailles-de-la-bibliotheque-imperiale-de-paris-recemment-decouvert-sur-les\/"]}]},{"@type":"ImageObject","inLanguage":"en-US","@id":"https:\/\/clavreuil-wordpress.logiciel-arteo.fr\/en\/lanjuinais-jean-denis-illustrazione-duno-zodiaco-orientale-eclaircissements-sur-un-zodiaque-oriental-du-cabinet-des-medailles-de-la-bibliotheque-imperiale-de-paris-recemment-decouvert-sur-les\/#primaryimage","url":"https:\/\/clavreuil-wordpress.logiciel-arteo.fr\/wp-content\/uploads\/2024\/04\/jean-denis-lanjuinais-illustrazione-d-uno-zodiaco-orientale-eclaircissements-sur-un-zodiaque-oriental-du-cabinet-des-medailles-de-la-bibliotheque-impe.jpg","contentUrl":"https:\/\/clavreuil-wordpress.logiciel-arteo.fr\/wp-content\/uploads\/2024\/04\/jean-denis-lanjuinais-illustrazione-d-uno-zodiaco-orientale-eclaircissements-sur-un-zodiaque-oriental-du-cabinet-des-medailles-de-la-bibliotheque-impe.jpg","width":850,"height":1354},{"@type":"BreadcrumbList","@id":"https:\/\/clavreuil-wordpress.logiciel-arteo.fr\/en\/lanjuinais-jean-denis-illustrazione-duno-zodiaco-orientale-eclaircissements-sur-un-zodiaque-oriental-du-cabinet-des-medailles-de-la-bibliotheque-imperiale-de-paris-recemment-decouvert-sur-les\/#breadcrumb","itemListElement":[{"@type":"ListItem","position":1,"name":"Accueil","item":"https:\/\/clavreuil-wordpress.logiciel-arteo.fr\/"},{"@type":"ListItem","position":2,"name":"All our books","item":"https:\/\/clavreuil-wordpress.logiciel-arteo.fr\/en\/all-our-books\/"},{"@type":"ListItem","position":3,"name":"LANJUINAIS Jean-Denis Illustrazione d&#8217;uno Zodiaco orientale&#8230; \u00c9claircissements sur..."}]},{"@type":"WebSite","@id":"https:\/\/clavreuil-wordpress.logiciel-arteo.fr\/#website","url":"https:\/\/clavreuil-wordpress.logiciel-arteo.fr\/","name":"Libairie Clavreuil","description":"","publisher":{"@id":"https:\/\/clavreuil-wordpress.logiciel-arteo.fr\/#organization"},"potentialAction":[{"@type":"SearchAction","target":{"@type":"EntryPoint","urlTemplate":"https:\/\/clavreuil-wordpress.logiciel-arteo.fr\/?s={search_term_string}"},"query-input":{"@type":"PropertyValueSpecification","valueRequired":true,"valueName":"search_term_string"}}],"inLanguage":"en-US"},{"@type":"Organization","@id":"https:\/\/clavreuil-wordpress.logiciel-arteo.fr\/#organization","name":"Libairie Clavreuil","url":"https:\/\/clavreuil-wordpress.logiciel-arteo.fr\/","logo":{"@type":"ImageObject","inLanguage":"en-US","@id":"https:\/\/clavreuil-wordpress.logiciel-arteo.fr\/#\/schema\/logo\/image\/","url":"https:\/\/clavreuil-wordpress.logiciel-arteo.fr\/wp-content\/uploads\/2021\/05\/LOGO_PNG_DATE-_gold.png","contentUrl":"https:\/\/clavreuil-wordpress.logiciel-arteo.fr\/wp-content\/uploads\/2021\/05\/LOGO_PNG_DATE-_gold.png","width":2083,"height":1917,"caption":"Libairie Clavreuil"},"image":{"@id":"https:\/\/clavreuil-wordpress.logiciel-arteo.fr\/#\/schema\/logo\/image\/"}}]}},"_links":{"self":[{"href":"https:\/\/clavreuil-wordpress.logiciel-arteo.fr\/en\/wp-json\/wp\/v2\/product\/75109","targetHints":{"allow":["GET"]}}],"collection":[{"href":"https:\/\/clavreuil-wordpress.logiciel-arteo.fr\/en\/wp-json\/wp\/v2\/product"}],"about":[{"href":"https:\/\/clavreuil-wordpress.logiciel-arteo.fr\/en\/wp-json\/wp\/v2\/types\/product"}],"replies":[{"embeddable":true,"href":"https:\/\/clavreuil-wordpress.logiciel-arteo.fr\/en\/wp-json\/wp\/v2\/comments?post=75109"}],"wp:featuredmedia":[{"embeddable":true,"href":"https:\/\/clavreuil-wordpress.logiciel-arteo.fr\/en\/wp-json\/wp\/v2\/media\/75106"}],"wp:attachment":[{"href":"https:\/\/clavreuil-wordpress.logiciel-arteo.fr\/en\/wp-json\/wp\/v2\/media?parent=75109"}],"wp:term":[{"taxonomy":"product_brand","embeddable":true,"href":"https:\/\/clavreuil-wordpress.logiciel-arteo.fr\/en\/wp-json\/wp\/v2\/product_brand?post=75109"},{"taxonomy":"product_cat","embeddable":true,"href":"https:\/\/clavreuil-wordpress.logiciel-arteo.fr\/en\/wp-json\/wp\/v2\/product_cat?post=75109"},{"taxonomy":"product_tag","embeddable":true,"href":"https:\/\/clavreuil-wordpress.logiciel-arteo.fr\/en\/wp-json\/wp\/v2\/product_tag?post=75109"}],"curies":[{"name":"wp","href":"https:\/\/api.w.org\/{rel}","templated":true}]}}