{"id":75117,"date":"2024-04-24T12:29:02","date_gmt":"2024-04-24T10:29:02","guid":{"rendered":"https:\/\/clavreuil-wordpress.logiciel-arteo.fr\/champollion-jean-francois-lettre-sur-la-decouverte-des-hieroglyphes-acrologiques-adressee-a-m-le-chev-de-goulianoff-par-m-klaproth-analyse-critique-de-cet-ouvrage\/"},"modified":"2024-04-24T12:29:26","modified_gmt":"2024-04-24T10:29:26","slug":"champollion-jean-francois-lettre-sur-la-decouverte-des-hieroglyphes-acrologiques-adressee-a-m-le-chev-de-goulianoff-par-m-klaproth-analyse-critique-de-cet-ouvrage","status":"publish","type":"product","link":"https:\/\/clavreuil-wordpress.logiciel-arteo.fr\/en\/champollion-jean-francois-lettre-sur-la-decouverte-des-hieroglyphes-acrologiques-adressee-a-m-le-chev-de-goulianoff-par-m-klaproth-analyse-critique-de-cet-ouvrage\/","title":{"rendered":"CHAMPOLLION Jean-Fran\u00e7ois Lettre sur la d\u00e9couverte des hieroglyphes..."},"content":{"rendered":"<p style=\"text-align:justify\">Off-print from: <em>Bulletin universel des sciences<\/em>, April 1827.<\/p>\n<p style=\"text-align:justify\">Champollion defends strongly his solution of the lecture of the hieroglyphs against the method suggested by Goulianoff and Klaproth and methodologically disarms the pseudo-scientific explanation given by the fellow scientists who know nothing about Coptic or Egyptian. &quot;&#8230;un grand nombre enfin, cit&eacute;s en t&eacute;moignage, ne d&eacute;montrent autre chose, sinon que l&#039;auteur du syst&egrave;me ne conna&icirc;t m&ecirc;me pas les premiers &eacute;l&eacute;mens de la grammaire copte ou &eacute;gyptienne. Ce jugement peut para&icirc;tre s&eacute;v&egrave;re; aussi nous h&acirc;terons-nous d&#039;&eacute;tablir sur des preuves mat&eacute;rielles, en montrant que la plus grande partie des applications des id&eacute;es de M. de Goulianoff au livre d&#039;Horapollon, n&#039;ont aucun r&eacute;sultat raisonnable, et en nous servant aussi du livre m&ecirc;me qu&#039;il cite &agrave; l&#039;appui de son syst&egrave;me, pour en d&eacute;montrer au contraire le peu de fondement et les bases ruineuses&#8230;&quot;<\/p>\n<p style=\"text-align:justify\">Champollion finishes the essay with a strong defense of the Egyptian culture. &quot;Mais il e&ucirc;t &eacute;t&eacute; convenable, il nous semble, d&#039;attendre d&#039;abord que le syst&egrave;me annonc&eacute; e&ucirc;t re&ccedil;u l&#039;approbation d&eacute;finitive des savans qui ont seuls le droit de prononcer sur une semblable mati&egrave;re, avant de se croire permis de traiter les anciens &Eacute;gyptiens de peuple &agrave; esprit born&eacute; et &agrave; id&eacute;es pu&eacute;riles, avant de penser que les pr&ecirc;tres de Diospolis et de Memphis ne &#039;s&#039;occupaient qu&#039;&agrave; apprendre par c&oelig;ur un tas de mauvais r&eacute;bus et d&#039;insipides calembours&#039;&quot;.<\/p>\n<p style=\"text-align:justify\">Significant association copy, inscribed by Champollion Figeac &quot;A M Berger de Xivrey de la part de M. Champollion Figeac&quot;. Jules Berger de Xivrey (1801-1863) started his education at the school in Saint Cyr, pursued at the lyc&eacute;e in Nancy and is given by the Duke of Orleans a post in 1819 in the administration of the forests. He quickly abandoned this place in order to study ancient Greek and published in 1823 his adaptation of Homer&#039;s Batrachomyomachie. He was elected member of the Acad&eacute;mie des inscriptions et belles-lettres, where he succeeded &Eacute;meric David, and took furthermore an important role in the committee of the Antiquit&eacute;s nationales. The copy is accompanied by a lengthy manuscript note, probably by Berger de Xivray, on the works by Goulianoff and Klaproth.<\/p>\n<p style=\"text-align:justify\">&quot;Hi&eacute;roglyphes acrologiques de Goulianoff (qui est en grec Joulianos, russifi&eacute;) En 1827 M Brown publia en Angleterre un Aper&ccedil;u sur les hi&eacute;roglyphes des l&#039;Egypte et du progr&egrave;s fait&#8230;; cette brochure anglaise fut traduite et publi&eacute;e en fran&ccedil;ais, &agrave; Paris et &agrave; Leipzig, et le traducteur fran&ccedil;ais y ajouta ces mots page 8: &quot;L&#039;auteur anglais a cru ne pas devoir parler de la d&eacute;couverte des hi&eacute;roglyphes acrologiques annonc&eacute;es par le chevalier Goulianoff, d&eacute;couverte que nous ne connaissons en effet que par la lettre adress&eacute;e par M Klaproth &agrave; ce savant. Le ton ironique qui r&egrave;gne dans cet &eacute;crit nous fait croire que l&#039;auteur a plut&ocirc;t voulu plaisanter son correspondant, que montrer une franche adh&eacute;sion &agrave; ce syst&egrave;me burlesque, qui ne repose que sur les explications hi&eacute;roglyphiques donn&eacute;es par Horapollon tandis que jusqu&#039;&agrave; pr&eacute;sent on n&#039;a d&eacute;couvert sur les monuments qui en constant ???? ou qui de bon semble &agrave; une acrologie qui peut???? d&#039;ailleurs d&#039;un syst&egrave;me d&#039;&eacute;criture d&#039;apr&egrave;s lequel on pourrait d&eacute;signer un dieu par un diable, et expimer l&#039;idiom nature par un nain, un nez ou une n&egrave;fle. Or le traducteur fran&ccedil;ais est M. Klaproth lui m&ecirc;me.<\/p>\n<p style=\"text-align:justify\">Il avait alors chang&eacute; d&#039;avis au sujet du ch. Goulianoff &amp; voulait se sauver du ridicule&#8230;<\/p>\n","protected":false},"excerpt":{"rendered":"<p>8vo (209 x 130 mm) 11 pp. Disbound, marbled wrappers.<\/p>\n","protected":false},"featured_media":75114,"comment_status":"open","ping_status":"closed","template":"","meta":{"_acf_changed":false},"product_brand":[],"product_cat":[552],"product_tag":[1355],"class_list":{"0":"post-75117","1":"product","2":"type-product","3":"status-publish","4":"has-post-thumbnail","6":"product_cat-travel","7":"product_tag-egypt-ethiopia","8":"pa_auteur-jean-francois-champollion-2","9":"pa_type-de-livre-printed-book","11":"first","12":"instock","13":"shipping-taxable","14":"purchasable","15":"product-type-simple"},"acf":[],"yoast_head":"<!-- This site is optimized with the Yoast SEO plugin v24.3 - https:\/\/yoast.com\/wordpress\/plugins\/seo\/ -->\n<title>CHAMPOLLION Jean-Fran\u00e7ois Lettre sur la d\u00e9couverte des hieroglyphes acrologiques adress\u00e9e \u00e0 M le chev. de Goulianoff, par M. Klaproth. Analyse critique de cet ouvrage. - Libairie Clavreuil<\/title>\n<meta name=\"robots\" content=\"noindex, follow, max-snippet:-1, max-image-preview:large, max-video-preview:-1\" \/>\n<meta property=\"og:locale\" content=\"en_US\" \/>\n<meta property=\"og:type\" content=\"article\" \/>\n<meta property=\"og:title\" content=\"CHAMPOLLION Jean-Fran\u00e7ois Lettre sur la d\u00e9couverte des hieroglyphes acrologiques adress\u00e9e \u00e0 M le chev. de Goulianoff, par M. Klaproth. Analyse critique de cet ouvrage. - Libairie Clavreuil\" \/>\n<meta property=\"og:description\" content=\"8vo (209 x 130 mm) 11 pp. Disbound, marbled wrappers.\" \/>\n<meta property=\"og:url\" content=\"https:\/\/clavreuil-wordpress.logiciel-arteo.fr\/en\/champollion-jean-francois-lettre-sur-la-decouverte-des-hieroglyphes-acrologiques-adressee-a-m-le-chev-de-goulianoff-par-m-klaproth-analyse-critique-de-cet-ouvrage\/\" \/>\n<meta property=\"og:site_name\" content=\"Libairie Clavreuil\" \/>\n<meta property=\"article:modified_time\" content=\"2024-04-24T10:29:26+00:00\" \/>\n<meta property=\"og:image\" content=\"https:\/\/clavreuil-wordpress.logiciel-arteo.fr\/wp-content\/uploads\/2024\/04\/jean-francois-champollion-lettre-sur-la-decouverte-des-hieroglyphes-acrologiques-adressee-a-m-le-chev-de-goulianoff-par-m-klaproth-analyse-critique-de.jpg\" \/>\n\t<meta property=\"og:image:width\" content=\"626\" \/>\n\t<meta property=\"og:image:height\" content=\"1034\" \/>\n\t<meta property=\"og:image:type\" content=\"image\/jpeg\" \/>\n<meta name=\"twitter:card\" content=\"summary_large_image\" \/>\n<meta name=\"twitter:label1\" content=\"Est. reading time\" \/>\n\t<meta name=\"twitter:data1\" content=\"4 minutes\" \/>\n<script type=\"application\/ld+json\" class=\"yoast-schema-graph\">{\"@context\":\"https:\/\/schema.org\",\"@graph\":[{\"@type\":\"WebPage\",\"@id\":\"https:\/\/clavreuil-wordpress.logiciel-arteo.fr\/en\/champollion-jean-francois-lettre-sur-la-decouverte-des-hieroglyphes-acrologiques-adressee-a-m-le-chev-de-goulianoff-par-m-klaproth-analyse-critique-de-cet-ouvrage\/\",\"url\":\"https:\/\/clavreuil-wordpress.logiciel-arteo.fr\/en\/champollion-jean-francois-lettre-sur-la-decouverte-des-hieroglyphes-acrologiques-adressee-a-m-le-chev-de-goulianoff-par-m-klaproth-analyse-critique-de-cet-ouvrage\/\",\"name\":\"CHAMPOLLION Jean-Fran\u00e7ois Lettre sur la d\u00e9couverte des hieroglyphes acrologiques adress\u00e9e \u00e0 M le chev. de Goulianoff, par M. Klaproth. Analyse critique de cet ouvrage. - Libairie Clavreuil\",\"isPartOf\":{\"@id\":\"https:\/\/clavreuil-wordpress.logiciel-arteo.fr\/#website\"},\"primaryImageOfPage\":{\"@id\":\"https:\/\/clavreuil-wordpress.logiciel-arteo.fr\/en\/champollion-jean-francois-lettre-sur-la-decouverte-des-hieroglyphes-acrologiques-adressee-a-m-le-chev-de-goulianoff-par-m-klaproth-analyse-critique-de-cet-ouvrage\/#primaryimage\"},\"image\":{\"@id\":\"https:\/\/clavreuil-wordpress.logiciel-arteo.fr\/en\/champollion-jean-francois-lettre-sur-la-decouverte-des-hieroglyphes-acrologiques-adressee-a-m-le-chev-de-goulianoff-par-m-klaproth-analyse-critique-de-cet-ouvrage\/#primaryimage\"},\"thumbnailUrl\":\"https:\/\/clavreuil-wordpress.logiciel-arteo.fr\/wp-content\/uploads\/2024\/04\/jean-francois-champollion-lettre-sur-la-decouverte-des-hieroglyphes-acrologiques-adressee-a-m-le-chev-de-goulianoff-par-m-klaproth-analyse-critique-de.jpg\",\"datePublished\":\"2024-04-24T10:29:02+00:00\",\"dateModified\":\"2024-04-24T10:29:26+00:00\",\"breadcrumb\":{\"@id\":\"https:\/\/clavreuil-wordpress.logiciel-arteo.fr\/en\/champollion-jean-francois-lettre-sur-la-decouverte-des-hieroglyphes-acrologiques-adressee-a-m-le-chev-de-goulianoff-par-m-klaproth-analyse-critique-de-cet-ouvrage\/#breadcrumb\"},\"inLanguage\":\"en-US\",\"potentialAction\":[{\"@type\":\"ReadAction\",\"target\":[\"https:\/\/clavreuil-wordpress.logiciel-arteo.fr\/en\/champollion-jean-francois-lettre-sur-la-decouverte-des-hieroglyphes-acrologiques-adressee-a-m-le-chev-de-goulianoff-par-m-klaproth-analyse-critique-de-cet-ouvrage\/\"]}]},{\"@type\":\"ImageObject\",\"inLanguage\":\"en-US\",\"@id\":\"https:\/\/clavreuil-wordpress.logiciel-arteo.fr\/en\/champollion-jean-francois-lettre-sur-la-decouverte-des-hieroglyphes-acrologiques-adressee-a-m-le-chev-de-goulianoff-par-m-klaproth-analyse-critique-de-cet-ouvrage\/#primaryimage\",\"url\":\"https:\/\/clavreuil-wordpress.logiciel-arteo.fr\/wp-content\/uploads\/2024\/04\/jean-francois-champollion-lettre-sur-la-decouverte-des-hieroglyphes-acrologiques-adressee-a-m-le-chev-de-goulianoff-par-m-klaproth-analyse-critique-de.jpg\",\"contentUrl\":\"https:\/\/clavreuil-wordpress.logiciel-arteo.fr\/wp-content\/uploads\/2024\/04\/jean-francois-champollion-lettre-sur-la-decouverte-des-hieroglyphes-acrologiques-adressee-a-m-le-chev-de-goulianoff-par-m-klaproth-analyse-critique-de.jpg\",\"width\":626,\"height\":1034},{\"@type\":\"BreadcrumbList\",\"@id\":\"https:\/\/clavreuil-wordpress.logiciel-arteo.fr\/en\/champollion-jean-francois-lettre-sur-la-decouverte-des-hieroglyphes-acrologiques-adressee-a-m-le-chev-de-goulianoff-par-m-klaproth-analyse-critique-de-cet-ouvrage\/#breadcrumb\",\"itemListElement\":[{\"@type\":\"ListItem\",\"position\":1,\"name\":\"Accueil\",\"item\":\"https:\/\/clavreuil-wordpress.logiciel-arteo.fr\/\"},{\"@type\":\"ListItem\",\"position\":2,\"name\":\"All our books\",\"item\":\"https:\/\/clavreuil-wordpress.logiciel-arteo.fr\/en\/all-our-books\/\"},{\"@type\":\"ListItem\",\"position\":3,\"name\":\"CHAMPOLLION Jean-Fran\u00e7ois Lettre sur la d\u00e9couverte des hieroglyphes...\"}]},{\"@type\":\"WebSite\",\"@id\":\"https:\/\/clavreuil-wordpress.logiciel-arteo.fr\/#website\",\"url\":\"https:\/\/clavreuil-wordpress.logiciel-arteo.fr\/\",\"name\":\"Libairie Clavreuil\",\"description\":\"\",\"publisher\":{\"@id\":\"https:\/\/clavreuil-wordpress.logiciel-arteo.fr\/#organization\"},\"potentialAction\":[{\"@type\":\"SearchAction\",\"target\":{\"@type\":\"EntryPoint\",\"urlTemplate\":\"https:\/\/clavreuil-wordpress.logiciel-arteo.fr\/?s={search_term_string}\"},\"query-input\":{\"@type\":\"PropertyValueSpecification\",\"valueRequired\":true,\"valueName\":\"search_term_string\"}}],\"inLanguage\":\"en-US\"},{\"@type\":\"Organization\",\"@id\":\"https:\/\/clavreuil-wordpress.logiciel-arteo.fr\/#organization\",\"name\":\"Libairie Clavreuil\",\"url\":\"https:\/\/clavreuil-wordpress.logiciel-arteo.fr\/\",\"logo\":{\"@type\":\"ImageObject\",\"inLanguage\":\"en-US\",\"@id\":\"https:\/\/clavreuil-wordpress.logiciel-arteo.fr\/#\/schema\/logo\/image\/\",\"url\":\"https:\/\/clavreuil-wordpress.logiciel-arteo.fr\/wp-content\/uploads\/2021\/05\/LOGO_PNG_DATE-_gold.png\",\"contentUrl\":\"https:\/\/clavreuil-wordpress.logiciel-arteo.fr\/wp-content\/uploads\/2021\/05\/LOGO_PNG_DATE-_gold.png\",\"width\":2083,\"height\":1917,\"caption\":\"Libairie Clavreuil\"},\"image\":{\"@id\":\"https:\/\/clavreuil-wordpress.logiciel-arteo.fr\/#\/schema\/logo\/image\/\"}}]}<\/script>\n<!-- \/ Yoast SEO plugin. -->","yoast_head_json":{"title":"CHAMPOLLION Jean-Fran\u00e7ois Lettre sur la d\u00e9couverte des hieroglyphes acrologiques adress\u00e9e \u00e0 M le chev. de Goulianoff, par M. Klaproth. Analyse critique de cet ouvrage. - Libairie Clavreuil","robots":{"index":"noindex","follow":"follow","max-snippet":"max-snippet:-1","max-image-preview":"max-image-preview:large","max-video-preview":"max-video-preview:-1"},"og_locale":"en_US","og_type":"article","og_title":"CHAMPOLLION Jean-Fran\u00e7ois Lettre sur la d\u00e9couverte des hieroglyphes acrologiques adress\u00e9e \u00e0 M le chev. de Goulianoff, par M. Klaproth. Analyse critique de cet ouvrage. - Libairie Clavreuil","og_description":"8vo (209 x 130 mm) 11 pp. Disbound, marbled wrappers.","og_url":"https:\/\/clavreuil-wordpress.logiciel-arteo.fr\/en\/champollion-jean-francois-lettre-sur-la-decouverte-des-hieroglyphes-acrologiques-adressee-a-m-le-chev-de-goulianoff-par-m-klaproth-analyse-critique-de-cet-ouvrage\/","og_site_name":"Libairie Clavreuil","article_modified_time":"2024-04-24T10:29:26+00:00","og_image":[{"width":626,"height":1034,"url":"https:\/\/clavreuil-wordpress.logiciel-arteo.fr\/wp-content\/uploads\/2024\/04\/jean-francois-champollion-lettre-sur-la-decouverte-des-hieroglyphes-acrologiques-adressee-a-m-le-chev-de-goulianoff-par-m-klaproth-analyse-critique-de.jpg","type":"image\/jpeg"}],"twitter_card":"summary_large_image","twitter_misc":{"Est. reading time":"4 minutes"},"schema":{"@context":"https:\/\/schema.org","@graph":[{"@type":"WebPage","@id":"https:\/\/clavreuil-wordpress.logiciel-arteo.fr\/en\/champollion-jean-francois-lettre-sur-la-decouverte-des-hieroglyphes-acrologiques-adressee-a-m-le-chev-de-goulianoff-par-m-klaproth-analyse-critique-de-cet-ouvrage\/","url":"https:\/\/clavreuil-wordpress.logiciel-arteo.fr\/en\/champollion-jean-francois-lettre-sur-la-decouverte-des-hieroglyphes-acrologiques-adressee-a-m-le-chev-de-goulianoff-par-m-klaproth-analyse-critique-de-cet-ouvrage\/","name":"CHAMPOLLION Jean-Fran\u00e7ois Lettre sur la d\u00e9couverte des hieroglyphes acrologiques adress\u00e9e \u00e0 M le chev. de Goulianoff, par M. Klaproth. Analyse critique de cet ouvrage. - Libairie Clavreuil","isPartOf":{"@id":"https:\/\/clavreuil-wordpress.logiciel-arteo.fr\/#website"},"primaryImageOfPage":{"@id":"https:\/\/clavreuil-wordpress.logiciel-arteo.fr\/en\/champollion-jean-francois-lettre-sur-la-decouverte-des-hieroglyphes-acrologiques-adressee-a-m-le-chev-de-goulianoff-par-m-klaproth-analyse-critique-de-cet-ouvrage\/#primaryimage"},"image":{"@id":"https:\/\/clavreuil-wordpress.logiciel-arteo.fr\/en\/champollion-jean-francois-lettre-sur-la-decouverte-des-hieroglyphes-acrologiques-adressee-a-m-le-chev-de-goulianoff-par-m-klaproth-analyse-critique-de-cet-ouvrage\/#primaryimage"},"thumbnailUrl":"https:\/\/clavreuil-wordpress.logiciel-arteo.fr\/wp-content\/uploads\/2024\/04\/jean-francois-champollion-lettre-sur-la-decouverte-des-hieroglyphes-acrologiques-adressee-a-m-le-chev-de-goulianoff-par-m-klaproth-analyse-critique-de.jpg","datePublished":"2024-04-24T10:29:02+00:00","dateModified":"2024-04-24T10:29:26+00:00","breadcrumb":{"@id":"https:\/\/clavreuil-wordpress.logiciel-arteo.fr\/en\/champollion-jean-francois-lettre-sur-la-decouverte-des-hieroglyphes-acrologiques-adressee-a-m-le-chev-de-goulianoff-par-m-klaproth-analyse-critique-de-cet-ouvrage\/#breadcrumb"},"inLanguage":"en-US","potentialAction":[{"@type":"ReadAction","target":["https:\/\/clavreuil-wordpress.logiciel-arteo.fr\/en\/champollion-jean-francois-lettre-sur-la-decouverte-des-hieroglyphes-acrologiques-adressee-a-m-le-chev-de-goulianoff-par-m-klaproth-analyse-critique-de-cet-ouvrage\/"]}]},{"@type":"ImageObject","inLanguage":"en-US","@id":"https:\/\/clavreuil-wordpress.logiciel-arteo.fr\/en\/champollion-jean-francois-lettre-sur-la-decouverte-des-hieroglyphes-acrologiques-adressee-a-m-le-chev-de-goulianoff-par-m-klaproth-analyse-critique-de-cet-ouvrage\/#primaryimage","url":"https:\/\/clavreuil-wordpress.logiciel-arteo.fr\/wp-content\/uploads\/2024\/04\/jean-francois-champollion-lettre-sur-la-decouverte-des-hieroglyphes-acrologiques-adressee-a-m-le-chev-de-goulianoff-par-m-klaproth-analyse-critique-de.jpg","contentUrl":"https:\/\/clavreuil-wordpress.logiciel-arteo.fr\/wp-content\/uploads\/2024\/04\/jean-francois-champollion-lettre-sur-la-decouverte-des-hieroglyphes-acrologiques-adressee-a-m-le-chev-de-goulianoff-par-m-klaproth-analyse-critique-de.jpg","width":626,"height":1034},{"@type":"BreadcrumbList","@id":"https:\/\/clavreuil-wordpress.logiciel-arteo.fr\/en\/champollion-jean-francois-lettre-sur-la-decouverte-des-hieroglyphes-acrologiques-adressee-a-m-le-chev-de-goulianoff-par-m-klaproth-analyse-critique-de-cet-ouvrage\/#breadcrumb","itemListElement":[{"@type":"ListItem","position":1,"name":"Accueil","item":"https:\/\/clavreuil-wordpress.logiciel-arteo.fr\/"},{"@type":"ListItem","position":2,"name":"All our books","item":"https:\/\/clavreuil-wordpress.logiciel-arteo.fr\/en\/all-our-books\/"},{"@type":"ListItem","position":3,"name":"CHAMPOLLION Jean-Fran\u00e7ois Lettre sur la d\u00e9couverte des hieroglyphes..."}]},{"@type":"WebSite","@id":"https:\/\/clavreuil-wordpress.logiciel-arteo.fr\/#website","url":"https:\/\/clavreuil-wordpress.logiciel-arteo.fr\/","name":"Libairie Clavreuil","description":"","publisher":{"@id":"https:\/\/clavreuil-wordpress.logiciel-arteo.fr\/#organization"},"potentialAction":[{"@type":"SearchAction","target":{"@type":"EntryPoint","urlTemplate":"https:\/\/clavreuil-wordpress.logiciel-arteo.fr\/?s={search_term_string}"},"query-input":{"@type":"PropertyValueSpecification","valueRequired":true,"valueName":"search_term_string"}}],"inLanguage":"en-US"},{"@type":"Organization","@id":"https:\/\/clavreuil-wordpress.logiciel-arteo.fr\/#organization","name":"Libairie Clavreuil","url":"https:\/\/clavreuil-wordpress.logiciel-arteo.fr\/","logo":{"@type":"ImageObject","inLanguage":"en-US","@id":"https:\/\/clavreuil-wordpress.logiciel-arteo.fr\/#\/schema\/logo\/image\/","url":"https:\/\/clavreuil-wordpress.logiciel-arteo.fr\/wp-content\/uploads\/2021\/05\/LOGO_PNG_DATE-_gold.png","contentUrl":"https:\/\/clavreuil-wordpress.logiciel-arteo.fr\/wp-content\/uploads\/2021\/05\/LOGO_PNG_DATE-_gold.png","width":2083,"height":1917,"caption":"Libairie Clavreuil"},"image":{"@id":"https:\/\/clavreuil-wordpress.logiciel-arteo.fr\/#\/schema\/logo\/image\/"}}]}},"_links":{"self":[{"href":"https:\/\/clavreuil-wordpress.logiciel-arteo.fr\/en\/wp-json\/wp\/v2\/product\/75117","targetHints":{"allow":["GET"]}}],"collection":[{"href":"https:\/\/clavreuil-wordpress.logiciel-arteo.fr\/en\/wp-json\/wp\/v2\/product"}],"about":[{"href":"https:\/\/clavreuil-wordpress.logiciel-arteo.fr\/en\/wp-json\/wp\/v2\/types\/product"}],"replies":[{"embeddable":true,"href":"https:\/\/clavreuil-wordpress.logiciel-arteo.fr\/en\/wp-json\/wp\/v2\/comments?post=75117"}],"wp:featuredmedia":[{"embeddable":true,"href":"https:\/\/clavreuil-wordpress.logiciel-arteo.fr\/en\/wp-json\/wp\/v2\/media\/75114"}],"wp:attachment":[{"href":"https:\/\/clavreuil-wordpress.logiciel-arteo.fr\/en\/wp-json\/wp\/v2\/media?parent=75117"}],"wp:term":[{"taxonomy":"product_brand","embeddable":true,"href":"https:\/\/clavreuil-wordpress.logiciel-arteo.fr\/en\/wp-json\/wp\/v2\/product_brand?post=75117"},{"taxonomy":"product_cat","embeddable":true,"href":"https:\/\/clavreuil-wordpress.logiciel-arteo.fr\/en\/wp-json\/wp\/v2\/product_cat?post=75117"},{"taxonomy":"product_tag","embeddable":true,"href":"https:\/\/clavreuil-wordpress.logiciel-arteo.fr\/en\/wp-json\/wp\/v2\/product_tag?post=75117"}],"curies":[{"name":"wp","href":"https:\/\/api.w.org\/{rel}","templated":true}]}}