{"id":75135,"date":"2024-04-24T12:30:49","date_gmt":"2024-04-24T10:30:49","guid":{"rendered":"https:\/\/clavreuil-wordpress.logiciel-arteo.fr\/reinaud-joseph-toussaint-monumens-arabes-persans-et-turcs-du-cabinet-de-m-le-duc-de-blacas-et-dautres-cabinets-consideres-et-decrits-dapres-leurs-rapports-avec-les-croyances-les-moeurs-et-l\/"},"modified":"2024-04-24T12:31:20","modified_gmt":"2024-04-24T10:31:20","slug":"reinaud-joseph-toussaint-monumens-arabes-persans-et-turcs-du-cabinet-de-m-le-duc-de-blacas-et-dautres-cabinets-consideres-et-decrits-dapres-leurs-rapports-avec-les-croyances-les-moeurs-et-l","status":"publish","type":"product","link":"https:\/\/clavreuil-wordpress.logiciel-arteo.fr\/en\/reinaud-joseph-toussaint-monumens-arabes-persans-et-turcs-du-cabinet-de-m-le-duc-de-blacas-et-dautres-cabinets-consideres-et-decrits-dapres-leurs-rapports-avec-les-croyances-les-moeurs-et-l\/","title":{"rendered":"REINAUD Joseph-Toussaint Monumens arabes, persans et turcs, du..."},"content":{"rendered":"<p style=\"text-align:justify\">First edition of this interesting work description the duke Blacas&rsquo; collections of Arabic art.<\/p>\n<p style=\"text-align:justify\">&quot;Cet ouvrage n&#039;est pas seulement fait pour les personnes vou&eacute;es par &eacute;tat et par go&ucirc;t aux &eacute;tudes orientales. Sous un titre trop modeste, il renferme le tableau m&eacute;thodique et complet de la religion, des m&oelig;urs, des usages et de l&#039;histoire des peuples musulmans&quot; (Qu&eacute;rard).<\/p>\n<p style=\"text-align:justify\">A note on the verso of the half-titles indicates that some copies had been distributed under a different title : &quot;Quelques exemplaires de cet ouvrage ont d&eacute;j&agrave; &eacute;t&eacute; distribu&eacute;s sous le titre de Description des Monumens musulmans du Cabinet de M. le Duc de Blacas&quot;.<\/p>\n<p style=\"text-align:justify\">Duke Blacas (1771-1839), friend and protector of Champollion, is one of the founding fathers of the Egyptian section in the Museum in Paris. In the present work, Reinaud describes the personal collection of antiquities of the rich benefactor.<\/p>\n<p style=\"text-align:justify\">Very good copy, well preserved in the original printed wrappers, entirely uncut.<\/p>\n","protected":false},"excerpt":{"rendered":"<p>2 volumes 8vo (239 x 215 mm) 3 unn.ll., pp.III to XV, 400 pp. for volume I; 2 unn.ll., 488 pp., 10 engraved plates for volume II. Original printed wrappers, uncut.<\/p>\n","protected":false},"featured_media":75128,"comment_status":"open","ping_status":"closed","template":"","meta":{"_acf_changed":false},"product_brand":[],"product_cat":[552],"product_tag":[1254,1450,1400,1402],"class_list":{"0":"post-75135","1":"product","2":"type-product","3":"status-publish","4":"has-post-thumbnail","6":"product_cat-travel","7":"product_tag-arabic","8":"product_tag-first-edition","9":"product_tag-persia","10":"product_tag-turkey","11":"pa_auteur-joseph-toussaint-reinaud-2","12":"pa_type-de-livre-printed-book","14":"first","15":"instock","16":"shipping-taxable","17":"purchasable","18":"product-type-simple"},"acf":[],"yoast_head":"<!-- This site is optimized with the Yoast SEO plugin v24.3 - https:\/\/yoast.com\/wordpress\/plugins\/seo\/ -->\n<title>REINAUD Joseph-Toussaint Monumens arabes, persans et turcs, du cabinet de M. le duc de Blacas et d&#039;autres cabinets; consid\u00e9r\u00e9s et d\u00e9crits d&#039;apr\u00e8s leurs rapports avec les croyances, les moeurs et l&#039;histoire des nations musulmanes. - Libairie Clavreuil<\/title>\n<meta name=\"robots\" content=\"noindex, follow, max-snippet:-1, max-image-preview:large, max-video-preview:-1\" \/>\n<meta property=\"og:locale\" content=\"en_US\" \/>\n<meta property=\"og:type\" content=\"article\" \/>\n<meta property=\"og:title\" content=\"REINAUD Joseph-Toussaint Monumens arabes, persans et turcs, du cabinet de M. le duc de Blacas et d&#039;autres cabinets; consid\u00e9r\u00e9s et d\u00e9crits d&#039;apr\u00e8s leurs rapports avec les croyances, les moeurs et l&#039;histoire des nations musulmanes. - Libairie Clavreuil\" \/>\n<meta property=\"og:description\" content=\"2 volumes 8vo (239 x 215 mm) 3 unn.ll., pp.III to XV, 400 pp. for volume I; 2 unn.ll., 488 pp., 10 engraved plates for volume II. Original printed wrappers, uncut.\" \/>\n<meta property=\"og:url\" content=\"https:\/\/clavreuil-wordpress.logiciel-arteo.fr\/en\/reinaud-joseph-toussaint-monumens-arabes-persans-et-turcs-du-cabinet-de-m-le-duc-de-blacas-et-dautres-cabinets-consideres-et-decrits-dapres-leurs-rapports-avec-les-croyances-les-moeurs-et-l\/\" \/>\n<meta property=\"og:site_name\" content=\"Libairie Clavreuil\" \/>\n<meta property=\"article:modified_time\" content=\"2024-04-24T10:31:20+00:00\" \/>\n<meta property=\"og:image\" content=\"https:\/\/clavreuil-wordpress.logiciel-arteo.fr\/wp-content\/uploads\/2024\/04\/joseph-toussaint-reinaud-monumens-arabes-persans-et-turcs-du-cabinet-de-m-le-duc-de-blacas-et-d-autres-cabinets-consideres-et-decrits-d-apres-leurs-ra.jpg\" \/>\n\t<meta property=\"og:image:width\" content=\"1378\" \/>\n\t<meta property=\"og:image:height\" content=\"1243\" \/>\n\t<meta property=\"og:image:type\" content=\"image\/jpeg\" \/>\n<meta name=\"twitter:card\" content=\"summary_large_image\" \/>\n<meta name=\"twitter:label1\" content=\"Est. reading time\" \/>\n\t<meta name=\"twitter:data1\" content=\"1 minute\" \/>\n<script type=\"application\/ld+json\" class=\"yoast-schema-graph\">{\"@context\":\"https:\/\/schema.org\",\"@graph\":[{\"@type\":\"WebPage\",\"@id\":\"https:\/\/clavreuil-wordpress.logiciel-arteo.fr\/en\/reinaud-joseph-toussaint-monumens-arabes-persans-et-turcs-du-cabinet-de-m-le-duc-de-blacas-et-dautres-cabinets-consideres-et-decrits-dapres-leurs-rapports-avec-les-croyances-les-moeurs-et-l\/\",\"url\":\"https:\/\/clavreuil-wordpress.logiciel-arteo.fr\/en\/reinaud-joseph-toussaint-monumens-arabes-persans-et-turcs-du-cabinet-de-m-le-duc-de-blacas-et-dautres-cabinets-consideres-et-decrits-dapres-leurs-rapports-avec-les-croyances-les-moeurs-et-l\/\",\"name\":\"REINAUD Joseph-Toussaint Monumens arabes, persans et turcs, du cabinet de M. le duc de Blacas et d'autres cabinets; consid\u00e9r\u00e9s et d\u00e9crits d'apr\u00e8s leurs rapports avec les croyances, les moeurs et l'histoire des nations musulmanes. - Libairie Clavreuil\",\"isPartOf\":{\"@id\":\"https:\/\/clavreuil-wordpress.logiciel-arteo.fr\/#website\"},\"primaryImageOfPage\":{\"@id\":\"https:\/\/clavreuil-wordpress.logiciel-arteo.fr\/en\/reinaud-joseph-toussaint-monumens-arabes-persans-et-turcs-du-cabinet-de-m-le-duc-de-blacas-et-dautres-cabinets-consideres-et-decrits-dapres-leurs-rapports-avec-les-croyances-les-moeurs-et-l\/#primaryimage\"},\"image\":{\"@id\":\"https:\/\/clavreuil-wordpress.logiciel-arteo.fr\/en\/reinaud-joseph-toussaint-monumens-arabes-persans-et-turcs-du-cabinet-de-m-le-duc-de-blacas-et-dautres-cabinets-consideres-et-decrits-dapres-leurs-rapports-avec-les-croyances-les-moeurs-et-l\/#primaryimage\"},\"thumbnailUrl\":\"https:\/\/clavreuil-wordpress.logiciel-arteo.fr\/wp-content\/uploads\/2024\/04\/joseph-toussaint-reinaud-monumens-arabes-persans-et-turcs-du-cabinet-de-m-le-duc-de-blacas-et-d-autres-cabinets-consideres-et-decrits-d-apres-leurs-ra.jpg\",\"datePublished\":\"2024-04-24T10:30:49+00:00\",\"dateModified\":\"2024-04-24T10:31:20+00:00\",\"breadcrumb\":{\"@id\":\"https:\/\/clavreuil-wordpress.logiciel-arteo.fr\/en\/reinaud-joseph-toussaint-monumens-arabes-persans-et-turcs-du-cabinet-de-m-le-duc-de-blacas-et-dautres-cabinets-consideres-et-decrits-dapres-leurs-rapports-avec-les-croyances-les-moeurs-et-l\/#breadcrumb\"},\"inLanguage\":\"en-US\",\"potentialAction\":[{\"@type\":\"ReadAction\",\"target\":[\"https:\/\/clavreuil-wordpress.logiciel-arteo.fr\/en\/reinaud-joseph-toussaint-monumens-arabes-persans-et-turcs-du-cabinet-de-m-le-duc-de-blacas-et-dautres-cabinets-consideres-et-decrits-dapres-leurs-rapports-avec-les-croyances-les-moeurs-et-l\/\"]}]},{\"@type\":\"ImageObject\",\"inLanguage\":\"en-US\",\"@id\":\"https:\/\/clavreuil-wordpress.logiciel-arteo.fr\/en\/reinaud-joseph-toussaint-monumens-arabes-persans-et-turcs-du-cabinet-de-m-le-duc-de-blacas-et-dautres-cabinets-consideres-et-decrits-dapres-leurs-rapports-avec-les-croyances-les-moeurs-et-l\/#primaryimage\",\"url\":\"https:\/\/clavreuil-wordpress.logiciel-arteo.fr\/wp-content\/uploads\/2024\/04\/joseph-toussaint-reinaud-monumens-arabes-persans-et-turcs-du-cabinet-de-m-le-duc-de-blacas-et-d-autres-cabinets-consideres-et-decrits-d-apres-leurs-ra.jpg\",\"contentUrl\":\"https:\/\/clavreuil-wordpress.logiciel-arteo.fr\/wp-content\/uploads\/2024\/04\/joseph-toussaint-reinaud-monumens-arabes-persans-et-turcs-du-cabinet-de-m-le-duc-de-blacas-et-d-autres-cabinets-consideres-et-decrits-d-apres-leurs-ra.jpg\",\"width\":1378,\"height\":1243},{\"@type\":\"BreadcrumbList\",\"@id\":\"https:\/\/clavreuil-wordpress.logiciel-arteo.fr\/en\/reinaud-joseph-toussaint-monumens-arabes-persans-et-turcs-du-cabinet-de-m-le-duc-de-blacas-et-dautres-cabinets-consideres-et-decrits-dapres-leurs-rapports-avec-les-croyances-les-moeurs-et-l\/#breadcrumb\",\"itemListElement\":[{\"@type\":\"ListItem\",\"position\":1,\"name\":\"Accueil\",\"item\":\"https:\/\/clavreuil-wordpress.logiciel-arteo.fr\/\"},{\"@type\":\"ListItem\",\"position\":2,\"name\":\"All our books\",\"item\":\"https:\/\/clavreuil-wordpress.logiciel-arteo.fr\/en\/all-our-books\/\"},{\"@type\":\"ListItem\",\"position\":3,\"name\":\"REINAUD Joseph-Toussaint Monumens arabes, persans et turcs, du...\"}]},{\"@type\":\"WebSite\",\"@id\":\"https:\/\/clavreuil-wordpress.logiciel-arteo.fr\/#website\",\"url\":\"https:\/\/clavreuil-wordpress.logiciel-arteo.fr\/\",\"name\":\"Libairie Clavreuil\",\"description\":\"\",\"publisher\":{\"@id\":\"https:\/\/clavreuil-wordpress.logiciel-arteo.fr\/#organization\"},\"potentialAction\":[{\"@type\":\"SearchAction\",\"target\":{\"@type\":\"EntryPoint\",\"urlTemplate\":\"https:\/\/clavreuil-wordpress.logiciel-arteo.fr\/?s={search_term_string}\"},\"query-input\":{\"@type\":\"PropertyValueSpecification\",\"valueRequired\":true,\"valueName\":\"search_term_string\"}}],\"inLanguage\":\"en-US\"},{\"@type\":\"Organization\",\"@id\":\"https:\/\/clavreuil-wordpress.logiciel-arteo.fr\/#organization\",\"name\":\"Libairie Clavreuil\",\"url\":\"https:\/\/clavreuil-wordpress.logiciel-arteo.fr\/\",\"logo\":{\"@type\":\"ImageObject\",\"inLanguage\":\"en-US\",\"@id\":\"https:\/\/clavreuil-wordpress.logiciel-arteo.fr\/#\/schema\/logo\/image\/\",\"url\":\"https:\/\/clavreuil-wordpress.logiciel-arteo.fr\/wp-content\/uploads\/2021\/05\/LOGO_PNG_DATE-_gold.png\",\"contentUrl\":\"https:\/\/clavreuil-wordpress.logiciel-arteo.fr\/wp-content\/uploads\/2021\/05\/LOGO_PNG_DATE-_gold.png\",\"width\":2083,\"height\":1917,\"caption\":\"Libairie Clavreuil\"},\"image\":{\"@id\":\"https:\/\/clavreuil-wordpress.logiciel-arteo.fr\/#\/schema\/logo\/image\/\"}}]}<\/script>\n<!-- \/ Yoast SEO plugin. -->","yoast_head_json":{"title":"REINAUD Joseph-Toussaint Monumens arabes, persans et turcs, du cabinet de M. le duc de Blacas et d'autres cabinets; consid\u00e9r\u00e9s et d\u00e9crits d'apr\u00e8s leurs rapports avec les croyances, les moeurs et l'histoire des nations musulmanes. - Libairie Clavreuil","robots":{"index":"noindex","follow":"follow","max-snippet":"max-snippet:-1","max-image-preview":"max-image-preview:large","max-video-preview":"max-video-preview:-1"},"og_locale":"en_US","og_type":"article","og_title":"REINAUD Joseph-Toussaint Monumens arabes, persans et turcs, du cabinet de M. le duc de Blacas et d'autres cabinets; consid\u00e9r\u00e9s et d\u00e9crits d'apr\u00e8s leurs rapports avec les croyances, les moeurs et l'histoire des nations musulmanes. - Libairie Clavreuil","og_description":"2 volumes 8vo (239 x 215 mm) 3 unn.ll., pp.III to XV, 400 pp. for volume I; 2 unn.ll., 488 pp., 10 engraved plates for volume II. Original printed wrappers, uncut.","og_url":"https:\/\/clavreuil-wordpress.logiciel-arteo.fr\/en\/reinaud-joseph-toussaint-monumens-arabes-persans-et-turcs-du-cabinet-de-m-le-duc-de-blacas-et-dautres-cabinets-consideres-et-decrits-dapres-leurs-rapports-avec-les-croyances-les-moeurs-et-l\/","og_site_name":"Libairie Clavreuil","article_modified_time":"2024-04-24T10:31:20+00:00","og_image":[{"width":1378,"height":1243,"url":"https:\/\/clavreuil-wordpress.logiciel-arteo.fr\/wp-content\/uploads\/2024\/04\/joseph-toussaint-reinaud-monumens-arabes-persans-et-turcs-du-cabinet-de-m-le-duc-de-blacas-et-d-autres-cabinets-consideres-et-decrits-d-apres-leurs-ra.jpg","type":"image\/jpeg"}],"twitter_card":"summary_large_image","twitter_misc":{"Est. reading time":"1 minute"},"schema":{"@context":"https:\/\/schema.org","@graph":[{"@type":"WebPage","@id":"https:\/\/clavreuil-wordpress.logiciel-arteo.fr\/en\/reinaud-joseph-toussaint-monumens-arabes-persans-et-turcs-du-cabinet-de-m-le-duc-de-blacas-et-dautres-cabinets-consideres-et-decrits-dapres-leurs-rapports-avec-les-croyances-les-moeurs-et-l\/","url":"https:\/\/clavreuil-wordpress.logiciel-arteo.fr\/en\/reinaud-joseph-toussaint-monumens-arabes-persans-et-turcs-du-cabinet-de-m-le-duc-de-blacas-et-dautres-cabinets-consideres-et-decrits-dapres-leurs-rapports-avec-les-croyances-les-moeurs-et-l\/","name":"REINAUD Joseph-Toussaint Monumens arabes, persans et turcs, du cabinet de M. le duc de Blacas et d'autres cabinets; consid\u00e9r\u00e9s et d\u00e9crits d'apr\u00e8s leurs rapports avec les croyances, les moeurs et l'histoire des nations musulmanes. - Libairie Clavreuil","isPartOf":{"@id":"https:\/\/clavreuil-wordpress.logiciel-arteo.fr\/#website"},"primaryImageOfPage":{"@id":"https:\/\/clavreuil-wordpress.logiciel-arteo.fr\/en\/reinaud-joseph-toussaint-monumens-arabes-persans-et-turcs-du-cabinet-de-m-le-duc-de-blacas-et-dautres-cabinets-consideres-et-decrits-dapres-leurs-rapports-avec-les-croyances-les-moeurs-et-l\/#primaryimage"},"image":{"@id":"https:\/\/clavreuil-wordpress.logiciel-arteo.fr\/en\/reinaud-joseph-toussaint-monumens-arabes-persans-et-turcs-du-cabinet-de-m-le-duc-de-blacas-et-dautres-cabinets-consideres-et-decrits-dapres-leurs-rapports-avec-les-croyances-les-moeurs-et-l\/#primaryimage"},"thumbnailUrl":"https:\/\/clavreuil-wordpress.logiciel-arteo.fr\/wp-content\/uploads\/2024\/04\/joseph-toussaint-reinaud-monumens-arabes-persans-et-turcs-du-cabinet-de-m-le-duc-de-blacas-et-d-autres-cabinets-consideres-et-decrits-d-apres-leurs-ra.jpg","datePublished":"2024-04-24T10:30:49+00:00","dateModified":"2024-04-24T10:31:20+00:00","breadcrumb":{"@id":"https:\/\/clavreuil-wordpress.logiciel-arteo.fr\/en\/reinaud-joseph-toussaint-monumens-arabes-persans-et-turcs-du-cabinet-de-m-le-duc-de-blacas-et-dautres-cabinets-consideres-et-decrits-dapres-leurs-rapports-avec-les-croyances-les-moeurs-et-l\/#breadcrumb"},"inLanguage":"en-US","potentialAction":[{"@type":"ReadAction","target":["https:\/\/clavreuil-wordpress.logiciel-arteo.fr\/en\/reinaud-joseph-toussaint-monumens-arabes-persans-et-turcs-du-cabinet-de-m-le-duc-de-blacas-et-dautres-cabinets-consideres-et-decrits-dapres-leurs-rapports-avec-les-croyances-les-moeurs-et-l\/"]}]},{"@type":"ImageObject","inLanguage":"en-US","@id":"https:\/\/clavreuil-wordpress.logiciel-arteo.fr\/en\/reinaud-joseph-toussaint-monumens-arabes-persans-et-turcs-du-cabinet-de-m-le-duc-de-blacas-et-dautres-cabinets-consideres-et-decrits-dapres-leurs-rapports-avec-les-croyances-les-moeurs-et-l\/#primaryimage","url":"https:\/\/clavreuil-wordpress.logiciel-arteo.fr\/wp-content\/uploads\/2024\/04\/joseph-toussaint-reinaud-monumens-arabes-persans-et-turcs-du-cabinet-de-m-le-duc-de-blacas-et-d-autres-cabinets-consideres-et-decrits-d-apres-leurs-ra.jpg","contentUrl":"https:\/\/clavreuil-wordpress.logiciel-arteo.fr\/wp-content\/uploads\/2024\/04\/joseph-toussaint-reinaud-monumens-arabes-persans-et-turcs-du-cabinet-de-m-le-duc-de-blacas-et-d-autres-cabinets-consideres-et-decrits-d-apres-leurs-ra.jpg","width":1378,"height":1243},{"@type":"BreadcrumbList","@id":"https:\/\/clavreuil-wordpress.logiciel-arteo.fr\/en\/reinaud-joseph-toussaint-monumens-arabes-persans-et-turcs-du-cabinet-de-m-le-duc-de-blacas-et-dautres-cabinets-consideres-et-decrits-dapres-leurs-rapports-avec-les-croyances-les-moeurs-et-l\/#breadcrumb","itemListElement":[{"@type":"ListItem","position":1,"name":"Accueil","item":"https:\/\/clavreuil-wordpress.logiciel-arteo.fr\/"},{"@type":"ListItem","position":2,"name":"All our books","item":"https:\/\/clavreuil-wordpress.logiciel-arteo.fr\/en\/all-our-books\/"},{"@type":"ListItem","position":3,"name":"REINAUD Joseph-Toussaint Monumens arabes, persans et turcs, du..."}]},{"@type":"WebSite","@id":"https:\/\/clavreuil-wordpress.logiciel-arteo.fr\/#website","url":"https:\/\/clavreuil-wordpress.logiciel-arteo.fr\/","name":"Libairie Clavreuil","description":"","publisher":{"@id":"https:\/\/clavreuil-wordpress.logiciel-arteo.fr\/#organization"},"potentialAction":[{"@type":"SearchAction","target":{"@type":"EntryPoint","urlTemplate":"https:\/\/clavreuil-wordpress.logiciel-arteo.fr\/?s={search_term_string}"},"query-input":{"@type":"PropertyValueSpecification","valueRequired":true,"valueName":"search_term_string"}}],"inLanguage":"en-US"},{"@type":"Organization","@id":"https:\/\/clavreuil-wordpress.logiciel-arteo.fr\/#organization","name":"Libairie Clavreuil","url":"https:\/\/clavreuil-wordpress.logiciel-arteo.fr\/","logo":{"@type":"ImageObject","inLanguage":"en-US","@id":"https:\/\/clavreuil-wordpress.logiciel-arteo.fr\/#\/schema\/logo\/image\/","url":"https:\/\/clavreuil-wordpress.logiciel-arteo.fr\/wp-content\/uploads\/2021\/05\/LOGO_PNG_DATE-_gold.png","contentUrl":"https:\/\/clavreuil-wordpress.logiciel-arteo.fr\/wp-content\/uploads\/2021\/05\/LOGO_PNG_DATE-_gold.png","width":2083,"height":1917,"caption":"Libairie Clavreuil"},"image":{"@id":"https:\/\/clavreuil-wordpress.logiciel-arteo.fr\/#\/schema\/logo\/image\/"}}]}},"_links":{"self":[{"href":"https:\/\/clavreuil-wordpress.logiciel-arteo.fr\/en\/wp-json\/wp\/v2\/product\/75135","targetHints":{"allow":["GET"]}}],"collection":[{"href":"https:\/\/clavreuil-wordpress.logiciel-arteo.fr\/en\/wp-json\/wp\/v2\/product"}],"about":[{"href":"https:\/\/clavreuil-wordpress.logiciel-arteo.fr\/en\/wp-json\/wp\/v2\/types\/product"}],"replies":[{"embeddable":true,"href":"https:\/\/clavreuil-wordpress.logiciel-arteo.fr\/en\/wp-json\/wp\/v2\/comments?post=75135"}],"wp:featuredmedia":[{"embeddable":true,"href":"https:\/\/clavreuil-wordpress.logiciel-arteo.fr\/en\/wp-json\/wp\/v2\/media\/75128"}],"wp:attachment":[{"href":"https:\/\/clavreuil-wordpress.logiciel-arteo.fr\/en\/wp-json\/wp\/v2\/media?parent=75135"}],"wp:term":[{"taxonomy":"product_brand","embeddable":true,"href":"https:\/\/clavreuil-wordpress.logiciel-arteo.fr\/en\/wp-json\/wp\/v2\/product_brand?post=75135"},{"taxonomy":"product_cat","embeddable":true,"href":"https:\/\/clavreuil-wordpress.logiciel-arteo.fr\/en\/wp-json\/wp\/v2\/product_cat?post=75135"},{"taxonomy":"product_tag","embeddable":true,"href":"https:\/\/clavreuil-wordpress.logiciel-arteo.fr\/en\/wp-json\/wp\/v2\/product_tag?post=75135"}],"curies":[{"name":"wp","href":"https:\/\/api.w.org\/{rel}","templated":true}]}}