{"id":75141,"date":"2024-04-24T12:31:35","date_gmt":"2024-04-24T10:31:35","guid":{"rendered":"https:\/\/clavreuil-wordpress.logiciel-arteo.fr\/volney-constantin-f-de-chassebeuf-simplification-des-langues-orientales-ou-methode-nouvelle-et-facile-dapprendre-les-langues-arabe-persane-et-turque-avec-des-caracteres-europeens\/"},"modified":"2024-04-24T12:32:08","modified_gmt":"2024-04-24T10:32:08","slug":"volney-constantin-f-de-chassebeuf-simplification-des-langues-orientales-ou-methode-nouvelle-et-facile-dapprendre-les-langues-arabe-persane-et-turque-avec-des-caracteres-europeens","status":"publish","type":"product","link":"https:\/\/clavreuil-wordpress.logiciel-arteo.fr\/en\/volney-constantin-f-de-chassebeuf-simplification-des-langues-orientales-ou-methode-nouvelle-et-facile-dapprendre-les-langues-arabe-persane-et-turque-avec-des-caracteres-europeens\/","title":{"rendered":"VOLNEY Constantin F. de Chassebeuf Simplification des langues..."},"content":{"rendered":"<p style=\"text-align:justify\">First edition of this important grammar which was not destined for schools but written for travelers and merchants.<\/p>\n<p style=\"text-align:justify\">Count Volney (1757-1820), philosopher, writer and orientalist, was one of the first French scientists to understand the importance of the study of the Arabic language. A friend of Cabanis, Holbach, Condorcet and Benjamin Franklin, Volney travelled to Egypt in 1782 where he stayed for a good 2 years in order to learn Arabic, before moving on to Syria and Israel.<\/p>\n<p style=\"text-align:justify\">&quot;&#8230;ayant form&eacute; le projet de visiter l&rsquo;&Eacute;gypte et la Syrie, il comprend que son projet exige une pr&eacute;paration s&eacute;rieuse et s&rsquo;initie &agrave; l&rsquo;arabe qu&rsquo;il &eacute;tudie pendant deux ans&#8230; &#039;Mon meilleur instrument, mon plus efficace passeport, fut de parler couramment la langue et d&rsquo;agir directement sur les esprits&#8230; Le voyageur qui ne peut converser est un sourd et muet&#039; &quot; (Jean Gaulmier, <em>Volney et la p&eacute;dagogie de l&#039;arabe<\/em>).<\/p>\n<p style=\"text-align:justify\">This important grammar was not destined for schools but written for &quot;travellers and merchants&quot;. Much easier to use than the one written by Sylvestre de Sacy (Paris 1810) its application was simplified by using both written and spoken Arabic.<\/p>\n<p style=\"text-align:justify\">Fine copy, well preserved.<\/p>\n","protected":false},"excerpt":{"rendered":"<p>8vo (192 x 123 mm) 2 unn.ll., (half-title and title), 135 pp., 1 unn.l. (table), 3 letterpress tables (of which one is folding), 1 engraved plate. Contemporary-calf-backed boards, flat spine gilt, green morroco lettering piece.<\/p>\n","protected":false},"featured_media":75136,"comment_status":"open","ping_status":"closed","template":"","meta":{"_acf_changed":false},"product_brand":[],"product_cat":[552],"product_tag":[1254,1450],"class_list":{"0":"post-75141","1":"product","2":"type-product","3":"status-publish","4":"has-post-thumbnail","6":"product_cat-travel","7":"product_tag-arabic","8":"product_tag-first-edition","9":"pa_auteur-constantin-f-de-chassebeuf-volney-2","10":"pa_type-de-livre-printed-book","12":"first","13":"instock","14":"shipping-taxable","15":"purchasable","16":"product-type-simple"},"acf":[],"yoast_head":"<!-- This site is optimized with the Yoast SEO plugin v24.3 - https:\/\/yoast.com\/wordpress\/plugins\/seo\/ -->\n<title>VOLNEY Constantin F. de Chassebeuf Simplification des langues orientales, ou m\u00e9thode nouvelle et facile d&#039;apprendre les langues arabe, persane et turque avec des caract\u00e8res europ\u00e9ens. - Libairie Clavreuil<\/title>\n<meta name=\"robots\" content=\"noindex, follow, max-snippet:-1, max-image-preview:large, max-video-preview:-1\" \/>\n<meta property=\"og:locale\" content=\"en_US\" \/>\n<meta property=\"og:type\" content=\"article\" \/>\n<meta property=\"og:title\" content=\"VOLNEY Constantin F. de Chassebeuf Simplification des langues orientales, ou m\u00e9thode nouvelle et facile d&#039;apprendre les langues arabe, persane et turque avec des caract\u00e8res europ\u00e9ens. - Libairie Clavreuil\" \/>\n<meta property=\"og:description\" content=\"8vo (192 x 123 mm) 2 unn.ll., (half-title and title), 135 pp., 1 unn.l. (table), 3 letterpress tables (of which one is folding), 1 engraved plate. Contemporary-calf-backed boards, flat spine gilt, green morroco lettering piece.\" \/>\n<meta property=\"og:url\" content=\"https:\/\/clavreuil-wordpress.logiciel-arteo.fr\/en\/volney-constantin-f-de-chassebeuf-simplification-des-langues-orientales-ou-methode-nouvelle-et-facile-dapprendre-les-langues-arabe-persane-et-turque-avec-des-caracteres-europeens\/\" \/>\n<meta property=\"og:site_name\" content=\"Libairie Clavreuil\" \/>\n<meta property=\"article:modified_time\" content=\"2024-04-24T10:32:08+00:00\" \/>\n<meta property=\"og:image\" content=\"https:\/\/clavreuil-wordpress.logiciel-arteo.fr\/wp-content\/uploads\/2024\/04\/constantin-f-de-chassebeuf-volney-simplification-des-langues-orientales-ou-methode-nouvelle-et-facile-d-apprendre-les-langues-arabe-persane-et-turque--scaled.jpg\" \/>\n\t<meta property=\"og:image:width\" content=\"1692\" \/>\n\t<meta property=\"og:image:height\" content=\"2560\" \/>\n\t<meta property=\"og:image:type\" content=\"image\/jpeg\" \/>\n<meta name=\"twitter:card\" content=\"summary_large_image\" \/>\n<meta name=\"twitter:label1\" content=\"Est. reading time\" \/>\n\t<meta name=\"twitter:data1\" content=\"1 minute\" \/>\n<script type=\"application\/ld+json\" class=\"yoast-schema-graph\">{\"@context\":\"https:\/\/schema.org\",\"@graph\":[{\"@type\":\"WebPage\",\"@id\":\"https:\/\/clavreuil-wordpress.logiciel-arteo.fr\/en\/volney-constantin-f-de-chassebeuf-simplification-des-langues-orientales-ou-methode-nouvelle-et-facile-dapprendre-les-langues-arabe-persane-et-turque-avec-des-caracteres-europeens\/\",\"url\":\"https:\/\/clavreuil-wordpress.logiciel-arteo.fr\/en\/volney-constantin-f-de-chassebeuf-simplification-des-langues-orientales-ou-methode-nouvelle-et-facile-dapprendre-les-langues-arabe-persane-et-turque-avec-des-caracteres-europeens\/\",\"name\":\"VOLNEY Constantin F. de Chassebeuf Simplification des langues orientales, ou m\u00e9thode nouvelle et facile d'apprendre les langues arabe, persane et turque avec des caract\u00e8res europ\u00e9ens. - Libairie Clavreuil\",\"isPartOf\":{\"@id\":\"https:\/\/clavreuil-wordpress.logiciel-arteo.fr\/#website\"},\"primaryImageOfPage\":{\"@id\":\"https:\/\/clavreuil-wordpress.logiciel-arteo.fr\/en\/volney-constantin-f-de-chassebeuf-simplification-des-langues-orientales-ou-methode-nouvelle-et-facile-dapprendre-les-langues-arabe-persane-et-turque-avec-des-caracteres-europeens\/#primaryimage\"},\"image\":{\"@id\":\"https:\/\/clavreuil-wordpress.logiciel-arteo.fr\/en\/volney-constantin-f-de-chassebeuf-simplification-des-langues-orientales-ou-methode-nouvelle-et-facile-dapprendre-les-langues-arabe-persane-et-turque-avec-des-caracteres-europeens\/#primaryimage\"},\"thumbnailUrl\":\"https:\/\/clavreuil-wordpress.logiciel-arteo.fr\/wp-content\/uploads\/2024\/04\/constantin-f-de-chassebeuf-volney-simplification-des-langues-orientales-ou-methode-nouvelle-et-facile-d-apprendre-les-langues-arabe-persane-et-turque--scaled.jpg\",\"datePublished\":\"2024-04-24T10:31:35+00:00\",\"dateModified\":\"2024-04-24T10:32:08+00:00\",\"breadcrumb\":{\"@id\":\"https:\/\/clavreuil-wordpress.logiciel-arteo.fr\/en\/volney-constantin-f-de-chassebeuf-simplification-des-langues-orientales-ou-methode-nouvelle-et-facile-dapprendre-les-langues-arabe-persane-et-turque-avec-des-caracteres-europeens\/#breadcrumb\"},\"inLanguage\":\"en-US\",\"potentialAction\":[{\"@type\":\"ReadAction\",\"target\":[\"https:\/\/clavreuil-wordpress.logiciel-arteo.fr\/en\/volney-constantin-f-de-chassebeuf-simplification-des-langues-orientales-ou-methode-nouvelle-et-facile-dapprendre-les-langues-arabe-persane-et-turque-avec-des-caracteres-europeens\/\"]}]},{\"@type\":\"ImageObject\",\"inLanguage\":\"en-US\",\"@id\":\"https:\/\/clavreuil-wordpress.logiciel-arteo.fr\/en\/volney-constantin-f-de-chassebeuf-simplification-des-langues-orientales-ou-methode-nouvelle-et-facile-dapprendre-les-langues-arabe-persane-et-turque-avec-des-caracteres-europeens\/#primaryimage\",\"url\":\"https:\/\/clavreuil-wordpress.logiciel-arteo.fr\/wp-content\/uploads\/2024\/04\/constantin-f-de-chassebeuf-volney-simplification-des-langues-orientales-ou-methode-nouvelle-et-facile-d-apprendre-les-langues-arabe-persane-et-turque--scaled.jpg\",\"contentUrl\":\"https:\/\/clavreuil-wordpress.logiciel-arteo.fr\/wp-content\/uploads\/2024\/04\/constantin-f-de-chassebeuf-volney-simplification-des-langues-orientales-ou-methode-nouvelle-et-facile-d-apprendre-les-langues-arabe-persane-et-turque--scaled.jpg\",\"width\":1692,\"height\":2560},{\"@type\":\"BreadcrumbList\",\"@id\":\"https:\/\/clavreuil-wordpress.logiciel-arteo.fr\/en\/volney-constantin-f-de-chassebeuf-simplification-des-langues-orientales-ou-methode-nouvelle-et-facile-dapprendre-les-langues-arabe-persane-et-turque-avec-des-caracteres-europeens\/#breadcrumb\",\"itemListElement\":[{\"@type\":\"ListItem\",\"position\":1,\"name\":\"Accueil\",\"item\":\"https:\/\/clavreuil-wordpress.logiciel-arteo.fr\/\"},{\"@type\":\"ListItem\",\"position\":2,\"name\":\"All our books\",\"item\":\"https:\/\/clavreuil-wordpress.logiciel-arteo.fr\/en\/all-our-books\/\"},{\"@type\":\"ListItem\",\"position\":3,\"name\":\"VOLNEY Constantin F. de Chassebeuf Simplification des langues...\"}]},{\"@type\":\"WebSite\",\"@id\":\"https:\/\/clavreuil-wordpress.logiciel-arteo.fr\/#website\",\"url\":\"https:\/\/clavreuil-wordpress.logiciel-arteo.fr\/\",\"name\":\"Libairie Clavreuil\",\"description\":\"\",\"publisher\":{\"@id\":\"https:\/\/clavreuil-wordpress.logiciel-arteo.fr\/#organization\"},\"potentialAction\":[{\"@type\":\"SearchAction\",\"target\":{\"@type\":\"EntryPoint\",\"urlTemplate\":\"https:\/\/clavreuil-wordpress.logiciel-arteo.fr\/?s={search_term_string}\"},\"query-input\":{\"@type\":\"PropertyValueSpecification\",\"valueRequired\":true,\"valueName\":\"search_term_string\"}}],\"inLanguage\":\"en-US\"},{\"@type\":\"Organization\",\"@id\":\"https:\/\/clavreuil-wordpress.logiciel-arteo.fr\/#organization\",\"name\":\"Libairie Clavreuil\",\"url\":\"https:\/\/clavreuil-wordpress.logiciel-arteo.fr\/\",\"logo\":{\"@type\":\"ImageObject\",\"inLanguage\":\"en-US\",\"@id\":\"https:\/\/clavreuil-wordpress.logiciel-arteo.fr\/#\/schema\/logo\/image\/\",\"url\":\"https:\/\/clavreuil-wordpress.logiciel-arteo.fr\/wp-content\/uploads\/2021\/05\/LOGO_PNG_DATE-_gold.png\",\"contentUrl\":\"https:\/\/clavreuil-wordpress.logiciel-arteo.fr\/wp-content\/uploads\/2021\/05\/LOGO_PNG_DATE-_gold.png\",\"width\":2083,\"height\":1917,\"caption\":\"Libairie Clavreuil\"},\"image\":{\"@id\":\"https:\/\/clavreuil-wordpress.logiciel-arteo.fr\/#\/schema\/logo\/image\/\"}}]}<\/script>\n<!-- \/ Yoast SEO plugin. -->","yoast_head_json":{"title":"VOLNEY Constantin F. de Chassebeuf Simplification des langues orientales, ou m\u00e9thode nouvelle et facile d'apprendre les langues arabe, persane et turque avec des caract\u00e8res europ\u00e9ens. - Libairie Clavreuil","robots":{"index":"noindex","follow":"follow","max-snippet":"max-snippet:-1","max-image-preview":"max-image-preview:large","max-video-preview":"max-video-preview:-1"},"og_locale":"en_US","og_type":"article","og_title":"VOLNEY Constantin F. de Chassebeuf Simplification des langues orientales, ou m\u00e9thode nouvelle et facile d'apprendre les langues arabe, persane et turque avec des caract\u00e8res europ\u00e9ens. - Libairie Clavreuil","og_description":"8vo (192 x 123 mm) 2 unn.ll., (half-title and title), 135 pp., 1 unn.l. (table), 3 letterpress tables (of which one is folding), 1 engraved plate. Contemporary-calf-backed boards, flat spine gilt, green morroco lettering piece.","og_url":"https:\/\/clavreuil-wordpress.logiciel-arteo.fr\/en\/volney-constantin-f-de-chassebeuf-simplification-des-langues-orientales-ou-methode-nouvelle-et-facile-dapprendre-les-langues-arabe-persane-et-turque-avec-des-caracteres-europeens\/","og_site_name":"Libairie Clavreuil","article_modified_time":"2024-04-24T10:32:08+00:00","og_image":[{"width":1692,"height":2560,"url":"https:\/\/clavreuil-wordpress.logiciel-arteo.fr\/wp-content\/uploads\/2024\/04\/constantin-f-de-chassebeuf-volney-simplification-des-langues-orientales-ou-methode-nouvelle-et-facile-d-apprendre-les-langues-arabe-persane-et-turque--scaled.jpg","type":"image\/jpeg"}],"twitter_card":"summary_large_image","twitter_misc":{"Est. reading time":"1 minute"},"schema":{"@context":"https:\/\/schema.org","@graph":[{"@type":"WebPage","@id":"https:\/\/clavreuil-wordpress.logiciel-arteo.fr\/en\/volney-constantin-f-de-chassebeuf-simplification-des-langues-orientales-ou-methode-nouvelle-et-facile-dapprendre-les-langues-arabe-persane-et-turque-avec-des-caracteres-europeens\/","url":"https:\/\/clavreuil-wordpress.logiciel-arteo.fr\/en\/volney-constantin-f-de-chassebeuf-simplification-des-langues-orientales-ou-methode-nouvelle-et-facile-dapprendre-les-langues-arabe-persane-et-turque-avec-des-caracteres-europeens\/","name":"VOLNEY Constantin F. de Chassebeuf Simplification des langues orientales, ou m\u00e9thode nouvelle et facile d'apprendre les langues arabe, persane et turque avec des caract\u00e8res europ\u00e9ens. - Libairie Clavreuil","isPartOf":{"@id":"https:\/\/clavreuil-wordpress.logiciel-arteo.fr\/#website"},"primaryImageOfPage":{"@id":"https:\/\/clavreuil-wordpress.logiciel-arteo.fr\/en\/volney-constantin-f-de-chassebeuf-simplification-des-langues-orientales-ou-methode-nouvelle-et-facile-dapprendre-les-langues-arabe-persane-et-turque-avec-des-caracteres-europeens\/#primaryimage"},"image":{"@id":"https:\/\/clavreuil-wordpress.logiciel-arteo.fr\/en\/volney-constantin-f-de-chassebeuf-simplification-des-langues-orientales-ou-methode-nouvelle-et-facile-dapprendre-les-langues-arabe-persane-et-turque-avec-des-caracteres-europeens\/#primaryimage"},"thumbnailUrl":"https:\/\/clavreuil-wordpress.logiciel-arteo.fr\/wp-content\/uploads\/2024\/04\/constantin-f-de-chassebeuf-volney-simplification-des-langues-orientales-ou-methode-nouvelle-et-facile-d-apprendre-les-langues-arabe-persane-et-turque--scaled.jpg","datePublished":"2024-04-24T10:31:35+00:00","dateModified":"2024-04-24T10:32:08+00:00","breadcrumb":{"@id":"https:\/\/clavreuil-wordpress.logiciel-arteo.fr\/en\/volney-constantin-f-de-chassebeuf-simplification-des-langues-orientales-ou-methode-nouvelle-et-facile-dapprendre-les-langues-arabe-persane-et-turque-avec-des-caracteres-europeens\/#breadcrumb"},"inLanguage":"en-US","potentialAction":[{"@type":"ReadAction","target":["https:\/\/clavreuil-wordpress.logiciel-arteo.fr\/en\/volney-constantin-f-de-chassebeuf-simplification-des-langues-orientales-ou-methode-nouvelle-et-facile-dapprendre-les-langues-arabe-persane-et-turque-avec-des-caracteres-europeens\/"]}]},{"@type":"ImageObject","inLanguage":"en-US","@id":"https:\/\/clavreuil-wordpress.logiciel-arteo.fr\/en\/volney-constantin-f-de-chassebeuf-simplification-des-langues-orientales-ou-methode-nouvelle-et-facile-dapprendre-les-langues-arabe-persane-et-turque-avec-des-caracteres-europeens\/#primaryimage","url":"https:\/\/clavreuil-wordpress.logiciel-arteo.fr\/wp-content\/uploads\/2024\/04\/constantin-f-de-chassebeuf-volney-simplification-des-langues-orientales-ou-methode-nouvelle-et-facile-d-apprendre-les-langues-arabe-persane-et-turque--scaled.jpg","contentUrl":"https:\/\/clavreuil-wordpress.logiciel-arteo.fr\/wp-content\/uploads\/2024\/04\/constantin-f-de-chassebeuf-volney-simplification-des-langues-orientales-ou-methode-nouvelle-et-facile-d-apprendre-les-langues-arabe-persane-et-turque--scaled.jpg","width":1692,"height":2560},{"@type":"BreadcrumbList","@id":"https:\/\/clavreuil-wordpress.logiciel-arteo.fr\/en\/volney-constantin-f-de-chassebeuf-simplification-des-langues-orientales-ou-methode-nouvelle-et-facile-dapprendre-les-langues-arabe-persane-et-turque-avec-des-caracteres-europeens\/#breadcrumb","itemListElement":[{"@type":"ListItem","position":1,"name":"Accueil","item":"https:\/\/clavreuil-wordpress.logiciel-arteo.fr\/"},{"@type":"ListItem","position":2,"name":"All our books","item":"https:\/\/clavreuil-wordpress.logiciel-arteo.fr\/en\/all-our-books\/"},{"@type":"ListItem","position":3,"name":"VOLNEY Constantin F. de Chassebeuf Simplification des langues..."}]},{"@type":"WebSite","@id":"https:\/\/clavreuil-wordpress.logiciel-arteo.fr\/#website","url":"https:\/\/clavreuil-wordpress.logiciel-arteo.fr\/","name":"Libairie Clavreuil","description":"","publisher":{"@id":"https:\/\/clavreuil-wordpress.logiciel-arteo.fr\/#organization"},"potentialAction":[{"@type":"SearchAction","target":{"@type":"EntryPoint","urlTemplate":"https:\/\/clavreuil-wordpress.logiciel-arteo.fr\/?s={search_term_string}"},"query-input":{"@type":"PropertyValueSpecification","valueRequired":true,"valueName":"search_term_string"}}],"inLanguage":"en-US"},{"@type":"Organization","@id":"https:\/\/clavreuil-wordpress.logiciel-arteo.fr\/#organization","name":"Libairie Clavreuil","url":"https:\/\/clavreuil-wordpress.logiciel-arteo.fr\/","logo":{"@type":"ImageObject","inLanguage":"en-US","@id":"https:\/\/clavreuil-wordpress.logiciel-arteo.fr\/#\/schema\/logo\/image\/","url":"https:\/\/clavreuil-wordpress.logiciel-arteo.fr\/wp-content\/uploads\/2021\/05\/LOGO_PNG_DATE-_gold.png","contentUrl":"https:\/\/clavreuil-wordpress.logiciel-arteo.fr\/wp-content\/uploads\/2021\/05\/LOGO_PNG_DATE-_gold.png","width":2083,"height":1917,"caption":"Libairie Clavreuil"},"image":{"@id":"https:\/\/clavreuil-wordpress.logiciel-arteo.fr\/#\/schema\/logo\/image\/"}}]}},"_links":{"self":[{"href":"https:\/\/clavreuil-wordpress.logiciel-arteo.fr\/en\/wp-json\/wp\/v2\/product\/75141","targetHints":{"allow":["GET"]}}],"collection":[{"href":"https:\/\/clavreuil-wordpress.logiciel-arteo.fr\/en\/wp-json\/wp\/v2\/product"}],"about":[{"href":"https:\/\/clavreuil-wordpress.logiciel-arteo.fr\/en\/wp-json\/wp\/v2\/types\/product"}],"replies":[{"embeddable":true,"href":"https:\/\/clavreuil-wordpress.logiciel-arteo.fr\/en\/wp-json\/wp\/v2\/comments?post=75141"}],"wp:featuredmedia":[{"embeddable":true,"href":"https:\/\/clavreuil-wordpress.logiciel-arteo.fr\/en\/wp-json\/wp\/v2\/media\/75136"}],"wp:attachment":[{"href":"https:\/\/clavreuil-wordpress.logiciel-arteo.fr\/en\/wp-json\/wp\/v2\/media?parent=75141"}],"wp:term":[{"taxonomy":"product_brand","embeddable":true,"href":"https:\/\/clavreuil-wordpress.logiciel-arteo.fr\/en\/wp-json\/wp\/v2\/product_brand?post=75141"},{"taxonomy":"product_cat","embeddable":true,"href":"https:\/\/clavreuil-wordpress.logiciel-arteo.fr\/en\/wp-json\/wp\/v2\/product_cat?post=75141"},{"taxonomy":"product_tag","embeddable":true,"href":"https:\/\/clavreuil-wordpress.logiciel-arteo.fr\/en\/wp-json\/wp\/v2\/product_tag?post=75141"}],"curies":[{"name":"wp","href":"https:\/\/api.w.org\/{rel}","templated":true}]}}