{"id":75155,"date":"2024-04-24T12:33:38","date_gmt":"2024-04-24T10:33:38","guid":{"rendered":"https:\/\/clavreuil-wordpress.logiciel-arteo.fr\/canada-traite-de-neutralite-conclu-a-londres-le-seizieme-novembre-1686-entre-les-roys-de-france-et-dangleterre-touchant-les-pays-des-deux-roys-en-amerique\/"},"modified":"2024-04-24T12:34:03","modified_gmt":"2024-04-24T10:34:03","slug":"canada-traite-de-neutralite-conclu-a-londres-le-seizieme-novembre-1686-entre-les-roys-de-france-et-dangleterre-touchant-les-pays-des-deux-roys-en-amerique","status":"publish","type":"product","link":"https:\/\/clavreuil-wordpress.logiciel-arteo.fr\/en\/canada-traite-de-neutralite-conclu-a-londres-le-seizieme-novembre-1686-entre-les-roys-de-france-et-dangleterre-touchant-les-pays-des-deux-roys-en-amerique\/","title":{"rendered":"CANADA Trait\u00e9 de neutralit\u00e9 conclu \u00e0 Londres le..."},"content":{"rendered":"<p><em>Maggs, 41; Harisse, Notes sur la Nouvelle France, p. 732.<\/em><\/p>\n<p>The Treaty of Peace and Friendship of 1686 established the respective possessions of the two countries in America.<\/p>\n<p>It protected the rights of the Indians.<\/p>\n","protected":false},"excerpt":{"rendered":"<p>4to (240 x 186 mm) 12 pp. Modern boards.<\/p>\n","protected":false},"featured_media":75152,"comment_status":"open","ping_status":"closed","template":"","meta":{"_acf_changed":false},"product_brand":[],"product_cat":[552],"product_tag":[1365,560,1392],"class_list":{"0":"post-75155","1":"product","2":"type-product","3":"status-publish","4":"has-post-thumbnail","6":"product_cat-travel","7":"product_tag-canada-2","8":"product_tag-trade","9":"product_tag-england","10":"pa_auteur-canada-3","11":"pa_type-de-livre-printed-book","13":"first","14":"instock","15":"shipping-taxable","16":"purchasable","17":"product-type-simple"},"acf":[],"yoast_head":"<!-- This site is optimized with the Yoast SEO plugin v24.3 - https:\/\/yoast.com\/wordpress\/plugins\/seo\/ -->\n<title>CANADA  Trait\u00e9 de neutralit\u00e9 conclu \u00e0 Londres le seizi\u00e8me novembre 1686. Entre les Roys de France et d&#039;Angleterre, touchant les pays des deux Roys en Am\u00e9rique. - Libairie Clavreuil<\/title>\n<meta name=\"robots\" content=\"noindex, follow, max-snippet:-1, max-image-preview:large, max-video-preview:-1\" \/>\n<meta property=\"og:locale\" content=\"en_US\" \/>\n<meta property=\"og:type\" content=\"article\" \/>\n<meta property=\"og:title\" content=\"CANADA  Trait\u00e9 de neutralit\u00e9 conclu \u00e0 Londres le seizi\u00e8me novembre 1686. Entre les Roys de France et d&#039;Angleterre, touchant les pays des deux Roys en Am\u00e9rique. - Libairie Clavreuil\" \/>\n<meta property=\"og:description\" content=\"4to (240 x 186 mm) 12 pp. Modern boards.\" \/>\n<meta property=\"og:url\" content=\"https:\/\/clavreuil-wordpress.logiciel-arteo.fr\/en\/canada-traite-de-neutralite-conclu-a-londres-le-seizieme-novembre-1686-entre-les-roys-de-france-et-dangleterre-touchant-les-pays-des-deux-roys-en-amerique\/\" \/>\n<meta property=\"og:site_name\" content=\"Libairie Clavreuil\" \/>\n<meta property=\"article:modified_time\" content=\"2024-04-24T10:34:03+00:00\" \/>\n<meta property=\"og:image\" content=\"https:\/\/clavreuil-wordpress.logiciel-arteo.fr\/wp-content\/uploads\/2024\/04\/canada-traite-de-neutralite-conclu-a-londres-le-seizieme-novembre-1686-entre-les-roys-de-france-et-d-angleterre-touchant-les-pays-des-deux-roys-en-ame-scaled.jpg\" \/>\n\t<meta property=\"og:image:width\" content=\"1896\" \/>\n\t<meta property=\"og:image:height\" content=\"2560\" \/>\n\t<meta property=\"og:image:type\" content=\"image\/jpeg\" \/>\n<meta name=\"twitter:card\" content=\"summary_large_image\" \/>\n<script type=\"application\/ld+json\" class=\"yoast-schema-graph\">{\"@context\":\"https:\/\/schema.org\",\"@graph\":[{\"@type\":\"WebPage\",\"@id\":\"https:\/\/clavreuil-wordpress.logiciel-arteo.fr\/en\/canada-traite-de-neutralite-conclu-a-londres-le-seizieme-novembre-1686-entre-les-roys-de-france-et-dangleterre-touchant-les-pays-des-deux-roys-en-amerique\/\",\"url\":\"https:\/\/clavreuil-wordpress.logiciel-arteo.fr\/en\/canada-traite-de-neutralite-conclu-a-londres-le-seizieme-novembre-1686-entre-les-roys-de-france-et-dangleterre-touchant-les-pays-des-deux-roys-en-amerique\/\",\"name\":\"CANADA Trait\u00e9 de neutralit\u00e9 conclu \u00e0 Londres le seizi\u00e8me novembre 1686. Entre les Roys de France et d'Angleterre, touchant les pays des deux Roys en Am\u00e9rique. - Libairie Clavreuil\",\"isPartOf\":{\"@id\":\"https:\/\/clavreuil-wordpress.logiciel-arteo.fr\/#website\"},\"primaryImageOfPage\":{\"@id\":\"https:\/\/clavreuil-wordpress.logiciel-arteo.fr\/en\/canada-traite-de-neutralite-conclu-a-londres-le-seizieme-novembre-1686-entre-les-roys-de-france-et-dangleterre-touchant-les-pays-des-deux-roys-en-amerique\/#primaryimage\"},\"image\":{\"@id\":\"https:\/\/clavreuil-wordpress.logiciel-arteo.fr\/en\/canada-traite-de-neutralite-conclu-a-londres-le-seizieme-novembre-1686-entre-les-roys-de-france-et-dangleterre-touchant-les-pays-des-deux-roys-en-amerique\/#primaryimage\"},\"thumbnailUrl\":\"https:\/\/clavreuil-wordpress.logiciel-arteo.fr\/wp-content\/uploads\/2024\/04\/canada-traite-de-neutralite-conclu-a-londres-le-seizieme-novembre-1686-entre-les-roys-de-france-et-d-angleterre-touchant-les-pays-des-deux-roys-en-ame-scaled.jpg\",\"datePublished\":\"2024-04-24T10:33:38+00:00\",\"dateModified\":\"2024-04-24T10:34:03+00:00\",\"breadcrumb\":{\"@id\":\"https:\/\/clavreuil-wordpress.logiciel-arteo.fr\/en\/canada-traite-de-neutralite-conclu-a-londres-le-seizieme-novembre-1686-entre-les-roys-de-france-et-dangleterre-touchant-les-pays-des-deux-roys-en-amerique\/#breadcrumb\"},\"inLanguage\":\"en-US\",\"potentialAction\":[{\"@type\":\"ReadAction\",\"target\":[\"https:\/\/clavreuil-wordpress.logiciel-arteo.fr\/en\/canada-traite-de-neutralite-conclu-a-londres-le-seizieme-novembre-1686-entre-les-roys-de-france-et-dangleterre-touchant-les-pays-des-deux-roys-en-amerique\/\"]}]},{\"@type\":\"ImageObject\",\"inLanguage\":\"en-US\",\"@id\":\"https:\/\/clavreuil-wordpress.logiciel-arteo.fr\/en\/canada-traite-de-neutralite-conclu-a-londres-le-seizieme-novembre-1686-entre-les-roys-de-france-et-dangleterre-touchant-les-pays-des-deux-roys-en-amerique\/#primaryimage\",\"url\":\"https:\/\/clavreuil-wordpress.logiciel-arteo.fr\/wp-content\/uploads\/2024\/04\/canada-traite-de-neutralite-conclu-a-londres-le-seizieme-novembre-1686-entre-les-roys-de-france-et-d-angleterre-touchant-les-pays-des-deux-roys-en-ame-scaled.jpg\",\"contentUrl\":\"https:\/\/clavreuil-wordpress.logiciel-arteo.fr\/wp-content\/uploads\/2024\/04\/canada-traite-de-neutralite-conclu-a-londres-le-seizieme-novembre-1686-entre-les-roys-de-france-et-d-angleterre-touchant-les-pays-des-deux-roys-en-ame-scaled.jpg\",\"width\":1896,\"height\":2560},{\"@type\":\"BreadcrumbList\",\"@id\":\"https:\/\/clavreuil-wordpress.logiciel-arteo.fr\/en\/canada-traite-de-neutralite-conclu-a-londres-le-seizieme-novembre-1686-entre-les-roys-de-france-et-dangleterre-touchant-les-pays-des-deux-roys-en-amerique\/#breadcrumb\",\"itemListElement\":[{\"@type\":\"ListItem\",\"position\":1,\"name\":\"Accueil\",\"item\":\"https:\/\/clavreuil-wordpress.logiciel-arteo.fr\/\"},{\"@type\":\"ListItem\",\"position\":2,\"name\":\"All our books\",\"item\":\"https:\/\/clavreuil-wordpress.logiciel-arteo.fr\/en\/all-our-books\/\"},{\"@type\":\"ListItem\",\"position\":3,\"name\":\"CANADA Trait\u00e9 de neutralit\u00e9 conclu \u00e0 Londres le...\"}]},{\"@type\":\"WebSite\",\"@id\":\"https:\/\/clavreuil-wordpress.logiciel-arteo.fr\/#website\",\"url\":\"https:\/\/clavreuil-wordpress.logiciel-arteo.fr\/\",\"name\":\"Libairie Clavreuil\",\"description\":\"\",\"publisher\":{\"@id\":\"https:\/\/clavreuil-wordpress.logiciel-arteo.fr\/#organization\"},\"potentialAction\":[{\"@type\":\"SearchAction\",\"target\":{\"@type\":\"EntryPoint\",\"urlTemplate\":\"https:\/\/clavreuil-wordpress.logiciel-arteo.fr\/?s={search_term_string}\"},\"query-input\":{\"@type\":\"PropertyValueSpecification\",\"valueRequired\":true,\"valueName\":\"search_term_string\"}}],\"inLanguage\":\"en-US\"},{\"@type\":\"Organization\",\"@id\":\"https:\/\/clavreuil-wordpress.logiciel-arteo.fr\/#organization\",\"name\":\"Libairie Clavreuil\",\"url\":\"https:\/\/clavreuil-wordpress.logiciel-arteo.fr\/\",\"logo\":{\"@type\":\"ImageObject\",\"inLanguage\":\"en-US\",\"@id\":\"https:\/\/clavreuil-wordpress.logiciel-arteo.fr\/#\/schema\/logo\/image\/\",\"url\":\"https:\/\/clavreuil-wordpress.logiciel-arteo.fr\/wp-content\/uploads\/2021\/05\/LOGO_PNG_DATE-_gold.png\",\"contentUrl\":\"https:\/\/clavreuil-wordpress.logiciel-arteo.fr\/wp-content\/uploads\/2021\/05\/LOGO_PNG_DATE-_gold.png\",\"width\":2083,\"height\":1917,\"caption\":\"Libairie Clavreuil\"},\"image\":{\"@id\":\"https:\/\/clavreuil-wordpress.logiciel-arteo.fr\/#\/schema\/logo\/image\/\"}}]}<\/script>\n<!-- \/ Yoast SEO plugin. -->","yoast_head_json":{"title":"CANADA  Trait\u00e9 de neutralit\u00e9 conclu \u00e0 Londres le seizi\u00e8me novembre 1686. Entre les Roys de France et d'Angleterre, touchant les pays des deux Roys en Am\u00e9rique. - Libairie Clavreuil","robots":{"index":"noindex","follow":"follow","max-snippet":"max-snippet:-1","max-image-preview":"max-image-preview:large","max-video-preview":"max-video-preview:-1"},"og_locale":"en_US","og_type":"article","og_title":"CANADA  Trait\u00e9 de neutralit\u00e9 conclu \u00e0 Londres le seizi\u00e8me novembre 1686. Entre les Roys de France et d'Angleterre, touchant les pays des deux Roys en Am\u00e9rique. - Libairie Clavreuil","og_description":"4to (240 x 186 mm) 12 pp. Modern boards.","og_url":"https:\/\/clavreuil-wordpress.logiciel-arteo.fr\/en\/canada-traite-de-neutralite-conclu-a-londres-le-seizieme-novembre-1686-entre-les-roys-de-france-et-dangleterre-touchant-les-pays-des-deux-roys-en-amerique\/","og_site_name":"Libairie Clavreuil","article_modified_time":"2024-04-24T10:34:03+00:00","og_image":[{"width":1896,"height":2560,"url":"https:\/\/clavreuil-wordpress.logiciel-arteo.fr\/wp-content\/uploads\/2024\/04\/canada-traite-de-neutralite-conclu-a-londres-le-seizieme-novembre-1686-entre-les-roys-de-france-et-d-angleterre-touchant-les-pays-des-deux-roys-en-ame-scaled.jpg","type":"image\/jpeg"}],"twitter_card":"summary_large_image","schema":{"@context":"https:\/\/schema.org","@graph":[{"@type":"WebPage","@id":"https:\/\/clavreuil-wordpress.logiciel-arteo.fr\/en\/canada-traite-de-neutralite-conclu-a-londres-le-seizieme-novembre-1686-entre-les-roys-de-france-et-dangleterre-touchant-les-pays-des-deux-roys-en-amerique\/","url":"https:\/\/clavreuil-wordpress.logiciel-arteo.fr\/en\/canada-traite-de-neutralite-conclu-a-londres-le-seizieme-novembre-1686-entre-les-roys-de-france-et-dangleterre-touchant-les-pays-des-deux-roys-en-amerique\/","name":"CANADA Trait\u00e9 de neutralit\u00e9 conclu \u00e0 Londres le seizi\u00e8me novembre 1686. Entre les Roys de France et d'Angleterre, touchant les pays des deux Roys en Am\u00e9rique. - Libairie Clavreuil","isPartOf":{"@id":"https:\/\/clavreuil-wordpress.logiciel-arteo.fr\/#website"},"primaryImageOfPage":{"@id":"https:\/\/clavreuil-wordpress.logiciel-arteo.fr\/en\/canada-traite-de-neutralite-conclu-a-londres-le-seizieme-novembre-1686-entre-les-roys-de-france-et-dangleterre-touchant-les-pays-des-deux-roys-en-amerique\/#primaryimage"},"image":{"@id":"https:\/\/clavreuil-wordpress.logiciel-arteo.fr\/en\/canada-traite-de-neutralite-conclu-a-londres-le-seizieme-novembre-1686-entre-les-roys-de-france-et-dangleterre-touchant-les-pays-des-deux-roys-en-amerique\/#primaryimage"},"thumbnailUrl":"https:\/\/clavreuil-wordpress.logiciel-arteo.fr\/wp-content\/uploads\/2024\/04\/canada-traite-de-neutralite-conclu-a-londres-le-seizieme-novembre-1686-entre-les-roys-de-france-et-d-angleterre-touchant-les-pays-des-deux-roys-en-ame-scaled.jpg","datePublished":"2024-04-24T10:33:38+00:00","dateModified":"2024-04-24T10:34:03+00:00","breadcrumb":{"@id":"https:\/\/clavreuil-wordpress.logiciel-arteo.fr\/en\/canada-traite-de-neutralite-conclu-a-londres-le-seizieme-novembre-1686-entre-les-roys-de-france-et-dangleterre-touchant-les-pays-des-deux-roys-en-amerique\/#breadcrumb"},"inLanguage":"en-US","potentialAction":[{"@type":"ReadAction","target":["https:\/\/clavreuil-wordpress.logiciel-arteo.fr\/en\/canada-traite-de-neutralite-conclu-a-londres-le-seizieme-novembre-1686-entre-les-roys-de-france-et-dangleterre-touchant-les-pays-des-deux-roys-en-amerique\/"]}]},{"@type":"ImageObject","inLanguage":"en-US","@id":"https:\/\/clavreuil-wordpress.logiciel-arteo.fr\/en\/canada-traite-de-neutralite-conclu-a-londres-le-seizieme-novembre-1686-entre-les-roys-de-france-et-dangleterre-touchant-les-pays-des-deux-roys-en-amerique\/#primaryimage","url":"https:\/\/clavreuil-wordpress.logiciel-arteo.fr\/wp-content\/uploads\/2024\/04\/canada-traite-de-neutralite-conclu-a-londres-le-seizieme-novembre-1686-entre-les-roys-de-france-et-d-angleterre-touchant-les-pays-des-deux-roys-en-ame-scaled.jpg","contentUrl":"https:\/\/clavreuil-wordpress.logiciel-arteo.fr\/wp-content\/uploads\/2024\/04\/canada-traite-de-neutralite-conclu-a-londres-le-seizieme-novembre-1686-entre-les-roys-de-france-et-d-angleterre-touchant-les-pays-des-deux-roys-en-ame-scaled.jpg","width":1896,"height":2560},{"@type":"BreadcrumbList","@id":"https:\/\/clavreuil-wordpress.logiciel-arteo.fr\/en\/canada-traite-de-neutralite-conclu-a-londres-le-seizieme-novembre-1686-entre-les-roys-de-france-et-dangleterre-touchant-les-pays-des-deux-roys-en-amerique\/#breadcrumb","itemListElement":[{"@type":"ListItem","position":1,"name":"Accueil","item":"https:\/\/clavreuil-wordpress.logiciel-arteo.fr\/"},{"@type":"ListItem","position":2,"name":"All our books","item":"https:\/\/clavreuil-wordpress.logiciel-arteo.fr\/en\/all-our-books\/"},{"@type":"ListItem","position":3,"name":"CANADA Trait\u00e9 de neutralit\u00e9 conclu \u00e0 Londres le..."}]},{"@type":"WebSite","@id":"https:\/\/clavreuil-wordpress.logiciel-arteo.fr\/#website","url":"https:\/\/clavreuil-wordpress.logiciel-arteo.fr\/","name":"Libairie Clavreuil","description":"","publisher":{"@id":"https:\/\/clavreuil-wordpress.logiciel-arteo.fr\/#organization"},"potentialAction":[{"@type":"SearchAction","target":{"@type":"EntryPoint","urlTemplate":"https:\/\/clavreuil-wordpress.logiciel-arteo.fr\/?s={search_term_string}"},"query-input":{"@type":"PropertyValueSpecification","valueRequired":true,"valueName":"search_term_string"}}],"inLanguage":"en-US"},{"@type":"Organization","@id":"https:\/\/clavreuil-wordpress.logiciel-arteo.fr\/#organization","name":"Libairie Clavreuil","url":"https:\/\/clavreuil-wordpress.logiciel-arteo.fr\/","logo":{"@type":"ImageObject","inLanguage":"en-US","@id":"https:\/\/clavreuil-wordpress.logiciel-arteo.fr\/#\/schema\/logo\/image\/","url":"https:\/\/clavreuil-wordpress.logiciel-arteo.fr\/wp-content\/uploads\/2021\/05\/LOGO_PNG_DATE-_gold.png","contentUrl":"https:\/\/clavreuil-wordpress.logiciel-arteo.fr\/wp-content\/uploads\/2021\/05\/LOGO_PNG_DATE-_gold.png","width":2083,"height":1917,"caption":"Libairie Clavreuil"},"image":{"@id":"https:\/\/clavreuil-wordpress.logiciel-arteo.fr\/#\/schema\/logo\/image\/"}}]}},"_links":{"self":[{"href":"https:\/\/clavreuil-wordpress.logiciel-arteo.fr\/en\/wp-json\/wp\/v2\/product\/75155","targetHints":{"allow":["GET"]}}],"collection":[{"href":"https:\/\/clavreuil-wordpress.logiciel-arteo.fr\/en\/wp-json\/wp\/v2\/product"}],"about":[{"href":"https:\/\/clavreuil-wordpress.logiciel-arteo.fr\/en\/wp-json\/wp\/v2\/types\/product"}],"replies":[{"embeddable":true,"href":"https:\/\/clavreuil-wordpress.logiciel-arteo.fr\/en\/wp-json\/wp\/v2\/comments?post=75155"}],"wp:featuredmedia":[{"embeddable":true,"href":"https:\/\/clavreuil-wordpress.logiciel-arteo.fr\/en\/wp-json\/wp\/v2\/media\/75152"}],"wp:attachment":[{"href":"https:\/\/clavreuil-wordpress.logiciel-arteo.fr\/en\/wp-json\/wp\/v2\/media?parent=75155"}],"wp:term":[{"taxonomy":"product_brand","embeddable":true,"href":"https:\/\/clavreuil-wordpress.logiciel-arteo.fr\/en\/wp-json\/wp\/v2\/product_brand?post=75155"},{"taxonomy":"product_cat","embeddable":true,"href":"https:\/\/clavreuil-wordpress.logiciel-arteo.fr\/en\/wp-json\/wp\/v2\/product_cat?post=75155"},{"taxonomy":"product_tag","embeddable":true,"href":"https:\/\/clavreuil-wordpress.logiciel-arteo.fr\/en\/wp-json\/wp\/v2\/product_tag?post=75155"}],"curies":[{"name":"wp","href":"https:\/\/api.w.org\/{rel}","templated":true}]}}