{"id":75225,"date":"2024-04-24T14:47:38","date_gmt":"2024-04-24T12:47:38","guid":{"rendered":"https:\/\/clavreuil-wordpress.logiciel-arteo.fr\/anonyme-de-letat-des-negres-relativement-a-la-prosperite-des-colonies-francoises-de-leur-metropole-discours-aux-representants-de-la-nation\/"},"modified":"2024-04-24T14:48:05","modified_gmt":"2024-04-24T12:48:05","slug":"anonyme-de-letat-des-negres-relativement-a-la-prosperite-des-colonies-francoises-de-leur-metropole-discours-aux-representants-de-la-nation","status":"publish","type":"product","link":"https:\/\/clavreuil-wordpress.logiciel-arteo.fr\/en\/anonyme-de-letat-des-negres-relativement-a-la-prosperite-des-colonies-francoises-de-leur-metropole-discours-aux-representants-de-la-nation\/","title":{"rendered":"ANONYME DE L&#8217;ETAT DES NEGRES, relativement \u00e0 la..."},"content":{"rendered":"<p style=\"text-align:justify\"><em>INED, 4617; not in Sabin or J.C.B.<\/em><\/p>\n<p style=\"text-align:justify\">Discourse by an anonymous deputy (from Saint Domingue or the West Indies) against the abolition of slavery. The author accuses England of having bribed the representatives of the Soci&eacute;t&eacute; des Amis des Noirs (which he describes as a sect) to pass an abolitionist law in France, so that France would be ruined and the English would be the masters of the world.<\/p>\n","protected":false},"excerpt":{"rendered":"<p>8vo (188 x 123 mm) 32 pp. Modern boards (<em>Lobstein Laurenchet<\/em>).<\/p>\n","protected":false},"featured_media":75220,"comment_status":"open","ping_status":"closed","template":"","meta":{"_acf_changed":false},"product_brand":[],"product_cat":[552],"product_tag":[1366],"class_list":{"0":"post-75225","1":"product","2":"type-product","3":"status-publish","4":"has-post-thumbnail","6":"product_cat-travel","7":"product_tag-slavery","8":"pa_auteur-anonyme-2","9":"pa_type-de-livre-printed-book","11":"first","12":"instock","13":"shipping-taxable","14":"purchasable","15":"product-type-simple"},"acf":[],"yoast_head":"<!-- This site is optimized with the Yoast SEO plugin v24.3 - https:\/\/yoast.com\/wordpress\/plugins\/seo\/ -->\n<title>ANONYME  DE L&#039;ETAT DES NEGRES, relativement \u00e0 la prosp\u00e9rit\u00e9 des Colonies Fran\u00e7oises &amp; de leur M\u00e9tropole. Discours aux repr\u00e9sentants de la Nation. - Libairie Clavreuil<\/title>\n<meta name=\"robots\" content=\"noindex, follow, max-snippet:-1, max-image-preview:large, max-video-preview:-1\" \/>\n<meta property=\"og:locale\" content=\"en_US\" \/>\n<meta property=\"og:type\" content=\"article\" \/>\n<meta property=\"og:title\" content=\"ANONYME  DE L&#039;ETAT DES NEGRES, relativement \u00e0 la prosp\u00e9rit\u00e9 des Colonies Fran\u00e7oises &amp; de leur M\u00e9tropole. Discours aux repr\u00e9sentants de la Nation. - Libairie Clavreuil\" \/>\n<meta property=\"og:description\" content=\"8vo (188 x 123 mm) 32 pp. Modern boards (Lobstein Laurenchet).\" \/>\n<meta property=\"og:url\" content=\"https:\/\/clavreuil-wordpress.logiciel-arteo.fr\/en\/anonyme-de-letat-des-negres-relativement-a-la-prosperite-des-colonies-francoises-de-leur-metropole-discours-aux-representants-de-la-nation\/\" \/>\n<meta property=\"og:site_name\" content=\"Libairie Clavreuil\" \/>\n<meta property=\"article:modified_time\" content=\"2024-04-24T12:48:05+00:00\" \/>\n<meta property=\"og:image\" content=\"https:\/\/clavreuil-wordpress.logiciel-arteo.fr\/wp-content\/uploads\/2024\/04\/anonyme-de-l-etat-des-negres-relativement-a-la-prosperite-des-colonies-francoises-de-leur-metropole-discours-aux-representants-de-la-nation-5946-65f48-scaled.jpg\" \/>\n\t<meta property=\"og:image:width\" content=\"1920\" \/>\n\t<meta property=\"og:image:height\" content=\"2560\" \/>\n\t<meta property=\"og:image:type\" content=\"image\/jpeg\" \/>\n<meta name=\"twitter:card\" content=\"summary_large_image\" \/>\n<script type=\"application\/ld+json\" class=\"yoast-schema-graph\">{\"@context\":\"https:\/\/schema.org\",\"@graph\":[{\"@type\":\"WebPage\",\"@id\":\"https:\/\/clavreuil-wordpress.logiciel-arteo.fr\/en\/anonyme-de-letat-des-negres-relativement-a-la-prosperite-des-colonies-francoises-de-leur-metropole-discours-aux-representants-de-la-nation\/\",\"url\":\"https:\/\/clavreuil-wordpress.logiciel-arteo.fr\/en\/anonyme-de-letat-des-negres-relativement-a-la-prosperite-des-colonies-francoises-de-leur-metropole-discours-aux-representants-de-la-nation\/\",\"name\":\"ANONYME DE L'ETAT DES NEGRES, relativement \u00e0 la prosp\u00e9rit\u00e9 des Colonies Fran\u00e7oises &amp; de leur M\u00e9tropole. Discours aux repr\u00e9sentants de la Nation. - Libairie Clavreuil\",\"isPartOf\":{\"@id\":\"https:\/\/clavreuil-wordpress.logiciel-arteo.fr\/#website\"},\"primaryImageOfPage\":{\"@id\":\"https:\/\/clavreuil-wordpress.logiciel-arteo.fr\/en\/anonyme-de-letat-des-negres-relativement-a-la-prosperite-des-colonies-francoises-de-leur-metropole-discours-aux-representants-de-la-nation\/#primaryimage\"},\"image\":{\"@id\":\"https:\/\/clavreuil-wordpress.logiciel-arteo.fr\/en\/anonyme-de-letat-des-negres-relativement-a-la-prosperite-des-colonies-francoises-de-leur-metropole-discours-aux-representants-de-la-nation\/#primaryimage\"},\"thumbnailUrl\":\"https:\/\/clavreuil-wordpress.logiciel-arteo.fr\/wp-content\/uploads\/2024\/04\/anonyme-de-l-etat-des-negres-relativement-a-la-prosperite-des-colonies-francoises-de-leur-metropole-discours-aux-representants-de-la-nation-5946-65f48-scaled.jpg\",\"datePublished\":\"2024-04-24T12:47:38+00:00\",\"dateModified\":\"2024-04-24T12:48:05+00:00\",\"breadcrumb\":{\"@id\":\"https:\/\/clavreuil-wordpress.logiciel-arteo.fr\/en\/anonyme-de-letat-des-negres-relativement-a-la-prosperite-des-colonies-francoises-de-leur-metropole-discours-aux-representants-de-la-nation\/#breadcrumb\"},\"inLanguage\":\"en-US\",\"potentialAction\":[{\"@type\":\"ReadAction\",\"target\":[\"https:\/\/clavreuil-wordpress.logiciel-arteo.fr\/en\/anonyme-de-letat-des-negres-relativement-a-la-prosperite-des-colonies-francoises-de-leur-metropole-discours-aux-representants-de-la-nation\/\"]}]},{\"@type\":\"ImageObject\",\"inLanguage\":\"en-US\",\"@id\":\"https:\/\/clavreuil-wordpress.logiciel-arteo.fr\/en\/anonyme-de-letat-des-negres-relativement-a-la-prosperite-des-colonies-francoises-de-leur-metropole-discours-aux-representants-de-la-nation\/#primaryimage\",\"url\":\"https:\/\/clavreuil-wordpress.logiciel-arteo.fr\/wp-content\/uploads\/2024\/04\/anonyme-de-l-etat-des-negres-relativement-a-la-prosperite-des-colonies-francoises-de-leur-metropole-discours-aux-representants-de-la-nation-5946-65f48-scaled.jpg\",\"contentUrl\":\"https:\/\/clavreuil-wordpress.logiciel-arteo.fr\/wp-content\/uploads\/2024\/04\/anonyme-de-l-etat-des-negres-relativement-a-la-prosperite-des-colonies-francoises-de-leur-metropole-discours-aux-representants-de-la-nation-5946-65f48-scaled.jpg\",\"width\":1920,\"height\":2560},{\"@type\":\"BreadcrumbList\",\"@id\":\"https:\/\/clavreuil-wordpress.logiciel-arteo.fr\/en\/anonyme-de-letat-des-negres-relativement-a-la-prosperite-des-colonies-francoises-de-leur-metropole-discours-aux-representants-de-la-nation\/#breadcrumb\",\"itemListElement\":[{\"@type\":\"ListItem\",\"position\":1,\"name\":\"Accueil\",\"item\":\"https:\/\/clavreuil-wordpress.logiciel-arteo.fr\/\"},{\"@type\":\"ListItem\",\"position\":2,\"name\":\"All our books\",\"item\":\"https:\/\/clavreuil-wordpress.logiciel-arteo.fr\/en\/all-our-books\/\"},{\"@type\":\"ListItem\",\"position\":3,\"name\":\"ANONYME DE L&#8217;ETAT DES NEGRES, relativement \u00e0 la...\"}]},{\"@type\":\"WebSite\",\"@id\":\"https:\/\/clavreuil-wordpress.logiciel-arteo.fr\/#website\",\"url\":\"https:\/\/clavreuil-wordpress.logiciel-arteo.fr\/\",\"name\":\"Libairie Clavreuil\",\"description\":\"\",\"publisher\":{\"@id\":\"https:\/\/clavreuil-wordpress.logiciel-arteo.fr\/#organization\"},\"potentialAction\":[{\"@type\":\"SearchAction\",\"target\":{\"@type\":\"EntryPoint\",\"urlTemplate\":\"https:\/\/clavreuil-wordpress.logiciel-arteo.fr\/?s={search_term_string}\"},\"query-input\":{\"@type\":\"PropertyValueSpecification\",\"valueRequired\":true,\"valueName\":\"search_term_string\"}}],\"inLanguage\":\"en-US\"},{\"@type\":\"Organization\",\"@id\":\"https:\/\/clavreuil-wordpress.logiciel-arteo.fr\/#organization\",\"name\":\"Libairie Clavreuil\",\"url\":\"https:\/\/clavreuil-wordpress.logiciel-arteo.fr\/\",\"logo\":{\"@type\":\"ImageObject\",\"inLanguage\":\"en-US\",\"@id\":\"https:\/\/clavreuil-wordpress.logiciel-arteo.fr\/#\/schema\/logo\/image\/\",\"url\":\"https:\/\/clavreuil-wordpress.logiciel-arteo.fr\/wp-content\/uploads\/2021\/05\/LOGO_PNG_DATE-_gold.png\",\"contentUrl\":\"https:\/\/clavreuil-wordpress.logiciel-arteo.fr\/wp-content\/uploads\/2021\/05\/LOGO_PNG_DATE-_gold.png\",\"width\":2083,\"height\":1917,\"caption\":\"Libairie Clavreuil\"},\"image\":{\"@id\":\"https:\/\/clavreuil-wordpress.logiciel-arteo.fr\/#\/schema\/logo\/image\/\"}}]}<\/script>\n<!-- \/ Yoast SEO plugin. -->","yoast_head_json":{"title":"ANONYME  DE L'ETAT DES NEGRES, relativement \u00e0 la prosp\u00e9rit\u00e9 des Colonies Fran\u00e7oises &amp; de leur M\u00e9tropole. Discours aux repr\u00e9sentants de la Nation. - Libairie Clavreuil","robots":{"index":"noindex","follow":"follow","max-snippet":"max-snippet:-1","max-image-preview":"max-image-preview:large","max-video-preview":"max-video-preview:-1"},"og_locale":"en_US","og_type":"article","og_title":"ANONYME  DE L'ETAT DES NEGRES, relativement \u00e0 la prosp\u00e9rit\u00e9 des Colonies Fran\u00e7oises &amp; de leur M\u00e9tropole. Discours aux repr\u00e9sentants de la Nation. - Libairie Clavreuil","og_description":"8vo (188 x 123 mm) 32 pp. Modern boards (Lobstein Laurenchet).","og_url":"https:\/\/clavreuil-wordpress.logiciel-arteo.fr\/en\/anonyme-de-letat-des-negres-relativement-a-la-prosperite-des-colonies-francoises-de-leur-metropole-discours-aux-representants-de-la-nation\/","og_site_name":"Libairie Clavreuil","article_modified_time":"2024-04-24T12:48:05+00:00","og_image":[{"width":1920,"height":2560,"url":"https:\/\/clavreuil-wordpress.logiciel-arteo.fr\/wp-content\/uploads\/2024\/04\/anonyme-de-l-etat-des-negres-relativement-a-la-prosperite-des-colonies-francoises-de-leur-metropole-discours-aux-representants-de-la-nation-5946-65f48-scaled.jpg","type":"image\/jpeg"}],"twitter_card":"summary_large_image","schema":{"@context":"https:\/\/schema.org","@graph":[{"@type":"WebPage","@id":"https:\/\/clavreuil-wordpress.logiciel-arteo.fr\/en\/anonyme-de-letat-des-negres-relativement-a-la-prosperite-des-colonies-francoises-de-leur-metropole-discours-aux-representants-de-la-nation\/","url":"https:\/\/clavreuil-wordpress.logiciel-arteo.fr\/en\/anonyme-de-letat-des-negres-relativement-a-la-prosperite-des-colonies-francoises-de-leur-metropole-discours-aux-representants-de-la-nation\/","name":"ANONYME DE L'ETAT DES NEGRES, relativement \u00e0 la prosp\u00e9rit\u00e9 des Colonies Fran\u00e7oises &amp; de leur M\u00e9tropole. Discours aux repr\u00e9sentants de la Nation. - Libairie Clavreuil","isPartOf":{"@id":"https:\/\/clavreuil-wordpress.logiciel-arteo.fr\/#website"},"primaryImageOfPage":{"@id":"https:\/\/clavreuil-wordpress.logiciel-arteo.fr\/en\/anonyme-de-letat-des-negres-relativement-a-la-prosperite-des-colonies-francoises-de-leur-metropole-discours-aux-representants-de-la-nation\/#primaryimage"},"image":{"@id":"https:\/\/clavreuil-wordpress.logiciel-arteo.fr\/en\/anonyme-de-letat-des-negres-relativement-a-la-prosperite-des-colonies-francoises-de-leur-metropole-discours-aux-representants-de-la-nation\/#primaryimage"},"thumbnailUrl":"https:\/\/clavreuil-wordpress.logiciel-arteo.fr\/wp-content\/uploads\/2024\/04\/anonyme-de-l-etat-des-negres-relativement-a-la-prosperite-des-colonies-francoises-de-leur-metropole-discours-aux-representants-de-la-nation-5946-65f48-scaled.jpg","datePublished":"2024-04-24T12:47:38+00:00","dateModified":"2024-04-24T12:48:05+00:00","breadcrumb":{"@id":"https:\/\/clavreuil-wordpress.logiciel-arteo.fr\/en\/anonyme-de-letat-des-negres-relativement-a-la-prosperite-des-colonies-francoises-de-leur-metropole-discours-aux-representants-de-la-nation\/#breadcrumb"},"inLanguage":"en-US","potentialAction":[{"@type":"ReadAction","target":["https:\/\/clavreuil-wordpress.logiciel-arteo.fr\/en\/anonyme-de-letat-des-negres-relativement-a-la-prosperite-des-colonies-francoises-de-leur-metropole-discours-aux-representants-de-la-nation\/"]}]},{"@type":"ImageObject","inLanguage":"en-US","@id":"https:\/\/clavreuil-wordpress.logiciel-arteo.fr\/en\/anonyme-de-letat-des-negres-relativement-a-la-prosperite-des-colonies-francoises-de-leur-metropole-discours-aux-representants-de-la-nation\/#primaryimage","url":"https:\/\/clavreuil-wordpress.logiciel-arteo.fr\/wp-content\/uploads\/2024\/04\/anonyme-de-l-etat-des-negres-relativement-a-la-prosperite-des-colonies-francoises-de-leur-metropole-discours-aux-representants-de-la-nation-5946-65f48-scaled.jpg","contentUrl":"https:\/\/clavreuil-wordpress.logiciel-arteo.fr\/wp-content\/uploads\/2024\/04\/anonyme-de-l-etat-des-negres-relativement-a-la-prosperite-des-colonies-francoises-de-leur-metropole-discours-aux-representants-de-la-nation-5946-65f48-scaled.jpg","width":1920,"height":2560},{"@type":"BreadcrumbList","@id":"https:\/\/clavreuil-wordpress.logiciel-arteo.fr\/en\/anonyme-de-letat-des-negres-relativement-a-la-prosperite-des-colonies-francoises-de-leur-metropole-discours-aux-representants-de-la-nation\/#breadcrumb","itemListElement":[{"@type":"ListItem","position":1,"name":"Accueil","item":"https:\/\/clavreuil-wordpress.logiciel-arteo.fr\/"},{"@type":"ListItem","position":2,"name":"All our books","item":"https:\/\/clavreuil-wordpress.logiciel-arteo.fr\/en\/all-our-books\/"},{"@type":"ListItem","position":3,"name":"ANONYME DE L&#8217;ETAT DES NEGRES, relativement \u00e0 la..."}]},{"@type":"WebSite","@id":"https:\/\/clavreuil-wordpress.logiciel-arteo.fr\/#website","url":"https:\/\/clavreuil-wordpress.logiciel-arteo.fr\/","name":"Libairie Clavreuil","description":"","publisher":{"@id":"https:\/\/clavreuil-wordpress.logiciel-arteo.fr\/#organization"},"potentialAction":[{"@type":"SearchAction","target":{"@type":"EntryPoint","urlTemplate":"https:\/\/clavreuil-wordpress.logiciel-arteo.fr\/?s={search_term_string}"},"query-input":{"@type":"PropertyValueSpecification","valueRequired":true,"valueName":"search_term_string"}}],"inLanguage":"en-US"},{"@type":"Organization","@id":"https:\/\/clavreuil-wordpress.logiciel-arteo.fr\/#organization","name":"Libairie Clavreuil","url":"https:\/\/clavreuil-wordpress.logiciel-arteo.fr\/","logo":{"@type":"ImageObject","inLanguage":"en-US","@id":"https:\/\/clavreuil-wordpress.logiciel-arteo.fr\/#\/schema\/logo\/image\/","url":"https:\/\/clavreuil-wordpress.logiciel-arteo.fr\/wp-content\/uploads\/2021\/05\/LOGO_PNG_DATE-_gold.png","contentUrl":"https:\/\/clavreuil-wordpress.logiciel-arteo.fr\/wp-content\/uploads\/2021\/05\/LOGO_PNG_DATE-_gold.png","width":2083,"height":1917,"caption":"Libairie Clavreuil"},"image":{"@id":"https:\/\/clavreuil-wordpress.logiciel-arteo.fr\/#\/schema\/logo\/image\/"}}]}},"_links":{"self":[{"href":"https:\/\/clavreuil-wordpress.logiciel-arteo.fr\/en\/wp-json\/wp\/v2\/product\/75225","targetHints":{"allow":["GET"]}}],"collection":[{"href":"https:\/\/clavreuil-wordpress.logiciel-arteo.fr\/en\/wp-json\/wp\/v2\/product"}],"about":[{"href":"https:\/\/clavreuil-wordpress.logiciel-arteo.fr\/en\/wp-json\/wp\/v2\/types\/product"}],"replies":[{"embeddable":true,"href":"https:\/\/clavreuil-wordpress.logiciel-arteo.fr\/en\/wp-json\/wp\/v2\/comments?post=75225"}],"wp:featuredmedia":[{"embeddable":true,"href":"https:\/\/clavreuil-wordpress.logiciel-arteo.fr\/en\/wp-json\/wp\/v2\/media\/75220"}],"wp:attachment":[{"href":"https:\/\/clavreuil-wordpress.logiciel-arteo.fr\/en\/wp-json\/wp\/v2\/media?parent=75225"}],"wp:term":[{"taxonomy":"product_brand","embeddable":true,"href":"https:\/\/clavreuil-wordpress.logiciel-arteo.fr\/en\/wp-json\/wp\/v2\/product_brand?post=75225"},{"taxonomy":"product_cat","embeddable":true,"href":"https:\/\/clavreuil-wordpress.logiciel-arteo.fr\/en\/wp-json\/wp\/v2\/product_cat?post=75225"},{"taxonomy":"product_tag","embeddable":true,"href":"https:\/\/clavreuil-wordpress.logiciel-arteo.fr\/en\/wp-json\/wp\/v2\/product_tag?post=75225"}],"curies":[{"name":"wp","href":"https:\/\/api.w.org\/{rel}","templated":true}]}}