{"id":75243,"date":"2024-04-24T14:49:05","date_gmt":"2024-04-24T12:49:05","guid":{"rendered":"https:\/\/clavreuil-wordpress.logiciel-arteo.fr\/anonyme-expose-general-des-resultats-du-patronage-des-esclaves-dans-les-colonies-francaises-imprime-par-ordre-du-ministre-de-la-marine-et-des-colonies\/"},"modified":"2024-04-24T14:49:33","modified_gmt":"2024-04-24T12:49:33","slug":"anonyme-expose-general-des-resultats-du-patronage-des-esclaves-dans-les-colonies-francaises-imprime-par-ordre-du-ministre-de-la-marine-et-des-colonies","status":"publish","type":"product","link":"https:\/\/clavreuil-wordpress.logiciel-arteo.fr\/en\/anonyme-expose-general-des-resultats-du-patronage-des-esclaves-dans-les-colonies-francaises-imprime-par-ordre-du-ministre-de-la-marine-et-des-colonies\/","title":{"rendered":"ANONYME EXPOSE g\u00e9n\u00e9ral des r\u00e9sultats du patronage des..."},"content":{"rendered":"<p style=\"text-align:justify\"><em>Sabin, 14712.<\/em><\/p>\n<p style=\"text-align:justify\">On 5 January 1840, Louis-Philippe signed an ordinance (reproduced here at the head of the presentation), known as the &quot;patronage of slaves&quot; ordinance, which was intended to ease their condition: religious instruction was to be provided, as well as primary education: &quot;slaves of both sexes, from the age of four, will be admitted to all free schools&#8230;&quot;.<\/p>\n<p style=\"text-align:justify\">In addition, public prosecutors and their deputies were responsible for regularly checking the slaves&#039; living conditions: food, maintenance, discipline, working hours and rest periods, etc., with offending masters liable to a fine. Two summary reports of the results had been published in 1840 and 1842, &quot;distributed to a small number of people&quot;.<\/p>\n<p style=\"text-align:justify\">It was therefore decided to repeat the results of the first two reports in this new 1844 Expos&eacute;, in order to assess &quot;exactly the conduct of the owners and the condition of the slaves&quot; and to highlight the &quot;imperfections and gaps&quot; in the legislation.<\/p>\n<p style=\"text-align:justify\">This report gives many details on the condition, food, clothing, hospitals, housing, religious instruction and marriages of slaves in the French colonies (Martinique, Guadeloupe, French Guiana and the island of Bourbon).<\/p>\n<p style=\"text-align:justify\">A good copy.<\/p>\n","protected":false},"excerpt":{"rendered":"<p>4to (260 x 210 mm) 2 unn.l., 668 pp. Original grenn printed wrappers.<\/p>\n","protected":false},"featured_media":75238,"comment_status":"open","ping_status":"closed","template":"","meta":{"_acf_changed":false},"product_brand":[],"product_cat":[552],"product_tag":[1366],"class_list":{"0":"post-75243","1":"product","2":"type-product","3":"status-publish","4":"has-post-thumbnail","6":"product_cat-travel","7":"product_tag-slavery","8":"pa_auteur-anonyme-2","9":"pa_type-de-livre-printed-book","11":"first","12":"instock","13":"shipping-taxable","14":"purchasable","15":"product-type-simple"},"acf":[],"yoast_head":"<!-- This site is optimized with the Yoast SEO plugin v24.3 - https:\/\/yoast.com\/wordpress\/plugins\/seo\/ -->\n<title>ANONYME  EXPOSE g\u00e9n\u00e9ral des r\u00e9sultats du patronage des esclaves dans les colonies fran\u00e7aises. Imprim\u00e9 par ordre du ministre... de la marine et des colonies. - Libairie Clavreuil<\/title>\n<meta name=\"robots\" content=\"noindex, follow, max-snippet:-1, max-image-preview:large, max-video-preview:-1\" \/>\n<meta property=\"og:locale\" content=\"en_US\" \/>\n<meta property=\"og:type\" content=\"article\" \/>\n<meta property=\"og:title\" content=\"ANONYME  EXPOSE g\u00e9n\u00e9ral des r\u00e9sultats du patronage des esclaves dans les colonies fran\u00e7aises. Imprim\u00e9 par ordre du ministre... de la marine et des colonies. - Libairie Clavreuil\" \/>\n<meta property=\"og:description\" content=\"4to (260 x 210 mm) 2 unn.l., 668 pp. Original grenn printed wrappers.\" \/>\n<meta property=\"og:url\" content=\"https:\/\/clavreuil-wordpress.logiciel-arteo.fr\/en\/anonyme-expose-general-des-resultats-du-patronage-des-esclaves-dans-les-colonies-francaises-imprime-par-ordre-du-ministre-de-la-marine-et-des-colonies\/\" \/>\n<meta property=\"og:site_name\" content=\"Libairie Clavreuil\" \/>\n<meta property=\"article:modified_time\" content=\"2024-04-24T12:49:33+00:00\" \/>\n<meta property=\"og:image\" content=\"https:\/\/clavreuil-wordpress.logiciel-arteo.fr\/wp-content\/uploads\/2024\/04\/anonyme-expose-general-des-resultats-du-patronage-des-esclaves-dans-les-colonies-francaises-imprime-par-ordre-du-ministre-de-la-marine-et-des-colonies.jpg\" \/>\n\t<meta property=\"og:image:width\" content=\"1867\" \/>\n\t<meta property=\"og:image:height\" content=\"2490\" \/>\n\t<meta property=\"og:image:type\" content=\"image\/jpeg\" \/>\n<meta name=\"twitter:card\" content=\"summary_large_image\" \/>\n<meta name=\"twitter:label1\" content=\"Est. reading time\" \/>\n\t<meta name=\"twitter:data1\" content=\"1 minute\" \/>\n<script type=\"application\/ld+json\" class=\"yoast-schema-graph\">{\"@context\":\"https:\/\/schema.org\",\"@graph\":[{\"@type\":\"WebPage\",\"@id\":\"https:\/\/clavreuil-wordpress.logiciel-arteo.fr\/en\/anonyme-expose-general-des-resultats-du-patronage-des-esclaves-dans-les-colonies-francaises-imprime-par-ordre-du-ministre-de-la-marine-et-des-colonies\/\",\"url\":\"https:\/\/clavreuil-wordpress.logiciel-arteo.fr\/en\/anonyme-expose-general-des-resultats-du-patronage-des-esclaves-dans-les-colonies-francaises-imprime-par-ordre-du-ministre-de-la-marine-et-des-colonies\/\",\"name\":\"ANONYME EXPOSE g\u00e9n\u00e9ral des r\u00e9sultats du patronage des esclaves dans les colonies fran\u00e7aises. Imprim\u00e9 par ordre du ministre... de la marine et des colonies. - Libairie Clavreuil\",\"isPartOf\":{\"@id\":\"https:\/\/clavreuil-wordpress.logiciel-arteo.fr\/#website\"},\"primaryImageOfPage\":{\"@id\":\"https:\/\/clavreuil-wordpress.logiciel-arteo.fr\/en\/anonyme-expose-general-des-resultats-du-patronage-des-esclaves-dans-les-colonies-francaises-imprime-par-ordre-du-ministre-de-la-marine-et-des-colonies\/#primaryimage\"},\"image\":{\"@id\":\"https:\/\/clavreuil-wordpress.logiciel-arteo.fr\/en\/anonyme-expose-general-des-resultats-du-patronage-des-esclaves-dans-les-colonies-francaises-imprime-par-ordre-du-ministre-de-la-marine-et-des-colonies\/#primaryimage\"},\"thumbnailUrl\":\"https:\/\/clavreuil-wordpress.logiciel-arteo.fr\/wp-content\/uploads\/2024\/04\/anonyme-expose-general-des-resultats-du-patronage-des-esclaves-dans-les-colonies-francaises-imprime-par-ordre-du-ministre-de-la-marine-et-des-colonies.jpg\",\"datePublished\":\"2024-04-24T12:49:05+00:00\",\"dateModified\":\"2024-04-24T12:49:33+00:00\",\"breadcrumb\":{\"@id\":\"https:\/\/clavreuil-wordpress.logiciel-arteo.fr\/en\/anonyme-expose-general-des-resultats-du-patronage-des-esclaves-dans-les-colonies-francaises-imprime-par-ordre-du-ministre-de-la-marine-et-des-colonies\/#breadcrumb\"},\"inLanguage\":\"en-US\",\"potentialAction\":[{\"@type\":\"ReadAction\",\"target\":[\"https:\/\/clavreuil-wordpress.logiciel-arteo.fr\/en\/anonyme-expose-general-des-resultats-du-patronage-des-esclaves-dans-les-colonies-francaises-imprime-par-ordre-du-ministre-de-la-marine-et-des-colonies\/\"]}]},{\"@type\":\"ImageObject\",\"inLanguage\":\"en-US\",\"@id\":\"https:\/\/clavreuil-wordpress.logiciel-arteo.fr\/en\/anonyme-expose-general-des-resultats-du-patronage-des-esclaves-dans-les-colonies-francaises-imprime-par-ordre-du-ministre-de-la-marine-et-des-colonies\/#primaryimage\",\"url\":\"https:\/\/clavreuil-wordpress.logiciel-arteo.fr\/wp-content\/uploads\/2024\/04\/anonyme-expose-general-des-resultats-du-patronage-des-esclaves-dans-les-colonies-francaises-imprime-par-ordre-du-ministre-de-la-marine-et-des-colonies.jpg\",\"contentUrl\":\"https:\/\/clavreuil-wordpress.logiciel-arteo.fr\/wp-content\/uploads\/2024\/04\/anonyme-expose-general-des-resultats-du-patronage-des-esclaves-dans-les-colonies-francaises-imprime-par-ordre-du-ministre-de-la-marine-et-des-colonies.jpg\",\"width\":1867,\"height\":2490},{\"@type\":\"BreadcrumbList\",\"@id\":\"https:\/\/clavreuil-wordpress.logiciel-arteo.fr\/en\/anonyme-expose-general-des-resultats-du-patronage-des-esclaves-dans-les-colonies-francaises-imprime-par-ordre-du-ministre-de-la-marine-et-des-colonies\/#breadcrumb\",\"itemListElement\":[{\"@type\":\"ListItem\",\"position\":1,\"name\":\"Accueil\",\"item\":\"https:\/\/clavreuil-wordpress.logiciel-arteo.fr\/\"},{\"@type\":\"ListItem\",\"position\":2,\"name\":\"All our books\",\"item\":\"https:\/\/clavreuil-wordpress.logiciel-arteo.fr\/en\/all-our-books\/\"},{\"@type\":\"ListItem\",\"position\":3,\"name\":\"ANONYME EXPOSE g\u00e9n\u00e9ral des r\u00e9sultats du patronage des...\"}]},{\"@type\":\"WebSite\",\"@id\":\"https:\/\/clavreuil-wordpress.logiciel-arteo.fr\/#website\",\"url\":\"https:\/\/clavreuil-wordpress.logiciel-arteo.fr\/\",\"name\":\"Libairie Clavreuil\",\"description\":\"\",\"publisher\":{\"@id\":\"https:\/\/clavreuil-wordpress.logiciel-arteo.fr\/#organization\"},\"potentialAction\":[{\"@type\":\"SearchAction\",\"target\":{\"@type\":\"EntryPoint\",\"urlTemplate\":\"https:\/\/clavreuil-wordpress.logiciel-arteo.fr\/?s={search_term_string}\"},\"query-input\":{\"@type\":\"PropertyValueSpecification\",\"valueRequired\":true,\"valueName\":\"search_term_string\"}}],\"inLanguage\":\"en-US\"},{\"@type\":\"Organization\",\"@id\":\"https:\/\/clavreuil-wordpress.logiciel-arteo.fr\/#organization\",\"name\":\"Libairie Clavreuil\",\"url\":\"https:\/\/clavreuil-wordpress.logiciel-arteo.fr\/\",\"logo\":{\"@type\":\"ImageObject\",\"inLanguage\":\"en-US\",\"@id\":\"https:\/\/clavreuil-wordpress.logiciel-arteo.fr\/#\/schema\/logo\/image\/\",\"url\":\"https:\/\/clavreuil-wordpress.logiciel-arteo.fr\/wp-content\/uploads\/2021\/05\/LOGO_PNG_DATE-_gold.png\",\"contentUrl\":\"https:\/\/clavreuil-wordpress.logiciel-arteo.fr\/wp-content\/uploads\/2021\/05\/LOGO_PNG_DATE-_gold.png\",\"width\":2083,\"height\":1917,\"caption\":\"Libairie Clavreuil\"},\"image\":{\"@id\":\"https:\/\/clavreuil-wordpress.logiciel-arteo.fr\/#\/schema\/logo\/image\/\"}}]}<\/script>\n<!-- \/ Yoast SEO plugin. -->","yoast_head_json":{"title":"ANONYME  EXPOSE g\u00e9n\u00e9ral des r\u00e9sultats du patronage des esclaves dans les colonies fran\u00e7aises. Imprim\u00e9 par ordre du ministre... de la marine et des colonies. - Libairie Clavreuil","robots":{"index":"noindex","follow":"follow","max-snippet":"max-snippet:-1","max-image-preview":"max-image-preview:large","max-video-preview":"max-video-preview:-1"},"og_locale":"en_US","og_type":"article","og_title":"ANONYME  EXPOSE g\u00e9n\u00e9ral des r\u00e9sultats du patronage des esclaves dans les colonies fran\u00e7aises. Imprim\u00e9 par ordre du ministre... de la marine et des colonies. - Libairie Clavreuil","og_description":"4to (260 x 210 mm) 2 unn.l., 668 pp. Original grenn printed wrappers.","og_url":"https:\/\/clavreuil-wordpress.logiciel-arteo.fr\/en\/anonyme-expose-general-des-resultats-du-patronage-des-esclaves-dans-les-colonies-francaises-imprime-par-ordre-du-ministre-de-la-marine-et-des-colonies\/","og_site_name":"Libairie Clavreuil","article_modified_time":"2024-04-24T12:49:33+00:00","og_image":[{"width":1867,"height":2490,"url":"https:\/\/clavreuil-wordpress.logiciel-arteo.fr\/wp-content\/uploads\/2024\/04\/anonyme-expose-general-des-resultats-du-patronage-des-esclaves-dans-les-colonies-francaises-imprime-par-ordre-du-ministre-de-la-marine-et-des-colonies.jpg","type":"image\/jpeg"}],"twitter_card":"summary_large_image","twitter_misc":{"Est. reading time":"1 minute"},"schema":{"@context":"https:\/\/schema.org","@graph":[{"@type":"WebPage","@id":"https:\/\/clavreuil-wordpress.logiciel-arteo.fr\/en\/anonyme-expose-general-des-resultats-du-patronage-des-esclaves-dans-les-colonies-francaises-imprime-par-ordre-du-ministre-de-la-marine-et-des-colonies\/","url":"https:\/\/clavreuil-wordpress.logiciel-arteo.fr\/en\/anonyme-expose-general-des-resultats-du-patronage-des-esclaves-dans-les-colonies-francaises-imprime-par-ordre-du-ministre-de-la-marine-et-des-colonies\/","name":"ANONYME EXPOSE g\u00e9n\u00e9ral des r\u00e9sultats du patronage des esclaves dans les colonies fran\u00e7aises. Imprim\u00e9 par ordre du ministre... de la marine et des colonies. - Libairie Clavreuil","isPartOf":{"@id":"https:\/\/clavreuil-wordpress.logiciel-arteo.fr\/#website"},"primaryImageOfPage":{"@id":"https:\/\/clavreuil-wordpress.logiciel-arteo.fr\/en\/anonyme-expose-general-des-resultats-du-patronage-des-esclaves-dans-les-colonies-francaises-imprime-par-ordre-du-ministre-de-la-marine-et-des-colonies\/#primaryimage"},"image":{"@id":"https:\/\/clavreuil-wordpress.logiciel-arteo.fr\/en\/anonyme-expose-general-des-resultats-du-patronage-des-esclaves-dans-les-colonies-francaises-imprime-par-ordre-du-ministre-de-la-marine-et-des-colonies\/#primaryimage"},"thumbnailUrl":"https:\/\/clavreuil-wordpress.logiciel-arteo.fr\/wp-content\/uploads\/2024\/04\/anonyme-expose-general-des-resultats-du-patronage-des-esclaves-dans-les-colonies-francaises-imprime-par-ordre-du-ministre-de-la-marine-et-des-colonies.jpg","datePublished":"2024-04-24T12:49:05+00:00","dateModified":"2024-04-24T12:49:33+00:00","breadcrumb":{"@id":"https:\/\/clavreuil-wordpress.logiciel-arteo.fr\/en\/anonyme-expose-general-des-resultats-du-patronage-des-esclaves-dans-les-colonies-francaises-imprime-par-ordre-du-ministre-de-la-marine-et-des-colonies\/#breadcrumb"},"inLanguage":"en-US","potentialAction":[{"@type":"ReadAction","target":["https:\/\/clavreuil-wordpress.logiciel-arteo.fr\/en\/anonyme-expose-general-des-resultats-du-patronage-des-esclaves-dans-les-colonies-francaises-imprime-par-ordre-du-ministre-de-la-marine-et-des-colonies\/"]}]},{"@type":"ImageObject","inLanguage":"en-US","@id":"https:\/\/clavreuil-wordpress.logiciel-arteo.fr\/en\/anonyme-expose-general-des-resultats-du-patronage-des-esclaves-dans-les-colonies-francaises-imprime-par-ordre-du-ministre-de-la-marine-et-des-colonies\/#primaryimage","url":"https:\/\/clavreuil-wordpress.logiciel-arteo.fr\/wp-content\/uploads\/2024\/04\/anonyme-expose-general-des-resultats-du-patronage-des-esclaves-dans-les-colonies-francaises-imprime-par-ordre-du-ministre-de-la-marine-et-des-colonies.jpg","contentUrl":"https:\/\/clavreuil-wordpress.logiciel-arteo.fr\/wp-content\/uploads\/2024\/04\/anonyme-expose-general-des-resultats-du-patronage-des-esclaves-dans-les-colonies-francaises-imprime-par-ordre-du-ministre-de-la-marine-et-des-colonies.jpg","width":1867,"height":2490},{"@type":"BreadcrumbList","@id":"https:\/\/clavreuil-wordpress.logiciel-arteo.fr\/en\/anonyme-expose-general-des-resultats-du-patronage-des-esclaves-dans-les-colonies-francaises-imprime-par-ordre-du-ministre-de-la-marine-et-des-colonies\/#breadcrumb","itemListElement":[{"@type":"ListItem","position":1,"name":"Accueil","item":"https:\/\/clavreuil-wordpress.logiciel-arteo.fr\/"},{"@type":"ListItem","position":2,"name":"All our books","item":"https:\/\/clavreuil-wordpress.logiciel-arteo.fr\/en\/all-our-books\/"},{"@type":"ListItem","position":3,"name":"ANONYME EXPOSE g\u00e9n\u00e9ral des r\u00e9sultats du patronage des..."}]},{"@type":"WebSite","@id":"https:\/\/clavreuil-wordpress.logiciel-arteo.fr\/#website","url":"https:\/\/clavreuil-wordpress.logiciel-arteo.fr\/","name":"Libairie Clavreuil","description":"","publisher":{"@id":"https:\/\/clavreuil-wordpress.logiciel-arteo.fr\/#organization"},"potentialAction":[{"@type":"SearchAction","target":{"@type":"EntryPoint","urlTemplate":"https:\/\/clavreuil-wordpress.logiciel-arteo.fr\/?s={search_term_string}"},"query-input":{"@type":"PropertyValueSpecification","valueRequired":true,"valueName":"search_term_string"}}],"inLanguage":"en-US"},{"@type":"Organization","@id":"https:\/\/clavreuil-wordpress.logiciel-arteo.fr\/#organization","name":"Libairie Clavreuil","url":"https:\/\/clavreuil-wordpress.logiciel-arteo.fr\/","logo":{"@type":"ImageObject","inLanguage":"en-US","@id":"https:\/\/clavreuil-wordpress.logiciel-arteo.fr\/#\/schema\/logo\/image\/","url":"https:\/\/clavreuil-wordpress.logiciel-arteo.fr\/wp-content\/uploads\/2021\/05\/LOGO_PNG_DATE-_gold.png","contentUrl":"https:\/\/clavreuil-wordpress.logiciel-arteo.fr\/wp-content\/uploads\/2021\/05\/LOGO_PNG_DATE-_gold.png","width":2083,"height":1917,"caption":"Libairie Clavreuil"},"image":{"@id":"https:\/\/clavreuil-wordpress.logiciel-arteo.fr\/#\/schema\/logo\/image\/"}}]}},"_links":{"self":[{"href":"https:\/\/clavreuil-wordpress.logiciel-arteo.fr\/en\/wp-json\/wp\/v2\/product\/75243","targetHints":{"allow":["GET"]}}],"collection":[{"href":"https:\/\/clavreuil-wordpress.logiciel-arteo.fr\/en\/wp-json\/wp\/v2\/product"}],"about":[{"href":"https:\/\/clavreuil-wordpress.logiciel-arteo.fr\/en\/wp-json\/wp\/v2\/types\/product"}],"replies":[{"embeddable":true,"href":"https:\/\/clavreuil-wordpress.logiciel-arteo.fr\/en\/wp-json\/wp\/v2\/comments?post=75243"}],"wp:featuredmedia":[{"embeddable":true,"href":"https:\/\/clavreuil-wordpress.logiciel-arteo.fr\/en\/wp-json\/wp\/v2\/media\/75238"}],"wp:attachment":[{"href":"https:\/\/clavreuil-wordpress.logiciel-arteo.fr\/en\/wp-json\/wp\/v2\/media?parent=75243"}],"wp:term":[{"taxonomy":"product_brand","embeddable":true,"href":"https:\/\/clavreuil-wordpress.logiciel-arteo.fr\/en\/wp-json\/wp\/v2\/product_brand?post=75243"},{"taxonomy":"product_cat","embeddable":true,"href":"https:\/\/clavreuil-wordpress.logiciel-arteo.fr\/en\/wp-json\/wp\/v2\/product_cat?post=75243"},{"taxonomy":"product_tag","embeddable":true,"href":"https:\/\/clavreuil-wordpress.logiciel-arteo.fr\/en\/wp-json\/wp\/v2\/product_tag?post=75243"}],"curies":[{"name":"wp","href":"https:\/\/api.w.org\/{rel}","templated":true}]}}