{"id":75249,"date":"2024-04-24T14:49:41","date_gmt":"2024-04-24T12:49:41","guid":{"rendered":"https:\/\/clavreuil-wordpress.logiciel-arteo.fr\/crevecoeur-michel-guillaume-jean-lettres-dun-cultivateur-americain-ecrites-a-w-s-ecuyer-depuis-lannee-1770-jusqua-1781-traduit-de-langlois-par-lauteur-avec-des-lettres-servant-din\/"},"modified":"2024-04-24T14:50:10","modified_gmt":"2024-04-24T12:50:10","slug":"crevecoeur-michel-guillaume-jean-lettres-dun-cultivateur-americain-ecrites-a-w-s-ecuyer-depuis-lannee-1770-jusqua-1781-traduit-de-langlois-par-lauteur-avec-des-lettres-servant-din","status":"publish","type":"product","link":"https:\/\/clavreuil-wordpress.logiciel-arteo.fr\/en\/crevecoeur-michel-guillaume-jean-lettres-dun-cultivateur-americain-ecrites-a-w-s-ecuyer-depuis-lannee-1770-jusqua-1781-traduit-de-langlois-par-lauteur-avec-des-lettres-servant-din\/","title":{"rendered":"CR\u00c9VECOEUR Michel-Guillaume-Jean Lettres d&#8217;un cultivateur am\u00e9ricain, \u00e9crites \u00e0..."},"content":{"rendered":"<p style=\"text-align:justify\"><em>Sabin, 17496 ; Howes, C883 ; Monaghan, 502 ; INED, p. 561.<\/em><\/p>\n<p>First edition in French. First issue, with errata.<\/p>\n<p>One of the best descriptions of America at the beginning of Independence, with considerations on customs, migration, slavery, etc.<\/p>\n<p style=\"text-align:justify\">&quot;Certainly one of the chief works of literature, in an edition quite different than its London predecessor, and one of the most important observations on America during the era of the Revolution&quot; (William Reese).<\/p>\n<p style=\"text-align:justify\">The work was first published in London, in English, in 1782. For this first French edition, the author-translator considerably modified the text, increasing it by one volume and reinforcing its pro-American and anti-British tone.<\/p>\n<p style=\"text-align:justify\">&quot;On y trouve des indications concr&egrave;tes sur la vie des fermiers, sur la duret&eacute; des contacts avec les Indiens, sur les craintes suscit&eacute;es par la r&eacute;volution am&eacute;ricaine dans des r&eacute;gions &eacute;loign&eacute;es et peu s&ucirc;res, aussi bien que sur la chasse &agrave; la baleine dans l&#039;&icirc;le de Nantucket, sur les serpents et les oiseaux-mouches. La rudesse, dont Cr&egrave;vecoeur fit lui-m&ecirc;me l&#039;exp&eacute;rience, est volontairement gomm&eacute;e pour donner une image plus idyllique des moeurs am&eacute;ricaines. Mais, au-del&agrave; de ces tableaux champ&ecirc;tres, Cr&egrave;vecoeur a eu l&#039;intuition que du sol am&eacute;ricain naissait un &ecirc;tre nouveau&#8230; Les <em>Lettres <\/em>ont v&eacute;hicul&eacute; l&#039;American dream, exalt&eacute; la marche vers l&#039;Ouest et popularis&eacute;, sans le nommer, le melting-pot, le creuset dans lequel se forme l&#039;Am&eacute;ricain, id&eacute;e promise ult&eacute;rieurement &agrave; un grand succ&egrave;s&quot; (Dictionnaire des &oelig;uvres).<\/p>\n<p>A fine copy, nicely bound; some light foxing.<\/p>\n<p>Bookplate &quot;Biblioth&egrave;que du ch&acirc;teau d&#039;Oberhofen&quot;, with reference number and location in brown ink.<\/p>\n","protected":false},"excerpt":{"rendered":"<p style=\"text-align:justify\">2 volumes, 8vo (198 x 124 mm) XXIV, IV, 422 pp., 1 n.l. for the volume I ; 2 unn.l., IV, 400 pp., 1 unn.l. for the volume II. Marbled calf, spine gilt withy raised bands, compartments decorated with fleurons, red and olive morocco title and volume lable, blind fillet framing the covers, marbled edges (<em>contemporary binding<\/em>).<\/p>\n","protected":false},"featured_media":75244,"comment_status":"open","ping_status":"closed","template":"","meta":{"_acf_changed":false},"product_brand":[],"product_cat":[552],"product_tag":[1450,1366,1370],"class_list":{"0":"post-75249","1":"product","2":"type-product","3":"status-publish","4":"has-post-thumbnail","6":"product_cat-travel","7":"product_tag-first-edition","8":"product_tag-slavery","9":"product_tag-united-states-of-america","10":"pa_auteur-michel-guillaume-jean-crevecoeur-2","11":"pa_type-de-livre-printed-book","13":"first","14":"instock","15":"shipping-taxable","16":"purchasable","17":"product-type-simple"},"acf":[],"yoast_head":"<!-- This site is optimized with the Yoast SEO plugin v24.3 - https:\/\/yoast.com\/wordpress\/plugins\/seo\/ -->\n<title>CR\u00c9VECOEUR Michel-Guillaume-Jean Lettres d&#039;un cultivateur am\u00e9ricain, \u00e9crites \u00e0 W. S. ecuyer, depuis l&#039;Ann\u00e9e 1770, jusqu&#039;\u00e0 1781. Traduit de l&#039;Anglois [par l&#039;auteur, avec des lettres servant d&#039;introduction par Lacretelle]. - Libairie Clavreuil<\/title>\n<meta name=\"robots\" content=\"noindex, follow, max-snippet:-1, max-image-preview:large, max-video-preview:-1\" \/>\n<meta property=\"og:locale\" content=\"en_US\" \/>\n<meta property=\"og:type\" content=\"article\" \/>\n<meta property=\"og:title\" content=\"CR\u00c9VECOEUR Michel-Guillaume-Jean Lettres d&#039;un cultivateur am\u00e9ricain, \u00e9crites \u00e0 W. S. ecuyer, depuis l&#039;Ann\u00e9e 1770, jusqu&#039;\u00e0 1781. Traduit de l&#039;Anglois [par l&#039;auteur, avec des lettres servant d&#039;introduction par Lacretelle]. - Libairie Clavreuil\" \/>\n<meta property=\"og:description\" content=\"2 volumes, 8vo (198 x 124 mm) XXIV, IV, 422 pp., 1 n.l. for the volume I ; 2 unn.l., IV, 400 pp., 1 unn.l. for the volume II. Marbled calf, spine gilt withy raised bands, compartments decorated with fleurons, red and olive morocco title and volume lable, blind fillet framing the covers, marbled edges (contemporary binding).\" \/>\n<meta property=\"og:url\" content=\"https:\/\/clavreuil-wordpress.logiciel-arteo.fr\/en\/crevecoeur-michel-guillaume-jean-lettres-dun-cultivateur-americain-ecrites-a-w-s-ecuyer-depuis-lannee-1770-jusqua-1781-traduit-de-langlois-par-lauteur-avec-des-lettres-servant-din\/\" \/>\n<meta property=\"og:site_name\" content=\"Libairie Clavreuil\" \/>\n<meta property=\"article:modified_time\" content=\"2024-04-24T12:50:10+00:00\" \/>\n<meta property=\"og:image\" content=\"https:\/\/clavreuil-wordpress.logiciel-arteo.fr\/wp-content\/uploads\/2024\/04\/michel-guillaume-jean-crevecoeur-lettres-d-un-cultivateur-americain-ecrites-a-w-s-ecuyer-depuis-l-annee-1770-jusqu-a-1781-traduit-de-l-anglois-par-l-a-1-scaled.jpg\" \/>\n\t<meta property=\"og:image:width\" content=\"1920\" \/>\n\t<meta property=\"og:image:height\" content=\"2560\" \/>\n\t<meta property=\"og:image:type\" content=\"image\/jpeg\" \/>\n<meta name=\"twitter:card\" content=\"summary_large_image\" \/>\n<meta name=\"twitter:label1\" content=\"Est. reading time\" \/>\n\t<meta name=\"twitter:data1\" content=\"2 minutes\" \/>\n<script type=\"application\/ld+json\" class=\"yoast-schema-graph\">{\"@context\":\"https:\/\/schema.org\",\"@graph\":[{\"@type\":\"WebPage\",\"@id\":\"https:\/\/clavreuil-wordpress.logiciel-arteo.fr\/en\/crevecoeur-michel-guillaume-jean-lettres-dun-cultivateur-americain-ecrites-a-w-s-ecuyer-depuis-lannee-1770-jusqua-1781-traduit-de-langlois-par-lauteur-avec-des-lettres-servant-din\/\",\"url\":\"https:\/\/clavreuil-wordpress.logiciel-arteo.fr\/en\/crevecoeur-michel-guillaume-jean-lettres-dun-cultivateur-americain-ecrites-a-w-s-ecuyer-depuis-lannee-1770-jusqua-1781-traduit-de-langlois-par-lauteur-avec-des-lettres-servant-din\/\",\"name\":\"CR\u00c9VECOEUR Michel-Guillaume-Jean Lettres d'un cultivateur am\u00e9ricain, \u00e9crites \u00e0 W. S. ecuyer, depuis l'Ann\u00e9e 1770, jusqu'\u00e0 1781. Traduit de l'Anglois [par l'auteur, avec des lettres servant d'introduction par Lacretelle]. - Libairie Clavreuil\",\"isPartOf\":{\"@id\":\"https:\/\/clavreuil-wordpress.logiciel-arteo.fr\/#website\"},\"primaryImageOfPage\":{\"@id\":\"https:\/\/clavreuil-wordpress.logiciel-arteo.fr\/en\/crevecoeur-michel-guillaume-jean-lettres-dun-cultivateur-americain-ecrites-a-w-s-ecuyer-depuis-lannee-1770-jusqua-1781-traduit-de-langlois-par-lauteur-avec-des-lettres-servant-din\/#primaryimage\"},\"image\":{\"@id\":\"https:\/\/clavreuil-wordpress.logiciel-arteo.fr\/en\/crevecoeur-michel-guillaume-jean-lettres-dun-cultivateur-americain-ecrites-a-w-s-ecuyer-depuis-lannee-1770-jusqua-1781-traduit-de-langlois-par-lauteur-avec-des-lettres-servant-din\/#primaryimage\"},\"thumbnailUrl\":\"https:\/\/clavreuil-wordpress.logiciel-arteo.fr\/wp-content\/uploads\/2024\/04\/michel-guillaume-jean-crevecoeur-lettres-d-un-cultivateur-americain-ecrites-a-w-s-ecuyer-depuis-l-annee-1770-jusqu-a-1781-traduit-de-l-anglois-par-l-a-1-scaled.jpg\",\"datePublished\":\"2024-04-24T12:49:41+00:00\",\"dateModified\":\"2024-04-24T12:50:10+00:00\",\"breadcrumb\":{\"@id\":\"https:\/\/clavreuil-wordpress.logiciel-arteo.fr\/en\/crevecoeur-michel-guillaume-jean-lettres-dun-cultivateur-americain-ecrites-a-w-s-ecuyer-depuis-lannee-1770-jusqua-1781-traduit-de-langlois-par-lauteur-avec-des-lettres-servant-din\/#breadcrumb\"},\"inLanguage\":\"en-US\",\"potentialAction\":[{\"@type\":\"ReadAction\",\"target\":[\"https:\/\/clavreuil-wordpress.logiciel-arteo.fr\/en\/crevecoeur-michel-guillaume-jean-lettres-dun-cultivateur-americain-ecrites-a-w-s-ecuyer-depuis-lannee-1770-jusqua-1781-traduit-de-langlois-par-lauteur-avec-des-lettres-servant-din\/\"]}]},{\"@type\":\"ImageObject\",\"inLanguage\":\"en-US\",\"@id\":\"https:\/\/clavreuil-wordpress.logiciel-arteo.fr\/en\/crevecoeur-michel-guillaume-jean-lettres-dun-cultivateur-americain-ecrites-a-w-s-ecuyer-depuis-lannee-1770-jusqua-1781-traduit-de-langlois-par-lauteur-avec-des-lettres-servant-din\/#primaryimage\",\"url\":\"https:\/\/clavreuil-wordpress.logiciel-arteo.fr\/wp-content\/uploads\/2024\/04\/michel-guillaume-jean-crevecoeur-lettres-d-un-cultivateur-americain-ecrites-a-w-s-ecuyer-depuis-l-annee-1770-jusqu-a-1781-traduit-de-l-anglois-par-l-a-1-scaled.jpg\",\"contentUrl\":\"https:\/\/clavreuil-wordpress.logiciel-arteo.fr\/wp-content\/uploads\/2024\/04\/michel-guillaume-jean-crevecoeur-lettres-d-un-cultivateur-americain-ecrites-a-w-s-ecuyer-depuis-l-annee-1770-jusqu-a-1781-traduit-de-l-anglois-par-l-a-1-scaled.jpg\",\"width\":1920,\"height\":2560},{\"@type\":\"BreadcrumbList\",\"@id\":\"https:\/\/clavreuil-wordpress.logiciel-arteo.fr\/en\/crevecoeur-michel-guillaume-jean-lettres-dun-cultivateur-americain-ecrites-a-w-s-ecuyer-depuis-lannee-1770-jusqua-1781-traduit-de-langlois-par-lauteur-avec-des-lettres-servant-din\/#breadcrumb\",\"itemListElement\":[{\"@type\":\"ListItem\",\"position\":1,\"name\":\"Accueil\",\"item\":\"https:\/\/clavreuil-wordpress.logiciel-arteo.fr\/\"},{\"@type\":\"ListItem\",\"position\":2,\"name\":\"All our books\",\"item\":\"https:\/\/clavreuil-wordpress.logiciel-arteo.fr\/en\/all-our-books\/\"},{\"@type\":\"ListItem\",\"position\":3,\"name\":\"CR\u00c9VECOEUR Michel-Guillaume-Jean Lettres d&#8217;un cultivateur am\u00e9ricain, \u00e9crites \u00e0...\"}]},{\"@type\":\"WebSite\",\"@id\":\"https:\/\/clavreuil-wordpress.logiciel-arteo.fr\/#website\",\"url\":\"https:\/\/clavreuil-wordpress.logiciel-arteo.fr\/\",\"name\":\"Libairie Clavreuil\",\"description\":\"\",\"publisher\":{\"@id\":\"https:\/\/clavreuil-wordpress.logiciel-arteo.fr\/#organization\"},\"potentialAction\":[{\"@type\":\"SearchAction\",\"target\":{\"@type\":\"EntryPoint\",\"urlTemplate\":\"https:\/\/clavreuil-wordpress.logiciel-arteo.fr\/?s={search_term_string}\"},\"query-input\":{\"@type\":\"PropertyValueSpecification\",\"valueRequired\":true,\"valueName\":\"search_term_string\"}}],\"inLanguage\":\"en-US\"},{\"@type\":\"Organization\",\"@id\":\"https:\/\/clavreuil-wordpress.logiciel-arteo.fr\/#organization\",\"name\":\"Libairie Clavreuil\",\"url\":\"https:\/\/clavreuil-wordpress.logiciel-arteo.fr\/\",\"logo\":{\"@type\":\"ImageObject\",\"inLanguage\":\"en-US\",\"@id\":\"https:\/\/clavreuil-wordpress.logiciel-arteo.fr\/#\/schema\/logo\/image\/\",\"url\":\"https:\/\/clavreuil-wordpress.logiciel-arteo.fr\/wp-content\/uploads\/2021\/05\/LOGO_PNG_DATE-_gold.png\",\"contentUrl\":\"https:\/\/clavreuil-wordpress.logiciel-arteo.fr\/wp-content\/uploads\/2021\/05\/LOGO_PNG_DATE-_gold.png\",\"width\":2083,\"height\":1917,\"caption\":\"Libairie Clavreuil\"},\"image\":{\"@id\":\"https:\/\/clavreuil-wordpress.logiciel-arteo.fr\/#\/schema\/logo\/image\/\"}}]}<\/script>\n<!-- \/ Yoast SEO plugin. -->","yoast_head_json":{"title":"CR\u00c9VECOEUR Michel-Guillaume-Jean Lettres d'un cultivateur am\u00e9ricain, \u00e9crites \u00e0 W. S. ecuyer, depuis l'Ann\u00e9e 1770, jusqu'\u00e0 1781. Traduit de l'Anglois [par l'auteur, avec des lettres servant d'introduction par Lacretelle]. - Libairie Clavreuil","robots":{"index":"noindex","follow":"follow","max-snippet":"max-snippet:-1","max-image-preview":"max-image-preview:large","max-video-preview":"max-video-preview:-1"},"og_locale":"en_US","og_type":"article","og_title":"CR\u00c9VECOEUR Michel-Guillaume-Jean Lettres d'un cultivateur am\u00e9ricain, \u00e9crites \u00e0 W. S. ecuyer, depuis l'Ann\u00e9e 1770, jusqu'\u00e0 1781. Traduit de l'Anglois [par l'auteur, avec des lettres servant d'introduction par Lacretelle]. - Libairie Clavreuil","og_description":"2 volumes, 8vo (198 x 124 mm) XXIV, IV, 422 pp., 1 n.l. for the volume I ; 2 unn.l., IV, 400 pp., 1 unn.l. for the volume II. Marbled calf, spine gilt withy raised bands, compartments decorated with fleurons, red and olive morocco title and volume lable, blind fillet framing the covers, marbled edges (contemporary binding).","og_url":"https:\/\/clavreuil-wordpress.logiciel-arteo.fr\/en\/crevecoeur-michel-guillaume-jean-lettres-dun-cultivateur-americain-ecrites-a-w-s-ecuyer-depuis-lannee-1770-jusqua-1781-traduit-de-langlois-par-lauteur-avec-des-lettres-servant-din\/","og_site_name":"Libairie Clavreuil","article_modified_time":"2024-04-24T12:50:10+00:00","og_image":[{"width":1920,"height":2560,"url":"https:\/\/clavreuil-wordpress.logiciel-arteo.fr\/wp-content\/uploads\/2024\/04\/michel-guillaume-jean-crevecoeur-lettres-d-un-cultivateur-americain-ecrites-a-w-s-ecuyer-depuis-l-annee-1770-jusqu-a-1781-traduit-de-l-anglois-par-l-a-1-scaled.jpg","type":"image\/jpeg"}],"twitter_card":"summary_large_image","twitter_misc":{"Est. reading time":"2 minutes"},"schema":{"@context":"https:\/\/schema.org","@graph":[{"@type":"WebPage","@id":"https:\/\/clavreuil-wordpress.logiciel-arteo.fr\/en\/crevecoeur-michel-guillaume-jean-lettres-dun-cultivateur-americain-ecrites-a-w-s-ecuyer-depuis-lannee-1770-jusqua-1781-traduit-de-langlois-par-lauteur-avec-des-lettres-servant-din\/","url":"https:\/\/clavreuil-wordpress.logiciel-arteo.fr\/en\/crevecoeur-michel-guillaume-jean-lettres-dun-cultivateur-americain-ecrites-a-w-s-ecuyer-depuis-lannee-1770-jusqua-1781-traduit-de-langlois-par-lauteur-avec-des-lettres-servant-din\/","name":"CR\u00c9VECOEUR Michel-Guillaume-Jean Lettres d'un cultivateur am\u00e9ricain, \u00e9crites \u00e0 W. S. ecuyer, depuis l'Ann\u00e9e 1770, jusqu'\u00e0 1781. Traduit de l'Anglois [par l'auteur, avec des lettres servant d'introduction par Lacretelle]. - Libairie Clavreuil","isPartOf":{"@id":"https:\/\/clavreuil-wordpress.logiciel-arteo.fr\/#website"},"primaryImageOfPage":{"@id":"https:\/\/clavreuil-wordpress.logiciel-arteo.fr\/en\/crevecoeur-michel-guillaume-jean-lettres-dun-cultivateur-americain-ecrites-a-w-s-ecuyer-depuis-lannee-1770-jusqua-1781-traduit-de-langlois-par-lauteur-avec-des-lettres-servant-din\/#primaryimage"},"image":{"@id":"https:\/\/clavreuil-wordpress.logiciel-arteo.fr\/en\/crevecoeur-michel-guillaume-jean-lettres-dun-cultivateur-americain-ecrites-a-w-s-ecuyer-depuis-lannee-1770-jusqua-1781-traduit-de-langlois-par-lauteur-avec-des-lettres-servant-din\/#primaryimage"},"thumbnailUrl":"https:\/\/clavreuil-wordpress.logiciel-arteo.fr\/wp-content\/uploads\/2024\/04\/michel-guillaume-jean-crevecoeur-lettres-d-un-cultivateur-americain-ecrites-a-w-s-ecuyer-depuis-l-annee-1770-jusqu-a-1781-traduit-de-l-anglois-par-l-a-1-scaled.jpg","datePublished":"2024-04-24T12:49:41+00:00","dateModified":"2024-04-24T12:50:10+00:00","breadcrumb":{"@id":"https:\/\/clavreuil-wordpress.logiciel-arteo.fr\/en\/crevecoeur-michel-guillaume-jean-lettres-dun-cultivateur-americain-ecrites-a-w-s-ecuyer-depuis-lannee-1770-jusqua-1781-traduit-de-langlois-par-lauteur-avec-des-lettres-servant-din\/#breadcrumb"},"inLanguage":"en-US","potentialAction":[{"@type":"ReadAction","target":["https:\/\/clavreuil-wordpress.logiciel-arteo.fr\/en\/crevecoeur-michel-guillaume-jean-lettres-dun-cultivateur-americain-ecrites-a-w-s-ecuyer-depuis-lannee-1770-jusqua-1781-traduit-de-langlois-par-lauteur-avec-des-lettres-servant-din\/"]}]},{"@type":"ImageObject","inLanguage":"en-US","@id":"https:\/\/clavreuil-wordpress.logiciel-arteo.fr\/en\/crevecoeur-michel-guillaume-jean-lettres-dun-cultivateur-americain-ecrites-a-w-s-ecuyer-depuis-lannee-1770-jusqua-1781-traduit-de-langlois-par-lauteur-avec-des-lettres-servant-din\/#primaryimage","url":"https:\/\/clavreuil-wordpress.logiciel-arteo.fr\/wp-content\/uploads\/2024\/04\/michel-guillaume-jean-crevecoeur-lettres-d-un-cultivateur-americain-ecrites-a-w-s-ecuyer-depuis-l-annee-1770-jusqu-a-1781-traduit-de-l-anglois-par-l-a-1-scaled.jpg","contentUrl":"https:\/\/clavreuil-wordpress.logiciel-arteo.fr\/wp-content\/uploads\/2024\/04\/michel-guillaume-jean-crevecoeur-lettres-d-un-cultivateur-americain-ecrites-a-w-s-ecuyer-depuis-l-annee-1770-jusqu-a-1781-traduit-de-l-anglois-par-l-a-1-scaled.jpg","width":1920,"height":2560},{"@type":"BreadcrumbList","@id":"https:\/\/clavreuil-wordpress.logiciel-arteo.fr\/en\/crevecoeur-michel-guillaume-jean-lettres-dun-cultivateur-americain-ecrites-a-w-s-ecuyer-depuis-lannee-1770-jusqua-1781-traduit-de-langlois-par-lauteur-avec-des-lettres-servant-din\/#breadcrumb","itemListElement":[{"@type":"ListItem","position":1,"name":"Accueil","item":"https:\/\/clavreuil-wordpress.logiciel-arteo.fr\/"},{"@type":"ListItem","position":2,"name":"All our books","item":"https:\/\/clavreuil-wordpress.logiciel-arteo.fr\/en\/all-our-books\/"},{"@type":"ListItem","position":3,"name":"CR\u00c9VECOEUR Michel-Guillaume-Jean Lettres d&#8217;un cultivateur am\u00e9ricain, \u00e9crites \u00e0..."}]},{"@type":"WebSite","@id":"https:\/\/clavreuil-wordpress.logiciel-arteo.fr\/#website","url":"https:\/\/clavreuil-wordpress.logiciel-arteo.fr\/","name":"Libairie Clavreuil","description":"","publisher":{"@id":"https:\/\/clavreuil-wordpress.logiciel-arteo.fr\/#organization"},"potentialAction":[{"@type":"SearchAction","target":{"@type":"EntryPoint","urlTemplate":"https:\/\/clavreuil-wordpress.logiciel-arteo.fr\/?s={search_term_string}"},"query-input":{"@type":"PropertyValueSpecification","valueRequired":true,"valueName":"search_term_string"}}],"inLanguage":"en-US"},{"@type":"Organization","@id":"https:\/\/clavreuil-wordpress.logiciel-arteo.fr\/#organization","name":"Libairie Clavreuil","url":"https:\/\/clavreuil-wordpress.logiciel-arteo.fr\/","logo":{"@type":"ImageObject","inLanguage":"en-US","@id":"https:\/\/clavreuil-wordpress.logiciel-arteo.fr\/#\/schema\/logo\/image\/","url":"https:\/\/clavreuil-wordpress.logiciel-arteo.fr\/wp-content\/uploads\/2021\/05\/LOGO_PNG_DATE-_gold.png","contentUrl":"https:\/\/clavreuil-wordpress.logiciel-arteo.fr\/wp-content\/uploads\/2021\/05\/LOGO_PNG_DATE-_gold.png","width":2083,"height":1917,"caption":"Libairie Clavreuil"},"image":{"@id":"https:\/\/clavreuil-wordpress.logiciel-arteo.fr\/#\/schema\/logo\/image\/"}}]}},"_links":{"self":[{"href":"https:\/\/clavreuil-wordpress.logiciel-arteo.fr\/en\/wp-json\/wp\/v2\/product\/75249","targetHints":{"allow":["GET"]}}],"collection":[{"href":"https:\/\/clavreuil-wordpress.logiciel-arteo.fr\/en\/wp-json\/wp\/v2\/product"}],"about":[{"href":"https:\/\/clavreuil-wordpress.logiciel-arteo.fr\/en\/wp-json\/wp\/v2\/types\/product"}],"replies":[{"embeddable":true,"href":"https:\/\/clavreuil-wordpress.logiciel-arteo.fr\/en\/wp-json\/wp\/v2\/comments?post=75249"}],"wp:featuredmedia":[{"embeddable":true,"href":"https:\/\/clavreuil-wordpress.logiciel-arteo.fr\/en\/wp-json\/wp\/v2\/media\/75244"}],"wp:attachment":[{"href":"https:\/\/clavreuil-wordpress.logiciel-arteo.fr\/en\/wp-json\/wp\/v2\/media?parent=75249"}],"wp:term":[{"taxonomy":"product_brand","embeddable":true,"href":"https:\/\/clavreuil-wordpress.logiciel-arteo.fr\/en\/wp-json\/wp\/v2\/product_brand?post=75249"},{"taxonomy":"product_cat","embeddable":true,"href":"https:\/\/clavreuil-wordpress.logiciel-arteo.fr\/en\/wp-json\/wp\/v2\/product_cat?post=75249"},{"taxonomy":"product_tag","embeddable":true,"href":"https:\/\/clavreuil-wordpress.logiciel-arteo.fr\/en\/wp-json\/wp\/v2\/product_tag?post=75249"}],"curies":[{"name":"wp","href":"https:\/\/api.w.org\/{rel}","templated":true}]}}