{"id":75269,"date":"2024-04-24T14:51:50","date_gmt":"2024-04-24T12:51:50","guid":{"rendered":"https:\/\/clavreuil-wordpress.logiciel-arteo.fr\/biet-antoine-voyage-de-la-france-equinoxiale-en-lisle-de-cayenne-entrepris-par-les-francois-en-lannee-1652-divise-en-trois-livres\/"},"modified":"2024-04-24T14:52:18","modified_gmt":"2024-04-24T12:52:18","slug":"biet-antoine-voyage-de-la-france-equinoxiale-en-lisle-de-cayenne-entrepris-par-les-francois-en-lannee-1652-divise-en-trois-livres","status":"publish","type":"product","link":"https:\/\/clavreuil-wordpress.logiciel-arteo.fr\/en\/biet-antoine-voyage-de-la-france-equinoxiale-en-lisle-de-cayenne-entrepris-par-les-francois-en-lannee-1652-divise-en-trois-livres\/","title":{"rendered":"BIET Antoine Voyage de la France \u00e9quinoxiale en..."},"content":{"rendered":"<p style=\"text-align:justify\"><em>Alden-Landis, 664\/15 ; JCB, III, 106-107 ; Sabin, 5269 ; Leclerc, 1516 ; Maggs, IV, 115 ; Boucher de La Richarderie, VI, 253.<\/em><\/p>\n<p style=\"text-align:justify\">First edition.<\/p>\n<p style=\"text-align:justify\">Antoine Biet, parish priest of Sainte Genevi&egrave;ve de Senlis, was chaplain to the 500 or 600 colonists and adventurers that Royville took with him to French Guiana. Along with Abb&eacute; Marivault, a theologian at the Sorbonne, Sieur de Royville was one of the founders of the Compagnie de l&#039;Am&eacute;rique. It was as captain that he set out to sea under bad auspices: Abb&eacute; Marivault drowned while boarding at Honfleur. De Royville was killed in a revolt during the crossing and his body was thrown into the sea.<\/p>\n<p style=\"text-align:justify\">&quot;The colony began to disintegrate even prior to landing at Cayenne. During the crossing from France, Le Roux de Royville was murdered and his body thrown overboard. Unfortunately, that episode was just the beginning of the tensions and conflict that become rife within the colony, as well as between the settlers and the native Galib&iacute;. When it became known that the Compagnie de l&rsquo;Amerique did not, in fact, have royal backing, the Compagnie went bankrupt and the colony disintegrated. Two lawsuits were filed: one by Royville&rsquo;s family and the other by Nicolas Papin, one of the investors&quot; (Taylor &amp; Francis online sur l&#039;article de Gayle K. Brunelle : The Assassination of the Sieur de Royville and the debacle of the Compagnie de l&#039;Am&eacute;rique &Eacute;quinoxial, 1651-1654).<\/p>\n<p style=\"text-align:justify\">No other report than Biet&#039;s gives so many details about the natives of this country. He depicts them in all their primitive simplicity. The work is divided into three parts, the first dealing with the establishment of the colony and the journey to Cayenne, the second with the stay of the colonists, and the third &quot;dealing with the temperament of the country, the fertility of its soil, and the customs and ways of the savages of this region&quot;. This is followed by a dictionary of their language on pages 399 to 432. Carefully written, it is preceded by useful remarks on the language common to the Galibis and all the inhabitants of the coast. This is the very first known lexicon of the Galibi language.<\/p>\n<p style=\"text-align:justify\">&quot;This is the narrative of Father Biet, one of the priests who accompanied the Royville expedition for the settlement of Guiana in 1652&quot; (JCB).<\/p>\n<p style=\"text-align:justify\">&quot;Aucune relation ne donne autant de lumi&egrave;res que celle de Biet sur les naturels de la Guyane ; il les a d&eacute;peints dans toute leur simplicit&eacute; primitive. Le vocabulaire de leur langue est fait avec soin, et est pr&eacute;c&eacute;d&eacute; d remarques utiles sur la langue commune aux Galibis et &agrave; leurs habitans de la c&ocirc;te&quot; (Boucher).<\/p>\n<p style=\"text-align:justify\">This rare and sought-after volume was reprinted in 1836. Two or three leaves with defects to the paper without affecting the reading; spine and corners previously restored.<\/p>\n","protected":false},"excerpt":{"rendered":"<p>4to (238 x 177 mm) 12 unn.l., 433 pp. Calf, spine gilt with raised bands, speckled edges (<em>contemporary binding<\/em>).<\/p>\n","protected":false},"featured_media":75264,"comment_status":"open","ping_status":"closed","template":"","meta":{"_acf_changed":false},"product_brand":[],"product_cat":[552],"product_tag":[1450,1367,1373],"class_list":{"0":"post-75269","1":"product","2":"type-product","3":"status-publish","4":"has-post-thumbnail","6":"product_cat-travel","7":"product_tag-first-edition","8":"product_tag-guyana","9":"product_tag-south-america","10":"pa_auteur-antoine-biet-2","11":"pa_type-de-livre-printed-book","13":"first","14":"instock","15":"shipping-taxable","16":"purchasable","17":"product-type-simple"},"acf":[],"yoast_head":"<!-- This site is optimized with the Yoast SEO plugin v24.3 - https:\/\/yoast.com\/wordpress\/plugins\/seo\/ -->\n<title>BIET Antoine Voyage de la France \u00e9quinoxiale en L&#039;Isle de Cayenne, entrepris par les Fran\u00e7ois en l&#039;ann\u00e9e 1652. Divis\u00e9 en trois livres. - Libairie Clavreuil<\/title>\n<meta name=\"robots\" content=\"noindex, follow, max-snippet:-1, max-image-preview:large, max-video-preview:-1\" \/>\n<meta property=\"og:locale\" content=\"en_US\" \/>\n<meta property=\"og:type\" content=\"article\" \/>\n<meta property=\"og:title\" content=\"BIET Antoine Voyage de la France \u00e9quinoxiale en L&#039;Isle de Cayenne, entrepris par les Fran\u00e7ois en l&#039;ann\u00e9e 1652. Divis\u00e9 en trois livres. - Libairie Clavreuil\" \/>\n<meta property=\"og:description\" content=\"4to (238 x 177 mm) 12 unn.l., 433 pp. Calf, spine gilt with raised bands, speckled edges (contemporary binding).\" \/>\n<meta property=\"og:url\" content=\"https:\/\/clavreuil-wordpress.logiciel-arteo.fr\/en\/biet-antoine-voyage-de-la-france-equinoxiale-en-lisle-de-cayenne-entrepris-par-les-francois-en-lannee-1652-divise-en-trois-livres\/\" \/>\n<meta property=\"og:site_name\" content=\"Libairie Clavreuil\" \/>\n<meta property=\"article:modified_time\" content=\"2024-04-24T12:52:18+00:00\" \/>\n<meta property=\"og:image\" content=\"https:\/\/clavreuil-wordpress.logiciel-arteo.fr\/wp-content\/uploads\/2024\/04\/antoine-biet-voyage-de-la-france-equinoxiale-en-l-isle-de-cayenne-entrepris-par-les-francois-en-l-annee-1652-divise-en-trois-livres-8247-65f9b6f8e6150-scaled.jpg\" \/>\n\t<meta property=\"og:image:width\" content=\"1920\" \/>\n\t<meta property=\"og:image:height\" content=\"2560\" \/>\n\t<meta property=\"og:image:type\" content=\"image\/jpeg\" \/>\n<meta name=\"twitter:card\" content=\"summary_large_image\" \/>\n<meta name=\"twitter:label1\" content=\"Est. reading time\" \/>\n\t<meta name=\"twitter:data1\" content=\"2 minutes\" \/>\n<script type=\"application\/ld+json\" class=\"yoast-schema-graph\">{\"@context\":\"https:\/\/schema.org\",\"@graph\":[{\"@type\":\"WebPage\",\"@id\":\"https:\/\/clavreuil-wordpress.logiciel-arteo.fr\/en\/biet-antoine-voyage-de-la-france-equinoxiale-en-lisle-de-cayenne-entrepris-par-les-francois-en-lannee-1652-divise-en-trois-livres\/\",\"url\":\"https:\/\/clavreuil-wordpress.logiciel-arteo.fr\/en\/biet-antoine-voyage-de-la-france-equinoxiale-en-lisle-de-cayenne-entrepris-par-les-francois-en-lannee-1652-divise-en-trois-livres\/\",\"name\":\"BIET Antoine Voyage de la France \u00e9quinoxiale en L'Isle de Cayenne, entrepris par les Fran\u00e7ois en l'ann\u00e9e 1652. Divis\u00e9 en trois livres. - Libairie Clavreuil\",\"isPartOf\":{\"@id\":\"https:\/\/clavreuil-wordpress.logiciel-arteo.fr\/#website\"},\"primaryImageOfPage\":{\"@id\":\"https:\/\/clavreuil-wordpress.logiciel-arteo.fr\/en\/biet-antoine-voyage-de-la-france-equinoxiale-en-lisle-de-cayenne-entrepris-par-les-francois-en-lannee-1652-divise-en-trois-livres\/#primaryimage\"},\"image\":{\"@id\":\"https:\/\/clavreuil-wordpress.logiciel-arteo.fr\/en\/biet-antoine-voyage-de-la-france-equinoxiale-en-lisle-de-cayenne-entrepris-par-les-francois-en-lannee-1652-divise-en-trois-livres\/#primaryimage\"},\"thumbnailUrl\":\"https:\/\/clavreuil-wordpress.logiciel-arteo.fr\/wp-content\/uploads\/2024\/04\/antoine-biet-voyage-de-la-france-equinoxiale-en-l-isle-de-cayenne-entrepris-par-les-francois-en-l-annee-1652-divise-en-trois-livres-8247-65f9b6f8e6150-scaled.jpg\",\"datePublished\":\"2024-04-24T12:51:50+00:00\",\"dateModified\":\"2024-04-24T12:52:18+00:00\",\"breadcrumb\":{\"@id\":\"https:\/\/clavreuil-wordpress.logiciel-arteo.fr\/en\/biet-antoine-voyage-de-la-france-equinoxiale-en-lisle-de-cayenne-entrepris-par-les-francois-en-lannee-1652-divise-en-trois-livres\/#breadcrumb\"},\"inLanguage\":\"en-US\",\"potentialAction\":[{\"@type\":\"ReadAction\",\"target\":[\"https:\/\/clavreuil-wordpress.logiciel-arteo.fr\/en\/biet-antoine-voyage-de-la-france-equinoxiale-en-lisle-de-cayenne-entrepris-par-les-francois-en-lannee-1652-divise-en-trois-livres\/\"]}]},{\"@type\":\"ImageObject\",\"inLanguage\":\"en-US\",\"@id\":\"https:\/\/clavreuil-wordpress.logiciel-arteo.fr\/en\/biet-antoine-voyage-de-la-france-equinoxiale-en-lisle-de-cayenne-entrepris-par-les-francois-en-lannee-1652-divise-en-trois-livres\/#primaryimage\",\"url\":\"https:\/\/clavreuil-wordpress.logiciel-arteo.fr\/wp-content\/uploads\/2024\/04\/antoine-biet-voyage-de-la-france-equinoxiale-en-l-isle-de-cayenne-entrepris-par-les-francois-en-l-annee-1652-divise-en-trois-livres-8247-65f9b6f8e6150-scaled.jpg\",\"contentUrl\":\"https:\/\/clavreuil-wordpress.logiciel-arteo.fr\/wp-content\/uploads\/2024\/04\/antoine-biet-voyage-de-la-france-equinoxiale-en-l-isle-de-cayenne-entrepris-par-les-francois-en-l-annee-1652-divise-en-trois-livres-8247-65f9b6f8e6150-scaled.jpg\",\"width\":1920,\"height\":2560},{\"@type\":\"BreadcrumbList\",\"@id\":\"https:\/\/clavreuil-wordpress.logiciel-arteo.fr\/en\/biet-antoine-voyage-de-la-france-equinoxiale-en-lisle-de-cayenne-entrepris-par-les-francois-en-lannee-1652-divise-en-trois-livres\/#breadcrumb\",\"itemListElement\":[{\"@type\":\"ListItem\",\"position\":1,\"name\":\"Accueil\",\"item\":\"https:\/\/clavreuil-wordpress.logiciel-arteo.fr\/\"},{\"@type\":\"ListItem\",\"position\":2,\"name\":\"All our books\",\"item\":\"https:\/\/clavreuil-wordpress.logiciel-arteo.fr\/en\/all-our-books\/\"},{\"@type\":\"ListItem\",\"position\":3,\"name\":\"BIET Antoine Voyage de la France \u00e9quinoxiale en...\"}]},{\"@type\":\"WebSite\",\"@id\":\"https:\/\/clavreuil-wordpress.logiciel-arteo.fr\/#website\",\"url\":\"https:\/\/clavreuil-wordpress.logiciel-arteo.fr\/\",\"name\":\"Libairie Clavreuil\",\"description\":\"\",\"publisher\":{\"@id\":\"https:\/\/clavreuil-wordpress.logiciel-arteo.fr\/#organization\"},\"potentialAction\":[{\"@type\":\"SearchAction\",\"target\":{\"@type\":\"EntryPoint\",\"urlTemplate\":\"https:\/\/clavreuil-wordpress.logiciel-arteo.fr\/?s={search_term_string}\"},\"query-input\":{\"@type\":\"PropertyValueSpecification\",\"valueRequired\":true,\"valueName\":\"search_term_string\"}}],\"inLanguage\":\"en-US\"},{\"@type\":\"Organization\",\"@id\":\"https:\/\/clavreuil-wordpress.logiciel-arteo.fr\/#organization\",\"name\":\"Libairie Clavreuil\",\"url\":\"https:\/\/clavreuil-wordpress.logiciel-arteo.fr\/\",\"logo\":{\"@type\":\"ImageObject\",\"inLanguage\":\"en-US\",\"@id\":\"https:\/\/clavreuil-wordpress.logiciel-arteo.fr\/#\/schema\/logo\/image\/\",\"url\":\"https:\/\/clavreuil-wordpress.logiciel-arteo.fr\/wp-content\/uploads\/2021\/05\/LOGO_PNG_DATE-_gold.png\",\"contentUrl\":\"https:\/\/clavreuil-wordpress.logiciel-arteo.fr\/wp-content\/uploads\/2021\/05\/LOGO_PNG_DATE-_gold.png\",\"width\":2083,\"height\":1917,\"caption\":\"Libairie Clavreuil\"},\"image\":{\"@id\":\"https:\/\/clavreuil-wordpress.logiciel-arteo.fr\/#\/schema\/logo\/image\/\"}}]}<\/script>\n<!-- \/ Yoast SEO plugin. -->","yoast_head_json":{"title":"BIET Antoine Voyage de la France \u00e9quinoxiale en L'Isle de Cayenne, entrepris par les Fran\u00e7ois en l'ann\u00e9e 1652. Divis\u00e9 en trois livres. - Libairie Clavreuil","robots":{"index":"noindex","follow":"follow","max-snippet":"max-snippet:-1","max-image-preview":"max-image-preview:large","max-video-preview":"max-video-preview:-1"},"og_locale":"en_US","og_type":"article","og_title":"BIET Antoine Voyage de la France \u00e9quinoxiale en L'Isle de Cayenne, entrepris par les Fran\u00e7ois en l'ann\u00e9e 1652. Divis\u00e9 en trois livres. - Libairie Clavreuil","og_description":"4to (238 x 177 mm) 12 unn.l., 433 pp. Calf, spine gilt with raised bands, speckled edges (contemporary binding).","og_url":"https:\/\/clavreuil-wordpress.logiciel-arteo.fr\/en\/biet-antoine-voyage-de-la-france-equinoxiale-en-lisle-de-cayenne-entrepris-par-les-francois-en-lannee-1652-divise-en-trois-livres\/","og_site_name":"Libairie Clavreuil","article_modified_time":"2024-04-24T12:52:18+00:00","og_image":[{"width":1920,"height":2560,"url":"https:\/\/clavreuil-wordpress.logiciel-arteo.fr\/wp-content\/uploads\/2024\/04\/antoine-biet-voyage-de-la-france-equinoxiale-en-l-isle-de-cayenne-entrepris-par-les-francois-en-l-annee-1652-divise-en-trois-livres-8247-65f9b6f8e6150-scaled.jpg","type":"image\/jpeg"}],"twitter_card":"summary_large_image","twitter_misc":{"Est. reading time":"2 minutes"},"schema":{"@context":"https:\/\/schema.org","@graph":[{"@type":"WebPage","@id":"https:\/\/clavreuil-wordpress.logiciel-arteo.fr\/en\/biet-antoine-voyage-de-la-france-equinoxiale-en-lisle-de-cayenne-entrepris-par-les-francois-en-lannee-1652-divise-en-trois-livres\/","url":"https:\/\/clavreuil-wordpress.logiciel-arteo.fr\/en\/biet-antoine-voyage-de-la-france-equinoxiale-en-lisle-de-cayenne-entrepris-par-les-francois-en-lannee-1652-divise-en-trois-livres\/","name":"BIET Antoine Voyage de la France \u00e9quinoxiale en L'Isle de Cayenne, entrepris par les Fran\u00e7ois en l'ann\u00e9e 1652. Divis\u00e9 en trois livres. - Libairie Clavreuil","isPartOf":{"@id":"https:\/\/clavreuil-wordpress.logiciel-arteo.fr\/#website"},"primaryImageOfPage":{"@id":"https:\/\/clavreuil-wordpress.logiciel-arteo.fr\/en\/biet-antoine-voyage-de-la-france-equinoxiale-en-lisle-de-cayenne-entrepris-par-les-francois-en-lannee-1652-divise-en-trois-livres\/#primaryimage"},"image":{"@id":"https:\/\/clavreuil-wordpress.logiciel-arteo.fr\/en\/biet-antoine-voyage-de-la-france-equinoxiale-en-lisle-de-cayenne-entrepris-par-les-francois-en-lannee-1652-divise-en-trois-livres\/#primaryimage"},"thumbnailUrl":"https:\/\/clavreuil-wordpress.logiciel-arteo.fr\/wp-content\/uploads\/2024\/04\/antoine-biet-voyage-de-la-france-equinoxiale-en-l-isle-de-cayenne-entrepris-par-les-francois-en-l-annee-1652-divise-en-trois-livres-8247-65f9b6f8e6150-scaled.jpg","datePublished":"2024-04-24T12:51:50+00:00","dateModified":"2024-04-24T12:52:18+00:00","breadcrumb":{"@id":"https:\/\/clavreuil-wordpress.logiciel-arteo.fr\/en\/biet-antoine-voyage-de-la-france-equinoxiale-en-lisle-de-cayenne-entrepris-par-les-francois-en-lannee-1652-divise-en-trois-livres\/#breadcrumb"},"inLanguage":"en-US","potentialAction":[{"@type":"ReadAction","target":["https:\/\/clavreuil-wordpress.logiciel-arteo.fr\/en\/biet-antoine-voyage-de-la-france-equinoxiale-en-lisle-de-cayenne-entrepris-par-les-francois-en-lannee-1652-divise-en-trois-livres\/"]}]},{"@type":"ImageObject","inLanguage":"en-US","@id":"https:\/\/clavreuil-wordpress.logiciel-arteo.fr\/en\/biet-antoine-voyage-de-la-france-equinoxiale-en-lisle-de-cayenne-entrepris-par-les-francois-en-lannee-1652-divise-en-trois-livres\/#primaryimage","url":"https:\/\/clavreuil-wordpress.logiciel-arteo.fr\/wp-content\/uploads\/2024\/04\/antoine-biet-voyage-de-la-france-equinoxiale-en-l-isle-de-cayenne-entrepris-par-les-francois-en-l-annee-1652-divise-en-trois-livres-8247-65f9b6f8e6150-scaled.jpg","contentUrl":"https:\/\/clavreuil-wordpress.logiciel-arteo.fr\/wp-content\/uploads\/2024\/04\/antoine-biet-voyage-de-la-france-equinoxiale-en-l-isle-de-cayenne-entrepris-par-les-francois-en-l-annee-1652-divise-en-trois-livres-8247-65f9b6f8e6150-scaled.jpg","width":1920,"height":2560},{"@type":"BreadcrumbList","@id":"https:\/\/clavreuil-wordpress.logiciel-arteo.fr\/en\/biet-antoine-voyage-de-la-france-equinoxiale-en-lisle-de-cayenne-entrepris-par-les-francois-en-lannee-1652-divise-en-trois-livres\/#breadcrumb","itemListElement":[{"@type":"ListItem","position":1,"name":"Accueil","item":"https:\/\/clavreuil-wordpress.logiciel-arteo.fr\/"},{"@type":"ListItem","position":2,"name":"All our books","item":"https:\/\/clavreuil-wordpress.logiciel-arteo.fr\/en\/all-our-books\/"},{"@type":"ListItem","position":3,"name":"BIET Antoine Voyage de la France \u00e9quinoxiale en..."}]},{"@type":"WebSite","@id":"https:\/\/clavreuil-wordpress.logiciel-arteo.fr\/#website","url":"https:\/\/clavreuil-wordpress.logiciel-arteo.fr\/","name":"Libairie Clavreuil","description":"","publisher":{"@id":"https:\/\/clavreuil-wordpress.logiciel-arteo.fr\/#organization"},"potentialAction":[{"@type":"SearchAction","target":{"@type":"EntryPoint","urlTemplate":"https:\/\/clavreuil-wordpress.logiciel-arteo.fr\/?s={search_term_string}"},"query-input":{"@type":"PropertyValueSpecification","valueRequired":true,"valueName":"search_term_string"}}],"inLanguage":"en-US"},{"@type":"Organization","@id":"https:\/\/clavreuil-wordpress.logiciel-arteo.fr\/#organization","name":"Libairie Clavreuil","url":"https:\/\/clavreuil-wordpress.logiciel-arteo.fr\/","logo":{"@type":"ImageObject","inLanguage":"en-US","@id":"https:\/\/clavreuil-wordpress.logiciel-arteo.fr\/#\/schema\/logo\/image\/","url":"https:\/\/clavreuil-wordpress.logiciel-arteo.fr\/wp-content\/uploads\/2021\/05\/LOGO_PNG_DATE-_gold.png","contentUrl":"https:\/\/clavreuil-wordpress.logiciel-arteo.fr\/wp-content\/uploads\/2021\/05\/LOGO_PNG_DATE-_gold.png","width":2083,"height":1917,"caption":"Libairie Clavreuil"},"image":{"@id":"https:\/\/clavreuil-wordpress.logiciel-arteo.fr\/#\/schema\/logo\/image\/"}}]}},"_links":{"self":[{"href":"https:\/\/clavreuil-wordpress.logiciel-arteo.fr\/en\/wp-json\/wp\/v2\/product\/75269","targetHints":{"allow":["GET"]}}],"collection":[{"href":"https:\/\/clavreuil-wordpress.logiciel-arteo.fr\/en\/wp-json\/wp\/v2\/product"}],"about":[{"href":"https:\/\/clavreuil-wordpress.logiciel-arteo.fr\/en\/wp-json\/wp\/v2\/types\/product"}],"replies":[{"embeddable":true,"href":"https:\/\/clavreuil-wordpress.logiciel-arteo.fr\/en\/wp-json\/wp\/v2\/comments?post=75269"}],"wp:featuredmedia":[{"embeddable":true,"href":"https:\/\/clavreuil-wordpress.logiciel-arteo.fr\/en\/wp-json\/wp\/v2\/media\/75264"}],"wp:attachment":[{"href":"https:\/\/clavreuil-wordpress.logiciel-arteo.fr\/en\/wp-json\/wp\/v2\/media?parent=75269"}],"wp:term":[{"taxonomy":"product_brand","embeddable":true,"href":"https:\/\/clavreuil-wordpress.logiciel-arteo.fr\/en\/wp-json\/wp\/v2\/product_brand?post=75269"},{"taxonomy":"product_cat","embeddable":true,"href":"https:\/\/clavreuil-wordpress.logiciel-arteo.fr\/en\/wp-json\/wp\/v2\/product_cat?post=75269"},{"taxonomy":"product_tag","embeddable":true,"href":"https:\/\/clavreuil-wordpress.logiciel-arteo.fr\/en\/wp-json\/wp\/v2\/product_tag?post=75269"}],"curies":[{"name":"wp","href":"https:\/\/api.w.org\/{rel}","templated":true}]}}