{"id":75275,"date":"2024-04-24T15:27:42","date_gmt":"2024-04-24T13:27:42","guid":{"rendered":"https:\/\/clavreuil-wordpress.logiciel-arteo.fr\/buache-jean-nicolas-analyse-de-la-carte-generale-de-locean-atlantique-ou-occidental-dressee-au-depot-des-cartes-plans-journaux-de-la-marine-et-publiee-par-ordre-du-roi-pour-le-service-des\/"},"modified":"2024-04-24T15:28:16","modified_gmt":"2024-04-24T13:28:16","slug":"buache-jean-nicolas-analyse-de-la-carte-generale-de-locean-atlantique-ou-occidental-dressee-au-depot-des-cartes-plans-journaux-de-la-marine-et-publiee-par-ordre-du-roi-pour-le-service-des","status":"publish","type":"product","link":"https:\/\/clavreuil-wordpress.logiciel-arteo.fr\/en\/buache-jean-nicolas-analyse-de-la-carte-generale-de-locean-atlantique-ou-occidental-dressee-au-depot-des-cartes-plans-journaux-de-la-marine-et-publiee-par-ordre-du-roi-pour-le-service-des\/","title":{"rendered":"BUACHE Jean-Nicolas Analyse de la carte g\u00e9n\u00e9rale de..."},"content":{"rendered":"<p><em>Sabin, 1360 ; Polak, 9649 ; Olivier, 2496, n&deg;7. <\/em><\/p>\n<p><em>F<\/em>irst edition. This explanatory text is to accompany the map of the North Atlantic published by Buache de la Neuville (1745-1825), first geographer to the King and one of the organisers of the expedition undertaken by La P&eacute;rouse. The map contains information gathered during the explorations led by Claret de Fleurieu (1773), Verdun de la Crenne, Borda and Pingr&eacute; (1778) and Chastenet de Puys&eacute;gur &#8211; the latter had returned to France in 1785. Additional sources include the travel accounts by Chabert, Cassini, Cook, etc. The coastlines of Europe, Africa, various islands (A&ccedil;ores, Canaries, Cape Vert), New Foundland, Saint-Lawrence stream, Canada, Cuba, Jamaica, etc.<\/p>\n<p>Fine copy from the &quot;Conseil de la Marine&quot;. King Louis XVI, who had a soft-spot for travel and exploration had just sent off La P&eacute;rouse in order to complete the scientific data collected by Captain Cook in the Pacific. During the absence of the explorer the Kind and his minister, the Marquis de Castries, had given order to edit this new edition of the descriptions of the coastal map of Atlantic Ocean. The French Revolution and the death of La P&eacute;rouse halted this ambitious undertaking.<\/p>\n<p>Binding expertly restored. Book plate of F. Pigeot.<\/p>\n","protected":false},"excerpt":{"rendered":"<p>4to (243 x 184 mm) 2 nn.ll., 43 pp. Contemporary marbled calf, triple gilt filet on covers, central royal coat of arms with the addition &quot;Conseil de la Marine&quot;, red edges.<\/p>\n","protected":false},"featured_media":75270,"comment_status":"open","ping_status":"closed","template":"","meta":{"_acf_changed":false},"product_brand":[],"product_cat":[552],"product_tag":[1270,1408,1267,1365,1363,1450,1367,562],"class_list":{"0":"post-75275","1":"product","2":"type-product","3":"status-publish","4":"has-post-thumbnail","6":"product_cat-travel","7":"product_tag-armoured","8":"product_tag-atlas-2","9":"product_tag-binding","10":"product_tag-canada-2","11":"product_tag-caribbean","12":"product_tag-first-edition","13":"product_tag-guyana","14":"product_tag-marine-2","15":"pa_auteur-jean-nicolas-buache-2","16":"pa_type-de-livre-printed-book","18":"first","19":"instock","20":"shipping-taxable","21":"purchasable","22":"product-type-simple"},"acf":[],"yoast_head":"<!-- This site is optimized with the Yoast SEO plugin v24.3 - https:\/\/yoast.com\/wordpress\/plugins\/seo\/ -->\n<title>BUACHE Jean-Nicolas Analyse de la carte g\u00e9n\u00e9rale de l&#039;oc\u00e9an atlantique ou Occidental, dress\u00e9e au D\u00e9p\u00f4t des Cartes, Plans &amp; Journaux de la Marine, et publi\u00e9e par ordre du Roi, pour le service des Vaisseaux de Sa Majest\u00e9, sous le Minist\u00e8re de M. le Mar\u00e9chal de Castries, Ministre &amp; Secr\u00e9taire d&#039;\u00c9tat ayant le d\u00e9partement de la Marine &amp; des Colonies, en 1786. - Libairie Clavreuil<\/title>\n<meta name=\"robots\" content=\"noindex, follow, max-snippet:-1, max-image-preview:large, max-video-preview:-1\" \/>\n<meta property=\"og:locale\" content=\"en_US\" \/>\n<meta property=\"og:type\" content=\"article\" \/>\n<meta property=\"og:title\" content=\"BUACHE Jean-Nicolas Analyse de la carte g\u00e9n\u00e9rale de l&#039;oc\u00e9an atlantique ou Occidental, dress\u00e9e au D\u00e9p\u00f4t des Cartes, Plans &amp; Journaux de la Marine, et publi\u00e9e par ordre du Roi, pour le service des Vaisseaux de Sa Majest\u00e9, sous le Minist\u00e8re de M. le Mar\u00e9chal de Castries, Ministre &amp; Secr\u00e9taire d&#039;\u00c9tat ayant le d\u00e9partement de la Marine &amp; des Colonies, en 1786. - Libairie Clavreuil\" \/>\n<meta property=\"og:description\" content=\"4to (243 x 184 mm) 2 nn.ll., 43 pp. Contemporary marbled calf, triple gilt filet on covers, central royal coat of arms with the addition &quot;Conseil de la Marine&quot;, red edges.\" \/>\n<meta property=\"og:url\" content=\"https:\/\/clavreuil-wordpress.logiciel-arteo.fr\/en\/buache-jean-nicolas-analyse-de-la-carte-generale-de-locean-atlantique-ou-occidental-dressee-au-depot-des-cartes-plans-journaux-de-la-marine-et-publiee-par-ordre-du-roi-pour-le-service-des\/\" \/>\n<meta property=\"og:site_name\" content=\"Libairie Clavreuil\" \/>\n<meta property=\"article:modified_time\" content=\"2024-04-24T13:28:16+00:00\" \/>\n<meta property=\"og:image\" content=\"https:\/\/clavreuil-wordpress.logiciel-arteo.fr\/wp-content\/uploads\/2024\/04\/jean-nicolas-buache-analyse-de-la-carte-generale-de-l-ocean-atlantique-ou-occidental-dressee-au-depot-des-cartes-plans-journaux-de-la-marine-et-publie-scaled.jpg\" \/>\n\t<meta property=\"og:image:width\" content=\"1920\" \/>\n\t<meta property=\"og:image:height\" content=\"2560\" \/>\n\t<meta property=\"og:image:type\" content=\"image\/jpeg\" \/>\n<meta name=\"twitter:card\" content=\"summary_large_image\" \/>\n<meta name=\"twitter:label1\" content=\"Est. reading time\" \/>\n\t<meta name=\"twitter:data1\" content=\"1 minute\" \/>\n<script type=\"application\/ld+json\" class=\"yoast-schema-graph\">{\"@context\":\"https:\/\/schema.org\",\"@graph\":[{\"@type\":\"WebPage\",\"@id\":\"https:\/\/clavreuil-wordpress.logiciel-arteo.fr\/en\/buache-jean-nicolas-analyse-de-la-carte-generale-de-locean-atlantique-ou-occidental-dressee-au-depot-des-cartes-plans-journaux-de-la-marine-et-publiee-par-ordre-du-roi-pour-le-service-des\/\",\"url\":\"https:\/\/clavreuil-wordpress.logiciel-arteo.fr\/en\/buache-jean-nicolas-analyse-de-la-carte-generale-de-locean-atlantique-ou-occidental-dressee-au-depot-des-cartes-plans-journaux-de-la-marine-et-publiee-par-ordre-du-roi-pour-le-service-des\/\",\"name\":\"BUACHE Jean-Nicolas Analyse de la carte g\u00e9n\u00e9rale de l'oc\u00e9an atlantique ou Occidental, dress\u00e9e au D\u00e9p\u00f4t des Cartes, Plans &amp; Journaux de la Marine, et publi\u00e9e par ordre du Roi, pour le service des Vaisseaux de Sa Majest\u00e9, sous le Minist\u00e8re de M. le Mar\u00e9chal de Castries, Ministre &amp; Secr\u00e9taire d'\u00c9tat ayant le d\u00e9partement de la Marine &amp; des Colonies, en 1786. - Libairie Clavreuil\",\"isPartOf\":{\"@id\":\"https:\/\/clavreuil-wordpress.logiciel-arteo.fr\/#website\"},\"primaryImageOfPage\":{\"@id\":\"https:\/\/clavreuil-wordpress.logiciel-arteo.fr\/en\/buache-jean-nicolas-analyse-de-la-carte-generale-de-locean-atlantique-ou-occidental-dressee-au-depot-des-cartes-plans-journaux-de-la-marine-et-publiee-par-ordre-du-roi-pour-le-service-des\/#primaryimage\"},\"image\":{\"@id\":\"https:\/\/clavreuil-wordpress.logiciel-arteo.fr\/en\/buache-jean-nicolas-analyse-de-la-carte-generale-de-locean-atlantique-ou-occidental-dressee-au-depot-des-cartes-plans-journaux-de-la-marine-et-publiee-par-ordre-du-roi-pour-le-service-des\/#primaryimage\"},\"thumbnailUrl\":\"https:\/\/clavreuil-wordpress.logiciel-arteo.fr\/wp-content\/uploads\/2024\/04\/jean-nicolas-buache-analyse-de-la-carte-generale-de-l-ocean-atlantique-ou-occidental-dressee-au-depot-des-cartes-plans-journaux-de-la-marine-et-publie-scaled.jpg\",\"datePublished\":\"2024-04-24T13:27:42+00:00\",\"dateModified\":\"2024-04-24T13:28:16+00:00\",\"breadcrumb\":{\"@id\":\"https:\/\/clavreuil-wordpress.logiciel-arteo.fr\/en\/buache-jean-nicolas-analyse-de-la-carte-generale-de-locean-atlantique-ou-occidental-dressee-au-depot-des-cartes-plans-journaux-de-la-marine-et-publiee-par-ordre-du-roi-pour-le-service-des\/#breadcrumb\"},\"inLanguage\":\"en-US\",\"potentialAction\":[{\"@type\":\"ReadAction\",\"target\":[\"https:\/\/clavreuil-wordpress.logiciel-arteo.fr\/en\/buache-jean-nicolas-analyse-de-la-carte-generale-de-locean-atlantique-ou-occidental-dressee-au-depot-des-cartes-plans-journaux-de-la-marine-et-publiee-par-ordre-du-roi-pour-le-service-des\/\"]}]},{\"@type\":\"ImageObject\",\"inLanguage\":\"en-US\",\"@id\":\"https:\/\/clavreuil-wordpress.logiciel-arteo.fr\/en\/buache-jean-nicolas-analyse-de-la-carte-generale-de-locean-atlantique-ou-occidental-dressee-au-depot-des-cartes-plans-journaux-de-la-marine-et-publiee-par-ordre-du-roi-pour-le-service-des\/#primaryimage\",\"url\":\"https:\/\/clavreuil-wordpress.logiciel-arteo.fr\/wp-content\/uploads\/2024\/04\/jean-nicolas-buache-analyse-de-la-carte-generale-de-l-ocean-atlantique-ou-occidental-dressee-au-depot-des-cartes-plans-journaux-de-la-marine-et-publie-scaled.jpg\",\"contentUrl\":\"https:\/\/clavreuil-wordpress.logiciel-arteo.fr\/wp-content\/uploads\/2024\/04\/jean-nicolas-buache-analyse-de-la-carte-generale-de-l-ocean-atlantique-ou-occidental-dressee-au-depot-des-cartes-plans-journaux-de-la-marine-et-publie-scaled.jpg\",\"width\":1920,\"height\":2560},{\"@type\":\"BreadcrumbList\",\"@id\":\"https:\/\/clavreuil-wordpress.logiciel-arteo.fr\/en\/buache-jean-nicolas-analyse-de-la-carte-generale-de-locean-atlantique-ou-occidental-dressee-au-depot-des-cartes-plans-journaux-de-la-marine-et-publiee-par-ordre-du-roi-pour-le-service-des\/#breadcrumb\",\"itemListElement\":[{\"@type\":\"ListItem\",\"position\":1,\"name\":\"Accueil\",\"item\":\"https:\/\/clavreuil-wordpress.logiciel-arteo.fr\/\"},{\"@type\":\"ListItem\",\"position\":2,\"name\":\"All our books\",\"item\":\"https:\/\/clavreuil-wordpress.logiciel-arteo.fr\/en\/all-our-books\/\"},{\"@type\":\"ListItem\",\"position\":3,\"name\":\"BUACHE Jean-Nicolas Analyse de la carte g\u00e9n\u00e9rale de...\"}]},{\"@type\":\"WebSite\",\"@id\":\"https:\/\/clavreuil-wordpress.logiciel-arteo.fr\/#website\",\"url\":\"https:\/\/clavreuil-wordpress.logiciel-arteo.fr\/\",\"name\":\"Libairie Clavreuil\",\"description\":\"\",\"publisher\":{\"@id\":\"https:\/\/clavreuil-wordpress.logiciel-arteo.fr\/#organization\"},\"potentialAction\":[{\"@type\":\"SearchAction\",\"target\":{\"@type\":\"EntryPoint\",\"urlTemplate\":\"https:\/\/clavreuil-wordpress.logiciel-arteo.fr\/?s={search_term_string}\"},\"query-input\":{\"@type\":\"PropertyValueSpecification\",\"valueRequired\":true,\"valueName\":\"search_term_string\"}}],\"inLanguage\":\"en-US\"},{\"@type\":\"Organization\",\"@id\":\"https:\/\/clavreuil-wordpress.logiciel-arteo.fr\/#organization\",\"name\":\"Libairie Clavreuil\",\"url\":\"https:\/\/clavreuil-wordpress.logiciel-arteo.fr\/\",\"logo\":{\"@type\":\"ImageObject\",\"inLanguage\":\"en-US\",\"@id\":\"https:\/\/clavreuil-wordpress.logiciel-arteo.fr\/#\/schema\/logo\/image\/\",\"url\":\"https:\/\/clavreuil-wordpress.logiciel-arteo.fr\/wp-content\/uploads\/2021\/05\/LOGO_PNG_DATE-_gold.png\",\"contentUrl\":\"https:\/\/clavreuil-wordpress.logiciel-arteo.fr\/wp-content\/uploads\/2021\/05\/LOGO_PNG_DATE-_gold.png\",\"width\":2083,\"height\":1917,\"caption\":\"Libairie Clavreuil\"},\"image\":{\"@id\":\"https:\/\/clavreuil-wordpress.logiciel-arteo.fr\/#\/schema\/logo\/image\/\"}}]}<\/script>\n<!-- \/ Yoast SEO plugin. -->","yoast_head_json":{"title":"BUACHE Jean-Nicolas Analyse de la carte g\u00e9n\u00e9rale de l'oc\u00e9an atlantique ou Occidental, dress\u00e9e au D\u00e9p\u00f4t des Cartes, Plans &amp; Journaux de la Marine, et publi\u00e9e par ordre du Roi, pour le service des Vaisseaux de Sa Majest\u00e9, sous le Minist\u00e8re de M. le Mar\u00e9chal de Castries, Ministre &amp; Secr\u00e9taire d'\u00c9tat ayant le d\u00e9partement de la Marine &amp; des Colonies, en 1786. - Libairie Clavreuil","robots":{"index":"noindex","follow":"follow","max-snippet":"max-snippet:-1","max-image-preview":"max-image-preview:large","max-video-preview":"max-video-preview:-1"},"og_locale":"en_US","og_type":"article","og_title":"BUACHE Jean-Nicolas Analyse de la carte g\u00e9n\u00e9rale de l'oc\u00e9an atlantique ou Occidental, dress\u00e9e au D\u00e9p\u00f4t des Cartes, Plans &amp; Journaux de la Marine, et publi\u00e9e par ordre du Roi, pour le service des Vaisseaux de Sa Majest\u00e9, sous le Minist\u00e8re de M. le Mar\u00e9chal de Castries, Ministre &amp; Secr\u00e9taire d'\u00c9tat ayant le d\u00e9partement de la Marine &amp; des Colonies, en 1786. - Libairie Clavreuil","og_description":"4to (243 x 184 mm) 2 nn.ll., 43 pp. Contemporary marbled calf, triple gilt filet on covers, central royal coat of arms with the addition &quot;Conseil de la Marine&quot;, red edges.","og_url":"https:\/\/clavreuil-wordpress.logiciel-arteo.fr\/en\/buache-jean-nicolas-analyse-de-la-carte-generale-de-locean-atlantique-ou-occidental-dressee-au-depot-des-cartes-plans-journaux-de-la-marine-et-publiee-par-ordre-du-roi-pour-le-service-des\/","og_site_name":"Libairie Clavreuil","article_modified_time":"2024-04-24T13:28:16+00:00","og_image":[{"width":1920,"height":2560,"url":"https:\/\/clavreuil-wordpress.logiciel-arteo.fr\/wp-content\/uploads\/2024\/04\/jean-nicolas-buache-analyse-de-la-carte-generale-de-l-ocean-atlantique-ou-occidental-dressee-au-depot-des-cartes-plans-journaux-de-la-marine-et-publie-scaled.jpg","type":"image\/jpeg"}],"twitter_card":"summary_large_image","twitter_misc":{"Est. reading time":"1 minute"},"schema":{"@context":"https:\/\/schema.org","@graph":[{"@type":"WebPage","@id":"https:\/\/clavreuil-wordpress.logiciel-arteo.fr\/en\/buache-jean-nicolas-analyse-de-la-carte-generale-de-locean-atlantique-ou-occidental-dressee-au-depot-des-cartes-plans-journaux-de-la-marine-et-publiee-par-ordre-du-roi-pour-le-service-des\/","url":"https:\/\/clavreuil-wordpress.logiciel-arteo.fr\/en\/buache-jean-nicolas-analyse-de-la-carte-generale-de-locean-atlantique-ou-occidental-dressee-au-depot-des-cartes-plans-journaux-de-la-marine-et-publiee-par-ordre-du-roi-pour-le-service-des\/","name":"BUACHE Jean-Nicolas Analyse de la carte g\u00e9n\u00e9rale de l'oc\u00e9an atlantique ou Occidental, dress\u00e9e au D\u00e9p\u00f4t des Cartes, Plans &amp; Journaux de la Marine, et publi\u00e9e par ordre du Roi, pour le service des Vaisseaux de Sa Majest\u00e9, sous le Minist\u00e8re de M. le Mar\u00e9chal de Castries, Ministre &amp; Secr\u00e9taire d'\u00c9tat ayant le d\u00e9partement de la Marine &amp; des Colonies, en 1786. - Libairie Clavreuil","isPartOf":{"@id":"https:\/\/clavreuil-wordpress.logiciel-arteo.fr\/#website"},"primaryImageOfPage":{"@id":"https:\/\/clavreuil-wordpress.logiciel-arteo.fr\/en\/buache-jean-nicolas-analyse-de-la-carte-generale-de-locean-atlantique-ou-occidental-dressee-au-depot-des-cartes-plans-journaux-de-la-marine-et-publiee-par-ordre-du-roi-pour-le-service-des\/#primaryimage"},"image":{"@id":"https:\/\/clavreuil-wordpress.logiciel-arteo.fr\/en\/buache-jean-nicolas-analyse-de-la-carte-generale-de-locean-atlantique-ou-occidental-dressee-au-depot-des-cartes-plans-journaux-de-la-marine-et-publiee-par-ordre-du-roi-pour-le-service-des\/#primaryimage"},"thumbnailUrl":"https:\/\/clavreuil-wordpress.logiciel-arteo.fr\/wp-content\/uploads\/2024\/04\/jean-nicolas-buache-analyse-de-la-carte-generale-de-l-ocean-atlantique-ou-occidental-dressee-au-depot-des-cartes-plans-journaux-de-la-marine-et-publie-scaled.jpg","datePublished":"2024-04-24T13:27:42+00:00","dateModified":"2024-04-24T13:28:16+00:00","breadcrumb":{"@id":"https:\/\/clavreuil-wordpress.logiciel-arteo.fr\/en\/buache-jean-nicolas-analyse-de-la-carte-generale-de-locean-atlantique-ou-occidental-dressee-au-depot-des-cartes-plans-journaux-de-la-marine-et-publiee-par-ordre-du-roi-pour-le-service-des\/#breadcrumb"},"inLanguage":"en-US","potentialAction":[{"@type":"ReadAction","target":["https:\/\/clavreuil-wordpress.logiciel-arteo.fr\/en\/buache-jean-nicolas-analyse-de-la-carte-generale-de-locean-atlantique-ou-occidental-dressee-au-depot-des-cartes-plans-journaux-de-la-marine-et-publiee-par-ordre-du-roi-pour-le-service-des\/"]}]},{"@type":"ImageObject","inLanguage":"en-US","@id":"https:\/\/clavreuil-wordpress.logiciel-arteo.fr\/en\/buache-jean-nicolas-analyse-de-la-carte-generale-de-locean-atlantique-ou-occidental-dressee-au-depot-des-cartes-plans-journaux-de-la-marine-et-publiee-par-ordre-du-roi-pour-le-service-des\/#primaryimage","url":"https:\/\/clavreuil-wordpress.logiciel-arteo.fr\/wp-content\/uploads\/2024\/04\/jean-nicolas-buache-analyse-de-la-carte-generale-de-l-ocean-atlantique-ou-occidental-dressee-au-depot-des-cartes-plans-journaux-de-la-marine-et-publie-scaled.jpg","contentUrl":"https:\/\/clavreuil-wordpress.logiciel-arteo.fr\/wp-content\/uploads\/2024\/04\/jean-nicolas-buache-analyse-de-la-carte-generale-de-l-ocean-atlantique-ou-occidental-dressee-au-depot-des-cartes-plans-journaux-de-la-marine-et-publie-scaled.jpg","width":1920,"height":2560},{"@type":"BreadcrumbList","@id":"https:\/\/clavreuil-wordpress.logiciel-arteo.fr\/en\/buache-jean-nicolas-analyse-de-la-carte-generale-de-locean-atlantique-ou-occidental-dressee-au-depot-des-cartes-plans-journaux-de-la-marine-et-publiee-par-ordre-du-roi-pour-le-service-des\/#breadcrumb","itemListElement":[{"@type":"ListItem","position":1,"name":"Accueil","item":"https:\/\/clavreuil-wordpress.logiciel-arteo.fr\/"},{"@type":"ListItem","position":2,"name":"All our books","item":"https:\/\/clavreuil-wordpress.logiciel-arteo.fr\/en\/all-our-books\/"},{"@type":"ListItem","position":3,"name":"BUACHE Jean-Nicolas Analyse de la carte g\u00e9n\u00e9rale de..."}]},{"@type":"WebSite","@id":"https:\/\/clavreuil-wordpress.logiciel-arteo.fr\/#website","url":"https:\/\/clavreuil-wordpress.logiciel-arteo.fr\/","name":"Libairie Clavreuil","description":"","publisher":{"@id":"https:\/\/clavreuil-wordpress.logiciel-arteo.fr\/#organization"},"potentialAction":[{"@type":"SearchAction","target":{"@type":"EntryPoint","urlTemplate":"https:\/\/clavreuil-wordpress.logiciel-arteo.fr\/?s={search_term_string}"},"query-input":{"@type":"PropertyValueSpecification","valueRequired":true,"valueName":"search_term_string"}}],"inLanguage":"en-US"},{"@type":"Organization","@id":"https:\/\/clavreuil-wordpress.logiciel-arteo.fr\/#organization","name":"Libairie Clavreuil","url":"https:\/\/clavreuil-wordpress.logiciel-arteo.fr\/","logo":{"@type":"ImageObject","inLanguage":"en-US","@id":"https:\/\/clavreuil-wordpress.logiciel-arteo.fr\/#\/schema\/logo\/image\/","url":"https:\/\/clavreuil-wordpress.logiciel-arteo.fr\/wp-content\/uploads\/2021\/05\/LOGO_PNG_DATE-_gold.png","contentUrl":"https:\/\/clavreuil-wordpress.logiciel-arteo.fr\/wp-content\/uploads\/2021\/05\/LOGO_PNG_DATE-_gold.png","width":2083,"height":1917,"caption":"Libairie Clavreuil"},"image":{"@id":"https:\/\/clavreuil-wordpress.logiciel-arteo.fr\/#\/schema\/logo\/image\/"}}]}},"_links":{"self":[{"href":"https:\/\/clavreuil-wordpress.logiciel-arteo.fr\/en\/wp-json\/wp\/v2\/product\/75275","targetHints":{"allow":["GET"]}}],"collection":[{"href":"https:\/\/clavreuil-wordpress.logiciel-arteo.fr\/en\/wp-json\/wp\/v2\/product"}],"about":[{"href":"https:\/\/clavreuil-wordpress.logiciel-arteo.fr\/en\/wp-json\/wp\/v2\/types\/product"}],"replies":[{"embeddable":true,"href":"https:\/\/clavreuil-wordpress.logiciel-arteo.fr\/en\/wp-json\/wp\/v2\/comments?post=75275"}],"wp:featuredmedia":[{"embeddable":true,"href":"https:\/\/clavreuil-wordpress.logiciel-arteo.fr\/en\/wp-json\/wp\/v2\/media\/75270"}],"wp:attachment":[{"href":"https:\/\/clavreuil-wordpress.logiciel-arteo.fr\/en\/wp-json\/wp\/v2\/media?parent=75275"}],"wp:term":[{"taxonomy":"product_brand","embeddable":true,"href":"https:\/\/clavreuil-wordpress.logiciel-arteo.fr\/en\/wp-json\/wp\/v2\/product_brand?post=75275"},{"taxonomy":"product_cat","embeddable":true,"href":"https:\/\/clavreuil-wordpress.logiciel-arteo.fr\/en\/wp-json\/wp\/v2\/product_cat?post=75275"},{"taxonomy":"product_tag","embeddable":true,"href":"https:\/\/clavreuil-wordpress.logiciel-arteo.fr\/en\/wp-json\/wp\/v2\/product_tag?post=75275"}],"curies":[{"name":"wp","href":"https:\/\/api.w.org\/{rel}","templated":true}]}}