{"id":75301,"date":"2024-04-24T15:30:28","date_gmt":"2024-04-24T13:30:28","guid":{"rendered":"https:\/\/clavreuil-wordpress.logiciel-arteo.fr\/macaulay-zachary-haiti-ou-renseignements-authentiques-sur-labolition-de-lesclavage-et-ses-resultats-a-saint-domingue-et-a-la-guadeloupe-avec-des-details-sur-letat-actuel-dhaiti-et-des-noirs\/"},"modified":"2024-04-24T15:30:58","modified_gmt":"2024-04-24T13:30:58","slug":"macaulay-zachary-haiti-ou-renseignements-authentiques-sur-labolition-de-lesclavage-et-ses-resultats-a-saint-domingue-et-a-la-guadeloupe-avec-des-details-sur-letat-actuel-dhaiti-et-des-noirs","status":"publish","type":"product","link":"https:\/\/clavreuil-wordpress.logiciel-arteo.fr\/en\/macaulay-zachary-haiti-ou-renseignements-authentiques-sur-labolition-de-lesclavage-et-ses-resultats-a-saint-domingue-et-a-la-guadeloupe-avec-des-details-sur-letat-actuel-dhaiti-et-des-noirs\/","title":{"rendered":"MACAULAY Zachary Ha\u00efti, ou renseignements authentiques sur l&#8217;abolition..."},"content":{"rendered":"<p style=\"text-align:justify\"><em>Sabin, 42952.<\/em><\/p>\n<p style=\"text-align:justify\">First edition of the French translation.<\/p>\n<p style=\"text-align:justify\">It is dedicated to the Duc de Broglie, President of the Society for the Abolition of Slavery. Zachary Macaulay (1768-1838) was, along with William Wilberforce, a leading figure in the Society for the Abolition of the Slave Trade, and one of the principal figures in the public campaign against the slave trade. This collection of English documents on emancipation was intended to dispel the fears caused by &quot;false accounts&#8230; of the disastrous consequences&quot; of the abolition of slavery, recently abolished on 1 August 1834.<\/p>\n<p style=\"text-align:justify\">A fine copy.<\/p>\n","protected":false},"excerpt":{"rendered":"<p>8vo (203 x 126 mm) 2 nn.ll., IV, 207 pp. Modern red half-morocco.<\/p>\n","protected":false},"featured_media":75296,"comment_status":"open","ping_status":"closed","template":"","meta":{"_acf_changed":false},"product_brand":[],"product_cat":[552],"product_tag":[1363,1366],"class_list":{"0":"post-75301","1":"product","2":"type-product","3":"status-publish","4":"has-post-thumbnail","6":"product_cat-travel","7":"product_tag-caribbean","8":"product_tag-slavery","9":"pa_auteur-zachary-macaulay-2","10":"pa_type-de-livre-printed-book","12":"first","13":"instock","14":"shipping-taxable","15":"purchasable","16":"product-type-simple"},"acf":[],"yoast_head":"<!-- This site is optimized with the Yoast SEO plugin v24.3 - https:\/\/yoast.com\/wordpress\/plugins\/seo\/ -->\n<title>MACAULAY Zachary Ha\u00efti, ou renseignements authentiques sur l&#039;abolition de l&#039;esclavage et ses r\u00e9sultats \u00e0 Saint-Domingue et \u00e0 la Guadeloupe, avec des d\u00e9tails sur l&#039;\u00e9tat actuel d&#039;Ha\u00efti et des Noirs \u00e9mancip\u00e9s qui forment sa population. Traduit de l&#039;anglais. - Libairie Clavreuil<\/title>\n<meta name=\"robots\" content=\"noindex, follow, max-snippet:-1, max-image-preview:large, max-video-preview:-1\" \/>\n<meta property=\"og:locale\" content=\"en_US\" \/>\n<meta property=\"og:type\" content=\"article\" \/>\n<meta property=\"og:title\" content=\"MACAULAY Zachary Ha\u00efti, ou renseignements authentiques sur l&#039;abolition de l&#039;esclavage et ses r\u00e9sultats \u00e0 Saint-Domingue et \u00e0 la Guadeloupe, avec des d\u00e9tails sur l&#039;\u00e9tat actuel d&#039;Ha\u00efti et des Noirs \u00e9mancip\u00e9s qui forment sa population. Traduit de l&#039;anglais. - Libairie Clavreuil\" \/>\n<meta property=\"og:description\" content=\"8vo (203 x 126 mm) 2 nn.ll., IV, 207 pp. Modern red half-morocco.\" \/>\n<meta property=\"og:url\" content=\"https:\/\/clavreuil-wordpress.logiciel-arteo.fr\/en\/macaulay-zachary-haiti-ou-renseignements-authentiques-sur-labolition-de-lesclavage-et-ses-resultats-a-saint-domingue-et-a-la-guadeloupe-avec-des-details-sur-letat-actuel-dhaiti-et-des-noirs\/\" \/>\n<meta property=\"og:site_name\" content=\"Libairie Clavreuil\" \/>\n<meta property=\"article:modified_time\" content=\"2024-04-24T13:30:58+00:00\" \/>\n<meta property=\"og:image\" content=\"https:\/\/clavreuil-wordpress.logiciel-arteo.fr\/wp-content\/uploads\/2024\/04\/zachary-macaulay-haiti-ou-renseignements-authentiques-sur-l-abolition-de-l-esclavage-et-ses-resultats-a-saint-domingue-et-a-la-guadeloupe-avec-des-det-scaled.jpg\" \/>\n\t<meta property=\"og:image:width\" content=\"1715\" \/>\n\t<meta property=\"og:image:height\" content=\"2560\" \/>\n\t<meta property=\"og:image:type\" content=\"image\/jpeg\" \/>\n<meta name=\"twitter:card\" content=\"summary_large_image\" \/>\n<script type=\"application\/ld+json\" class=\"yoast-schema-graph\">{\"@context\":\"https:\/\/schema.org\",\"@graph\":[{\"@type\":\"WebPage\",\"@id\":\"https:\/\/clavreuil-wordpress.logiciel-arteo.fr\/en\/macaulay-zachary-haiti-ou-renseignements-authentiques-sur-labolition-de-lesclavage-et-ses-resultats-a-saint-domingue-et-a-la-guadeloupe-avec-des-details-sur-letat-actuel-dhaiti-et-des-noirs\/\",\"url\":\"https:\/\/clavreuil-wordpress.logiciel-arteo.fr\/en\/macaulay-zachary-haiti-ou-renseignements-authentiques-sur-labolition-de-lesclavage-et-ses-resultats-a-saint-domingue-et-a-la-guadeloupe-avec-des-details-sur-letat-actuel-dhaiti-et-des-noirs\/\",\"name\":\"MACAULAY Zachary Ha\u00efti, ou renseignements authentiques sur l'abolition de l'esclavage et ses r\u00e9sultats \u00e0 Saint-Domingue et \u00e0 la Guadeloupe, avec des d\u00e9tails sur l'\u00e9tat actuel d'Ha\u00efti et des Noirs \u00e9mancip\u00e9s qui forment sa population. Traduit de l'anglais. - Libairie Clavreuil\",\"isPartOf\":{\"@id\":\"https:\/\/clavreuil-wordpress.logiciel-arteo.fr\/#website\"},\"primaryImageOfPage\":{\"@id\":\"https:\/\/clavreuil-wordpress.logiciel-arteo.fr\/en\/macaulay-zachary-haiti-ou-renseignements-authentiques-sur-labolition-de-lesclavage-et-ses-resultats-a-saint-domingue-et-a-la-guadeloupe-avec-des-details-sur-letat-actuel-dhaiti-et-des-noirs\/#primaryimage\"},\"image\":{\"@id\":\"https:\/\/clavreuil-wordpress.logiciel-arteo.fr\/en\/macaulay-zachary-haiti-ou-renseignements-authentiques-sur-labolition-de-lesclavage-et-ses-resultats-a-saint-domingue-et-a-la-guadeloupe-avec-des-details-sur-letat-actuel-dhaiti-et-des-noirs\/#primaryimage\"},\"thumbnailUrl\":\"https:\/\/clavreuil-wordpress.logiciel-arteo.fr\/wp-content\/uploads\/2024\/04\/zachary-macaulay-haiti-ou-renseignements-authentiques-sur-l-abolition-de-l-esclavage-et-ses-resultats-a-saint-domingue-et-a-la-guadeloupe-avec-des-det-scaled.jpg\",\"datePublished\":\"2024-04-24T13:30:28+00:00\",\"dateModified\":\"2024-04-24T13:30:58+00:00\",\"breadcrumb\":{\"@id\":\"https:\/\/clavreuil-wordpress.logiciel-arteo.fr\/en\/macaulay-zachary-haiti-ou-renseignements-authentiques-sur-labolition-de-lesclavage-et-ses-resultats-a-saint-domingue-et-a-la-guadeloupe-avec-des-details-sur-letat-actuel-dhaiti-et-des-noirs\/#breadcrumb\"},\"inLanguage\":\"en-US\",\"potentialAction\":[{\"@type\":\"ReadAction\",\"target\":[\"https:\/\/clavreuil-wordpress.logiciel-arteo.fr\/en\/macaulay-zachary-haiti-ou-renseignements-authentiques-sur-labolition-de-lesclavage-et-ses-resultats-a-saint-domingue-et-a-la-guadeloupe-avec-des-details-sur-letat-actuel-dhaiti-et-des-noirs\/\"]}]},{\"@type\":\"ImageObject\",\"inLanguage\":\"en-US\",\"@id\":\"https:\/\/clavreuil-wordpress.logiciel-arteo.fr\/en\/macaulay-zachary-haiti-ou-renseignements-authentiques-sur-labolition-de-lesclavage-et-ses-resultats-a-saint-domingue-et-a-la-guadeloupe-avec-des-details-sur-letat-actuel-dhaiti-et-des-noirs\/#primaryimage\",\"url\":\"https:\/\/clavreuil-wordpress.logiciel-arteo.fr\/wp-content\/uploads\/2024\/04\/zachary-macaulay-haiti-ou-renseignements-authentiques-sur-l-abolition-de-l-esclavage-et-ses-resultats-a-saint-domingue-et-a-la-guadeloupe-avec-des-det-scaled.jpg\",\"contentUrl\":\"https:\/\/clavreuil-wordpress.logiciel-arteo.fr\/wp-content\/uploads\/2024\/04\/zachary-macaulay-haiti-ou-renseignements-authentiques-sur-l-abolition-de-l-esclavage-et-ses-resultats-a-saint-domingue-et-a-la-guadeloupe-avec-des-det-scaled.jpg\",\"width\":1715,\"height\":2560},{\"@type\":\"BreadcrumbList\",\"@id\":\"https:\/\/clavreuil-wordpress.logiciel-arteo.fr\/en\/macaulay-zachary-haiti-ou-renseignements-authentiques-sur-labolition-de-lesclavage-et-ses-resultats-a-saint-domingue-et-a-la-guadeloupe-avec-des-details-sur-letat-actuel-dhaiti-et-des-noirs\/#breadcrumb\",\"itemListElement\":[{\"@type\":\"ListItem\",\"position\":1,\"name\":\"Accueil\",\"item\":\"https:\/\/clavreuil-wordpress.logiciel-arteo.fr\/\"},{\"@type\":\"ListItem\",\"position\":2,\"name\":\"All our books\",\"item\":\"https:\/\/clavreuil-wordpress.logiciel-arteo.fr\/en\/all-our-books\/\"},{\"@type\":\"ListItem\",\"position\":3,\"name\":\"MACAULAY Zachary Ha\u00efti, ou renseignements authentiques sur l&#8217;abolition...\"}]},{\"@type\":\"WebSite\",\"@id\":\"https:\/\/clavreuil-wordpress.logiciel-arteo.fr\/#website\",\"url\":\"https:\/\/clavreuil-wordpress.logiciel-arteo.fr\/\",\"name\":\"Libairie Clavreuil\",\"description\":\"\",\"publisher\":{\"@id\":\"https:\/\/clavreuil-wordpress.logiciel-arteo.fr\/#organization\"},\"potentialAction\":[{\"@type\":\"SearchAction\",\"target\":{\"@type\":\"EntryPoint\",\"urlTemplate\":\"https:\/\/clavreuil-wordpress.logiciel-arteo.fr\/?s={search_term_string}\"},\"query-input\":{\"@type\":\"PropertyValueSpecification\",\"valueRequired\":true,\"valueName\":\"search_term_string\"}}],\"inLanguage\":\"en-US\"},{\"@type\":\"Organization\",\"@id\":\"https:\/\/clavreuil-wordpress.logiciel-arteo.fr\/#organization\",\"name\":\"Libairie Clavreuil\",\"url\":\"https:\/\/clavreuil-wordpress.logiciel-arteo.fr\/\",\"logo\":{\"@type\":\"ImageObject\",\"inLanguage\":\"en-US\",\"@id\":\"https:\/\/clavreuil-wordpress.logiciel-arteo.fr\/#\/schema\/logo\/image\/\",\"url\":\"https:\/\/clavreuil-wordpress.logiciel-arteo.fr\/wp-content\/uploads\/2021\/05\/LOGO_PNG_DATE-_gold.png\",\"contentUrl\":\"https:\/\/clavreuil-wordpress.logiciel-arteo.fr\/wp-content\/uploads\/2021\/05\/LOGO_PNG_DATE-_gold.png\",\"width\":2083,\"height\":1917,\"caption\":\"Libairie Clavreuil\"},\"image\":{\"@id\":\"https:\/\/clavreuil-wordpress.logiciel-arteo.fr\/#\/schema\/logo\/image\/\"}}]}<\/script>\n<!-- \/ Yoast SEO plugin. -->","yoast_head_json":{"title":"MACAULAY Zachary Ha\u00efti, ou renseignements authentiques sur l'abolition de l'esclavage et ses r\u00e9sultats \u00e0 Saint-Domingue et \u00e0 la Guadeloupe, avec des d\u00e9tails sur l'\u00e9tat actuel d'Ha\u00efti et des Noirs \u00e9mancip\u00e9s qui forment sa population. Traduit de l'anglais. - Libairie Clavreuil","robots":{"index":"noindex","follow":"follow","max-snippet":"max-snippet:-1","max-image-preview":"max-image-preview:large","max-video-preview":"max-video-preview:-1"},"og_locale":"en_US","og_type":"article","og_title":"MACAULAY Zachary Ha\u00efti, ou renseignements authentiques sur l'abolition de l'esclavage et ses r\u00e9sultats \u00e0 Saint-Domingue et \u00e0 la Guadeloupe, avec des d\u00e9tails sur l'\u00e9tat actuel d'Ha\u00efti et des Noirs \u00e9mancip\u00e9s qui forment sa population. Traduit de l'anglais. - Libairie Clavreuil","og_description":"8vo (203 x 126 mm) 2 nn.ll., IV, 207 pp. Modern red half-morocco.","og_url":"https:\/\/clavreuil-wordpress.logiciel-arteo.fr\/en\/macaulay-zachary-haiti-ou-renseignements-authentiques-sur-labolition-de-lesclavage-et-ses-resultats-a-saint-domingue-et-a-la-guadeloupe-avec-des-details-sur-letat-actuel-dhaiti-et-des-noirs\/","og_site_name":"Libairie Clavreuil","article_modified_time":"2024-04-24T13:30:58+00:00","og_image":[{"width":1715,"height":2560,"url":"https:\/\/clavreuil-wordpress.logiciel-arteo.fr\/wp-content\/uploads\/2024\/04\/zachary-macaulay-haiti-ou-renseignements-authentiques-sur-l-abolition-de-l-esclavage-et-ses-resultats-a-saint-domingue-et-a-la-guadeloupe-avec-des-det-scaled.jpg","type":"image\/jpeg"}],"twitter_card":"summary_large_image","schema":{"@context":"https:\/\/schema.org","@graph":[{"@type":"WebPage","@id":"https:\/\/clavreuil-wordpress.logiciel-arteo.fr\/en\/macaulay-zachary-haiti-ou-renseignements-authentiques-sur-labolition-de-lesclavage-et-ses-resultats-a-saint-domingue-et-a-la-guadeloupe-avec-des-details-sur-letat-actuel-dhaiti-et-des-noirs\/","url":"https:\/\/clavreuil-wordpress.logiciel-arteo.fr\/en\/macaulay-zachary-haiti-ou-renseignements-authentiques-sur-labolition-de-lesclavage-et-ses-resultats-a-saint-domingue-et-a-la-guadeloupe-avec-des-details-sur-letat-actuel-dhaiti-et-des-noirs\/","name":"MACAULAY Zachary Ha\u00efti, ou renseignements authentiques sur l'abolition de l'esclavage et ses r\u00e9sultats \u00e0 Saint-Domingue et \u00e0 la Guadeloupe, avec des d\u00e9tails sur l'\u00e9tat actuel d'Ha\u00efti et des Noirs \u00e9mancip\u00e9s qui forment sa population. Traduit de l'anglais. - Libairie Clavreuil","isPartOf":{"@id":"https:\/\/clavreuil-wordpress.logiciel-arteo.fr\/#website"},"primaryImageOfPage":{"@id":"https:\/\/clavreuil-wordpress.logiciel-arteo.fr\/en\/macaulay-zachary-haiti-ou-renseignements-authentiques-sur-labolition-de-lesclavage-et-ses-resultats-a-saint-domingue-et-a-la-guadeloupe-avec-des-details-sur-letat-actuel-dhaiti-et-des-noirs\/#primaryimage"},"image":{"@id":"https:\/\/clavreuil-wordpress.logiciel-arteo.fr\/en\/macaulay-zachary-haiti-ou-renseignements-authentiques-sur-labolition-de-lesclavage-et-ses-resultats-a-saint-domingue-et-a-la-guadeloupe-avec-des-details-sur-letat-actuel-dhaiti-et-des-noirs\/#primaryimage"},"thumbnailUrl":"https:\/\/clavreuil-wordpress.logiciel-arteo.fr\/wp-content\/uploads\/2024\/04\/zachary-macaulay-haiti-ou-renseignements-authentiques-sur-l-abolition-de-l-esclavage-et-ses-resultats-a-saint-domingue-et-a-la-guadeloupe-avec-des-det-scaled.jpg","datePublished":"2024-04-24T13:30:28+00:00","dateModified":"2024-04-24T13:30:58+00:00","breadcrumb":{"@id":"https:\/\/clavreuil-wordpress.logiciel-arteo.fr\/en\/macaulay-zachary-haiti-ou-renseignements-authentiques-sur-labolition-de-lesclavage-et-ses-resultats-a-saint-domingue-et-a-la-guadeloupe-avec-des-details-sur-letat-actuel-dhaiti-et-des-noirs\/#breadcrumb"},"inLanguage":"en-US","potentialAction":[{"@type":"ReadAction","target":["https:\/\/clavreuil-wordpress.logiciel-arteo.fr\/en\/macaulay-zachary-haiti-ou-renseignements-authentiques-sur-labolition-de-lesclavage-et-ses-resultats-a-saint-domingue-et-a-la-guadeloupe-avec-des-details-sur-letat-actuel-dhaiti-et-des-noirs\/"]}]},{"@type":"ImageObject","inLanguage":"en-US","@id":"https:\/\/clavreuil-wordpress.logiciel-arteo.fr\/en\/macaulay-zachary-haiti-ou-renseignements-authentiques-sur-labolition-de-lesclavage-et-ses-resultats-a-saint-domingue-et-a-la-guadeloupe-avec-des-details-sur-letat-actuel-dhaiti-et-des-noirs\/#primaryimage","url":"https:\/\/clavreuil-wordpress.logiciel-arteo.fr\/wp-content\/uploads\/2024\/04\/zachary-macaulay-haiti-ou-renseignements-authentiques-sur-l-abolition-de-l-esclavage-et-ses-resultats-a-saint-domingue-et-a-la-guadeloupe-avec-des-det-scaled.jpg","contentUrl":"https:\/\/clavreuil-wordpress.logiciel-arteo.fr\/wp-content\/uploads\/2024\/04\/zachary-macaulay-haiti-ou-renseignements-authentiques-sur-l-abolition-de-l-esclavage-et-ses-resultats-a-saint-domingue-et-a-la-guadeloupe-avec-des-det-scaled.jpg","width":1715,"height":2560},{"@type":"BreadcrumbList","@id":"https:\/\/clavreuil-wordpress.logiciel-arteo.fr\/en\/macaulay-zachary-haiti-ou-renseignements-authentiques-sur-labolition-de-lesclavage-et-ses-resultats-a-saint-domingue-et-a-la-guadeloupe-avec-des-details-sur-letat-actuel-dhaiti-et-des-noirs\/#breadcrumb","itemListElement":[{"@type":"ListItem","position":1,"name":"Accueil","item":"https:\/\/clavreuil-wordpress.logiciel-arteo.fr\/"},{"@type":"ListItem","position":2,"name":"All our books","item":"https:\/\/clavreuil-wordpress.logiciel-arteo.fr\/en\/all-our-books\/"},{"@type":"ListItem","position":3,"name":"MACAULAY Zachary Ha\u00efti, ou renseignements authentiques sur l&#8217;abolition..."}]},{"@type":"WebSite","@id":"https:\/\/clavreuil-wordpress.logiciel-arteo.fr\/#website","url":"https:\/\/clavreuil-wordpress.logiciel-arteo.fr\/","name":"Libairie Clavreuil","description":"","publisher":{"@id":"https:\/\/clavreuil-wordpress.logiciel-arteo.fr\/#organization"},"potentialAction":[{"@type":"SearchAction","target":{"@type":"EntryPoint","urlTemplate":"https:\/\/clavreuil-wordpress.logiciel-arteo.fr\/?s={search_term_string}"},"query-input":{"@type":"PropertyValueSpecification","valueRequired":true,"valueName":"search_term_string"}}],"inLanguage":"en-US"},{"@type":"Organization","@id":"https:\/\/clavreuil-wordpress.logiciel-arteo.fr\/#organization","name":"Libairie Clavreuil","url":"https:\/\/clavreuil-wordpress.logiciel-arteo.fr\/","logo":{"@type":"ImageObject","inLanguage":"en-US","@id":"https:\/\/clavreuil-wordpress.logiciel-arteo.fr\/#\/schema\/logo\/image\/","url":"https:\/\/clavreuil-wordpress.logiciel-arteo.fr\/wp-content\/uploads\/2021\/05\/LOGO_PNG_DATE-_gold.png","contentUrl":"https:\/\/clavreuil-wordpress.logiciel-arteo.fr\/wp-content\/uploads\/2021\/05\/LOGO_PNG_DATE-_gold.png","width":2083,"height":1917,"caption":"Libairie Clavreuil"},"image":{"@id":"https:\/\/clavreuil-wordpress.logiciel-arteo.fr\/#\/schema\/logo\/image\/"}}]}},"_links":{"self":[{"href":"https:\/\/clavreuil-wordpress.logiciel-arteo.fr\/en\/wp-json\/wp\/v2\/product\/75301","targetHints":{"allow":["GET"]}}],"collection":[{"href":"https:\/\/clavreuil-wordpress.logiciel-arteo.fr\/en\/wp-json\/wp\/v2\/product"}],"about":[{"href":"https:\/\/clavreuil-wordpress.logiciel-arteo.fr\/en\/wp-json\/wp\/v2\/types\/product"}],"replies":[{"embeddable":true,"href":"https:\/\/clavreuil-wordpress.logiciel-arteo.fr\/en\/wp-json\/wp\/v2\/comments?post=75301"}],"wp:featuredmedia":[{"embeddable":true,"href":"https:\/\/clavreuil-wordpress.logiciel-arteo.fr\/en\/wp-json\/wp\/v2\/media\/75296"}],"wp:attachment":[{"href":"https:\/\/clavreuil-wordpress.logiciel-arteo.fr\/en\/wp-json\/wp\/v2\/media?parent=75301"}],"wp:term":[{"taxonomy":"product_brand","embeddable":true,"href":"https:\/\/clavreuil-wordpress.logiciel-arteo.fr\/en\/wp-json\/wp\/v2\/product_brand?post=75301"},{"taxonomy":"product_cat","embeddable":true,"href":"https:\/\/clavreuil-wordpress.logiciel-arteo.fr\/en\/wp-json\/wp\/v2\/product_cat?post=75301"},{"taxonomy":"product_tag","embeddable":true,"href":"https:\/\/clavreuil-wordpress.logiciel-arteo.fr\/en\/wp-json\/wp\/v2\/product_tag?post=75301"}],"curies":[{"name":"wp","href":"https:\/\/api.w.org\/{rel}","templated":true}]}}