{"id":75315,"date":"2024-04-24T15:31:59","date_gmt":"2024-04-24T13:31:59","guid":{"rendered":"https:\/\/clavreuil-wordpress.logiciel-arteo.fr\/herrera-y-tordesillas-antonio-de-histoire-general-des-voyages-et-conquestes-des-castillans-dans-les-isles-terre-ferme-des-indes-occidentales-traduite-de-lespagnol-par-n-de-la-coste-pre\/"},"modified":"2024-04-24T15:32:47","modified_gmt":"2024-04-24T13:32:47","slug":"herrera-y-tordesillas-antonio-de-histoire-general-des-voyages-et-conquestes-des-castillans-dans-les-isles-terre-ferme-des-indes-occidentales-traduite-de-lespagnol-par-n-de-la-coste-pre","status":"publish","type":"product","link":"https:\/\/clavreuil-wordpress.logiciel-arteo.fr\/en\/herrera-y-tordesillas-antonio-de-histoire-general-des-voyages-et-conquestes-des-castillans-dans-les-isles-terre-ferme-des-indes-occidentales-traduite-de-lespagnol-par-n-de-la-coste-pre\/","title":{"rendered":"HERRERA Y TORDESILLAS Antonio de Histoire g\u00e9n\u00e9ral des..."},"content":{"rendered":"<p><em>Sabin, 31548 &#8211; 31550; Alden-Landis, 660\/88; Borba de Moraes, I, 401; Palau, 114293.<\/em><\/p>\n<p>First edition of this first translation into French, volume one in the second issue with the renewed title page dated 1660 Complete copy, with the rare third and last volume, published by the widow after the translator&#039;s sudden death in 1666. Borba de Moraes, citing a similar copy, is insisting on its rarity : &quot;It is difficult to find all three volumes together&quot;. Even the copy of the famous bibliophile Count Hoym was composed in the same manner (see also the note by Palau).<\/p>\n<p>&quot;The three volumes having been published separately, with different titles, are rarely found together&quot; (Sabin).<\/p>\n<p>The <em>Histoire G&eacute;n&eacute;rale<\/em> is the most famous work of the Spanish historian Antonio de Herrera y Tordesillas (1549-1626). After completing his studies in Spain, Herrera left for Italy where he became secretary to Vespasien Gonzague (1531-1591) with whom he returned to Spain when the latter was appointed viceroy of Navarre. It was on Vespasien Gonzague&rsquo;s recommendation that Philip II hired Herrera as the first royal chronicler of the Indies. The Spanish edition comprises eight decades and extends from 1472 until 1554.<\/p>\n<p>&quot;L&#039;ouvrage d&#039;Herrera est pr&eacute;cieux : c&#039;est l&#039;histoire de la d&eacute;couverte et de la conqu&ecirc;te de l&#039;Am&eacute;rique espagnole la plus d&eacute;taill&eacute;e que nous ayons&quot; (Boucher de La Richardi&egrave;re, V, 493)<\/p>\n<p>The French version of Nicolas de La Coste was abruptly interrupted in the third decade (1526) by the death of the translator. Thanks to authentic sources his book is invaluable not only for the study of the history of the first Spanish colonies but it also contains important details concerning the institutions and customs of the peoples of the New World until then unknown. The work book gives details on the voyages of the great captains (Christopher Columbus, Americo Vespucci), and relates to major events: the discovery of the Rio de la Plata, the entry of Fernando Cortez into the new Spain with his battles, his entry into Mexico City , the discovery of the Philippines, etc.<\/p>\n<p>&quot;Herrera est de tous les auteurs espagnols celui qui a donn&eacute; le r&eacute;cit le plus exact et le plus circonstanci&eacute; de la conqu&ecirc;te du Mexique et des autres &eacute;v&eacute;nements de l&#039;Am&eacute;rique. Le soin avec lequel il a consult&eacute; non seulement les livres, mais les papiers originaux et les actes publics qui pouvaient jeter quelque lumi&egrave;re sur l&#039;objet de ses recherches, surtout l&#039;impartialit&eacute; et la candeur qu&#039;il a mises dans ses jugements, rendent ces d&eacute;cades fort pr&eacute;cieuses. On pourrait m&ecirc;me le placer parmi les meilleurs historiens de la nation&quot; (Hoefer).<\/p>\n<p>Very good copy, title page of volume II slightly shaved by the binder slightly touching the date.<\/p>\n<p>Provenance: Joseph-Antoine, marquis de Crozat (with his manuscript note on the verso of the title page &quot;ex Bibliotheca D. Crozat&quot;, sale of his collection, 1751, lot 3176).<\/p>\n","protected":false},"excerpt":{"rendered":"<p>3 volumes 4to (230 x 173 mm) 15 unn.ll., 776 pp., 12 unn.ll. for volume I; 12 unn.ll., 784 pp., 14 unn.ll. for volume II; 9 unn.ll., 790 pp., 6 unn.ll. for volume III; contemporary speckled calf, spines gilts with raised bands, red edges (expertly restored)<\/p>\n","protected":false},"featured_media":75310,"comment_status":"open","ping_status":"closed","template":"","meta":{"_acf_changed":false},"product_brand":[],"product_cat":[552],"product_tag":[1363,1393],"class_list":{"0":"post-75315","1":"product","2":"type-product","3":"status-publish","4":"has-post-thumbnail","6":"product_cat-travel","7":"product_tag-caribbean","8":"product_tag-spain","9":"pa_auteur-antonio-de-herrera-y-tordesillas-2","10":"pa_type-de-livre-printed-book","12":"first","13":"instock","14":"shipping-taxable","15":"purchasable","16":"product-type-simple"},"acf":[],"yoast_head":"<!-- This site is optimized with the Yoast SEO plugin v24.3 - https:\/\/yoast.com\/wordpress\/plugins\/seo\/ -->\n<title>HERRERA Y TORDESILLAS Antonio de Histoire g\u00e9n\u00e9ral des voyages et conquestes des Castillans, dans les isles &amp; terre-ferme des Indes Occidentales. Traduite de l&#039;espagnol... par N. de La Coste. Premi\u00e8re [- troisi\u00e8me] d\u00e9cade. - Libairie Clavreuil<\/title>\n<meta name=\"robots\" content=\"noindex, follow, max-snippet:-1, max-image-preview:large, max-video-preview:-1\" \/>\n<meta property=\"og:locale\" content=\"en_US\" \/>\n<meta property=\"og:type\" content=\"article\" \/>\n<meta property=\"og:title\" content=\"HERRERA Y TORDESILLAS Antonio de Histoire g\u00e9n\u00e9ral des voyages et conquestes des Castillans, dans les isles &amp; terre-ferme des Indes Occidentales. Traduite de l&#039;espagnol... par N. de La Coste. Premi\u00e8re [- troisi\u00e8me] d\u00e9cade. - Libairie Clavreuil\" \/>\n<meta property=\"og:description\" content=\"3 volumes 4to (230 x 173 mm) 15 unn.ll., 776 pp., 12 unn.ll. for volume I; 12 unn.ll., 784 pp., 14 unn.ll. for volume II; 9 unn.ll., 790 pp., 6 unn.ll. for volume III; contemporary speckled calf, spines gilts with raised bands, red edges (expertly restored)\" \/>\n<meta property=\"og:url\" content=\"https:\/\/clavreuil-wordpress.logiciel-arteo.fr\/en\/herrera-y-tordesillas-antonio-de-histoire-general-des-voyages-et-conquestes-des-castillans-dans-les-isles-terre-ferme-des-indes-occidentales-traduite-de-lespagnol-par-n-de-la-coste-pre\/\" \/>\n<meta property=\"og:site_name\" content=\"Libairie Clavreuil\" \/>\n<meta property=\"article:modified_time\" content=\"2024-04-24T13:32:47+00:00\" \/>\n<meta property=\"og:image\" content=\"https:\/\/clavreuil-wordpress.logiciel-arteo.fr\/wp-content\/uploads\/2024\/04\/antonio-de-herrera-y-tordesillas-histoire-general-des-voyages-et-conquestes-des-castillans-dans-les-isles-terre-ferme-des-indes-occidentales-traduite--scaled.jpg\" \/>\n\t<meta property=\"og:image:width\" content=\"1853\" \/>\n\t<meta property=\"og:image:height\" content=\"2560\" \/>\n\t<meta property=\"og:image:type\" content=\"image\/jpeg\" \/>\n<meta name=\"twitter:card\" content=\"summary_large_image\" \/>\n<meta name=\"twitter:label1\" content=\"Est. reading time\" \/>\n\t<meta name=\"twitter:data1\" content=\"3 minutes\" \/>\n<script type=\"application\/ld+json\" class=\"yoast-schema-graph\">{\"@context\":\"https:\/\/schema.org\",\"@graph\":[{\"@type\":\"WebPage\",\"@id\":\"https:\/\/clavreuil-wordpress.logiciel-arteo.fr\/en\/herrera-y-tordesillas-antonio-de-histoire-general-des-voyages-et-conquestes-des-castillans-dans-les-isles-terre-ferme-des-indes-occidentales-traduite-de-lespagnol-par-n-de-la-coste-pre\/\",\"url\":\"https:\/\/clavreuil-wordpress.logiciel-arteo.fr\/en\/herrera-y-tordesillas-antonio-de-histoire-general-des-voyages-et-conquestes-des-castillans-dans-les-isles-terre-ferme-des-indes-occidentales-traduite-de-lespagnol-par-n-de-la-coste-pre\/\",\"name\":\"HERRERA Y TORDESILLAS Antonio de Histoire g\u00e9n\u00e9ral des voyages et conquestes des Castillans, dans les isles &amp; terre-ferme des Indes Occidentales. Traduite de l'espagnol... par N. de La Coste. Premi\u00e8re [- troisi\u00e8me] d\u00e9cade. - Libairie Clavreuil\",\"isPartOf\":{\"@id\":\"https:\/\/clavreuil-wordpress.logiciel-arteo.fr\/#website\"},\"primaryImageOfPage\":{\"@id\":\"https:\/\/clavreuil-wordpress.logiciel-arteo.fr\/en\/herrera-y-tordesillas-antonio-de-histoire-general-des-voyages-et-conquestes-des-castillans-dans-les-isles-terre-ferme-des-indes-occidentales-traduite-de-lespagnol-par-n-de-la-coste-pre\/#primaryimage\"},\"image\":{\"@id\":\"https:\/\/clavreuil-wordpress.logiciel-arteo.fr\/en\/herrera-y-tordesillas-antonio-de-histoire-general-des-voyages-et-conquestes-des-castillans-dans-les-isles-terre-ferme-des-indes-occidentales-traduite-de-lespagnol-par-n-de-la-coste-pre\/#primaryimage\"},\"thumbnailUrl\":\"https:\/\/clavreuil-wordpress.logiciel-arteo.fr\/wp-content\/uploads\/2024\/04\/antonio-de-herrera-y-tordesillas-histoire-general-des-voyages-et-conquestes-des-castillans-dans-les-isles-terre-ferme-des-indes-occidentales-traduite--scaled.jpg\",\"datePublished\":\"2024-04-24T13:31:59+00:00\",\"dateModified\":\"2024-04-24T13:32:47+00:00\",\"breadcrumb\":{\"@id\":\"https:\/\/clavreuil-wordpress.logiciel-arteo.fr\/en\/herrera-y-tordesillas-antonio-de-histoire-general-des-voyages-et-conquestes-des-castillans-dans-les-isles-terre-ferme-des-indes-occidentales-traduite-de-lespagnol-par-n-de-la-coste-pre\/#breadcrumb\"},\"inLanguage\":\"en-US\",\"potentialAction\":[{\"@type\":\"ReadAction\",\"target\":[\"https:\/\/clavreuil-wordpress.logiciel-arteo.fr\/en\/herrera-y-tordesillas-antonio-de-histoire-general-des-voyages-et-conquestes-des-castillans-dans-les-isles-terre-ferme-des-indes-occidentales-traduite-de-lespagnol-par-n-de-la-coste-pre\/\"]}]},{\"@type\":\"ImageObject\",\"inLanguage\":\"en-US\",\"@id\":\"https:\/\/clavreuil-wordpress.logiciel-arteo.fr\/en\/herrera-y-tordesillas-antonio-de-histoire-general-des-voyages-et-conquestes-des-castillans-dans-les-isles-terre-ferme-des-indes-occidentales-traduite-de-lespagnol-par-n-de-la-coste-pre\/#primaryimage\",\"url\":\"https:\/\/clavreuil-wordpress.logiciel-arteo.fr\/wp-content\/uploads\/2024\/04\/antonio-de-herrera-y-tordesillas-histoire-general-des-voyages-et-conquestes-des-castillans-dans-les-isles-terre-ferme-des-indes-occidentales-traduite--scaled.jpg\",\"contentUrl\":\"https:\/\/clavreuil-wordpress.logiciel-arteo.fr\/wp-content\/uploads\/2024\/04\/antonio-de-herrera-y-tordesillas-histoire-general-des-voyages-et-conquestes-des-castillans-dans-les-isles-terre-ferme-des-indes-occidentales-traduite--scaled.jpg\",\"width\":1853,\"height\":2560},{\"@type\":\"BreadcrumbList\",\"@id\":\"https:\/\/clavreuil-wordpress.logiciel-arteo.fr\/en\/herrera-y-tordesillas-antonio-de-histoire-general-des-voyages-et-conquestes-des-castillans-dans-les-isles-terre-ferme-des-indes-occidentales-traduite-de-lespagnol-par-n-de-la-coste-pre\/#breadcrumb\",\"itemListElement\":[{\"@type\":\"ListItem\",\"position\":1,\"name\":\"Accueil\",\"item\":\"https:\/\/clavreuil-wordpress.logiciel-arteo.fr\/\"},{\"@type\":\"ListItem\",\"position\":2,\"name\":\"All our books\",\"item\":\"https:\/\/clavreuil-wordpress.logiciel-arteo.fr\/en\/all-our-books\/\"},{\"@type\":\"ListItem\",\"position\":3,\"name\":\"HERRERA Y TORDESILLAS Antonio de Histoire g\u00e9n\u00e9ral des...\"}]},{\"@type\":\"WebSite\",\"@id\":\"https:\/\/clavreuil-wordpress.logiciel-arteo.fr\/#website\",\"url\":\"https:\/\/clavreuil-wordpress.logiciel-arteo.fr\/\",\"name\":\"Libairie Clavreuil\",\"description\":\"\",\"publisher\":{\"@id\":\"https:\/\/clavreuil-wordpress.logiciel-arteo.fr\/#organization\"},\"potentialAction\":[{\"@type\":\"SearchAction\",\"target\":{\"@type\":\"EntryPoint\",\"urlTemplate\":\"https:\/\/clavreuil-wordpress.logiciel-arteo.fr\/?s={search_term_string}\"},\"query-input\":{\"@type\":\"PropertyValueSpecification\",\"valueRequired\":true,\"valueName\":\"search_term_string\"}}],\"inLanguage\":\"en-US\"},{\"@type\":\"Organization\",\"@id\":\"https:\/\/clavreuil-wordpress.logiciel-arteo.fr\/#organization\",\"name\":\"Libairie Clavreuil\",\"url\":\"https:\/\/clavreuil-wordpress.logiciel-arteo.fr\/\",\"logo\":{\"@type\":\"ImageObject\",\"inLanguage\":\"en-US\",\"@id\":\"https:\/\/clavreuil-wordpress.logiciel-arteo.fr\/#\/schema\/logo\/image\/\",\"url\":\"https:\/\/clavreuil-wordpress.logiciel-arteo.fr\/wp-content\/uploads\/2021\/05\/LOGO_PNG_DATE-_gold.png\",\"contentUrl\":\"https:\/\/clavreuil-wordpress.logiciel-arteo.fr\/wp-content\/uploads\/2021\/05\/LOGO_PNG_DATE-_gold.png\",\"width\":2083,\"height\":1917,\"caption\":\"Libairie Clavreuil\"},\"image\":{\"@id\":\"https:\/\/clavreuil-wordpress.logiciel-arteo.fr\/#\/schema\/logo\/image\/\"}}]}<\/script>\n<!-- \/ Yoast SEO plugin. -->","yoast_head_json":{"title":"HERRERA Y TORDESILLAS Antonio de Histoire g\u00e9n\u00e9ral des voyages et conquestes des Castillans, dans les isles &amp; terre-ferme des Indes Occidentales. Traduite de l'espagnol... par N. de La Coste. Premi\u00e8re [- troisi\u00e8me] d\u00e9cade. - Libairie Clavreuil","robots":{"index":"noindex","follow":"follow","max-snippet":"max-snippet:-1","max-image-preview":"max-image-preview:large","max-video-preview":"max-video-preview:-1"},"og_locale":"en_US","og_type":"article","og_title":"HERRERA Y TORDESILLAS Antonio de Histoire g\u00e9n\u00e9ral des voyages et conquestes des Castillans, dans les isles &amp; terre-ferme des Indes Occidentales. Traduite de l'espagnol... par N. de La Coste. Premi\u00e8re [- troisi\u00e8me] d\u00e9cade. - Libairie Clavreuil","og_description":"3 volumes 4to (230 x 173 mm) 15 unn.ll., 776 pp., 12 unn.ll. for volume I; 12 unn.ll., 784 pp., 14 unn.ll. for volume II; 9 unn.ll., 790 pp., 6 unn.ll. for volume III; contemporary speckled calf, spines gilts with raised bands, red edges (expertly restored)","og_url":"https:\/\/clavreuil-wordpress.logiciel-arteo.fr\/en\/herrera-y-tordesillas-antonio-de-histoire-general-des-voyages-et-conquestes-des-castillans-dans-les-isles-terre-ferme-des-indes-occidentales-traduite-de-lespagnol-par-n-de-la-coste-pre\/","og_site_name":"Libairie Clavreuil","article_modified_time":"2024-04-24T13:32:47+00:00","og_image":[{"width":1853,"height":2560,"url":"https:\/\/clavreuil-wordpress.logiciel-arteo.fr\/wp-content\/uploads\/2024\/04\/antonio-de-herrera-y-tordesillas-histoire-general-des-voyages-et-conquestes-des-castillans-dans-les-isles-terre-ferme-des-indes-occidentales-traduite--scaled.jpg","type":"image\/jpeg"}],"twitter_card":"summary_large_image","twitter_misc":{"Est. reading time":"3 minutes"},"schema":{"@context":"https:\/\/schema.org","@graph":[{"@type":"WebPage","@id":"https:\/\/clavreuil-wordpress.logiciel-arteo.fr\/en\/herrera-y-tordesillas-antonio-de-histoire-general-des-voyages-et-conquestes-des-castillans-dans-les-isles-terre-ferme-des-indes-occidentales-traduite-de-lespagnol-par-n-de-la-coste-pre\/","url":"https:\/\/clavreuil-wordpress.logiciel-arteo.fr\/en\/herrera-y-tordesillas-antonio-de-histoire-general-des-voyages-et-conquestes-des-castillans-dans-les-isles-terre-ferme-des-indes-occidentales-traduite-de-lespagnol-par-n-de-la-coste-pre\/","name":"HERRERA Y TORDESILLAS Antonio de Histoire g\u00e9n\u00e9ral des voyages et conquestes des Castillans, dans les isles &amp; terre-ferme des Indes Occidentales. Traduite de l'espagnol... par N. de La Coste. Premi\u00e8re [- troisi\u00e8me] d\u00e9cade. - Libairie Clavreuil","isPartOf":{"@id":"https:\/\/clavreuil-wordpress.logiciel-arteo.fr\/#website"},"primaryImageOfPage":{"@id":"https:\/\/clavreuil-wordpress.logiciel-arteo.fr\/en\/herrera-y-tordesillas-antonio-de-histoire-general-des-voyages-et-conquestes-des-castillans-dans-les-isles-terre-ferme-des-indes-occidentales-traduite-de-lespagnol-par-n-de-la-coste-pre\/#primaryimage"},"image":{"@id":"https:\/\/clavreuil-wordpress.logiciel-arteo.fr\/en\/herrera-y-tordesillas-antonio-de-histoire-general-des-voyages-et-conquestes-des-castillans-dans-les-isles-terre-ferme-des-indes-occidentales-traduite-de-lespagnol-par-n-de-la-coste-pre\/#primaryimage"},"thumbnailUrl":"https:\/\/clavreuil-wordpress.logiciel-arteo.fr\/wp-content\/uploads\/2024\/04\/antonio-de-herrera-y-tordesillas-histoire-general-des-voyages-et-conquestes-des-castillans-dans-les-isles-terre-ferme-des-indes-occidentales-traduite--scaled.jpg","datePublished":"2024-04-24T13:31:59+00:00","dateModified":"2024-04-24T13:32:47+00:00","breadcrumb":{"@id":"https:\/\/clavreuil-wordpress.logiciel-arteo.fr\/en\/herrera-y-tordesillas-antonio-de-histoire-general-des-voyages-et-conquestes-des-castillans-dans-les-isles-terre-ferme-des-indes-occidentales-traduite-de-lespagnol-par-n-de-la-coste-pre\/#breadcrumb"},"inLanguage":"en-US","potentialAction":[{"@type":"ReadAction","target":["https:\/\/clavreuil-wordpress.logiciel-arteo.fr\/en\/herrera-y-tordesillas-antonio-de-histoire-general-des-voyages-et-conquestes-des-castillans-dans-les-isles-terre-ferme-des-indes-occidentales-traduite-de-lespagnol-par-n-de-la-coste-pre\/"]}]},{"@type":"ImageObject","inLanguage":"en-US","@id":"https:\/\/clavreuil-wordpress.logiciel-arteo.fr\/en\/herrera-y-tordesillas-antonio-de-histoire-general-des-voyages-et-conquestes-des-castillans-dans-les-isles-terre-ferme-des-indes-occidentales-traduite-de-lespagnol-par-n-de-la-coste-pre\/#primaryimage","url":"https:\/\/clavreuil-wordpress.logiciel-arteo.fr\/wp-content\/uploads\/2024\/04\/antonio-de-herrera-y-tordesillas-histoire-general-des-voyages-et-conquestes-des-castillans-dans-les-isles-terre-ferme-des-indes-occidentales-traduite--scaled.jpg","contentUrl":"https:\/\/clavreuil-wordpress.logiciel-arteo.fr\/wp-content\/uploads\/2024\/04\/antonio-de-herrera-y-tordesillas-histoire-general-des-voyages-et-conquestes-des-castillans-dans-les-isles-terre-ferme-des-indes-occidentales-traduite--scaled.jpg","width":1853,"height":2560},{"@type":"BreadcrumbList","@id":"https:\/\/clavreuil-wordpress.logiciel-arteo.fr\/en\/herrera-y-tordesillas-antonio-de-histoire-general-des-voyages-et-conquestes-des-castillans-dans-les-isles-terre-ferme-des-indes-occidentales-traduite-de-lespagnol-par-n-de-la-coste-pre\/#breadcrumb","itemListElement":[{"@type":"ListItem","position":1,"name":"Accueil","item":"https:\/\/clavreuil-wordpress.logiciel-arteo.fr\/"},{"@type":"ListItem","position":2,"name":"All our books","item":"https:\/\/clavreuil-wordpress.logiciel-arteo.fr\/en\/all-our-books\/"},{"@type":"ListItem","position":3,"name":"HERRERA Y TORDESILLAS Antonio de Histoire g\u00e9n\u00e9ral des..."}]},{"@type":"WebSite","@id":"https:\/\/clavreuil-wordpress.logiciel-arteo.fr\/#website","url":"https:\/\/clavreuil-wordpress.logiciel-arteo.fr\/","name":"Libairie Clavreuil","description":"","publisher":{"@id":"https:\/\/clavreuil-wordpress.logiciel-arteo.fr\/#organization"},"potentialAction":[{"@type":"SearchAction","target":{"@type":"EntryPoint","urlTemplate":"https:\/\/clavreuil-wordpress.logiciel-arteo.fr\/?s={search_term_string}"},"query-input":{"@type":"PropertyValueSpecification","valueRequired":true,"valueName":"search_term_string"}}],"inLanguage":"en-US"},{"@type":"Organization","@id":"https:\/\/clavreuil-wordpress.logiciel-arteo.fr\/#organization","name":"Libairie Clavreuil","url":"https:\/\/clavreuil-wordpress.logiciel-arteo.fr\/","logo":{"@type":"ImageObject","inLanguage":"en-US","@id":"https:\/\/clavreuil-wordpress.logiciel-arteo.fr\/#\/schema\/logo\/image\/","url":"https:\/\/clavreuil-wordpress.logiciel-arteo.fr\/wp-content\/uploads\/2021\/05\/LOGO_PNG_DATE-_gold.png","contentUrl":"https:\/\/clavreuil-wordpress.logiciel-arteo.fr\/wp-content\/uploads\/2021\/05\/LOGO_PNG_DATE-_gold.png","width":2083,"height":1917,"caption":"Libairie Clavreuil"},"image":{"@id":"https:\/\/clavreuil-wordpress.logiciel-arteo.fr\/#\/schema\/logo\/image\/"}}]}},"_links":{"self":[{"href":"https:\/\/clavreuil-wordpress.logiciel-arteo.fr\/en\/wp-json\/wp\/v2\/product\/75315","targetHints":{"allow":["GET"]}}],"collection":[{"href":"https:\/\/clavreuil-wordpress.logiciel-arteo.fr\/en\/wp-json\/wp\/v2\/product"}],"about":[{"href":"https:\/\/clavreuil-wordpress.logiciel-arteo.fr\/en\/wp-json\/wp\/v2\/types\/product"}],"replies":[{"embeddable":true,"href":"https:\/\/clavreuil-wordpress.logiciel-arteo.fr\/en\/wp-json\/wp\/v2\/comments?post=75315"}],"wp:featuredmedia":[{"embeddable":true,"href":"https:\/\/clavreuil-wordpress.logiciel-arteo.fr\/en\/wp-json\/wp\/v2\/media\/75310"}],"wp:attachment":[{"href":"https:\/\/clavreuil-wordpress.logiciel-arteo.fr\/en\/wp-json\/wp\/v2\/media?parent=75315"}],"wp:term":[{"taxonomy":"product_brand","embeddable":true,"href":"https:\/\/clavreuil-wordpress.logiciel-arteo.fr\/en\/wp-json\/wp\/v2\/product_brand?post=75315"},{"taxonomy":"product_cat","embeddable":true,"href":"https:\/\/clavreuil-wordpress.logiciel-arteo.fr\/en\/wp-json\/wp\/v2\/product_cat?post=75315"},{"taxonomy":"product_tag","embeddable":true,"href":"https:\/\/clavreuil-wordpress.logiciel-arteo.fr\/en\/wp-json\/wp\/v2\/product_tag?post=75315"}],"curies":[{"name":"wp","href":"https:\/\/api.w.org\/{rel}","templated":true}]}}