{"id":75323,"date":"2024-04-24T15:32:58","date_gmt":"2024-04-24T13:32:58","guid":{"rendered":"https:\/\/clavreuil-wordpress.logiciel-arteo.fr\/las-casas-barthelemy-la-decouverte-des-indes-occidentales-par-les-espagnols-ecrite-par-dom-balthazar-de-las-casas-eveque-de-chiapa-dedie-a-monseigneur-le-comte-de-toulouse\/"},"modified":"2024-04-24T15:33:32","modified_gmt":"2024-04-24T13:33:32","slug":"las-casas-barthelemy-la-decouverte-des-indes-occidentales-par-les-espagnols-ecrite-par-dom-balthazar-de-las-casas-eveque-de-chiapa-dedie-a-monseigneur-le-comte-de-toulouse","status":"publish","type":"product","link":"https:\/\/clavreuil-wordpress.logiciel-arteo.fr\/en\/las-casas-barthelemy-la-decouverte-des-indes-occidentales-par-les-espagnols-ecrite-par-dom-balthazar-de-las-casas-eveque-de-chiapa-dedie-a-monseigneur-le-comte-de-toulouse\/","title":{"rendered":"LAS CASAS Barth\u00e9l\u00e9my La D\u00e9couverte des Indes Occidentales,..."},"content":{"rendered":"<p style=\"text-align:justify\"><em>Sabin, 11273 ; Medina (BHA), 1085 ; Streit, I, 733 ; Palau, 46966 ; JCB (4), 344-345 ; Leclerc (1878), 337 ; Alden, 697\/33.<\/em><\/p>\n<p style=\"text-align:justify\">First edition of the French translation. This work presents, in the version of Abb&eacute; Jean Baptiste Morvan de Bellegarde, six of the nine treatises published by Bartolom&eacute; de Las Casas (1474-1566) under the title <em>Brevissima relaci&oacute;n<\/em> (Seville, 1553). Las Casas wrote this work to defend himself against the accusations levelled against him by the Spanish colonisers of the New World, who were hostile to his pro-Indian stance. The author took the opportunity to denounce a model of colonisation based on violence and plunder.<\/p>\n<p style=\"text-align:justify\">His memoir was so influential that it led to the abolition of the &quot;encomiendas&quot;, a system of land distribution which, under the guise of conversion and assistance to the Indians, legalised the most appalling form of slavery. It was in Las Casas&#039; work that the &quot;good savage&quot; first appeared, and it was through missionary apologetics that he was to influence Jean-Jacques Rousseau and the whole ideology of the 19th century. The frontispiece engraved by Giffart fils shows Hern&aacute;n Cort&eacute;s and Montezuma surrounded by Indians.<\/p>\n<p style=\"text-align:justify\">A pleasant copy.<\/p>\n","protected":false},"excerpt":{"rendered":"<p>12mo (165 x 91 mm) engraved frontispiece, 5 nn.ll., 382 pp., 1 nn.l. Contemporary calf, spine gilt with raised bands, red speckled edges (some expert restorations).<\/p>\n","protected":false},"featured_media":75316,"comment_status":"open","ping_status":"closed","template":"","meta":{"_acf_changed":false},"product_brand":[],"product_cat":[552],"product_tag":[1369],"class_list":{"0":"post-75323","1":"product","2":"type-product","3":"status-publish","4":"has-post-thumbnail","6":"product_cat-travel","7":"product_tag-mexico","8":"pa_auteur-barthelemy-las-casas-2","9":"pa_type-de-livre-printed-book","11":"first","12":"instock","13":"shipping-taxable","14":"purchasable","15":"product-type-simple"},"acf":[],"yoast_head":"<!-- This site is optimized with the Yoast SEO plugin v24.3 - https:\/\/yoast.com\/wordpress\/plugins\/seo\/ -->\n<title>LAS CASAS Barth\u00e9l\u00e9my La D\u00e9couverte des Indes Occidentales, par les Espagnols. Ecrite par Dom Balthazar de Las-Casas, Ev\u00eaque de Chiapa. D\u00e9di\u00e9 \u00e0 Monseigneur le Comte de Toulouse. - Libairie Clavreuil<\/title>\n<meta name=\"robots\" content=\"noindex, follow, max-snippet:-1, max-image-preview:large, max-video-preview:-1\" \/>\n<meta property=\"og:locale\" content=\"en_US\" \/>\n<meta property=\"og:type\" content=\"article\" \/>\n<meta property=\"og:title\" content=\"LAS CASAS Barth\u00e9l\u00e9my La D\u00e9couverte des Indes Occidentales, par les Espagnols. Ecrite par Dom Balthazar de Las-Casas, Ev\u00eaque de Chiapa. D\u00e9di\u00e9 \u00e0 Monseigneur le Comte de Toulouse. - Libairie Clavreuil\" \/>\n<meta property=\"og:description\" content=\"12mo (165 x 91 mm) engraved frontispiece, 5 nn.ll., 382 pp., 1 nn.l. Contemporary calf, spine gilt with raised bands, red speckled edges (some expert restorations).\" \/>\n<meta property=\"og:url\" content=\"https:\/\/clavreuil-wordpress.logiciel-arteo.fr\/en\/las-casas-barthelemy-la-decouverte-des-indes-occidentales-par-les-espagnols-ecrite-par-dom-balthazar-de-las-casas-eveque-de-chiapa-dedie-a-monseigneur-le-comte-de-toulouse\/\" \/>\n<meta property=\"og:site_name\" content=\"Libairie Clavreuil\" \/>\n<meta property=\"article:modified_time\" content=\"2024-04-24T13:33:32+00:00\" \/>\n<meta property=\"og:image\" content=\"https:\/\/clavreuil-wordpress.logiciel-arteo.fr\/wp-content\/uploads\/2024\/04\/barthelemy-las-casas-la-decouverte-des-indes-occidentales-par-les-espagnols-ecrite-par-dom-balthazar-de-las-casas-eveque-de-chiapa-dedie-a-monseigneur-scaled.jpg\" \/>\n\t<meta property=\"og:image:width\" content=\"1920\" \/>\n\t<meta property=\"og:image:height\" content=\"2560\" \/>\n\t<meta property=\"og:image:type\" content=\"image\/jpeg\" \/>\n<meta name=\"twitter:card\" content=\"summary_large_image\" \/>\n<meta name=\"twitter:label1\" content=\"Est. reading time\" \/>\n\t<meta name=\"twitter:data1\" content=\"1 minute\" \/>\n<script type=\"application\/ld+json\" class=\"yoast-schema-graph\">{\"@context\":\"https:\/\/schema.org\",\"@graph\":[{\"@type\":\"WebPage\",\"@id\":\"https:\/\/clavreuil-wordpress.logiciel-arteo.fr\/en\/las-casas-barthelemy-la-decouverte-des-indes-occidentales-par-les-espagnols-ecrite-par-dom-balthazar-de-las-casas-eveque-de-chiapa-dedie-a-monseigneur-le-comte-de-toulouse\/\",\"url\":\"https:\/\/clavreuil-wordpress.logiciel-arteo.fr\/en\/las-casas-barthelemy-la-decouverte-des-indes-occidentales-par-les-espagnols-ecrite-par-dom-balthazar-de-las-casas-eveque-de-chiapa-dedie-a-monseigneur-le-comte-de-toulouse\/\",\"name\":\"LAS CASAS Barth\u00e9l\u00e9my La D\u00e9couverte des Indes Occidentales, par les Espagnols. Ecrite par Dom Balthazar de Las-Casas, Ev\u00eaque de Chiapa. D\u00e9di\u00e9 \u00e0 Monseigneur le Comte de Toulouse. - Libairie Clavreuil\",\"isPartOf\":{\"@id\":\"https:\/\/clavreuil-wordpress.logiciel-arteo.fr\/#website\"},\"primaryImageOfPage\":{\"@id\":\"https:\/\/clavreuil-wordpress.logiciel-arteo.fr\/en\/las-casas-barthelemy-la-decouverte-des-indes-occidentales-par-les-espagnols-ecrite-par-dom-balthazar-de-las-casas-eveque-de-chiapa-dedie-a-monseigneur-le-comte-de-toulouse\/#primaryimage\"},\"image\":{\"@id\":\"https:\/\/clavreuil-wordpress.logiciel-arteo.fr\/en\/las-casas-barthelemy-la-decouverte-des-indes-occidentales-par-les-espagnols-ecrite-par-dom-balthazar-de-las-casas-eveque-de-chiapa-dedie-a-monseigneur-le-comte-de-toulouse\/#primaryimage\"},\"thumbnailUrl\":\"https:\/\/clavreuil-wordpress.logiciel-arteo.fr\/wp-content\/uploads\/2024\/04\/barthelemy-las-casas-la-decouverte-des-indes-occidentales-par-les-espagnols-ecrite-par-dom-balthazar-de-las-casas-eveque-de-chiapa-dedie-a-monseigneur-scaled.jpg\",\"datePublished\":\"2024-04-24T13:32:58+00:00\",\"dateModified\":\"2024-04-24T13:33:32+00:00\",\"breadcrumb\":{\"@id\":\"https:\/\/clavreuil-wordpress.logiciel-arteo.fr\/en\/las-casas-barthelemy-la-decouverte-des-indes-occidentales-par-les-espagnols-ecrite-par-dom-balthazar-de-las-casas-eveque-de-chiapa-dedie-a-monseigneur-le-comte-de-toulouse\/#breadcrumb\"},\"inLanguage\":\"en-US\",\"potentialAction\":[{\"@type\":\"ReadAction\",\"target\":[\"https:\/\/clavreuil-wordpress.logiciel-arteo.fr\/en\/las-casas-barthelemy-la-decouverte-des-indes-occidentales-par-les-espagnols-ecrite-par-dom-balthazar-de-las-casas-eveque-de-chiapa-dedie-a-monseigneur-le-comte-de-toulouse\/\"]}]},{\"@type\":\"ImageObject\",\"inLanguage\":\"en-US\",\"@id\":\"https:\/\/clavreuil-wordpress.logiciel-arteo.fr\/en\/las-casas-barthelemy-la-decouverte-des-indes-occidentales-par-les-espagnols-ecrite-par-dom-balthazar-de-las-casas-eveque-de-chiapa-dedie-a-monseigneur-le-comte-de-toulouse\/#primaryimage\",\"url\":\"https:\/\/clavreuil-wordpress.logiciel-arteo.fr\/wp-content\/uploads\/2024\/04\/barthelemy-las-casas-la-decouverte-des-indes-occidentales-par-les-espagnols-ecrite-par-dom-balthazar-de-las-casas-eveque-de-chiapa-dedie-a-monseigneur-scaled.jpg\",\"contentUrl\":\"https:\/\/clavreuil-wordpress.logiciel-arteo.fr\/wp-content\/uploads\/2024\/04\/barthelemy-las-casas-la-decouverte-des-indes-occidentales-par-les-espagnols-ecrite-par-dom-balthazar-de-las-casas-eveque-de-chiapa-dedie-a-monseigneur-scaled.jpg\",\"width\":1920,\"height\":2560},{\"@type\":\"BreadcrumbList\",\"@id\":\"https:\/\/clavreuil-wordpress.logiciel-arteo.fr\/en\/las-casas-barthelemy-la-decouverte-des-indes-occidentales-par-les-espagnols-ecrite-par-dom-balthazar-de-las-casas-eveque-de-chiapa-dedie-a-monseigneur-le-comte-de-toulouse\/#breadcrumb\",\"itemListElement\":[{\"@type\":\"ListItem\",\"position\":1,\"name\":\"Accueil\",\"item\":\"https:\/\/clavreuil-wordpress.logiciel-arteo.fr\/\"},{\"@type\":\"ListItem\",\"position\":2,\"name\":\"All our books\",\"item\":\"https:\/\/clavreuil-wordpress.logiciel-arteo.fr\/en\/all-our-books\/\"},{\"@type\":\"ListItem\",\"position\":3,\"name\":\"LAS CASAS Barth\u00e9l\u00e9my La D\u00e9couverte des Indes Occidentales,...\"}]},{\"@type\":\"WebSite\",\"@id\":\"https:\/\/clavreuil-wordpress.logiciel-arteo.fr\/#website\",\"url\":\"https:\/\/clavreuil-wordpress.logiciel-arteo.fr\/\",\"name\":\"Libairie Clavreuil\",\"description\":\"\",\"publisher\":{\"@id\":\"https:\/\/clavreuil-wordpress.logiciel-arteo.fr\/#organization\"},\"potentialAction\":[{\"@type\":\"SearchAction\",\"target\":{\"@type\":\"EntryPoint\",\"urlTemplate\":\"https:\/\/clavreuil-wordpress.logiciel-arteo.fr\/?s={search_term_string}\"},\"query-input\":{\"@type\":\"PropertyValueSpecification\",\"valueRequired\":true,\"valueName\":\"search_term_string\"}}],\"inLanguage\":\"en-US\"},{\"@type\":\"Organization\",\"@id\":\"https:\/\/clavreuil-wordpress.logiciel-arteo.fr\/#organization\",\"name\":\"Libairie Clavreuil\",\"url\":\"https:\/\/clavreuil-wordpress.logiciel-arteo.fr\/\",\"logo\":{\"@type\":\"ImageObject\",\"inLanguage\":\"en-US\",\"@id\":\"https:\/\/clavreuil-wordpress.logiciel-arteo.fr\/#\/schema\/logo\/image\/\",\"url\":\"https:\/\/clavreuil-wordpress.logiciel-arteo.fr\/wp-content\/uploads\/2021\/05\/LOGO_PNG_DATE-_gold.png\",\"contentUrl\":\"https:\/\/clavreuil-wordpress.logiciel-arteo.fr\/wp-content\/uploads\/2021\/05\/LOGO_PNG_DATE-_gold.png\",\"width\":2083,\"height\":1917,\"caption\":\"Libairie Clavreuil\"},\"image\":{\"@id\":\"https:\/\/clavreuil-wordpress.logiciel-arteo.fr\/#\/schema\/logo\/image\/\"}}]}<\/script>\n<!-- \/ Yoast SEO plugin. -->","yoast_head_json":{"title":"LAS CASAS Barth\u00e9l\u00e9my La D\u00e9couverte des Indes Occidentales, par les Espagnols. Ecrite par Dom Balthazar de Las-Casas, Ev\u00eaque de Chiapa. D\u00e9di\u00e9 \u00e0 Monseigneur le Comte de Toulouse. - Libairie Clavreuil","robots":{"index":"noindex","follow":"follow","max-snippet":"max-snippet:-1","max-image-preview":"max-image-preview:large","max-video-preview":"max-video-preview:-1"},"og_locale":"en_US","og_type":"article","og_title":"LAS CASAS Barth\u00e9l\u00e9my La D\u00e9couverte des Indes Occidentales, par les Espagnols. Ecrite par Dom Balthazar de Las-Casas, Ev\u00eaque de Chiapa. D\u00e9di\u00e9 \u00e0 Monseigneur le Comte de Toulouse. - Libairie Clavreuil","og_description":"12mo (165 x 91 mm) engraved frontispiece, 5 nn.ll., 382 pp., 1 nn.l. Contemporary calf, spine gilt with raised bands, red speckled edges (some expert restorations).","og_url":"https:\/\/clavreuil-wordpress.logiciel-arteo.fr\/en\/las-casas-barthelemy-la-decouverte-des-indes-occidentales-par-les-espagnols-ecrite-par-dom-balthazar-de-las-casas-eveque-de-chiapa-dedie-a-monseigneur-le-comte-de-toulouse\/","og_site_name":"Libairie Clavreuil","article_modified_time":"2024-04-24T13:33:32+00:00","og_image":[{"width":1920,"height":2560,"url":"https:\/\/clavreuil-wordpress.logiciel-arteo.fr\/wp-content\/uploads\/2024\/04\/barthelemy-las-casas-la-decouverte-des-indes-occidentales-par-les-espagnols-ecrite-par-dom-balthazar-de-las-casas-eveque-de-chiapa-dedie-a-monseigneur-scaled.jpg","type":"image\/jpeg"}],"twitter_card":"summary_large_image","twitter_misc":{"Est. reading time":"1 minute"},"schema":{"@context":"https:\/\/schema.org","@graph":[{"@type":"WebPage","@id":"https:\/\/clavreuil-wordpress.logiciel-arteo.fr\/en\/las-casas-barthelemy-la-decouverte-des-indes-occidentales-par-les-espagnols-ecrite-par-dom-balthazar-de-las-casas-eveque-de-chiapa-dedie-a-monseigneur-le-comte-de-toulouse\/","url":"https:\/\/clavreuil-wordpress.logiciel-arteo.fr\/en\/las-casas-barthelemy-la-decouverte-des-indes-occidentales-par-les-espagnols-ecrite-par-dom-balthazar-de-las-casas-eveque-de-chiapa-dedie-a-monseigneur-le-comte-de-toulouse\/","name":"LAS CASAS Barth\u00e9l\u00e9my La D\u00e9couverte des Indes Occidentales, par les Espagnols. Ecrite par Dom Balthazar de Las-Casas, Ev\u00eaque de Chiapa. D\u00e9di\u00e9 \u00e0 Monseigneur le Comte de Toulouse. - Libairie Clavreuil","isPartOf":{"@id":"https:\/\/clavreuil-wordpress.logiciel-arteo.fr\/#website"},"primaryImageOfPage":{"@id":"https:\/\/clavreuil-wordpress.logiciel-arteo.fr\/en\/las-casas-barthelemy-la-decouverte-des-indes-occidentales-par-les-espagnols-ecrite-par-dom-balthazar-de-las-casas-eveque-de-chiapa-dedie-a-monseigneur-le-comte-de-toulouse\/#primaryimage"},"image":{"@id":"https:\/\/clavreuil-wordpress.logiciel-arteo.fr\/en\/las-casas-barthelemy-la-decouverte-des-indes-occidentales-par-les-espagnols-ecrite-par-dom-balthazar-de-las-casas-eveque-de-chiapa-dedie-a-monseigneur-le-comte-de-toulouse\/#primaryimage"},"thumbnailUrl":"https:\/\/clavreuil-wordpress.logiciel-arteo.fr\/wp-content\/uploads\/2024\/04\/barthelemy-las-casas-la-decouverte-des-indes-occidentales-par-les-espagnols-ecrite-par-dom-balthazar-de-las-casas-eveque-de-chiapa-dedie-a-monseigneur-scaled.jpg","datePublished":"2024-04-24T13:32:58+00:00","dateModified":"2024-04-24T13:33:32+00:00","breadcrumb":{"@id":"https:\/\/clavreuil-wordpress.logiciel-arteo.fr\/en\/las-casas-barthelemy-la-decouverte-des-indes-occidentales-par-les-espagnols-ecrite-par-dom-balthazar-de-las-casas-eveque-de-chiapa-dedie-a-monseigneur-le-comte-de-toulouse\/#breadcrumb"},"inLanguage":"en-US","potentialAction":[{"@type":"ReadAction","target":["https:\/\/clavreuil-wordpress.logiciel-arteo.fr\/en\/las-casas-barthelemy-la-decouverte-des-indes-occidentales-par-les-espagnols-ecrite-par-dom-balthazar-de-las-casas-eveque-de-chiapa-dedie-a-monseigneur-le-comte-de-toulouse\/"]}]},{"@type":"ImageObject","inLanguage":"en-US","@id":"https:\/\/clavreuil-wordpress.logiciel-arteo.fr\/en\/las-casas-barthelemy-la-decouverte-des-indes-occidentales-par-les-espagnols-ecrite-par-dom-balthazar-de-las-casas-eveque-de-chiapa-dedie-a-monseigneur-le-comte-de-toulouse\/#primaryimage","url":"https:\/\/clavreuil-wordpress.logiciel-arteo.fr\/wp-content\/uploads\/2024\/04\/barthelemy-las-casas-la-decouverte-des-indes-occidentales-par-les-espagnols-ecrite-par-dom-balthazar-de-las-casas-eveque-de-chiapa-dedie-a-monseigneur-scaled.jpg","contentUrl":"https:\/\/clavreuil-wordpress.logiciel-arteo.fr\/wp-content\/uploads\/2024\/04\/barthelemy-las-casas-la-decouverte-des-indes-occidentales-par-les-espagnols-ecrite-par-dom-balthazar-de-las-casas-eveque-de-chiapa-dedie-a-monseigneur-scaled.jpg","width":1920,"height":2560},{"@type":"BreadcrumbList","@id":"https:\/\/clavreuil-wordpress.logiciel-arteo.fr\/en\/las-casas-barthelemy-la-decouverte-des-indes-occidentales-par-les-espagnols-ecrite-par-dom-balthazar-de-las-casas-eveque-de-chiapa-dedie-a-monseigneur-le-comte-de-toulouse\/#breadcrumb","itemListElement":[{"@type":"ListItem","position":1,"name":"Accueil","item":"https:\/\/clavreuil-wordpress.logiciel-arteo.fr\/"},{"@type":"ListItem","position":2,"name":"All our books","item":"https:\/\/clavreuil-wordpress.logiciel-arteo.fr\/en\/all-our-books\/"},{"@type":"ListItem","position":3,"name":"LAS CASAS Barth\u00e9l\u00e9my La D\u00e9couverte des Indes Occidentales,..."}]},{"@type":"WebSite","@id":"https:\/\/clavreuil-wordpress.logiciel-arteo.fr\/#website","url":"https:\/\/clavreuil-wordpress.logiciel-arteo.fr\/","name":"Libairie Clavreuil","description":"","publisher":{"@id":"https:\/\/clavreuil-wordpress.logiciel-arteo.fr\/#organization"},"potentialAction":[{"@type":"SearchAction","target":{"@type":"EntryPoint","urlTemplate":"https:\/\/clavreuil-wordpress.logiciel-arteo.fr\/?s={search_term_string}"},"query-input":{"@type":"PropertyValueSpecification","valueRequired":true,"valueName":"search_term_string"}}],"inLanguage":"en-US"},{"@type":"Organization","@id":"https:\/\/clavreuil-wordpress.logiciel-arteo.fr\/#organization","name":"Libairie Clavreuil","url":"https:\/\/clavreuil-wordpress.logiciel-arteo.fr\/","logo":{"@type":"ImageObject","inLanguage":"en-US","@id":"https:\/\/clavreuil-wordpress.logiciel-arteo.fr\/#\/schema\/logo\/image\/","url":"https:\/\/clavreuil-wordpress.logiciel-arteo.fr\/wp-content\/uploads\/2021\/05\/LOGO_PNG_DATE-_gold.png","contentUrl":"https:\/\/clavreuil-wordpress.logiciel-arteo.fr\/wp-content\/uploads\/2021\/05\/LOGO_PNG_DATE-_gold.png","width":2083,"height":1917,"caption":"Libairie Clavreuil"},"image":{"@id":"https:\/\/clavreuil-wordpress.logiciel-arteo.fr\/#\/schema\/logo\/image\/"}}]}},"_links":{"self":[{"href":"https:\/\/clavreuil-wordpress.logiciel-arteo.fr\/en\/wp-json\/wp\/v2\/product\/75323","targetHints":{"allow":["GET"]}}],"collection":[{"href":"https:\/\/clavreuil-wordpress.logiciel-arteo.fr\/en\/wp-json\/wp\/v2\/product"}],"about":[{"href":"https:\/\/clavreuil-wordpress.logiciel-arteo.fr\/en\/wp-json\/wp\/v2\/types\/product"}],"replies":[{"embeddable":true,"href":"https:\/\/clavreuil-wordpress.logiciel-arteo.fr\/en\/wp-json\/wp\/v2\/comments?post=75323"}],"wp:featuredmedia":[{"embeddable":true,"href":"https:\/\/clavreuil-wordpress.logiciel-arteo.fr\/en\/wp-json\/wp\/v2\/media\/75316"}],"wp:attachment":[{"href":"https:\/\/clavreuil-wordpress.logiciel-arteo.fr\/en\/wp-json\/wp\/v2\/media?parent=75323"}],"wp:term":[{"taxonomy":"product_brand","embeddable":true,"href":"https:\/\/clavreuil-wordpress.logiciel-arteo.fr\/en\/wp-json\/wp\/v2\/product_brand?post=75323"},{"taxonomy":"product_cat","embeddable":true,"href":"https:\/\/clavreuil-wordpress.logiciel-arteo.fr\/en\/wp-json\/wp\/v2\/product_cat?post=75323"},{"taxonomy":"product_tag","embeddable":true,"href":"https:\/\/clavreuil-wordpress.logiciel-arteo.fr\/en\/wp-json\/wp\/v2\/product_tag?post=75323"}],"curies":[{"name":"wp","href":"https:\/\/api.w.org\/{rel}","templated":true}]}}