{"id":75397,"date":"2024-04-24T16:03:07","date_gmt":"2024-04-24T14:03:07","guid":{"rendered":"https:\/\/clavreuil-wordpress.logiciel-arteo.fr\/labat-jean-baptiste-nouvelle-relation-de-lafrique-occidentale-contenant-une-description-exacte-du-senegal-des-pais-situes-entre-le-cap-blanc-la-riviere-de-serrelionne-jusqua-plus-d\/"},"modified":"2024-04-24T16:03:43","modified_gmt":"2024-04-24T14:03:43","slug":"labat-jean-baptiste-nouvelle-relation-de-lafrique-occidentale-contenant-une-description-exacte-du-senegal-des-pais-situes-entre-le-cap-blanc-la-riviere-de-serrelionne-jusqua-plus-d","status":"publish","type":"product","link":"https:\/\/clavreuil-wordpress.logiciel-arteo.fr\/en\/labat-jean-baptiste-nouvelle-relation-de-lafrique-occidentale-contenant-une-description-exacte-du-senegal-des-pais-situes-entre-le-cap-blanc-la-riviere-de-serrelionne-jusqua-plus-d\/","title":{"rendered":"LABAT Jean-Baptiste Nouvelle relation de l&#8217;Afrique Occidentale :..."},"content":{"rendered":"<p><em>Gay, 2904 ; Chadenat, 1639 ; Qu&eacute;rard, IV, 325 : &quot;Livre excellent&quot;.<\/em><\/p>\n<p>First edition of one of the best earlier descriptions of West Africa.<\/p>\n<p>Father Labat (1663-1738) wrote this account based on the memoirs by Andr&eacute; Brue (ca. 1634-1738), director of the Compagnie du S&eacute;n&eacute;gal who freed upon ransom after having been captured in 1701 by the Damel of Cayor. This <em>Nouvelle relation<\/em> contains highly interesting details on the trading companies active in Mauretania, in Senegal, in Guinea, in Gambia and in Sierra Leone. Also described in detail are the habits of the local populations, their religious beliefs, along details on flora and fauna. Several passages are on Slave Trade (see volume IV, p. 232) : &quot;Diff&eacute;rens tarifs pour la traite des Esclaves&quot;), as well as descriptions of local produce (incencs, indigo, palmwine, etc.).<\/p>\n<p>Complete with it 78 engraved plates, mostly folding, with maps, plants, animals, everyday life, and more). The 2 letterpress tables contain statistical details on local taxes mostly on trade of local resources including salt.<\/p>\n<p>A very good copy, from the library of Viscount Bruce of Ampthill, Baron Bruce of Whorleton, son of Duke Thomas of Ailesbury (18th century engraved bookplate).<\/p>\n","protected":false},"excerpt":{"rendered":"<p>5 volumes 12mo (164 x 97 mm) 1 nn.l., XVII (misnumbered, pages XIII-XIV are repeated), 3 nn.ll., 346 pp., 1 blank, 9 engraved maps and plates for volume I; 1 nn.l., II, 376 pp., 26 engraved maps and plates, 2 letterpress tables included into pagination for volume II; 1 nn.l., II, 387 pp., 16 engraved maps and plates for volume III; 3 nn.ll., 392 pp., 16 engraved maps and plates for volume IV; 3 nn.ll., 404 pp., 11 engraved maps and plates for volume V. Contemporary speckled calf, spine gilt with raised bands, speckled edges (expertly rebacked).<\/p>\n","protected":false},"featured_media":75388,"comment_status":"open","ping_status":"closed","template":"","meta":{"_acf_changed":false},"product_brand":[],"product_cat":[552],"product_tag":[1352,1450],"class_list":{"0":"post-75397","1":"product","2":"type-product","3":"status-publish","4":"has-post-thumbnail","6":"product_cat-travel","7":"product_tag-africa","8":"product_tag-first-edition","9":"pa_auteur-jean-baptiste-labat-2","10":"pa_type-de-livre-printed-book","12":"first","13":"instock","14":"shipping-taxable","15":"purchasable","16":"product-type-simple"},"acf":[],"yoast_head":"<!-- This site is optimized with the Yoast SEO plugin v24.3 - https:\/\/yoast.com\/wordpress\/plugins\/seo\/ -->\n<title>LABAT Jean-Baptiste Nouvelle relation de l&#039;Afrique Occidentale : contenant une description exacte du Senegal &amp; des Pa\u00efs situ\u00e9s entre le Cap-Blanc &amp; la Riviere de Serrelionne, jusqu&#039;\u00e0 plus de 300. lieu\u00ebs en avant dans les Terres. L&#039;Histoire naturelle de ces Pa\u00efs, les Differents Nations qui y son r\u00e9pandu\u00ebs, leurs Religions &amp; leurs m\u0153urs. Avec l&#039;\u00e9tat ancien et pr\u00e9sent des Compagnies qui y font le Commerce. - Libairie Clavreuil<\/title>\n<meta name=\"robots\" content=\"noindex, follow, max-snippet:-1, max-image-preview:large, max-video-preview:-1\" \/>\n<meta property=\"og:locale\" content=\"en_US\" \/>\n<meta property=\"og:type\" content=\"article\" \/>\n<meta property=\"og:title\" content=\"LABAT Jean-Baptiste Nouvelle relation de l&#039;Afrique Occidentale : contenant une description exacte du Senegal &amp; des Pa\u00efs situ\u00e9s entre le Cap-Blanc &amp; la Riviere de Serrelionne, jusqu&#039;\u00e0 plus de 300. lieu\u00ebs en avant dans les Terres. L&#039;Histoire naturelle de ces Pa\u00efs, les Differents Nations qui y son r\u00e9pandu\u00ebs, leurs Religions &amp; leurs m\u0153urs. Avec l&#039;\u00e9tat ancien et pr\u00e9sent des Compagnies qui y font le Commerce. - Libairie Clavreuil\" \/>\n<meta property=\"og:description\" content=\"5 volumes 12mo (164 x 97 mm) 1 nn.l., XVII (misnumbered, pages XIII-XIV are repeated), 3 nn.ll., 346 pp., 1 blank, 9 engraved maps and plates for volume I; 1 nn.l., II, 376 pp., 26 engraved maps and plates, 2 letterpress tables included into pagination for volume II; 1 nn.l., II, 387 pp., 16 engraved maps and plates for volume III; 3 nn.ll., 392 pp., 16 engraved maps and plates for volume IV; 3 nn.ll., 404 pp., 11 engraved maps and plates for volume V. Contemporary speckled calf, spine gilt with raised bands, speckled edges (expertly rebacked).\" \/>\n<meta property=\"og:url\" content=\"https:\/\/clavreuil-wordpress.logiciel-arteo.fr\/en\/labat-jean-baptiste-nouvelle-relation-de-lafrique-occidentale-contenant-une-description-exacte-du-senegal-des-pais-situes-entre-le-cap-blanc-la-riviere-de-serrelionne-jusqua-plus-d\/\" \/>\n<meta property=\"og:site_name\" content=\"Libairie Clavreuil\" \/>\n<meta property=\"article:modified_time\" content=\"2024-04-24T14:03:43+00:00\" \/>\n<meta property=\"og:image\" content=\"https:\/\/clavreuil-wordpress.logiciel-arteo.fr\/wp-content\/uploads\/2024\/04\/jean-baptiste-labat-nouvelle-relation-de-l-afrique-occidentale-contenant-une-description-exacte-du-senegal-des-pais-situes-entre-le-cap-blanc-la-rivie-scaled.jpg\" \/>\n\t<meta property=\"og:image:width\" content=\"2517\" \/>\n\t<meta property=\"og:image:height\" content=\"2560\" \/>\n\t<meta property=\"og:image:type\" content=\"image\/jpeg\" \/>\n<meta name=\"twitter:card\" content=\"summary_large_image\" \/>\n<meta name=\"twitter:label1\" content=\"Est. reading time\" \/>\n\t<meta name=\"twitter:data1\" content=\"1 minute\" \/>\n<script type=\"application\/ld+json\" class=\"yoast-schema-graph\">{\"@context\":\"https:\/\/schema.org\",\"@graph\":[{\"@type\":\"WebPage\",\"@id\":\"https:\/\/clavreuil-wordpress.logiciel-arteo.fr\/en\/labat-jean-baptiste-nouvelle-relation-de-lafrique-occidentale-contenant-une-description-exacte-du-senegal-des-pais-situes-entre-le-cap-blanc-la-riviere-de-serrelionne-jusqua-plus-d\/\",\"url\":\"https:\/\/clavreuil-wordpress.logiciel-arteo.fr\/en\/labat-jean-baptiste-nouvelle-relation-de-lafrique-occidentale-contenant-une-description-exacte-du-senegal-des-pais-situes-entre-le-cap-blanc-la-riviere-de-serrelionne-jusqua-plus-d\/\",\"name\":\"LABAT Jean-Baptiste Nouvelle relation de l'Afrique Occidentale : contenant une description exacte du Senegal &amp; des Pa\u00efs situ\u00e9s entre le Cap-Blanc &amp; la Riviere de Serrelionne, jusqu'\u00e0 plus de 300. lieu\u00ebs en avant dans les Terres. L'Histoire naturelle de ces Pa\u00efs, les Differents Nations qui y son r\u00e9pandu\u00ebs, leurs Religions &amp; leurs m\u0153urs. Avec l'\u00e9tat ancien et pr\u00e9sent des Compagnies qui y font le Commerce. - Libairie Clavreuil\",\"isPartOf\":{\"@id\":\"https:\/\/clavreuil-wordpress.logiciel-arteo.fr\/#website\"},\"primaryImageOfPage\":{\"@id\":\"https:\/\/clavreuil-wordpress.logiciel-arteo.fr\/en\/labat-jean-baptiste-nouvelle-relation-de-lafrique-occidentale-contenant-une-description-exacte-du-senegal-des-pais-situes-entre-le-cap-blanc-la-riviere-de-serrelionne-jusqua-plus-d\/#primaryimage\"},\"image\":{\"@id\":\"https:\/\/clavreuil-wordpress.logiciel-arteo.fr\/en\/labat-jean-baptiste-nouvelle-relation-de-lafrique-occidentale-contenant-une-description-exacte-du-senegal-des-pais-situes-entre-le-cap-blanc-la-riviere-de-serrelionne-jusqua-plus-d\/#primaryimage\"},\"thumbnailUrl\":\"https:\/\/clavreuil-wordpress.logiciel-arteo.fr\/wp-content\/uploads\/2024\/04\/jean-baptiste-labat-nouvelle-relation-de-l-afrique-occidentale-contenant-une-description-exacte-du-senegal-des-pais-situes-entre-le-cap-blanc-la-rivie-scaled.jpg\",\"datePublished\":\"2024-04-24T14:03:07+00:00\",\"dateModified\":\"2024-04-24T14:03:43+00:00\",\"breadcrumb\":{\"@id\":\"https:\/\/clavreuil-wordpress.logiciel-arteo.fr\/en\/labat-jean-baptiste-nouvelle-relation-de-lafrique-occidentale-contenant-une-description-exacte-du-senegal-des-pais-situes-entre-le-cap-blanc-la-riviere-de-serrelionne-jusqua-plus-d\/#breadcrumb\"},\"inLanguage\":\"en-US\",\"potentialAction\":[{\"@type\":\"ReadAction\",\"target\":[\"https:\/\/clavreuil-wordpress.logiciel-arteo.fr\/en\/labat-jean-baptiste-nouvelle-relation-de-lafrique-occidentale-contenant-une-description-exacte-du-senegal-des-pais-situes-entre-le-cap-blanc-la-riviere-de-serrelionne-jusqua-plus-d\/\"]}]},{\"@type\":\"ImageObject\",\"inLanguage\":\"en-US\",\"@id\":\"https:\/\/clavreuil-wordpress.logiciel-arteo.fr\/en\/labat-jean-baptiste-nouvelle-relation-de-lafrique-occidentale-contenant-une-description-exacte-du-senegal-des-pais-situes-entre-le-cap-blanc-la-riviere-de-serrelionne-jusqua-plus-d\/#primaryimage\",\"url\":\"https:\/\/clavreuil-wordpress.logiciel-arteo.fr\/wp-content\/uploads\/2024\/04\/jean-baptiste-labat-nouvelle-relation-de-l-afrique-occidentale-contenant-une-description-exacte-du-senegal-des-pais-situes-entre-le-cap-blanc-la-rivie-scaled.jpg\",\"contentUrl\":\"https:\/\/clavreuil-wordpress.logiciel-arteo.fr\/wp-content\/uploads\/2024\/04\/jean-baptiste-labat-nouvelle-relation-de-l-afrique-occidentale-contenant-une-description-exacte-du-senegal-des-pais-situes-entre-le-cap-blanc-la-rivie-scaled.jpg\",\"width\":2517,\"height\":2560},{\"@type\":\"BreadcrumbList\",\"@id\":\"https:\/\/clavreuil-wordpress.logiciel-arteo.fr\/en\/labat-jean-baptiste-nouvelle-relation-de-lafrique-occidentale-contenant-une-description-exacte-du-senegal-des-pais-situes-entre-le-cap-blanc-la-riviere-de-serrelionne-jusqua-plus-d\/#breadcrumb\",\"itemListElement\":[{\"@type\":\"ListItem\",\"position\":1,\"name\":\"Accueil\",\"item\":\"https:\/\/clavreuil-wordpress.logiciel-arteo.fr\/\"},{\"@type\":\"ListItem\",\"position\":2,\"name\":\"All our books\",\"item\":\"https:\/\/clavreuil-wordpress.logiciel-arteo.fr\/en\/all-our-books\/\"},{\"@type\":\"ListItem\",\"position\":3,\"name\":\"LABAT Jean-Baptiste Nouvelle relation de l&#8217;Afrique Occidentale :...\"}]},{\"@type\":\"WebSite\",\"@id\":\"https:\/\/clavreuil-wordpress.logiciel-arteo.fr\/#website\",\"url\":\"https:\/\/clavreuil-wordpress.logiciel-arteo.fr\/\",\"name\":\"Libairie Clavreuil\",\"description\":\"\",\"publisher\":{\"@id\":\"https:\/\/clavreuil-wordpress.logiciel-arteo.fr\/#organization\"},\"potentialAction\":[{\"@type\":\"SearchAction\",\"target\":{\"@type\":\"EntryPoint\",\"urlTemplate\":\"https:\/\/clavreuil-wordpress.logiciel-arteo.fr\/?s={search_term_string}\"},\"query-input\":{\"@type\":\"PropertyValueSpecification\",\"valueRequired\":true,\"valueName\":\"search_term_string\"}}],\"inLanguage\":\"en-US\"},{\"@type\":\"Organization\",\"@id\":\"https:\/\/clavreuil-wordpress.logiciel-arteo.fr\/#organization\",\"name\":\"Libairie Clavreuil\",\"url\":\"https:\/\/clavreuil-wordpress.logiciel-arteo.fr\/\",\"logo\":{\"@type\":\"ImageObject\",\"inLanguage\":\"en-US\",\"@id\":\"https:\/\/clavreuil-wordpress.logiciel-arteo.fr\/#\/schema\/logo\/image\/\",\"url\":\"https:\/\/clavreuil-wordpress.logiciel-arteo.fr\/wp-content\/uploads\/2021\/05\/LOGO_PNG_DATE-_gold.png\",\"contentUrl\":\"https:\/\/clavreuil-wordpress.logiciel-arteo.fr\/wp-content\/uploads\/2021\/05\/LOGO_PNG_DATE-_gold.png\",\"width\":2083,\"height\":1917,\"caption\":\"Libairie Clavreuil\"},\"image\":{\"@id\":\"https:\/\/clavreuil-wordpress.logiciel-arteo.fr\/#\/schema\/logo\/image\/\"}}]}<\/script>\n<!-- \/ Yoast SEO plugin. -->","yoast_head_json":{"title":"LABAT Jean-Baptiste Nouvelle relation de l'Afrique Occidentale : contenant une description exacte du Senegal &amp; des Pa\u00efs situ\u00e9s entre le Cap-Blanc &amp; la Riviere de Serrelionne, jusqu'\u00e0 plus de 300. lieu\u00ebs en avant dans les Terres. L'Histoire naturelle de ces Pa\u00efs, les Differents Nations qui y son r\u00e9pandu\u00ebs, leurs Religions &amp; leurs m\u0153urs. Avec l'\u00e9tat ancien et pr\u00e9sent des Compagnies qui y font le Commerce. - Libairie Clavreuil","robots":{"index":"noindex","follow":"follow","max-snippet":"max-snippet:-1","max-image-preview":"max-image-preview:large","max-video-preview":"max-video-preview:-1"},"og_locale":"en_US","og_type":"article","og_title":"LABAT Jean-Baptiste Nouvelle relation de l'Afrique Occidentale : contenant une description exacte du Senegal &amp; des Pa\u00efs situ\u00e9s entre le Cap-Blanc &amp; la Riviere de Serrelionne, jusqu'\u00e0 plus de 300. lieu\u00ebs en avant dans les Terres. L'Histoire naturelle de ces Pa\u00efs, les Differents Nations qui y son r\u00e9pandu\u00ebs, leurs Religions &amp; leurs m\u0153urs. Avec l'\u00e9tat ancien et pr\u00e9sent des Compagnies qui y font le Commerce. - Libairie Clavreuil","og_description":"5 volumes 12mo (164 x 97 mm) 1 nn.l., XVII (misnumbered, pages XIII-XIV are repeated), 3 nn.ll., 346 pp., 1 blank, 9 engraved maps and plates for volume I; 1 nn.l., II, 376 pp., 26 engraved maps and plates, 2 letterpress tables included into pagination for volume II; 1 nn.l., II, 387 pp., 16 engraved maps and plates for volume III; 3 nn.ll., 392 pp., 16 engraved maps and plates for volume IV; 3 nn.ll., 404 pp., 11 engraved maps and plates for volume V. Contemporary speckled calf, spine gilt with raised bands, speckled edges (expertly rebacked).","og_url":"https:\/\/clavreuil-wordpress.logiciel-arteo.fr\/en\/labat-jean-baptiste-nouvelle-relation-de-lafrique-occidentale-contenant-une-description-exacte-du-senegal-des-pais-situes-entre-le-cap-blanc-la-riviere-de-serrelionne-jusqua-plus-d\/","og_site_name":"Libairie Clavreuil","article_modified_time":"2024-04-24T14:03:43+00:00","og_image":[{"width":2517,"height":2560,"url":"https:\/\/clavreuil-wordpress.logiciel-arteo.fr\/wp-content\/uploads\/2024\/04\/jean-baptiste-labat-nouvelle-relation-de-l-afrique-occidentale-contenant-une-description-exacte-du-senegal-des-pais-situes-entre-le-cap-blanc-la-rivie-scaled.jpg","type":"image\/jpeg"}],"twitter_card":"summary_large_image","twitter_misc":{"Est. reading time":"1 minute"},"schema":{"@context":"https:\/\/schema.org","@graph":[{"@type":"WebPage","@id":"https:\/\/clavreuil-wordpress.logiciel-arteo.fr\/en\/labat-jean-baptiste-nouvelle-relation-de-lafrique-occidentale-contenant-une-description-exacte-du-senegal-des-pais-situes-entre-le-cap-blanc-la-riviere-de-serrelionne-jusqua-plus-d\/","url":"https:\/\/clavreuil-wordpress.logiciel-arteo.fr\/en\/labat-jean-baptiste-nouvelle-relation-de-lafrique-occidentale-contenant-une-description-exacte-du-senegal-des-pais-situes-entre-le-cap-blanc-la-riviere-de-serrelionne-jusqua-plus-d\/","name":"LABAT Jean-Baptiste Nouvelle relation de l'Afrique Occidentale : contenant une description exacte du Senegal &amp; des Pa\u00efs situ\u00e9s entre le Cap-Blanc &amp; la Riviere de Serrelionne, jusqu'\u00e0 plus de 300. lieu\u00ebs en avant dans les Terres. L'Histoire naturelle de ces Pa\u00efs, les Differents Nations qui y son r\u00e9pandu\u00ebs, leurs Religions &amp; leurs m\u0153urs. Avec l'\u00e9tat ancien et pr\u00e9sent des Compagnies qui y font le Commerce. - Libairie Clavreuil","isPartOf":{"@id":"https:\/\/clavreuil-wordpress.logiciel-arteo.fr\/#website"},"primaryImageOfPage":{"@id":"https:\/\/clavreuil-wordpress.logiciel-arteo.fr\/en\/labat-jean-baptiste-nouvelle-relation-de-lafrique-occidentale-contenant-une-description-exacte-du-senegal-des-pais-situes-entre-le-cap-blanc-la-riviere-de-serrelionne-jusqua-plus-d\/#primaryimage"},"image":{"@id":"https:\/\/clavreuil-wordpress.logiciel-arteo.fr\/en\/labat-jean-baptiste-nouvelle-relation-de-lafrique-occidentale-contenant-une-description-exacte-du-senegal-des-pais-situes-entre-le-cap-blanc-la-riviere-de-serrelionne-jusqua-plus-d\/#primaryimage"},"thumbnailUrl":"https:\/\/clavreuil-wordpress.logiciel-arteo.fr\/wp-content\/uploads\/2024\/04\/jean-baptiste-labat-nouvelle-relation-de-l-afrique-occidentale-contenant-une-description-exacte-du-senegal-des-pais-situes-entre-le-cap-blanc-la-rivie-scaled.jpg","datePublished":"2024-04-24T14:03:07+00:00","dateModified":"2024-04-24T14:03:43+00:00","breadcrumb":{"@id":"https:\/\/clavreuil-wordpress.logiciel-arteo.fr\/en\/labat-jean-baptiste-nouvelle-relation-de-lafrique-occidentale-contenant-une-description-exacte-du-senegal-des-pais-situes-entre-le-cap-blanc-la-riviere-de-serrelionne-jusqua-plus-d\/#breadcrumb"},"inLanguage":"en-US","potentialAction":[{"@type":"ReadAction","target":["https:\/\/clavreuil-wordpress.logiciel-arteo.fr\/en\/labat-jean-baptiste-nouvelle-relation-de-lafrique-occidentale-contenant-une-description-exacte-du-senegal-des-pais-situes-entre-le-cap-blanc-la-riviere-de-serrelionne-jusqua-plus-d\/"]}]},{"@type":"ImageObject","inLanguage":"en-US","@id":"https:\/\/clavreuil-wordpress.logiciel-arteo.fr\/en\/labat-jean-baptiste-nouvelle-relation-de-lafrique-occidentale-contenant-une-description-exacte-du-senegal-des-pais-situes-entre-le-cap-blanc-la-riviere-de-serrelionne-jusqua-plus-d\/#primaryimage","url":"https:\/\/clavreuil-wordpress.logiciel-arteo.fr\/wp-content\/uploads\/2024\/04\/jean-baptiste-labat-nouvelle-relation-de-l-afrique-occidentale-contenant-une-description-exacte-du-senegal-des-pais-situes-entre-le-cap-blanc-la-rivie-scaled.jpg","contentUrl":"https:\/\/clavreuil-wordpress.logiciel-arteo.fr\/wp-content\/uploads\/2024\/04\/jean-baptiste-labat-nouvelle-relation-de-l-afrique-occidentale-contenant-une-description-exacte-du-senegal-des-pais-situes-entre-le-cap-blanc-la-rivie-scaled.jpg","width":2517,"height":2560},{"@type":"BreadcrumbList","@id":"https:\/\/clavreuil-wordpress.logiciel-arteo.fr\/en\/labat-jean-baptiste-nouvelle-relation-de-lafrique-occidentale-contenant-une-description-exacte-du-senegal-des-pais-situes-entre-le-cap-blanc-la-riviere-de-serrelionne-jusqua-plus-d\/#breadcrumb","itemListElement":[{"@type":"ListItem","position":1,"name":"Accueil","item":"https:\/\/clavreuil-wordpress.logiciel-arteo.fr\/"},{"@type":"ListItem","position":2,"name":"All our books","item":"https:\/\/clavreuil-wordpress.logiciel-arteo.fr\/en\/all-our-books\/"},{"@type":"ListItem","position":3,"name":"LABAT Jean-Baptiste Nouvelle relation de l&#8217;Afrique Occidentale :..."}]},{"@type":"WebSite","@id":"https:\/\/clavreuil-wordpress.logiciel-arteo.fr\/#website","url":"https:\/\/clavreuil-wordpress.logiciel-arteo.fr\/","name":"Libairie Clavreuil","description":"","publisher":{"@id":"https:\/\/clavreuil-wordpress.logiciel-arteo.fr\/#organization"},"potentialAction":[{"@type":"SearchAction","target":{"@type":"EntryPoint","urlTemplate":"https:\/\/clavreuil-wordpress.logiciel-arteo.fr\/?s={search_term_string}"},"query-input":{"@type":"PropertyValueSpecification","valueRequired":true,"valueName":"search_term_string"}}],"inLanguage":"en-US"},{"@type":"Organization","@id":"https:\/\/clavreuil-wordpress.logiciel-arteo.fr\/#organization","name":"Libairie Clavreuil","url":"https:\/\/clavreuil-wordpress.logiciel-arteo.fr\/","logo":{"@type":"ImageObject","inLanguage":"en-US","@id":"https:\/\/clavreuil-wordpress.logiciel-arteo.fr\/#\/schema\/logo\/image\/","url":"https:\/\/clavreuil-wordpress.logiciel-arteo.fr\/wp-content\/uploads\/2021\/05\/LOGO_PNG_DATE-_gold.png","contentUrl":"https:\/\/clavreuil-wordpress.logiciel-arteo.fr\/wp-content\/uploads\/2021\/05\/LOGO_PNG_DATE-_gold.png","width":2083,"height":1917,"caption":"Libairie Clavreuil"},"image":{"@id":"https:\/\/clavreuil-wordpress.logiciel-arteo.fr\/#\/schema\/logo\/image\/"}}]}},"_links":{"self":[{"href":"https:\/\/clavreuil-wordpress.logiciel-arteo.fr\/en\/wp-json\/wp\/v2\/product\/75397","targetHints":{"allow":["GET"]}}],"collection":[{"href":"https:\/\/clavreuil-wordpress.logiciel-arteo.fr\/en\/wp-json\/wp\/v2\/product"}],"about":[{"href":"https:\/\/clavreuil-wordpress.logiciel-arteo.fr\/en\/wp-json\/wp\/v2\/types\/product"}],"replies":[{"embeddable":true,"href":"https:\/\/clavreuil-wordpress.logiciel-arteo.fr\/en\/wp-json\/wp\/v2\/comments?post=75397"}],"wp:featuredmedia":[{"embeddable":true,"href":"https:\/\/clavreuil-wordpress.logiciel-arteo.fr\/en\/wp-json\/wp\/v2\/media\/75388"}],"wp:attachment":[{"href":"https:\/\/clavreuil-wordpress.logiciel-arteo.fr\/en\/wp-json\/wp\/v2\/media?parent=75397"}],"wp:term":[{"taxonomy":"product_brand","embeddable":true,"href":"https:\/\/clavreuil-wordpress.logiciel-arteo.fr\/en\/wp-json\/wp\/v2\/product_brand?post=75397"},{"taxonomy":"product_cat","embeddable":true,"href":"https:\/\/clavreuil-wordpress.logiciel-arteo.fr\/en\/wp-json\/wp\/v2\/product_cat?post=75397"},{"taxonomy":"product_tag","embeddable":true,"href":"https:\/\/clavreuil-wordpress.logiciel-arteo.fr\/en\/wp-json\/wp\/v2\/product_tag?post=75397"}],"curies":[{"name":"wp","href":"https:\/\/api.w.org\/{rel}","templated":true}]}}