{"id":75415,"date":"2024-04-24T16:04:50","date_gmt":"2024-04-24T14:04:50","guid":{"rendered":"https:\/\/clavreuil-wordpress.logiciel-arteo.fr\/dillon-arthur-voyage-aux-iles-de-la-mer-du-sud-en-1827-et-1828-et-relation-complete-de-la-decouverte-du-sort-de-la-perouse\/"},"modified":"2024-04-24T16:05:21","modified_gmt":"2024-04-24T14:05:21","slug":"dillon-arthur-voyage-aux-iles-de-la-mer-du-sud-en-1827-et-1828-et-relation-complete-de-la-decouverte-du-sort-de-la-perouse","status":"publish","type":"product","link":"https:\/\/clavreuil-wordpress.logiciel-arteo.fr\/en\/dillon-arthur-voyage-aux-iles-de-la-mer-du-sud-en-1827-et-1828-et-relation-complete-de-la-decouverte-du-sort-de-la-perouse\/","title":{"rendered":"DILLON Arthur Voyage aux \u00eeles de la Mer..."},"content":{"rendered":"<p><em>Hill, 481.<\/em><\/p>\n<p>First edition of the French translation of this important travel account of an Irish man into the South Sea, particularly important for the description of the place were Lap&eacute;rouse and his crew shipwrecked in 1788.<\/p>\n<p>The fine lithographed plates by Engelman plates depict 2 views (frontispieces), a pirogue, and the island of Vanikoro).<\/p>\n<p>&quot;Dillon was engaged in the sandalwood trade between the West Pacific islands and China, and between 1822 and 1825 was employed in the timber trade for the East India market. Returning to Tikopia in 1826 with his ship St Patrick, en route from Chile to India, he was offered a sword of French manufacture, evidently from the wreck of La P&eacute;rouse&#039;s ships&quot; (Howgego).<\/p>\n<p>Some occasional foxing, else a fine copy, well preserved in its original wrappers.<\/p>\n","protected":false},"excerpt":{"rendered":"<p>2 volumes, 8vo (198 x 122 mm) 2 nn.ll., LX, 294 pp., 1 nn.l., folding frontispice for volume I; 2 nn.ll., 361 pp., 1 nn.l., 3 plates (frontispiece, one map, and one plate) for volume II. Original printed yellow wrappers.<\/p>\n","protected":false},"featured_media":75408,"comment_status":"open","ping_status":"closed","template":"","meta":{"_acf_changed":false},"product_brand":[],"product_cat":[552],"product_tag":[1409],"class_list":{"0":"post-75415","1":"product","2":"type-product","3":"status-publish","4":"has-post-thumbnail","6":"product_cat-travel","7":"product_tag-oceania","8":"pa_auteur-arthur-dillon-2","9":"pa_type-de-livre-printed-book","11":"first","12":"instock","13":"shipping-taxable","14":"purchasable","15":"product-type-simple"},"acf":[],"yoast_head":"<!-- This site is optimized with the Yoast SEO plugin v24.3 - https:\/\/yoast.com\/wordpress\/plugins\/seo\/ -->\n<title>DILLON Arthur Voyage aux \u00eeles de la Mer du Sud en 1827 et 1828, et relation compl\u00e8te de la d\u00e9couverte du sort de La P\u00e9rouse. - Libairie Clavreuil<\/title>\n<meta name=\"robots\" content=\"noindex, follow, max-snippet:-1, max-image-preview:large, max-video-preview:-1\" \/>\n<meta property=\"og:locale\" content=\"en_US\" \/>\n<meta property=\"og:type\" content=\"article\" \/>\n<meta property=\"og:title\" content=\"DILLON Arthur Voyage aux \u00eeles de la Mer du Sud en 1827 et 1828, et relation compl\u00e8te de la d\u00e9couverte du sort de La P\u00e9rouse. - Libairie Clavreuil\" \/>\n<meta property=\"og:description\" content=\"2 volumes, 8vo (198 x 122 mm) 2 nn.ll., LX, 294 pp., 1 nn.l., folding frontispice for volume I; 2 nn.ll., 361 pp., 1 nn.l., 3 plates (frontispiece, one map, and one plate) for volume II. Original printed yellow wrappers.\" \/>\n<meta property=\"og:url\" content=\"https:\/\/clavreuil-wordpress.logiciel-arteo.fr\/en\/dillon-arthur-voyage-aux-iles-de-la-mer-du-sud-en-1827-et-1828-et-relation-complete-de-la-decouverte-du-sort-de-la-perouse\/\" \/>\n<meta property=\"og:site_name\" content=\"Libairie Clavreuil\" \/>\n<meta property=\"article:modified_time\" content=\"2024-04-24T14:05:21+00:00\" \/>\n<meta property=\"og:image\" content=\"https:\/\/clavreuil-wordpress.logiciel-arteo.fr\/wp-content\/uploads\/2024\/04\/arthur-dillon-voyage-aux-iles-de-la-mer-du-sud-en-1827-et-1828-et-relation-complete-de-la-decouverte-du-sort-de-la-perouse-5808-65f87f493c591-scaled.jpg\" \/>\n\t<meta property=\"og:image:width\" content=\"2560\" \/>\n\t<meta property=\"og:image:height\" content=\"1953\" \/>\n\t<meta property=\"og:image:type\" content=\"image\/jpeg\" \/>\n<meta name=\"twitter:card\" content=\"summary_large_image\" \/>\n<meta name=\"twitter:label1\" content=\"Est. reading time\" \/>\n\t<meta name=\"twitter:data1\" content=\"1 minute\" \/>\n<script type=\"application\/ld+json\" class=\"yoast-schema-graph\">{\"@context\":\"https:\/\/schema.org\",\"@graph\":[{\"@type\":\"WebPage\",\"@id\":\"https:\/\/clavreuil-wordpress.logiciel-arteo.fr\/en\/dillon-arthur-voyage-aux-iles-de-la-mer-du-sud-en-1827-et-1828-et-relation-complete-de-la-decouverte-du-sort-de-la-perouse\/\",\"url\":\"https:\/\/clavreuil-wordpress.logiciel-arteo.fr\/en\/dillon-arthur-voyage-aux-iles-de-la-mer-du-sud-en-1827-et-1828-et-relation-complete-de-la-decouverte-du-sort-de-la-perouse\/\",\"name\":\"DILLON Arthur Voyage aux \u00eeles de la Mer du Sud en 1827 et 1828, et relation compl\u00e8te de la d\u00e9couverte du sort de La P\u00e9rouse. - Libairie Clavreuil\",\"isPartOf\":{\"@id\":\"https:\/\/clavreuil-wordpress.logiciel-arteo.fr\/#website\"},\"primaryImageOfPage\":{\"@id\":\"https:\/\/clavreuil-wordpress.logiciel-arteo.fr\/en\/dillon-arthur-voyage-aux-iles-de-la-mer-du-sud-en-1827-et-1828-et-relation-complete-de-la-decouverte-du-sort-de-la-perouse\/#primaryimage\"},\"image\":{\"@id\":\"https:\/\/clavreuil-wordpress.logiciel-arteo.fr\/en\/dillon-arthur-voyage-aux-iles-de-la-mer-du-sud-en-1827-et-1828-et-relation-complete-de-la-decouverte-du-sort-de-la-perouse\/#primaryimage\"},\"thumbnailUrl\":\"https:\/\/clavreuil-wordpress.logiciel-arteo.fr\/wp-content\/uploads\/2024\/04\/arthur-dillon-voyage-aux-iles-de-la-mer-du-sud-en-1827-et-1828-et-relation-complete-de-la-decouverte-du-sort-de-la-perouse-5808-65f87f493c591-scaled.jpg\",\"datePublished\":\"2024-04-24T14:04:50+00:00\",\"dateModified\":\"2024-04-24T14:05:21+00:00\",\"breadcrumb\":{\"@id\":\"https:\/\/clavreuil-wordpress.logiciel-arteo.fr\/en\/dillon-arthur-voyage-aux-iles-de-la-mer-du-sud-en-1827-et-1828-et-relation-complete-de-la-decouverte-du-sort-de-la-perouse\/#breadcrumb\"},\"inLanguage\":\"en-US\",\"potentialAction\":[{\"@type\":\"ReadAction\",\"target\":[\"https:\/\/clavreuil-wordpress.logiciel-arteo.fr\/en\/dillon-arthur-voyage-aux-iles-de-la-mer-du-sud-en-1827-et-1828-et-relation-complete-de-la-decouverte-du-sort-de-la-perouse\/\"]}]},{\"@type\":\"ImageObject\",\"inLanguage\":\"en-US\",\"@id\":\"https:\/\/clavreuil-wordpress.logiciel-arteo.fr\/en\/dillon-arthur-voyage-aux-iles-de-la-mer-du-sud-en-1827-et-1828-et-relation-complete-de-la-decouverte-du-sort-de-la-perouse\/#primaryimage\",\"url\":\"https:\/\/clavreuil-wordpress.logiciel-arteo.fr\/wp-content\/uploads\/2024\/04\/arthur-dillon-voyage-aux-iles-de-la-mer-du-sud-en-1827-et-1828-et-relation-complete-de-la-decouverte-du-sort-de-la-perouse-5808-65f87f493c591-scaled.jpg\",\"contentUrl\":\"https:\/\/clavreuil-wordpress.logiciel-arteo.fr\/wp-content\/uploads\/2024\/04\/arthur-dillon-voyage-aux-iles-de-la-mer-du-sud-en-1827-et-1828-et-relation-complete-de-la-decouverte-du-sort-de-la-perouse-5808-65f87f493c591-scaled.jpg\",\"width\":2560,\"height\":1953},{\"@type\":\"BreadcrumbList\",\"@id\":\"https:\/\/clavreuil-wordpress.logiciel-arteo.fr\/en\/dillon-arthur-voyage-aux-iles-de-la-mer-du-sud-en-1827-et-1828-et-relation-complete-de-la-decouverte-du-sort-de-la-perouse\/#breadcrumb\",\"itemListElement\":[{\"@type\":\"ListItem\",\"position\":1,\"name\":\"Accueil\",\"item\":\"https:\/\/clavreuil-wordpress.logiciel-arteo.fr\/\"},{\"@type\":\"ListItem\",\"position\":2,\"name\":\"All our books\",\"item\":\"https:\/\/clavreuil-wordpress.logiciel-arteo.fr\/en\/all-our-books\/\"},{\"@type\":\"ListItem\",\"position\":3,\"name\":\"DILLON Arthur Voyage aux \u00eeles de la Mer...\"}]},{\"@type\":\"WebSite\",\"@id\":\"https:\/\/clavreuil-wordpress.logiciel-arteo.fr\/#website\",\"url\":\"https:\/\/clavreuil-wordpress.logiciel-arteo.fr\/\",\"name\":\"Libairie Clavreuil\",\"description\":\"\",\"publisher\":{\"@id\":\"https:\/\/clavreuil-wordpress.logiciel-arteo.fr\/#organization\"},\"potentialAction\":[{\"@type\":\"SearchAction\",\"target\":{\"@type\":\"EntryPoint\",\"urlTemplate\":\"https:\/\/clavreuil-wordpress.logiciel-arteo.fr\/?s={search_term_string}\"},\"query-input\":{\"@type\":\"PropertyValueSpecification\",\"valueRequired\":true,\"valueName\":\"search_term_string\"}}],\"inLanguage\":\"en-US\"},{\"@type\":\"Organization\",\"@id\":\"https:\/\/clavreuil-wordpress.logiciel-arteo.fr\/#organization\",\"name\":\"Libairie Clavreuil\",\"url\":\"https:\/\/clavreuil-wordpress.logiciel-arteo.fr\/\",\"logo\":{\"@type\":\"ImageObject\",\"inLanguage\":\"en-US\",\"@id\":\"https:\/\/clavreuil-wordpress.logiciel-arteo.fr\/#\/schema\/logo\/image\/\",\"url\":\"https:\/\/clavreuil-wordpress.logiciel-arteo.fr\/wp-content\/uploads\/2021\/05\/LOGO_PNG_DATE-_gold.png\",\"contentUrl\":\"https:\/\/clavreuil-wordpress.logiciel-arteo.fr\/wp-content\/uploads\/2021\/05\/LOGO_PNG_DATE-_gold.png\",\"width\":2083,\"height\":1917,\"caption\":\"Libairie Clavreuil\"},\"image\":{\"@id\":\"https:\/\/clavreuil-wordpress.logiciel-arteo.fr\/#\/schema\/logo\/image\/\"}}]}<\/script>\n<!-- \/ Yoast SEO plugin. -->","yoast_head_json":{"title":"DILLON Arthur Voyage aux \u00eeles de la Mer du Sud en 1827 et 1828, et relation compl\u00e8te de la d\u00e9couverte du sort de La P\u00e9rouse. - Libairie Clavreuil","robots":{"index":"noindex","follow":"follow","max-snippet":"max-snippet:-1","max-image-preview":"max-image-preview:large","max-video-preview":"max-video-preview:-1"},"og_locale":"en_US","og_type":"article","og_title":"DILLON Arthur Voyage aux \u00eeles de la Mer du Sud en 1827 et 1828, et relation compl\u00e8te de la d\u00e9couverte du sort de La P\u00e9rouse. - Libairie Clavreuil","og_description":"2 volumes, 8vo (198 x 122 mm) 2 nn.ll., LX, 294 pp., 1 nn.l., folding frontispice for volume I; 2 nn.ll., 361 pp., 1 nn.l., 3 plates (frontispiece, one map, and one plate) for volume II. Original printed yellow wrappers.","og_url":"https:\/\/clavreuil-wordpress.logiciel-arteo.fr\/en\/dillon-arthur-voyage-aux-iles-de-la-mer-du-sud-en-1827-et-1828-et-relation-complete-de-la-decouverte-du-sort-de-la-perouse\/","og_site_name":"Libairie Clavreuil","article_modified_time":"2024-04-24T14:05:21+00:00","og_image":[{"width":2560,"height":1953,"url":"https:\/\/clavreuil-wordpress.logiciel-arteo.fr\/wp-content\/uploads\/2024\/04\/arthur-dillon-voyage-aux-iles-de-la-mer-du-sud-en-1827-et-1828-et-relation-complete-de-la-decouverte-du-sort-de-la-perouse-5808-65f87f493c591-scaled.jpg","type":"image\/jpeg"}],"twitter_card":"summary_large_image","twitter_misc":{"Est. reading time":"1 minute"},"schema":{"@context":"https:\/\/schema.org","@graph":[{"@type":"WebPage","@id":"https:\/\/clavreuil-wordpress.logiciel-arteo.fr\/en\/dillon-arthur-voyage-aux-iles-de-la-mer-du-sud-en-1827-et-1828-et-relation-complete-de-la-decouverte-du-sort-de-la-perouse\/","url":"https:\/\/clavreuil-wordpress.logiciel-arteo.fr\/en\/dillon-arthur-voyage-aux-iles-de-la-mer-du-sud-en-1827-et-1828-et-relation-complete-de-la-decouverte-du-sort-de-la-perouse\/","name":"DILLON Arthur Voyage aux \u00eeles de la Mer du Sud en 1827 et 1828, et relation compl\u00e8te de la d\u00e9couverte du sort de La P\u00e9rouse. - Libairie Clavreuil","isPartOf":{"@id":"https:\/\/clavreuil-wordpress.logiciel-arteo.fr\/#website"},"primaryImageOfPage":{"@id":"https:\/\/clavreuil-wordpress.logiciel-arteo.fr\/en\/dillon-arthur-voyage-aux-iles-de-la-mer-du-sud-en-1827-et-1828-et-relation-complete-de-la-decouverte-du-sort-de-la-perouse\/#primaryimage"},"image":{"@id":"https:\/\/clavreuil-wordpress.logiciel-arteo.fr\/en\/dillon-arthur-voyage-aux-iles-de-la-mer-du-sud-en-1827-et-1828-et-relation-complete-de-la-decouverte-du-sort-de-la-perouse\/#primaryimage"},"thumbnailUrl":"https:\/\/clavreuil-wordpress.logiciel-arteo.fr\/wp-content\/uploads\/2024\/04\/arthur-dillon-voyage-aux-iles-de-la-mer-du-sud-en-1827-et-1828-et-relation-complete-de-la-decouverte-du-sort-de-la-perouse-5808-65f87f493c591-scaled.jpg","datePublished":"2024-04-24T14:04:50+00:00","dateModified":"2024-04-24T14:05:21+00:00","breadcrumb":{"@id":"https:\/\/clavreuil-wordpress.logiciel-arteo.fr\/en\/dillon-arthur-voyage-aux-iles-de-la-mer-du-sud-en-1827-et-1828-et-relation-complete-de-la-decouverte-du-sort-de-la-perouse\/#breadcrumb"},"inLanguage":"en-US","potentialAction":[{"@type":"ReadAction","target":["https:\/\/clavreuil-wordpress.logiciel-arteo.fr\/en\/dillon-arthur-voyage-aux-iles-de-la-mer-du-sud-en-1827-et-1828-et-relation-complete-de-la-decouverte-du-sort-de-la-perouse\/"]}]},{"@type":"ImageObject","inLanguage":"en-US","@id":"https:\/\/clavreuil-wordpress.logiciel-arteo.fr\/en\/dillon-arthur-voyage-aux-iles-de-la-mer-du-sud-en-1827-et-1828-et-relation-complete-de-la-decouverte-du-sort-de-la-perouse\/#primaryimage","url":"https:\/\/clavreuil-wordpress.logiciel-arteo.fr\/wp-content\/uploads\/2024\/04\/arthur-dillon-voyage-aux-iles-de-la-mer-du-sud-en-1827-et-1828-et-relation-complete-de-la-decouverte-du-sort-de-la-perouse-5808-65f87f493c591-scaled.jpg","contentUrl":"https:\/\/clavreuil-wordpress.logiciel-arteo.fr\/wp-content\/uploads\/2024\/04\/arthur-dillon-voyage-aux-iles-de-la-mer-du-sud-en-1827-et-1828-et-relation-complete-de-la-decouverte-du-sort-de-la-perouse-5808-65f87f493c591-scaled.jpg","width":2560,"height":1953},{"@type":"BreadcrumbList","@id":"https:\/\/clavreuil-wordpress.logiciel-arteo.fr\/en\/dillon-arthur-voyage-aux-iles-de-la-mer-du-sud-en-1827-et-1828-et-relation-complete-de-la-decouverte-du-sort-de-la-perouse\/#breadcrumb","itemListElement":[{"@type":"ListItem","position":1,"name":"Accueil","item":"https:\/\/clavreuil-wordpress.logiciel-arteo.fr\/"},{"@type":"ListItem","position":2,"name":"All our books","item":"https:\/\/clavreuil-wordpress.logiciel-arteo.fr\/en\/all-our-books\/"},{"@type":"ListItem","position":3,"name":"DILLON Arthur Voyage aux \u00eeles de la Mer..."}]},{"@type":"WebSite","@id":"https:\/\/clavreuil-wordpress.logiciel-arteo.fr\/#website","url":"https:\/\/clavreuil-wordpress.logiciel-arteo.fr\/","name":"Libairie Clavreuil","description":"","publisher":{"@id":"https:\/\/clavreuil-wordpress.logiciel-arteo.fr\/#organization"},"potentialAction":[{"@type":"SearchAction","target":{"@type":"EntryPoint","urlTemplate":"https:\/\/clavreuil-wordpress.logiciel-arteo.fr\/?s={search_term_string}"},"query-input":{"@type":"PropertyValueSpecification","valueRequired":true,"valueName":"search_term_string"}}],"inLanguage":"en-US"},{"@type":"Organization","@id":"https:\/\/clavreuil-wordpress.logiciel-arteo.fr\/#organization","name":"Libairie Clavreuil","url":"https:\/\/clavreuil-wordpress.logiciel-arteo.fr\/","logo":{"@type":"ImageObject","inLanguage":"en-US","@id":"https:\/\/clavreuil-wordpress.logiciel-arteo.fr\/#\/schema\/logo\/image\/","url":"https:\/\/clavreuil-wordpress.logiciel-arteo.fr\/wp-content\/uploads\/2021\/05\/LOGO_PNG_DATE-_gold.png","contentUrl":"https:\/\/clavreuil-wordpress.logiciel-arteo.fr\/wp-content\/uploads\/2021\/05\/LOGO_PNG_DATE-_gold.png","width":2083,"height":1917,"caption":"Libairie Clavreuil"},"image":{"@id":"https:\/\/clavreuil-wordpress.logiciel-arteo.fr\/#\/schema\/logo\/image\/"}}]}},"_links":{"self":[{"href":"https:\/\/clavreuil-wordpress.logiciel-arteo.fr\/en\/wp-json\/wp\/v2\/product\/75415","targetHints":{"allow":["GET"]}}],"collection":[{"href":"https:\/\/clavreuil-wordpress.logiciel-arteo.fr\/en\/wp-json\/wp\/v2\/product"}],"about":[{"href":"https:\/\/clavreuil-wordpress.logiciel-arteo.fr\/en\/wp-json\/wp\/v2\/types\/product"}],"replies":[{"embeddable":true,"href":"https:\/\/clavreuil-wordpress.logiciel-arteo.fr\/en\/wp-json\/wp\/v2\/comments?post=75415"}],"wp:featuredmedia":[{"embeddable":true,"href":"https:\/\/clavreuil-wordpress.logiciel-arteo.fr\/en\/wp-json\/wp\/v2\/media\/75408"}],"wp:attachment":[{"href":"https:\/\/clavreuil-wordpress.logiciel-arteo.fr\/en\/wp-json\/wp\/v2\/media?parent=75415"}],"wp:term":[{"taxonomy":"product_brand","embeddable":true,"href":"https:\/\/clavreuil-wordpress.logiciel-arteo.fr\/en\/wp-json\/wp\/v2\/product_brand?post=75415"},{"taxonomy":"product_cat","embeddable":true,"href":"https:\/\/clavreuil-wordpress.logiciel-arteo.fr\/en\/wp-json\/wp\/v2\/product_cat?post=75415"},{"taxonomy":"product_tag","embeddable":true,"href":"https:\/\/clavreuil-wordpress.logiciel-arteo.fr\/en\/wp-json\/wp\/v2\/product_tag?post=75415"}],"curies":[{"name":"wp","href":"https:\/\/api.w.org\/{rel}","templated":true}]}}