{"id":75427,"date":"2024-04-24T16:05:29","date_gmt":"2024-04-24T14:05:29","guid":{"rendered":"https:\/\/clavreuil-wordpress.logiciel-arteo.fr\/labat-jean-baptiste-voyage-du-chevalier-des-marchais-en-guinee-isles-voisines-et-a-cayenne-fait-en-1725-1726-1727-contenant-une-description-tres-exacte-tres-etendue-de-ces-pais-amp\/"},"modified":"2024-04-24T16:06:06","modified_gmt":"2024-04-24T14:06:06","slug":"labat-jean-baptiste-voyage-du-chevalier-des-marchais-en-guinee-isles-voisines-et-a-cayenne-fait-en-1725-1726-1727-contenant-une-description-tres-exacte-tres-etendue-de-ces-pais-amp","status":"publish","type":"product","link":"https:\/\/clavreuil-wordpress.logiciel-arteo.fr\/en\/labat-jean-baptiste-voyage-du-chevalier-des-marchais-en-guinee-isles-voisines-et-a-cayenne-fait-en-1725-1726-1727-contenant-une-description-tres-exacte-tres-etendue-de-ces-pais-amp\/","title":{"rendered":"LABAT Jean-Baptiste Voyage du Chevalier Des Marchais en..."},"content":{"rendered":"<p style=\"text-align:justify\"><em>Sabin, 38414; Alden-Landis, 730\/130.<\/em><\/p>\n<p style=\"text-align:justify\">&nbsp;First edition.<\/p>\n<p style=\"text-align:justify\">This is Father Labat&#039;s second work devoted to the West African coasts. For the region between the Sierrelionne River and Cape Gabon, he used first-hand information provided by the Chevalier Des Marchais, a &quot;great man of the sea&quot; who traded between Africa and Cayenne, and who had a good knowledge of African languages.<\/p>\n<p style=\"text-align:justify\">The last two volumes deal with Cayenne and French Guiana, and contain the <em>Code Noir<\/em> in force in the Islands, and the <em>Code Noir<\/em> of Louisiana, as well as a compendium of the language spoken in the kingdom of Judah in Guinea, &quot;very useful to those who trade in Blacks in this kingdom, &amp; for the Surgeons of the ships, to question the Blacks when they are ill&quot;.<\/p>\n<p style=\"text-align:justify\">&quot;French Dominican missionary active in the West Indies&#8230; He reached the Caribbean in 1693 and ministered to the Indians until 1706, visiting the islands of Martinique and Guadeloupe. Labat was a devoted naturlist and student of engineering, and at the governor&#039;s request in 1702 supervised the building of new forts on Gouadeloupe. His voyage between Martinique and Guadeloupe in 1705 was on a ship of the French pirate, Capitain Daniel, whose exploits Labat describes in detail&quot; (Howgego).<\/p>\n<p style=\"text-align:justify\">The 32 plates (including the engraved title) with maps, plans, plants and animals. Very good copy.<\/p>\n<p style=\"text-align:justify\">Bookplates of Ch&acirc;teau de Rosny La Solitude, and Paul Lebaudy.<\/p>\n","protected":false},"excerpt":{"rendered":"<p>4 volumes, 12mo (163 x 96 mm) engraved title, XXIV pp., 1 nn.l., 381 pp., 14 engraved paltes for volume I; 2 nn.ll., 364 pp., 12 engraved paltes for volume II; 2 nn.ll., 350 pp., 4 engraved plates for volume III; 2 nn.ll., pp. 345 to 681, 18 nn.ll., 1 engraved folding map for volume IV. Contemporary marbled calf, spine gilt with raised bands, red edges.<\/p>\n","protected":false},"featured_media":75416,"comment_status":"open","ping_status":"closed","template":"","meta":{"_acf_changed":false},"product_brand":[],"product_cat":[552],"product_tag":[1363,1450],"class_list":{"0":"post-75427","1":"product","2":"type-product","3":"status-publish","4":"has-post-thumbnail","6":"product_cat-travel","7":"product_tag-caribbean","8":"product_tag-first-edition","9":"pa_auteur-jean-baptiste-labat-2","10":"pa_type-de-livre-printed-book","12":"first","13":"instock","14":"shipping-taxable","15":"purchasable","16":"product-type-simple"},"acf":[],"yoast_head":"<!-- This site is optimized with the Yoast SEO plugin v24.3 - https:\/\/yoast.com\/wordpress\/plugins\/seo\/ -->\n<title>LABAT Jean-Baptiste Voyage du Chevalier Des Marchais en Guin\u00e9e, isles voisines, et \u00e0 Cayenne, Fait en 1725, 1726 &amp; 1727. Contenant une Description tr\u00e8s exacte &amp; tr\u00e8s \u00e9tendu\u00eb de ces Pa\u00efs, &amp; du Commerce qui s&#039;y fait. - Libairie Clavreuil<\/title>\n<meta name=\"robots\" content=\"noindex, follow, max-snippet:-1, max-image-preview:large, max-video-preview:-1\" \/>\n<meta property=\"og:locale\" content=\"en_US\" \/>\n<meta property=\"og:type\" content=\"article\" \/>\n<meta property=\"og:title\" content=\"LABAT Jean-Baptiste Voyage du Chevalier Des Marchais en Guin\u00e9e, isles voisines, et \u00e0 Cayenne, Fait en 1725, 1726 &amp; 1727. Contenant une Description tr\u00e8s exacte &amp; tr\u00e8s \u00e9tendu\u00eb de ces Pa\u00efs, &amp; du Commerce qui s&#039;y fait. - Libairie Clavreuil\" \/>\n<meta property=\"og:description\" content=\"4 volumes, 12mo (163 x 96 mm) engraved title, XXIV pp., 1 nn.l., 381 pp., 14 engraved paltes for volume I; 2 nn.ll., 364 pp., 12 engraved paltes for volume II; 2 nn.ll., 350 pp., 4 engraved plates for volume III; 2 nn.ll., pp. 345 to 681, 18 nn.ll., 1 engraved folding map for volume IV. Contemporary marbled calf, spine gilt with raised bands, red edges.\" \/>\n<meta property=\"og:url\" content=\"https:\/\/clavreuil-wordpress.logiciel-arteo.fr\/en\/labat-jean-baptiste-voyage-du-chevalier-des-marchais-en-guinee-isles-voisines-et-a-cayenne-fait-en-1725-1726-1727-contenant-une-description-tres-exacte-tres-etendue-de-ces-pais-amp\/\" \/>\n<meta property=\"og:site_name\" content=\"Libairie Clavreuil\" \/>\n<meta property=\"article:modified_time\" content=\"2024-04-24T14:06:06+00:00\" \/>\n<meta property=\"og:image\" content=\"https:\/\/clavreuil-wordpress.logiciel-arteo.fr\/wp-content\/uploads\/2024\/04\/jean-baptiste-labat-voyage-du-chevalier-des-marchais-en-guinee-isles-voisines-et-a-cayenne-fait-en-1725-1726-1727-contenant-une-description-tres-exact-768x1024.jpg\" \/>\n\t<meta property=\"og:image:width\" content=\"768\" \/>\n\t<meta property=\"og:image:height\" content=\"1024\" \/>\n\t<meta property=\"og:image:type\" content=\"image\/jpeg\" \/>\n<meta name=\"twitter:card\" content=\"summary_large_image\" \/>\n<meta name=\"twitter:label1\" content=\"Est. reading time\" \/>\n\t<meta name=\"twitter:data1\" content=\"1 minute\" \/>\n<script type=\"application\/ld+json\" class=\"yoast-schema-graph\">{\"@context\":\"https:\/\/schema.org\",\"@graph\":[{\"@type\":\"WebPage\",\"@id\":\"https:\/\/clavreuil-wordpress.logiciel-arteo.fr\/en\/labat-jean-baptiste-voyage-du-chevalier-des-marchais-en-guinee-isles-voisines-et-a-cayenne-fait-en-1725-1726-1727-contenant-une-description-tres-exacte-tres-etendue-de-ces-pais-amp\/\",\"url\":\"https:\/\/clavreuil-wordpress.logiciel-arteo.fr\/en\/labat-jean-baptiste-voyage-du-chevalier-des-marchais-en-guinee-isles-voisines-et-a-cayenne-fait-en-1725-1726-1727-contenant-une-description-tres-exacte-tres-etendue-de-ces-pais-amp\/\",\"name\":\"LABAT Jean-Baptiste Voyage du Chevalier Des Marchais en Guin\u00e9e, isles voisines, et \u00e0 Cayenne, Fait en 1725, 1726 &amp; 1727. Contenant une Description tr\u00e8s exacte &amp; tr\u00e8s \u00e9tendu\u00eb de ces Pa\u00efs, &amp; du Commerce qui s'y fait. - Libairie Clavreuil\",\"isPartOf\":{\"@id\":\"https:\/\/clavreuil-wordpress.logiciel-arteo.fr\/#website\"},\"primaryImageOfPage\":{\"@id\":\"https:\/\/clavreuil-wordpress.logiciel-arteo.fr\/en\/labat-jean-baptiste-voyage-du-chevalier-des-marchais-en-guinee-isles-voisines-et-a-cayenne-fait-en-1725-1726-1727-contenant-une-description-tres-exacte-tres-etendue-de-ces-pais-amp\/#primaryimage\"},\"image\":{\"@id\":\"https:\/\/clavreuil-wordpress.logiciel-arteo.fr\/en\/labat-jean-baptiste-voyage-du-chevalier-des-marchais-en-guinee-isles-voisines-et-a-cayenne-fait-en-1725-1726-1727-contenant-une-description-tres-exacte-tres-etendue-de-ces-pais-amp\/#primaryimage\"},\"thumbnailUrl\":\"https:\/\/clavreuil-wordpress.logiciel-arteo.fr\/wp-content\/uploads\/2024\/04\/jean-baptiste-labat-voyage-du-chevalier-des-marchais-en-guinee-isles-voisines-et-a-cayenne-fait-en-1725-1726-1727-contenant-une-description-tres-exact.jpg\",\"datePublished\":\"2024-04-24T14:05:29+00:00\",\"dateModified\":\"2024-04-24T14:06:06+00:00\",\"breadcrumb\":{\"@id\":\"https:\/\/clavreuil-wordpress.logiciel-arteo.fr\/en\/labat-jean-baptiste-voyage-du-chevalier-des-marchais-en-guinee-isles-voisines-et-a-cayenne-fait-en-1725-1726-1727-contenant-une-description-tres-exacte-tres-etendue-de-ces-pais-amp\/#breadcrumb\"},\"inLanguage\":\"en-US\",\"potentialAction\":[{\"@type\":\"ReadAction\",\"target\":[\"https:\/\/clavreuil-wordpress.logiciel-arteo.fr\/en\/labat-jean-baptiste-voyage-du-chevalier-des-marchais-en-guinee-isles-voisines-et-a-cayenne-fait-en-1725-1726-1727-contenant-une-description-tres-exacte-tres-etendue-de-ces-pais-amp\/\"]}]},{\"@type\":\"ImageObject\",\"inLanguage\":\"en-US\",\"@id\":\"https:\/\/clavreuil-wordpress.logiciel-arteo.fr\/en\/labat-jean-baptiste-voyage-du-chevalier-des-marchais-en-guinee-isles-voisines-et-a-cayenne-fait-en-1725-1726-1727-contenant-une-description-tres-exacte-tres-etendue-de-ces-pais-amp\/#primaryimage\",\"url\":\"https:\/\/clavreuil-wordpress.logiciel-arteo.fr\/wp-content\/uploads\/2024\/04\/jean-baptiste-labat-voyage-du-chevalier-des-marchais-en-guinee-isles-voisines-et-a-cayenne-fait-en-1725-1726-1727-contenant-une-description-tres-exact.jpg\",\"contentUrl\":\"https:\/\/clavreuil-wordpress.logiciel-arteo.fr\/wp-content\/uploads\/2024\/04\/jean-baptiste-labat-voyage-du-chevalier-des-marchais-en-guinee-isles-voisines-et-a-cayenne-fait-en-1725-1726-1727-contenant-une-description-tres-exact.jpg\",\"width\":1893,\"height\":2525},{\"@type\":\"BreadcrumbList\",\"@id\":\"https:\/\/clavreuil-wordpress.logiciel-arteo.fr\/en\/labat-jean-baptiste-voyage-du-chevalier-des-marchais-en-guinee-isles-voisines-et-a-cayenne-fait-en-1725-1726-1727-contenant-une-description-tres-exacte-tres-etendue-de-ces-pais-amp\/#breadcrumb\",\"itemListElement\":[{\"@type\":\"ListItem\",\"position\":1,\"name\":\"Accueil\",\"item\":\"https:\/\/clavreuil-wordpress.logiciel-arteo.fr\/\"},{\"@type\":\"ListItem\",\"position\":2,\"name\":\"All our books\",\"item\":\"https:\/\/clavreuil-wordpress.logiciel-arteo.fr\/en\/all-our-books\/\"},{\"@type\":\"ListItem\",\"position\":3,\"name\":\"LABAT Jean-Baptiste Voyage du Chevalier Des Marchais en...\"}]},{\"@type\":\"WebSite\",\"@id\":\"https:\/\/clavreuil-wordpress.logiciel-arteo.fr\/#website\",\"url\":\"https:\/\/clavreuil-wordpress.logiciel-arteo.fr\/\",\"name\":\"Libairie Clavreuil\",\"description\":\"\",\"publisher\":{\"@id\":\"https:\/\/clavreuil-wordpress.logiciel-arteo.fr\/#organization\"},\"potentialAction\":[{\"@type\":\"SearchAction\",\"target\":{\"@type\":\"EntryPoint\",\"urlTemplate\":\"https:\/\/clavreuil-wordpress.logiciel-arteo.fr\/?s={search_term_string}\"},\"query-input\":{\"@type\":\"PropertyValueSpecification\",\"valueRequired\":true,\"valueName\":\"search_term_string\"}}],\"inLanguage\":\"en-US\"},{\"@type\":\"Organization\",\"@id\":\"https:\/\/clavreuil-wordpress.logiciel-arteo.fr\/#organization\",\"name\":\"Libairie Clavreuil\",\"url\":\"https:\/\/clavreuil-wordpress.logiciel-arteo.fr\/\",\"logo\":{\"@type\":\"ImageObject\",\"inLanguage\":\"en-US\",\"@id\":\"https:\/\/clavreuil-wordpress.logiciel-arteo.fr\/#\/schema\/logo\/image\/\",\"url\":\"https:\/\/clavreuil-wordpress.logiciel-arteo.fr\/wp-content\/uploads\/2021\/05\/LOGO_PNG_DATE-_gold.png\",\"contentUrl\":\"https:\/\/clavreuil-wordpress.logiciel-arteo.fr\/wp-content\/uploads\/2021\/05\/LOGO_PNG_DATE-_gold.png\",\"width\":2083,\"height\":1917,\"caption\":\"Libairie Clavreuil\"},\"image\":{\"@id\":\"https:\/\/clavreuil-wordpress.logiciel-arteo.fr\/#\/schema\/logo\/image\/\"}}]}<\/script>\n<!-- \/ Yoast SEO plugin. -->","yoast_head_json":{"title":"LABAT Jean-Baptiste Voyage du Chevalier Des Marchais en Guin\u00e9e, isles voisines, et \u00e0 Cayenne, Fait en 1725, 1726 &amp; 1727. Contenant une Description tr\u00e8s exacte &amp; tr\u00e8s \u00e9tendu\u00eb de ces Pa\u00efs, &amp; du Commerce qui s'y fait. - Libairie Clavreuil","robots":{"index":"noindex","follow":"follow","max-snippet":"max-snippet:-1","max-image-preview":"max-image-preview:large","max-video-preview":"max-video-preview:-1"},"og_locale":"en_US","og_type":"article","og_title":"LABAT Jean-Baptiste Voyage du Chevalier Des Marchais en Guin\u00e9e, isles voisines, et \u00e0 Cayenne, Fait en 1725, 1726 &amp; 1727. Contenant une Description tr\u00e8s exacte &amp; tr\u00e8s \u00e9tendu\u00eb de ces Pa\u00efs, &amp; du Commerce qui s'y fait. - Libairie Clavreuil","og_description":"4 volumes, 12mo (163 x 96 mm) engraved title, XXIV pp., 1 nn.l., 381 pp., 14 engraved paltes for volume I; 2 nn.ll., 364 pp., 12 engraved paltes for volume II; 2 nn.ll., 350 pp., 4 engraved plates for volume III; 2 nn.ll., pp. 345 to 681, 18 nn.ll., 1 engraved folding map for volume IV. Contemporary marbled calf, spine gilt with raised bands, red edges.","og_url":"https:\/\/clavreuil-wordpress.logiciel-arteo.fr\/en\/labat-jean-baptiste-voyage-du-chevalier-des-marchais-en-guinee-isles-voisines-et-a-cayenne-fait-en-1725-1726-1727-contenant-une-description-tres-exacte-tres-etendue-de-ces-pais-amp\/","og_site_name":"Libairie Clavreuil","article_modified_time":"2024-04-24T14:06:06+00:00","og_image":[{"width":768,"height":1024,"url":"https:\/\/clavreuil-wordpress.logiciel-arteo.fr\/wp-content\/uploads\/2024\/04\/jean-baptiste-labat-voyage-du-chevalier-des-marchais-en-guinee-isles-voisines-et-a-cayenne-fait-en-1725-1726-1727-contenant-une-description-tres-exact-768x1024.jpg","type":"image\/jpeg"}],"twitter_card":"summary_large_image","twitter_misc":{"Est. reading time":"1 minute"},"schema":{"@context":"https:\/\/schema.org","@graph":[{"@type":"WebPage","@id":"https:\/\/clavreuil-wordpress.logiciel-arteo.fr\/en\/labat-jean-baptiste-voyage-du-chevalier-des-marchais-en-guinee-isles-voisines-et-a-cayenne-fait-en-1725-1726-1727-contenant-une-description-tres-exacte-tres-etendue-de-ces-pais-amp\/","url":"https:\/\/clavreuil-wordpress.logiciel-arteo.fr\/en\/labat-jean-baptiste-voyage-du-chevalier-des-marchais-en-guinee-isles-voisines-et-a-cayenne-fait-en-1725-1726-1727-contenant-une-description-tres-exacte-tres-etendue-de-ces-pais-amp\/","name":"LABAT Jean-Baptiste Voyage du Chevalier Des Marchais en Guin\u00e9e, isles voisines, et \u00e0 Cayenne, Fait en 1725, 1726 &amp; 1727. Contenant une Description tr\u00e8s exacte &amp; tr\u00e8s \u00e9tendu\u00eb de ces Pa\u00efs, &amp; du Commerce qui s'y fait. - Libairie Clavreuil","isPartOf":{"@id":"https:\/\/clavreuil-wordpress.logiciel-arteo.fr\/#website"},"primaryImageOfPage":{"@id":"https:\/\/clavreuil-wordpress.logiciel-arteo.fr\/en\/labat-jean-baptiste-voyage-du-chevalier-des-marchais-en-guinee-isles-voisines-et-a-cayenne-fait-en-1725-1726-1727-contenant-une-description-tres-exacte-tres-etendue-de-ces-pais-amp\/#primaryimage"},"image":{"@id":"https:\/\/clavreuil-wordpress.logiciel-arteo.fr\/en\/labat-jean-baptiste-voyage-du-chevalier-des-marchais-en-guinee-isles-voisines-et-a-cayenne-fait-en-1725-1726-1727-contenant-une-description-tres-exacte-tres-etendue-de-ces-pais-amp\/#primaryimage"},"thumbnailUrl":"https:\/\/clavreuil-wordpress.logiciel-arteo.fr\/wp-content\/uploads\/2024\/04\/jean-baptiste-labat-voyage-du-chevalier-des-marchais-en-guinee-isles-voisines-et-a-cayenne-fait-en-1725-1726-1727-contenant-une-description-tres-exact.jpg","datePublished":"2024-04-24T14:05:29+00:00","dateModified":"2024-04-24T14:06:06+00:00","breadcrumb":{"@id":"https:\/\/clavreuil-wordpress.logiciel-arteo.fr\/en\/labat-jean-baptiste-voyage-du-chevalier-des-marchais-en-guinee-isles-voisines-et-a-cayenne-fait-en-1725-1726-1727-contenant-une-description-tres-exacte-tres-etendue-de-ces-pais-amp\/#breadcrumb"},"inLanguage":"en-US","potentialAction":[{"@type":"ReadAction","target":["https:\/\/clavreuil-wordpress.logiciel-arteo.fr\/en\/labat-jean-baptiste-voyage-du-chevalier-des-marchais-en-guinee-isles-voisines-et-a-cayenne-fait-en-1725-1726-1727-contenant-une-description-tres-exacte-tres-etendue-de-ces-pais-amp\/"]}]},{"@type":"ImageObject","inLanguage":"en-US","@id":"https:\/\/clavreuil-wordpress.logiciel-arteo.fr\/en\/labat-jean-baptiste-voyage-du-chevalier-des-marchais-en-guinee-isles-voisines-et-a-cayenne-fait-en-1725-1726-1727-contenant-une-description-tres-exacte-tres-etendue-de-ces-pais-amp\/#primaryimage","url":"https:\/\/clavreuil-wordpress.logiciel-arteo.fr\/wp-content\/uploads\/2024\/04\/jean-baptiste-labat-voyage-du-chevalier-des-marchais-en-guinee-isles-voisines-et-a-cayenne-fait-en-1725-1726-1727-contenant-une-description-tres-exact.jpg","contentUrl":"https:\/\/clavreuil-wordpress.logiciel-arteo.fr\/wp-content\/uploads\/2024\/04\/jean-baptiste-labat-voyage-du-chevalier-des-marchais-en-guinee-isles-voisines-et-a-cayenne-fait-en-1725-1726-1727-contenant-une-description-tres-exact.jpg","width":1893,"height":2525},{"@type":"BreadcrumbList","@id":"https:\/\/clavreuil-wordpress.logiciel-arteo.fr\/en\/labat-jean-baptiste-voyage-du-chevalier-des-marchais-en-guinee-isles-voisines-et-a-cayenne-fait-en-1725-1726-1727-contenant-une-description-tres-exacte-tres-etendue-de-ces-pais-amp\/#breadcrumb","itemListElement":[{"@type":"ListItem","position":1,"name":"Accueil","item":"https:\/\/clavreuil-wordpress.logiciel-arteo.fr\/"},{"@type":"ListItem","position":2,"name":"All our books","item":"https:\/\/clavreuil-wordpress.logiciel-arteo.fr\/en\/all-our-books\/"},{"@type":"ListItem","position":3,"name":"LABAT Jean-Baptiste Voyage du Chevalier Des Marchais en..."}]},{"@type":"WebSite","@id":"https:\/\/clavreuil-wordpress.logiciel-arteo.fr\/#website","url":"https:\/\/clavreuil-wordpress.logiciel-arteo.fr\/","name":"Libairie Clavreuil","description":"","publisher":{"@id":"https:\/\/clavreuil-wordpress.logiciel-arteo.fr\/#organization"},"potentialAction":[{"@type":"SearchAction","target":{"@type":"EntryPoint","urlTemplate":"https:\/\/clavreuil-wordpress.logiciel-arteo.fr\/?s={search_term_string}"},"query-input":{"@type":"PropertyValueSpecification","valueRequired":true,"valueName":"search_term_string"}}],"inLanguage":"en-US"},{"@type":"Organization","@id":"https:\/\/clavreuil-wordpress.logiciel-arteo.fr\/#organization","name":"Libairie Clavreuil","url":"https:\/\/clavreuil-wordpress.logiciel-arteo.fr\/","logo":{"@type":"ImageObject","inLanguage":"en-US","@id":"https:\/\/clavreuil-wordpress.logiciel-arteo.fr\/#\/schema\/logo\/image\/","url":"https:\/\/clavreuil-wordpress.logiciel-arteo.fr\/wp-content\/uploads\/2021\/05\/LOGO_PNG_DATE-_gold.png","contentUrl":"https:\/\/clavreuil-wordpress.logiciel-arteo.fr\/wp-content\/uploads\/2021\/05\/LOGO_PNG_DATE-_gold.png","width":2083,"height":1917,"caption":"Libairie Clavreuil"},"image":{"@id":"https:\/\/clavreuil-wordpress.logiciel-arteo.fr\/#\/schema\/logo\/image\/"}}]}},"_links":{"self":[{"href":"https:\/\/clavreuil-wordpress.logiciel-arteo.fr\/en\/wp-json\/wp\/v2\/product\/75427","targetHints":{"allow":["GET"]}}],"collection":[{"href":"https:\/\/clavreuil-wordpress.logiciel-arteo.fr\/en\/wp-json\/wp\/v2\/product"}],"about":[{"href":"https:\/\/clavreuil-wordpress.logiciel-arteo.fr\/en\/wp-json\/wp\/v2\/types\/product"}],"replies":[{"embeddable":true,"href":"https:\/\/clavreuil-wordpress.logiciel-arteo.fr\/en\/wp-json\/wp\/v2\/comments?post=75427"}],"wp:featuredmedia":[{"embeddable":true,"href":"https:\/\/clavreuil-wordpress.logiciel-arteo.fr\/en\/wp-json\/wp\/v2\/media\/75416"}],"wp:attachment":[{"href":"https:\/\/clavreuil-wordpress.logiciel-arteo.fr\/en\/wp-json\/wp\/v2\/media?parent=75427"}],"wp:term":[{"taxonomy":"product_brand","embeddable":true,"href":"https:\/\/clavreuil-wordpress.logiciel-arteo.fr\/en\/wp-json\/wp\/v2\/product_brand?post=75427"},{"taxonomy":"product_cat","embeddable":true,"href":"https:\/\/clavreuil-wordpress.logiciel-arteo.fr\/en\/wp-json\/wp\/v2\/product_cat?post=75427"},{"taxonomy":"product_tag","embeddable":true,"href":"https:\/\/clavreuil-wordpress.logiciel-arteo.fr\/en\/wp-json\/wp\/v2\/product_tag?post=75427"}],"curies":[{"name":"wp","href":"https:\/\/api.w.org\/{rel}","templated":true}]}}