{"id":75437,"date":"2024-04-24T16:20:32","date_gmt":"2024-04-24T14:20:32","guid":{"rendered":"https:\/\/clavreuil-wordpress.logiciel-arteo.fr\/charlevoix-pierre-francois-xavier-de-histoire-de-lisle-espagnole-ou-de-s-domingue-ecrites-particulierement-sur-les-memoires-manuscrits-du-p-jean-baptiste-le-pers-jesuite-missionnaire-a-saint-d\/"},"modified":"2024-04-24T16:21:40","modified_gmt":"2024-04-24T14:21:40","slug":"charlevoix-pierre-francois-xavier-de-histoire-de-lisle-espagnole-ou-de-s-domingue-ecrites-particulierement-sur-les-memoires-manuscrits-du-p-jean-baptiste-le-pers-jesuite-missionnaire-a-saint-d","status":"publish","type":"product","link":"https:\/\/clavreuil-wordpress.logiciel-arteo.fr\/en\/charlevoix-pierre-francois-xavier-de-histoire-de-lisle-espagnole-ou-de-s-domingue-ecrites-particulierement-sur-les-memoires-manuscrits-du-p-jean-baptiste-le-pers-jesuite-missionnaire-a-saint-d\/","title":{"rendered":"CHARLEVOIX Pierre-Fran\u00e7ois-Xavier de Histoire de l&#8217;Isle espagnole ou..."},"content":{"rendered":"<p style=\"text-align:justify\"><em>Sabin, 12128 ; Palau, 67166 ; Leclerc, 1372 ; see&nbsp;de Backer-Sommervogel, II, 1076 (for the 4to edition).<\/em><\/p>\n<p style=\"text-align:justify\">First 12mo edition, published after the original quarto edition from 1731.<\/p>\n<p style=\"text-align:justify\">It is profusely illustrated with 4 (repeated) engraved frontispieces and 20 plates (including 18 maps and plans).<\/p>\n<p style=\"text-align:justify\">Nice and crisp copy.<\/p>\n<p style=\"text-align:justify\">Book plate of Ch&acirc;teau de Rosny.<\/p>\n","protected":false},"excerpt":{"rendered":"<p>4 volumes, 12mo (160 x 198 mm) engraved frontispiece, title, XXIV, 292 pp., for volume I; engraved frontispiece, title, XIV, 390 pp. for volume II; engraved frontispiece, XII pp. (including title), 302 pp. for volume III; engraved frontispiece, title, XII, 429 pp. for volume IV. Contemporary vellum, red morocco spine lables added in the 19th century.<\/p>\n","protected":false},"featured_media":75428,"comment_status":"open","ping_status":"closed","template":"","meta":{"_acf_changed":false},"product_brand":[],"product_cat":[552],"product_tag":[1363],"class_list":{"0":"post-75437","1":"product","2":"type-product","3":"status-publish","4":"has-post-thumbnail","6":"product_cat-travel","7":"product_tag-caribbean","8":"pa_auteur-pierre-francois-xavier-de-charlevoix-2","9":"pa_type-de-livre-printed-book","11":"first","12":"instock","13":"shipping-taxable","14":"purchasable","15":"product-type-simple"},"acf":[],"yoast_head":"<!-- This site is optimized with the Yoast SEO plugin v24.3 - https:\/\/yoast.com\/wordpress\/plugins\/seo\/ -->\n<title>CHARLEVOIX Pierre-Fran\u00e7ois-Xavier de Histoire de l&#039;Isle espagnole ou de S. Domingue. Ecrites particuli\u00e8rement sur les M\u00e9moires Manuscrits du P. Jean-Baptiste Le Pers, J\u00e9suite, Missionnaire \u00e0 Saint Domingue, &amp; sur les Pi\u00e8ces Originales, qui se conservent au D\u00e9p\u00f4t de la Marine. - Libairie Clavreuil<\/title>\n<meta name=\"robots\" content=\"noindex, follow, max-snippet:-1, max-image-preview:large, max-video-preview:-1\" \/>\n<meta property=\"og:locale\" content=\"en_US\" \/>\n<meta property=\"og:type\" content=\"article\" \/>\n<meta property=\"og:title\" content=\"CHARLEVOIX Pierre-Fran\u00e7ois-Xavier de Histoire de l&#039;Isle espagnole ou de S. Domingue. Ecrites particuli\u00e8rement sur les M\u00e9moires Manuscrits du P. Jean-Baptiste Le Pers, J\u00e9suite, Missionnaire \u00e0 Saint Domingue, &amp; sur les Pi\u00e8ces Originales, qui se conservent au D\u00e9p\u00f4t de la Marine. - Libairie Clavreuil\" \/>\n<meta property=\"og:description\" content=\"4 volumes, 12mo (160 x 198 mm) engraved frontispiece, title, XXIV, 292 pp., for volume I; engraved frontispiece, title, XIV, 390 pp. for volume II; engraved frontispiece, XII pp. (including title), 302 pp. for volume III; engraved frontispiece, title, XII, 429 pp. for volume IV. Contemporary vellum, red morocco spine lables added in the 19th century.\" \/>\n<meta property=\"og:url\" content=\"https:\/\/clavreuil-wordpress.logiciel-arteo.fr\/en\/charlevoix-pierre-francois-xavier-de-histoire-de-lisle-espagnole-ou-de-s-domingue-ecrites-particulierement-sur-les-memoires-manuscrits-du-p-jean-baptiste-le-pers-jesuite-missionnaire-a-saint-d\/\" \/>\n<meta property=\"og:site_name\" content=\"Libairie Clavreuil\" \/>\n<meta property=\"article:modified_time\" content=\"2024-04-24T14:21:40+00:00\" \/>\n<meta property=\"og:image\" content=\"https:\/\/clavreuil-wordpress.logiciel-arteo.fr\/wp-content\/uploads\/2024\/04\/pierre-francois-xavier-de-charlevoix-histoire-de-l-isle-espagnole-ou-de-s-domingue-ecrites-particulierement-sur-les-memoires-manuscrits-du-p-jean-bapt-scaled.jpg\" \/>\n\t<meta property=\"og:image:width\" content=\"2560\" \/>\n\t<meta property=\"og:image:height\" content=\"1996\" \/>\n\t<meta property=\"og:image:type\" content=\"image\/jpeg\" \/>\n<meta name=\"twitter:card\" content=\"summary_large_image\" \/>\n<script type=\"application\/ld+json\" class=\"yoast-schema-graph\">{\"@context\":\"https:\/\/schema.org\",\"@graph\":[{\"@type\":\"WebPage\",\"@id\":\"https:\/\/clavreuil-wordpress.logiciel-arteo.fr\/en\/charlevoix-pierre-francois-xavier-de-histoire-de-lisle-espagnole-ou-de-s-domingue-ecrites-particulierement-sur-les-memoires-manuscrits-du-p-jean-baptiste-le-pers-jesuite-missionnaire-a-saint-d\/\",\"url\":\"https:\/\/clavreuil-wordpress.logiciel-arteo.fr\/en\/charlevoix-pierre-francois-xavier-de-histoire-de-lisle-espagnole-ou-de-s-domingue-ecrites-particulierement-sur-les-memoires-manuscrits-du-p-jean-baptiste-le-pers-jesuite-missionnaire-a-saint-d\/\",\"name\":\"CHARLEVOIX Pierre-Fran\u00e7ois-Xavier de Histoire de l'Isle espagnole ou de S. Domingue. Ecrites particuli\u00e8rement sur les M\u00e9moires Manuscrits du P. Jean-Baptiste Le Pers, J\u00e9suite, Missionnaire \u00e0 Saint Domingue, &amp; sur les Pi\u00e8ces Originales, qui se conservent au D\u00e9p\u00f4t de la Marine. - Libairie Clavreuil\",\"isPartOf\":{\"@id\":\"https:\/\/clavreuil-wordpress.logiciel-arteo.fr\/#website\"},\"primaryImageOfPage\":{\"@id\":\"https:\/\/clavreuil-wordpress.logiciel-arteo.fr\/en\/charlevoix-pierre-francois-xavier-de-histoire-de-lisle-espagnole-ou-de-s-domingue-ecrites-particulierement-sur-les-memoires-manuscrits-du-p-jean-baptiste-le-pers-jesuite-missionnaire-a-saint-d\/#primaryimage\"},\"image\":{\"@id\":\"https:\/\/clavreuil-wordpress.logiciel-arteo.fr\/en\/charlevoix-pierre-francois-xavier-de-histoire-de-lisle-espagnole-ou-de-s-domingue-ecrites-particulierement-sur-les-memoires-manuscrits-du-p-jean-baptiste-le-pers-jesuite-missionnaire-a-saint-d\/#primaryimage\"},\"thumbnailUrl\":\"https:\/\/clavreuil-wordpress.logiciel-arteo.fr\/wp-content\/uploads\/2024\/04\/pierre-francois-xavier-de-charlevoix-histoire-de-l-isle-espagnole-ou-de-s-domingue-ecrites-particulierement-sur-les-memoires-manuscrits-du-p-jean-bapt-scaled.jpg\",\"datePublished\":\"2024-04-24T14:20:32+00:00\",\"dateModified\":\"2024-04-24T14:21:40+00:00\",\"breadcrumb\":{\"@id\":\"https:\/\/clavreuil-wordpress.logiciel-arteo.fr\/en\/charlevoix-pierre-francois-xavier-de-histoire-de-lisle-espagnole-ou-de-s-domingue-ecrites-particulierement-sur-les-memoires-manuscrits-du-p-jean-baptiste-le-pers-jesuite-missionnaire-a-saint-d\/#breadcrumb\"},\"inLanguage\":\"en-US\",\"potentialAction\":[{\"@type\":\"ReadAction\",\"target\":[\"https:\/\/clavreuil-wordpress.logiciel-arteo.fr\/en\/charlevoix-pierre-francois-xavier-de-histoire-de-lisle-espagnole-ou-de-s-domingue-ecrites-particulierement-sur-les-memoires-manuscrits-du-p-jean-baptiste-le-pers-jesuite-missionnaire-a-saint-d\/\"]}]},{\"@type\":\"ImageObject\",\"inLanguage\":\"en-US\",\"@id\":\"https:\/\/clavreuil-wordpress.logiciel-arteo.fr\/en\/charlevoix-pierre-francois-xavier-de-histoire-de-lisle-espagnole-ou-de-s-domingue-ecrites-particulierement-sur-les-memoires-manuscrits-du-p-jean-baptiste-le-pers-jesuite-missionnaire-a-saint-d\/#primaryimage\",\"url\":\"https:\/\/clavreuil-wordpress.logiciel-arteo.fr\/wp-content\/uploads\/2024\/04\/pierre-francois-xavier-de-charlevoix-histoire-de-l-isle-espagnole-ou-de-s-domingue-ecrites-particulierement-sur-les-memoires-manuscrits-du-p-jean-bapt-scaled.jpg\",\"contentUrl\":\"https:\/\/clavreuil-wordpress.logiciel-arteo.fr\/wp-content\/uploads\/2024\/04\/pierre-francois-xavier-de-charlevoix-histoire-de-l-isle-espagnole-ou-de-s-domingue-ecrites-particulierement-sur-les-memoires-manuscrits-du-p-jean-bapt-scaled.jpg\",\"width\":2560,\"height\":1996},{\"@type\":\"BreadcrumbList\",\"@id\":\"https:\/\/clavreuil-wordpress.logiciel-arteo.fr\/en\/charlevoix-pierre-francois-xavier-de-histoire-de-lisle-espagnole-ou-de-s-domingue-ecrites-particulierement-sur-les-memoires-manuscrits-du-p-jean-baptiste-le-pers-jesuite-missionnaire-a-saint-d\/#breadcrumb\",\"itemListElement\":[{\"@type\":\"ListItem\",\"position\":1,\"name\":\"Accueil\",\"item\":\"https:\/\/clavreuil-wordpress.logiciel-arteo.fr\/\"},{\"@type\":\"ListItem\",\"position\":2,\"name\":\"All our books\",\"item\":\"https:\/\/clavreuil-wordpress.logiciel-arteo.fr\/en\/all-our-books\/\"},{\"@type\":\"ListItem\",\"position\":3,\"name\":\"CHARLEVOIX Pierre-Fran\u00e7ois-Xavier de Histoire de l&#8217;Isle espagnole ou...\"}]},{\"@type\":\"WebSite\",\"@id\":\"https:\/\/clavreuil-wordpress.logiciel-arteo.fr\/#website\",\"url\":\"https:\/\/clavreuil-wordpress.logiciel-arteo.fr\/\",\"name\":\"Libairie Clavreuil\",\"description\":\"\",\"publisher\":{\"@id\":\"https:\/\/clavreuil-wordpress.logiciel-arteo.fr\/#organization\"},\"potentialAction\":[{\"@type\":\"SearchAction\",\"target\":{\"@type\":\"EntryPoint\",\"urlTemplate\":\"https:\/\/clavreuil-wordpress.logiciel-arteo.fr\/?s={search_term_string}\"},\"query-input\":{\"@type\":\"PropertyValueSpecification\",\"valueRequired\":true,\"valueName\":\"search_term_string\"}}],\"inLanguage\":\"en-US\"},{\"@type\":\"Organization\",\"@id\":\"https:\/\/clavreuil-wordpress.logiciel-arteo.fr\/#organization\",\"name\":\"Libairie Clavreuil\",\"url\":\"https:\/\/clavreuil-wordpress.logiciel-arteo.fr\/\",\"logo\":{\"@type\":\"ImageObject\",\"inLanguage\":\"en-US\",\"@id\":\"https:\/\/clavreuil-wordpress.logiciel-arteo.fr\/#\/schema\/logo\/image\/\",\"url\":\"https:\/\/clavreuil-wordpress.logiciel-arteo.fr\/wp-content\/uploads\/2021\/05\/LOGO_PNG_DATE-_gold.png\",\"contentUrl\":\"https:\/\/clavreuil-wordpress.logiciel-arteo.fr\/wp-content\/uploads\/2021\/05\/LOGO_PNG_DATE-_gold.png\",\"width\":2083,\"height\":1917,\"caption\":\"Libairie Clavreuil\"},\"image\":{\"@id\":\"https:\/\/clavreuil-wordpress.logiciel-arteo.fr\/#\/schema\/logo\/image\/\"}}]}<\/script>\n<!-- \/ Yoast SEO plugin. -->","yoast_head_json":{"title":"CHARLEVOIX Pierre-Fran\u00e7ois-Xavier de Histoire de l'Isle espagnole ou de S. Domingue. Ecrites particuli\u00e8rement sur les M\u00e9moires Manuscrits du P. Jean-Baptiste Le Pers, J\u00e9suite, Missionnaire \u00e0 Saint Domingue, &amp; sur les Pi\u00e8ces Originales, qui se conservent au D\u00e9p\u00f4t de la Marine. - Libairie Clavreuil","robots":{"index":"noindex","follow":"follow","max-snippet":"max-snippet:-1","max-image-preview":"max-image-preview:large","max-video-preview":"max-video-preview:-1"},"og_locale":"en_US","og_type":"article","og_title":"CHARLEVOIX Pierre-Fran\u00e7ois-Xavier de Histoire de l'Isle espagnole ou de S. Domingue. Ecrites particuli\u00e8rement sur les M\u00e9moires Manuscrits du P. Jean-Baptiste Le Pers, J\u00e9suite, Missionnaire \u00e0 Saint Domingue, &amp; sur les Pi\u00e8ces Originales, qui se conservent au D\u00e9p\u00f4t de la Marine. - Libairie Clavreuil","og_description":"4 volumes, 12mo (160 x 198 mm) engraved frontispiece, title, XXIV, 292 pp., for volume I; engraved frontispiece, title, XIV, 390 pp. for volume II; engraved frontispiece, XII pp. (including title), 302 pp. for volume III; engraved frontispiece, title, XII, 429 pp. for volume IV. Contemporary vellum, red morocco spine lables added in the 19th century.","og_url":"https:\/\/clavreuil-wordpress.logiciel-arteo.fr\/en\/charlevoix-pierre-francois-xavier-de-histoire-de-lisle-espagnole-ou-de-s-domingue-ecrites-particulierement-sur-les-memoires-manuscrits-du-p-jean-baptiste-le-pers-jesuite-missionnaire-a-saint-d\/","og_site_name":"Libairie Clavreuil","article_modified_time":"2024-04-24T14:21:40+00:00","og_image":[{"width":2560,"height":1996,"url":"https:\/\/clavreuil-wordpress.logiciel-arteo.fr\/wp-content\/uploads\/2024\/04\/pierre-francois-xavier-de-charlevoix-histoire-de-l-isle-espagnole-ou-de-s-domingue-ecrites-particulierement-sur-les-memoires-manuscrits-du-p-jean-bapt-scaled.jpg","type":"image\/jpeg"}],"twitter_card":"summary_large_image","schema":{"@context":"https:\/\/schema.org","@graph":[{"@type":"WebPage","@id":"https:\/\/clavreuil-wordpress.logiciel-arteo.fr\/en\/charlevoix-pierre-francois-xavier-de-histoire-de-lisle-espagnole-ou-de-s-domingue-ecrites-particulierement-sur-les-memoires-manuscrits-du-p-jean-baptiste-le-pers-jesuite-missionnaire-a-saint-d\/","url":"https:\/\/clavreuil-wordpress.logiciel-arteo.fr\/en\/charlevoix-pierre-francois-xavier-de-histoire-de-lisle-espagnole-ou-de-s-domingue-ecrites-particulierement-sur-les-memoires-manuscrits-du-p-jean-baptiste-le-pers-jesuite-missionnaire-a-saint-d\/","name":"CHARLEVOIX Pierre-Fran\u00e7ois-Xavier de Histoire de l'Isle espagnole ou de S. Domingue. Ecrites particuli\u00e8rement sur les M\u00e9moires Manuscrits du P. Jean-Baptiste Le Pers, J\u00e9suite, Missionnaire \u00e0 Saint Domingue, &amp; sur les Pi\u00e8ces Originales, qui se conservent au D\u00e9p\u00f4t de la Marine. - Libairie Clavreuil","isPartOf":{"@id":"https:\/\/clavreuil-wordpress.logiciel-arteo.fr\/#website"},"primaryImageOfPage":{"@id":"https:\/\/clavreuil-wordpress.logiciel-arteo.fr\/en\/charlevoix-pierre-francois-xavier-de-histoire-de-lisle-espagnole-ou-de-s-domingue-ecrites-particulierement-sur-les-memoires-manuscrits-du-p-jean-baptiste-le-pers-jesuite-missionnaire-a-saint-d\/#primaryimage"},"image":{"@id":"https:\/\/clavreuil-wordpress.logiciel-arteo.fr\/en\/charlevoix-pierre-francois-xavier-de-histoire-de-lisle-espagnole-ou-de-s-domingue-ecrites-particulierement-sur-les-memoires-manuscrits-du-p-jean-baptiste-le-pers-jesuite-missionnaire-a-saint-d\/#primaryimage"},"thumbnailUrl":"https:\/\/clavreuil-wordpress.logiciel-arteo.fr\/wp-content\/uploads\/2024\/04\/pierre-francois-xavier-de-charlevoix-histoire-de-l-isle-espagnole-ou-de-s-domingue-ecrites-particulierement-sur-les-memoires-manuscrits-du-p-jean-bapt-scaled.jpg","datePublished":"2024-04-24T14:20:32+00:00","dateModified":"2024-04-24T14:21:40+00:00","breadcrumb":{"@id":"https:\/\/clavreuil-wordpress.logiciel-arteo.fr\/en\/charlevoix-pierre-francois-xavier-de-histoire-de-lisle-espagnole-ou-de-s-domingue-ecrites-particulierement-sur-les-memoires-manuscrits-du-p-jean-baptiste-le-pers-jesuite-missionnaire-a-saint-d\/#breadcrumb"},"inLanguage":"en-US","potentialAction":[{"@type":"ReadAction","target":["https:\/\/clavreuil-wordpress.logiciel-arteo.fr\/en\/charlevoix-pierre-francois-xavier-de-histoire-de-lisle-espagnole-ou-de-s-domingue-ecrites-particulierement-sur-les-memoires-manuscrits-du-p-jean-baptiste-le-pers-jesuite-missionnaire-a-saint-d\/"]}]},{"@type":"ImageObject","inLanguage":"en-US","@id":"https:\/\/clavreuil-wordpress.logiciel-arteo.fr\/en\/charlevoix-pierre-francois-xavier-de-histoire-de-lisle-espagnole-ou-de-s-domingue-ecrites-particulierement-sur-les-memoires-manuscrits-du-p-jean-baptiste-le-pers-jesuite-missionnaire-a-saint-d\/#primaryimage","url":"https:\/\/clavreuil-wordpress.logiciel-arteo.fr\/wp-content\/uploads\/2024\/04\/pierre-francois-xavier-de-charlevoix-histoire-de-l-isle-espagnole-ou-de-s-domingue-ecrites-particulierement-sur-les-memoires-manuscrits-du-p-jean-bapt-scaled.jpg","contentUrl":"https:\/\/clavreuil-wordpress.logiciel-arteo.fr\/wp-content\/uploads\/2024\/04\/pierre-francois-xavier-de-charlevoix-histoire-de-l-isle-espagnole-ou-de-s-domingue-ecrites-particulierement-sur-les-memoires-manuscrits-du-p-jean-bapt-scaled.jpg","width":2560,"height":1996},{"@type":"BreadcrumbList","@id":"https:\/\/clavreuil-wordpress.logiciel-arteo.fr\/en\/charlevoix-pierre-francois-xavier-de-histoire-de-lisle-espagnole-ou-de-s-domingue-ecrites-particulierement-sur-les-memoires-manuscrits-du-p-jean-baptiste-le-pers-jesuite-missionnaire-a-saint-d\/#breadcrumb","itemListElement":[{"@type":"ListItem","position":1,"name":"Accueil","item":"https:\/\/clavreuil-wordpress.logiciel-arteo.fr\/"},{"@type":"ListItem","position":2,"name":"All our books","item":"https:\/\/clavreuil-wordpress.logiciel-arteo.fr\/en\/all-our-books\/"},{"@type":"ListItem","position":3,"name":"CHARLEVOIX Pierre-Fran\u00e7ois-Xavier de Histoire de l&#8217;Isle espagnole ou..."}]},{"@type":"WebSite","@id":"https:\/\/clavreuil-wordpress.logiciel-arteo.fr\/#website","url":"https:\/\/clavreuil-wordpress.logiciel-arteo.fr\/","name":"Libairie Clavreuil","description":"","publisher":{"@id":"https:\/\/clavreuil-wordpress.logiciel-arteo.fr\/#organization"},"potentialAction":[{"@type":"SearchAction","target":{"@type":"EntryPoint","urlTemplate":"https:\/\/clavreuil-wordpress.logiciel-arteo.fr\/?s={search_term_string}"},"query-input":{"@type":"PropertyValueSpecification","valueRequired":true,"valueName":"search_term_string"}}],"inLanguage":"en-US"},{"@type":"Organization","@id":"https:\/\/clavreuil-wordpress.logiciel-arteo.fr\/#organization","name":"Libairie Clavreuil","url":"https:\/\/clavreuil-wordpress.logiciel-arteo.fr\/","logo":{"@type":"ImageObject","inLanguage":"en-US","@id":"https:\/\/clavreuil-wordpress.logiciel-arteo.fr\/#\/schema\/logo\/image\/","url":"https:\/\/clavreuil-wordpress.logiciel-arteo.fr\/wp-content\/uploads\/2021\/05\/LOGO_PNG_DATE-_gold.png","contentUrl":"https:\/\/clavreuil-wordpress.logiciel-arteo.fr\/wp-content\/uploads\/2021\/05\/LOGO_PNG_DATE-_gold.png","width":2083,"height":1917,"caption":"Libairie Clavreuil"},"image":{"@id":"https:\/\/clavreuil-wordpress.logiciel-arteo.fr\/#\/schema\/logo\/image\/"}}]}},"_links":{"self":[{"href":"https:\/\/clavreuil-wordpress.logiciel-arteo.fr\/en\/wp-json\/wp\/v2\/product\/75437","targetHints":{"allow":["GET"]}}],"collection":[{"href":"https:\/\/clavreuil-wordpress.logiciel-arteo.fr\/en\/wp-json\/wp\/v2\/product"}],"about":[{"href":"https:\/\/clavreuil-wordpress.logiciel-arteo.fr\/en\/wp-json\/wp\/v2\/types\/product"}],"replies":[{"embeddable":true,"href":"https:\/\/clavreuil-wordpress.logiciel-arteo.fr\/en\/wp-json\/wp\/v2\/comments?post=75437"}],"wp:featuredmedia":[{"embeddable":true,"href":"https:\/\/clavreuil-wordpress.logiciel-arteo.fr\/en\/wp-json\/wp\/v2\/media\/75428"}],"wp:attachment":[{"href":"https:\/\/clavreuil-wordpress.logiciel-arteo.fr\/en\/wp-json\/wp\/v2\/media?parent=75437"}],"wp:term":[{"taxonomy":"product_brand","embeddable":true,"href":"https:\/\/clavreuil-wordpress.logiciel-arteo.fr\/en\/wp-json\/wp\/v2\/product_brand?post=75437"},{"taxonomy":"product_cat","embeddable":true,"href":"https:\/\/clavreuil-wordpress.logiciel-arteo.fr\/en\/wp-json\/wp\/v2\/product_cat?post=75437"},{"taxonomy":"product_tag","embeddable":true,"href":"https:\/\/clavreuil-wordpress.logiciel-arteo.fr\/en\/wp-json\/wp\/v2\/product_tag?post=75437"}],"curies":[{"name":"wp","href":"https:\/\/api.w.org\/{rel}","templated":true}]}}