{"id":75451,"date":"2024-04-24T16:21:53","date_gmt":"2024-04-24T14:21:53","guid":{"rendered":"https:\/\/clavreuil-wordpress.logiciel-arteo.fr\/guillermin-gilbert-journal-historique-de-la-revolution-de-la-partie-de-lest-de-saint-domingue-commencee-le-10-aout-1808-avec-des-notes-statistiques-sur-cette-partie\/"},"modified":"2024-04-24T16:22:26","modified_gmt":"2024-04-24T14:22:26","slug":"guillermin-gilbert-journal-historique-de-la-revolution-de-la-partie-de-lest-de-saint-domingue-commencee-le-10-aout-1808-avec-des-notes-statistiques-sur-cette-partie","status":"publish","type":"product","link":"https:\/\/clavreuil-wordpress.logiciel-arteo.fr\/en\/guillermin-gilbert-journal-historique-de-la-revolution-de-la-partie-de-lest-de-saint-domingue-commencee-le-10-aout-1808-avec-des-notes-statistiques-sur-cette-partie\/","title":{"rendered":"GUILLERMIN Gilbert Journal historique de la R\u00e9volution de..."},"content":{"rendered":"<p style=\"text-align:justify\"><em>Leclerc, 1286 ; Sabin, 498.<\/em><\/p>\n<p style=\"text-align:justify\">First edition.<\/p>\n<p style=\"text-align:justify\">Guillermin was a member of the general headquarters of the colonial army in the Dominican Republic. Dedicated to Count Decr&egrave;s, then minister of the Marine, the author gives detailed accounts of the price of various foods during the revolution. The folding table gives prices for bread, meat, sugar, oil, etc. and indicates that &quot;rats, although not traded as meat, were eagerly consumed when possible&quot;.<\/p>\n<p style=\"text-align:justify\">Some occasional foxing, some light wear to the binding.<\/p>\n<p style=\"text-align:justify\">Fom the library of J.P. Alaux (book plate).<\/p>\n","protected":false},"excerpt":{"rendered":"<p>8vo (211 x 130 mm) 4 nn.ll. including a portrait, XII, 314 pp., errata leaf and a folding table. Contemporary blue half-calf, flat spine gilt (some wear, front hinge partly split).<\/p>\n","protected":false},"featured_media":75444,"comment_status":"open","ping_status":"closed","template":"","meta":{"_acf_changed":false},"product_brand":[],"product_cat":[552],"product_tag":[1363,1450,620],"class_list":{"0":"post-75451","1":"product","2":"type-product","3":"status-publish","4":"has-post-thumbnail","6":"product_cat-travel","7":"product_tag-caribbean","8":"product_tag-first-edition","9":"product_tag-travel","10":"pa_auteur-gilbert-guillermin-2","11":"pa_type-de-livre-printed-book","13":"first","14":"instock","15":"shipping-taxable","16":"purchasable","17":"product-type-simple"},"acf":[],"yoast_head":"<!-- This site is optimized with the Yoast SEO plugin v24.3 - https:\/\/yoast.com\/wordpress\/plugins\/seo\/ -->\n<title>GUILLERMIN Gilbert Journal historique de la R\u00e9volution de la partie de l&#039;est de Saint-Domingue, commenc\u00e9e le 10 ao\u00fbt 1808 avec des notes statistiques sur cette partie. - Libairie Clavreuil<\/title>\n<meta name=\"robots\" content=\"noindex, follow, max-snippet:-1, max-image-preview:large, max-video-preview:-1\" \/>\n<meta property=\"og:locale\" content=\"en_US\" \/>\n<meta property=\"og:type\" content=\"article\" \/>\n<meta property=\"og:title\" content=\"GUILLERMIN Gilbert Journal historique de la R\u00e9volution de la partie de l&#039;est de Saint-Domingue, commenc\u00e9e le 10 ao\u00fbt 1808 avec des notes statistiques sur cette partie. - Libairie Clavreuil\" \/>\n<meta property=\"og:description\" content=\"8vo (211 x 130 mm) 4 nn.ll. including a portrait, XII, 314 pp., errata leaf and a folding table. Contemporary blue half-calf, flat spine gilt (some wear, front hinge partly split).\" \/>\n<meta property=\"og:url\" content=\"https:\/\/clavreuil-wordpress.logiciel-arteo.fr\/en\/guillermin-gilbert-journal-historique-de-la-revolution-de-la-partie-de-lest-de-saint-domingue-commencee-le-10-aout-1808-avec-des-notes-statistiques-sur-cette-partie\/\" \/>\n<meta property=\"og:site_name\" content=\"Libairie Clavreuil\" \/>\n<meta property=\"article:modified_time\" content=\"2024-04-24T14:22:26+00:00\" \/>\n<meta property=\"og:image\" content=\"https:\/\/clavreuil-wordpress.logiciel-arteo.fr\/wp-content\/uploads\/2024\/04\/gilbert-guillermin-journal-historique-de-la-revolution-de-la-partie-de-l-est-de-saint-domingue-commencee-le-10-aout-1808-avec-des-notes-statistiques-s-scaled.jpg\" \/>\n\t<meta property=\"og:image:width\" content=\"1636\" \/>\n\t<meta property=\"og:image:height\" content=\"2560\" \/>\n\t<meta property=\"og:image:type\" content=\"image\/jpeg\" \/>\n<meta name=\"twitter:card\" content=\"summary_large_image\" \/>\n<script type=\"application\/ld+json\" class=\"yoast-schema-graph\">{\"@context\":\"https:\/\/schema.org\",\"@graph\":[{\"@type\":\"WebPage\",\"@id\":\"https:\/\/clavreuil-wordpress.logiciel-arteo.fr\/en\/guillermin-gilbert-journal-historique-de-la-revolution-de-la-partie-de-lest-de-saint-domingue-commencee-le-10-aout-1808-avec-des-notes-statistiques-sur-cette-partie\/\",\"url\":\"https:\/\/clavreuil-wordpress.logiciel-arteo.fr\/en\/guillermin-gilbert-journal-historique-de-la-revolution-de-la-partie-de-lest-de-saint-domingue-commencee-le-10-aout-1808-avec-des-notes-statistiques-sur-cette-partie\/\",\"name\":\"GUILLERMIN Gilbert Journal historique de la R\u00e9volution de la partie de l'est de Saint-Domingue, commenc\u00e9e le 10 ao\u00fbt 1808 avec des notes statistiques sur cette partie. - Libairie Clavreuil\",\"isPartOf\":{\"@id\":\"https:\/\/clavreuil-wordpress.logiciel-arteo.fr\/#website\"},\"primaryImageOfPage\":{\"@id\":\"https:\/\/clavreuil-wordpress.logiciel-arteo.fr\/en\/guillermin-gilbert-journal-historique-de-la-revolution-de-la-partie-de-lest-de-saint-domingue-commencee-le-10-aout-1808-avec-des-notes-statistiques-sur-cette-partie\/#primaryimage\"},\"image\":{\"@id\":\"https:\/\/clavreuil-wordpress.logiciel-arteo.fr\/en\/guillermin-gilbert-journal-historique-de-la-revolution-de-la-partie-de-lest-de-saint-domingue-commencee-le-10-aout-1808-avec-des-notes-statistiques-sur-cette-partie\/#primaryimage\"},\"thumbnailUrl\":\"https:\/\/clavreuil-wordpress.logiciel-arteo.fr\/wp-content\/uploads\/2024\/04\/gilbert-guillermin-journal-historique-de-la-revolution-de-la-partie-de-l-est-de-saint-domingue-commencee-le-10-aout-1808-avec-des-notes-statistiques-s-scaled.jpg\",\"datePublished\":\"2024-04-24T14:21:53+00:00\",\"dateModified\":\"2024-04-24T14:22:26+00:00\",\"breadcrumb\":{\"@id\":\"https:\/\/clavreuil-wordpress.logiciel-arteo.fr\/en\/guillermin-gilbert-journal-historique-de-la-revolution-de-la-partie-de-lest-de-saint-domingue-commencee-le-10-aout-1808-avec-des-notes-statistiques-sur-cette-partie\/#breadcrumb\"},\"inLanguage\":\"en-US\",\"potentialAction\":[{\"@type\":\"ReadAction\",\"target\":[\"https:\/\/clavreuil-wordpress.logiciel-arteo.fr\/en\/guillermin-gilbert-journal-historique-de-la-revolution-de-la-partie-de-lest-de-saint-domingue-commencee-le-10-aout-1808-avec-des-notes-statistiques-sur-cette-partie\/\"]}]},{\"@type\":\"ImageObject\",\"inLanguage\":\"en-US\",\"@id\":\"https:\/\/clavreuil-wordpress.logiciel-arteo.fr\/en\/guillermin-gilbert-journal-historique-de-la-revolution-de-la-partie-de-lest-de-saint-domingue-commencee-le-10-aout-1808-avec-des-notes-statistiques-sur-cette-partie\/#primaryimage\",\"url\":\"https:\/\/clavreuil-wordpress.logiciel-arteo.fr\/wp-content\/uploads\/2024\/04\/gilbert-guillermin-journal-historique-de-la-revolution-de-la-partie-de-l-est-de-saint-domingue-commencee-le-10-aout-1808-avec-des-notes-statistiques-s-scaled.jpg\",\"contentUrl\":\"https:\/\/clavreuil-wordpress.logiciel-arteo.fr\/wp-content\/uploads\/2024\/04\/gilbert-guillermin-journal-historique-de-la-revolution-de-la-partie-de-l-est-de-saint-domingue-commencee-le-10-aout-1808-avec-des-notes-statistiques-s-scaled.jpg\",\"width\":1636,\"height\":2560},{\"@type\":\"BreadcrumbList\",\"@id\":\"https:\/\/clavreuil-wordpress.logiciel-arteo.fr\/en\/guillermin-gilbert-journal-historique-de-la-revolution-de-la-partie-de-lest-de-saint-domingue-commencee-le-10-aout-1808-avec-des-notes-statistiques-sur-cette-partie\/#breadcrumb\",\"itemListElement\":[{\"@type\":\"ListItem\",\"position\":1,\"name\":\"Accueil\",\"item\":\"https:\/\/clavreuil-wordpress.logiciel-arteo.fr\/\"},{\"@type\":\"ListItem\",\"position\":2,\"name\":\"All our books\",\"item\":\"https:\/\/clavreuil-wordpress.logiciel-arteo.fr\/en\/all-our-books\/\"},{\"@type\":\"ListItem\",\"position\":3,\"name\":\"GUILLERMIN Gilbert Journal historique de la R\u00e9volution de...\"}]},{\"@type\":\"WebSite\",\"@id\":\"https:\/\/clavreuil-wordpress.logiciel-arteo.fr\/#website\",\"url\":\"https:\/\/clavreuil-wordpress.logiciel-arteo.fr\/\",\"name\":\"Libairie Clavreuil\",\"description\":\"\",\"publisher\":{\"@id\":\"https:\/\/clavreuil-wordpress.logiciel-arteo.fr\/#organization\"},\"potentialAction\":[{\"@type\":\"SearchAction\",\"target\":{\"@type\":\"EntryPoint\",\"urlTemplate\":\"https:\/\/clavreuil-wordpress.logiciel-arteo.fr\/?s={search_term_string}\"},\"query-input\":{\"@type\":\"PropertyValueSpecification\",\"valueRequired\":true,\"valueName\":\"search_term_string\"}}],\"inLanguage\":\"en-US\"},{\"@type\":\"Organization\",\"@id\":\"https:\/\/clavreuil-wordpress.logiciel-arteo.fr\/#organization\",\"name\":\"Libairie Clavreuil\",\"url\":\"https:\/\/clavreuil-wordpress.logiciel-arteo.fr\/\",\"logo\":{\"@type\":\"ImageObject\",\"inLanguage\":\"en-US\",\"@id\":\"https:\/\/clavreuil-wordpress.logiciel-arteo.fr\/#\/schema\/logo\/image\/\",\"url\":\"https:\/\/clavreuil-wordpress.logiciel-arteo.fr\/wp-content\/uploads\/2021\/05\/LOGO_PNG_DATE-_gold.png\",\"contentUrl\":\"https:\/\/clavreuil-wordpress.logiciel-arteo.fr\/wp-content\/uploads\/2021\/05\/LOGO_PNG_DATE-_gold.png\",\"width\":2083,\"height\":1917,\"caption\":\"Libairie Clavreuil\"},\"image\":{\"@id\":\"https:\/\/clavreuil-wordpress.logiciel-arteo.fr\/#\/schema\/logo\/image\/\"}}]}<\/script>\n<!-- \/ Yoast SEO plugin. -->","yoast_head_json":{"title":"GUILLERMIN Gilbert Journal historique de la R\u00e9volution de la partie de l'est de Saint-Domingue, commenc\u00e9e le 10 ao\u00fbt 1808 avec des notes statistiques sur cette partie. - Libairie Clavreuil","robots":{"index":"noindex","follow":"follow","max-snippet":"max-snippet:-1","max-image-preview":"max-image-preview:large","max-video-preview":"max-video-preview:-1"},"og_locale":"en_US","og_type":"article","og_title":"GUILLERMIN Gilbert Journal historique de la R\u00e9volution de la partie de l'est de Saint-Domingue, commenc\u00e9e le 10 ao\u00fbt 1808 avec des notes statistiques sur cette partie. - Libairie Clavreuil","og_description":"8vo (211 x 130 mm) 4 nn.ll. including a portrait, XII, 314 pp., errata leaf and a folding table. Contemporary blue half-calf, flat spine gilt (some wear, front hinge partly split).","og_url":"https:\/\/clavreuil-wordpress.logiciel-arteo.fr\/en\/guillermin-gilbert-journal-historique-de-la-revolution-de-la-partie-de-lest-de-saint-domingue-commencee-le-10-aout-1808-avec-des-notes-statistiques-sur-cette-partie\/","og_site_name":"Libairie Clavreuil","article_modified_time":"2024-04-24T14:22:26+00:00","og_image":[{"width":1636,"height":2560,"url":"https:\/\/clavreuil-wordpress.logiciel-arteo.fr\/wp-content\/uploads\/2024\/04\/gilbert-guillermin-journal-historique-de-la-revolution-de-la-partie-de-l-est-de-saint-domingue-commencee-le-10-aout-1808-avec-des-notes-statistiques-s-scaled.jpg","type":"image\/jpeg"}],"twitter_card":"summary_large_image","schema":{"@context":"https:\/\/schema.org","@graph":[{"@type":"WebPage","@id":"https:\/\/clavreuil-wordpress.logiciel-arteo.fr\/en\/guillermin-gilbert-journal-historique-de-la-revolution-de-la-partie-de-lest-de-saint-domingue-commencee-le-10-aout-1808-avec-des-notes-statistiques-sur-cette-partie\/","url":"https:\/\/clavreuil-wordpress.logiciel-arteo.fr\/en\/guillermin-gilbert-journal-historique-de-la-revolution-de-la-partie-de-lest-de-saint-domingue-commencee-le-10-aout-1808-avec-des-notes-statistiques-sur-cette-partie\/","name":"GUILLERMIN Gilbert Journal historique de la R\u00e9volution de la partie de l'est de Saint-Domingue, commenc\u00e9e le 10 ao\u00fbt 1808 avec des notes statistiques sur cette partie. - Libairie Clavreuil","isPartOf":{"@id":"https:\/\/clavreuil-wordpress.logiciel-arteo.fr\/#website"},"primaryImageOfPage":{"@id":"https:\/\/clavreuil-wordpress.logiciel-arteo.fr\/en\/guillermin-gilbert-journal-historique-de-la-revolution-de-la-partie-de-lest-de-saint-domingue-commencee-le-10-aout-1808-avec-des-notes-statistiques-sur-cette-partie\/#primaryimage"},"image":{"@id":"https:\/\/clavreuil-wordpress.logiciel-arteo.fr\/en\/guillermin-gilbert-journal-historique-de-la-revolution-de-la-partie-de-lest-de-saint-domingue-commencee-le-10-aout-1808-avec-des-notes-statistiques-sur-cette-partie\/#primaryimage"},"thumbnailUrl":"https:\/\/clavreuil-wordpress.logiciel-arteo.fr\/wp-content\/uploads\/2024\/04\/gilbert-guillermin-journal-historique-de-la-revolution-de-la-partie-de-l-est-de-saint-domingue-commencee-le-10-aout-1808-avec-des-notes-statistiques-s-scaled.jpg","datePublished":"2024-04-24T14:21:53+00:00","dateModified":"2024-04-24T14:22:26+00:00","breadcrumb":{"@id":"https:\/\/clavreuil-wordpress.logiciel-arteo.fr\/en\/guillermin-gilbert-journal-historique-de-la-revolution-de-la-partie-de-lest-de-saint-domingue-commencee-le-10-aout-1808-avec-des-notes-statistiques-sur-cette-partie\/#breadcrumb"},"inLanguage":"en-US","potentialAction":[{"@type":"ReadAction","target":["https:\/\/clavreuil-wordpress.logiciel-arteo.fr\/en\/guillermin-gilbert-journal-historique-de-la-revolution-de-la-partie-de-lest-de-saint-domingue-commencee-le-10-aout-1808-avec-des-notes-statistiques-sur-cette-partie\/"]}]},{"@type":"ImageObject","inLanguage":"en-US","@id":"https:\/\/clavreuil-wordpress.logiciel-arteo.fr\/en\/guillermin-gilbert-journal-historique-de-la-revolution-de-la-partie-de-lest-de-saint-domingue-commencee-le-10-aout-1808-avec-des-notes-statistiques-sur-cette-partie\/#primaryimage","url":"https:\/\/clavreuil-wordpress.logiciel-arteo.fr\/wp-content\/uploads\/2024\/04\/gilbert-guillermin-journal-historique-de-la-revolution-de-la-partie-de-l-est-de-saint-domingue-commencee-le-10-aout-1808-avec-des-notes-statistiques-s-scaled.jpg","contentUrl":"https:\/\/clavreuil-wordpress.logiciel-arteo.fr\/wp-content\/uploads\/2024\/04\/gilbert-guillermin-journal-historique-de-la-revolution-de-la-partie-de-l-est-de-saint-domingue-commencee-le-10-aout-1808-avec-des-notes-statistiques-s-scaled.jpg","width":1636,"height":2560},{"@type":"BreadcrumbList","@id":"https:\/\/clavreuil-wordpress.logiciel-arteo.fr\/en\/guillermin-gilbert-journal-historique-de-la-revolution-de-la-partie-de-lest-de-saint-domingue-commencee-le-10-aout-1808-avec-des-notes-statistiques-sur-cette-partie\/#breadcrumb","itemListElement":[{"@type":"ListItem","position":1,"name":"Accueil","item":"https:\/\/clavreuil-wordpress.logiciel-arteo.fr\/"},{"@type":"ListItem","position":2,"name":"All our books","item":"https:\/\/clavreuil-wordpress.logiciel-arteo.fr\/en\/all-our-books\/"},{"@type":"ListItem","position":3,"name":"GUILLERMIN Gilbert Journal historique de la R\u00e9volution de..."}]},{"@type":"WebSite","@id":"https:\/\/clavreuil-wordpress.logiciel-arteo.fr\/#website","url":"https:\/\/clavreuil-wordpress.logiciel-arteo.fr\/","name":"Libairie Clavreuil","description":"","publisher":{"@id":"https:\/\/clavreuil-wordpress.logiciel-arteo.fr\/#organization"},"potentialAction":[{"@type":"SearchAction","target":{"@type":"EntryPoint","urlTemplate":"https:\/\/clavreuil-wordpress.logiciel-arteo.fr\/?s={search_term_string}"},"query-input":{"@type":"PropertyValueSpecification","valueRequired":true,"valueName":"search_term_string"}}],"inLanguage":"en-US"},{"@type":"Organization","@id":"https:\/\/clavreuil-wordpress.logiciel-arteo.fr\/#organization","name":"Libairie Clavreuil","url":"https:\/\/clavreuil-wordpress.logiciel-arteo.fr\/","logo":{"@type":"ImageObject","inLanguage":"en-US","@id":"https:\/\/clavreuil-wordpress.logiciel-arteo.fr\/#\/schema\/logo\/image\/","url":"https:\/\/clavreuil-wordpress.logiciel-arteo.fr\/wp-content\/uploads\/2021\/05\/LOGO_PNG_DATE-_gold.png","contentUrl":"https:\/\/clavreuil-wordpress.logiciel-arteo.fr\/wp-content\/uploads\/2021\/05\/LOGO_PNG_DATE-_gold.png","width":2083,"height":1917,"caption":"Libairie Clavreuil"},"image":{"@id":"https:\/\/clavreuil-wordpress.logiciel-arteo.fr\/#\/schema\/logo\/image\/"}}]}},"_links":{"self":[{"href":"https:\/\/clavreuil-wordpress.logiciel-arteo.fr\/en\/wp-json\/wp\/v2\/product\/75451","targetHints":{"allow":["GET"]}}],"collection":[{"href":"https:\/\/clavreuil-wordpress.logiciel-arteo.fr\/en\/wp-json\/wp\/v2\/product"}],"about":[{"href":"https:\/\/clavreuil-wordpress.logiciel-arteo.fr\/en\/wp-json\/wp\/v2\/types\/product"}],"replies":[{"embeddable":true,"href":"https:\/\/clavreuil-wordpress.logiciel-arteo.fr\/en\/wp-json\/wp\/v2\/comments?post=75451"}],"wp:featuredmedia":[{"embeddable":true,"href":"https:\/\/clavreuil-wordpress.logiciel-arteo.fr\/en\/wp-json\/wp\/v2\/media\/75444"}],"wp:attachment":[{"href":"https:\/\/clavreuil-wordpress.logiciel-arteo.fr\/en\/wp-json\/wp\/v2\/media?parent=75451"}],"wp:term":[{"taxonomy":"product_brand","embeddable":true,"href":"https:\/\/clavreuil-wordpress.logiciel-arteo.fr\/en\/wp-json\/wp\/v2\/product_brand?post=75451"},{"taxonomy":"product_cat","embeddable":true,"href":"https:\/\/clavreuil-wordpress.logiciel-arteo.fr\/en\/wp-json\/wp\/v2\/product_cat?post=75451"},{"taxonomy":"product_tag","embeddable":true,"href":"https:\/\/clavreuil-wordpress.logiciel-arteo.fr\/en\/wp-json\/wp\/v2\/product_tag?post=75451"}],"curies":[{"name":"wp","href":"https:\/\/api.w.org\/{rel}","templated":true}]}}