{"id":75477,"date":"2024-04-24T16:24:05","date_gmt":"2024-04-24T14:24:05","guid":{"rendered":"https:\/\/clavreuil-wordpress.logiciel-arteo.fr\/la-rochefoucault-liancourt-francois-alexandre-frederic-voyage-dans-les-etats-unis-damerique-fait-en-1795-1796-et-1797\/"},"modified":"2024-04-24T16:24:48","modified_gmt":"2024-04-24T14:24:48","slug":"la-rochefoucault-liancourt-francois-alexandre-frederic-voyage-dans-les-etats-unis-damerique-fait-en-1795-1796-et-1797","status":"publish","type":"product","link":"https:\/\/clavreuil-wordpress.logiciel-arteo.fr\/en\/la-rochefoucault-liancourt-francois-alexandre-frederic-voyage-dans-les-etats-unis-damerique-fait-en-1795-1796-et-1797\/","title":{"rendered":"LA ROCHEFOUCAULT-LIANCOURT Fran\u00e7ois-Alexandre-Fr\u00e9d\u00e9ric Voyage dans les Etats-Unis d&#8217;Am\u00e9rique,..."},"content":{"rendered":"<p style=\"text-align:justify\"><em>Sabin, 39056.<\/em><\/p>\n<p style=\"text-align:justify\">First edition.<\/p>\n<p style=\"text-align:justify\">A humanist open to agricultural and industrial progress, Fran&ccedil;ois Alexandre Fr&eacute;d&eacute;ric, Duc de La Rochefoucauld founded a model farm and schools in Liancourt. A member of the <em>Acad&eacute;mie des Sciences<\/em> and of the <em>Soci&eacute;t&eacute; d&#039;Agriculture de Paris<\/em>, he helped found the <em>&Eacute;cole Nationale des Arts et M&eacute;tiers<\/em>. He emigrated during the Revolution, first to England and then to the United States for three years. He travelled around the country studying its economic resources, its constitution, the different classes of American society and the customs of its inhabitants. The account of his journey, written in a precise and simple style, is peppered with observations that are important for our knowledge of the United States at the end of the 18th century. The three engraved maps show the <em>Provinces septentrionales<\/em>, the <em>Provinces m&eacute;ridionales<\/em>, and <em>L&#039;Am&eacute;rique septentrionale<\/em> divided into its 17 provinces.<\/p>\n<p style=\"text-align:justify\">The 9 folding tables (including 8 in the last volume) give details of the legislature, senate, and other institutions of American democracy.<\/p>\n<p style=\"text-align:justify\">A fine copy, despite a small waterstain at the head of volume I.<\/p>\n","protected":false},"excerpt":{"rendered":"<p>8 volumes, 8vo (190 x 120 mm) XXIV, 365 pp., 1 large engraved folding map for volume I ; 2 nn.ll., IV, 349 pp. for volume II ; 2 nn.ll., IV, 384 pp. for volume III ; 2 nn.ll., III, 349 pp., 1 large engraved folding map for volume IV ; 2 nn.ll., IV, 400 pp. for volume V ; 2 nn.ll., III, 336 pp., 1 large folding typographical table for volume VI ; 2 nn.ll., IV, 366 pp., 1 large engraved folding map for volume VII ; 3 nn.ll., 244 pp., 8 large folding typographical tables&nbsp;for volume VIII. Contemporary marbled calf, flat spine gilt, lettering pieces in black morocco, yellow edges (some light overall wear).<\/p>\n","protected":false},"featured_media":75466,"comment_status":"open","ping_status":"closed","template":"","meta":{"_acf_changed":false},"product_brand":[],"product_cat":[552],"product_tag":[1450,1362],"class_list":{"0":"post-75477","1":"product","2":"type-product","3":"status-publish","4":"has-post-thumbnail","6":"product_cat-travel","7":"product_tag-first-edition","8":"product_tag-north-america","9":"pa_auteur-francois-alexandre-frederic-la-rochefoucault-liancourt-2","10":"pa_type-de-livre-printed-book","12":"first","13":"instock","14":"shipping-taxable","15":"purchasable","16":"product-type-simple"},"acf":[],"yoast_head":"<!-- This site is optimized with the Yoast SEO plugin v24.3 - https:\/\/yoast.com\/wordpress\/plugins\/seo\/ -->\n<title>LA ROCHEFOUCAULT-LIANCOURT Fran\u00e7ois-Alexandre-Fr\u00e9d\u00e9ric Voyage dans les Etats-Unis d&#039;Am\u00e9rique, fait en 1795, 1796 et 1797. - Libairie Clavreuil<\/title>\n<meta name=\"robots\" content=\"noindex, follow, max-snippet:-1, max-image-preview:large, max-video-preview:-1\" \/>\n<meta property=\"og:locale\" content=\"en_US\" \/>\n<meta property=\"og:type\" content=\"article\" \/>\n<meta property=\"og:title\" content=\"LA ROCHEFOUCAULT-LIANCOURT Fran\u00e7ois-Alexandre-Fr\u00e9d\u00e9ric Voyage dans les Etats-Unis d&#039;Am\u00e9rique, fait en 1795, 1796 et 1797. - Libairie Clavreuil\" \/>\n<meta property=\"og:description\" content=\"8 volumes, 8vo (190 x 120 mm) XXIV, 365 pp., 1 large engraved folding map for volume I ; 2 nn.ll., IV, 349 pp. for volume II ; 2 nn.ll., IV, 384 pp. for volume III ; 2 nn.ll., III, 349 pp., 1 large engraved folding map for volume IV ; 2 nn.ll., IV, 400 pp. for volume V ; 2 nn.ll., III, 336 pp., 1 large folding typographical table for volume VI ; 2 nn.ll., IV, 366 pp., 1 large engraved folding map for volume VII ; 3 nn.ll., 244 pp., 8 large folding typographical tables&nbsp;for volume VIII. Contemporary marbled calf, flat spine gilt, lettering pieces in black morocco, yellow edges (some light overall wear).\" \/>\n<meta property=\"og:url\" content=\"https:\/\/clavreuil-wordpress.logiciel-arteo.fr\/en\/la-rochefoucault-liancourt-francois-alexandre-frederic-voyage-dans-les-etats-unis-damerique-fait-en-1795-1796-et-1797\/\" \/>\n<meta property=\"og:site_name\" content=\"Libairie Clavreuil\" \/>\n<meta property=\"article:modified_time\" content=\"2024-04-24T14:24:48+00:00\" \/>\n<meta property=\"og:image\" content=\"https:\/\/clavreuil-wordpress.logiciel-arteo.fr\/wp-content\/uploads\/2024\/04\/francois-alexandre-frederic-la-rochefoucault-liancourt-voyage-dans-les-etats-unis-d-amerique-fait-en-1795-1796-et-1797-4993-65f9be272a75c-scaled.jpg\" \/>\n\t<meta property=\"og:image:width\" content=\"2560\" \/>\n\t<meta property=\"og:image:height\" content=\"1920\" \/>\n\t<meta property=\"og:image:type\" content=\"image\/jpeg\" \/>\n<meta name=\"twitter:card\" content=\"summary_large_image\" \/>\n<meta name=\"twitter:label1\" content=\"Est. reading time\" \/>\n\t<meta name=\"twitter:data1\" content=\"1 minute\" \/>\n<script type=\"application\/ld+json\" class=\"yoast-schema-graph\">{\"@context\":\"https:\/\/schema.org\",\"@graph\":[{\"@type\":\"WebPage\",\"@id\":\"https:\/\/clavreuil-wordpress.logiciel-arteo.fr\/en\/la-rochefoucault-liancourt-francois-alexandre-frederic-voyage-dans-les-etats-unis-damerique-fait-en-1795-1796-et-1797\/\",\"url\":\"https:\/\/clavreuil-wordpress.logiciel-arteo.fr\/en\/la-rochefoucault-liancourt-francois-alexandre-frederic-voyage-dans-les-etats-unis-damerique-fait-en-1795-1796-et-1797\/\",\"name\":\"LA ROCHEFOUCAULT-LIANCOURT Fran\u00e7ois-Alexandre-Fr\u00e9d\u00e9ric Voyage dans les Etats-Unis d'Am\u00e9rique, fait en 1795, 1796 et 1797. - Libairie Clavreuil\",\"isPartOf\":{\"@id\":\"https:\/\/clavreuil-wordpress.logiciel-arteo.fr\/#website\"},\"primaryImageOfPage\":{\"@id\":\"https:\/\/clavreuil-wordpress.logiciel-arteo.fr\/en\/la-rochefoucault-liancourt-francois-alexandre-frederic-voyage-dans-les-etats-unis-damerique-fait-en-1795-1796-et-1797\/#primaryimage\"},\"image\":{\"@id\":\"https:\/\/clavreuil-wordpress.logiciel-arteo.fr\/en\/la-rochefoucault-liancourt-francois-alexandre-frederic-voyage-dans-les-etats-unis-damerique-fait-en-1795-1796-et-1797\/#primaryimage\"},\"thumbnailUrl\":\"https:\/\/clavreuil-wordpress.logiciel-arteo.fr\/wp-content\/uploads\/2024\/04\/francois-alexandre-frederic-la-rochefoucault-liancourt-voyage-dans-les-etats-unis-d-amerique-fait-en-1795-1796-et-1797-4993-65f9be272a75c-scaled.jpg\",\"datePublished\":\"2024-04-24T14:24:05+00:00\",\"dateModified\":\"2024-04-24T14:24:48+00:00\",\"breadcrumb\":{\"@id\":\"https:\/\/clavreuil-wordpress.logiciel-arteo.fr\/en\/la-rochefoucault-liancourt-francois-alexandre-frederic-voyage-dans-les-etats-unis-damerique-fait-en-1795-1796-et-1797\/#breadcrumb\"},\"inLanguage\":\"en-US\",\"potentialAction\":[{\"@type\":\"ReadAction\",\"target\":[\"https:\/\/clavreuil-wordpress.logiciel-arteo.fr\/en\/la-rochefoucault-liancourt-francois-alexandre-frederic-voyage-dans-les-etats-unis-damerique-fait-en-1795-1796-et-1797\/\"]}]},{\"@type\":\"ImageObject\",\"inLanguage\":\"en-US\",\"@id\":\"https:\/\/clavreuil-wordpress.logiciel-arteo.fr\/en\/la-rochefoucault-liancourt-francois-alexandre-frederic-voyage-dans-les-etats-unis-damerique-fait-en-1795-1796-et-1797\/#primaryimage\",\"url\":\"https:\/\/clavreuil-wordpress.logiciel-arteo.fr\/wp-content\/uploads\/2024\/04\/francois-alexandre-frederic-la-rochefoucault-liancourt-voyage-dans-les-etats-unis-d-amerique-fait-en-1795-1796-et-1797-4993-65f9be272a75c-scaled.jpg\",\"contentUrl\":\"https:\/\/clavreuil-wordpress.logiciel-arteo.fr\/wp-content\/uploads\/2024\/04\/francois-alexandre-frederic-la-rochefoucault-liancourt-voyage-dans-les-etats-unis-d-amerique-fait-en-1795-1796-et-1797-4993-65f9be272a75c-scaled.jpg\",\"width\":2560,\"height\":1920},{\"@type\":\"BreadcrumbList\",\"@id\":\"https:\/\/clavreuil-wordpress.logiciel-arteo.fr\/en\/la-rochefoucault-liancourt-francois-alexandre-frederic-voyage-dans-les-etats-unis-damerique-fait-en-1795-1796-et-1797\/#breadcrumb\",\"itemListElement\":[{\"@type\":\"ListItem\",\"position\":1,\"name\":\"Accueil\",\"item\":\"https:\/\/clavreuil-wordpress.logiciel-arteo.fr\/\"},{\"@type\":\"ListItem\",\"position\":2,\"name\":\"All our books\",\"item\":\"https:\/\/clavreuil-wordpress.logiciel-arteo.fr\/en\/all-our-books\/\"},{\"@type\":\"ListItem\",\"position\":3,\"name\":\"LA ROCHEFOUCAULT-LIANCOURT Fran\u00e7ois-Alexandre-Fr\u00e9d\u00e9ric Voyage dans les Etats-Unis d&#8217;Am\u00e9rique,...\"}]},{\"@type\":\"WebSite\",\"@id\":\"https:\/\/clavreuil-wordpress.logiciel-arteo.fr\/#website\",\"url\":\"https:\/\/clavreuil-wordpress.logiciel-arteo.fr\/\",\"name\":\"Libairie Clavreuil\",\"description\":\"\",\"publisher\":{\"@id\":\"https:\/\/clavreuil-wordpress.logiciel-arteo.fr\/#organization\"},\"potentialAction\":[{\"@type\":\"SearchAction\",\"target\":{\"@type\":\"EntryPoint\",\"urlTemplate\":\"https:\/\/clavreuil-wordpress.logiciel-arteo.fr\/?s={search_term_string}\"},\"query-input\":{\"@type\":\"PropertyValueSpecification\",\"valueRequired\":true,\"valueName\":\"search_term_string\"}}],\"inLanguage\":\"en-US\"},{\"@type\":\"Organization\",\"@id\":\"https:\/\/clavreuil-wordpress.logiciel-arteo.fr\/#organization\",\"name\":\"Libairie Clavreuil\",\"url\":\"https:\/\/clavreuil-wordpress.logiciel-arteo.fr\/\",\"logo\":{\"@type\":\"ImageObject\",\"inLanguage\":\"en-US\",\"@id\":\"https:\/\/clavreuil-wordpress.logiciel-arteo.fr\/#\/schema\/logo\/image\/\",\"url\":\"https:\/\/clavreuil-wordpress.logiciel-arteo.fr\/wp-content\/uploads\/2021\/05\/LOGO_PNG_DATE-_gold.png\",\"contentUrl\":\"https:\/\/clavreuil-wordpress.logiciel-arteo.fr\/wp-content\/uploads\/2021\/05\/LOGO_PNG_DATE-_gold.png\",\"width\":2083,\"height\":1917,\"caption\":\"Libairie Clavreuil\"},\"image\":{\"@id\":\"https:\/\/clavreuil-wordpress.logiciel-arteo.fr\/#\/schema\/logo\/image\/\"}}]}<\/script>\n<!-- \/ Yoast SEO plugin. -->","yoast_head_json":{"title":"LA ROCHEFOUCAULT-LIANCOURT Fran\u00e7ois-Alexandre-Fr\u00e9d\u00e9ric Voyage dans les Etats-Unis d'Am\u00e9rique, fait en 1795, 1796 et 1797. - Libairie Clavreuil","robots":{"index":"noindex","follow":"follow","max-snippet":"max-snippet:-1","max-image-preview":"max-image-preview:large","max-video-preview":"max-video-preview:-1"},"og_locale":"en_US","og_type":"article","og_title":"LA ROCHEFOUCAULT-LIANCOURT Fran\u00e7ois-Alexandre-Fr\u00e9d\u00e9ric Voyage dans les Etats-Unis d'Am\u00e9rique, fait en 1795, 1796 et 1797. - Libairie Clavreuil","og_description":"8 volumes, 8vo (190 x 120 mm) XXIV, 365 pp., 1 large engraved folding map for volume I ; 2 nn.ll., IV, 349 pp. for volume II ; 2 nn.ll., IV, 384 pp. for volume III ; 2 nn.ll., III, 349 pp., 1 large engraved folding map for volume IV ; 2 nn.ll., IV, 400 pp. for volume V ; 2 nn.ll., III, 336 pp., 1 large folding typographical table for volume VI ; 2 nn.ll., IV, 366 pp., 1 large engraved folding map for volume VII ; 3 nn.ll., 244 pp., 8 large folding typographical tables&nbsp;for volume VIII. Contemporary marbled calf, flat spine gilt, lettering pieces in black morocco, yellow edges (some light overall wear).","og_url":"https:\/\/clavreuil-wordpress.logiciel-arteo.fr\/en\/la-rochefoucault-liancourt-francois-alexandre-frederic-voyage-dans-les-etats-unis-damerique-fait-en-1795-1796-et-1797\/","og_site_name":"Libairie Clavreuil","article_modified_time":"2024-04-24T14:24:48+00:00","og_image":[{"width":2560,"height":1920,"url":"https:\/\/clavreuil-wordpress.logiciel-arteo.fr\/wp-content\/uploads\/2024\/04\/francois-alexandre-frederic-la-rochefoucault-liancourt-voyage-dans-les-etats-unis-d-amerique-fait-en-1795-1796-et-1797-4993-65f9be272a75c-scaled.jpg","type":"image\/jpeg"}],"twitter_card":"summary_large_image","twitter_misc":{"Est. reading time":"1 minute"},"schema":{"@context":"https:\/\/schema.org","@graph":[{"@type":"WebPage","@id":"https:\/\/clavreuil-wordpress.logiciel-arteo.fr\/en\/la-rochefoucault-liancourt-francois-alexandre-frederic-voyage-dans-les-etats-unis-damerique-fait-en-1795-1796-et-1797\/","url":"https:\/\/clavreuil-wordpress.logiciel-arteo.fr\/en\/la-rochefoucault-liancourt-francois-alexandre-frederic-voyage-dans-les-etats-unis-damerique-fait-en-1795-1796-et-1797\/","name":"LA ROCHEFOUCAULT-LIANCOURT Fran\u00e7ois-Alexandre-Fr\u00e9d\u00e9ric Voyage dans les Etats-Unis d'Am\u00e9rique, fait en 1795, 1796 et 1797. - Libairie Clavreuil","isPartOf":{"@id":"https:\/\/clavreuil-wordpress.logiciel-arteo.fr\/#website"},"primaryImageOfPage":{"@id":"https:\/\/clavreuil-wordpress.logiciel-arteo.fr\/en\/la-rochefoucault-liancourt-francois-alexandre-frederic-voyage-dans-les-etats-unis-damerique-fait-en-1795-1796-et-1797\/#primaryimage"},"image":{"@id":"https:\/\/clavreuil-wordpress.logiciel-arteo.fr\/en\/la-rochefoucault-liancourt-francois-alexandre-frederic-voyage-dans-les-etats-unis-damerique-fait-en-1795-1796-et-1797\/#primaryimage"},"thumbnailUrl":"https:\/\/clavreuil-wordpress.logiciel-arteo.fr\/wp-content\/uploads\/2024\/04\/francois-alexandre-frederic-la-rochefoucault-liancourt-voyage-dans-les-etats-unis-d-amerique-fait-en-1795-1796-et-1797-4993-65f9be272a75c-scaled.jpg","datePublished":"2024-04-24T14:24:05+00:00","dateModified":"2024-04-24T14:24:48+00:00","breadcrumb":{"@id":"https:\/\/clavreuil-wordpress.logiciel-arteo.fr\/en\/la-rochefoucault-liancourt-francois-alexandre-frederic-voyage-dans-les-etats-unis-damerique-fait-en-1795-1796-et-1797\/#breadcrumb"},"inLanguage":"en-US","potentialAction":[{"@type":"ReadAction","target":["https:\/\/clavreuil-wordpress.logiciel-arteo.fr\/en\/la-rochefoucault-liancourt-francois-alexandre-frederic-voyage-dans-les-etats-unis-damerique-fait-en-1795-1796-et-1797\/"]}]},{"@type":"ImageObject","inLanguage":"en-US","@id":"https:\/\/clavreuil-wordpress.logiciel-arteo.fr\/en\/la-rochefoucault-liancourt-francois-alexandre-frederic-voyage-dans-les-etats-unis-damerique-fait-en-1795-1796-et-1797\/#primaryimage","url":"https:\/\/clavreuil-wordpress.logiciel-arteo.fr\/wp-content\/uploads\/2024\/04\/francois-alexandre-frederic-la-rochefoucault-liancourt-voyage-dans-les-etats-unis-d-amerique-fait-en-1795-1796-et-1797-4993-65f9be272a75c-scaled.jpg","contentUrl":"https:\/\/clavreuil-wordpress.logiciel-arteo.fr\/wp-content\/uploads\/2024\/04\/francois-alexandre-frederic-la-rochefoucault-liancourt-voyage-dans-les-etats-unis-d-amerique-fait-en-1795-1796-et-1797-4993-65f9be272a75c-scaled.jpg","width":2560,"height":1920},{"@type":"BreadcrumbList","@id":"https:\/\/clavreuil-wordpress.logiciel-arteo.fr\/en\/la-rochefoucault-liancourt-francois-alexandre-frederic-voyage-dans-les-etats-unis-damerique-fait-en-1795-1796-et-1797\/#breadcrumb","itemListElement":[{"@type":"ListItem","position":1,"name":"Accueil","item":"https:\/\/clavreuil-wordpress.logiciel-arteo.fr\/"},{"@type":"ListItem","position":2,"name":"All our books","item":"https:\/\/clavreuil-wordpress.logiciel-arteo.fr\/en\/all-our-books\/"},{"@type":"ListItem","position":3,"name":"LA ROCHEFOUCAULT-LIANCOURT Fran\u00e7ois-Alexandre-Fr\u00e9d\u00e9ric Voyage dans les Etats-Unis d&#8217;Am\u00e9rique,..."}]},{"@type":"WebSite","@id":"https:\/\/clavreuil-wordpress.logiciel-arteo.fr\/#website","url":"https:\/\/clavreuil-wordpress.logiciel-arteo.fr\/","name":"Libairie Clavreuil","description":"","publisher":{"@id":"https:\/\/clavreuil-wordpress.logiciel-arteo.fr\/#organization"},"potentialAction":[{"@type":"SearchAction","target":{"@type":"EntryPoint","urlTemplate":"https:\/\/clavreuil-wordpress.logiciel-arteo.fr\/?s={search_term_string}"},"query-input":{"@type":"PropertyValueSpecification","valueRequired":true,"valueName":"search_term_string"}}],"inLanguage":"en-US"},{"@type":"Organization","@id":"https:\/\/clavreuil-wordpress.logiciel-arteo.fr\/#organization","name":"Libairie Clavreuil","url":"https:\/\/clavreuil-wordpress.logiciel-arteo.fr\/","logo":{"@type":"ImageObject","inLanguage":"en-US","@id":"https:\/\/clavreuil-wordpress.logiciel-arteo.fr\/#\/schema\/logo\/image\/","url":"https:\/\/clavreuil-wordpress.logiciel-arteo.fr\/wp-content\/uploads\/2021\/05\/LOGO_PNG_DATE-_gold.png","contentUrl":"https:\/\/clavreuil-wordpress.logiciel-arteo.fr\/wp-content\/uploads\/2021\/05\/LOGO_PNG_DATE-_gold.png","width":2083,"height":1917,"caption":"Libairie Clavreuil"},"image":{"@id":"https:\/\/clavreuil-wordpress.logiciel-arteo.fr\/#\/schema\/logo\/image\/"}}]}},"_links":{"self":[{"href":"https:\/\/clavreuil-wordpress.logiciel-arteo.fr\/en\/wp-json\/wp\/v2\/product\/75477","targetHints":{"allow":["GET"]}}],"collection":[{"href":"https:\/\/clavreuil-wordpress.logiciel-arteo.fr\/en\/wp-json\/wp\/v2\/product"}],"about":[{"href":"https:\/\/clavreuil-wordpress.logiciel-arteo.fr\/en\/wp-json\/wp\/v2\/types\/product"}],"replies":[{"embeddable":true,"href":"https:\/\/clavreuil-wordpress.logiciel-arteo.fr\/en\/wp-json\/wp\/v2\/comments?post=75477"}],"wp:featuredmedia":[{"embeddable":true,"href":"https:\/\/clavreuil-wordpress.logiciel-arteo.fr\/en\/wp-json\/wp\/v2\/media\/75466"}],"wp:attachment":[{"href":"https:\/\/clavreuil-wordpress.logiciel-arteo.fr\/en\/wp-json\/wp\/v2\/media?parent=75477"}],"wp:term":[{"taxonomy":"product_brand","embeddable":true,"href":"https:\/\/clavreuil-wordpress.logiciel-arteo.fr\/en\/wp-json\/wp\/v2\/product_brand?post=75477"},{"taxonomy":"product_cat","embeddable":true,"href":"https:\/\/clavreuil-wordpress.logiciel-arteo.fr\/en\/wp-json\/wp\/v2\/product_cat?post=75477"},{"taxonomy":"product_tag","embeddable":true,"href":"https:\/\/clavreuil-wordpress.logiciel-arteo.fr\/en\/wp-json\/wp\/v2\/product_tag?post=75477"}],"curies":[{"name":"wp","href":"https:\/\/api.w.org\/{rel}","templated":true}]}}