{"id":75509,"date":"2024-04-24T17:09:09","date_gmt":"2024-04-24T15:09:09","guid":{"rendered":"https:\/\/clavreuil-wordpress.logiciel-arteo.fr\/noyer-j-a-a-memoire-sur-la-guyane-francaise-adresse-en-1819-a-m-de-laussat-alors-commandant-et-administrateur-pour-le-roi-publie-sous-le-gouvernement-de-m-le-baron-de-milius-en-mars-1\/"},"modified":"2024-04-24T17:09:37","modified_gmt":"2024-04-24T15:09:37","slug":"noyer-j-a-a-memoire-sur-la-guyane-francaise-adresse-en-1819-a-m-de-laussat-alors-commandant-et-administrateur-pour-le-roi-publie-sous-le-gouvernement-de-m-le-baron-de-milius-en-mars-1","status":"publish","type":"product","link":"https:\/\/clavreuil-wordpress.logiciel-arteo.fr\/en\/noyer-j-a-a-memoire-sur-la-guyane-francaise-adresse-en-1819-a-m-de-laussat-alors-commandant-et-administrateur-pour-le-roi-publie-sous-le-gouvernement-de-m-le-baron-de-milius-en-mars-1\/","title":{"rendered":"NOYER J. A. A. M\u00e9moire sur la Guyane..."},"content":{"rendered":"<p><em>Sabin, 56211 ; not in Leclerc (who mentions another work by Noyer).<\/em><\/p>\n<p>A very rare geographical and statistical memoir printed in Cayenne. We were able to trace only three copies on&nbsp;WorldCat ( two in the BnF and one in Germany, BSB M&uuml;nchen).<\/p>\n<p>The work was written by a Guianese colonist for Count Pierre-Cl&eacute;ment de Laussat (1756-1835), Governor of Cayenne and last Administrator of Louisiana. It provides a highly accurate geographical description of French Guiana, detailing its natural resources (coffee, cocoa, sugar cane, cotton, cloves, nutmeg, pepper, breadfruit, etc.), flora and fauna, as well as agricultural and industrial settlements. One chapter deals with the issue of slavery, evoking the &quot;N&egrave;gres marrons&quot; (runaway slaves). There is a section on meteorology and physics experiments: thermometer, barometer, variation of the magnet, meridian, pendulum experiments in Cayenne, and so on.<\/p>\n<p>At the end of the volume there is a description of the town of Cayenne, with comments on public education, the college and the health centre. In a catalogue published by Librairie Chamonal in 2001 (Livres anciens &#8211; Voyages &#8211; G&eacute;ographie &#8211; Marine, no. 323) there was a manuscript with a slightly different title, which appears to be a clean copy before printing our memoir. A note on the title of the manuscript stated that 300 copies of the printed work had been printed, a figure that seems quite exaggerated given the very small number of copies that have survived. We also know of a&nbsp;<em>M&eacute;moire sur les for&ecirc;ts vierges de la Guyane<\/em> (Paris, Huzard, 1827), quoted by Sabin and Leclerc, by Mr Noyer, a &quot;former engineer-geographer and resident-owner&quot; in Cayenne.<\/p>\n<p>A perfectly preserved copy, with very wide margins; some slight foxing or toning.<\/p>\n","protected":false},"excerpt":{"rendered":"<p>4to (255 x 198 mm) 2 nn.ll., 121 pp. Later half-calf, speckled edges.<\/p>\n","protected":false},"featured_media":75504,"comment_status":"open","ping_status":"closed","template":"","meta":{"_acf_changed":false},"product_brand":[],"product_cat":[552],"product_tag":[1367],"class_list":{"0":"post-75509","1":"product","2":"type-product","3":"status-publish","4":"has-post-thumbnail","6":"product_cat-travel","7":"product_tag-guyana","8":"pa_auteur-j-a-a-noyer-2","9":"pa_type-de-livre-printed-book","11":"first","12":"instock","13":"shipping-taxable","14":"purchasable","15":"product-type-simple"},"acf":[],"yoast_head":"<!-- This site is optimized with the Yoast SEO plugin v24.3 - https:\/\/yoast.com\/wordpress\/plugins\/seo\/ -->\n<title>NOYER J. A. A. M\u00e9moire sur la Guyane fran\u00e7aise (...) adress\u00e9 en 1819, \u00e0 M. de Laussat, alors Commandant et Administrateur, pour le Roi. Publi\u00e9 sous le Gouvernement de M. le Baron de Milius, en Mars 1824. - Libairie Clavreuil<\/title>\n<meta name=\"robots\" content=\"noindex, follow, max-snippet:-1, max-image-preview:large, max-video-preview:-1\" \/>\n<meta property=\"og:locale\" content=\"en_US\" \/>\n<meta property=\"og:type\" content=\"article\" \/>\n<meta property=\"og:title\" content=\"NOYER J. A. A. M\u00e9moire sur la Guyane fran\u00e7aise (...) adress\u00e9 en 1819, \u00e0 M. de Laussat, alors Commandant et Administrateur, pour le Roi. Publi\u00e9 sous le Gouvernement de M. le Baron de Milius, en Mars 1824. - Libairie Clavreuil\" \/>\n<meta property=\"og:description\" content=\"4to (255 x 198 mm) 2 nn.ll., 121 pp. Later half-calf, speckled edges.\" \/>\n<meta property=\"og:url\" content=\"https:\/\/clavreuil-wordpress.logiciel-arteo.fr\/en\/noyer-j-a-a-memoire-sur-la-guyane-francaise-adresse-en-1819-a-m-de-laussat-alors-commandant-et-administrateur-pour-le-roi-publie-sous-le-gouvernement-de-m-le-baron-de-milius-en-mars-1\/\" \/>\n<meta property=\"og:site_name\" content=\"Libairie Clavreuil\" \/>\n<meta property=\"article:modified_time\" content=\"2024-04-24T15:09:37+00:00\" \/>\n<meta property=\"og:image\" content=\"https:\/\/clavreuil-wordpress.logiciel-arteo.fr\/wp-content\/uploads\/2024\/04\/j-a-a-noyer-memoire-sur-la-guyane-francaise-adresse-en-1819-a-m-de-laussat-alors-commandant-et-administrateur-pour-le-roi-publie-sous-le-gouvernement--scaled.jpg\" \/>\n\t<meta property=\"og:image:width\" content=\"1920\" \/>\n\t<meta property=\"og:image:height\" content=\"2560\" \/>\n\t<meta property=\"og:image:type\" content=\"image\/jpeg\" \/>\n<meta name=\"twitter:card\" content=\"summary_large_image\" \/>\n<meta name=\"twitter:label1\" content=\"Est. reading time\" \/>\n\t<meta name=\"twitter:data1\" content=\"1 minute\" \/>\n<script type=\"application\/ld+json\" class=\"yoast-schema-graph\">{\"@context\":\"https:\/\/schema.org\",\"@graph\":[{\"@type\":\"WebPage\",\"@id\":\"https:\/\/clavreuil-wordpress.logiciel-arteo.fr\/en\/noyer-j-a-a-memoire-sur-la-guyane-francaise-adresse-en-1819-a-m-de-laussat-alors-commandant-et-administrateur-pour-le-roi-publie-sous-le-gouvernement-de-m-le-baron-de-milius-en-mars-1\/\",\"url\":\"https:\/\/clavreuil-wordpress.logiciel-arteo.fr\/en\/noyer-j-a-a-memoire-sur-la-guyane-francaise-adresse-en-1819-a-m-de-laussat-alors-commandant-et-administrateur-pour-le-roi-publie-sous-le-gouvernement-de-m-le-baron-de-milius-en-mars-1\/\",\"name\":\"NOYER J. A. A. M\u00e9moire sur la Guyane fran\u00e7aise (...) adress\u00e9 en 1819, \u00e0 M. de Laussat, alors Commandant et Administrateur, pour le Roi. Publi\u00e9 sous le Gouvernement de M. le Baron de Milius, en Mars 1824. - Libairie Clavreuil\",\"isPartOf\":{\"@id\":\"https:\/\/clavreuil-wordpress.logiciel-arteo.fr\/#website\"},\"primaryImageOfPage\":{\"@id\":\"https:\/\/clavreuil-wordpress.logiciel-arteo.fr\/en\/noyer-j-a-a-memoire-sur-la-guyane-francaise-adresse-en-1819-a-m-de-laussat-alors-commandant-et-administrateur-pour-le-roi-publie-sous-le-gouvernement-de-m-le-baron-de-milius-en-mars-1\/#primaryimage\"},\"image\":{\"@id\":\"https:\/\/clavreuil-wordpress.logiciel-arteo.fr\/en\/noyer-j-a-a-memoire-sur-la-guyane-francaise-adresse-en-1819-a-m-de-laussat-alors-commandant-et-administrateur-pour-le-roi-publie-sous-le-gouvernement-de-m-le-baron-de-milius-en-mars-1\/#primaryimage\"},\"thumbnailUrl\":\"https:\/\/clavreuil-wordpress.logiciel-arteo.fr\/wp-content\/uploads\/2024\/04\/j-a-a-noyer-memoire-sur-la-guyane-francaise-adresse-en-1819-a-m-de-laussat-alors-commandant-et-administrateur-pour-le-roi-publie-sous-le-gouvernement--scaled.jpg\",\"datePublished\":\"2024-04-24T15:09:09+00:00\",\"dateModified\":\"2024-04-24T15:09:37+00:00\",\"breadcrumb\":{\"@id\":\"https:\/\/clavreuil-wordpress.logiciel-arteo.fr\/en\/noyer-j-a-a-memoire-sur-la-guyane-francaise-adresse-en-1819-a-m-de-laussat-alors-commandant-et-administrateur-pour-le-roi-publie-sous-le-gouvernement-de-m-le-baron-de-milius-en-mars-1\/#breadcrumb\"},\"inLanguage\":\"en-US\",\"potentialAction\":[{\"@type\":\"ReadAction\",\"target\":[\"https:\/\/clavreuil-wordpress.logiciel-arteo.fr\/en\/noyer-j-a-a-memoire-sur-la-guyane-francaise-adresse-en-1819-a-m-de-laussat-alors-commandant-et-administrateur-pour-le-roi-publie-sous-le-gouvernement-de-m-le-baron-de-milius-en-mars-1\/\"]}]},{\"@type\":\"ImageObject\",\"inLanguage\":\"en-US\",\"@id\":\"https:\/\/clavreuil-wordpress.logiciel-arteo.fr\/en\/noyer-j-a-a-memoire-sur-la-guyane-francaise-adresse-en-1819-a-m-de-laussat-alors-commandant-et-administrateur-pour-le-roi-publie-sous-le-gouvernement-de-m-le-baron-de-milius-en-mars-1\/#primaryimage\",\"url\":\"https:\/\/clavreuil-wordpress.logiciel-arteo.fr\/wp-content\/uploads\/2024\/04\/j-a-a-noyer-memoire-sur-la-guyane-francaise-adresse-en-1819-a-m-de-laussat-alors-commandant-et-administrateur-pour-le-roi-publie-sous-le-gouvernement--scaled.jpg\",\"contentUrl\":\"https:\/\/clavreuil-wordpress.logiciel-arteo.fr\/wp-content\/uploads\/2024\/04\/j-a-a-noyer-memoire-sur-la-guyane-francaise-adresse-en-1819-a-m-de-laussat-alors-commandant-et-administrateur-pour-le-roi-publie-sous-le-gouvernement--scaled.jpg\",\"width\":1920,\"height\":2560},{\"@type\":\"BreadcrumbList\",\"@id\":\"https:\/\/clavreuil-wordpress.logiciel-arteo.fr\/en\/noyer-j-a-a-memoire-sur-la-guyane-francaise-adresse-en-1819-a-m-de-laussat-alors-commandant-et-administrateur-pour-le-roi-publie-sous-le-gouvernement-de-m-le-baron-de-milius-en-mars-1\/#breadcrumb\",\"itemListElement\":[{\"@type\":\"ListItem\",\"position\":1,\"name\":\"Accueil\",\"item\":\"https:\/\/clavreuil-wordpress.logiciel-arteo.fr\/\"},{\"@type\":\"ListItem\",\"position\":2,\"name\":\"All our books\",\"item\":\"https:\/\/clavreuil-wordpress.logiciel-arteo.fr\/en\/all-our-books\/\"},{\"@type\":\"ListItem\",\"position\":3,\"name\":\"NOYER J. A. A. M\u00e9moire sur la Guyane...\"}]},{\"@type\":\"WebSite\",\"@id\":\"https:\/\/clavreuil-wordpress.logiciel-arteo.fr\/#website\",\"url\":\"https:\/\/clavreuil-wordpress.logiciel-arteo.fr\/\",\"name\":\"Libairie Clavreuil\",\"description\":\"\",\"publisher\":{\"@id\":\"https:\/\/clavreuil-wordpress.logiciel-arteo.fr\/#organization\"},\"potentialAction\":[{\"@type\":\"SearchAction\",\"target\":{\"@type\":\"EntryPoint\",\"urlTemplate\":\"https:\/\/clavreuil-wordpress.logiciel-arteo.fr\/?s={search_term_string}\"},\"query-input\":{\"@type\":\"PropertyValueSpecification\",\"valueRequired\":true,\"valueName\":\"search_term_string\"}}],\"inLanguage\":\"en-US\"},{\"@type\":\"Organization\",\"@id\":\"https:\/\/clavreuil-wordpress.logiciel-arteo.fr\/#organization\",\"name\":\"Libairie Clavreuil\",\"url\":\"https:\/\/clavreuil-wordpress.logiciel-arteo.fr\/\",\"logo\":{\"@type\":\"ImageObject\",\"inLanguage\":\"en-US\",\"@id\":\"https:\/\/clavreuil-wordpress.logiciel-arteo.fr\/#\/schema\/logo\/image\/\",\"url\":\"https:\/\/clavreuil-wordpress.logiciel-arteo.fr\/wp-content\/uploads\/2021\/05\/LOGO_PNG_DATE-_gold.png\",\"contentUrl\":\"https:\/\/clavreuil-wordpress.logiciel-arteo.fr\/wp-content\/uploads\/2021\/05\/LOGO_PNG_DATE-_gold.png\",\"width\":2083,\"height\":1917,\"caption\":\"Libairie Clavreuil\"},\"image\":{\"@id\":\"https:\/\/clavreuil-wordpress.logiciel-arteo.fr\/#\/schema\/logo\/image\/\"}}]}<\/script>\n<!-- \/ Yoast SEO plugin. -->","yoast_head_json":{"title":"NOYER J. A. A. M\u00e9moire sur la Guyane fran\u00e7aise (...) adress\u00e9 en 1819, \u00e0 M. de Laussat, alors Commandant et Administrateur, pour le Roi. Publi\u00e9 sous le Gouvernement de M. le Baron de Milius, en Mars 1824. - Libairie Clavreuil","robots":{"index":"noindex","follow":"follow","max-snippet":"max-snippet:-1","max-image-preview":"max-image-preview:large","max-video-preview":"max-video-preview:-1"},"og_locale":"en_US","og_type":"article","og_title":"NOYER J. A. A. M\u00e9moire sur la Guyane fran\u00e7aise (...) adress\u00e9 en 1819, \u00e0 M. de Laussat, alors Commandant et Administrateur, pour le Roi. Publi\u00e9 sous le Gouvernement de M. le Baron de Milius, en Mars 1824. - Libairie Clavreuil","og_description":"4to (255 x 198 mm) 2 nn.ll., 121 pp. Later half-calf, speckled edges.","og_url":"https:\/\/clavreuil-wordpress.logiciel-arteo.fr\/en\/noyer-j-a-a-memoire-sur-la-guyane-francaise-adresse-en-1819-a-m-de-laussat-alors-commandant-et-administrateur-pour-le-roi-publie-sous-le-gouvernement-de-m-le-baron-de-milius-en-mars-1\/","og_site_name":"Libairie Clavreuil","article_modified_time":"2024-04-24T15:09:37+00:00","og_image":[{"width":1920,"height":2560,"url":"https:\/\/clavreuil-wordpress.logiciel-arteo.fr\/wp-content\/uploads\/2024\/04\/j-a-a-noyer-memoire-sur-la-guyane-francaise-adresse-en-1819-a-m-de-laussat-alors-commandant-et-administrateur-pour-le-roi-publie-sous-le-gouvernement--scaled.jpg","type":"image\/jpeg"}],"twitter_card":"summary_large_image","twitter_misc":{"Est. reading time":"1 minute"},"schema":{"@context":"https:\/\/schema.org","@graph":[{"@type":"WebPage","@id":"https:\/\/clavreuil-wordpress.logiciel-arteo.fr\/en\/noyer-j-a-a-memoire-sur-la-guyane-francaise-adresse-en-1819-a-m-de-laussat-alors-commandant-et-administrateur-pour-le-roi-publie-sous-le-gouvernement-de-m-le-baron-de-milius-en-mars-1\/","url":"https:\/\/clavreuil-wordpress.logiciel-arteo.fr\/en\/noyer-j-a-a-memoire-sur-la-guyane-francaise-adresse-en-1819-a-m-de-laussat-alors-commandant-et-administrateur-pour-le-roi-publie-sous-le-gouvernement-de-m-le-baron-de-milius-en-mars-1\/","name":"NOYER J. A. A. M\u00e9moire sur la Guyane fran\u00e7aise (...) adress\u00e9 en 1819, \u00e0 M. de Laussat, alors Commandant et Administrateur, pour le Roi. Publi\u00e9 sous le Gouvernement de M. le Baron de Milius, en Mars 1824. - Libairie Clavreuil","isPartOf":{"@id":"https:\/\/clavreuil-wordpress.logiciel-arteo.fr\/#website"},"primaryImageOfPage":{"@id":"https:\/\/clavreuil-wordpress.logiciel-arteo.fr\/en\/noyer-j-a-a-memoire-sur-la-guyane-francaise-adresse-en-1819-a-m-de-laussat-alors-commandant-et-administrateur-pour-le-roi-publie-sous-le-gouvernement-de-m-le-baron-de-milius-en-mars-1\/#primaryimage"},"image":{"@id":"https:\/\/clavreuil-wordpress.logiciel-arteo.fr\/en\/noyer-j-a-a-memoire-sur-la-guyane-francaise-adresse-en-1819-a-m-de-laussat-alors-commandant-et-administrateur-pour-le-roi-publie-sous-le-gouvernement-de-m-le-baron-de-milius-en-mars-1\/#primaryimage"},"thumbnailUrl":"https:\/\/clavreuil-wordpress.logiciel-arteo.fr\/wp-content\/uploads\/2024\/04\/j-a-a-noyer-memoire-sur-la-guyane-francaise-adresse-en-1819-a-m-de-laussat-alors-commandant-et-administrateur-pour-le-roi-publie-sous-le-gouvernement--scaled.jpg","datePublished":"2024-04-24T15:09:09+00:00","dateModified":"2024-04-24T15:09:37+00:00","breadcrumb":{"@id":"https:\/\/clavreuil-wordpress.logiciel-arteo.fr\/en\/noyer-j-a-a-memoire-sur-la-guyane-francaise-adresse-en-1819-a-m-de-laussat-alors-commandant-et-administrateur-pour-le-roi-publie-sous-le-gouvernement-de-m-le-baron-de-milius-en-mars-1\/#breadcrumb"},"inLanguage":"en-US","potentialAction":[{"@type":"ReadAction","target":["https:\/\/clavreuil-wordpress.logiciel-arteo.fr\/en\/noyer-j-a-a-memoire-sur-la-guyane-francaise-adresse-en-1819-a-m-de-laussat-alors-commandant-et-administrateur-pour-le-roi-publie-sous-le-gouvernement-de-m-le-baron-de-milius-en-mars-1\/"]}]},{"@type":"ImageObject","inLanguage":"en-US","@id":"https:\/\/clavreuil-wordpress.logiciel-arteo.fr\/en\/noyer-j-a-a-memoire-sur-la-guyane-francaise-adresse-en-1819-a-m-de-laussat-alors-commandant-et-administrateur-pour-le-roi-publie-sous-le-gouvernement-de-m-le-baron-de-milius-en-mars-1\/#primaryimage","url":"https:\/\/clavreuil-wordpress.logiciel-arteo.fr\/wp-content\/uploads\/2024\/04\/j-a-a-noyer-memoire-sur-la-guyane-francaise-adresse-en-1819-a-m-de-laussat-alors-commandant-et-administrateur-pour-le-roi-publie-sous-le-gouvernement--scaled.jpg","contentUrl":"https:\/\/clavreuil-wordpress.logiciel-arteo.fr\/wp-content\/uploads\/2024\/04\/j-a-a-noyer-memoire-sur-la-guyane-francaise-adresse-en-1819-a-m-de-laussat-alors-commandant-et-administrateur-pour-le-roi-publie-sous-le-gouvernement--scaled.jpg","width":1920,"height":2560},{"@type":"BreadcrumbList","@id":"https:\/\/clavreuil-wordpress.logiciel-arteo.fr\/en\/noyer-j-a-a-memoire-sur-la-guyane-francaise-adresse-en-1819-a-m-de-laussat-alors-commandant-et-administrateur-pour-le-roi-publie-sous-le-gouvernement-de-m-le-baron-de-milius-en-mars-1\/#breadcrumb","itemListElement":[{"@type":"ListItem","position":1,"name":"Accueil","item":"https:\/\/clavreuil-wordpress.logiciel-arteo.fr\/"},{"@type":"ListItem","position":2,"name":"All our books","item":"https:\/\/clavreuil-wordpress.logiciel-arteo.fr\/en\/all-our-books\/"},{"@type":"ListItem","position":3,"name":"NOYER J. A. A. M\u00e9moire sur la Guyane..."}]},{"@type":"WebSite","@id":"https:\/\/clavreuil-wordpress.logiciel-arteo.fr\/#website","url":"https:\/\/clavreuil-wordpress.logiciel-arteo.fr\/","name":"Libairie Clavreuil","description":"","publisher":{"@id":"https:\/\/clavreuil-wordpress.logiciel-arteo.fr\/#organization"},"potentialAction":[{"@type":"SearchAction","target":{"@type":"EntryPoint","urlTemplate":"https:\/\/clavreuil-wordpress.logiciel-arteo.fr\/?s={search_term_string}"},"query-input":{"@type":"PropertyValueSpecification","valueRequired":true,"valueName":"search_term_string"}}],"inLanguage":"en-US"},{"@type":"Organization","@id":"https:\/\/clavreuil-wordpress.logiciel-arteo.fr\/#organization","name":"Libairie Clavreuil","url":"https:\/\/clavreuil-wordpress.logiciel-arteo.fr\/","logo":{"@type":"ImageObject","inLanguage":"en-US","@id":"https:\/\/clavreuil-wordpress.logiciel-arteo.fr\/#\/schema\/logo\/image\/","url":"https:\/\/clavreuil-wordpress.logiciel-arteo.fr\/wp-content\/uploads\/2021\/05\/LOGO_PNG_DATE-_gold.png","contentUrl":"https:\/\/clavreuil-wordpress.logiciel-arteo.fr\/wp-content\/uploads\/2021\/05\/LOGO_PNG_DATE-_gold.png","width":2083,"height":1917,"caption":"Libairie Clavreuil"},"image":{"@id":"https:\/\/clavreuil-wordpress.logiciel-arteo.fr\/#\/schema\/logo\/image\/"}}]}},"_links":{"self":[{"href":"https:\/\/clavreuil-wordpress.logiciel-arteo.fr\/en\/wp-json\/wp\/v2\/product\/75509","targetHints":{"allow":["GET"]}}],"collection":[{"href":"https:\/\/clavreuil-wordpress.logiciel-arteo.fr\/en\/wp-json\/wp\/v2\/product"}],"about":[{"href":"https:\/\/clavreuil-wordpress.logiciel-arteo.fr\/en\/wp-json\/wp\/v2\/types\/product"}],"replies":[{"embeddable":true,"href":"https:\/\/clavreuil-wordpress.logiciel-arteo.fr\/en\/wp-json\/wp\/v2\/comments?post=75509"}],"wp:featuredmedia":[{"embeddable":true,"href":"https:\/\/clavreuil-wordpress.logiciel-arteo.fr\/en\/wp-json\/wp\/v2\/media\/75504"}],"wp:attachment":[{"href":"https:\/\/clavreuil-wordpress.logiciel-arteo.fr\/en\/wp-json\/wp\/v2\/media?parent=75509"}],"wp:term":[{"taxonomy":"product_brand","embeddable":true,"href":"https:\/\/clavreuil-wordpress.logiciel-arteo.fr\/en\/wp-json\/wp\/v2\/product_brand?post=75509"},{"taxonomy":"product_cat","embeddable":true,"href":"https:\/\/clavreuil-wordpress.logiciel-arteo.fr\/en\/wp-json\/wp\/v2\/product_cat?post=75509"},{"taxonomy":"product_tag","embeddable":true,"href":"https:\/\/clavreuil-wordpress.logiciel-arteo.fr\/en\/wp-json\/wp\/v2\/product_tag?post=75509"}],"curies":[{"name":"wp","href":"https:\/\/api.w.org\/{rel}","templated":true}]}}