{"id":75535,"date":"2024-04-24T17:11:41","date_gmt":"2024-04-24T15:11:41","guid":{"rendered":"https:\/\/clavreuil-wordpress.logiciel-arteo.fr\/barros-joao-de-vida-do-apostolico-padre-antonio-vieyra-da-companhia-de-jesus-restaurador-das-missones-do-maranhao-e-para\/"},"modified":"2024-04-24T17:12:13","modified_gmt":"2024-04-24T15:12:13","slug":"barros-joao-de-vida-do-apostolico-padre-antonio-vieyra-da-companhia-de-jesus-restaurador-das-missones-do-maranhao-e-para","status":"publish","type":"product","link":"https:\/\/clavreuil-wordpress.logiciel-arteo.fr\/en\/barros-joao-de-vida-do-apostolico-padre-antonio-vieyra-da-companhia-de-jesus-restaurador-das-missones-do-maranhao-e-para\/","title":{"rendered":"BARROS Jo\u00e0o de Vida do Apostolico Padre Antonio..."},"content":{"rendered":"<p style=\"text-align:justify\"><em>Sabin, 3645 ; Borba de Moraes, I, 69 ; Streit, III, 1258 ; Alden, 1746\/19. <\/em><\/p>\n<p style=\"text-align:justify\">First edition of this biography of Ant&oacute;nio Vieira (1608-1697), Jesuit priest and Portuguese diplomate in Br&eacute;sil since 1614. He is considered one of the most important Portuguese writers of the Baroque period.<\/p>\n<p style=\"text-align:justify\">Having discovered his vocation as a missionary in 1624, Vieira alternated between diplomatic activity (returning frequently to Portugal) and the evangelisation of the populations of the Brazilian interior. Removed from office more than once because of his stance in favour of the Indians and the Jews persecuted by the Inquisition, suspected of heresy for his millenarian theories, he ended his life in Brazil, devoting himself to correcting his sermons (he composed more than two hundred).<\/p>\n<p style=\"text-align:justify\">The author of this important biography, the Jesuit Father Andr&eacute; de Barros (1675-1745), was one of the first members of the Royal Academy of Portuguese History, located in Lisbon in the Braganza palace, a family whose rights in Brazil Father Vieira had defended as early as 1641 by personally assisting King John IV, the first monarch of this dynasty.<\/p>\n<p style=\"text-align:justify\">This edition is illustrated with a large plate showing Father Vieira evangelizing the natives of Brazil, 5 head pieces, a vignette on the title with the coat of arms of the Jesuit order, and 2 initials, all engraved on copper.<\/p>\n","protected":false},"excerpt":{"rendered":"<p>Folio (295 x 196 mm) 14 nn.ll. including the author&#039;s engraved portrait, 686 pp. 18th century mottled sheep, spine gilt with raised bands, red speckled edges (rubbed and scuffed, spine and corners with old restorations).<\/p>\n","protected":false},"featured_media":75528,"comment_status":"open","ping_status":"closed","template":"","meta":{"_acf_changed":false},"product_brand":[],"product_cat":[552],"product_tag":[1376,1450],"class_list":{"0":"post-75535","1":"product","2":"type-product","3":"status-publish","4":"has-post-thumbnail","6":"product_cat-travel","7":"product_tag-brazil","8":"product_tag-first-edition","9":"pa_auteur-joao-de-barros-2","10":"pa_type-de-livre-printed-book","12":"first","13":"instock","14":"shipping-taxable","15":"purchasable","16":"product-type-simple"},"acf":[],"yoast_head":"<!-- This site is optimized with the Yoast SEO plugin v24.3 - https:\/\/yoast.com\/wordpress\/plugins\/seo\/ -->\n<title>BARROS Jo\u00e0o de Vida do Apostolico Padre Antonio Vieyra da Companhia de Jesus (...) restaurador das missones do Maranha\u00f5, e Par\u00e0. - Libairie Clavreuil<\/title>\n<meta name=\"robots\" content=\"noindex, follow, max-snippet:-1, max-image-preview:large, max-video-preview:-1\" \/>\n<meta property=\"og:locale\" content=\"en_US\" \/>\n<meta property=\"og:type\" content=\"article\" \/>\n<meta property=\"og:title\" content=\"BARROS Jo\u00e0o de Vida do Apostolico Padre Antonio Vieyra da Companhia de Jesus (...) restaurador das missones do Maranha\u00f5, e Par\u00e0. - Libairie Clavreuil\" \/>\n<meta property=\"og:description\" content=\"Folio (295 x 196 mm) 14 nn.ll. including the author&#039;s engraved portrait, 686 pp. 18th century mottled sheep, spine gilt with raised bands, red speckled edges (rubbed and scuffed, spine and corners with old restorations).\" \/>\n<meta property=\"og:url\" content=\"https:\/\/clavreuil-wordpress.logiciel-arteo.fr\/en\/barros-joao-de-vida-do-apostolico-padre-antonio-vieyra-da-companhia-de-jesus-restaurador-das-missones-do-maranhao-e-para\/\" \/>\n<meta property=\"og:site_name\" content=\"Libairie Clavreuil\" \/>\n<meta property=\"article:modified_time\" content=\"2024-04-24T15:12:13+00:00\" \/>\n<meta property=\"og:image\" content=\"https:\/\/clavreuil-wordpress.logiciel-arteo.fr\/wp-content\/uploads\/2024\/04\/joao-de-barros-vida-do-apostolico-padre-antonio-vieyra-da-companhia-de-jesus-restaurador-das-missones-do-maranhao-e-para-4202-65f9d5d7e6683-709x1024.jpg\" \/>\n\t<meta property=\"og:image:width\" content=\"709\" \/>\n\t<meta property=\"og:image:height\" content=\"1024\" \/>\n\t<meta property=\"og:image:type\" content=\"image\/jpeg\" \/>\n<meta name=\"twitter:card\" content=\"summary_large_image\" \/>\n<meta name=\"twitter:label1\" content=\"Est. reading time\" \/>\n\t<meta name=\"twitter:data1\" content=\"1 minute\" \/>\n<script type=\"application\/ld+json\" class=\"yoast-schema-graph\">{\"@context\":\"https:\/\/schema.org\",\"@graph\":[{\"@type\":\"WebPage\",\"@id\":\"https:\/\/clavreuil-wordpress.logiciel-arteo.fr\/en\/barros-joao-de-vida-do-apostolico-padre-antonio-vieyra-da-companhia-de-jesus-restaurador-das-missones-do-maranhao-e-para\/\",\"url\":\"https:\/\/clavreuil-wordpress.logiciel-arteo.fr\/en\/barros-joao-de-vida-do-apostolico-padre-antonio-vieyra-da-companhia-de-jesus-restaurador-das-missones-do-maranhao-e-para\/\",\"name\":\"BARROS Jo\u00e0o de Vida do Apostolico Padre Antonio Vieyra da Companhia de Jesus (...) restaurador das missones do Maranha\u00f5, e Par\u00e0. - Libairie Clavreuil\",\"isPartOf\":{\"@id\":\"https:\/\/clavreuil-wordpress.logiciel-arteo.fr\/#website\"},\"primaryImageOfPage\":{\"@id\":\"https:\/\/clavreuil-wordpress.logiciel-arteo.fr\/en\/barros-joao-de-vida-do-apostolico-padre-antonio-vieyra-da-companhia-de-jesus-restaurador-das-missones-do-maranhao-e-para\/#primaryimage\"},\"image\":{\"@id\":\"https:\/\/clavreuil-wordpress.logiciel-arteo.fr\/en\/barros-joao-de-vida-do-apostolico-padre-antonio-vieyra-da-companhia-de-jesus-restaurador-das-missones-do-maranhao-e-para\/#primaryimage\"},\"thumbnailUrl\":\"https:\/\/clavreuil-wordpress.logiciel-arteo.fr\/wp-content\/uploads\/2024\/04\/joao-de-barros-vida-do-apostolico-padre-antonio-vieyra-da-companhia-de-jesus-restaurador-das-missones-do-maranhao-e-para-4202-65f9d5d7e6683.jpg\",\"datePublished\":\"2024-04-24T15:11:41+00:00\",\"dateModified\":\"2024-04-24T15:12:13+00:00\",\"breadcrumb\":{\"@id\":\"https:\/\/clavreuil-wordpress.logiciel-arteo.fr\/en\/barros-joao-de-vida-do-apostolico-padre-antonio-vieyra-da-companhia-de-jesus-restaurador-das-missones-do-maranhao-e-para\/#breadcrumb\"},\"inLanguage\":\"en-US\",\"potentialAction\":[{\"@type\":\"ReadAction\",\"target\":[\"https:\/\/clavreuil-wordpress.logiciel-arteo.fr\/en\/barros-joao-de-vida-do-apostolico-padre-antonio-vieyra-da-companhia-de-jesus-restaurador-das-missones-do-maranhao-e-para\/\"]}]},{\"@type\":\"ImageObject\",\"inLanguage\":\"en-US\",\"@id\":\"https:\/\/clavreuil-wordpress.logiciel-arteo.fr\/en\/barros-joao-de-vida-do-apostolico-padre-antonio-vieyra-da-companhia-de-jesus-restaurador-das-missones-do-maranhao-e-para\/#primaryimage\",\"url\":\"https:\/\/clavreuil-wordpress.logiciel-arteo.fr\/wp-content\/uploads\/2024\/04\/joao-de-barros-vida-do-apostolico-padre-antonio-vieyra-da-companhia-de-jesus-restaurador-das-missones-do-maranhao-e-para-4202-65f9d5d7e6683.jpg\",\"contentUrl\":\"https:\/\/clavreuil-wordpress.logiciel-arteo.fr\/wp-content\/uploads\/2024\/04\/joao-de-barros-vida-do-apostolico-padre-antonio-vieyra-da-companhia-de-jesus-restaurador-das-missones-do-maranhao-e-para-4202-65f9d5d7e6683.jpg\",\"width\":1659,\"height\":2396},{\"@type\":\"BreadcrumbList\",\"@id\":\"https:\/\/clavreuil-wordpress.logiciel-arteo.fr\/en\/barros-joao-de-vida-do-apostolico-padre-antonio-vieyra-da-companhia-de-jesus-restaurador-das-missones-do-maranhao-e-para\/#breadcrumb\",\"itemListElement\":[{\"@type\":\"ListItem\",\"position\":1,\"name\":\"Accueil\",\"item\":\"https:\/\/clavreuil-wordpress.logiciel-arteo.fr\/\"},{\"@type\":\"ListItem\",\"position\":2,\"name\":\"All our books\",\"item\":\"https:\/\/clavreuil-wordpress.logiciel-arteo.fr\/en\/all-our-books\/\"},{\"@type\":\"ListItem\",\"position\":3,\"name\":\"BARROS Jo\u00e0o de Vida do Apostolico Padre Antonio...\"}]},{\"@type\":\"WebSite\",\"@id\":\"https:\/\/clavreuil-wordpress.logiciel-arteo.fr\/#website\",\"url\":\"https:\/\/clavreuil-wordpress.logiciel-arteo.fr\/\",\"name\":\"Libairie Clavreuil\",\"description\":\"\",\"publisher\":{\"@id\":\"https:\/\/clavreuil-wordpress.logiciel-arteo.fr\/#organization\"},\"potentialAction\":[{\"@type\":\"SearchAction\",\"target\":{\"@type\":\"EntryPoint\",\"urlTemplate\":\"https:\/\/clavreuil-wordpress.logiciel-arteo.fr\/?s={search_term_string}\"},\"query-input\":{\"@type\":\"PropertyValueSpecification\",\"valueRequired\":true,\"valueName\":\"search_term_string\"}}],\"inLanguage\":\"en-US\"},{\"@type\":\"Organization\",\"@id\":\"https:\/\/clavreuil-wordpress.logiciel-arteo.fr\/#organization\",\"name\":\"Libairie Clavreuil\",\"url\":\"https:\/\/clavreuil-wordpress.logiciel-arteo.fr\/\",\"logo\":{\"@type\":\"ImageObject\",\"inLanguage\":\"en-US\",\"@id\":\"https:\/\/clavreuil-wordpress.logiciel-arteo.fr\/#\/schema\/logo\/image\/\",\"url\":\"https:\/\/clavreuil-wordpress.logiciel-arteo.fr\/wp-content\/uploads\/2021\/05\/LOGO_PNG_DATE-_gold.png\",\"contentUrl\":\"https:\/\/clavreuil-wordpress.logiciel-arteo.fr\/wp-content\/uploads\/2021\/05\/LOGO_PNG_DATE-_gold.png\",\"width\":2083,\"height\":1917,\"caption\":\"Libairie Clavreuil\"},\"image\":{\"@id\":\"https:\/\/clavreuil-wordpress.logiciel-arteo.fr\/#\/schema\/logo\/image\/\"}}]}<\/script>\n<!-- \/ Yoast SEO plugin. -->","yoast_head_json":{"title":"BARROS Jo\u00e0o de Vida do Apostolico Padre Antonio Vieyra da Companhia de Jesus (...) restaurador das missones do Maranha\u00f5, e Par\u00e0. - Libairie Clavreuil","robots":{"index":"noindex","follow":"follow","max-snippet":"max-snippet:-1","max-image-preview":"max-image-preview:large","max-video-preview":"max-video-preview:-1"},"og_locale":"en_US","og_type":"article","og_title":"BARROS Jo\u00e0o de Vida do Apostolico Padre Antonio Vieyra da Companhia de Jesus (...) restaurador das missones do Maranha\u00f5, e Par\u00e0. - Libairie Clavreuil","og_description":"Folio (295 x 196 mm) 14 nn.ll. including the author&#039;s engraved portrait, 686 pp. 18th century mottled sheep, spine gilt with raised bands, red speckled edges (rubbed and scuffed, spine and corners with old restorations).","og_url":"https:\/\/clavreuil-wordpress.logiciel-arteo.fr\/en\/barros-joao-de-vida-do-apostolico-padre-antonio-vieyra-da-companhia-de-jesus-restaurador-das-missones-do-maranhao-e-para\/","og_site_name":"Libairie Clavreuil","article_modified_time":"2024-04-24T15:12:13+00:00","og_image":[{"width":709,"height":1024,"url":"https:\/\/clavreuil-wordpress.logiciel-arteo.fr\/wp-content\/uploads\/2024\/04\/joao-de-barros-vida-do-apostolico-padre-antonio-vieyra-da-companhia-de-jesus-restaurador-das-missones-do-maranhao-e-para-4202-65f9d5d7e6683-709x1024.jpg","type":"image\/jpeg"}],"twitter_card":"summary_large_image","twitter_misc":{"Est. reading time":"1 minute"},"schema":{"@context":"https:\/\/schema.org","@graph":[{"@type":"WebPage","@id":"https:\/\/clavreuil-wordpress.logiciel-arteo.fr\/en\/barros-joao-de-vida-do-apostolico-padre-antonio-vieyra-da-companhia-de-jesus-restaurador-das-missones-do-maranhao-e-para\/","url":"https:\/\/clavreuil-wordpress.logiciel-arteo.fr\/en\/barros-joao-de-vida-do-apostolico-padre-antonio-vieyra-da-companhia-de-jesus-restaurador-das-missones-do-maranhao-e-para\/","name":"BARROS Jo\u00e0o de Vida do Apostolico Padre Antonio Vieyra da Companhia de Jesus (...) restaurador das missones do Maranha\u00f5, e Par\u00e0. - Libairie Clavreuil","isPartOf":{"@id":"https:\/\/clavreuil-wordpress.logiciel-arteo.fr\/#website"},"primaryImageOfPage":{"@id":"https:\/\/clavreuil-wordpress.logiciel-arteo.fr\/en\/barros-joao-de-vida-do-apostolico-padre-antonio-vieyra-da-companhia-de-jesus-restaurador-das-missones-do-maranhao-e-para\/#primaryimage"},"image":{"@id":"https:\/\/clavreuil-wordpress.logiciel-arteo.fr\/en\/barros-joao-de-vida-do-apostolico-padre-antonio-vieyra-da-companhia-de-jesus-restaurador-das-missones-do-maranhao-e-para\/#primaryimage"},"thumbnailUrl":"https:\/\/clavreuil-wordpress.logiciel-arteo.fr\/wp-content\/uploads\/2024\/04\/joao-de-barros-vida-do-apostolico-padre-antonio-vieyra-da-companhia-de-jesus-restaurador-das-missones-do-maranhao-e-para-4202-65f9d5d7e6683.jpg","datePublished":"2024-04-24T15:11:41+00:00","dateModified":"2024-04-24T15:12:13+00:00","breadcrumb":{"@id":"https:\/\/clavreuil-wordpress.logiciel-arteo.fr\/en\/barros-joao-de-vida-do-apostolico-padre-antonio-vieyra-da-companhia-de-jesus-restaurador-das-missones-do-maranhao-e-para\/#breadcrumb"},"inLanguage":"en-US","potentialAction":[{"@type":"ReadAction","target":["https:\/\/clavreuil-wordpress.logiciel-arteo.fr\/en\/barros-joao-de-vida-do-apostolico-padre-antonio-vieyra-da-companhia-de-jesus-restaurador-das-missones-do-maranhao-e-para\/"]}]},{"@type":"ImageObject","inLanguage":"en-US","@id":"https:\/\/clavreuil-wordpress.logiciel-arteo.fr\/en\/barros-joao-de-vida-do-apostolico-padre-antonio-vieyra-da-companhia-de-jesus-restaurador-das-missones-do-maranhao-e-para\/#primaryimage","url":"https:\/\/clavreuil-wordpress.logiciel-arteo.fr\/wp-content\/uploads\/2024\/04\/joao-de-barros-vida-do-apostolico-padre-antonio-vieyra-da-companhia-de-jesus-restaurador-das-missones-do-maranhao-e-para-4202-65f9d5d7e6683.jpg","contentUrl":"https:\/\/clavreuil-wordpress.logiciel-arteo.fr\/wp-content\/uploads\/2024\/04\/joao-de-barros-vida-do-apostolico-padre-antonio-vieyra-da-companhia-de-jesus-restaurador-das-missones-do-maranhao-e-para-4202-65f9d5d7e6683.jpg","width":1659,"height":2396},{"@type":"BreadcrumbList","@id":"https:\/\/clavreuil-wordpress.logiciel-arteo.fr\/en\/barros-joao-de-vida-do-apostolico-padre-antonio-vieyra-da-companhia-de-jesus-restaurador-das-missones-do-maranhao-e-para\/#breadcrumb","itemListElement":[{"@type":"ListItem","position":1,"name":"Accueil","item":"https:\/\/clavreuil-wordpress.logiciel-arteo.fr\/"},{"@type":"ListItem","position":2,"name":"All our books","item":"https:\/\/clavreuil-wordpress.logiciel-arteo.fr\/en\/all-our-books\/"},{"@type":"ListItem","position":3,"name":"BARROS Jo\u00e0o de Vida do Apostolico Padre Antonio..."}]},{"@type":"WebSite","@id":"https:\/\/clavreuil-wordpress.logiciel-arteo.fr\/#website","url":"https:\/\/clavreuil-wordpress.logiciel-arteo.fr\/","name":"Libairie Clavreuil","description":"","publisher":{"@id":"https:\/\/clavreuil-wordpress.logiciel-arteo.fr\/#organization"},"potentialAction":[{"@type":"SearchAction","target":{"@type":"EntryPoint","urlTemplate":"https:\/\/clavreuil-wordpress.logiciel-arteo.fr\/?s={search_term_string}"},"query-input":{"@type":"PropertyValueSpecification","valueRequired":true,"valueName":"search_term_string"}}],"inLanguage":"en-US"},{"@type":"Organization","@id":"https:\/\/clavreuil-wordpress.logiciel-arteo.fr\/#organization","name":"Libairie Clavreuil","url":"https:\/\/clavreuil-wordpress.logiciel-arteo.fr\/","logo":{"@type":"ImageObject","inLanguage":"en-US","@id":"https:\/\/clavreuil-wordpress.logiciel-arteo.fr\/#\/schema\/logo\/image\/","url":"https:\/\/clavreuil-wordpress.logiciel-arteo.fr\/wp-content\/uploads\/2021\/05\/LOGO_PNG_DATE-_gold.png","contentUrl":"https:\/\/clavreuil-wordpress.logiciel-arteo.fr\/wp-content\/uploads\/2021\/05\/LOGO_PNG_DATE-_gold.png","width":2083,"height":1917,"caption":"Libairie Clavreuil"},"image":{"@id":"https:\/\/clavreuil-wordpress.logiciel-arteo.fr\/#\/schema\/logo\/image\/"}}]}},"_links":{"self":[{"href":"https:\/\/clavreuil-wordpress.logiciel-arteo.fr\/en\/wp-json\/wp\/v2\/product\/75535","targetHints":{"allow":["GET"]}}],"collection":[{"href":"https:\/\/clavreuil-wordpress.logiciel-arteo.fr\/en\/wp-json\/wp\/v2\/product"}],"about":[{"href":"https:\/\/clavreuil-wordpress.logiciel-arteo.fr\/en\/wp-json\/wp\/v2\/types\/product"}],"replies":[{"embeddable":true,"href":"https:\/\/clavreuil-wordpress.logiciel-arteo.fr\/en\/wp-json\/wp\/v2\/comments?post=75535"}],"wp:featuredmedia":[{"embeddable":true,"href":"https:\/\/clavreuil-wordpress.logiciel-arteo.fr\/en\/wp-json\/wp\/v2\/media\/75528"}],"wp:attachment":[{"href":"https:\/\/clavreuil-wordpress.logiciel-arteo.fr\/en\/wp-json\/wp\/v2\/media?parent=75535"}],"wp:term":[{"taxonomy":"product_brand","embeddable":true,"href":"https:\/\/clavreuil-wordpress.logiciel-arteo.fr\/en\/wp-json\/wp\/v2\/product_brand?post=75535"},{"taxonomy":"product_cat","embeddable":true,"href":"https:\/\/clavreuil-wordpress.logiciel-arteo.fr\/en\/wp-json\/wp\/v2\/product_cat?post=75535"},{"taxonomy":"product_tag","embeddable":true,"href":"https:\/\/clavreuil-wordpress.logiciel-arteo.fr\/en\/wp-json\/wp\/v2\/product_tag?post=75535"}],"curies":[{"name":"wp","href":"https:\/\/api.w.org\/{rel}","templated":true}]}}