{"id":75539,"date":"2024-04-24T17:12:28","date_gmt":"2024-04-24T15:12:28","guid":{"rendered":"https:\/\/clavreuil-wordpress.logiciel-arteo.fr\/olivier-guillaume-antoine-voyage-dans-lempire-othoman-legypte-et-la-perse-fait-par-ordre-du-gouvernement-pendant-les-six-premieres-annees-de-la-republique\/"},"modified":"2024-04-24T17:12:56","modified_gmt":"2024-04-24T15:12:56","slug":"olivier-guillaume-antoine-voyage-dans-lempire-othoman-legypte-et-la-perse-fait-par-ordre-du-gouvernement-pendant-les-six-premieres-annees-de-la-republique","status":"publish","type":"product","link":"https:\/\/clavreuil-wordpress.logiciel-arteo.fr\/en\/olivier-guillaume-antoine-voyage-dans-lempire-othoman-legypte-et-la-perse-fait-par-ordre-du-gouvernement-pendant-les-six-premieres-annees-de-la-republique\/","title":{"rendered":"OLIVIER Guillaume-Antoine Voyage dans l&#8217;Empire Othoman, l&#8217;Egypte et..."},"content":{"rendered":"<p style=\"text-align:justify\"><em>Chadenat, 142 ; Schwab, 426 ; Blackmer, 876; Ko&ccedil;, 176; Nissen, ZBI, 3011.<\/em><\/p>\n<p style=\"text-align:justify\">First edition. A large paper copy of the deluxe issue in larger format.<\/p>\n<p style=\"text-align:justify\">&quot;The work is particularly valued for its splendid plates, after Horace Vernet (genre scenes) and Pierre-Joseph Redout&eacute; (natural history). According to BnF, the explication of the plates in the atlas volume is by &#039;Dezauche&#039;, probably the cartographer and publisher Jean-Claude Dezauche (f. 1770-1824)&quot; (Ko&ccedil;).<\/p>\n<p style=\"text-align:justify\">The atlas is complete with all its three parts, each with an individual title page and the explanatory text. Maps, views, costumes and natural history plates are engraved after Meunier, Caraffe, Vernet, Poiteau, Turpin, Redout&eacute; and Barraband.<\/p>\n<p style=\"text-align:justify\">The book was highly successful and editions in Dutch, English and German were rapidly produced.<\/p>\n<p style=\"text-align:justify\">Provenance: Inscribed by the author &quot;au C.[itoyen] [name ?] de la part de l&#039;auteur&quot;, Ch&acirc;teau de Rosny et Paul Lebaudy with their respective book plates. Fine inscribed copy, decorated with the special tool &#039;Au Bateau&quot;.<\/p>\n","protected":false},"excerpt":{"rendered":"<p>3 text volumes, 4to (260 x 202 mm) and an atlas, small folio (332 x 247 mm) illustrated with 50 engraved plates. Contemporary speckled calf, ornamental filets on covers, flat spines gilt using the special decorative tool &#039;au bateau&#039;.<\/p>\n","protected":false},"featured_media":75536,"comment_status":"open","ping_status":"closed","template":"","meta":{"_acf_changed":false},"product_brand":[],"product_cat":[552],"product_tag":[1267,1450,1264,1518,1400,1402],"class_list":{"0":"post-75539","1":"product","2":"type-product","3":"status-publish","4":"has-post-thumbnail","6":"product_cat-travel","7":"product_tag-binding","8":"product_tag-first-edition","9":"product_tag-inscription","10":"product_tag-large-paper","11":"product_tag-persia","12":"product_tag-turkey","13":"pa_auteur-guillaume-antoine-olivier-2","14":"pa_type-de-livre-printed-book","16":"first","17":"instock","18":"shipping-taxable","19":"purchasable","20":"product-type-simple"},"acf":[],"yoast_head":"<!-- This site is optimized with the Yoast SEO plugin v24.3 - https:\/\/yoast.com\/wordpress\/plugins\/seo\/ -->\n<title>OLIVIER Guillaume-Antoine Voyage dans l&#039;Empire Othoman, l&#039;Egypte et la Perse, fait par ordre du Gouvernement, pendant les six premi\u00e8res ann\u00e9es de la R\u00e9publique. - Libairie Clavreuil<\/title>\n<meta name=\"robots\" content=\"noindex, follow, max-snippet:-1, max-image-preview:large, max-video-preview:-1\" \/>\n<meta property=\"og:locale\" content=\"en_US\" \/>\n<meta property=\"og:type\" content=\"article\" \/>\n<meta property=\"og:title\" content=\"OLIVIER Guillaume-Antoine Voyage dans l&#039;Empire Othoman, l&#039;Egypte et la Perse, fait par ordre du Gouvernement, pendant les six premi\u00e8res ann\u00e9es de la R\u00e9publique. - Libairie Clavreuil\" \/>\n<meta property=\"og:description\" content=\"3 text volumes, 4to (260 x 202 mm) and an atlas, small folio (332 x 247 mm) illustrated with 50 engraved plates. Contemporary speckled calf, ornamental filets on covers, flat spines gilt using the special decorative tool &#039;au bateau&#039;.\" \/>\n<meta property=\"og:url\" content=\"https:\/\/clavreuil-wordpress.logiciel-arteo.fr\/en\/olivier-guillaume-antoine-voyage-dans-lempire-othoman-legypte-et-la-perse-fait-par-ordre-du-gouvernement-pendant-les-six-premieres-annees-de-la-republique\/\" \/>\n<meta property=\"og:site_name\" content=\"Libairie Clavreuil\" \/>\n<meta property=\"article:modified_time\" content=\"2024-04-24T15:12:56+00:00\" \/>\n<meta property=\"og:image\" content=\"https:\/\/clavreuil-wordpress.logiciel-arteo.fr\/wp-content\/uploads\/2024\/04\/guillaume-antoine-olivier-voyage-dans-l-empire-othoman-l-egypte-et-la-perse-fait-par-ordre-du-gouvernement-pendant-les-six-premieres-annees-de-la-repu-scaled.jpg\" \/>\n\t<meta property=\"og:image:width\" content=\"2560\" \/>\n\t<meta property=\"og:image:height\" content=\"2528\" \/>\n\t<meta property=\"og:image:type\" content=\"image\/jpeg\" \/>\n<meta name=\"twitter:card\" content=\"summary_large_image\" \/>\n<meta name=\"twitter:label1\" content=\"Est. reading time\" \/>\n\t<meta name=\"twitter:data1\" content=\"1 minute\" \/>\n<script type=\"application\/ld+json\" class=\"yoast-schema-graph\">{\"@context\":\"https:\/\/schema.org\",\"@graph\":[{\"@type\":\"WebPage\",\"@id\":\"https:\/\/clavreuil-wordpress.logiciel-arteo.fr\/en\/olivier-guillaume-antoine-voyage-dans-lempire-othoman-legypte-et-la-perse-fait-par-ordre-du-gouvernement-pendant-les-six-premieres-annees-de-la-republique\/\",\"url\":\"https:\/\/clavreuil-wordpress.logiciel-arteo.fr\/en\/olivier-guillaume-antoine-voyage-dans-lempire-othoman-legypte-et-la-perse-fait-par-ordre-du-gouvernement-pendant-les-six-premieres-annees-de-la-republique\/\",\"name\":\"OLIVIER Guillaume-Antoine Voyage dans l'Empire Othoman, l'Egypte et la Perse, fait par ordre du Gouvernement, pendant les six premi\u00e8res ann\u00e9es de la R\u00e9publique. - Libairie Clavreuil\",\"isPartOf\":{\"@id\":\"https:\/\/clavreuil-wordpress.logiciel-arteo.fr\/#website\"},\"primaryImageOfPage\":{\"@id\":\"https:\/\/clavreuil-wordpress.logiciel-arteo.fr\/en\/olivier-guillaume-antoine-voyage-dans-lempire-othoman-legypte-et-la-perse-fait-par-ordre-du-gouvernement-pendant-les-six-premieres-annees-de-la-republique\/#primaryimage\"},\"image\":{\"@id\":\"https:\/\/clavreuil-wordpress.logiciel-arteo.fr\/en\/olivier-guillaume-antoine-voyage-dans-lempire-othoman-legypte-et-la-perse-fait-par-ordre-du-gouvernement-pendant-les-six-premieres-annees-de-la-republique\/#primaryimage\"},\"thumbnailUrl\":\"https:\/\/clavreuil-wordpress.logiciel-arteo.fr\/wp-content\/uploads\/2024\/04\/guillaume-antoine-olivier-voyage-dans-l-empire-othoman-l-egypte-et-la-perse-fait-par-ordre-du-gouvernement-pendant-les-six-premieres-annees-de-la-repu-scaled.jpg\",\"datePublished\":\"2024-04-24T15:12:28+00:00\",\"dateModified\":\"2024-04-24T15:12:56+00:00\",\"breadcrumb\":{\"@id\":\"https:\/\/clavreuil-wordpress.logiciel-arteo.fr\/en\/olivier-guillaume-antoine-voyage-dans-lempire-othoman-legypte-et-la-perse-fait-par-ordre-du-gouvernement-pendant-les-six-premieres-annees-de-la-republique\/#breadcrumb\"},\"inLanguage\":\"en-US\",\"potentialAction\":[{\"@type\":\"ReadAction\",\"target\":[\"https:\/\/clavreuil-wordpress.logiciel-arteo.fr\/en\/olivier-guillaume-antoine-voyage-dans-lempire-othoman-legypte-et-la-perse-fait-par-ordre-du-gouvernement-pendant-les-six-premieres-annees-de-la-republique\/\"]}]},{\"@type\":\"ImageObject\",\"inLanguage\":\"en-US\",\"@id\":\"https:\/\/clavreuil-wordpress.logiciel-arteo.fr\/en\/olivier-guillaume-antoine-voyage-dans-lempire-othoman-legypte-et-la-perse-fait-par-ordre-du-gouvernement-pendant-les-six-premieres-annees-de-la-republique\/#primaryimage\",\"url\":\"https:\/\/clavreuil-wordpress.logiciel-arteo.fr\/wp-content\/uploads\/2024\/04\/guillaume-antoine-olivier-voyage-dans-l-empire-othoman-l-egypte-et-la-perse-fait-par-ordre-du-gouvernement-pendant-les-six-premieres-annees-de-la-repu-scaled.jpg\",\"contentUrl\":\"https:\/\/clavreuil-wordpress.logiciel-arteo.fr\/wp-content\/uploads\/2024\/04\/guillaume-antoine-olivier-voyage-dans-l-empire-othoman-l-egypte-et-la-perse-fait-par-ordre-du-gouvernement-pendant-les-six-premieres-annees-de-la-repu-scaled.jpg\",\"width\":2560,\"height\":2528},{\"@type\":\"BreadcrumbList\",\"@id\":\"https:\/\/clavreuil-wordpress.logiciel-arteo.fr\/en\/olivier-guillaume-antoine-voyage-dans-lempire-othoman-legypte-et-la-perse-fait-par-ordre-du-gouvernement-pendant-les-six-premieres-annees-de-la-republique\/#breadcrumb\",\"itemListElement\":[{\"@type\":\"ListItem\",\"position\":1,\"name\":\"Accueil\",\"item\":\"https:\/\/clavreuil-wordpress.logiciel-arteo.fr\/\"},{\"@type\":\"ListItem\",\"position\":2,\"name\":\"All our books\",\"item\":\"https:\/\/clavreuil-wordpress.logiciel-arteo.fr\/en\/all-our-books\/\"},{\"@type\":\"ListItem\",\"position\":3,\"name\":\"OLIVIER Guillaume-Antoine Voyage dans l&#8217;Empire Othoman, l&#8217;Egypte et...\"}]},{\"@type\":\"WebSite\",\"@id\":\"https:\/\/clavreuil-wordpress.logiciel-arteo.fr\/#website\",\"url\":\"https:\/\/clavreuil-wordpress.logiciel-arteo.fr\/\",\"name\":\"Libairie Clavreuil\",\"description\":\"\",\"publisher\":{\"@id\":\"https:\/\/clavreuil-wordpress.logiciel-arteo.fr\/#organization\"},\"potentialAction\":[{\"@type\":\"SearchAction\",\"target\":{\"@type\":\"EntryPoint\",\"urlTemplate\":\"https:\/\/clavreuil-wordpress.logiciel-arteo.fr\/?s={search_term_string}\"},\"query-input\":{\"@type\":\"PropertyValueSpecification\",\"valueRequired\":true,\"valueName\":\"search_term_string\"}}],\"inLanguage\":\"en-US\"},{\"@type\":\"Organization\",\"@id\":\"https:\/\/clavreuil-wordpress.logiciel-arteo.fr\/#organization\",\"name\":\"Libairie Clavreuil\",\"url\":\"https:\/\/clavreuil-wordpress.logiciel-arteo.fr\/\",\"logo\":{\"@type\":\"ImageObject\",\"inLanguage\":\"en-US\",\"@id\":\"https:\/\/clavreuil-wordpress.logiciel-arteo.fr\/#\/schema\/logo\/image\/\",\"url\":\"https:\/\/clavreuil-wordpress.logiciel-arteo.fr\/wp-content\/uploads\/2021\/05\/LOGO_PNG_DATE-_gold.png\",\"contentUrl\":\"https:\/\/clavreuil-wordpress.logiciel-arteo.fr\/wp-content\/uploads\/2021\/05\/LOGO_PNG_DATE-_gold.png\",\"width\":2083,\"height\":1917,\"caption\":\"Libairie Clavreuil\"},\"image\":{\"@id\":\"https:\/\/clavreuil-wordpress.logiciel-arteo.fr\/#\/schema\/logo\/image\/\"}}]}<\/script>\n<!-- \/ Yoast SEO plugin. -->","yoast_head_json":{"title":"OLIVIER Guillaume-Antoine Voyage dans l'Empire Othoman, l'Egypte et la Perse, fait par ordre du Gouvernement, pendant les six premi\u00e8res ann\u00e9es de la R\u00e9publique. - Libairie Clavreuil","robots":{"index":"noindex","follow":"follow","max-snippet":"max-snippet:-1","max-image-preview":"max-image-preview:large","max-video-preview":"max-video-preview:-1"},"og_locale":"en_US","og_type":"article","og_title":"OLIVIER Guillaume-Antoine Voyage dans l'Empire Othoman, l'Egypte et la Perse, fait par ordre du Gouvernement, pendant les six premi\u00e8res ann\u00e9es de la R\u00e9publique. - Libairie Clavreuil","og_description":"3 text volumes, 4to (260 x 202 mm) and an atlas, small folio (332 x 247 mm) illustrated with 50 engraved plates. Contemporary speckled calf, ornamental filets on covers, flat spines gilt using the special decorative tool &#039;au bateau&#039;.","og_url":"https:\/\/clavreuil-wordpress.logiciel-arteo.fr\/en\/olivier-guillaume-antoine-voyage-dans-lempire-othoman-legypte-et-la-perse-fait-par-ordre-du-gouvernement-pendant-les-six-premieres-annees-de-la-republique\/","og_site_name":"Libairie Clavreuil","article_modified_time":"2024-04-24T15:12:56+00:00","og_image":[{"width":2560,"height":2528,"url":"https:\/\/clavreuil-wordpress.logiciel-arteo.fr\/wp-content\/uploads\/2024\/04\/guillaume-antoine-olivier-voyage-dans-l-empire-othoman-l-egypte-et-la-perse-fait-par-ordre-du-gouvernement-pendant-les-six-premieres-annees-de-la-repu-scaled.jpg","type":"image\/jpeg"}],"twitter_card":"summary_large_image","twitter_misc":{"Est. reading time":"1 minute"},"schema":{"@context":"https:\/\/schema.org","@graph":[{"@type":"WebPage","@id":"https:\/\/clavreuil-wordpress.logiciel-arteo.fr\/en\/olivier-guillaume-antoine-voyage-dans-lempire-othoman-legypte-et-la-perse-fait-par-ordre-du-gouvernement-pendant-les-six-premieres-annees-de-la-republique\/","url":"https:\/\/clavreuil-wordpress.logiciel-arteo.fr\/en\/olivier-guillaume-antoine-voyage-dans-lempire-othoman-legypte-et-la-perse-fait-par-ordre-du-gouvernement-pendant-les-six-premieres-annees-de-la-republique\/","name":"OLIVIER Guillaume-Antoine Voyage dans l'Empire Othoman, l'Egypte et la Perse, fait par ordre du Gouvernement, pendant les six premi\u00e8res ann\u00e9es de la R\u00e9publique. - Libairie Clavreuil","isPartOf":{"@id":"https:\/\/clavreuil-wordpress.logiciel-arteo.fr\/#website"},"primaryImageOfPage":{"@id":"https:\/\/clavreuil-wordpress.logiciel-arteo.fr\/en\/olivier-guillaume-antoine-voyage-dans-lempire-othoman-legypte-et-la-perse-fait-par-ordre-du-gouvernement-pendant-les-six-premieres-annees-de-la-republique\/#primaryimage"},"image":{"@id":"https:\/\/clavreuil-wordpress.logiciel-arteo.fr\/en\/olivier-guillaume-antoine-voyage-dans-lempire-othoman-legypte-et-la-perse-fait-par-ordre-du-gouvernement-pendant-les-six-premieres-annees-de-la-republique\/#primaryimage"},"thumbnailUrl":"https:\/\/clavreuil-wordpress.logiciel-arteo.fr\/wp-content\/uploads\/2024\/04\/guillaume-antoine-olivier-voyage-dans-l-empire-othoman-l-egypte-et-la-perse-fait-par-ordre-du-gouvernement-pendant-les-six-premieres-annees-de-la-repu-scaled.jpg","datePublished":"2024-04-24T15:12:28+00:00","dateModified":"2024-04-24T15:12:56+00:00","breadcrumb":{"@id":"https:\/\/clavreuil-wordpress.logiciel-arteo.fr\/en\/olivier-guillaume-antoine-voyage-dans-lempire-othoman-legypte-et-la-perse-fait-par-ordre-du-gouvernement-pendant-les-six-premieres-annees-de-la-republique\/#breadcrumb"},"inLanguage":"en-US","potentialAction":[{"@type":"ReadAction","target":["https:\/\/clavreuil-wordpress.logiciel-arteo.fr\/en\/olivier-guillaume-antoine-voyage-dans-lempire-othoman-legypte-et-la-perse-fait-par-ordre-du-gouvernement-pendant-les-six-premieres-annees-de-la-republique\/"]}]},{"@type":"ImageObject","inLanguage":"en-US","@id":"https:\/\/clavreuil-wordpress.logiciel-arteo.fr\/en\/olivier-guillaume-antoine-voyage-dans-lempire-othoman-legypte-et-la-perse-fait-par-ordre-du-gouvernement-pendant-les-six-premieres-annees-de-la-republique\/#primaryimage","url":"https:\/\/clavreuil-wordpress.logiciel-arteo.fr\/wp-content\/uploads\/2024\/04\/guillaume-antoine-olivier-voyage-dans-l-empire-othoman-l-egypte-et-la-perse-fait-par-ordre-du-gouvernement-pendant-les-six-premieres-annees-de-la-repu-scaled.jpg","contentUrl":"https:\/\/clavreuil-wordpress.logiciel-arteo.fr\/wp-content\/uploads\/2024\/04\/guillaume-antoine-olivier-voyage-dans-l-empire-othoman-l-egypte-et-la-perse-fait-par-ordre-du-gouvernement-pendant-les-six-premieres-annees-de-la-repu-scaled.jpg","width":2560,"height":2528},{"@type":"BreadcrumbList","@id":"https:\/\/clavreuil-wordpress.logiciel-arteo.fr\/en\/olivier-guillaume-antoine-voyage-dans-lempire-othoman-legypte-et-la-perse-fait-par-ordre-du-gouvernement-pendant-les-six-premieres-annees-de-la-republique\/#breadcrumb","itemListElement":[{"@type":"ListItem","position":1,"name":"Accueil","item":"https:\/\/clavreuil-wordpress.logiciel-arteo.fr\/"},{"@type":"ListItem","position":2,"name":"All our books","item":"https:\/\/clavreuil-wordpress.logiciel-arteo.fr\/en\/all-our-books\/"},{"@type":"ListItem","position":3,"name":"OLIVIER Guillaume-Antoine Voyage dans l&#8217;Empire Othoman, l&#8217;Egypte et..."}]},{"@type":"WebSite","@id":"https:\/\/clavreuil-wordpress.logiciel-arteo.fr\/#website","url":"https:\/\/clavreuil-wordpress.logiciel-arteo.fr\/","name":"Libairie Clavreuil","description":"","publisher":{"@id":"https:\/\/clavreuil-wordpress.logiciel-arteo.fr\/#organization"},"potentialAction":[{"@type":"SearchAction","target":{"@type":"EntryPoint","urlTemplate":"https:\/\/clavreuil-wordpress.logiciel-arteo.fr\/?s={search_term_string}"},"query-input":{"@type":"PropertyValueSpecification","valueRequired":true,"valueName":"search_term_string"}}],"inLanguage":"en-US"},{"@type":"Organization","@id":"https:\/\/clavreuil-wordpress.logiciel-arteo.fr\/#organization","name":"Libairie Clavreuil","url":"https:\/\/clavreuil-wordpress.logiciel-arteo.fr\/","logo":{"@type":"ImageObject","inLanguage":"en-US","@id":"https:\/\/clavreuil-wordpress.logiciel-arteo.fr\/#\/schema\/logo\/image\/","url":"https:\/\/clavreuil-wordpress.logiciel-arteo.fr\/wp-content\/uploads\/2021\/05\/LOGO_PNG_DATE-_gold.png","contentUrl":"https:\/\/clavreuil-wordpress.logiciel-arteo.fr\/wp-content\/uploads\/2021\/05\/LOGO_PNG_DATE-_gold.png","width":2083,"height":1917,"caption":"Libairie Clavreuil"},"image":{"@id":"https:\/\/clavreuil-wordpress.logiciel-arteo.fr\/#\/schema\/logo\/image\/"}}]}},"_links":{"self":[{"href":"https:\/\/clavreuil-wordpress.logiciel-arteo.fr\/en\/wp-json\/wp\/v2\/product\/75539","targetHints":{"allow":["GET"]}}],"collection":[{"href":"https:\/\/clavreuil-wordpress.logiciel-arteo.fr\/en\/wp-json\/wp\/v2\/product"}],"about":[{"href":"https:\/\/clavreuil-wordpress.logiciel-arteo.fr\/en\/wp-json\/wp\/v2\/types\/product"}],"replies":[{"embeddable":true,"href":"https:\/\/clavreuil-wordpress.logiciel-arteo.fr\/en\/wp-json\/wp\/v2\/comments?post=75539"}],"wp:featuredmedia":[{"embeddable":true,"href":"https:\/\/clavreuil-wordpress.logiciel-arteo.fr\/en\/wp-json\/wp\/v2\/media\/75536"}],"wp:attachment":[{"href":"https:\/\/clavreuil-wordpress.logiciel-arteo.fr\/en\/wp-json\/wp\/v2\/media?parent=75539"}],"wp:term":[{"taxonomy":"product_brand","embeddable":true,"href":"https:\/\/clavreuil-wordpress.logiciel-arteo.fr\/en\/wp-json\/wp\/v2\/product_brand?post=75539"},{"taxonomy":"product_cat","embeddable":true,"href":"https:\/\/clavreuil-wordpress.logiciel-arteo.fr\/en\/wp-json\/wp\/v2\/product_cat?post=75539"},{"taxonomy":"product_tag","embeddable":true,"href":"https:\/\/clavreuil-wordpress.logiciel-arteo.fr\/en\/wp-json\/wp\/v2\/product_tag?post=75539"}],"curies":[{"name":"wp","href":"https:\/\/api.w.org\/{rel}","templated":true}]}}