{"id":75557,"date":"2024-04-24T17:13:52","date_gmt":"2024-04-24T15:13:52","guid":{"rendered":"https:\/\/clavreuil-wordpress.logiciel-arteo.fr\/chappe-dauteroche-jean-baptiste-voyage-en-californie-pour-lobservation-du-passage-de-venus-sur-le-disque-du-soleil-le-3-juin-1769-contenant-les-observations-de-ce-phenomene-la-description\/"},"modified":"2024-04-24T17:14:23","modified_gmt":"2024-04-24T15:14:23","slug":"chappe-dauteroche-jean-baptiste-voyage-en-californie-pour-lobservation-du-passage-de-venus-sur-le-disque-du-soleil-le-3-juin-1769-contenant-les-observations-de-ce-phenomene-la-description","status":"publish","type":"product","link":"https:\/\/clavreuil-wordpress.logiciel-arteo.fr\/en\/chappe-dauteroche-jean-baptiste-voyage-en-californie-pour-lobservation-du-passage-de-venus-sur-le-disque-du-soleil-le-3-juin-1769-contenant-les-observations-de-ce-phenomene-la-description\/","title":{"rendered":"CHAPPE D&#8217;AUTEROCHE Jean-Baptiste Voyage en Californie pour l&#8217;observation..."},"content":{"rendered":"<p style=\"text-align:justify\"><em>Hill, 278 ; Sabin, 12003 ; John Carter Brown, 1818 ; Howes, C-299 ; DSB, III, 198.<\/em><\/p>\n<p style=\"text-align:justify\">First edition.<\/p>\n<p style=\"text-align:justify\">Chappe d&#039;Auteroche had been an observer of the transit of Venus in Siberia in 1761 and was sent by the French government to observe the 1769 transit from Baja California, at the same time as Cook was heading for Tahiti to observe it.<\/p>\n<p style=\"text-align:justify\">&quot;Chappe&#039;s fame rests essentially on his role in the observation of the transits of Venus of 1761 and 1769, but his first important scientific communication was connected with the antecedent though not unrelated transit of Mercury of 1753. Between this event and his election to the Acad&eacute;mie des Sciences as adjoint astronomer in 1759, Chappe undertook surveys in Lorraine that involved latitude determination derived from measurement of the meridian altitudes of selected stars of the sun&rsquo;s limb, and longitude determination from lunar eclipses and the occultations of stars&hellip;. The twin transits of Venus were the capstone of eighteenth-century observational activity, and Chappe shared in these great event, in the former through his participation in a Siberian winter expedition in 1761 and in the latter through his participation in an expedition to southern California to observe the transit of Venus in 1769&hellip; [Chappe] died of an unknown epidemic disease that killed ll but one of the group sent to California&rdquo; (DSB).<\/p>\n<p style=\"text-align:justify\">&quot;A great deal of interest was taken in this transit of Venus. The French governement had two expeditions in the field, one under Le Gentil de la Galaisi&egrave;re, intended to operate from the Philippines, and this one, which was accompanied by Spanish scientists, from Baja California. The British governement also sent Captain Cook out to Tahiti for the same purpose&quot; (Hill). THis highly important publication is illustrated with a large plan of Mexico City, most likely drawn by Jos&eacute; Antonio Alzate &quot;who also contributed information about the natural history of the region near Mexico City&quot; (Hill).<\/p>\n<p style=\"text-align:justify\">The 3 plates are of natural history interst (fish, mineralogy, botany, scientific observations).<\/p>\n<p style=\"text-align:justify\">A full margined copy; typographical table stained.<\/p>\n","protected":false},"excerpt":{"rendered":"<p>4to (272 x 210 mm) 2 nn.ll., 170 pp., 1 nn.l. (privilege), 1 large engraved folding plan, 1 typographical folding table, 3 engraved plates. Modern stitching, marbled papercovers, modern slipcase.<\/p>\n","protected":false},"featured_media":75550,"comment_status":"open","ping_status":"closed","template":"","meta":{"_acf_changed":false},"product_brand":[],"product_cat":[552],"product_tag":[1364,1450,1370],"class_list":{"0":"post-75557","1":"product","2":"type-product","3":"status-publish","4":"has-post-thumbnail","6":"product_cat-travel","7":"product_tag-california","8":"product_tag-first-edition","9":"product_tag-united-states-of-america","10":"pa_auteur-jean-baptiste-chappe-dauteroche-2","11":"pa_type-de-livre-printed-book","13":"first","14":"instock","15":"shipping-taxable","16":"purchasable","17":"product-type-simple"},"acf":[],"yoast_head":"<!-- This site is optimized with the Yoast SEO plugin v24.3 - https:\/\/yoast.com\/wordpress\/plugins\/seo\/ -->\n<title>CHAPPE D&#039;AUTEROCHE Jean-Baptiste Voyage en Californie pour l&#039;observation du passage de V\u00e9nus sur le disque du soleil le 3 juin 1769. Contenant les observations de ce ph\u00e9nom\u00e8ne, &amp; la description historique de la route de l&#039;auteur \u00e0 travers le Mexique. - Libairie Clavreuil<\/title>\n<meta name=\"robots\" content=\"noindex, follow, max-snippet:-1, max-image-preview:large, max-video-preview:-1\" \/>\n<meta property=\"og:locale\" content=\"en_US\" \/>\n<meta property=\"og:type\" content=\"article\" \/>\n<meta property=\"og:title\" content=\"CHAPPE D&#039;AUTEROCHE Jean-Baptiste Voyage en Californie pour l&#039;observation du passage de V\u00e9nus sur le disque du soleil le 3 juin 1769. Contenant les observations de ce ph\u00e9nom\u00e8ne, &amp; la description historique de la route de l&#039;auteur \u00e0 travers le Mexique. - Libairie Clavreuil\" \/>\n<meta property=\"og:description\" content=\"4to (272 x 210 mm) 2 nn.ll., 170 pp., 1 nn.l. (privilege), 1 large engraved folding plan, 1 typographical folding table, 3 engraved plates. Modern stitching, marbled papercovers, modern slipcase.\" \/>\n<meta property=\"og:url\" content=\"https:\/\/clavreuil-wordpress.logiciel-arteo.fr\/en\/chappe-dauteroche-jean-baptiste-voyage-en-californie-pour-lobservation-du-passage-de-venus-sur-le-disque-du-soleil-le-3-juin-1769-contenant-les-observations-de-ce-phenomene-la-description\/\" \/>\n<meta property=\"og:site_name\" content=\"Libairie Clavreuil\" \/>\n<meta property=\"article:modified_time\" content=\"2024-04-24T15:14:23+00:00\" \/>\n<meta property=\"og:image\" content=\"https:\/\/clavreuil-wordpress.logiciel-arteo.fr\/wp-content\/uploads\/2024\/04\/jean-baptiste-chappe-d-auteroche-voyage-en-californie-pour-l-observation-du-passage-de-venus-sur-le-disque-du-soleil-le-3-juin-1769-contenant-les-obse.jpg\" \/>\n\t<meta property=\"og:image:width\" content=\"1968\" \/>\n\t<meta property=\"og:image:height\" content=\"1474\" \/>\n\t<meta property=\"og:image:type\" content=\"image\/jpeg\" \/>\n<meta name=\"twitter:card\" content=\"summary_large_image\" \/>\n<meta name=\"twitter:label1\" content=\"Est. reading time\" \/>\n\t<meta name=\"twitter:data1\" content=\"2 minutes\" \/>\n<script type=\"application\/ld+json\" class=\"yoast-schema-graph\">{\"@context\":\"https:\/\/schema.org\",\"@graph\":[{\"@type\":\"WebPage\",\"@id\":\"https:\/\/clavreuil-wordpress.logiciel-arteo.fr\/en\/chappe-dauteroche-jean-baptiste-voyage-en-californie-pour-lobservation-du-passage-de-venus-sur-le-disque-du-soleil-le-3-juin-1769-contenant-les-observations-de-ce-phenomene-la-description\/\",\"url\":\"https:\/\/clavreuil-wordpress.logiciel-arteo.fr\/en\/chappe-dauteroche-jean-baptiste-voyage-en-californie-pour-lobservation-du-passage-de-venus-sur-le-disque-du-soleil-le-3-juin-1769-contenant-les-observations-de-ce-phenomene-la-description\/\",\"name\":\"CHAPPE D'AUTEROCHE Jean-Baptiste Voyage en Californie pour l'observation du passage de V\u00e9nus sur le disque du soleil le 3 juin 1769. Contenant les observations de ce ph\u00e9nom\u00e8ne, &amp; la description historique de la route de l'auteur \u00e0 travers le Mexique. - Libairie Clavreuil\",\"isPartOf\":{\"@id\":\"https:\/\/clavreuil-wordpress.logiciel-arteo.fr\/#website\"},\"primaryImageOfPage\":{\"@id\":\"https:\/\/clavreuil-wordpress.logiciel-arteo.fr\/en\/chappe-dauteroche-jean-baptiste-voyage-en-californie-pour-lobservation-du-passage-de-venus-sur-le-disque-du-soleil-le-3-juin-1769-contenant-les-observations-de-ce-phenomene-la-description\/#primaryimage\"},\"image\":{\"@id\":\"https:\/\/clavreuil-wordpress.logiciel-arteo.fr\/en\/chappe-dauteroche-jean-baptiste-voyage-en-californie-pour-lobservation-du-passage-de-venus-sur-le-disque-du-soleil-le-3-juin-1769-contenant-les-observations-de-ce-phenomene-la-description\/#primaryimage\"},\"thumbnailUrl\":\"https:\/\/clavreuil-wordpress.logiciel-arteo.fr\/wp-content\/uploads\/2024\/04\/jean-baptiste-chappe-d-auteroche-voyage-en-californie-pour-l-observation-du-passage-de-venus-sur-le-disque-du-soleil-le-3-juin-1769-contenant-les-obse.jpg\",\"datePublished\":\"2024-04-24T15:13:52+00:00\",\"dateModified\":\"2024-04-24T15:14:23+00:00\",\"breadcrumb\":{\"@id\":\"https:\/\/clavreuil-wordpress.logiciel-arteo.fr\/en\/chappe-dauteroche-jean-baptiste-voyage-en-californie-pour-lobservation-du-passage-de-venus-sur-le-disque-du-soleil-le-3-juin-1769-contenant-les-observations-de-ce-phenomene-la-description\/#breadcrumb\"},\"inLanguage\":\"en-US\",\"potentialAction\":[{\"@type\":\"ReadAction\",\"target\":[\"https:\/\/clavreuil-wordpress.logiciel-arteo.fr\/en\/chappe-dauteroche-jean-baptiste-voyage-en-californie-pour-lobservation-du-passage-de-venus-sur-le-disque-du-soleil-le-3-juin-1769-contenant-les-observations-de-ce-phenomene-la-description\/\"]}]},{\"@type\":\"ImageObject\",\"inLanguage\":\"en-US\",\"@id\":\"https:\/\/clavreuil-wordpress.logiciel-arteo.fr\/en\/chappe-dauteroche-jean-baptiste-voyage-en-californie-pour-lobservation-du-passage-de-venus-sur-le-disque-du-soleil-le-3-juin-1769-contenant-les-observations-de-ce-phenomene-la-description\/#primaryimage\",\"url\":\"https:\/\/clavreuil-wordpress.logiciel-arteo.fr\/wp-content\/uploads\/2024\/04\/jean-baptiste-chappe-d-auteroche-voyage-en-californie-pour-l-observation-du-passage-de-venus-sur-le-disque-du-soleil-le-3-juin-1769-contenant-les-obse.jpg\",\"contentUrl\":\"https:\/\/clavreuil-wordpress.logiciel-arteo.fr\/wp-content\/uploads\/2024\/04\/jean-baptiste-chappe-d-auteroche-voyage-en-californie-pour-l-observation-du-passage-de-venus-sur-le-disque-du-soleil-le-3-juin-1769-contenant-les-obse.jpg\",\"width\":1968,\"height\":1474},{\"@type\":\"BreadcrumbList\",\"@id\":\"https:\/\/clavreuil-wordpress.logiciel-arteo.fr\/en\/chappe-dauteroche-jean-baptiste-voyage-en-californie-pour-lobservation-du-passage-de-venus-sur-le-disque-du-soleil-le-3-juin-1769-contenant-les-observations-de-ce-phenomene-la-description\/#breadcrumb\",\"itemListElement\":[{\"@type\":\"ListItem\",\"position\":1,\"name\":\"Accueil\",\"item\":\"https:\/\/clavreuil-wordpress.logiciel-arteo.fr\/\"},{\"@type\":\"ListItem\",\"position\":2,\"name\":\"All our books\",\"item\":\"https:\/\/clavreuil-wordpress.logiciel-arteo.fr\/en\/all-our-books\/\"},{\"@type\":\"ListItem\",\"position\":3,\"name\":\"CHAPPE D&#8217;AUTEROCHE Jean-Baptiste Voyage en Californie pour l&#8217;observation...\"}]},{\"@type\":\"WebSite\",\"@id\":\"https:\/\/clavreuil-wordpress.logiciel-arteo.fr\/#website\",\"url\":\"https:\/\/clavreuil-wordpress.logiciel-arteo.fr\/\",\"name\":\"Libairie Clavreuil\",\"description\":\"\",\"publisher\":{\"@id\":\"https:\/\/clavreuil-wordpress.logiciel-arteo.fr\/#organization\"},\"potentialAction\":[{\"@type\":\"SearchAction\",\"target\":{\"@type\":\"EntryPoint\",\"urlTemplate\":\"https:\/\/clavreuil-wordpress.logiciel-arteo.fr\/?s={search_term_string}\"},\"query-input\":{\"@type\":\"PropertyValueSpecification\",\"valueRequired\":true,\"valueName\":\"search_term_string\"}}],\"inLanguage\":\"en-US\"},{\"@type\":\"Organization\",\"@id\":\"https:\/\/clavreuil-wordpress.logiciel-arteo.fr\/#organization\",\"name\":\"Libairie Clavreuil\",\"url\":\"https:\/\/clavreuil-wordpress.logiciel-arteo.fr\/\",\"logo\":{\"@type\":\"ImageObject\",\"inLanguage\":\"en-US\",\"@id\":\"https:\/\/clavreuil-wordpress.logiciel-arteo.fr\/#\/schema\/logo\/image\/\",\"url\":\"https:\/\/clavreuil-wordpress.logiciel-arteo.fr\/wp-content\/uploads\/2021\/05\/LOGO_PNG_DATE-_gold.png\",\"contentUrl\":\"https:\/\/clavreuil-wordpress.logiciel-arteo.fr\/wp-content\/uploads\/2021\/05\/LOGO_PNG_DATE-_gold.png\",\"width\":2083,\"height\":1917,\"caption\":\"Libairie Clavreuil\"},\"image\":{\"@id\":\"https:\/\/clavreuil-wordpress.logiciel-arteo.fr\/#\/schema\/logo\/image\/\"}}]}<\/script>\n<!-- \/ Yoast SEO plugin. -->","yoast_head_json":{"title":"CHAPPE D'AUTEROCHE Jean-Baptiste Voyage en Californie pour l'observation du passage de V\u00e9nus sur le disque du soleil le 3 juin 1769. Contenant les observations de ce ph\u00e9nom\u00e8ne, &amp; la description historique de la route de l'auteur \u00e0 travers le Mexique. - Libairie Clavreuil","robots":{"index":"noindex","follow":"follow","max-snippet":"max-snippet:-1","max-image-preview":"max-image-preview:large","max-video-preview":"max-video-preview:-1"},"og_locale":"en_US","og_type":"article","og_title":"CHAPPE D'AUTEROCHE Jean-Baptiste Voyage en Californie pour l'observation du passage de V\u00e9nus sur le disque du soleil le 3 juin 1769. Contenant les observations de ce ph\u00e9nom\u00e8ne, &amp; la description historique de la route de l'auteur \u00e0 travers le Mexique. - Libairie Clavreuil","og_description":"4to (272 x 210 mm) 2 nn.ll., 170 pp., 1 nn.l. (privilege), 1 large engraved folding plan, 1 typographical folding table, 3 engraved plates. Modern stitching, marbled papercovers, modern slipcase.","og_url":"https:\/\/clavreuil-wordpress.logiciel-arteo.fr\/en\/chappe-dauteroche-jean-baptiste-voyage-en-californie-pour-lobservation-du-passage-de-venus-sur-le-disque-du-soleil-le-3-juin-1769-contenant-les-observations-de-ce-phenomene-la-description\/","og_site_name":"Libairie Clavreuil","article_modified_time":"2024-04-24T15:14:23+00:00","og_image":[{"width":1968,"height":1474,"url":"https:\/\/clavreuil-wordpress.logiciel-arteo.fr\/wp-content\/uploads\/2024\/04\/jean-baptiste-chappe-d-auteroche-voyage-en-californie-pour-l-observation-du-passage-de-venus-sur-le-disque-du-soleil-le-3-juin-1769-contenant-les-obse.jpg","type":"image\/jpeg"}],"twitter_card":"summary_large_image","twitter_misc":{"Est. reading time":"2 minutes"},"schema":{"@context":"https:\/\/schema.org","@graph":[{"@type":"WebPage","@id":"https:\/\/clavreuil-wordpress.logiciel-arteo.fr\/en\/chappe-dauteroche-jean-baptiste-voyage-en-californie-pour-lobservation-du-passage-de-venus-sur-le-disque-du-soleil-le-3-juin-1769-contenant-les-observations-de-ce-phenomene-la-description\/","url":"https:\/\/clavreuil-wordpress.logiciel-arteo.fr\/en\/chappe-dauteroche-jean-baptiste-voyage-en-californie-pour-lobservation-du-passage-de-venus-sur-le-disque-du-soleil-le-3-juin-1769-contenant-les-observations-de-ce-phenomene-la-description\/","name":"CHAPPE D'AUTEROCHE Jean-Baptiste Voyage en Californie pour l'observation du passage de V\u00e9nus sur le disque du soleil le 3 juin 1769. Contenant les observations de ce ph\u00e9nom\u00e8ne, &amp; la description historique de la route de l'auteur \u00e0 travers le Mexique. - Libairie Clavreuil","isPartOf":{"@id":"https:\/\/clavreuil-wordpress.logiciel-arteo.fr\/#website"},"primaryImageOfPage":{"@id":"https:\/\/clavreuil-wordpress.logiciel-arteo.fr\/en\/chappe-dauteroche-jean-baptiste-voyage-en-californie-pour-lobservation-du-passage-de-venus-sur-le-disque-du-soleil-le-3-juin-1769-contenant-les-observations-de-ce-phenomene-la-description\/#primaryimage"},"image":{"@id":"https:\/\/clavreuil-wordpress.logiciel-arteo.fr\/en\/chappe-dauteroche-jean-baptiste-voyage-en-californie-pour-lobservation-du-passage-de-venus-sur-le-disque-du-soleil-le-3-juin-1769-contenant-les-observations-de-ce-phenomene-la-description\/#primaryimage"},"thumbnailUrl":"https:\/\/clavreuil-wordpress.logiciel-arteo.fr\/wp-content\/uploads\/2024\/04\/jean-baptiste-chappe-d-auteroche-voyage-en-californie-pour-l-observation-du-passage-de-venus-sur-le-disque-du-soleil-le-3-juin-1769-contenant-les-obse.jpg","datePublished":"2024-04-24T15:13:52+00:00","dateModified":"2024-04-24T15:14:23+00:00","breadcrumb":{"@id":"https:\/\/clavreuil-wordpress.logiciel-arteo.fr\/en\/chappe-dauteroche-jean-baptiste-voyage-en-californie-pour-lobservation-du-passage-de-venus-sur-le-disque-du-soleil-le-3-juin-1769-contenant-les-observations-de-ce-phenomene-la-description\/#breadcrumb"},"inLanguage":"en-US","potentialAction":[{"@type":"ReadAction","target":["https:\/\/clavreuil-wordpress.logiciel-arteo.fr\/en\/chappe-dauteroche-jean-baptiste-voyage-en-californie-pour-lobservation-du-passage-de-venus-sur-le-disque-du-soleil-le-3-juin-1769-contenant-les-observations-de-ce-phenomene-la-description\/"]}]},{"@type":"ImageObject","inLanguage":"en-US","@id":"https:\/\/clavreuil-wordpress.logiciel-arteo.fr\/en\/chappe-dauteroche-jean-baptiste-voyage-en-californie-pour-lobservation-du-passage-de-venus-sur-le-disque-du-soleil-le-3-juin-1769-contenant-les-observations-de-ce-phenomene-la-description\/#primaryimage","url":"https:\/\/clavreuil-wordpress.logiciel-arteo.fr\/wp-content\/uploads\/2024\/04\/jean-baptiste-chappe-d-auteroche-voyage-en-californie-pour-l-observation-du-passage-de-venus-sur-le-disque-du-soleil-le-3-juin-1769-contenant-les-obse.jpg","contentUrl":"https:\/\/clavreuil-wordpress.logiciel-arteo.fr\/wp-content\/uploads\/2024\/04\/jean-baptiste-chappe-d-auteroche-voyage-en-californie-pour-l-observation-du-passage-de-venus-sur-le-disque-du-soleil-le-3-juin-1769-contenant-les-obse.jpg","width":1968,"height":1474},{"@type":"BreadcrumbList","@id":"https:\/\/clavreuil-wordpress.logiciel-arteo.fr\/en\/chappe-dauteroche-jean-baptiste-voyage-en-californie-pour-lobservation-du-passage-de-venus-sur-le-disque-du-soleil-le-3-juin-1769-contenant-les-observations-de-ce-phenomene-la-description\/#breadcrumb","itemListElement":[{"@type":"ListItem","position":1,"name":"Accueil","item":"https:\/\/clavreuil-wordpress.logiciel-arteo.fr\/"},{"@type":"ListItem","position":2,"name":"All our books","item":"https:\/\/clavreuil-wordpress.logiciel-arteo.fr\/en\/all-our-books\/"},{"@type":"ListItem","position":3,"name":"CHAPPE D&#8217;AUTEROCHE Jean-Baptiste Voyage en Californie pour l&#8217;observation..."}]},{"@type":"WebSite","@id":"https:\/\/clavreuil-wordpress.logiciel-arteo.fr\/#website","url":"https:\/\/clavreuil-wordpress.logiciel-arteo.fr\/","name":"Libairie Clavreuil","description":"","publisher":{"@id":"https:\/\/clavreuil-wordpress.logiciel-arteo.fr\/#organization"},"potentialAction":[{"@type":"SearchAction","target":{"@type":"EntryPoint","urlTemplate":"https:\/\/clavreuil-wordpress.logiciel-arteo.fr\/?s={search_term_string}"},"query-input":{"@type":"PropertyValueSpecification","valueRequired":true,"valueName":"search_term_string"}}],"inLanguage":"en-US"},{"@type":"Organization","@id":"https:\/\/clavreuil-wordpress.logiciel-arteo.fr\/#organization","name":"Libairie Clavreuil","url":"https:\/\/clavreuil-wordpress.logiciel-arteo.fr\/","logo":{"@type":"ImageObject","inLanguage":"en-US","@id":"https:\/\/clavreuil-wordpress.logiciel-arteo.fr\/#\/schema\/logo\/image\/","url":"https:\/\/clavreuil-wordpress.logiciel-arteo.fr\/wp-content\/uploads\/2021\/05\/LOGO_PNG_DATE-_gold.png","contentUrl":"https:\/\/clavreuil-wordpress.logiciel-arteo.fr\/wp-content\/uploads\/2021\/05\/LOGO_PNG_DATE-_gold.png","width":2083,"height":1917,"caption":"Libairie Clavreuil"},"image":{"@id":"https:\/\/clavreuil-wordpress.logiciel-arteo.fr\/#\/schema\/logo\/image\/"}}]}},"_links":{"self":[{"href":"https:\/\/clavreuil-wordpress.logiciel-arteo.fr\/en\/wp-json\/wp\/v2\/product\/75557","targetHints":{"allow":["GET"]}}],"collection":[{"href":"https:\/\/clavreuil-wordpress.logiciel-arteo.fr\/en\/wp-json\/wp\/v2\/product"}],"about":[{"href":"https:\/\/clavreuil-wordpress.logiciel-arteo.fr\/en\/wp-json\/wp\/v2\/types\/product"}],"replies":[{"embeddable":true,"href":"https:\/\/clavreuil-wordpress.logiciel-arteo.fr\/en\/wp-json\/wp\/v2\/comments?post=75557"}],"wp:featuredmedia":[{"embeddable":true,"href":"https:\/\/clavreuil-wordpress.logiciel-arteo.fr\/en\/wp-json\/wp\/v2\/media\/75550"}],"wp:attachment":[{"href":"https:\/\/clavreuil-wordpress.logiciel-arteo.fr\/en\/wp-json\/wp\/v2\/media?parent=75557"}],"wp:term":[{"taxonomy":"product_brand","embeddable":true,"href":"https:\/\/clavreuil-wordpress.logiciel-arteo.fr\/en\/wp-json\/wp\/v2\/product_brand?post=75557"},{"taxonomy":"product_cat","embeddable":true,"href":"https:\/\/clavreuil-wordpress.logiciel-arteo.fr\/en\/wp-json\/wp\/v2\/product_cat?post=75557"},{"taxonomy":"product_tag","embeddable":true,"href":"https:\/\/clavreuil-wordpress.logiciel-arteo.fr\/en\/wp-json\/wp\/v2\/product_tag?post=75557"}],"curies":[{"name":"wp","href":"https:\/\/api.w.org\/{rel}","templated":true}]}}