{"id":75597,"date":"2024-04-24T17:25:39","date_gmt":"2024-04-24T15:25:39","guid":{"rendered":"https:\/\/clavreuil-wordpress.logiciel-arteo.fr\/chalcondyle-laonicus-histoire-general-des-turcs-contenant-lhistoire-de-chalcondyle-traduite-par-blaise-de-vigenaire-avec-les-illustrations-du-meme-auteur-et-continuee-jusques-en-lan-m-d-c-xii\/"},"modified":"2024-04-24T17:26:25","modified_gmt":"2024-04-24T15:26:25","slug":"chalcondyle-laonicus-histoire-general-des-turcs-contenant-lhistoire-de-chalcondyle-traduite-par-blaise-de-vigenaire-avec-les-illustrations-du-meme-auteur-et-continuee-jusques-en-lan-m-d-c-xii","status":"publish","type":"product","link":"https:\/\/clavreuil-wordpress.logiciel-arteo.fr\/en\/chalcondyle-laonicus-histoire-general-des-turcs-contenant-lhistoire-de-chalcondyle-traduite-par-blaise-de-vigenaire-avec-les-illustrations-du-meme-auteur-et-continuee-jusques-en-lan-m-d-c-xii\/","title":{"rendered":"CHALCONDYLE Laonicus Histoire g\u00e9n\u00e9ral des Turcs, contenant l&#8217;histoire..."},"content":{"rendered":"<p style=\"text-align:justify\"><em>Atabey, I, 214 (missing the plan of the Turkish army); Ko&ccedil; Collection, 59; not in Blackmer.<\/em><\/p>\n<p style=\"text-align:justify\">Important collective edition (the first dates from 1632, with notes by Thomas Artus) of the French translation of one of the most famous books on Turkish history. It is also well known for its iconography of the sultans and other characters whose engravings are inspired by the woodcuts illustrating Nicolai&#039;s edition (<em>Les Navigations, p&eacute;r&eacute;grinations et voyages<\/em>&#8230; Antwerp 1576).<\/p>\n<p style=\"text-align:justify\">&quot;These collected editions of the history of Chalcondyles are particularly important as the vehicle by which Nicolay&#039;s plates of Levantine costumes became known&quot; (Atabey).<\/p>\n<p style=\"text-align:justify\">&quot;Laonicus Chacondyles, c. 1423-1490, was a Byzantine Greek historian from Athens. His work is one of the main sources of historical knowledge about the Byzantine Empire from 1298 to 1463. It first appeared in a Latin translation in 1556 (Basel, Oporinus), and the French translation by Blaise de Vigen&egrave;re was first published in 1577 (Paris, N. Chesneau). Although a parallel Greek\/Latin text was published by Petrus de la Roui&egrave;re in Geneva in 1615, it was the folio editions in French, with Artus&#039; additions, that became famous for their iconography of the sultans: the first of these editions appeared in Paris under the imprint of the widow l&#039;Angelier in 1612, and this and many other successive editions helped to bring Nicolay&#039;s costume images to a wider audience&quot; (Ko&ccedil;).<\/p>\n<p style=\"text-align:justify\">A complete copy with the 106 full-page engravings, together with the large copper-engraved plan of Constantinople, and the woodcut plan of the Turkish army which was missing from the Atabey copy. Occasional foxing and traces of waterstain notably in the first volume, small wormholes.<\/p>\n","protected":false},"excerpt":{"rendered":"<p>2 volumes folio (364 x 230 mm) engraved allegorical title, 5 nn.ll. (including half-title), 907 pp., 14 nn.ll., 20 copper engraved full-page portraits for volume I; engraved allegorical title, 5 nn.ll., 204 pp., 8 nn.ll. (including 6 nn.ll. index, a divisional title and a summary), 5 copper engraved full-page portraits ; 89 pp., 1 unn.l., large engraved plan of Constantinople ; 85 pp., 5 nn.ll. (table), 64 num.ll. with 62 full-page copper engraved portraits, 1 nn.l., pp. 67-116, 2 nn.ll., 17 full-page copper plates; 273 columns, 1 nn.l., 2 full-page engravings, 1 double-page woodcut plan showing the Turkish army (between columns 114\/117) for volume II. Contemporary speckled calf, spine gilt with raised bands, speckled edges (expertly rebacked in style).<\/p>\n","protected":false},"featured_media":75581,"comment_status":"open","ping_status":"closed","template":"","meta":{"_acf_changed":false},"product_brand":[],"product_cat":[552],"product_tag":[1402],"class_list":{"0":"post-75597","1":"product","2":"type-product","3":"status-publish","4":"has-post-thumbnail","6":"product_cat-travel","7":"product_tag-turkey","8":"pa_auteur-laonicus-chalcondyle-2","9":"pa_type-de-livre-printed-book","11":"first","12":"instock","13":"shipping-taxable","14":"purchasable","15":"product-type-simple"},"acf":[],"yoast_head":"<!-- This site is optimized with the Yoast SEO plugin v24.3 - https:\/\/yoast.com\/wordpress\/plugins\/seo\/ -->\n<title>CHALCONDYLE Laonicus Histoire g\u00e9n\u00e9ral des Turcs, contenant l&#039;histoire de Chalcondyle, traduite par Blaise de Vigenaire, avec les illustrations du m\u00eame auteur. Et continu\u00e9e jusques en l&#039;an M.D.C.XII par Thomas Artus; et en cette \u00e9dition, par le sieur de M\u00e9zeray, jusques en l&#039;ann\u00e9e 1661. De plus l&#039;histoire du S\u00e9rail par le sieur Baudier. Les figures et descriptions des principaux officiers et autres personnes de l&#039;Empire Turc, par Nicolai. - Libairie Clavreuil<\/title>\n<meta name=\"robots\" content=\"noindex, follow, max-snippet:-1, max-image-preview:large, max-video-preview:-1\" \/>\n<meta property=\"og:locale\" content=\"en_US\" \/>\n<meta property=\"og:type\" content=\"article\" \/>\n<meta property=\"og:title\" content=\"CHALCONDYLE Laonicus Histoire g\u00e9n\u00e9ral des Turcs, contenant l&#039;histoire de Chalcondyle, traduite par Blaise de Vigenaire, avec les illustrations du m\u00eame auteur. Et continu\u00e9e jusques en l&#039;an M.D.C.XII par Thomas Artus; et en cette \u00e9dition, par le sieur de M\u00e9zeray, jusques en l&#039;ann\u00e9e 1661. De plus l&#039;histoire du S\u00e9rail par le sieur Baudier. Les figures et descriptions des principaux officiers et autres personnes de l&#039;Empire Turc, par Nicolai. - Libairie Clavreuil\" \/>\n<meta property=\"og:description\" content=\"2 volumes folio (364 x 230 mm) engraved allegorical title, 5 nn.ll. (including half-title), 907 pp., 14 nn.ll., 20 copper engraved full-page portraits for volume I; engraved allegorical title, 5 nn.ll., 204 pp., 8 nn.ll. (including 6 nn.ll. index, a divisional title and a summary), 5 copper engraved full-page portraits ; 89 pp., 1 unn.l., large engraved plan of Constantinople ; 85 pp., 5 nn.ll. (table), 64 num.ll. with 62 full-page copper engraved portraits, 1 nn.l., pp. 67-116, 2 nn.ll., 17 full-page copper plates; 273 columns, 1 nn.l., 2 full-page engravings, 1 double-page woodcut plan showing the Turkish army (between columns 114\/117) for volume II. Contemporary speckled calf, spine gilt with raised bands, speckled edges (expertly rebacked in style).\" \/>\n<meta property=\"og:url\" content=\"https:\/\/clavreuil-wordpress.logiciel-arteo.fr\/en\/chalcondyle-laonicus-histoire-general-des-turcs-contenant-lhistoire-de-chalcondyle-traduite-par-blaise-de-vigenaire-avec-les-illustrations-du-meme-auteur-et-continuee-jusques-en-lan-m-d-c-xii\/\" \/>\n<meta property=\"og:site_name\" content=\"Libairie Clavreuil\" \/>\n<meta property=\"article:modified_time\" content=\"2024-04-24T15:26:25+00:00\" \/>\n<meta property=\"og:image\" content=\"https:\/\/clavreuil-wordpress.logiciel-arteo.fr\/wp-content\/uploads\/2024\/04\/laonicus-chalcondyle-histoire-general-des-turcs-contenant-l-histoire-de-chalcondyle-traduite-par-blaise-de-vigenaire-avec-les-illustrations-du-meme-au.jpg\" \/>\n\t<meta property=\"og:image:width\" content=\"2091\" \/>\n\t<meta property=\"og:image:height\" content=\"1655\" \/>\n\t<meta property=\"og:image:type\" content=\"image\/jpeg\" \/>\n<meta name=\"twitter:card\" content=\"summary_large_image\" \/>\n<meta name=\"twitter:label1\" content=\"Est. reading time\" \/>\n\t<meta name=\"twitter:data1\" content=\"1 minute\" \/>\n<script type=\"application\/ld+json\" class=\"yoast-schema-graph\">{\"@context\":\"https:\/\/schema.org\",\"@graph\":[{\"@type\":\"WebPage\",\"@id\":\"https:\/\/clavreuil-wordpress.logiciel-arteo.fr\/en\/chalcondyle-laonicus-histoire-general-des-turcs-contenant-lhistoire-de-chalcondyle-traduite-par-blaise-de-vigenaire-avec-les-illustrations-du-meme-auteur-et-continuee-jusques-en-lan-m-d-c-xii\/\",\"url\":\"https:\/\/clavreuil-wordpress.logiciel-arteo.fr\/en\/chalcondyle-laonicus-histoire-general-des-turcs-contenant-lhistoire-de-chalcondyle-traduite-par-blaise-de-vigenaire-avec-les-illustrations-du-meme-auteur-et-continuee-jusques-en-lan-m-d-c-xii\/\",\"name\":\"CHALCONDYLE Laonicus Histoire g\u00e9n\u00e9ral des Turcs, contenant l'histoire de Chalcondyle, traduite par Blaise de Vigenaire, avec les illustrations du m\u00eame auteur. Et continu\u00e9e jusques en l'an M.D.C.XII par Thomas Artus; et en cette \u00e9dition, par le sieur de M\u00e9zeray, jusques en l'ann\u00e9e 1661. De plus l'histoire du S\u00e9rail par le sieur Baudier. Les figures et descriptions des principaux officiers et autres personnes de l'Empire Turc, par Nicolai. - Libairie Clavreuil\",\"isPartOf\":{\"@id\":\"https:\/\/clavreuil-wordpress.logiciel-arteo.fr\/#website\"},\"primaryImageOfPage\":{\"@id\":\"https:\/\/clavreuil-wordpress.logiciel-arteo.fr\/en\/chalcondyle-laonicus-histoire-general-des-turcs-contenant-lhistoire-de-chalcondyle-traduite-par-blaise-de-vigenaire-avec-les-illustrations-du-meme-auteur-et-continuee-jusques-en-lan-m-d-c-xii\/#primaryimage\"},\"image\":{\"@id\":\"https:\/\/clavreuil-wordpress.logiciel-arteo.fr\/en\/chalcondyle-laonicus-histoire-general-des-turcs-contenant-lhistoire-de-chalcondyle-traduite-par-blaise-de-vigenaire-avec-les-illustrations-du-meme-auteur-et-continuee-jusques-en-lan-m-d-c-xii\/#primaryimage\"},\"thumbnailUrl\":\"https:\/\/clavreuil-wordpress.logiciel-arteo.fr\/wp-content\/uploads\/2024\/04\/laonicus-chalcondyle-histoire-general-des-turcs-contenant-l-histoire-de-chalcondyle-traduite-par-blaise-de-vigenaire-avec-les-illustrations-du-meme-au.jpg\",\"datePublished\":\"2024-04-24T15:25:39+00:00\",\"dateModified\":\"2024-04-24T15:26:25+00:00\",\"breadcrumb\":{\"@id\":\"https:\/\/clavreuil-wordpress.logiciel-arteo.fr\/en\/chalcondyle-laonicus-histoire-general-des-turcs-contenant-lhistoire-de-chalcondyle-traduite-par-blaise-de-vigenaire-avec-les-illustrations-du-meme-auteur-et-continuee-jusques-en-lan-m-d-c-xii\/#breadcrumb\"},\"inLanguage\":\"en-US\",\"potentialAction\":[{\"@type\":\"ReadAction\",\"target\":[\"https:\/\/clavreuil-wordpress.logiciel-arteo.fr\/en\/chalcondyle-laonicus-histoire-general-des-turcs-contenant-lhistoire-de-chalcondyle-traduite-par-blaise-de-vigenaire-avec-les-illustrations-du-meme-auteur-et-continuee-jusques-en-lan-m-d-c-xii\/\"]}]},{\"@type\":\"ImageObject\",\"inLanguage\":\"en-US\",\"@id\":\"https:\/\/clavreuil-wordpress.logiciel-arteo.fr\/en\/chalcondyle-laonicus-histoire-general-des-turcs-contenant-lhistoire-de-chalcondyle-traduite-par-blaise-de-vigenaire-avec-les-illustrations-du-meme-auteur-et-continuee-jusques-en-lan-m-d-c-xii\/#primaryimage\",\"url\":\"https:\/\/clavreuil-wordpress.logiciel-arteo.fr\/wp-content\/uploads\/2024\/04\/laonicus-chalcondyle-histoire-general-des-turcs-contenant-l-histoire-de-chalcondyle-traduite-par-blaise-de-vigenaire-avec-les-illustrations-du-meme-au.jpg\",\"contentUrl\":\"https:\/\/clavreuil-wordpress.logiciel-arteo.fr\/wp-content\/uploads\/2024\/04\/laonicus-chalcondyle-histoire-general-des-turcs-contenant-l-histoire-de-chalcondyle-traduite-par-blaise-de-vigenaire-avec-les-illustrations-du-meme-au.jpg\",\"width\":2091,\"height\":1655},{\"@type\":\"BreadcrumbList\",\"@id\":\"https:\/\/clavreuil-wordpress.logiciel-arteo.fr\/en\/chalcondyle-laonicus-histoire-general-des-turcs-contenant-lhistoire-de-chalcondyle-traduite-par-blaise-de-vigenaire-avec-les-illustrations-du-meme-auteur-et-continuee-jusques-en-lan-m-d-c-xii\/#breadcrumb\",\"itemListElement\":[{\"@type\":\"ListItem\",\"position\":1,\"name\":\"Accueil\",\"item\":\"https:\/\/clavreuil-wordpress.logiciel-arteo.fr\/\"},{\"@type\":\"ListItem\",\"position\":2,\"name\":\"All our books\",\"item\":\"https:\/\/clavreuil-wordpress.logiciel-arteo.fr\/en\/all-our-books\/\"},{\"@type\":\"ListItem\",\"position\":3,\"name\":\"CHALCONDYLE Laonicus Histoire g\u00e9n\u00e9ral des Turcs, contenant l&#8217;histoire...\"}]},{\"@type\":\"WebSite\",\"@id\":\"https:\/\/clavreuil-wordpress.logiciel-arteo.fr\/#website\",\"url\":\"https:\/\/clavreuil-wordpress.logiciel-arteo.fr\/\",\"name\":\"Libairie Clavreuil\",\"description\":\"\",\"publisher\":{\"@id\":\"https:\/\/clavreuil-wordpress.logiciel-arteo.fr\/#organization\"},\"potentialAction\":[{\"@type\":\"SearchAction\",\"target\":{\"@type\":\"EntryPoint\",\"urlTemplate\":\"https:\/\/clavreuil-wordpress.logiciel-arteo.fr\/?s={search_term_string}\"},\"query-input\":{\"@type\":\"PropertyValueSpecification\",\"valueRequired\":true,\"valueName\":\"search_term_string\"}}],\"inLanguage\":\"en-US\"},{\"@type\":\"Organization\",\"@id\":\"https:\/\/clavreuil-wordpress.logiciel-arteo.fr\/#organization\",\"name\":\"Libairie Clavreuil\",\"url\":\"https:\/\/clavreuil-wordpress.logiciel-arteo.fr\/\",\"logo\":{\"@type\":\"ImageObject\",\"inLanguage\":\"en-US\",\"@id\":\"https:\/\/clavreuil-wordpress.logiciel-arteo.fr\/#\/schema\/logo\/image\/\",\"url\":\"https:\/\/clavreuil-wordpress.logiciel-arteo.fr\/wp-content\/uploads\/2021\/05\/LOGO_PNG_DATE-_gold.png\",\"contentUrl\":\"https:\/\/clavreuil-wordpress.logiciel-arteo.fr\/wp-content\/uploads\/2021\/05\/LOGO_PNG_DATE-_gold.png\",\"width\":2083,\"height\":1917,\"caption\":\"Libairie Clavreuil\"},\"image\":{\"@id\":\"https:\/\/clavreuil-wordpress.logiciel-arteo.fr\/#\/schema\/logo\/image\/\"}}]}<\/script>\n<!-- \/ Yoast SEO plugin. -->","yoast_head_json":{"title":"CHALCONDYLE Laonicus Histoire g\u00e9n\u00e9ral des Turcs, contenant l'histoire de Chalcondyle, traduite par Blaise de Vigenaire, avec les illustrations du m\u00eame auteur. Et continu\u00e9e jusques en l'an M.D.C.XII par Thomas Artus; et en cette \u00e9dition, par le sieur de M\u00e9zeray, jusques en l'ann\u00e9e 1661. De plus l'histoire du S\u00e9rail par le sieur Baudier. Les figures et descriptions des principaux officiers et autres personnes de l'Empire Turc, par Nicolai. - Libairie Clavreuil","robots":{"index":"noindex","follow":"follow","max-snippet":"max-snippet:-1","max-image-preview":"max-image-preview:large","max-video-preview":"max-video-preview:-1"},"og_locale":"en_US","og_type":"article","og_title":"CHALCONDYLE Laonicus Histoire g\u00e9n\u00e9ral des Turcs, contenant l'histoire de Chalcondyle, traduite par Blaise de Vigenaire, avec les illustrations du m\u00eame auteur. Et continu\u00e9e jusques en l'an M.D.C.XII par Thomas Artus; et en cette \u00e9dition, par le sieur de M\u00e9zeray, jusques en l'ann\u00e9e 1661. De plus l'histoire du S\u00e9rail par le sieur Baudier. Les figures et descriptions des principaux officiers et autres personnes de l'Empire Turc, par Nicolai. - Libairie Clavreuil","og_description":"2 volumes folio (364 x 230 mm) engraved allegorical title, 5 nn.ll. (including half-title), 907 pp., 14 nn.ll., 20 copper engraved full-page portraits for volume I; engraved allegorical title, 5 nn.ll., 204 pp., 8 nn.ll. (including 6 nn.ll. index, a divisional title and a summary), 5 copper engraved full-page portraits ; 89 pp., 1 unn.l., large engraved plan of Constantinople ; 85 pp., 5 nn.ll. (table), 64 num.ll. with 62 full-page copper engraved portraits, 1 nn.l., pp. 67-116, 2 nn.ll., 17 full-page copper plates; 273 columns, 1 nn.l., 2 full-page engravings, 1 double-page woodcut plan showing the Turkish army (between columns 114\/117) for volume II. Contemporary speckled calf, spine gilt with raised bands, speckled edges (expertly rebacked in style).","og_url":"https:\/\/clavreuil-wordpress.logiciel-arteo.fr\/en\/chalcondyle-laonicus-histoire-general-des-turcs-contenant-lhistoire-de-chalcondyle-traduite-par-blaise-de-vigenaire-avec-les-illustrations-du-meme-auteur-et-continuee-jusques-en-lan-m-d-c-xii\/","og_site_name":"Libairie Clavreuil","article_modified_time":"2024-04-24T15:26:25+00:00","og_image":[{"width":2091,"height":1655,"url":"https:\/\/clavreuil-wordpress.logiciel-arteo.fr\/wp-content\/uploads\/2024\/04\/laonicus-chalcondyle-histoire-general-des-turcs-contenant-l-histoire-de-chalcondyle-traduite-par-blaise-de-vigenaire-avec-les-illustrations-du-meme-au.jpg","type":"image\/jpeg"}],"twitter_card":"summary_large_image","twitter_misc":{"Est. reading time":"1 minute"},"schema":{"@context":"https:\/\/schema.org","@graph":[{"@type":"WebPage","@id":"https:\/\/clavreuil-wordpress.logiciel-arteo.fr\/en\/chalcondyle-laonicus-histoire-general-des-turcs-contenant-lhistoire-de-chalcondyle-traduite-par-blaise-de-vigenaire-avec-les-illustrations-du-meme-auteur-et-continuee-jusques-en-lan-m-d-c-xii\/","url":"https:\/\/clavreuil-wordpress.logiciel-arteo.fr\/en\/chalcondyle-laonicus-histoire-general-des-turcs-contenant-lhistoire-de-chalcondyle-traduite-par-blaise-de-vigenaire-avec-les-illustrations-du-meme-auteur-et-continuee-jusques-en-lan-m-d-c-xii\/","name":"CHALCONDYLE Laonicus Histoire g\u00e9n\u00e9ral des Turcs, contenant l'histoire de Chalcondyle, traduite par Blaise de Vigenaire, avec les illustrations du m\u00eame auteur. Et continu\u00e9e jusques en l'an M.D.C.XII par Thomas Artus; et en cette \u00e9dition, par le sieur de M\u00e9zeray, jusques en l'ann\u00e9e 1661. De plus l'histoire du S\u00e9rail par le sieur Baudier. Les figures et descriptions des principaux officiers et autres personnes de l'Empire Turc, par Nicolai. - Libairie Clavreuil","isPartOf":{"@id":"https:\/\/clavreuil-wordpress.logiciel-arteo.fr\/#website"},"primaryImageOfPage":{"@id":"https:\/\/clavreuil-wordpress.logiciel-arteo.fr\/en\/chalcondyle-laonicus-histoire-general-des-turcs-contenant-lhistoire-de-chalcondyle-traduite-par-blaise-de-vigenaire-avec-les-illustrations-du-meme-auteur-et-continuee-jusques-en-lan-m-d-c-xii\/#primaryimage"},"image":{"@id":"https:\/\/clavreuil-wordpress.logiciel-arteo.fr\/en\/chalcondyle-laonicus-histoire-general-des-turcs-contenant-lhistoire-de-chalcondyle-traduite-par-blaise-de-vigenaire-avec-les-illustrations-du-meme-auteur-et-continuee-jusques-en-lan-m-d-c-xii\/#primaryimage"},"thumbnailUrl":"https:\/\/clavreuil-wordpress.logiciel-arteo.fr\/wp-content\/uploads\/2024\/04\/laonicus-chalcondyle-histoire-general-des-turcs-contenant-l-histoire-de-chalcondyle-traduite-par-blaise-de-vigenaire-avec-les-illustrations-du-meme-au.jpg","datePublished":"2024-04-24T15:25:39+00:00","dateModified":"2024-04-24T15:26:25+00:00","breadcrumb":{"@id":"https:\/\/clavreuil-wordpress.logiciel-arteo.fr\/en\/chalcondyle-laonicus-histoire-general-des-turcs-contenant-lhistoire-de-chalcondyle-traduite-par-blaise-de-vigenaire-avec-les-illustrations-du-meme-auteur-et-continuee-jusques-en-lan-m-d-c-xii\/#breadcrumb"},"inLanguage":"en-US","potentialAction":[{"@type":"ReadAction","target":["https:\/\/clavreuil-wordpress.logiciel-arteo.fr\/en\/chalcondyle-laonicus-histoire-general-des-turcs-contenant-lhistoire-de-chalcondyle-traduite-par-blaise-de-vigenaire-avec-les-illustrations-du-meme-auteur-et-continuee-jusques-en-lan-m-d-c-xii\/"]}]},{"@type":"ImageObject","inLanguage":"en-US","@id":"https:\/\/clavreuil-wordpress.logiciel-arteo.fr\/en\/chalcondyle-laonicus-histoire-general-des-turcs-contenant-lhistoire-de-chalcondyle-traduite-par-blaise-de-vigenaire-avec-les-illustrations-du-meme-auteur-et-continuee-jusques-en-lan-m-d-c-xii\/#primaryimage","url":"https:\/\/clavreuil-wordpress.logiciel-arteo.fr\/wp-content\/uploads\/2024\/04\/laonicus-chalcondyle-histoire-general-des-turcs-contenant-l-histoire-de-chalcondyle-traduite-par-blaise-de-vigenaire-avec-les-illustrations-du-meme-au.jpg","contentUrl":"https:\/\/clavreuil-wordpress.logiciel-arteo.fr\/wp-content\/uploads\/2024\/04\/laonicus-chalcondyle-histoire-general-des-turcs-contenant-l-histoire-de-chalcondyle-traduite-par-blaise-de-vigenaire-avec-les-illustrations-du-meme-au.jpg","width":2091,"height":1655},{"@type":"BreadcrumbList","@id":"https:\/\/clavreuil-wordpress.logiciel-arteo.fr\/en\/chalcondyle-laonicus-histoire-general-des-turcs-contenant-lhistoire-de-chalcondyle-traduite-par-blaise-de-vigenaire-avec-les-illustrations-du-meme-auteur-et-continuee-jusques-en-lan-m-d-c-xii\/#breadcrumb","itemListElement":[{"@type":"ListItem","position":1,"name":"Accueil","item":"https:\/\/clavreuil-wordpress.logiciel-arteo.fr\/"},{"@type":"ListItem","position":2,"name":"All our books","item":"https:\/\/clavreuil-wordpress.logiciel-arteo.fr\/en\/all-our-books\/"},{"@type":"ListItem","position":3,"name":"CHALCONDYLE Laonicus Histoire g\u00e9n\u00e9ral des Turcs, contenant l&#8217;histoire..."}]},{"@type":"WebSite","@id":"https:\/\/clavreuil-wordpress.logiciel-arteo.fr\/#website","url":"https:\/\/clavreuil-wordpress.logiciel-arteo.fr\/","name":"Libairie Clavreuil","description":"","publisher":{"@id":"https:\/\/clavreuil-wordpress.logiciel-arteo.fr\/#organization"},"potentialAction":[{"@type":"SearchAction","target":{"@type":"EntryPoint","urlTemplate":"https:\/\/clavreuil-wordpress.logiciel-arteo.fr\/?s={search_term_string}"},"query-input":{"@type":"PropertyValueSpecification","valueRequired":true,"valueName":"search_term_string"}}],"inLanguage":"en-US"},{"@type":"Organization","@id":"https:\/\/clavreuil-wordpress.logiciel-arteo.fr\/#organization","name":"Libairie Clavreuil","url":"https:\/\/clavreuil-wordpress.logiciel-arteo.fr\/","logo":{"@type":"ImageObject","inLanguage":"en-US","@id":"https:\/\/clavreuil-wordpress.logiciel-arteo.fr\/#\/schema\/logo\/image\/","url":"https:\/\/clavreuil-wordpress.logiciel-arteo.fr\/wp-content\/uploads\/2021\/05\/LOGO_PNG_DATE-_gold.png","contentUrl":"https:\/\/clavreuil-wordpress.logiciel-arteo.fr\/wp-content\/uploads\/2021\/05\/LOGO_PNG_DATE-_gold.png","width":2083,"height":1917,"caption":"Libairie Clavreuil"},"image":{"@id":"https:\/\/clavreuil-wordpress.logiciel-arteo.fr\/#\/schema\/logo\/image\/"}}]}},"_links":{"self":[{"href":"https:\/\/clavreuil-wordpress.logiciel-arteo.fr\/en\/wp-json\/wp\/v2\/product\/75597","targetHints":{"allow":["GET"]}}],"collection":[{"href":"https:\/\/clavreuil-wordpress.logiciel-arteo.fr\/en\/wp-json\/wp\/v2\/product"}],"about":[{"href":"https:\/\/clavreuil-wordpress.logiciel-arteo.fr\/en\/wp-json\/wp\/v2\/types\/product"}],"replies":[{"embeddable":true,"href":"https:\/\/clavreuil-wordpress.logiciel-arteo.fr\/en\/wp-json\/wp\/v2\/comments?post=75597"}],"wp:featuredmedia":[{"embeddable":true,"href":"https:\/\/clavreuil-wordpress.logiciel-arteo.fr\/en\/wp-json\/wp\/v2\/media\/75581"}],"wp:attachment":[{"href":"https:\/\/clavreuil-wordpress.logiciel-arteo.fr\/en\/wp-json\/wp\/v2\/media?parent=75597"}],"wp:term":[{"taxonomy":"product_brand","embeddable":true,"href":"https:\/\/clavreuil-wordpress.logiciel-arteo.fr\/en\/wp-json\/wp\/v2\/product_brand?post=75597"},{"taxonomy":"product_cat","embeddable":true,"href":"https:\/\/clavreuil-wordpress.logiciel-arteo.fr\/en\/wp-json\/wp\/v2\/product_cat?post=75597"},{"taxonomy":"product_tag","embeddable":true,"href":"https:\/\/clavreuil-wordpress.logiciel-arteo.fr\/en\/wp-json\/wp\/v2\/product_tag?post=75597"}],"curies":[{"name":"wp","href":"https:\/\/api.w.org\/{rel}","templated":true}]}}