{"id":75632,"date":"2024-04-24T17:27:35","date_gmt":"2024-04-24T15:27:35","guid":{"rendered":"https:\/\/clavreuil-wordpress.logiciel-arteo.fr\/charpentier-henri-recueil-des-costumes-de-la-bretagne-des-autres-contrees-de-la-france-ou-la-mise-des-habitants-offre-quelque-singularite-remarquable\/"},"modified":"2024-04-24T17:28:50","modified_gmt":"2024-04-24T15:28:50","slug":"charpentier-henri-recueil-des-costumes-de-la-bretagne-des-autres-contrees-de-la-france-ou-la-mise-des-habitants-offre-quelque-singularite-remarquable","status":"publish","type":"product","link":"https:\/\/clavreuil-wordpress.logiciel-arteo.fr\/en\/charpentier-henri-recueil-des-costumes-de-la-bretagne-des-autres-contrees-de-la-france-ou-la-mise-des-habitants-offre-quelque-singularite-remarquable\/","title":{"rendered":"CHARPENTIER Henri Recueil des costumes de la Bretagne..."},"content":{"rendered":"<p style=\"text-align:justify\"><em>Colas, I, 215 (mentions a printed table of contents); Lipperheide, Fe 7 (not mentining a table of contents); Vinet, 2279 (for a later edition dated 1834).<\/em><\/p>\n<p style=\"text-align:justify\">First edition.<\/p>\n<p style=\"text-align:justify\">Very rare complete set of 120 lithographed plates It contains a fine copper engraved title page, illustrated with a decorative vignette in lithography, and 120 lithographed and coloured plates. This suite is of particular interest for the costumes of the region of Brittany, although also other regions are included. The plates show both men and women placed in a decorative setting. Colas indicates that most of the plates are by H. Charpentier, and that they of particular interest for the regional costumes of France (&quot;la plupart de ces planches sont lithographi&eacute;es par H. Charpentier, elles sont tr&egrave;s int&eacute;ressantes pour les costumes r&eacute;gionaux et paysans de France&quot;.<\/p>\n<p style=\"text-align:justify\">Pierre Henri Charpentier (1771-1854) started his career as a printer, editor and lithographer in the city of Nantes, supported by his son Henri Desir&eacute; (1806-1883). Together they created an important number of lithographed albums from 1828 onward, date when the gifted printer received his printing diploma. Soon after he commissioned the painter and illustrator Fran&ccedil;ois Hippolyte Delalaisse, called Lalaisse (1810-1884) to prepare a survey on the local costumes of Brittany, subsequently published under the title &ldquo;Recueil des costumes de la Bretagne &amp; d&rsquo;autres contr&eacute;es de la France&rdquo;.<\/p>\n<p style=\"text-align:justify\">The magnificent work, published in instalments, was dedicated to the Duchesse de Berry. Colas mentions a table of contens, not present in this copy, like in others including the one held in the Lohia collection (copy bound in 2 volumes, each one with the upper cover of a printed wrapper serving as title).<\/p>\n<p style=\"text-align:justify\">&quot;This set of plates is the earliest work devoted to the costume of Bretagne region, as well as being of the highest quality. A contemporary celebration of the huge regional diversity in costume still to be found in the France of the 1820s, with excellent lively work from the Nantes based firm of Charpentier&quot; (S.P. Lohia Collection).<\/p>\n<p style=\"text-align:justify\">Some occasional stains or foxing, else a fine copy of this rare publication.<\/p>\n","protected":false},"excerpt":{"rendered":"<p>In-4 (357 x 267 mm) one engraved title page printed in black and white, 120 original lithographed plates, all in fine contemporary handcoloring, some heightend in gold; contemporary green morocco backed boards, flat spine, gilt.<\/p>\n","protected":false},"featured_media":75611,"comment_status":"open","ping_status":"closed","template":"","meta":{"_acf_changed":false},"product_brand":[],"product_cat":[552],"product_tag":[1260,1450,1215],"class_list":{"0":"post-75632","1":"product","2":"type-product","3":"status-publish","4":"has-post-thumbnail","6":"product_cat-travel","7":"product_tag-costumes-2","8":"product_tag-first-edition","9":"product_tag-regionalism","10":"pa_auteur-henri-charpentier-2","11":"pa_type-de-livre-printed-book","13":"first","14":"instock","15":"shipping-taxable","16":"purchasable","17":"product-type-simple"},"acf":[],"yoast_head":"<!-- This site is optimized with the Yoast SEO plugin v24.3 - https:\/\/yoast.com\/wordpress\/plugins\/seo\/ -->\n<title>CHARPENTIER Henri Recueil des costumes de la Bretagne &amp; des autres contr\u00e9es de la France o\u00f9 la mise des habitants offre quelque singularit\u00e9 remarquable. - Libairie Clavreuil<\/title>\n<meta name=\"robots\" content=\"noindex, follow, max-snippet:-1, max-image-preview:large, max-video-preview:-1\" \/>\n<meta property=\"og:locale\" content=\"en_US\" \/>\n<meta property=\"og:type\" content=\"article\" \/>\n<meta property=\"og:title\" content=\"CHARPENTIER Henri Recueil des costumes de la Bretagne &amp; des autres contr\u00e9es de la France o\u00f9 la mise des habitants offre quelque singularit\u00e9 remarquable. - Libairie Clavreuil\" \/>\n<meta property=\"og:description\" content=\"In-4 (357 x 267 mm) one engraved title page printed in black and white, 120 original lithographed plates, all in fine contemporary handcoloring, some heightend in gold; contemporary green morocco backed boards, flat spine, gilt.\" \/>\n<meta property=\"og:url\" content=\"https:\/\/clavreuil-wordpress.logiciel-arteo.fr\/en\/charpentier-henri-recueil-des-costumes-de-la-bretagne-des-autres-contrees-de-la-france-ou-la-mise-des-habitants-offre-quelque-singularite-remarquable\/\" \/>\n<meta property=\"og:site_name\" content=\"Libairie Clavreuil\" \/>\n<meta property=\"article:modified_time\" content=\"2024-04-24T15:28:50+00:00\" \/>\n<meta property=\"og:image\" content=\"https:\/\/clavreuil-wordpress.logiciel-arteo.fr\/wp-content\/uploads\/2024\/04\/dr-rene-charpentier-recueil-des-costumes-de-la-bretagne-des-autres-contrees-de-la-france-ou-la-mise-des-habitants-offre-quelque-singularite-remarquabl-scaled.jpg\" \/>\n\t<meta property=\"og:image:width\" content=\"1778\" \/>\n\t<meta property=\"og:image:height\" content=\"2560\" \/>\n\t<meta property=\"og:image:type\" content=\"image\/jpeg\" \/>\n<meta name=\"twitter:card\" content=\"summary_large_image\" \/>\n<meta name=\"twitter:label1\" content=\"Est. reading time\" \/>\n\t<meta name=\"twitter:data1\" content=\"2 minutes\" \/>\n<script type=\"application\/ld+json\" class=\"yoast-schema-graph\">{\"@context\":\"https:\/\/schema.org\",\"@graph\":[{\"@type\":\"WebPage\",\"@id\":\"https:\/\/clavreuil-wordpress.logiciel-arteo.fr\/en\/charpentier-henri-recueil-des-costumes-de-la-bretagne-des-autres-contrees-de-la-france-ou-la-mise-des-habitants-offre-quelque-singularite-remarquable\/\",\"url\":\"https:\/\/clavreuil-wordpress.logiciel-arteo.fr\/en\/charpentier-henri-recueil-des-costumes-de-la-bretagne-des-autres-contrees-de-la-france-ou-la-mise-des-habitants-offre-quelque-singularite-remarquable\/\",\"name\":\"CHARPENTIER Henri Recueil des costumes de la Bretagne &amp; des autres contr\u00e9es de la France o\u00f9 la mise des habitants offre quelque singularit\u00e9 remarquable. - Libairie Clavreuil\",\"isPartOf\":{\"@id\":\"https:\/\/clavreuil-wordpress.logiciel-arteo.fr\/#website\"},\"primaryImageOfPage\":{\"@id\":\"https:\/\/clavreuil-wordpress.logiciel-arteo.fr\/en\/charpentier-henri-recueil-des-costumes-de-la-bretagne-des-autres-contrees-de-la-france-ou-la-mise-des-habitants-offre-quelque-singularite-remarquable\/#primaryimage\"},\"image\":{\"@id\":\"https:\/\/clavreuil-wordpress.logiciel-arteo.fr\/en\/charpentier-henri-recueil-des-costumes-de-la-bretagne-des-autres-contrees-de-la-france-ou-la-mise-des-habitants-offre-quelque-singularite-remarquable\/#primaryimage\"},\"thumbnailUrl\":\"https:\/\/clavreuil-wordpress.logiciel-arteo.fr\/wp-content\/uploads\/2024\/04\/dr-rene-charpentier-recueil-des-costumes-de-la-bretagne-des-autres-contrees-de-la-france-ou-la-mise-des-habitants-offre-quelque-singularite-remarquabl-scaled.jpg\",\"datePublished\":\"2024-04-24T15:27:35+00:00\",\"dateModified\":\"2024-04-24T15:28:50+00:00\",\"breadcrumb\":{\"@id\":\"https:\/\/clavreuil-wordpress.logiciel-arteo.fr\/en\/charpentier-henri-recueil-des-costumes-de-la-bretagne-des-autres-contrees-de-la-france-ou-la-mise-des-habitants-offre-quelque-singularite-remarquable\/#breadcrumb\"},\"inLanguage\":\"en-US\",\"potentialAction\":[{\"@type\":\"ReadAction\",\"target\":[\"https:\/\/clavreuil-wordpress.logiciel-arteo.fr\/en\/charpentier-henri-recueil-des-costumes-de-la-bretagne-des-autres-contrees-de-la-france-ou-la-mise-des-habitants-offre-quelque-singularite-remarquable\/\"]}]},{\"@type\":\"ImageObject\",\"inLanguage\":\"en-US\",\"@id\":\"https:\/\/clavreuil-wordpress.logiciel-arteo.fr\/en\/charpentier-henri-recueil-des-costumes-de-la-bretagne-des-autres-contrees-de-la-france-ou-la-mise-des-habitants-offre-quelque-singularite-remarquable\/#primaryimage\",\"url\":\"https:\/\/clavreuil-wordpress.logiciel-arteo.fr\/wp-content\/uploads\/2024\/04\/dr-rene-charpentier-recueil-des-costumes-de-la-bretagne-des-autres-contrees-de-la-france-ou-la-mise-des-habitants-offre-quelque-singularite-remarquabl-scaled.jpg\",\"contentUrl\":\"https:\/\/clavreuil-wordpress.logiciel-arteo.fr\/wp-content\/uploads\/2024\/04\/dr-rene-charpentier-recueil-des-costumes-de-la-bretagne-des-autres-contrees-de-la-france-ou-la-mise-des-habitants-offre-quelque-singularite-remarquabl-scaled.jpg\",\"width\":1778,\"height\":2560},{\"@type\":\"BreadcrumbList\",\"@id\":\"https:\/\/clavreuil-wordpress.logiciel-arteo.fr\/en\/charpentier-henri-recueil-des-costumes-de-la-bretagne-des-autres-contrees-de-la-france-ou-la-mise-des-habitants-offre-quelque-singularite-remarquable\/#breadcrumb\",\"itemListElement\":[{\"@type\":\"ListItem\",\"position\":1,\"name\":\"Accueil\",\"item\":\"https:\/\/clavreuil-wordpress.logiciel-arteo.fr\/\"},{\"@type\":\"ListItem\",\"position\":2,\"name\":\"All our books\",\"item\":\"https:\/\/clavreuil-wordpress.logiciel-arteo.fr\/en\/all-our-books\/\"},{\"@type\":\"ListItem\",\"position\":3,\"name\":\"CHARPENTIER Henri Recueil des costumes de la Bretagne...\"}]},{\"@type\":\"WebSite\",\"@id\":\"https:\/\/clavreuil-wordpress.logiciel-arteo.fr\/#website\",\"url\":\"https:\/\/clavreuil-wordpress.logiciel-arteo.fr\/\",\"name\":\"Libairie Clavreuil\",\"description\":\"\",\"publisher\":{\"@id\":\"https:\/\/clavreuil-wordpress.logiciel-arteo.fr\/#organization\"},\"potentialAction\":[{\"@type\":\"SearchAction\",\"target\":{\"@type\":\"EntryPoint\",\"urlTemplate\":\"https:\/\/clavreuil-wordpress.logiciel-arteo.fr\/?s={search_term_string}\"},\"query-input\":{\"@type\":\"PropertyValueSpecification\",\"valueRequired\":true,\"valueName\":\"search_term_string\"}}],\"inLanguage\":\"en-US\"},{\"@type\":\"Organization\",\"@id\":\"https:\/\/clavreuil-wordpress.logiciel-arteo.fr\/#organization\",\"name\":\"Libairie Clavreuil\",\"url\":\"https:\/\/clavreuil-wordpress.logiciel-arteo.fr\/\",\"logo\":{\"@type\":\"ImageObject\",\"inLanguage\":\"en-US\",\"@id\":\"https:\/\/clavreuil-wordpress.logiciel-arteo.fr\/#\/schema\/logo\/image\/\",\"url\":\"https:\/\/clavreuil-wordpress.logiciel-arteo.fr\/wp-content\/uploads\/2021\/05\/LOGO_PNG_DATE-_gold.png\",\"contentUrl\":\"https:\/\/clavreuil-wordpress.logiciel-arteo.fr\/wp-content\/uploads\/2021\/05\/LOGO_PNG_DATE-_gold.png\",\"width\":2083,\"height\":1917,\"caption\":\"Libairie Clavreuil\"},\"image\":{\"@id\":\"https:\/\/clavreuil-wordpress.logiciel-arteo.fr\/#\/schema\/logo\/image\/\"}}]}<\/script>\n<!-- \/ Yoast SEO plugin. -->","yoast_head_json":{"title":"CHARPENTIER Henri Recueil des costumes de la Bretagne &amp; des autres contr\u00e9es de la France o\u00f9 la mise des habitants offre quelque singularit\u00e9 remarquable. - Libairie Clavreuil","robots":{"index":"noindex","follow":"follow","max-snippet":"max-snippet:-1","max-image-preview":"max-image-preview:large","max-video-preview":"max-video-preview:-1"},"og_locale":"en_US","og_type":"article","og_title":"CHARPENTIER Henri Recueil des costumes de la Bretagne &amp; des autres contr\u00e9es de la France o\u00f9 la mise des habitants offre quelque singularit\u00e9 remarquable. - Libairie Clavreuil","og_description":"In-4 (357 x 267 mm) one engraved title page printed in black and white, 120 original lithographed plates, all in fine contemporary handcoloring, some heightend in gold; contemporary green morocco backed boards, flat spine, gilt.","og_url":"https:\/\/clavreuil-wordpress.logiciel-arteo.fr\/en\/charpentier-henri-recueil-des-costumes-de-la-bretagne-des-autres-contrees-de-la-france-ou-la-mise-des-habitants-offre-quelque-singularite-remarquable\/","og_site_name":"Libairie Clavreuil","article_modified_time":"2024-04-24T15:28:50+00:00","og_image":[{"width":1778,"height":2560,"url":"https:\/\/clavreuil-wordpress.logiciel-arteo.fr\/wp-content\/uploads\/2024\/04\/dr-rene-charpentier-recueil-des-costumes-de-la-bretagne-des-autres-contrees-de-la-france-ou-la-mise-des-habitants-offre-quelque-singularite-remarquabl-scaled.jpg","type":"image\/jpeg"}],"twitter_card":"summary_large_image","twitter_misc":{"Est. reading time":"2 minutes"},"schema":{"@context":"https:\/\/schema.org","@graph":[{"@type":"WebPage","@id":"https:\/\/clavreuil-wordpress.logiciel-arteo.fr\/en\/charpentier-henri-recueil-des-costumes-de-la-bretagne-des-autres-contrees-de-la-france-ou-la-mise-des-habitants-offre-quelque-singularite-remarquable\/","url":"https:\/\/clavreuil-wordpress.logiciel-arteo.fr\/en\/charpentier-henri-recueil-des-costumes-de-la-bretagne-des-autres-contrees-de-la-france-ou-la-mise-des-habitants-offre-quelque-singularite-remarquable\/","name":"CHARPENTIER Henri Recueil des costumes de la Bretagne &amp; des autres contr\u00e9es de la France o\u00f9 la mise des habitants offre quelque singularit\u00e9 remarquable. - Libairie Clavreuil","isPartOf":{"@id":"https:\/\/clavreuil-wordpress.logiciel-arteo.fr\/#website"},"primaryImageOfPage":{"@id":"https:\/\/clavreuil-wordpress.logiciel-arteo.fr\/en\/charpentier-henri-recueil-des-costumes-de-la-bretagne-des-autres-contrees-de-la-france-ou-la-mise-des-habitants-offre-quelque-singularite-remarquable\/#primaryimage"},"image":{"@id":"https:\/\/clavreuil-wordpress.logiciel-arteo.fr\/en\/charpentier-henri-recueil-des-costumes-de-la-bretagne-des-autres-contrees-de-la-france-ou-la-mise-des-habitants-offre-quelque-singularite-remarquable\/#primaryimage"},"thumbnailUrl":"https:\/\/clavreuil-wordpress.logiciel-arteo.fr\/wp-content\/uploads\/2024\/04\/dr-rene-charpentier-recueil-des-costumes-de-la-bretagne-des-autres-contrees-de-la-france-ou-la-mise-des-habitants-offre-quelque-singularite-remarquabl-scaled.jpg","datePublished":"2024-04-24T15:27:35+00:00","dateModified":"2024-04-24T15:28:50+00:00","breadcrumb":{"@id":"https:\/\/clavreuil-wordpress.logiciel-arteo.fr\/en\/charpentier-henri-recueil-des-costumes-de-la-bretagne-des-autres-contrees-de-la-france-ou-la-mise-des-habitants-offre-quelque-singularite-remarquable\/#breadcrumb"},"inLanguage":"en-US","potentialAction":[{"@type":"ReadAction","target":["https:\/\/clavreuil-wordpress.logiciel-arteo.fr\/en\/charpentier-henri-recueil-des-costumes-de-la-bretagne-des-autres-contrees-de-la-france-ou-la-mise-des-habitants-offre-quelque-singularite-remarquable\/"]}]},{"@type":"ImageObject","inLanguage":"en-US","@id":"https:\/\/clavreuil-wordpress.logiciel-arteo.fr\/en\/charpentier-henri-recueil-des-costumes-de-la-bretagne-des-autres-contrees-de-la-france-ou-la-mise-des-habitants-offre-quelque-singularite-remarquable\/#primaryimage","url":"https:\/\/clavreuil-wordpress.logiciel-arteo.fr\/wp-content\/uploads\/2024\/04\/dr-rene-charpentier-recueil-des-costumes-de-la-bretagne-des-autres-contrees-de-la-france-ou-la-mise-des-habitants-offre-quelque-singularite-remarquabl-scaled.jpg","contentUrl":"https:\/\/clavreuil-wordpress.logiciel-arteo.fr\/wp-content\/uploads\/2024\/04\/dr-rene-charpentier-recueil-des-costumes-de-la-bretagne-des-autres-contrees-de-la-france-ou-la-mise-des-habitants-offre-quelque-singularite-remarquabl-scaled.jpg","width":1778,"height":2560},{"@type":"BreadcrumbList","@id":"https:\/\/clavreuil-wordpress.logiciel-arteo.fr\/en\/charpentier-henri-recueil-des-costumes-de-la-bretagne-des-autres-contrees-de-la-france-ou-la-mise-des-habitants-offre-quelque-singularite-remarquable\/#breadcrumb","itemListElement":[{"@type":"ListItem","position":1,"name":"Accueil","item":"https:\/\/clavreuil-wordpress.logiciel-arteo.fr\/"},{"@type":"ListItem","position":2,"name":"All our books","item":"https:\/\/clavreuil-wordpress.logiciel-arteo.fr\/en\/all-our-books\/"},{"@type":"ListItem","position":3,"name":"CHARPENTIER Henri Recueil des costumes de la Bretagne..."}]},{"@type":"WebSite","@id":"https:\/\/clavreuil-wordpress.logiciel-arteo.fr\/#website","url":"https:\/\/clavreuil-wordpress.logiciel-arteo.fr\/","name":"Libairie Clavreuil","description":"","publisher":{"@id":"https:\/\/clavreuil-wordpress.logiciel-arteo.fr\/#organization"},"potentialAction":[{"@type":"SearchAction","target":{"@type":"EntryPoint","urlTemplate":"https:\/\/clavreuil-wordpress.logiciel-arteo.fr\/?s={search_term_string}"},"query-input":{"@type":"PropertyValueSpecification","valueRequired":true,"valueName":"search_term_string"}}],"inLanguage":"en-US"},{"@type":"Organization","@id":"https:\/\/clavreuil-wordpress.logiciel-arteo.fr\/#organization","name":"Libairie Clavreuil","url":"https:\/\/clavreuil-wordpress.logiciel-arteo.fr\/","logo":{"@type":"ImageObject","inLanguage":"en-US","@id":"https:\/\/clavreuil-wordpress.logiciel-arteo.fr\/#\/schema\/logo\/image\/","url":"https:\/\/clavreuil-wordpress.logiciel-arteo.fr\/wp-content\/uploads\/2021\/05\/LOGO_PNG_DATE-_gold.png","contentUrl":"https:\/\/clavreuil-wordpress.logiciel-arteo.fr\/wp-content\/uploads\/2021\/05\/LOGO_PNG_DATE-_gold.png","width":2083,"height":1917,"caption":"Libairie Clavreuil"},"image":{"@id":"https:\/\/clavreuil-wordpress.logiciel-arteo.fr\/#\/schema\/logo\/image\/"}}]}},"_links":{"self":[{"href":"https:\/\/clavreuil-wordpress.logiciel-arteo.fr\/en\/wp-json\/wp\/v2\/product\/75632","targetHints":{"allow":["GET"]}}],"collection":[{"href":"https:\/\/clavreuil-wordpress.logiciel-arteo.fr\/en\/wp-json\/wp\/v2\/product"}],"about":[{"href":"https:\/\/clavreuil-wordpress.logiciel-arteo.fr\/en\/wp-json\/wp\/v2\/types\/product"}],"replies":[{"embeddable":true,"href":"https:\/\/clavreuil-wordpress.logiciel-arteo.fr\/en\/wp-json\/wp\/v2\/comments?post=75632"}],"wp:featuredmedia":[{"embeddable":true,"href":"https:\/\/clavreuil-wordpress.logiciel-arteo.fr\/en\/wp-json\/wp\/v2\/media\/75611"}],"wp:attachment":[{"href":"https:\/\/clavreuil-wordpress.logiciel-arteo.fr\/en\/wp-json\/wp\/v2\/media?parent=75632"}],"wp:term":[{"taxonomy":"product_brand","embeddable":true,"href":"https:\/\/clavreuil-wordpress.logiciel-arteo.fr\/en\/wp-json\/wp\/v2\/product_brand?post=75632"},{"taxonomy":"product_cat","embeddable":true,"href":"https:\/\/clavreuil-wordpress.logiciel-arteo.fr\/en\/wp-json\/wp\/v2\/product_cat?post=75632"},{"taxonomy":"product_tag","embeddable":true,"href":"https:\/\/clavreuil-wordpress.logiciel-arteo.fr\/en\/wp-json\/wp\/v2\/product_tag?post=75632"}],"curies":[{"name":"wp","href":"https:\/\/api.w.org\/{rel}","templated":true}]}}