{"id":75698,"date":"2024-04-24T17:45:28","date_gmt":"2024-04-24T15:45:28","guid":{"rendered":"https:\/\/clavreuil-wordpress.logiciel-arteo.fr\/levaillant-francois-voyage-dans-linterieur-de-lafrique-par-le-cap-de-bonne-esperance-dans-les-annees-1780-1785-et-second-voyage-dans-linterieur-de-lafrique-par-le-cap-de-bonne-esperan\/"},"modified":"2024-04-24T17:46:05","modified_gmt":"2024-04-24T15:46:05","slug":"levaillant-francois-voyage-dans-linterieur-de-lafrique-par-le-cap-de-bonne-esperance-dans-les-annees-1780-1785-et-second-voyage-dans-linterieur-de-lafrique-par-le-cap-de-bonne-esperan","status":"publish","type":"product","link":"https:\/\/clavreuil-wordpress.logiciel-arteo.fr\/en\/levaillant-francois-voyage-dans-linterieur-de-lafrique-par-le-cap-de-bonne-esperance-dans-les-annees-1780-1785-et-second-voyage-dans-linterieur-de-lafrique-par-le-cap-de-bonne-esperan\/","title":{"rendered":"LEVAILLANT Fran\u00e7ois Voyage dans l&#8217;int\u00e9rieur de l&#8217;Afrique, par..."},"content":{"rendered":"<p><em>Gay, 3118.<\/em><\/p>\n<p>First edition, deluxe issue in quarto format, of the reports of the two voyages made by Fran&ccedil;ois Levaillant (1753-1824) to Africa.<\/p>\n<p>Fran&ccedil;ois Levaillant or Le Vaillant (1753 &#8211; 1824) was a French explorer, naturalist, zoologist and ornithologist. The son of a French consul, he was born in Paramaribo, the capital of Surinam. He is credited with the first description of the giraffe. In 1781, the treasurer of the Dutch East India Company sent him to the Cape Province in South Africa. He collected numerous specimens in the region, bringing more than 2,000 bird specimens back to France. A second trip (1783-1784) took him north of the Orange River, to Namaqualand&yacute;.<\/p>\n<p>The first work is decorated with 12 engraved plates (including the frontispiece) and is complete with the famous image showing the Hottentot woman with her &quot;apron&quot;; the second voyage is complete with its 21 plates (numbered 1-18, and 3 plates marked &#039;bis&#039;) including the two engravings showing male and female giraffe.<\/p>\n<p>Very fine copies, well preserved in a fine binding by Caillaud, based in La Rochelle. In addition to his address (28 rue du Palais), the label indicates that Caillaud was a bookbinder and stationer.<\/p>\n","protected":false},"excerpt":{"rendered":"<p>4 parts in 2 volumes, 4to (248 x 190 mm). First voyage: engraved frontispiece, XVI, 194 pp., 5 engraved plates for part I; title, pp. 195-400, 6 engraved paltes for part II. Second Voyage : IV, XVI, 240 pp., engraved plates 1-6 for part I; 2 nn.ll., 373 pp., 1 nn.l.,&nbsp; engraved plates 7 to 18 and plates Vbis, VIIIbis, XIbis (used twice) for part II. Uniformly bound in contemporary tree-calf, flat spines gilt, lettering piece respectively in orange and black morocco, red speckled edges (binding by Caillaud, with his label).<\/p>\n","protected":false},"featured_media":75687,"comment_status":"open","ping_status":"closed","template":"","meta":{"_acf_changed":false},"product_brand":[],"product_cat":[552],"product_tag":[],"class_list":{"0":"post-75698","1":"product","2":"type-product","3":"status-publish","4":"has-post-thumbnail","6":"product_cat-travel","7":"pa_auteur-francois-levaillant-2","8":"pa_type-de-livre-printed-book","10":"first","11":"instock","12":"shipping-taxable","13":"purchasable","14":"product-type-simple"},"acf":[],"yoast_head":"<!-- This site is optimized with the Yoast SEO plugin v24.3 - https:\/\/yoast.com\/wordpress\/plugins\/seo\/ -->\n<title>LEVAILLANT Fran\u00e7ois Voyage dans l&#039;int\u00e9rieur de l&#039;Afrique, par le Cap de Bonne-Esp\u00e9rance dans les ann\u00e9es 1780-1785. [Et:] Second voyage dans l&#039;int\u00e9rieur de l&#039;Afrique, par le Cap de Bonne-Esp\u00e9rance, dans les ann\u00e9es 1783-1785. - Libairie Clavreuil<\/title>\n<meta name=\"robots\" content=\"noindex, follow, max-snippet:-1, max-image-preview:large, max-video-preview:-1\" \/>\n<meta property=\"og:locale\" content=\"en_US\" \/>\n<meta property=\"og:type\" content=\"article\" \/>\n<meta property=\"og:title\" content=\"LEVAILLANT Fran\u00e7ois Voyage dans l&#039;int\u00e9rieur de l&#039;Afrique, par le Cap de Bonne-Esp\u00e9rance dans les ann\u00e9es 1780-1785. [Et:] Second voyage dans l&#039;int\u00e9rieur de l&#039;Afrique, par le Cap de Bonne-Esp\u00e9rance, dans les ann\u00e9es 1783-1785. - Libairie Clavreuil\" \/>\n<meta property=\"og:description\" content=\"4 parts in 2 volumes, 4to (248 x 190 mm). First voyage: engraved frontispiece, XVI, 194 pp., 5 engraved plates for part I; title, pp. 195-400, 6 engraved paltes for part II. Second Voyage : IV, XVI, 240 pp., engraved plates 1-6 for part I; 2 nn.ll., 373 pp., 1 nn.l.,&nbsp; engraved plates 7 to 18 and plates Vbis, VIIIbis, XIbis (used twice) for part II. Uniformly bound in contemporary tree-calf, flat spines gilt, lettering piece respectively in orange and black morocco, red speckled edges (binding by Caillaud, with his label).\" \/>\n<meta property=\"og:url\" content=\"https:\/\/clavreuil-wordpress.logiciel-arteo.fr\/en\/levaillant-francois-voyage-dans-linterieur-de-lafrique-par-le-cap-de-bonne-esperance-dans-les-annees-1780-1785-et-second-voyage-dans-linterieur-de-lafrique-par-le-cap-de-bonne-esperan\/\" \/>\n<meta property=\"og:site_name\" content=\"Libairie Clavreuil\" \/>\n<meta property=\"article:modified_time\" content=\"2024-04-24T15:46:05+00:00\" \/>\n<meta property=\"og:image\" content=\"https:\/\/clavreuil-wordpress.logiciel-arteo.fr\/wp-content\/uploads\/2024\/04\/francois-levaillant-voyage-dans-l-interieur-de-l-afrique-par-le-cap-de-bonne-esperance-dans-les-annees-1780-1785-et-second-voyage-dans-l-interieur-de--scaled.jpg\" \/>\n\t<meta property=\"og:image:width\" content=\"2560\" \/>\n\t<meta property=\"og:image:height\" content=\"1831\" \/>\n\t<meta property=\"og:image:type\" content=\"image\/jpeg\" \/>\n<meta name=\"twitter:card\" content=\"summary_large_image\" \/>\n<meta name=\"twitter:label1\" content=\"Est. reading time\" \/>\n\t<meta name=\"twitter:data1\" content=\"1 minute\" \/>\n<script type=\"application\/ld+json\" class=\"yoast-schema-graph\">{\"@context\":\"https:\/\/schema.org\",\"@graph\":[{\"@type\":\"WebPage\",\"@id\":\"https:\/\/clavreuil-wordpress.logiciel-arteo.fr\/en\/levaillant-francois-voyage-dans-linterieur-de-lafrique-par-le-cap-de-bonne-esperance-dans-les-annees-1780-1785-et-second-voyage-dans-linterieur-de-lafrique-par-le-cap-de-bonne-esperan\/\",\"url\":\"https:\/\/clavreuil-wordpress.logiciel-arteo.fr\/en\/levaillant-francois-voyage-dans-linterieur-de-lafrique-par-le-cap-de-bonne-esperance-dans-les-annees-1780-1785-et-second-voyage-dans-linterieur-de-lafrique-par-le-cap-de-bonne-esperan\/\",\"name\":\"LEVAILLANT Fran\u00e7ois Voyage dans l'int\u00e9rieur de l'Afrique, par le Cap de Bonne-Esp\u00e9rance dans les ann\u00e9es 1780-1785. [Et:] Second voyage dans l'int\u00e9rieur de l'Afrique, par le Cap de Bonne-Esp\u00e9rance, dans les ann\u00e9es 1783-1785. - Libairie Clavreuil\",\"isPartOf\":{\"@id\":\"https:\/\/clavreuil-wordpress.logiciel-arteo.fr\/#website\"},\"primaryImageOfPage\":{\"@id\":\"https:\/\/clavreuil-wordpress.logiciel-arteo.fr\/en\/levaillant-francois-voyage-dans-linterieur-de-lafrique-par-le-cap-de-bonne-esperance-dans-les-annees-1780-1785-et-second-voyage-dans-linterieur-de-lafrique-par-le-cap-de-bonne-esperan\/#primaryimage\"},\"image\":{\"@id\":\"https:\/\/clavreuil-wordpress.logiciel-arteo.fr\/en\/levaillant-francois-voyage-dans-linterieur-de-lafrique-par-le-cap-de-bonne-esperance-dans-les-annees-1780-1785-et-second-voyage-dans-linterieur-de-lafrique-par-le-cap-de-bonne-esperan\/#primaryimage\"},\"thumbnailUrl\":\"https:\/\/clavreuil-wordpress.logiciel-arteo.fr\/wp-content\/uploads\/2024\/04\/francois-levaillant-voyage-dans-l-interieur-de-l-afrique-par-le-cap-de-bonne-esperance-dans-les-annees-1780-1785-et-second-voyage-dans-l-interieur-de--scaled.jpg\",\"datePublished\":\"2024-04-24T15:45:28+00:00\",\"dateModified\":\"2024-04-24T15:46:05+00:00\",\"breadcrumb\":{\"@id\":\"https:\/\/clavreuil-wordpress.logiciel-arteo.fr\/en\/levaillant-francois-voyage-dans-linterieur-de-lafrique-par-le-cap-de-bonne-esperance-dans-les-annees-1780-1785-et-second-voyage-dans-linterieur-de-lafrique-par-le-cap-de-bonne-esperan\/#breadcrumb\"},\"inLanguage\":\"en-US\",\"potentialAction\":[{\"@type\":\"ReadAction\",\"target\":[\"https:\/\/clavreuil-wordpress.logiciel-arteo.fr\/en\/levaillant-francois-voyage-dans-linterieur-de-lafrique-par-le-cap-de-bonne-esperance-dans-les-annees-1780-1785-et-second-voyage-dans-linterieur-de-lafrique-par-le-cap-de-bonne-esperan\/\"]}]},{\"@type\":\"ImageObject\",\"inLanguage\":\"en-US\",\"@id\":\"https:\/\/clavreuil-wordpress.logiciel-arteo.fr\/en\/levaillant-francois-voyage-dans-linterieur-de-lafrique-par-le-cap-de-bonne-esperance-dans-les-annees-1780-1785-et-second-voyage-dans-linterieur-de-lafrique-par-le-cap-de-bonne-esperan\/#primaryimage\",\"url\":\"https:\/\/clavreuil-wordpress.logiciel-arteo.fr\/wp-content\/uploads\/2024\/04\/francois-levaillant-voyage-dans-l-interieur-de-l-afrique-par-le-cap-de-bonne-esperance-dans-les-annees-1780-1785-et-second-voyage-dans-l-interieur-de--scaled.jpg\",\"contentUrl\":\"https:\/\/clavreuil-wordpress.logiciel-arteo.fr\/wp-content\/uploads\/2024\/04\/francois-levaillant-voyage-dans-l-interieur-de-l-afrique-par-le-cap-de-bonne-esperance-dans-les-annees-1780-1785-et-second-voyage-dans-l-interieur-de--scaled.jpg\",\"width\":2560,\"height\":1831},{\"@type\":\"BreadcrumbList\",\"@id\":\"https:\/\/clavreuil-wordpress.logiciel-arteo.fr\/en\/levaillant-francois-voyage-dans-linterieur-de-lafrique-par-le-cap-de-bonne-esperance-dans-les-annees-1780-1785-et-second-voyage-dans-linterieur-de-lafrique-par-le-cap-de-bonne-esperan\/#breadcrumb\",\"itemListElement\":[{\"@type\":\"ListItem\",\"position\":1,\"name\":\"Accueil\",\"item\":\"https:\/\/clavreuil-wordpress.logiciel-arteo.fr\/\"},{\"@type\":\"ListItem\",\"position\":2,\"name\":\"All our books\",\"item\":\"https:\/\/clavreuil-wordpress.logiciel-arteo.fr\/en\/all-our-books\/\"},{\"@type\":\"ListItem\",\"position\":3,\"name\":\"LEVAILLANT Fran\u00e7ois Voyage dans l&#8217;int\u00e9rieur de l&#8217;Afrique, par...\"}]},{\"@type\":\"WebSite\",\"@id\":\"https:\/\/clavreuil-wordpress.logiciel-arteo.fr\/#website\",\"url\":\"https:\/\/clavreuil-wordpress.logiciel-arteo.fr\/\",\"name\":\"Libairie Clavreuil\",\"description\":\"\",\"publisher\":{\"@id\":\"https:\/\/clavreuil-wordpress.logiciel-arteo.fr\/#organization\"},\"potentialAction\":[{\"@type\":\"SearchAction\",\"target\":{\"@type\":\"EntryPoint\",\"urlTemplate\":\"https:\/\/clavreuil-wordpress.logiciel-arteo.fr\/?s={search_term_string}\"},\"query-input\":{\"@type\":\"PropertyValueSpecification\",\"valueRequired\":true,\"valueName\":\"search_term_string\"}}],\"inLanguage\":\"en-US\"},{\"@type\":\"Organization\",\"@id\":\"https:\/\/clavreuil-wordpress.logiciel-arteo.fr\/#organization\",\"name\":\"Libairie Clavreuil\",\"url\":\"https:\/\/clavreuil-wordpress.logiciel-arteo.fr\/\",\"logo\":{\"@type\":\"ImageObject\",\"inLanguage\":\"en-US\",\"@id\":\"https:\/\/clavreuil-wordpress.logiciel-arteo.fr\/#\/schema\/logo\/image\/\",\"url\":\"https:\/\/clavreuil-wordpress.logiciel-arteo.fr\/wp-content\/uploads\/2021\/05\/LOGO_PNG_DATE-_gold.png\",\"contentUrl\":\"https:\/\/clavreuil-wordpress.logiciel-arteo.fr\/wp-content\/uploads\/2021\/05\/LOGO_PNG_DATE-_gold.png\",\"width\":2083,\"height\":1917,\"caption\":\"Libairie Clavreuil\"},\"image\":{\"@id\":\"https:\/\/clavreuil-wordpress.logiciel-arteo.fr\/#\/schema\/logo\/image\/\"}}]}<\/script>\n<!-- \/ Yoast SEO plugin. -->","yoast_head_json":{"title":"LEVAILLANT Fran\u00e7ois Voyage dans l'int\u00e9rieur de l'Afrique, par le Cap de Bonne-Esp\u00e9rance dans les ann\u00e9es 1780-1785. [Et:] Second voyage dans l'int\u00e9rieur de l'Afrique, par le Cap de Bonne-Esp\u00e9rance, dans les ann\u00e9es 1783-1785. - Libairie Clavreuil","robots":{"index":"noindex","follow":"follow","max-snippet":"max-snippet:-1","max-image-preview":"max-image-preview:large","max-video-preview":"max-video-preview:-1"},"og_locale":"en_US","og_type":"article","og_title":"LEVAILLANT Fran\u00e7ois Voyage dans l'int\u00e9rieur de l'Afrique, par le Cap de Bonne-Esp\u00e9rance dans les ann\u00e9es 1780-1785. [Et:] Second voyage dans l'int\u00e9rieur de l'Afrique, par le Cap de Bonne-Esp\u00e9rance, dans les ann\u00e9es 1783-1785. - Libairie Clavreuil","og_description":"4 parts in 2 volumes, 4to (248 x 190 mm). First voyage: engraved frontispiece, XVI, 194 pp., 5 engraved plates for part I; title, pp. 195-400, 6 engraved paltes for part II. Second Voyage : IV, XVI, 240 pp., engraved plates 1-6 for part I; 2 nn.ll., 373 pp., 1 nn.l.,&nbsp; engraved plates 7 to 18 and plates Vbis, VIIIbis, XIbis (used twice) for part II. Uniformly bound in contemporary tree-calf, flat spines gilt, lettering piece respectively in orange and black morocco, red speckled edges (binding by Caillaud, with his label).","og_url":"https:\/\/clavreuil-wordpress.logiciel-arteo.fr\/en\/levaillant-francois-voyage-dans-linterieur-de-lafrique-par-le-cap-de-bonne-esperance-dans-les-annees-1780-1785-et-second-voyage-dans-linterieur-de-lafrique-par-le-cap-de-bonne-esperan\/","og_site_name":"Libairie Clavreuil","article_modified_time":"2024-04-24T15:46:05+00:00","og_image":[{"width":2560,"height":1831,"url":"https:\/\/clavreuil-wordpress.logiciel-arteo.fr\/wp-content\/uploads\/2024\/04\/francois-levaillant-voyage-dans-l-interieur-de-l-afrique-par-le-cap-de-bonne-esperance-dans-les-annees-1780-1785-et-second-voyage-dans-l-interieur-de--scaled.jpg","type":"image\/jpeg"}],"twitter_card":"summary_large_image","twitter_misc":{"Est. reading time":"1 minute"},"schema":{"@context":"https:\/\/schema.org","@graph":[{"@type":"WebPage","@id":"https:\/\/clavreuil-wordpress.logiciel-arteo.fr\/en\/levaillant-francois-voyage-dans-linterieur-de-lafrique-par-le-cap-de-bonne-esperance-dans-les-annees-1780-1785-et-second-voyage-dans-linterieur-de-lafrique-par-le-cap-de-bonne-esperan\/","url":"https:\/\/clavreuil-wordpress.logiciel-arteo.fr\/en\/levaillant-francois-voyage-dans-linterieur-de-lafrique-par-le-cap-de-bonne-esperance-dans-les-annees-1780-1785-et-second-voyage-dans-linterieur-de-lafrique-par-le-cap-de-bonne-esperan\/","name":"LEVAILLANT Fran\u00e7ois Voyage dans l'int\u00e9rieur de l'Afrique, par le Cap de Bonne-Esp\u00e9rance dans les ann\u00e9es 1780-1785. [Et:] Second voyage dans l'int\u00e9rieur de l'Afrique, par le Cap de Bonne-Esp\u00e9rance, dans les ann\u00e9es 1783-1785. - Libairie Clavreuil","isPartOf":{"@id":"https:\/\/clavreuil-wordpress.logiciel-arteo.fr\/#website"},"primaryImageOfPage":{"@id":"https:\/\/clavreuil-wordpress.logiciel-arteo.fr\/en\/levaillant-francois-voyage-dans-linterieur-de-lafrique-par-le-cap-de-bonne-esperance-dans-les-annees-1780-1785-et-second-voyage-dans-linterieur-de-lafrique-par-le-cap-de-bonne-esperan\/#primaryimage"},"image":{"@id":"https:\/\/clavreuil-wordpress.logiciel-arteo.fr\/en\/levaillant-francois-voyage-dans-linterieur-de-lafrique-par-le-cap-de-bonne-esperance-dans-les-annees-1780-1785-et-second-voyage-dans-linterieur-de-lafrique-par-le-cap-de-bonne-esperan\/#primaryimage"},"thumbnailUrl":"https:\/\/clavreuil-wordpress.logiciel-arteo.fr\/wp-content\/uploads\/2024\/04\/francois-levaillant-voyage-dans-l-interieur-de-l-afrique-par-le-cap-de-bonne-esperance-dans-les-annees-1780-1785-et-second-voyage-dans-l-interieur-de--scaled.jpg","datePublished":"2024-04-24T15:45:28+00:00","dateModified":"2024-04-24T15:46:05+00:00","breadcrumb":{"@id":"https:\/\/clavreuil-wordpress.logiciel-arteo.fr\/en\/levaillant-francois-voyage-dans-linterieur-de-lafrique-par-le-cap-de-bonne-esperance-dans-les-annees-1780-1785-et-second-voyage-dans-linterieur-de-lafrique-par-le-cap-de-bonne-esperan\/#breadcrumb"},"inLanguage":"en-US","potentialAction":[{"@type":"ReadAction","target":["https:\/\/clavreuil-wordpress.logiciel-arteo.fr\/en\/levaillant-francois-voyage-dans-linterieur-de-lafrique-par-le-cap-de-bonne-esperance-dans-les-annees-1780-1785-et-second-voyage-dans-linterieur-de-lafrique-par-le-cap-de-bonne-esperan\/"]}]},{"@type":"ImageObject","inLanguage":"en-US","@id":"https:\/\/clavreuil-wordpress.logiciel-arteo.fr\/en\/levaillant-francois-voyage-dans-linterieur-de-lafrique-par-le-cap-de-bonne-esperance-dans-les-annees-1780-1785-et-second-voyage-dans-linterieur-de-lafrique-par-le-cap-de-bonne-esperan\/#primaryimage","url":"https:\/\/clavreuil-wordpress.logiciel-arteo.fr\/wp-content\/uploads\/2024\/04\/francois-levaillant-voyage-dans-l-interieur-de-l-afrique-par-le-cap-de-bonne-esperance-dans-les-annees-1780-1785-et-second-voyage-dans-l-interieur-de--scaled.jpg","contentUrl":"https:\/\/clavreuil-wordpress.logiciel-arteo.fr\/wp-content\/uploads\/2024\/04\/francois-levaillant-voyage-dans-l-interieur-de-l-afrique-par-le-cap-de-bonne-esperance-dans-les-annees-1780-1785-et-second-voyage-dans-l-interieur-de--scaled.jpg","width":2560,"height":1831},{"@type":"BreadcrumbList","@id":"https:\/\/clavreuil-wordpress.logiciel-arteo.fr\/en\/levaillant-francois-voyage-dans-linterieur-de-lafrique-par-le-cap-de-bonne-esperance-dans-les-annees-1780-1785-et-second-voyage-dans-linterieur-de-lafrique-par-le-cap-de-bonne-esperan\/#breadcrumb","itemListElement":[{"@type":"ListItem","position":1,"name":"Accueil","item":"https:\/\/clavreuil-wordpress.logiciel-arteo.fr\/"},{"@type":"ListItem","position":2,"name":"All our books","item":"https:\/\/clavreuil-wordpress.logiciel-arteo.fr\/en\/all-our-books\/"},{"@type":"ListItem","position":3,"name":"LEVAILLANT Fran\u00e7ois Voyage dans l&#8217;int\u00e9rieur de l&#8217;Afrique, par..."}]},{"@type":"WebSite","@id":"https:\/\/clavreuil-wordpress.logiciel-arteo.fr\/#website","url":"https:\/\/clavreuil-wordpress.logiciel-arteo.fr\/","name":"Libairie Clavreuil","description":"","publisher":{"@id":"https:\/\/clavreuil-wordpress.logiciel-arteo.fr\/#organization"},"potentialAction":[{"@type":"SearchAction","target":{"@type":"EntryPoint","urlTemplate":"https:\/\/clavreuil-wordpress.logiciel-arteo.fr\/?s={search_term_string}"},"query-input":{"@type":"PropertyValueSpecification","valueRequired":true,"valueName":"search_term_string"}}],"inLanguage":"en-US"},{"@type":"Organization","@id":"https:\/\/clavreuil-wordpress.logiciel-arteo.fr\/#organization","name":"Libairie Clavreuil","url":"https:\/\/clavreuil-wordpress.logiciel-arteo.fr\/","logo":{"@type":"ImageObject","inLanguage":"en-US","@id":"https:\/\/clavreuil-wordpress.logiciel-arteo.fr\/#\/schema\/logo\/image\/","url":"https:\/\/clavreuil-wordpress.logiciel-arteo.fr\/wp-content\/uploads\/2021\/05\/LOGO_PNG_DATE-_gold.png","contentUrl":"https:\/\/clavreuil-wordpress.logiciel-arteo.fr\/wp-content\/uploads\/2021\/05\/LOGO_PNG_DATE-_gold.png","width":2083,"height":1917,"caption":"Libairie Clavreuil"},"image":{"@id":"https:\/\/clavreuil-wordpress.logiciel-arteo.fr\/#\/schema\/logo\/image\/"}}]}},"_links":{"self":[{"href":"https:\/\/clavreuil-wordpress.logiciel-arteo.fr\/en\/wp-json\/wp\/v2\/product\/75698","targetHints":{"allow":["GET"]}}],"collection":[{"href":"https:\/\/clavreuil-wordpress.logiciel-arteo.fr\/en\/wp-json\/wp\/v2\/product"}],"about":[{"href":"https:\/\/clavreuil-wordpress.logiciel-arteo.fr\/en\/wp-json\/wp\/v2\/types\/product"}],"replies":[{"embeddable":true,"href":"https:\/\/clavreuil-wordpress.logiciel-arteo.fr\/en\/wp-json\/wp\/v2\/comments?post=75698"}],"wp:featuredmedia":[{"embeddable":true,"href":"https:\/\/clavreuil-wordpress.logiciel-arteo.fr\/en\/wp-json\/wp\/v2\/media\/75687"}],"wp:attachment":[{"href":"https:\/\/clavreuil-wordpress.logiciel-arteo.fr\/en\/wp-json\/wp\/v2\/media?parent=75698"}],"wp:term":[{"taxonomy":"product_brand","embeddable":true,"href":"https:\/\/clavreuil-wordpress.logiciel-arteo.fr\/en\/wp-json\/wp\/v2\/product_brand?post=75698"},{"taxonomy":"product_cat","embeddable":true,"href":"https:\/\/clavreuil-wordpress.logiciel-arteo.fr\/en\/wp-json\/wp\/v2\/product_cat?post=75698"},{"taxonomy":"product_tag","embeddable":true,"href":"https:\/\/clavreuil-wordpress.logiciel-arteo.fr\/en\/wp-json\/wp\/v2\/product_tag?post=75698"}],"curies":[{"name":"wp","href":"https:\/\/api.w.org\/{rel}","templated":true}]}}