{"id":75726,"date":"2024-04-24T17:47:55","date_gmt":"2024-04-24T15:47:55","guid":{"rendered":"https:\/\/clavreuil-wordpress.logiciel-arteo.fr\/poiret-abbe-j-l-voyage-en-barbarie-ou-lettres-ecrites-de-lancienne-numidie-pendant-les-annees-1785-1786-sur-la-religion-les-coutumes-les-moeurs-des-maures-des-arabes-bedouins\/"},"modified":"2024-04-24T17:48:24","modified_gmt":"2024-04-24T15:48:24","slug":"poiret-abbe-j-l-voyage-en-barbarie-ou-lettres-ecrites-de-lancienne-numidie-pendant-les-annees-1785-1786-sur-la-religion-les-coutumes-les-moeurs-des-maures-des-arabes-bedouins","status":"publish","type":"product","link":"https:\/\/clavreuil-wordpress.logiciel-arteo.fr\/en\/poiret-abbe-j-l-voyage-en-barbarie-ou-lettres-ecrites-de-lancienne-numidie-pendant-les-annees-1785-1786-sur-la-religion-les-coutumes-les-moeurs-des-maures-des-arabes-bedouins\/","title":{"rendered":"POIRET abb\u00e9 J.-L Voyage en Barbarie, ou lettres..."},"content":{"rendered":"<p style=\"text-align:justify\"><em>Gay, 463 ; Playfair Algeria, 283 ; Ashbee, 50.<\/em><\/p>\n<p style=\"text-align:justify\">First edition.<\/p>\n<p style=\"text-align:justify\">The author, a botanist, travelled around B&ocirc;ne, Calle and Constantine. He studied the customs and habits of the inhabitants, but above all the natural history of these regions. The major portion of the first volume and the whole of the second being devoted to it: &quot;The olive tree, the vine, the pomegranate and the strawberry tree which grow on the hillsides in abundance and without cultivation prove how advantageous it would be to cultivate them there&quot;.<\/p>\n<p style=\"text-align:justify\">Upper cover of first volume scuffed, otherwise in good condition.<\/p>\n<p style=\"text-align:justify\">Ex-libris Ch&acirc;teau de Rosny.<\/p>\n","protected":false},"excerpt":{"rendered":"<p>2 volumes, 8vo (195 x 125 mm) 2 nn.ll., 363 pp. for volume I; 2 nn.ll., 315 pp., 2 nn.ll. for volume II. Contempory half-sheep, flat spine gilt.<\/p>\n","protected":false},"featured_media":75721,"comment_status":"open","ping_status":"closed","template":"","meta":{"_acf_changed":false},"product_brand":[],"product_cat":[552],"product_tag":[1450,1357],"class_list":{"0":"post-75726","1":"product","2":"type-product","3":"status-publish","4":"has-post-thumbnail","6":"product_cat-travel","7":"product_tag-first-edition","8":"product_tag-maghreb-2","9":"pa_auteur-abbe-j-l-poiret-2","10":"pa_type-de-livre-printed-book","12":"first","13":"instock","14":"shipping-taxable","15":"purchasable","16":"product-type-simple"},"acf":[],"yoast_head":"<!-- This site is optimized with the Yoast SEO plugin v24.3 - https:\/\/yoast.com\/wordpress\/plugins\/seo\/ -->\n<title>POIRET abb\u00e9 J.-L Voyage en Barbarie, ou lettres \u00e9crites de l&#039;ancienne Numidie pendant les ann\u00e9es 1785 &amp; 1786, Sur la Religion, les Coutumes &amp; les Moeurs des Maures &amp; des Arabes-B\u00e9douins; avec un Essai sur l&#039;Histoire Naturelle de ce pays. - Libairie Clavreuil<\/title>\n<meta name=\"robots\" content=\"noindex, follow, max-snippet:-1, max-image-preview:large, max-video-preview:-1\" \/>\n<meta property=\"og:locale\" content=\"en_US\" \/>\n<meta property=\"og:type\" content=\"article\" \/>\n<meta property=\"og:title\" content=\"POIRET abb\u00e9 J.-L Voyage en Barbarie, ou lettres \u00e9crites de l&#039;ancienne Numidie pendant les ann\u00e9es 1785 &amp; 1786, Sur la Religion, les Coutumes &amp; les Moeurs des Maures &amp; des Arabes-B\u00e9douins; avec un Essai sur l&#039;Histoire Naturelle de ce pays. - Libairie Clavreuil\" \/>\n<meta property=\"og:description\" content=\"2 volumes, 8vo (195 x 125 mm) 2 nn.ll., 363 pp. for volume I; 2 nn.ll., 315 pp., 2 nn.ll. for volume II. Contempory half-sheep, flat spine gilt.\" \/>\n<meta property=\"og:url\" content=\"https:\/\/clavreuil-wordpress.logiciel-arteo.fr\/en\/poiret-abbe-j-l-voyage-en-barbarie-ou-lettres-ecrites-de-lancienne-numidie-pendant-les-annees-1785-1786-sur-la-religion-les-coutumes-les-moeurs-des-maures-des-arabes-bedouins\/\" \/>\n<meta property=\"og:site_name\" content=\"Libairie Clavreuil\" \/>\n<meta property=\"article:modified_time\" content=\"2024-04-24T15:48:24+00:00\" \/>\n<meta property=\"og:image\" content=\"https:\/\/clavreuil-wordpress.logiciel-arteo.fr\/wp-content\/uploads\/2024\/04\/abbe-j-l-poiret-voyage-en-barbarie-ou-lettres-ecrites-de-l-ancienne-numidie-pendant-les-annees-1785-1786-sur-la-religion-les-coutumes-les-moeurs-des-m-scaled.jpg\" \/>\n\t<meta property=\"og:image:width\" content=\"1732\" \/>\n\t<meta property=\"og:image:height\" content=\"2560\" \/>\n\t<meta property=\"og:image:type\" content=\"image\/jpeg\" \/>\n<meta name=\"twitter:card\" content=\"summary_large_image\" \/>\n<meta name=\"twitter:label1\" content=\"Est. reading time\" \/>\n\t<meta name=\"twitter:data1\" content=\"1 minute\" \/>\n<script type=\"application\/ld+json\" class=\"yoast-schema-graph\">{\"@context\":\"https:\/\/schema.org\",\"@graph\":[{\"@type\":\"WebPage\",\"@id\":\"https:\/\/clavreuil-wordpress.logiciel-arteo.fr\/en\/poiret-abbe-j-l-voyage-en-barbarie-ou-lettres-ecrites-de-lancienne-numidie-pendant-les-annees-1785-1786-sur-la-religion-les-coutumes-les-moeurs-des-maures-des-arabes-bedouins\/\",\"url\":\"https:\/\/clavreuil-wordpress.logiciel-arteo.fr\/en\/poiret-abbe-j-l-voyage-en-barbarie-ou-lettres-ecrites-de-lancienne-numidie-pendant-les-annees-1785-1786-sur-la-religion-les-coutumes-les-moeurs-des-maures-des-arabes-bedouins\/\",\"name\":\"POIRET abb\u00e9 J.-L Voyage en Barbarie, ou lettres \u00e9crites de l'ancienne Numidie pendant les ann\u00e9es 1785 &amp; 1786, Sur la Religion, les Coutumes &amp; les Moeurs des Maures &amp; des Arabes-B\u00e9douins; avec un Essai sur l'Histoire Naturelle de ce pays. - Libairie Clavreuil\",\"isPartOf\":{\"@id\":\"https:\/\/clavreuil-wordpress.logiciel-arteo.fr\/#website\"},\"primaryImageOfPage\":{\"@id\":\"https:\/\/clavreuil-wordpress.logiciel-arteo.fr\/en\/poiret-abbe-j-l-voyage-en-barbarie-ou-lettres-ecrites-de-lancienne-numidie-pendant-les-annees-1785-1786-sur-la-religion-les-coutumes-les-moeurs-des-maures-des-arabes-bedouins\/#primaryimage\"},\"image\":{\"@id\":\"https:\/\/clavreuil-wordpress.logiciel-arteo.fr\/en\/poiret-abbe-j-l-voyage-en-barbarie-ou-lettres-ecrites-de-lancienne-numidie-pendant-les-annees-1785-1786-sur-la-religion-les-coutumes-les-moeurs-des-maures-des-arabes-bedouins\/#primaryimage\"},\"thumbnailUrl\":\"https:\/\/clavreuil-wordpress.logiciel-arteo.fr\/wp-content\/uploads\/2024\/04\/abbe-j-l-poiret-voyage-en-barbarie-ou-lettres-ecrites-de-l-ancienne-numidie-pendant-les-annees-1785-1786-sur-la-religion-les-coutumes-les-moeurs-des-m-scaled.jpg\",\"datePublished\":\"2024-04-24T15:47:55+00:00\",\"dateModified\":\"2024-04-24T15:48:24+00:00\",\"breadcrumb\":{\"@id\":\"https:\/\/clavreuil-wordpress.logiciel-arteo.fr\/en\/poiret-abbe-j-l-voyage-en-barbarie-ou-lettres-ecrites-de-lancienne-numidie-pendant-les-annees-1785-1786-sur-la-religion-les-coutumes-les-moeurs-des-maures-des-arabes-bedouins\/#breadcrumb\"},\"inLanguage\":\"en-US\",\"potentialAction\":[{\"@type\":\"ReadAction\",\"target\":[\"https:\/\/clavreuil-wordpress.logiciel-arteo.fr\/en\/poiret-abbe-j-l-voyage-en-barbarie-ou-lettres-ecrites-de-lancienne-numidie-pendant-les-annees-1785-1786-sur-la-religion-les-coutumes-les-moeurs-des-maures-des-arabes-bedouins\/\"]}]},{\"@type\":\"ImageObject\",\"inLanguage\":\"en-US\",\"@id\":\"https:\/\/clavreuil-wordpress.logiciel-arteo.fr\/en\/poiret-abbe-j-l-voyage-en-barbarie-ou-lettres-ecrites-de-lancienne-numidie-pendant-les-annees-1785-1786-sur-la-religion-les-coutumes-les-moeurs-des-maures-des-arabes-bedouins\/#primaryimage\",\"url\":\"https:\/\/clavreuil-wordpress.logiciel-arteo.fr\/wp-content\/uploads\/2024\/04\/abbe-j-l-poiret-voyage-en-barbarie-ou-lettres-ecrites-de-l-ancienne-numidie-pendant-les-annees-1785-1786-sur-la-religion-les-coutumes-les-moeurs-des-m-scaled.jpg\",\"contentUrl\":\"https:\/\/clavreuil-wordpress.logiciel-arteo.fr\/wp-content\/uploads\/2024\/04\/abbe-j-l-poiret-voyage-en-barbarie-ou-lettres-ecrites-de-l-ancienne-numidie-pendant-les-annees-1785-1786-sur-la-religion-les-coutumes-les-moeurs-des-m-scaled.jpg\",\"width\":1732,\"height\":2560},{\"@type\":\"BreadcrumbList\",\"@id\":\"https:\/\/clavreuil-wordpress.logiciel-arteo.fr\/en\/poiret-abbe-j-l-voyage-en-barbarie-ou-lettres-ecrites-de-lancienne-numidie-pendant-les-annees-1785-1786-sur-la-religion-les-coutumes-les-moeurs-des-maures-des-arabes-bedouins\/#breadcrumb\",\"itemListElement\":[{\"@type\":\"ListItem\",\"position\":1,\"name\":\"Accueil\",\"item\":\"https:\/\/clavreuil-wordpress.logiciel-arteo.fr\/\"},{\"@type\":\"ListItem\",\"position\":2,\"name\":\"All our books\",\"item\":\"https:\/\/clavreuil-wordpress.logiciel-arteo.fr\/en\/all-our-books\/\"},{\"@type\":\"ListItem\",\"position\":3,\"name\":\"POIRET abb\u00e9 J.-L Voyage en Barbarie, ou lettres...\"}]},{\"@type\":\"WebSite\",\"@id\":\"https:\/\/clavreuil-wordpress.logiciel-arteo.fr\/#website\",\"url\":\"https:\/\/clavreuil-wordpress.logiciel-arteo.fr\/\",\"name\":\"Libairie Clavreuil\",\"description\":\"\",\"publisher\":{\"@id\":\"https:\/\/clavreuil-wordpress.logiciel-arteo.fr\/#organization\"},\"potentialAction\":[{\"@type\":\"SearchAction\",\"target\":{\"@type\":\"EntryPoint\",\"urlTemplate\":\"https:\/\/clavreuil-wordpress.logiciel-arteo.fr\/?s={search_term_string}\"},\"query-input\":{\"@type\":\"PropertyValueSpecification\",\"valueRequired\":true,\"valueName\":\"search_term_string\"}}],\"inLanguage\":\"en-US\"},{\"@type\":\"Organization\",\"@id\":\"https:\/\/clavreuil-wordpress.logiciel-arteo.fr\/#organization\",\"name\":\"Libairie Clavreuil\",\"url\":\"https:\/\/clavreuil-wordpress.logiciel-arteo.fr\/\",\"logo\":{\"@type\":\"ImageObject\",\"inLanguage\":\"en-US\",\"@id\":\"https:\/\/clavreuil-wordpress.logiciel-arteo.fr\/#\/schema\/logo\/image\/\",\"url\":\"https:\/\/clavreuil-wordpress.logiciel-arteo.fr\/wp-content\/uploads\/2021\/05\/LOGO_PNG_DATE-_gold.png\",\"contentUrl\":\"https:\/\/clavreuil-wordpress.logiciel-arteo.fr\/wp-content\/uploads\/2021\/05\/LOGO_PNG_DATE-_gold.png\",\"width\":2083,\"height\":1917,\"caption\":\"Libairie Clavreuil\"},\"image\":{\"@id\":\"https:\/\/clavreuil-wordpress.logiciel-arteo.fr\/#\/schema\/logo\/image\/\"}}]}<\/script>\n<!-- \/ Yoast SEO plugin. -->","yoast_head_json":{"title":"POIRET abb\u00e9 J.-L Voyage en Barbarie, ou lettres \u00e9crites de l'ancienne Numidie pendant les ann\u00e9es 1785 &amp; 1786, Sur la Religion, les Coutumes &amp; les Moeurs des Maures &amp; des Arabes-B\u00e9douins; avec un Essai sur l'Histoire Naturelle de ce pays. - Libairie Clavreuil","robots":{"index":"noindex","follow":"follow","max-snippet":"max-snippet:-1","max-image-preview":"max-image-preview:large","max-video-preview":"max-video-preview:-1"},"og_locale":"en_US","og_type":"article","og_title":"POIRET abb\u00e9 J.-L Voyage en Barbarie, ou lettres \u00e9crites de l'ancienne Numidie pendant les ann\u00e9es 1785 &amp; 1786, Sur la Religion, les Coutumes &amp; les Moeurs des Maures &amp; des Arabes-B\u00e9douins; avec un Essai sur l'Histoire Naturelle de ce pays. - Libairie Clavreuil","og_description":"2 volumes, 8vo (195 x 125 mm) 2 nn.ll., 363 pp. for volume I; 2 nn.ll., 315 pp., 2 nn.ll. for volume II. Contempory half-sheep, flat spine gilt.","og_url":"https:\/\/clavreuil-wordpress.logiciel-arteo.fr\/en\/poiret-abbe-j-l-voyage-en-barbarie-ou-lettres-ecrites-de-lancienne-numidie-pendant-les-annees-1785-1786-sur-la-religion-les-coutumes-les-moeurs-des-maures-des-arabes-bedouins\/","og_site_name":"Libairie Clavreuil","article_modified_time":"2024-04-24T15:48:24+00:00","og_image":[{"width":1732,"height":2560,"url":"https:\/\/clavreuil-wordpress.logiciel-arteo.fr\/wp-content\/uploads\/2024\/04\/abbe-j-l-poiret-voyage-en-barbarie-ou-lettres-ecrites-de-l-ancienne-numidie-pendant-les-annees-1785-1786-sur-la-religion-les-coutumes-les-moeurs-des-m-scaled.jpg","type":"image\/jpeg"}],"twitter_card":"summary_large_image","twitter_misc":{"Est. reading time":"1 minute"},"schema":{"@context":"https:\/\/schema.org","@graph":[{"@type":"WebPage","@id":"https:\/\/clavreuil-wordpress.logiciel-arteo.fr\/en\/poiret-abbe-j-l-voyage-en-barbarie-ou-lettres-ecrites-de-lancienne-numidie-pendant-les-annees-1785-1786-sur-la-religion-les-coutumes-les-moeurs-des-maures-des-arabes-bedouins\/","url":"https:\/\/clavreuil-wordpress.logiciel-arteo.fr\/en\/poiret-abbe-j-l-voyage-en-barbarie-ou-lettres-ecrites-de-lancienne-numidie-pendant-les-annees-1785-1786-sur-la-religion-les-coutumes-les-moeurs-des-maures-des-arabes-bedouins\/","name":"POIRET abb\u00e9 J.-L Voyage en Barbarie, ou lettres \u00e9crites de l'ancienne Numidie pendant les ann\u00e9es 1785 &amp; 1786, Sur la Religion, les Coutumes &amp; les Moeurs des Maures &amp; des Arabes-B\u00e9douins; avec un Essai sur l'Histoire Naturelle de ce pays. - Libairie Clavreuil","isPartOf":{"@id":"https:\/\/clavreuil-wordpress.logiciel-arteo.fr\/#website"},"primaryImageOfPage":{"@id":"https:\/\/clavreuil-wordpress.logiciel-arteo.fr\/en\/poiret-abbe-j-l-voyage-en-barbarie-ou-lettres-ecrites-de-lancienne-numidie-pendant-les-annees-1785-1786-sur-la-religion-les-coutumes-les-moeurs-des-maures-des-arabes-bedouins\/#primaryimage"},"image":{"@id":"https:\/\/clavreuil-wordpress.logiciel-arteo.fr\/en\/poiret-abbe-j-l-voyage-en-barbarie-ou-lettres-ecrites-de-lancienne-numidie-pendant-les-annees-1785-1786-sur-la-religion-les-coutumes-les-moeurs-des-maures-des-arabes-bedouins\/#primaryimage"},"thumbnailUrl":"https:\/\/clavreuil-wordpress.logiciel-arteo.fr\/wp-content\/uploads\/2024\/04\/abbe-j-l-poiret-voyage-en-barbarie-ou-lettres-ecrites-de-l-ancienne-numidie-pendant-les-annees-1785-1786-sur-la-religion-les-coutumes-les-moeurs-des-m-scaled.jpg","datePublished":"2024-04-24T15:47:55+00:00","dateModified":"2024-04-24T15:48:24+00:00","breadcrumb":{"@id":"https:\/\/clavreuil-wordpress.logiciel-arteo.fr\/en\/poiret-abbe-j-l-voyage-en-barbarie-ou-lettres-ecrites-de-lancienne-numidie-pendant-les-annees-1785-1786-sur-la-religion-les-coutumes-les-moeurs-des-maures-des-arabes-bedouins\/#breadcrumb"},"inLanguage":"en-US","potentialAction":[{"@type":"ReadAction","target":["https:\/\/clavreuil-wordpress.logiciel-arteo.fr\/en\/poiret-abbe-j-l-voyage-en-barbarie-ou-lettres-ecrites-de-lancienne-numidie-pendant-les-annees-1785-1786-sur-la-religion-les-coutumes-les-moeurs-des-maures-des-arabes-bedouins\/"]}]},{"@type":"ImageObject","inLanguage":"en-US","@id":"https:\/\/clavreuil-wordpress.logiciel-arteo.fr\/en\/poiret-abbe-j-l-voyage-en-barbarie-ou-lettres-ecrites-de-lancienne-numidie-pendant-les-annees-1785-1786-sur-la-religion-les-coutumes-les-moeurs-des-maures-des-arabes-bedouins\/#primaryimage","url":"https:\/\/clavreuil-wordpress.logiciel-arteo.fr\/wp-content\/uploads\/2024\/04\/abbe-j-l-poiret-voyage-en-barbarie-ou-lettres-ecrites-de-l-ancienne-numidie-pendant-les-annees-1785-1786-sur-la-religion-les-coutumes-les-moeurs-des-m-scaled.jpg","contentUrl":"https:\/\/clavreuil-wordpress.logiciel-arteo.fr\/wp-content\/uploads\/2024\/04\/abbe-j-l-poiret-voyage-en-barbarie-ou-lettres-ecrites-de-l-ancienne-numidie-pendant-les-annees-1785-1786-sur-la-religion-les-coutumes-les-moeurs-des-m-scaled.jpg","width":1732,"height":2560},{"@type":"BreadcrumbList","@id":"https:\/\/clavreuil-wordpress.logiciel-arteo.fr\/en\/poiret-abbe-j-l-voyage-en-barbarie-ou-lettres-ecrites-de-lancienne-numidie-pendant-les-annees-1785-1786-sur-la-religion-les-coutumes-les-moeurs-des-maures-des-arabes-bedouins\/#breadcrumb","itemListElement":[{"@type":"ListItem","position":1,"name":"Accueil","item":"https:\/\/clavreuil-wordpress.logiciel-arteo.fr\/"},{"@type":"ListItem","position":2,"name":"All our books","item":"https:\/\/clavreuil-wordpress.logiciel-arteo.fr\/en\/all-our-books\/"},{"@type":"ListItem","position":3,"name":"POIRET abb\u00e9 J.-L Voyage en Barbarie, ou lettres..."}]},{"@type":"WebSite","@id":"https:\/\/clavreuil-wordpress.logiciel-arteo.fr\/#website","url":"https:\/\/clavreuil-wordpress.logiciel-arteo.fr\/","name":"Libairie Clavreuil","description":"","publisher":{"@id":"https:\/\/clavreuil-wordpress.logiciel-arteo.fr\/#organization"},"potentialAction":[{"@type":"SearchAction","target":{"@type":"EntryPoint","urlTemplate":"https:\/\/clavreuil-wordpress.logiciel-arteo.fr\/?s={search_term_string}"},"query-input":{"@type":"PropertyValueSpecification","valueRequired":true,"valueName":"search_term_string"}}],"inLanguage":"en-US"},{"@type":"Organization","@id":"https:\/\/clavreuil-wordpress.logiciel-arteo.fr\/#organization","name":"Libairie Clavreuil","url":"https:\/\/clavreuil-wordpress.logiciel-arteo.fr\/","logo":{"@type":"ImageObject","inLanguage":"en-US","@id":"https:\/\/clavreuil-wordpress.logiciel-arteo.fr\/#\/schema\/logo\/image\/","url":"https:\/\/clavreuil-wordpress.logiciel-arteo.fr\/wp-content\/uploads\/2021\/05\/LOGO_PNG_DATE-_gold.png","contentUrl":"https:\/\/clavreuil-wordpress.logiciel-arteo.fr\/wp-content\/uploads\/2021\/05\/LOGO_PNG_DATE-_gold.png","width":2083,"height":1917,"caption":"Libairie Clavreuil"},"image":{"@id":"https:\/\/clavreuil-wordpress.logiciel-arteo.fr\/#\/schema\/logo\/image\/"}}]}},"_links":{"self":[{"href":"https:\/\/clavreuil-wordpress.logiciel-arteo.fr\/en\/wp-json\/wp\/v2\/product\/75726","targetHints":{"allow":["GET"]}}],"collection":[{"href":"https:\/\/clavreuil-wordpress.logiciel-arteo.fr\/en\/wp-json\/wp\/v2\/product"}],"about":[{"href":"https:\/\/clavreuil-wordpress.logiciel-arteo.fr\/en\/wp-json\/wp\/v2\/types\/product"}],"replies":[{"embeddable":true,"href":"https:\/\/clavreuil-wordpress.logiciel-arteo.fr\/en\/wp-json\/wp\/v2\/comments?post=75726"}],"wp:featuredmedia":[{"embeddable":true,"href":"https:\/\/clavreuil-wordpress.logiciel-arteo.fr\/en\/wp-json\/wp\/v2\/media\/75721"}],"wp:attachment":[{"href":"https:\/\/clavreuil-wordpress.logiciel-arteo.fr\/en\/wp-json\/wp\/v2\/media?parent=75726"}],"wp:term":[{"taxonomy":"product_brand","embeddable":true,"href":"https:\/\/clavreuil-wordpress.logiciel-arteo.fr\/en\/wp-json\/wp\/v2\/product_brand?post=75726"},{"taxonomy":"product_cat","embeddable":true,"href":"https:\/\/clavreuil-wordpress.logiciel-arteo.fr\/en\/wp-json\/wp\/v2\/product_cat?post=75726"},{"taxonomy":"product_tag","embeddable":true,"href":"https:\/\/clavreuil-wordpress.logiciel-arteo.fr\/en\/wp-json\/wp\/v2\/product_tag?post=75726"}],"curies":[{"name":"wp","href":"https:\/\/api.w.org\/{rel}","templated":true}]}}