{"id":75756,"date":"2024-04-24T17:49:31","date_gmt":"2024-04-24T15:49:31","guid":{"rendered":"https:\/\/clavreuil-wordpress.logiciel-arteo.fr\/denham-dixon-voyages-et-decouvertes-dans-le-nord-et-dans-les-parties-centrales-de-lafrique-au-travers-du-grand-desert-jusquau-10e-degre-de-latitude-nord-et-depuis-kouka-dans-le-bornou-jusqu\/"},"modified":"2024-04-24T17:50:16","modified_gmt":"2024-04-24T15:50:16","slug":"denham-dixon-voyages-et-decouvertes-dans-le-nord-et-dans-les-parties-centrales-de-lafrique-au-travers-du-grand-desert-jusquau-10e-degre-de-latitude-nord-et-depuis-kouka-dans-le-bornou-jusqu","status":"publish","type":"product","link":"https:\/\/clavreuil-wordpress.logiciel-arteo.fr\/en\/denham-dixon-voyages-et-decouvertes-dans-le-nord-et-dans-les-parties-centrales-de-lafrique-au-travers-du-grand-desert-jusquau-10e-degre-de-latitude-nord-et-depuis-kouka-dans-le-bornou-jusqu\/","title":{"rendered":"DENHAM Dixon Voyages et d\u00e9couvertes dans le nord..."},"content":{"rendered":"<p><em>Gay, 337.<\/em><\/p>\n<p>First editin of the French translation by Eyri&egrave;s et de Larenaudi&egrave;re.<\/p>\n<p>The English expedition set off from Tripoli, under the protection of the Bey, and explored this little-known part of Africa as far as Lake Chad. The voyage was particularly adventurous, but also scientifically fruitful. At the end of the book is an Essay on the Bornou language, and vocabularies of the Timbouktou, Mandara and Begharni languages, by Klaproth.<\/p>\n<p>A fine, very fresh copy.<\/p>\n","protected":false},"excerpt":{"rendered":"<p>3 volumes, 8vo (199 x 127 mm) and the atlas, 4to (330 x 250 mm). Texte : 2 nn.ll., 366 pp., 1 nn.l. for volume I; 2 nn.ll., 378 pp., 1 nn.l. for&nbsp; volume II; 2 nn.ll., 428 pp. for volume III. Atlas : 2 nn.ll., 14 lithographed plates, 5 maps (including 1 folding). Texte in contemporary half-blue calf over marbled boards, spine gilt, atlas bound to match.<\/p>\n","protected":false},"featured_media":75741,"comment_status":"open","ping_status":"closed","template":"","meta":{"_acf_changed":false},"product_brand":[],"product_cat":[552],"product_tag":[1357],"class_list":{"0":"post-75756","1":"product","2":"type-product","3":"status-publish","4":"has-post-thumbnail","6":"product_cat-travel","7":"product_tag-maghreb-2","8":"pa_auteur-dixon-denham-2","9":"pa_type-de-livre-printed-book","11":"first","12":"instock","13":"shipping-taxable","14":"purchasable","15":"product-type-simple"},"acf":[],"yoast_head":"<!-- This site is optimized with the Yoast SEO plugin v24.3 - https:\/\/yoast.com\/wordpress\/plugins\/seo\/ -->\n<title>DENHAM Dixon Voyages et d\u00e9couvertes dans le nord et dans les parties centrales de l&#039;Afrique, au travers du grand d\u00e9sert, jusqu&#039;au 10e degr\u00e9 de latitude nord, et depuis Kouka, dans le Bornou, jusqu&#039;\u00e0 Sackatou, capitale de l&#039;empire des Felatah; ex\u00e9cut\u00e9s dans les ann\u00e9es 1822, 1823 et 1824. - Libairie Clavreuil<\/title>\n<meta name=\"robots\" content=\"noindex, follow, max-snippet:-1, max-image-preview:large, max-video-preview:-1\" \/>\n<meta property=\"og:locale\" content=\"en_US\" \/>\n<meta property=\"og:type\" content=\"article\" \/>\n<meta property=\"og:title\" content=\"DENHAM Dixon Voyages et d\u00e9couvertes dans le nord et dans les parties centrales de l&#039;Afrique, au travers du grand d\u00e9sert, jusqu&#039;au 10e degr\u00e9 de latitude nord, et depuis Kouka, dans le Bornou, jusqu&#039;\u00e0 Sackatou, capitale de l&#039;empire des Felatah; ex\u00e9cut\u00e9s dans les ann\u00e9es 1822, 1823 et 1824. - Libairie Clavreuil\" \/>\n<meta property=\"og:description\" content=\"3 volumes, 8vo (199 x 127 mm) and the atlas, 4to (330 x 250 mm). Texte : 2 nn.ll., 366 pp., 1 nn.l. for volume I; 2 nn.ll., 378 pp., 1 nn.l. for&nbsp; volume II; 2 nn.ll., 428 pp. for volume III. Atlas : 2 nn.ll., 14 lithographed plates, 5 maps (including 1 folding). Texte in contemporary half-blue calf over marbled boards, spine gilt, atlas bound to match.\" \/>\n<meta property=\"og:url\" content=\"https:\/\/clavreuil-wordpress.logiciel-arteo.fr\/en\/denham-dixon-voyages-et-decouvertes-dans-le-nord-et-dans-les-parties-centrales-de-lafrique-au-travers-du-grand-desert-jusquau-10e-degre-de-latitude-nord-et-depuis-kouka-dans-le-bornou-jusqu\/\" \/>\n<meta property=\"og:site_name\" content=\"Libairie Clavreuil\" \/>\n<meta property=\"article:modified_time\" content=\"2024-04-24T15:50:16+00:00\" \/>\n<meta property=\"og:image\" content=\"https:\/\/clavreuil-wordpress.logiciel-arteo.fr\/wp-content\/uploads\/2024\/04\/dixon-denham-voyages-et-decouvertes-dans-le-nord-et-dans-les-parties-centrales-de-l-afrique-au-travers-du-grand-desert-jusqu-au-10e-degre-de-latitude--scaled.jpg\" \/>\n\t<meta property=\"og:image:width\" content=\"1974\" \/>\n\t<meta property=\"og:image:height\" content=\"2560\" \/>\n\t<meta property=\"og:image:type\" content=\"image\/jpeg\" \/>\n<meta name=\"twitter:card\" content=\"summary_large_image\" \/>\n<script type=\"application\/ld+json\" class=\"yoast-schema-graph\">{\"@context\":\"https:\/\/schema.org\",\"@graph\":[{\"@type\":\"WebPage\",\"@id\":\"https:\/\/clavreuil-wordpress.logiciel-arteo.fr\/en\/denham-dixon-voyages-et-decouvertes-dans-le-nord-et-dans-les-parties-centrales-de-lafrique-au-travers-du-grand-desert-jusquau-10e-degre-de-latitude-nord-et-depuis-kouka-dans-le-bornou-jusqu\/\",\"url\":\"https:\/\/clavreuil-wordpress.logiciel-arteo.fr\/en\/denham-dixon-voyages-et-decouvertes-dans-le-nord-et-dans-les-parties-centrales-de-lafrique-au-travers-du-grand-desert-jusquau-10e-degre-de-latitude-nord-et-depuis-kouka-dans-le-bornou-jusqu\/\",\"name\":\"DENHAM Dixon Voyages et d\u00e9couvertes dans le nord et dans les parties centrales de l'Afrique, au travers du grand d\u00e9sert, jusqu'au 10e degr\u00e9 de latitude nord, et depuis Kouka, dans le Bornou, jusqu'\u00e0 Sackatou, capitale de l'empire des Felatah; ex\u00e9cut\u00e9s dans les ann\u00e9es 1822, 1823 et 1824. - Libairie Clavreuil\",\"isPartOf\":{\"@id\":\"https:\/\/clavreuil-wordpress.logiciel-arteo.fr\/#website\"},\"primaryImageOfPage\":{\"@id\":\"https:\/\/clavreuil-wordpress.logiciel-arteo.fr\/en\/denham-dixon-voyages-et-decouvertes-dans-le-nord-et-dans-les-parties-centrales-de-lafrique-au-travers-du-grand-desert-jusquau-10e-degre-de-latitude-nord-et-depuis-kouka-dans-le-bornou-jusqu\/#primaryimage\"},\"image\":{\"@id\":\"https:\/\/clavreuil-wordpress.logiciel-arteo.fr\/en\/denham-dixon-voyages-et-decouvertes-dans-le-nord-et-dans-les-parties-centrales-de-lafrique-au-travers-du-grand-desert-jusquau-10e-degre-de-latitude-nord-et-depuis-kouka-dans-le-bornou-jusqu\/#primaryimage\"},\"thumbnailUrl\":\"https:\/\/clavreuil-wordpress.logiciel-arteo.fr\/wp-content\/uploads\/2024\/04\/dixon-denham-voyages-et-decouvertes-dans-le-nord-et-dans-les-parties-centrales-de-l-afrique-au-travers-du-grand-desert-jusqu-au-10e-degre-de-latitude--scaled.jpg\",\"datePublished\":\"2024-04-24T15:49:31+00:00\",\"dateModified\":\"2024-04-24T15:50:16+00:00\",\"breadcrumb\":{\"@id\":\"https:\/\/clavreuil-wordpress.logiciel-arteo.fr\/en\/denham-dixon-voyages-et-decouvertes-dans-le-nord-et-dans-les-parties-centrales-de-lafrique-au-travers-du-grand-desert-jusquau-10e-degre-de-latitude-nord-et-depuis-kouka-dans-le-bornou-jusqu\/#breadcrumb\"},\"inLanguage\":\"en-US\",\"potentialAction\":[{\"@type\":\"ReadAction\",\"target\":[\"https:\/\/clavreuil-wordpress.logiciel-arteo.fr\/en\/denham-dixon-voyages-et-decouvertes-dans-le-nord-et-dans-les-parties-centrales-de-lafrique-au-travers-du-grand-desert-jusquau-10e-degre-de-latitude-nord-et-depuis-kouka-dans-le-bornou-jusqu\/\"]}]},{\"@type\":\"ImageObject\",\"inLanguage\":\"en-US\",\"@id\":\"https:\/\/clavreuil-wordpress.logiciel-arteo.fr\/en\/denham-dixon-voyages-et-decouvertes-dans-le-nord-et-dans-les-parties-centrales-de-lafrique-au-travers-du-grand-desert-jusquau-10e-degre-de-latitude-nord-et-depuis-kouka-dans-le-bornou-jusqu\/#primaryimage\",\"url\":\"https:\/\/clavreuil-wordpress.logiciel-arteo.fr\/wp-content\/uploads\/2024\/04\/dixon-denham-voyages-et-decouvertes-dans-le-nord-et-dans-les-parties-centrales-de-l-afrique-au-travers-du-grand-desert-jusqu-au-10e-degre-de-latitude--scaled.jpg\",\"contentUrl\":\"https:\/\/clavreuil-wordpress.logiciel-arteo.fr\/wp-content\/uploads\/2024\/04\/dixon-denham-voyages-et-decouvertes-dans-le-nord-et-dans-les-parties-centrales-de-l-afrique-au-travers-du-grand-desert-jusqu-au-10e-degre-de-latitude--scaled.jpg\",\"width\":1974,\"height\":2560},{\"@type\":\"BreadcrumbList\",\"@id\":\"https:\/\/clavreuil-wordpress.logiciel-arteo.fr\/en\/denham-dixon-voyages-et-decouvertes-dans-le-nord-et-dans-les-parties-centrales-de-lafrique-au-travers-du-grand-desert-jusquau-10e-degre-de-latitude-nord-et-depuis-kouka-dans-le-bornou-jusqu\/#breadcrumb\",\"itemListElement\":[{\"@type\":\"ListItem\",\"position\":1,\"name\":\"Accueil\",\"item\":\"https:\/\/clavreuil-wordpress.logiciel-arteo.fr\/\"},{\"@type\":\"ListItem\",\"position\":2,\"name\":\"All our books\",\"item\":\"https:\/\/clavreuil-wordpress.logiciel-arteo.fr\/en\/all-our-books\/\"},{\"@type\":\"ListItem\",\"position\":3,\"name\":\"DENHAM Dixon Voyages et d\u00e9couvertes dans le nord...\"}]},{\"@type\":\"WebSite\",\"@id\":\"https:\/\/clavreuil-wordpress.logiciel-arteo.fr\/#website\",\"url\":\"https:\/\/clavreuil-wordpress.logiciel-arteo.fr\/\",\"name\":\"Libairie Clavreuil\",\"description\":\"\",\"publisher\":{\"@id\":\"https:\/\/clavreuil-wordpress.logiciel-arteo.fr\/#organization\"},\"potentialAction\":[{\"@type\":\"SearchAction\",\"target\":{\"@type\":\"EntryPoint\",\"urlTemplate\":\"https:\/\/clavreuil-wordpress.logiciel-arteo.fr\/?s={search_term_string}\"},\"query-input\":{\"@type\":\"PropertyValueSpecification\",\"valueRequired\":true,\"valueName\":\"search_term_string\"}}],\"inLanguage\":\"en-US\"},{\"@type\":\"Organization\",\"@id\":\"https:\/\/clavreuil-wordpress.logiciel-arteo.fr\/#organization\",\"name\":\"Libairie Clavreuil\",\"url\":\"https:\/\/clavreuil-wordpress.logiciel-arteo.fr\/\",\"logo\":{\"@type\":\"ImageObject\",\"inLanguage\":\"en-US\",\"@id\":\"https:\/\/clavreuil-wordpress.logiciel-arteo.fr\/#\/schema\/logo\/image\/\",\"url\":\"https:\/\/clavreuil-wordpress.logiciel-arteo.fr\/wp-content\/uploads\/2021\/05\/LOGO_PNG_DATE-_gold.png\",\"contentUrl\":\"https:\/\/clavreuil-wordpress.logiciel-arteo.fr\/wp-content\/uploads\/2021\/05\/LOGO_PNG_DATE-_gold.png\",\"width\":2083,\"height\":1917,\"caption\":\"Libairie Clavreuil\"},\"image\":{\"@id\":\"https:\/\/clavreuil-wordpress.logiciel-arteo.fr\/#\/schema\/logo\/image\/\"}}]}<\/script>\n<!-- \/ Yoast SEO plugin. -->","yoast_head_json":{"title":"DENHAM Dixon Voyages et d\u00e9couvertes dans le nord et dans les parties centrales de l'Afrique, au travers du grand d\u00e9sert, jusqu'au 10e degr\u00e9 de latitude nord, et depuis Kouka, dans le Bornou, jusqu'\u00e0 Sackatou, capitale de l'empire des Felatah; ex\u00e9cut\u00e9s dans les ann\u00e9es 1822, 1823 et 1824. - Libairie Clavreuil","robots":{"index":"noindex","follow":"follow","max-snippet":"max-snippet:-1","max-image-preview":"max-image-preview:large","max-video-preview":"max-video-preview:-1"},"og_locale":"en_US","og_type":"article","og_title":"DENHAM Dixon Voyages et d\u00e9couvertes dans le nord et dans les parties centrales de l'Afrique, au travers du grand d\u00e9sert, jusqu'au 10e degr\u00e9 de latitude nord, et depuis Kouka, dans le Bornou, jusqu'\u00e0 Sackatou, capitale de l'empire des Felatah; ex\u00e9cut\u00e9s dans les ann\u00e9es 1822, 1823 et 1824. - Libairie Clavreuil","og_description":"3 volumes, 8vo (199 x 127 mm) and the atlas, 4to (330 x 250 mm). Texte : 2 nn.ll., 366 pp., 1 nn.l. for volume I; 2 nn.ll., 378 pp., 1 nn.l. for&nbsp; volume II; 2 nn.ll., 428 pp. for volume III. Atlas : 2 nn.ll., 14 lithographed plates, 5 maps (including 1 folding). Texte in contemporary half-blue calf over marbled boards, spine gilt, atlas bound to match.","og_url":"https:\/\/clavreuil-wordpress.logiciel-arteo.fr\/en\/denham-dixon-voyages-et-decouvertes-dans-le-nord-et-dans-les-parties-centrales-de-lafrique-au-travers-du-grand-desert-jusquau-10e-degre-de-latitude-nord-et-depuis-kouka-dans-le-bornou-jusqu\/","og_site_name":"Libairie Clavreuil","article_modified_time":"2024-04-24T15:50:16+00:00","og_image":[{"width":1974,"height":2560,"url":"https:\/\/clavreuil-wordpress.logiciel-arteo.fr\/wp-content\/uploads\/2024\/04\/dixon-denham-voyages-et-decouvertes-dans-le-nord-et-dans-les-parties-centrales-de-l-afrique-au-travers-du-grand-desert-jusqu-au-10e-degre-de-latitude--scaled.jpg","type":"image\/jpeg"}],"twitter_card":"summary_large_image","schema":{"@context":"https:\/\/schema.org","@graph":[{"@type":"WebPage","@id":"https:\/\/clavreuil-wordpress.logiciel-arteo.fr\/en\/denham-dixon-voyages-et-decouvertes-dans-le-nord-et-dans-les-parties-centrales-de-lafrique-au-travers-du-grand-desert-jusquau-10e-degre-de-latitude-nord-et-depuis-kouka-dans-le-bornou-jusqu\/","url":"https:\/\/clavreuil-wordpress.logiciel-arteo.fr\/en\/denham-dixon-voyages-et-decouvertes-dans-le-nord-et-dans-les-parties-centrales-de-lafrique-au-travers-du-grand-desert-jusquau-10e-degre-de-latitude-nord-et-depuis-kouka-dans-le-bornou-jusqu\/","name":"DENHAM Dixon Voyages et d\u00e9couvertes dans le nord et dans les parties centrales de l'Afrique, au travers du grand d\u00e9sert, jusqu'au 10e degr\u00e9 de latitude nord, et depuis Kouka, dans le Bornou, jusqu'\u00e0 Sackatou, capitale de l'empire des Felatah; ex\u00e9cut\u00e9s dans les ann\u00e9es 1822, 1823 et 1824. - Libairie Clavreuil","isPartOf":{"@id":"https:\/\/clavreuil-wordpress.logiciel-arteo.fr\/#website"},"primaryImageOfPage":{"@id":"https:\/\/clavreuil-wordpress.logiciel-arteo.fr\/en\/denham-dixon-voyages-et-decouvertes-dans-le-nord-et-dans-les-parties-centrales-de-lafrique-au-travers-du-grand-desert-jusquau-10e-degre-de-latitude-nord-et-depuis-kouka-dans-le-bornou-jusqu\/#primaryimage"},"image":{"@id":"https:\/\/clavreuil-wordpress.logiciel-arteo.fr\/en\/denham-dixon-voyages-et-decouvertes-dans-le-nord-et-dans-les-parties-centrales-de-lafrique-au-travers-du-grand-desert-jusquau-10e-degre-de-latitude-nord-et-depuis-kouka-dans-le-bornou-jusqu\/#primaryimage"},"thumbnailUrl":"https:\/\/clavreuil-wordpress.logiciel-arteo.fr\/wp-content\/uploads\/2024\/04\/dixon-denham-voyages-et-decouvertes-dans-le-nord-et-dans-les-parties-centrales-de-l-afrique-au-travers-du-grand-desert-jusqu-au-10e-degre-de-latitude--scaled.jpg","datePublished":"2024-04-24T15:49:31+00:00","dateModified":"2024-04-24T15:50:16+00:00","breadcrumb":{"@id":"https:\/\/clavreuil-wordpress.logiciel-arteo.fr\/en\/denham-dixon-voyages-et-decouvertes-dans-le-nord-et-dans-les-parties-centrales-de-lafrique-au-travers-du-grand-desert-jusquau-10e-degre-de-latitude-nord-et-depuis-kouka-dans-le-bornou-jusqu\/#breadcrumb"},"inLanguage":"en-US","potentialAction":[{"@type":"ReadAction","target":["https:\/\/clavreuil-wordpress.logiciel-arteo.fr\/en\/denham-dixon-voyages-et-decouvertes-dans-le-nord-et-dans-les-parties-centrales-de-lafrique-au-travers-du-grand-desert-jusquau-10e-degre-de-latitude-nord-et-depuis-kouka-dans-le-bornou-jusqu\/"]}]},{"@type":"ImageObject","inLanguage":"en-US","@id":"https:\/\/clavreuil-wordpress.logiciel-arteo.fr\/en\/denham-dixon-voyages-et-decouvertes-dans-le-nord-et-dans-les-parties-centrales-de-lafrique-au-travers-du-grand-desert-jusquau-10e-degre-de-latitude-nord-et-depuis-kouka-dans-le-bornou-jusqu\/#primaryimage","url":"https:\/\/clavreuil-wordpress.logiciel-arteo.fr\/wp-content\/uploads\/2024\/04\/dixon-denham-voyages-et-decouvertes-dans-le-nord-et-dans-les-parties-centrales-de-l-afrique-au-travers-du-grand-desert-jusqu-au-10e-degre-de-latitude--scaled.jpg","contentUrl":"https:\/\/clavreuil-wordpress.logiciel-arteo.fr\/wp-content\/uploads\/2024\/04\/dixon-denham-voyages-et-decouvertes-dans-le-nord-et-dans-les-parties-centrales-de-l-afrique-au-travers-du-grand-desert-jusqu-au-10e-degre-de-latitude--scaled.jpg","width":1974,"height":2560},{"@type":"BreadcrumbList","@id":"https:\/\/clavreuil-wordpress.logiciel-arteo.fr\/en\/denham-dixon-voyages-et-decouvertes-dans-le-nord-et-dans-les-parties-centrales-de-lafrique-au-travers-du-grand-desert-jusquau-10e-degre-de-latitude-nord-et-depuis-kouka-dans-le-bornou-jusqu\/#breadcrumb","itemListElement":[{"@type":"ListItem","position":1,"name":"Accueil","item":"https:\/\/clavreuil-wordpress.logiciel-arteo.fr\/"},{"@type":"ListItem","position":2,"name":"All our books","item":"https:\/\/clavreuil-wordpress.logiciel-arteo.fr\/en\/all-our-books\/"},{"@type":"ListItem","position":3,"name":"DENHAM Dixon Voyages et d\u00e9couvertes dans le nord..."}]},{"@type":"WebSite","@id":"https:\/\/clavreuil-wordpress.logiciel-arteo.fr\/#website","url":"https:\/\/clavreuil-wordpress.logiciel-arteo.fr\/","name":"Libairie Clavreuil","description":"","publisher":{"@id":"https:\/\/clavreuil-wordpress.logiciel-arteo.fr\/#organization"},"potentialAction":[{"@type":"SearchAction","target":{"@type":"EntryPoint","urlTemplate":"https:\/\/clavreuil-wordpress.logiciel-arteo.fr\/?s={search_term_string}"},"query-input":{"@type":"PropertyValueSpecification","valueRequired":true,"valueName":"search_term_string"}}],"inLanguage":"en-US"},{"@type":"Organization","@id":"https:\/\/clavreuil-wordpress.logiciel-arteo.fr\/#organization","name":"Libairie Clavreuil","url":"https:\/\/clavreuil-wordpress.logiciel-arteo.fr\/","logo":{"@type":"ImageObject","inLanguage":"en-US","@id":"https:\/\/clavreuil-wordpress.logiciel-arteo.fr\/#\/schema\/logo\/image\/","url":"https:\/\/clavreuil-wordpress.logiciel-arteo.fr\/wp-content\/uploads\/2021\/05\/LOGO_PNG_DATE-_gold.png","contentUrl":"https:\/\/clavreuil-wordpress.logiciel-arteo.fr\/wp-content\/uploads\/2021\/05\/LOGO_PNG_DATE-_gold.png","width":2083,"height":1917,"caption":"Libairie Clavreuil"},"image":{"@id":"https:\/\/clavreuil-wordpress.logiciel-arteo.fr\/#\/schema\/logo\/image\/"}}]}},"_links":{"self":[{"href":"https:\/\/clavreuil-wordpress.logiciel-arteo.fr\/en\/wp-json\/wp\/v2\/product\/75756","targetHints":{"allow":["GET"]}}],"collection":[{"href":"https:\/\/clavreuil-wordpress.logiciel-arteo.fr\/en\/wp-json\/wp\/v2\/product"}],"about":[{"href":"https:\/\/clavreuil-wordpress.logiciel-arteo.fr\/en\/wp-json\/wp\/v2\/types\/product"}],"replies":[{"embeddable":true,"href":"https:\/\/clavreuil-wordpress.logiciel-arteo.fr\/en\/wp-json\/wp\/v2\/comments?post=75756"}],"wp:featuredmedia":[{"embeddable":true,"href":"https:\/\/clavreuil-wordpress.logiciel-arteo.fr\/en\/wp-json\/wp\/v2\/media\/75741"}],"wp:attachment":[{"href":"https:\/\/clavreuil-wordpress.logiciel-arteo.fr\/en\/wp-json\/wp\/v2\/media?parent=75756"}],"wp:term":[{"taxonomy":"product_brand","embeddable":true,"href":"https:\/\/clavreuil-wordpress.logiciel-arteo.fr\/en\/wp-json\/wp\/v2\/product_brand?post=75756"},{"taxonomy":"product_cat","embeddable":true,"href":"https:\/\/clavreuil-wordpress.logiciel-arteo.fr\/en\/wp-json\/wp\/v2\/product_cat?post=75756"},{"taxonomy":"product_tag","embeddable":true,"href":"https:\/\/clavreuil-wordpress.logiciel-arteo.fr\/en\/wp-json\/wp\/v2\/product_tag?post=75756"}],"curies":[{"name":"wp","href":"https:\/\/api.w.org\/{rel}","templated":true}]}}