{"id":75762,"date":"2024-04-24T18:08:26","date_gmt":"2024-04-24T16:08:26","guid":{"rendered":"https:\/\/clavreuil-wordpress.logiciel-arteo.fr\/cevallos-pedro-confederation-des-royaumes-et-provinces-despagne-contre-buonaparte-ou-recueil-des-pieces-officielles-publiees-relativement-aux-affaires-despagne-depuis-lusurpation-de-buonapart\/"},"modified":"2024-04-24T18:08:59","modified_gmt":"2024-04-24T16:08:59","slug":"cevallos-pedro-confederation-des-royaumes-et-provinces-despagne-contre-buonaparte-ou-recueil-des-pieces-officielles-publiees-relativement-aux-affaires-despagne-depuis-lusurpation-de-buonapart","status":"publish","type":"product","link":"https:\/\/clavreuil-wordpress.logiciel-arteo.fr\/en\/cevallos-pedro-confederation-des-royaumes-et-provinces-despagne-contre-buonaparte-ou-recueil-des-pieces-officielles-publiees-relativement-aux-affaires-despagne-depuis-lusurpation-de-buonapart\/","title":{"rendered":"CEVALLOS Pedro Conf\u00e9d\u00e9ration des royaumes et provinces d&#8217;Espagne..."},"content":{"rendered":"<p style=\"text-align:justify\">First edition of this extremely rare work.<\/p>\n<p style=\"text-align:justify\">Handwritten inscription at the end of the foreword : &quot;Comte d&#039;Antraigues&quot;. The signature is that of Louis-Alexandre de Launay, Count of Antraigues (https:\/\/www.traces-ecrites.com\/document\/louis-dantraigues-ecrit-a-saint-huberti\/).<\/p>\n<p style=\"text-align:justify\">In 1805 he published Traduction d&#039;un fragment du XVIII. Livre de Polybe trouv&eacute; dans le monast&egrave;re Sainte Laure au Mont Athos, which was in fact a violent pamphlet aimed at Napoleon and the First Empire.<\/p>\n<p style=\"text-align:justify\">The foreword praises the patient and determined Spanish people, who can only defeat the Corsican tyrant:&nbsp;&quot;Savoir mourir, et savoir ha&iuml;r ; voil&agrave; les gages de la Victoire pour les Espagnols [&#8230;] L&rsquo;&oelig;uvre qu&#039;ils ont entreprise [sic] seroit elle la plus h&eacute;ro&iuml;que de toutes les gloires, si les succ&egrave;s constans &eacute;toient le partage de tous ceux qui r&eacute;sistent &agrave; la tyrannie.&quot;<\/p>\n<p style=\"text-align:justify\">The official documents presented afterwards look back at the politics and events of 1808. This was a decisive year for Spain, marking the start of the War of Independence.<\/p>\n<p style=\"text-align:justify\">Provenance: Canning family (coat of arms on boards), possibly George Canning (1770-1827), Prime Minister of the United Kingdom and Foreign Secretary; or Charles Canning (1812-1862) Governor General of India from 1856 to 1862 then 1st Viceroy of India. Lord of Rosebery (bookplate of his estate, the Durdans, on the upper flyleaf and stamps on the spine and title pages). Probably Archibald Philip Primrose (1847 -1929), 5th Earl of Rosebery, also British Prime Minister from 1894 to 1895.<\/p>\n","protected":false},"excerpt":{"rendered":"<p>12vo (156 x 96 mm) de XIII pp., 258 pp., 1unn.l. (achev&eacute; d&#039;imprimer). Long-grained red morocco with the arms of the Canning family on the boards, flat spine gilt, inner roll, gilt edges (<em>English contemporary binding<\/em>).<\/p>\n","protected":false},"featured_media":75757,"comment_status":"open","ping_status":"closed","template":"","meta":{"_acf_changed":false},"product_brand":[],"product_cat":[530],"product_tag":[1270,1267,1390,1450,1213,1264,1393],"class_list":{"0":"post-75762","1":"product","2":"type-product","3":"status-publish","4":"has-post-thumbnail","6":"product_cat-binding","7":"product_tag-armoured","8":"product_tag-binding","9":"product_tag-europe-2","10":"product_tag-first-edition","11":"product_tag-history","12":"product_tag-inscription","13":"product_tag-spain","14":"pa_auteur-pedro-cevallos-2","15":"pa_type-de-livre-printed-book","17":"first","18":"instock","19":"shipping-taxable","20":"purchasable","21":"product-type-simple"},"acf":[],"yoast_head":"<!-- This site is optimized with the Yoast SEO plugin v24.3 - https:\/\/yoast.com\/wordpress\/plugins\/seo\/ -->\n<title>CEVALLOS Pedro Conf\u00e9d\u00e9ration des royaumes et provinces d&#039;Espagne contre Buonaparte, ou, Recueil des pi\u00e8ces officielles publi\u00e9es relativement aux affaires d&#039;Espagne depuis l&#039;usurpation de Buonaparte, auquel on a ajout\u00e9 l&#039;exposition des faits, &amp;c. &amp;c. &amp;c., publi\u00e9e par Don Pedro Cevallos. - Libairie Clavreuil<\/title>\n<meta name=\"robots\" content=\"noindex, follow, max-snippet:-1, max-image-preview:large, max-video-preview:-1\" \/>\n<meta property=\"og:locale\" content=\"en_US\" \/>\n<meta property=\"og:type\" content=\"article\" \/>\n<meta property=\"og:title\" content=\"CEVALLOS Pedro Conf\u00e9d\u00e9ration des royaumes et provinces d&#039;Espagne contre Buonaparte, ou, Recueil des pi\u00e8ces officielles publi\u00e9es relativement aux affaires d&#039;Espagne depuis l&#039;usurpation de Buonaparte, auquel on a ajout\u00e9 l&#039;exposition des faits, &amp;c. &amp;c. &amp;c., publi\u00e9e par Don Pedro Cevallos. - Libairie Clavreuil\" \/>\n<meta property=\"og:description\" content=\"12vo (156 x 96 mm) de XIII pp., 258 pp., 1unn.l. (achev&eacute; d&#039;imprimer). Long-grained red morocco with the arms of the Canning family on the boards, flat spine gilt, inner roll, gilt edges (English contemporary binding).\" \/>\n<meta property=\"og:url\" content=\"https:\/\/clavreuil-wordpress.logiciel-arteo.fr\/en\/cevallos-pedro-confederation-des-royaumes-et-provinces-despagne-contre-buonaparte-ou-recueil-des-pieces-officielles-publiees-relativement-aux-affaires-despagne-depuis-lusurpation-de-buonapart\/\" \/>\n<meta property=\"og:site_name\" content=\"Libairie Clavreuil\" \/>\n<meta property=\"article:modified_time\" content=\"2024-04-24T16:08:59+00:00\" \/>\n<meta property=\"og:image\" content=\"https:\/\/clavreuil-wordpress.logiciel-arteo.fr\/wp-content\/uploads\/2024\/04\/pedro-cevallos-confederation-des-royaumes-et-provinces-d-espagne-contre-buonaparte-ou-recueil-des-pieces-officielles-publiees-relativement-aux-affaire-scaled.jpg\" \/>\n\t<meta property=\"og:image:width\" content=\"1975\" \/>\n\t<meta property=\"og:image:height\" content=\"2560\" \/>\n\t<meta property=\"og:image:type\" content=\"image\/jpeg\" \/>\n<meta name=\"twitter:card\" content=\"summary_large_image\" \/>\n<meta name=\"twitter:label1\" content=\"Est. reading time\" \/>\n\t<meta name=\"twitter:data1\" content=\"1 minute\" \/>\n<script type=\"application\/ld+json\" class=\"yoast-schema-graph\">{\"@context\":\"https:\/\/schema.org\",\"@graph\":[{\"@type\":\"WebPage\",\"@id\":\"https:\/\/clavreuil-wordpress.logiciel-arteo.fr\/en\/cevallos-pedro-confederation-des-royaumes-et-provinces-despagne-contre-buonaparte-ou-recueil-des-pieces-officielles-publiees-relativement-aux-affaires-despagne-depuis-lusurpation-de-buonapart\/\",\"url\":\"https:\/\/clavreuil-wordpress.logiciel-arteo.fr\/en\/cevallos-pedro-confederation-des-royaumes-et-provinces-despagne-contre-buonaparte-ou-recueil-des-pieces-officielles-publiees-relativement-aux-affaires-despagne-depuis-lusurpation-de-buonapart\/\",\"name\":\"CEVALLOS Pedro Conf\u00e9d\u00e9ration des royaumes et provinces d'Espagne contre Buonaparte, ou, Recueil des pi\u00e8ces officielles publi\u00e9es relativement aux affaires d'Espagne depuis l'usurpation de Buonaparte, auquel on a ajout\u00e9 l'exposition des faits, &amp;c. &amp;c. &amp;c., publi\u00e9e par Don Pedro Cevallos. - Libairie Clavreuil\",\"isPartOf\":{\"@id\":\"https:\/\/clavreuil-wordpress.logiciel-arteo.fr\/#website\"},\"primaryImageOfPage\":{\"@id\":\"https:\/\/clavreuil-wordpress.logiciel-arteo.fr\/en\/cevallos-pedro-confederation-des-royaumes-et-provinces-despagne-contre-buonaparte-ou-recueil-des-pieces-officielles-publiees-relativement-aux-affaires-despagne-depuis-lusurpation-de-buonapart\/#primaryimage\"},\"image\":{\"@id\":\"https:\/\/clavreuil-wordpress.logiciel-arteo.fr\/en\/cevallos-pedro-confederation-des-royaumes-et-provinces-despagne-contre-buonaparte-ou-recueil-des-pieces-officielles-publiees-relativement-aux-affaires-despagne-depuis-lusurpation-de-buonapart\/#primaryimage\"},\"thumbnailUrl\":\"https:\/\/clavreuil-wordpress.logiciel-arteo.fr\/wp-content\/uploads\/2024\/04\/pedro-cevallos-confederation-des-royaumes-et-provinces-d-espagne-contre-buonaparte-ou-recueil-des-pieces-officielles-publiees-relativement-aux-affaire-scaled.jpg\",\"datePublished\":\"2024-04-24T16:08:26+00:00\",\"dateModified\":\"2024-04-24T16:08:59+00:00\",\"breadcrumb\":{\"@id\":\"https:\/\/clavreuil-wordpress.logiciel-arteo.fr\/en\/cevallos-pedro-confederation-des-royaumes-et-provinces-despagne-contre-buonaparte-ou-recueil-des-pieces-officielles-publiees-relativement-aux-affaires-despagne-depuis-lusurpation-de-buonapart\/#breadcrumb\"},\"inLanguage\":\"en-US\",\"potentialAction\":[{\"@type\":\"ReadAction\",\"target\":[\"https:\/\/clavreuil-wordpress.logiciel-arteo.fr\/en\/cevallos-pedro-confederation-des-royaumes-et-provinces-despagne-contre-buonaparte-ou-recueil-des-pieces-officielles-publiees-relativement-aux-affaires-despagne-depuis-lusurpation-de-buonapart\/\"]}]},{\"@type\":\"ImageObject\",\"inLanguage\":\"en-US\",\"@id\":\"https:\/\/clavreuil-wordpress.logiciel-arteo.fr\/en\/cevallos-pedro-confederation-des-royaumes-et-provinces-despagne-contre-buonaparte-ou-recueil-des-pieces-officielles-publiees-relativement-aux-affaires-despagne-depuis-lusurpation-de-buonapart\/#primaryimage\",\"url\":\"https:\/\/clavreuil-wordpress.logiciel-arteo.fr\/wp-content\/uploads\/2024\/04\/pedro-cevallos-confederation-des-royaumes-et-provinces-d-espagne-contre-buonaparte-ou-recueil-des-pieces-officielles-publiees-relativement-aux-affaire-scaled.jpg\",\"contentUrl\":\"https:\/\/clavreuil-wordpress.logiciel-arteo.fr\/wp-content\/uploads\/2024\/04\/pedro-cevallos-confederation-des-royaumes-et-provinces-d-espagne-contre-buonaparte-ou-recueil-des-pieces-officielles-publiees-relativement-aux-affaire-scaled.jpg\",\"width\":1975,\"height\":2560},{\"@type\":\"BreadcrumbList\",\"@id\":\"https:\/\/clavreuil-wordpress.logiciel-arteo.fr\/en\/cevallos-pedro-confederation-des-royaumes-et-provinces-despagne-contre-buonaparte-ou-recueil-des-pieces-officielles-publiees-relativement-aux-affaires-despagne-depuis-lusurpation-de-buonapart\/#breadcrumb\",\"itemListElement\":[{\"@type\":\"ListItem\",\"position\":1,\"name\":\"Accueil\",\"item\":\"https:\/\/clavreuil-wordpress.logiciel-arteo.fr\/\"},{\"@type\":\"ListItem\",\"position\":2,\"name\":\"All our books\",\"item\":\"https:\/\/clavreuil-wordpress.logiciel-arteo.fr\/en\/all-our-books\/\"},{\"@type\":\"ListItem\",\"position\":3,\"name\":\"CEVALLOS Pedro Conf\u00e9d\u00e9ration des royaumes et provinces d&#8217;Espagne...\"}]},{\"@type\":\"WebSite\",\"@id\":\"https:\/\/clavreuil-wordpress.logiciel-arteo.fr\/#website\",\"url\":\"https:\/\/clavreuil-wordpress.logiciel-arteo.fr\/\",\"name\":\"Libairie Clavreuil\",\"description\":\"\",\"publisher\":{\"@id\":\"https:\/\/clavreuil-wordpress.logiciel-arteo.fr\/#organization\"},\"potentialAction\":[{\"@type\":\"SearchAction\",\"target\":{\"@type\":\"EntryPoint\",\"urlTemplate\":\"https:\/\/clavreuil-wordpress.logiciel-arteo.fr\/?s={search_term_string}\"},\"query-input\":{\"@type\":\"PropertyValueSpecification\",\"valueRequired\":true,\"valueName\":\"search_term_string\"}}],\"inLanguage\":\"en-US\"},{\"@type\":\"Organization\",\"@id\":\"https:\/\/clavreuil-wordpress.logiciel-arteo.fr\/#organization\",\"name\":\"Libairie Clavreuil\",\"url\":\"https:\/\/clavreuil-wordpress.logiciel-arteo.fr\/\",\"logo\":{\"@type\":\"ImageObject\",\"inLanguage\":\"en-US\",\"@id\":\"https:\/\/clavreuil-wordpress.logiciel-arteo.fr\/#\/schema\/logo\/image\/\",\"url\":\"https:\/\/clavreuil-wordpress.logiciel-arteo.fr\/wp-content\/uploads\/2021\/05\/LOGO_PNG_DATE-_gold.png\",\"contentUrl\":\"https:\/\/clavreuil-wordpress.logiciel-arteo.fr\/wp-content\/uploads\/2021\/05\/LOGO_PNG_DATE-_gold.png\",\"width\":2083,\"height\":1917,\"caption\":\"Libairie Clavreuil\"},\"image\":{\"@id\":\"https:\/\/clavreuil-wordpress.logiciel-arteo.fr\/#\/schema\/logo\/image\/\"}}]}<\/script>\n<!-- \/ Yoast SEO plugin. -->","yoast_head_json":{"title":"CEVALLOS Pedro Conf\u00e9d\u00e9ration des royaumes et provinces d'Espagne contre Buonaparte, ou, Recueil des pi\u00e8ces officielles publi\u00e9es relativement aux affaires d'Espagne depuis l'usurpation de Buonaparte, auquel on a ajout\u00e9 l'exposition des faits, &amp;c. &amp;c. &amp;c., publi\u00e9e par Don Pedro Cevallos. - Libairie Clavreuil","robots":{"index":"noindex","follow":"follow","max-snippet":"max-snippet:-1","max-image-preview":"max-image-preview:large","max-video-preview":"max-video-preview:-1"},"og_locale":"en_US","og_type":"article","og_title":"CEVALLOS Pedro Conf\u00e9d\u00e9ration des royaumes et provinces d'Espagne contre Buonaparte, ou, Recueil des pi\u00e8ces officielles publi\u00e9es relativement aux affaires d'Espagne depuis l'usurpation de Buonaparte, auquel on a ajout\u00e9 l'exposition des faits, &amp;c. &amp;c. &amp;c., publi\u00e9e par Don Pedro Cevallos. - Libairie Clavreuil","og_description":"12vo (156 x 96 mm) de XIII pp., 258 pp., 1unn.l. (achev&eacute; d&#039;imprimer). Long-grained red morocco with the arms of the Canning family on the boards, flat spine gilt, inner roll, gilt edges (English contemporary binding).","og_url":"https:\/\/clavreuil-wordpress.logiciel-arteo.fr\/en\/cevallos-pedro-confederation-des-royaumes-et-provinces-despagne-contre-buonaparte-ou-recueil-des-pieces-officielles-publiees-relativement-aux-affaires-despagne-depuis-lusurpation-de-buonapart\/","og_site_name":"Libairie Clavreuil","article_modified_time":"2024-04-24T16:08:59+00:00","og_image":[{"width":1975,"height":2560,"url":"https:\/\/clavreuil-wordpress.logiciel-arteo.fr\/wp-content\/uploads\/2024\/04\/pedro-cevallos-confederation-des-royaumes-et-provinces-d-espagne-contre-buonaparte-ou-recueil-des-pieces-officielles-publiees-relativement-aux-affaire-scaled.jpg","type":"image\/jpeg"}],"twitter_card":"summary_large_image","twitter_misc":{"Est. reading time":"1 minute"},"schema":{"@context":"https:\/\/schema.org","@graph":[{"@type":"WebPage","@id":"https:\/\/clavreuil-wordpress.logiciel-arteo.fr\/en\/cevallos-pedro-confederation-des-royaumes-et-provinces-despagne-contre-buonaparte-ou-recueil-des-pieces-officielles-publiees-relativement-aux-affaires-despagne-depuis-lusurpation-de-buonapart\/","url":"https:\/\/clavreuil-wordpress.logiciel-arteo.fr\/en\/cevallos-pedro-confederation-des-royaumes-et-provinces-despagne-contre-buonaparte-ou-recueil-des-pieces-officielles-publiees-relativement-aux-affaires-despagne-depuis-lusurpation-de-buonapart\/","name":"CEVALLOS Pedro Conf\u00e9d\u00e9ration des royaumes et provinces d'Espagne contre Buonaparte, ou, Recueil des pi\u00e8ces officielles publi\u00e9es relativement aux affaires d'Espagne depuis l'usurpation de Buonaparte, auquel on a ajout\u00e9 l'exposition des faits, &amp;c. &amp;c. &amp;c., publi\u00e9e par Don Pedro Cevallos. - Libairie Clavreuil","isPartOf":{"@id":"https:\/\/clavreuil-wordpress.logiciel-arteo.fr\/#website"},"primaryImageOfPage":{"@id":"https:\/\/clavreuil-wordpress.logiciel-arteo.fr\/en\/cevallos-pedro-confederation-des-royaumes-et-provinces-despagne-contre-buonaparte-ou-recueil-des-pieces-officielles-publiees-relativement-aux-affaires-despagne-depuis-lusurpation-de-buonapart\/#primaryimage"},"image":{"@id":"https:\/\/clavreuil-wordpress.logiciel-arteo.fr\/en\/cevallos-pedro-confederation-des-royaumes-et-provinces-despagne-contre-buonaparte-ou-recueil-des-pieces-officielles-publiees-relativement-aux-affaires-despagne-depuis-lusurpation-de-buonapart\/#primaryimage"},"thumbnailUrl":"https:\/\/clavreuil-wordpress.logiciel-arteo.fr\/wp-content\/uploads\/2024\/04\/pedro-cevallos-confederation-des-royaumes-et-provinces-d-espagne-contre-buonaparte-ou-recueil-des-pieces-officielles-publiees-relativement-aux-affaire-scaled.jpg","datePublished":"2024-04-24T16:08:26+00:00","dateModified":"2024-04-24T16:08:59+00:00","breadcrumb":{"@id":"https:\/\/clavreuil-wordpress.logiciel-arteo.fr\/en\/cevallos-pedro-confederation-des-royaumes-et-provinces-despagne-contre-buonaparte-ou-recueil-des-pieces-officielles-publiees-relativement-aux-affaires-despagne-depuis-lusurpation-de-buonapart\/#breadcrumb"},"inLanguage":"en-US","potentialAction":[{"@type":"ReadAction","target":["https:\/\/clavreuil-wordpress.logiciel-arteo.fr\/en\/cevallos-pedro-confederation-des-royaumes-et-provinces-despagne-contre-buonaparte-ou-recueil-des-pieces-officielles-publiees-relativement-aux-affaires-despagne-depuis-lusurpation-de-buonapart\/"]}]},{"@type":"ImageObject","inLanguage":"en-US","@id":"https:\/\/clavreuil-wordpress.logiciel-arteo.fr\/en\/cevallos-pedro-confederation-des-royaumes-et-provinces-despagne-contre-buonaparte-ou-recueil-des-pieces-officielles-publiees-relativement-aux-affaires-despagne-depuis-lusurpation-de-buonapart\/#primaryimage","url":"https:\/\/clavreuil-wordpress.logiciel-arteo.fr\/wp-content\/uploads\/2024\/04\/pedro-cevallos-confederation-des-royaumes-et-provinces-d-espagne-contre-buonaparte-ou-recueil-des-pieces-officielles-publiees-relativement-aux-affaire-scaled.jpg","contentUrl":"https:\/\/clavreuil-wordpress.logiciel-arteo.fr\/wp-content\/uploads\/2024\/04\/pedro-cevallos-confederation-des-royaumes-et-provinces-d-espagne-contre-buonaparte-ou-recueil-des-pieces-officielles-publiees-relativement-aux-affaire-scaled.jpg","width":1975,"height":2560},{"@type":"BreadcrumbList","@id":"https:\/\/clavreuil-wordpress.logiciel-arteo.fr\/en\/cevallos-pedro-confederation-des-royaumes-et-provinces-despagne-contre-buonaparte-ou-recueil-des-pieces-officielles-publiees-relativement-aux-affaires-despagne-depuis-lusurpation-de-buonapart\/#breadcrumb","itemListElement":[{"@type":"ListItem","position":1,"name":"Accueil","item":"https:\/\/clavreuil-wordpress.logiciel-arteo.fr\/"},{"@type":"ListItem","position":2,"name":"All our books","item":"https:\/\/clavreuil-wordpress.logiciel-arteo.fr\/en\/all-our-books\/"},{"@type":"ListItem","position":3,"name":"CEVALLOS Pedro Conf\u00e9d\u00e9ration des royaumes et provinces d&#8217;Espagne..."}]},{"@type":"WebSite","@id":"https:\/\/clavreuil-wordpress.logiciel-arteo.fr\/#website","url":"https:\/\/clavreuil-wordpress.logiciel-arteo.fr\/","name":"Libairie Clavreuil","description":"","publisher":{"@id":"https:\/\/clavreuil-wordpress.logiciel-arteo.fr\/#organization"},"potentialAction":[{"@type":"SearchAction","target":{"@type":"EntryPoint","urlTemplate":"https:\/\/clavreuil-wordpress.logiciel-arteo.fr\/?s={search_term_string}"},"query-input":{"@type":"PropertyValueSpecification","valueRequired":true,"valueName":"search_term_string"}}],"inLanguage":"en-US"},{"@type":"Organization","@id":"https:\/\/clavreuil-wordpress.logiciel-arteo.fr\/#organization","name":"Libairie Clavreuil","url":"https:\/\/clavreuil-wordpress.logiciel-arteo.fr\/","logo":{"@type":"ImageObject","inLanguage":"en-US","@id":"https:\/\/clavreuil-wordpress.logiciel-arteo.fr\/#\/schema\/logo\/image\/","url":"https:\/\/clavreuil-wordpress.logiciel-arteo.fr\/wp-content\/uploads\/2021\/05\/LOGO_PNG_DATE-_gold.png","contentUrl":"https:\/\/clavreuil-wordpress.logiciel-arteo.fr\/wp-content\/uploads\/2021\/05\/LOGO_PNG_DATE-_gold.png","width":2083,"height":1917,"caption":"Libairie Clavreuil"},"image":{"@id":"https:\/\/clavreuil-wordpress.logiciel-arteo.fr\/#\/schema\/logo\/image\/"}}]}},"_links":{"self":[{"href":"https:\/\/clavreuil-wordpress.logiciel-arteo.fr\/en\/wp-json\/wp\/v2\/product\/75762","targetHints":{"allow":["GET"]}}],"collection":[{"href":"https:\/\/clavreuil-wordpress.logiciel-arteo.fr\/en\/wp-json\/wp\/v2\/product"}],"about":[{"href":"https:\/\/clavreuil-wordpress.logiciel-arteo.fr\/en\/wp-json\/wp\/v2\/types\/product"}],"replies":[{"embeddable":true,"href":"https:\/\/clavreuil-wordpress.logiciel-arteo.fr\/en\/wp-json\/wp\/v2\/comments?post=75762"}],"wp:featuredmedia":[{"embeddable":true,"href":"https:\/\/clavreuil-wordpress.logiciel-arteo.fr\/en\/wp-json\/wp\/v2\/media\/75757"}],"wp:attachment":[{"href":"https:\/\/clavreuil-wordpress.logiciel-arteo.fr\/en\/wp-json\/wp\/v2\/media?parent=75762"}],"wp:term":[{"taxonomy":"product_brand","embeddable":true,"href":"https:\/\/clavreuil-wordpress.logiciel-arteo.fr\/en\/wp-json\/wp\/v2\/product_brand?post=75762"},{"taxonomy":"product_cat","embeddable":true,"href":"https:\/\/clavreuil-wordpress.logiciel-arteo.fr\/en\/wp-json\/wp\/v2\/product_cat?post=75762"},{"taxonomy":"product_tag","embeddable":true,"href":"https:\/\/clavreuil-wordpress.logiciel-arteo.fr\/en\/wp-json\/wp\/v2\/product_tag?post=75762"}],"curies":[{"name":"wp","href":"https:\/\/api.w.org\/{rel}","templated":true}]}}