{"id":75770,"date":"2024-04-24T18:09:11","date_gmt":"2024-04-24T16:09:11","guid":{"rendered":"https:\/\/clavreuil-wordpress.logiciel-arteo.fr\/pruneau-de-pommegorge-antoine-edme-description-de-la-nigritie-par-m-p-d-p-ancien-conseiller-au-conseil-souverain-du-senegal-ensuite-commandant-du-fort-saint-louis-de-gregoy-au-royaume-de-ju\/"},"modified":"2024-04-24T18:09:44","modified_gmt":"2024-04-24T16:09:44","slug":"pruneau-de-pommegorge-antoine-edme-description-de-la-nigritie-par-m-p-d-p-ancien-conseiller-au-conseil-souverain-du-senegal-ensuite-commandant-du-fort-saint-louis-de-gregoy-au-royaume-de-ju","status":"publish","type":"product","link":"https:\/\/clavreuil-wordpress.logiciel-arteo.fr\/en\/pruneau-de-pommegorge-antoine-edme-description-de-la-nigritie-par-m-p-d-p-ancien-conseiller-au-conseil-souverain-du-senegal-ensuite-commandant-du-fort-saint-louis-de-gregoy-au-royaume-de-ju\/","title":{"rendered":"PRUNEAU DE POMMEGORGE Antoine-Edme Description de la Nigritie...."},"content":{"rendered":"<p style=\"text-align:justify\"><em>Gay 2914 ; Monglond, I, 468.<\/em><\/p>\n<p style=\"text-align:justify\">First edition.<\/p>\n<p>The author (1720-1802), who initially worked for the Compagnie des Indes, spent more than twenty years in the various French establishments on the Senegal coast, and was a member of the Sovereign Council of Senegal. In this work, he speaks out against &quot;the barbarity of this infamous trade&quot; in slaves, which he practised himself and describes in detail.<\/p>\n<p>Pp. 101 to 113 contain an account of one of the most important slave revolts of the eighteenth century, that of Gor&eacute;e, in which Pruneau de Pommegorge was one of the participants. This excellent account, illustrated with 9 maps and plates (including the Ceremony of the Anniversary of the Death of the Father of the King of the Dahomets), is full of valuable information on the customs and trade of the regions visited; it ends with a small dictionary of the Jolof language.<\/p>\n<p>A pleasant copy.<\/p>\n<p>Some light foxing (especially on the verso of the plates), stamp of the Biblioth&egrave;que de g&eacute;ographie des &eacute;ditions Hachette on the title.<\/p>\n","protected":false},"excerpt":{"rendered":"<p>8vo (205 x 120 mm), VIII, VIII, 284 pp., 1 unn.l. of errata, 9 engraved maps and plans including 5 fold-outs. Brown half calf, small vellum corners, flat spine decorated with blind fillets and dots, havana title label, marbled edges (<em>bound in style<\/em>).<\/p>\n","protected":false},"featured_media":75763,"comment_status":"open","ping_status":"closed","template":"","meta":{"_acf_changed":false},"product_brand":[],"product_cat":[552],"product_tag":[1352,1450,1366],"class_list":{"0":"post-75770","1":"product","2":"type-product","3":"status-publish","4":"has-post-thumbnail","6":"product_cat-travel","7":"product_tag-africa","8":"product_tag-first-edition","9":"product_tag-slavery","10":"pa_auteur-antoine-edme-pruneau-de-pommegorge-2","11":"pa_type-de-livre-printed-book","13":"first","14":"instock","15":"shipping-taxable","16":"purchasable","17":"product-type-simple"},"acf":[],"yoast_head":"<!-- This site is optimized with the Yoast SEO plugin v24.3 - https:\/\/yoast.com\/wordpress\/plugins\/seo\/ -->\n<title>PRUNEAU DE POMMEGORGE Antoine-Edme Description de la Nigritie. Par M.P.D.P. Ancien Conseiller au Conseil Souverain du S\u00e9n\u00e9gal, &amp; ensuite Commandant du Fort Saint-Louis de Gregoy, au royaume de Juda, &amp; de pr\u00e9sent Gouverneur pour le Roi de la Ville Saint-Di\u00e9-sur-Loire. - Libairie Clavreuil<\/title>\n<meta name=\"robots\" content=\"noindex, follow, max-snippet:-1, max-image-preview:large, max-video-preview:-1\" \/>\n<meta property=\"og:locale\" content=\"en_US\" \/>\n<meta property=\"og:type\" content=\"article\" \/>\n<meta property=\"og:title\" content=\"PRUNEAU DE POMMEGORGE Antoine-Edme Description de la Nigritie. Par M.P.D.P. Ancien Conseiller au Conseil Souverain du S\u00e9n\u00e9gal, &amp; ensuite Commandant du Fort Saint-Louis de Gregoy, au royaume de Juda, &amp; de pr\u00e9sent Gouverneur pour le Roi de la Ville Saint-Di\u00e9-sur-Loire. - Libairie Clavreuil\" \/>\n<meta property=\"og:description\" content=\"8vo (205 x 120 mm), VIII, VIII, 284 pp., 1 unn.l. of errata, 9 engraved maps and plans including 5 fold-outs. Brown half calf, small vellum corners, flat spine decorated with blind fillets and dots, havana title label, marbled edges (bound in style).\" \/>\n<meta property=\"og:url\" content=\"https:\/\/clavreuil-wordpress.logiciel-arteo.fr\/en\/pruneau-de-pommegorge-antoine-edme-description-de-la-nigritie-par-m-p-d-p-ancien-conseiller-au-conseil-souverain-du-senegal-ensuite-commandant-du-fort-saint-louis-de-gregoy-au-royaume-de-ju\/\" \/>\n<meta property=\"og:site_name\" content=\"Libairie Clavreuil\" \/>\n<meta property=\"article:modified_time\" content=\"2024-04-24T16:09:44+00:00\" \/>\n<meta property=\"og:image\" content=\"https:\/\/clavreuil-wordpress.logiciel-arteo.fr\/wp-content\/uploads\/2024\/04\/antoine-edme-pruneau-de-pommegorge-description-de-la-nigritie-par-m-p-d-p-ancien-conseiller-au-conseil-souverain-du-senegal-ensuite-commandant-du-fort-scaled.jpg\" \/>\n\t<meta property=\"og:image:width\" content=\"1920\" \/>\n\t<meta property=\"og:image:height\" content=\"2560\" \/>\n\t<meta property=\"og:image:type\" content=\"image\/jpeg\" \/>\n<meta name=\"twitter:card\" content=\"summary_large_image\" \/>\n<meta name=\"twitter:label1\" content=\"Est. reading time\" \/>\n\t<meta name=\"twitter:data1\" content=\"1 minute\" \/>\n<script type=\"application\/ld+json\" class=\"yoast-schema-graph\">{\"@context\":\"https:\/\/schema.org\",\"@graph\":[{\"@type\":\"WebPage\",\"@id\":\"https:\/\/clavreuil-wordpress.logiciel-arteo.fr\/en\/pruneau-de-pommegorge-antoine-edme-description-de-la-nigritie-par-m-p-d-p-ancien-conseiller-au-conseil-souverain-du-senegal-ensuite-commandant-du-fort-saint-louis-de-gregoy-au-royaume-de-ju\/\",\"url\":\"https:\/\/clavreuil-wordpress.logiciel-arteo.fr\/en\/pruneau-de-pommegorge-antoine-edme-description-de-la-nigritie-par-m-p-d-p-ancien-conseiller-au-conseil-souverain-du-senegal-ensuite-commandant-du-fort-saint-louis-de-gregoy-au-royaume-de-ju\/\",\"name\":\"PRUNEAU DE POMMEGORGE Antoine-Edme Description de la Nigritie. Par M.P.D.P. Ancien Conseiller au Conseil Souverain du S\u00e9n\u00e9gal, &amp; ensuite Commandant du Fort Saint-Louis de Gregoy, au royaume de Juda, &amp; de pr\u00e9sent Gouverneur pour le Roi de la Ville Saint-Di\u00e9-sur-Loire. - Libairie Clavreuil\",\"isPartOf\":{\"@id\":\"https:\/\/clavreuil-wordpress.logiciel-arteo.fr\/#website\"},\"primaryImageOfPage\":{\"@id\":\"https:\/\/clavreuil-wordpress.logiciel-arteo.fr\/en\/pruneau-de-pommegorge-antoine-edme-description-de-la-nigritie-par-m-p-d-p-ancien-conseiller-au-conseil-souverain-du-senegal-ensuite-commandant-du-fort-saint-louis-de-gregoy-au-royaume-de-ju\/#primaryimage\"},\"image\":{\"@id\":\"https:\/\/clavreuil-wordpress.logiciel-arteo.fr\/en\/pruneau-de-pommegorge-antoine-edme-description-de-la-nigritie-par-m-p-d-p-ancien-conseiller-au-conseil-souverain-du-senegal-ensuite-commandant-du-fort-saint-louis-de-gregoy-au-royaume-de-ju\/#primaryimage\"},\"thumbnailUrl\":\"https:\/\/clavreuil-wordpress.logiciel-arteo.fr\/wp-content\/uploads\/2024\/04\/antoine-edme-pruneau-de-pommegorge-description-de-la-nigritie-par-m-p-d-p-ancien-conseiller-au-conseil-souverain-du-senegal-ensuite-commandant-du-fort-scaled.jpg\",\"datePublished\":\"2024-04-24T16:09:11+00:00\",\"dateModified\":\"2024-04-24T16:09:44+00:00\",\"breadcrumb\":{\"@id\":\"https:\/\/clavreuil-wordpress.logiciel-arteo.fr\/en\/pruneau-de-pommegorge-antoine-edme-description-de-la-nigritie-par-m-p-d-p-ancien-conseiller-au-conseil-souverain-du-senegal-ensuite-commandant-du-fort-saint-louis-de-gregoy-au-royaume-de-ju\/#breadcrumb\"},\"inLanguage\":\"en-US\",\"potentialAction\":[{\"@type\":\"ReadAction\",\"target\":[\"https:\/\/clavreuil-wordpress.logiciel-arteo.fr\/en\/pruneau-de-pommegorge-antoine-edme-description-de-la-nigritie-par-m-p-d-p-ancien-conseiller-au-conseil-souverain-du-senegal-ensuite-commandant-du-fort-saint-louis-de-gregoy-au-royaume-de-ju\/\"]}]},{\"@type\":\"ImageObject\",\"inLanguage\":\"en-US\",\"@id\":\"https:\/\/clavreuil-wordpress.logiciel-arteo.fr\/en\/pruneau-de-pommegorge-antoine-edme-description-de-la-nigritie-par-m-p-d-p-ancien-conseiller-au-conseil-souverain-du-senegal-ensuite-commandant-du-fort-saint-louis-de-gregoy-au-royaume-de-ju\/#primaryimage\",\"url\":\"https:\/\/clavreuil-wordpress.logiciel-arteo.fr\/wp-content\/uploads\/2024\/04\/antoine-edme-pruneau-de-pommegorge-description-de-la-nigritie-par-m-p-d-p-ancien-conseiller-au-conseil-souverain-du-senegal-ensuite-commandant-du-fort-scaled.jpg\",\"contentUrl\":\"https:\/\/clavreuil-wordpress.logiciel-arteo.fr\/wp-content\/uploads\/2024\/04\/antoine-edme-pruneau-de-pommegorge-description-de-la-nigritie-par-m-p-d-p-ancien-conseiller-au-conseil-souverain-du-senegal-ensuite-commandant-du-fort-scaled.jpg\",\"width\":1920,\"height\":2560},{\"@type\":\"BreadcrumbList\",\"@id\":\"https:\/\/clavreuil-wordpress.logiciel-arteo.fr\/en\/pruneau-de-pommegorge-antoine-edme-description-de-la-nigritie-par-m-p-d-p-ancien-conseiller-au-conseil-souverain-du-senegal-ensuite-commandant-du-fort-saint-louis-de-gregoy-au-royaume-de-ju\/#breadcrumb\",\"itemListElement\":[{\"@type\":\"ListItem\",\"position\":1,\"name\":\"Accueil\",\"item\":\"https:\/\/clavreuil-wordpress.logiciel-arteo.fr\/\"},{\"@type\":\"ListItem\",\"position\":2,\"name\":\"All our books\",\"item\":\"https:\/\/clavreuil-wordpress.logiciel-arteo.fr\/en\/all-our-books\/\"},{\"@type\":\"ListItem\",\"position\":3,\"name\":\"PRUNEAU DE POMMEGORGE Antoine-Edme Description de la Nigritie....\"}]},{\"@type\":\"WebSite\",\"@id\":\"https:\/\/clavreuil-wordpress.logiciel-arteo.fr\/#website\",\"url\":\"https:\/\/clavreuil-wordpress.logiciel-arteo.fr\/\",\"name\":\"Libairie Clavreuil\",\"description\":\"\",\"publisher\":{\"@id\":\"https:\/\/clavreuil-wordpress.logiciel-arteo.fr\/#organization\"},\"potentialAction\":[{\"@type\":\"SearchAction\",\"target\":{\"@type\":\"EntryPoint\",\"urlTemplate\":\"https:\/\/clavreuil-wordpress.logiciel-arteo.fr\/?s={search_term_string}\"},\"query-input\":{\"@type\":\"PropertyValueSpecification\",\"valueRequired\":true,\"valueName\":\"search_term_string\"}}],\"inLanguage\":\"en-US\"},{\"@type\":\"Organization\",\"@id\":\"https:\/\/clavreuil-wordpress.logiciel-arteo.fr\/#organization\",\"name\":\"Libairie Clavreuil\",\"url\":\"https:\/\/clavreuil-wordpress.logiciel-arteo.fr\/\",\"logo\":{\"@type\":\"ImageObject\",\"inLanguage\":\"en-US\",\"@id\":\"https:\/\/clavreuil-wordpress.logiciel-arteo.fr\/#\/schema\/logo\/image\/\",\"url\":\"https:\/\/clavreuil-wordpress.logiciel-arteo.fr\/wp-content\/uploads\/2021\/05\/LOGO_PNG_DATE-_gold.png\",\"contentUrl\":\"https:\/\/clavreuil-wordpress.logiciel-arteo.fr\/wp-content\/uploads\/2021\/05\/LOGO_PNG_DATE-_gold.png\",\"width\":2083,\"height\":1917,\"caption\":\"Libairie Clavreuil\"},\"image\":{\"@id\":\"https:\/\/clavreuil-wordpress.logiciel-arteo.fr\/#\/schema\/logo\/image\/\"}}]}<\/script>\n<!-- \/ Yoast SEO plugin. -->","yoast_head_json":{"title":"PRUNEAU DE POMMEGORGE Antoine-Edme Description de la Nigritie. Par M.P.D.P. Ancien Conseiller au Conseil Souverain du S\u00e9n\u00e9gal, &amp; ensuite Commandant du Fort Saint-Louis de Gregoy, au royaume de Juda, &amp; de pr\u00e9sent Gouverneur pour le Roi de la Ville Saint-Di\u00e9-sur-Loire. - Libairie Clavreuil","robots":{"index":"noindex","follow":"follow","max-snippet":"max-snippet:-1","max-image-preview":"max-image-preview:large","max-video-preview":"max-video-preview:-1"},"og_locale":"en_US","og_type":"article","og_title":"PRUNEAU DE POMMEGORGE Antoine-Edme Description de la Nigritie. Par M.P.D.P. Ancien Conseiller au Conseil Souverain du S\u00e9n\u00e9gal, &amp; ensuite Commandant du Fort Saint-Louis de Gregoy, au royaume de Juda, &amp; de pr\u00e9sent Gouverneur pour le Roi de la Ville Saint-Di\u00e9-sur-Loire. - Libairie Clavreuil","og_description":"8vo (205 x 120 mm), VIII, VIII, 284 pp., 1 unn.l. of errata, 9 engraved maps and plans including 5 fold-outs. Brown half calf, small vellum corners, flat spine decorated with blind fillets and dots, havana title label, marbled edges (bound in style).","og_url":"https:\/\/clavreuil-wordpress.logiciel-arteo.fr\/en\/pruneau-de-pommegorge-antoine-edme-description-de-la-nigritie-par-m-p-d-p-ancien-conseiller-au-conseil-souverain-du-senegal-ensuite-commandant-du-fort-saint-louis-de-gregoy-au-royaume-de-ju\/","og_site_name":"Libairie Clavreuil","article_modified_time":"2024-04-24T16:09:44+00:00","og_image":[{"width":1920,"height":2560,"url":"https:\/\/clavreuil-wordpress.logiciel-arteo.fr\/wp-content\/uploads\/2024\/04\/antoine-edme-pruneau-de-pommegorge-description-de-la-nigritie-par-m-p-d-p-ancien-conseiller-au-conseil-souverain-du-senegal-ensuite-commandant-du-fort-scaled.jpg","type":"image\/jpeg"}],"twitter_card":"summary_large_image","twitter_misc":{"Est. reading time":"1 minute"},"schema":{"@context":"https:\/\/schema.org","@graph":[{"@type":"WebPage","@id":"https:\/\/clavreuil-wordpress.logiciel-arteo.fr\/en\/pruneau-de-pommegorge-antoine-edme-description-de-la-nigritie-par-m-p-d-p-ancien-conseiller-au-conseil-souverain-du-senegal-ensuite-commandant-du-fort-saint-louis-de-gregoy-au-royaume-de-ju\/","url":"https:\/\/clavreuil-wordpress.logiciel-arteo.fr\/en\/pruneau-de-pommegorge-antoine-edme-description-de-la-nigritie-par-m-p-d-p-ancien-conseiller-au-conseil-souverain-du-senegal-ensuite-commandant-du-fort-saint-louis-de-gregoy-au-royaume-de-ju\/","name":"PRUNEAU DE POMMEGORGE Antoine-Edme Description de la Nigritie. Par M.P.D.P. Ancien Conseiller au Conseil Souverain du S\u00e9n\u00e9gal, &amp; ensuite Commandant du Fort Saint-Louis de Gregoy, au royaume de Juda, &amp; de pr\u00e9sent Gouverneur pour le Roi de la Ville Saint-Di\u00e9-sur-Loire. - Libairie Clavreuil","isPartOf":{"@id":"https:\/\/clavreuil-wordpress.logiciel-arteo.fr\/#website"},"primaryImageOfPage":{"@id":"https:\/\/clavreuil-wordpress.logiciel-arteo.fr\/en\/pruneau-de-pommegorge-antoine-edme-description-de-la-nigritie-par-m-p-d-p-ancien-conseiller-au-conseil-souverain-du-senegal-ensuite-commandant-du-fort-saint-louis-de-gregoy-au-royaume-de-ju\/#primaryimage"},"image":{"@id":"https:\/\/clavreuil-wordpress.logiciel-arteo.fr\/en\/pruneau-de-pommegorge-antoine-edme-description-de-la-nigritie-par-m-p-d-p-ancien-conseiller-au-conseil-souverain-du-senegal-ensuite-commandant-du-fort-saint-louis-de-gregoy-au-royaume-de-ju\/#primaryimage"},"thumbnailUrl":"https:\/\/clavreuil-wordpress.logiciel-arteo.fr\/wp-content\/uploads\/2024\/04\/antoine-edme-pruneau-de-pommegorge-description-de-la-nigritie-par-m-p-d-p-ancien-conseiller-au-conseil-souverain-du-senegal-ensuite-commandant-du-fort-scaled.jpg","datePublished":"2024-04-24T16:09:11+00:00","dateModified":"2024-04-24T16:09:44+00:00","breadcrumb":{"@id":"https:\/\/clavreuil-wordpress.logiciel-arteo.fr\/en\/pruneau-de-pommegorge-antoine-edme-description-de-la-nigritie-par-m-p-d-p-ancien-conseiller-au-conseil-souverain-du-senegal-ensuite-commandant-du-fort-saint-louis-de-gregoy-au-royaume-de-ju\/#breadcrumb"},"inLanguage":"en-US","potentialAction":[{"@type":"ReadAction","target":["https:\/\/clavreuil-wordpress.logiciel-arteo.fr\/en\/pruneau-de-pommegorge-antoine-edme-description-de-la-nigritie-par-m-p-d-p-ancien-conseiller-au-conseil-souverain-du-senegal-ensuite-commandant-du-fort-saint-louis-de-gregoy-au-royaume-de-ju\/"]}]},{"@type":"ImageObject","inLanguage":"en-US","@id":"https:\/\/clavreuil-wordpress.logiciel-arteo.fr\/en\/pruneau-de-pommegorge-antoine-edme-description-de-la-nigritie-par-m-p-d-p-ancien-conseiller-au-conseil-souverain-du-senegal-ensuite-commandant-du-fort-saint-louis-de-gregoy-au-royaume-de-ju\/#primaryimage","url":"https:\/\/clavreuil-wordpress.logiciel-arteo.fr\/wp-content\/uploads\/2024\/04\/antoine-edme-pruneau-de-pommegorge-description-de-la-nigritie-par-m-p-d-p-ancien-conseiller-au-conseil-souverain-du-senegal-ensuite-commandant-du-fort-scaled.jpg","contentUrl":"https:\/\/clavreuil-wordpress.logiciel-arteo.fr\/wp-content\/uploads\/2024\/04\/antoine-edme-pruneau-de-pommegorge-description-de-la-nigritie-par-m-p-d-p-ancien-conseiller-au-conseil-souverain-du-senegal-ensuite-commandant-du-fort-scaled.jpg","width":1920,"height":2560},{"@type":"BreadcrumbList","@id":"https:\/\/clavreuil-wordpress.logiciel-arteo.fr\/en\/pruneau-de-pommegorge-antoine-edme-description-de-la-nigritie-par-m-p-d-p-ancien-conseiller-au-conseil-souverain-du-senegal-ensuite-commandant-du-fort-saint-louis-de-gregoy-au-royaume-de-ju\/#breadcrumb","itemListElement":[{"@type":"ListItem","position":1,"name":"Accueil","item":"https:\/\/clavreuil-wordpress.logiciel-arteo.fr\/"},{"@type":"ListItem","position":2,"name":"All our books","item":"https:\/\/clavreuil-wordpress.logiciel-arteo.fr\/en\/all-our-books\/"},{"@type":"ListItem","position":3,"name":"PRUNEAU DE POMMEGORGE Antoine-Edme Description de la Nigritie...."}]},{"@type":"WebSite","@id":"https:\/\/clavreuil-wordpress.logiciel-arteo.fr\/#website","url":"https:\/\/clavreuil-wordpress.logiciel-arteo.fr\/","name":"Libairie Clavreuil","description":"","publisher":{"@id":"https:\/\/clavreuil-wordpress.logiciel-arteo.fr\/#organization"},"potentialAction":[{"@type":"SearchAction","target":{"@type":"EntryPoint","urlTemplate":"https:\/\/clavreuil-wordpress.logiciel-arteo.fr\/?s={search_term_string}"},"query-input":{"@type":"PropertyValueSpecification","valueRequired":true,"valueName":"search_term_string"}}],"inLanguage":"en-US"},{"@type":"Organization","@id":"https:\/\/clavreuil-wordpress.logiciel-arteo.fr\/#organization","name":"Libairie Clavreuil","url":"https:\/\/clavreuil-wordpress.logiciel-arteo.fr\/","logo":{"@type":"ImageObject","inLanguage":"en-US","@id":"https:\/\/clavreuil-wordpress.logiciel-arteo.fr\/#\/schema\/logo\/image\/","url":"https:\/\/clavreuil-wordpress.logiciel-arteo.fr\/wp-content\/uploads\/2021\/05\/LOGO_PNG_DATE-_gold.png","contentUrl":"https:\/\/clavreuil-wordpress.logiciel-arteo.fr\/wp-content\/uploads\/2021\/05\/LOGO_PNG_DATE-_gold.png","width":2083,"height":1917,"caption":"Libairie Clavreuil"},"image":{"@id":"https:\/\/clavreuil-wordpress.logiciel-arteo.fr\/#\/schema\/logo\/image\/"}}]}},"_links":{"self":[{"href":"https:\/\/clavreuil-wordpress.logiciel-arteo.fr\/en\/wp-json\/wp\/v2\/product\/75770","targetHints":{"allow":["GET"]}}],"collection":[{"href":"https:\/\/clavreuil-wordpress.logiciel-arteo.fr\/en\/wp-json\/wp\/v2\/product"}],"about":[{"href":"https:\/\/clavreuil-wordpress.logiciel-arteo.fr\/en\/wp-json\/wp\/v2\/types\/product"}],"replies":[{"embeddable":true,"href":"https:\/\/clavreuil-wordpress.logiciel-arteo.fr\/en\/wp-json\/wp\/v2\/comments?post=75770"}],"wp:featuredmedia":[{"embeddable":true,"href":"https:\/\/clavreuil-wordpress.logiciel-arteo.fr\/en\/wp-json\/wp\/v2\/media\/75763"}],"wp:attachment":[{"href":"https:\/\/clavreuil-wordpress.logiciel-arteo.fr\/en\/wp-json\/wp\/v2\/media?parent=75770"}],"wp:term":[{"taxonomy":"product_brand","embeddable":true,"href":"https:\/\/clavreuil-wordpress.logiciel-arteo.fr\/en\/wp-json\/wp\/v2\/product_brand?post=75770"},{"taxonomy":"product_cat","embeddable":true,"href":"https:\/\/clavreuil-wordpress.logiciel-arteo.fr\/en\/wp-json\/wp\/v2\/product_cat?post=75770"},{"taxonomy":"product_tag","embeddable":true,"href":"https:\/\/clavreuil-wordpress.logiciel-arteo.fr\/en\/wp-json\/wp\/v2\/product_tag?post=75770"}],"curies":[{"name":"wp","href":"https:\/\/api.w.org\/{rel}","templated":true}]}}