{"id":75844,"date":"2024-04-24T18:14:26","date_gmt":"2024-04-24T16:14:26","guid":{"rendered":"https:\/\/clavreuil-wordpress.logiciel-arteo.fr\/douville-jean-baptiste-voyage-au-congo-et-dans-linterieur-de-lafrique-equinoxiale-fait-dans-les-annees-1828-1829-et-1830\/"},"modified":"2024-04-24T18:15:21","modified_gmt":"2024-04-24T16:15:21","slug":"douville-jean-baptiste-voyage-au-congo-et-dans-linterieur-de-lafrique-equinoxiale-fait-dans-les-annees-1828-1829-et-1830","status":"publish","type":"product","link":"https:\/\/clavreuil-wordpress.logiciel-arteo.fr\/en\/douville-jean-baptiste-voyage-au-congo-et-dans-linterieur-de-lafrique-equinoxiale-fait-dans-les-annees-1828-1829-et-1830\/","title":{"rendered":"DOUVILLE Jean-Baptiste Voyage au Congo et dans l&#8217;int\u00e9rieur..."},"content":{"rendered":"<p style=\"text-align:justify\"><em>Gay, 3071 ; Numa Broc, 118.<\/em><\/p>\n<p style=\"text-align:justify\">First edition.<\/p>\n<p style=\"text-align:justify\">This account of his travels in northern Angola and the Congo Basin was &quot;a great success with a public fond of exoticism and piquant anecdotes but repelled by geography&quot; and provoked a memorable scholarly dispute that has lasted to the present day. How far did Douville go in telling the truth? This former seminarian, born in Hambye (Normandy) in 1797, made his fortune in England as a merchant, then travelled to Asia and South America (notably Brazil) before setting sail for Africa in 1817.<\/p>\n<p style=\"text-align:justify\">&quot;Malheureusement, dit Numa Broc, Douville n&#039;a rien d&#039;un g&eacute;ographe et il est difficile de suivre ses itin&eacute;raires sur une carte moderne&#8230; On peut penser que de Benguella, il a gagn&eacute; Loanda en suivant la c&ocirc;te ; il a ensuite remont&eacute; le fleuve Kouanza (&#8230;) jusqu&#039;&agrave; Kassouga aux confins de l&#039;actuel Za&iuml;re. De l&agrave;, il a descendu la rivi&egrave;re Kouango jusqu&#039;&agrave; son confluent avec le Kasa&iuml;. A-t-il pouss&eacute; vers le nord jusqu&#039;au grand lac L&eacute;opold II, qu&#039;il appelle lac Couffoua ou lac des Morts ? Il est de retour &agrave; Ambriz, sur l&#039;Atlantique, au nord de Loanda en mai ou juin 1830&#8230; Si Douville dit vrai, il serait le premier Europ&eacute;en (&agrave; l&#039;exception des chasseurs d&#039;esclaves) qui ait r&eacute;ussi &agrave; p&eacute;n&eacute;trer aussi profond&eacute;ment dans le bassin du Congo&quot;.<\/p>\n<p>The veracity of these accounts was challenged as early as 1832 by the English geographer Cooley, who claimed that Douville had never gone beyond the African coast, and that he had borrowed his account from Portuguese merchants and slave traders&#8230; Back in Brazil, Douville devoted himself to the local flora and fauna: his collections formed the first nucleus of the Bahia Museum of Natural History. He is thought to have been murdered on the banks of the Rio S&atilde;o Francisco in 1837.<\/p>\n<p>The lithographed illustrations include a large folded map and 20 plates, 13 of which are in colour: African types, funerary festivities, human sacrifice, views, etc. The frontispiece of volume I shows the gold medal awarded to the author by the Geographical Society in 1831. Some foxing, circular stain on four plates of the atlas, pleasant copy however.<\/p>\n<p>Bookplates Lebaudy: &quot;La Solitude&quot; (Ch&acirc;teau de Rosny), and Paul Lebaudy.<\/p>\n","protected":false},"excerpt":{"rendered":"<p>3 volumes of text 8vo (202 x 125 mm) of 2 unn.l., XXXI, 328 pp., 1 plate out of text (medal) for volume I; 2 unn.l. and 380 pp. for volume II; 2 unn.l. and 272 pp. for volume III; and 1 large 4to atlas (350 x 260 mm) of 2 unn.l. (lithographed title and table), 1 large map and 20 plates of which 13 in colour. Havana half-sheep, flat spines decorated with gilt friezes, speckled edges (<em>contemporary binding for the text, atlas bound in style<\/em>).<\/p>\n","protected":false},"featured_media":75827,"comment_status":"open","ping_status":"closed","template":"","meta":{"_acf_changed":false},"product_brand":[],"product_cat":[552],"product_tag":[1450,1354,620],"class_list":{"0":"post-75844","1":"product","2":"type-product","3":"status-publish","4":"has-post-thumbnail","6":"product_cat-travel","7":"product_tag-first-edition","8":"product_tag-sub-saharan-africa","9":"product_tag-travel","10":"pa_auteur-jean-baptiste-douville-2","11":"pa_type-de-livre-printed-book","13":"first","14":"instock","15":"shipping-taxable","16":"purchasable","17":"product-type-simple"},"acf":[],"yoast_head":"<!-- This site is optimized with the Yoast SEO plugin v24.3 - https:\/\/yoast.com\/wordpress\/plugins\/seo\/ -->\n<title>DOUVILLE Jean-Baptiste Voyage au Congo et dans l&#039;int\u00e9rieur de l&#039;Afrique \u00e9quinoxiale, fait dans les ann\u00e9es 1828, 1829 et 1830. - Libairie Clavreuil<\/title>\n<meta name=\"robots\" content=\"noindex, follow, max-snippet:-1, max-image-preview:large, max-video-preview:-1\" \/>\n<meta property=\"og:locale\" content=\"en_US\" \/>\n<meta property=\"og:type\" content=\"article\" \/>\n<meta property=\"og:title\" content=\"DOUVILLE Jean-Baptiste Voyage au Congo et dans l&#039;int\u00e9rieur de l&#039;Afrique \u00e9quinoxiale, fait dans les ann\u00e9es 1828, 1829 et 1830. - Libairie Clavreuil\" \/>\n<meta property=\"og:description\" content=\"3 volumes of text 8vo (202 x 125 mm) of 2 unn.l., XXXI, 328 pp., 1 plate out of text (medal) for volume I; 2 unn.l. and 380 pp. for volume II; 2 unn.l. and 272 pp. for volume III; and 1 large 4to atlas (350 x 260 mm) of 2 unn.l. (lithographed title and table), 1 large map and 20 plates of which 13 in colour. Havana half-sheep, flat spines decorated with gilt friezes, speckled edges (contemporary binding for the text, atlas bound in style).\" \/>\n<meta property=\"og:url\" content=\"https:\/\/clavreuil-wordpress.logiciel-arteo.fr\/en\/douville-jean-baptiste-voyage-au-congo-et-dans-linterieur-de-lafrique-equinoxiale-fait-dans-les-annees-1828-1829-et-1830\/\" \/>\n<meta property=\"og:site_name\" content=\"Libairie Clavreuil\" \/>\n<meta property=\"article:modified_time\" content=\"2024-04-24T16:15:21+00:00\" \/>\n<meta property=\"og:image\" content=\"https:\/\/clavreuil-wordpress.logiciel-arteo.fr\/wp-content\/uploads\/2024\/04\/jean-baptiste-douville-voyage-au-congo-et-dans-l-interieur-de-l-afrique-equinoxiale-fait-dans-les-annees-1828-1829-et-1830-4333-65fac88fc9325-scaled.jpg\" \/>\n\t<meta property=\"og:image:width\" content=\"1920\" \/>\n\t<meta property=\"og:image:height\" content=\"2560\" \/>\n\t<meta property=\"og:image:type\" content=\"image\/jpeg\" \/>\n<meta name=\"twitter:card\" content=\"summary_large_image\" \/>\n<meta name=\"twitter:label1\" content=\"Est. reading time\" \/>\n\t<meta name=\"twitter:data1\" content=\"2 minutes\" \/>\n<script type=\"application\/ld+json\" class=\"yoast-schema-graph\">{\"@context\":\"https:\/\/schema.org\",\"@graph\":[{\"@type\":\"WebPage\",\"@id\":\"https:\/\/clavreuil-wordpress.logiciel-arteo.fr\/en\/douville-jean-baptiste-voyage-au-congo-et-dans-linterieur-de-lafrique-equinoxiale-fait-dans-les-annees-1828-1829-et-1830\/\",\"url\":\"https:\/\/clavreuil-wordpress.logiciel-arteo.fr\/en\/douville-jean-baptiste-voyage-au-congo-et-dans-linterieur-de-lafrique-equinoxiale-fait-dans-les-annees-1828-1829-et-1830\/\",\"name\":\"DOUVILLE Jean-Baptiste Voyage au Congo et dans l'int\u00e9rieur de l'Afrique \u00e9quinoxiale, fait dans les ann\u00e9es 1828, 1829 et 1830. - Libairie Clavreuil\",\"isPartOf\":{\"@id\":\"https:\/\/clavreuil-wordpress.logiciel-arteo.fr\/#website\"},\"primaryImageOfPage\":{\"@id\":\"https:\/\/clavreuil-wordpress.logiciel-arteo.fr\/en\/douville-jean-baptiste-voyage-au-congo-et-dans-linterieur-de-lafrique-equinoxiale-fait-dans-les-annees-1828-1829-et-1830\/#primaryimage\"},\"image\":{\"@id\":\"https:\/\/clavreuil-wordpress.logiciel-arteo.fr\/en\/douville-jean-baptiste-voyage-au-congo-et-dans-linterieur-de-lafrique-equinoxiale-fait-dans-les-annees-1828-1829-et-1830\/#primaryimage\"},\"thumbnailUrl\":\"https:\/\/clavreuil-wordpress.logiciel-arteo.fr\/wp-content\/uploads\/2024\/04\/jean-baptiste-douville-voyage-au-congo-et-dans-l-interieur-de-l-afrique-equinoxiale-fait-dans-les-annees-1828-1829-et-1830-4333-65fac88fc9325-scaled.jpg\",\"datePublished\":\"2024-04-24T16:14:26+00:00\",\"dateModified\":\"2024-04-24T16:15:21+00:00\",\"breadcrumb\":{\"@id\":\"https:\/\/clavreuil-wordpress.logiciel-arteo.fr\/en\/douville-jean-baptiste-voyage-au-congo-et-dans-linterieur-de-lafrique-equinoxiale-fait-dans-les-annees-1828-1829-et-1830\/#breadcrumb\"},\"inLanguage\":\"en-US\",\"potentialAction\":[{\"@type\":\"ReadAction\",\"target\":[\"https:\/\/clavreuil-wordpress.logiciel-arteo.fr\/en\/douville-jean-baptiste-voyage-au-congo-et-dans-linterieur-de-lafrique-equinoxiale-fait-dans-les-annees-1828-1829-et-1830\/\"]}]},{\"@type\":\"ImageObject\",\"inLanguage\":\"en-US\",\"@id\":\"https:\/\/clavreuil-wordpress.logiciel-arteo.fr\/en\/douville-jean-baptiste-voyage-au-congo-et-dans-linterieur-de-lafrique-equinoxiale-fait-dans-les-annees-1828-1829-et-1830\/#primaryimage\",\"url\":\"https:\/\/clavreuil-wordpress.logiciel-arteo.fr\/wp-content\/uploads\/2024\/04\/jean-baptiste-douville-voyage-au-congo-et-dans-l-interieur-de-l-afrique-equinoxiale-fait-dans-les-annees-1828-1829-et-1830-4333-65fac88fc9325-scaled.jpg\",\"contentUrl\":\"https:\/\/clavreuil-wordpress.logiciel-arteo.fr\/wp-content\/uploads\/2024\/04\/jean-baptiste-douville-voyage-au-congo-et-dans-l-interieur-de-l-afrique-equinoxiale-fait-dans-les-annees-1828-1829-et-1830-4333-65fac88fc9325-scaled.jpg\",\"width\":1920,\"height\":2560},{\"@type\":\"BreadcrumbList\",\"@id\":\"https:\/\/clavreuil-wordpress.logiciel-arteo.fr\/en\/douville-jean-baptiste-voyage-au-congo-et-dans-linterieur-de-lafrique-equinoxiale-fait-dans-les-annees-1828-1829-et-1830\/#breadcrumb\",\"itemListElement\":[{\"@type\":\"ListItem\",\"position\":1,\"name\":\"Accueil\",\"item\":\"https:\/\/clavreuil-wordpress.logiciel-arteo.fr\/\"},{\"@type\":\"ListItem\",\"position\":2,\"name\":\"All our books\",\"item\":\"https:\/\/clavreuil-wordpress.logiciel-arteo.fr\/en\/all-our-books\/\"},{\"@type\":\"ListItem\",\"position\":3,\"name\":\"DOUVILLE Jean-Baptiste Voyage au Congo et dans l&#8217;int\u00e9rieur...\"}]},{\"@type\":\"WebSite\",\"@id\":\"https:\/\/clavreuil-wordpress.logiciel-arteo.fr\/#website\",\"url\":\"https:\/\/clavreuil-wordpress.logiciel-arteo.fr\/\",\"name\":\"Libairie Clavreuil\",\"description\":\"\",\"publisher\":{\"@id\":\"https:\/\/clavreuil-wordpress.logiciel-arteo.fr\/#organization\"},\"potentialAction\":[{\"@type\":\"SearchAction\",\"target\":{\"@type\":\"EntryPoint\",\"urlTemplate\":\"https:\/\/clavreuil-wordpress.logiciel-arteo.fr\/?s={search_term_string}\"},\"query-input\":{\"@type\":\"PropertyValueSpecification\",\"valueRequired\":true,\"valueName\":\"search_term_string\"}}],\"inLanguage\":\"en-US\"},{\"@type\":\"Organization\",\"@id\":\"https:\/\/clavreuil-wordpress.logiciel-arteo.fr\/#organization\",\"name\":\"Libairie Clavreuil\",\"url\":\"https:\/\/clavreuil-wordpress.logiciel-arteo.fr\/\",\"logo\":{\"@type\":\"ImageObject\",\"inLanguage\":\"en-US\",\"@id\":\"https:\/\/clavreuil-wordpress.logiciel-arteo.fr\/#\/schema\/logo\/image\/\",\"url\":\"https:\/\/clavreuil-wordpress.logiciel-arteo.fr\/wp-content\/uploads\/2021\/05\/LOGO_PNG_DATE-_gold.png\",\"contentUrl\":\"https:\/\/clavreuil-wordpress.logiciel-arteo.fr\/wp-content\/uploads\/2021\/05\/LOGO_PNG_DATE-_gold.png\",\"width\":2083,\"height\":1917,\"caption\":\"Libairie Clavreuil\"},\"image\":{\"@id\":\"https:\/\/clavreuil-wordpress.logiciel-arteo.fr\/#\/schema\/logo\/image\/\"}}]}<\/script>\n<!-- \/ Yoast SEO plugin. -->","yoast_head_json":{"title":"DOUVILLE Jean-Baptiste Voyage au Congo et dans l'int\u00e9rieur de l'Afrique \u00e9quinoxiale, fait dans les ann\u00e9es 1828, 1829 et 1830. - Libairie Clavreuil","robots":{"index":"noindex","follow":"follow","max-snippet":"max-snippet:-1","max-image-preview":"max-image-preview:large","max-video-preview":"max-video-preview:-1"},"og_locale":"en_US","og_type":"article","og_title":"DOUVILLE Jean-Baptiste Voyage au Congo et dans l'int\u00e9rieur de l'Afrique \u00e9quinoxiale, fait dans les ann\u00e9es 1828, 1829 et 1830. - Libairie Clavreuil","og_description":"3 volumes of text 8vo (202 x 125 mm) of 2 unn.l., XXXI, 328 pp., 1 plate out of text (medal) for volume I; 2 unn.l. and 380 pp. for volume II; 2 unn.l. and 272 pp. for volume III; and 1 large 4to atlas (350 x 260 mm) of 2 unn.l. (lithographed title and table), 1 large map and 20 plates of which 13 in colour. Havana half-sheep, flat spines decorated with gilt friezes, speckled edges (contemporary binding for the text, atlas bound in style).","og_url":"https:\/\/clavreuil-wordpress.logiciel-arteo.fr\/en\/douville-jean-baptiste-voyage-au-congo-et-dans-linterieur-de-lafrique-equinoxiale-fait-dans-les-annees-1828-1829-et-1830\/","og_site_name":"Libairie Clavreuil","article_modified_time":"2024-04-24T16:15:21+00:00","og_image":[{"width":1920,"height":2560,"url":"https:\/\/clavreuil-wordpress.logiciel-arteo.fr\/wp-content\/uploads\/2024\/04\/jean-baptiste-douville-voyage-au-congo-et-dans-l-interieur-de-l-afrique-equinoxiale-fait-dans-les-annees-1828-1829-et-1830-4333-65fac88fc9325-scaled.jpg","type":"image\/jpeg"}],"twitter_card":"summary_large_image","twitter_misc":{"Est. reading time":"2 minutes"},"schema":{"@context":"https:\/\/schema.org","@graph":[{"@type":"WebPage","@id":"https:\/\/clavreuil-wordpress.logiciel-arteo.fr\/en\/douville-jean-baptiste-voyage-au-congo-et-dans-linterieur-de-lafrique-equinoxiale-fait-dans-les-annees-1828-1829-et-1830\/","url":"https:\/\/clavreuil-wordpress.logiciel-arteo.fr\/en\/douville-jean-baptiste-voyage-au-congo-et-dans-linterieur-de-lafrique-equinoxiale-fait-dans-les-annees-1828-1829-et-1830\/","name":"DOUVILLE Jean-Baptiste Voyage au Congo et dans l'int\u00e9rieur de l'Afrique \u00e9quinoxiale, fait dans les ann\u00e9es 1828, 1829 et 1830. - Libairie Clavreuil","isPartOf":{"@id":"https:\/\/clavreuil-wordpress.logiciel-arteo.fr\/#website"},"primaryImageOfPage":{"@id":"https:\/\/clavreuil-wordpress.logiciel-arteo.fr\/en\/douville-jean-baptiste-voyage-au-congo-et-dans-linterieur-de-lafrique-equinoxiale-fait-dans-les-annees-1828-1829-et-1830\/#primaryimage"},"image":{"@id":"https:\/\/clavreuil-wordpress.logiciel-arteo.fr\/en\/douville-jean-baptiste-voyage-au-congo-et-dans-linterieur-de-lafrique-equinoxiale-fait-dans-les-annees-1828-1829-et-1830\/#primaryimage"},"thumbnailUrl":"https:\/\/clavreuil-wordpress.logiciel-arteo.fr\/wp-content\/uploads\/2024\/04\/jean-baptiste-douville-voyage-au-congo-et-dans-l-interieur-de-l-afrique-equinoxiale-fait-dans-les-annees-1828-1829-et-1830-4333-65fac88fc9325-scaled.jpg","datePublished":"2024-04-24T16:14:26+00:00","dateModified":"2024-04-24T16:15:21+00:00","breadcrumb":{"@id":"https:\/\/clavreuil-wordpress.logiciel-arteo.fr\/en\/douville-jean-baptiste-voyage-au-congo-et-dans-linterieur-de-lafrique-equinoxiale-fait-dans-les-annees-1828-1829-et-1830\/#breadcrumb"},"inLanguage":"en-US","potentialAction":[{"@type":"ReadAction","target":["https:\/\/clavreuil-wordpress.logiciel-arteo.fr\/en\/douville-jean-baptiste-voyage-au-congo-et-dans-linterieur-de-lafrique-equinoxiale-fait-dans-les-annees-1828-1829-et-1830\/"]}]},{"@type":"ImageObject","inLanguage":"en-US","@id":"https:\/\/clavreuil-wordpress.logiciel-arteo.fr\/en\/douville-jean-baptiste-voyage-au-congo-et-dans-linterieur-de-lafrique-equinoxiale-fait-dans-les-annees-1828-1829-et-1830\/#primaryimage","url":"https:\/\/clavreuil-wordpress.logiciel-arteo.fr\/wp-content\/uploads\/2024\/04\/jean-baptiste-douville-voyage-au-congo-et-dans-l-interieur-de-l-afrique-equinoxiale-fait-dans-les-annees-1828-1829-et-1830-4333-65fac88fc9325-scaled.jpg","contentUrl":"https:\/\/clavreuil-wordpress.logiciel-arteo.fr\/wp-content\/uploads\/2024\/04\/jean-baptiste-douville-voyage-au-congo-et-dans-l-interieur-de-l-afrique-equinoxiale-fait-dans-les-annees-1828-1829-et-1830-4333-65fac88fc9325-scaled.jpg","width":1920,"height":2560},{"@type":"BreadcrumbList","@id":"https:\/\/clavreuil-wordpress.logiciel-arteo.fr\/en\/douville-jean-baptiste-voyage-au-congo-et-dans-linterieur-de-lafrique-equinoxiale-fait-dans-les-annees-1828-1829-et-1830\/#breadcrumb","itemListElement":[{"@type":"ListItem","position":1,"name":"Accueil","item":"https:\/\/clavreuil-wordpress.logiciel-arteo.fr\/"},{"@type":"ListItem","position":2,"name":"All our books","item":"https:\/\/clavreuil-wordpress.logiciel-arteo.fr\/en\/all-our-books\/"},{"@type":"ListItem","position":3,"name":"DOUVILLE Jean-Baptiste Voyage au Congo et dans l&#8217;int\u00e9rieur..."}]},{"@type":"WebSite","@id":"https:\/\/clavreuil-wordpress.logiciel-arteo.fr\/#website","url":"https:\/\/clavreuil-wordpress.logiciel-arteo.fr\/","name":"Libairie Clavreuil","description":"","publisher":{"@id":"https:\/\/clavreuil-wordpress.logiciel-arteo.fr\/#organization"},"potentialAction":[{"@type":"SearchAction","target":{"@type":"EntryPoint","urlTemplate":"https:\/\/clavreuil-wordpress.logiciel-arteo.fr\/?s={search_term_string}"},"query-input":{"@type":"PropertyValueSpecification","valueRequired":true,"valueName":"search_term_string"}}],"inLanguage":"en-US"},{"@type":"Organization","@id":"https:\/\/clavreuil-wordpress.logiciel-arteo.fr\/#organization","name":"Libairie Clavreuil","url":"https:\/\/clavreuil-wordpress.logiciel-arteo.fr\/","logo":{"@type":"ImageObject","inLanguage":"en-US","@id":"https:\/\/clavreuil-wordpress.logiciel-arteo.fr\/#\/schema\/logo\/image\/","url":"https:\/\/clavreuil-wordpress.logiciel-arteo.fr\/wp-content\/uploads\/2021\/05\/LOGO_PNG_DATE-_gold.png","contentUrl":"https:\/\/clavreuil-wordpress.logiciel-arteo.fr\/wp-content\/uploads\/2021\/05\/LOGO_PNG_DATE-_gold.png","width":2083,"height":1917,"caption":"Libairie Clavreuil"},"image":{"@id":"https:\/\/clavreuil-wordpress.logiciel-arteo.fr\/#\/schema\/logo\/image\/"}}]}},"_links":{"self":[{"href":"https:\/\/clavreuil-wordpress.logiciel-arteo.fr\/en\/wp-json\/wp\/v2\/product\/75844","targetHints":{"allow":["GET"]}}],"collection":[{"href":"https:\/\/clavreuil-wordpress.logiciel-arteo.fr\/en\/wp-json\/wp\/v2\/product"}],"about":[{"href":"https:\/\/clavreuil-wordpress.logiciel-arteo.fr\/en\/wp-json\/wp\/v2\/types\/product"}],"replies":[{"embeddable":true,"href":"https:\/\/clavreuil-wordpress.logiciel-arteo.fr\/en\/wp-json\/wp\/v2\/comments?post=75844"}],"wp:featuredmedia":[{"embeddable":true,"href":"https:\/\/clavreuil-wordpress.logiciel-arteo.fr\/en\/wp-json\/wp\/v2\/media\/75827"}],"wp:attachment":[{"href":"https:\/\/clavreuil-wordpress.logiciel-arteo.fr\/en\/wp-json\/wp\/v2\/media?parent=75844"}],"wp:term":[{"taxonomy":"product_brand","embeddable":true,"href":"https:\/\/clavreuil-wordpress.logiciel-arteo.fr\/en\/wp-json\/wp\/v2\/product_brand?post=75844"},{"taxonomy":"product_cat","embeddable":true,"href":"https:\/\/clavreuil-wordpress.logiciel-arteo.fr\/en\/wp-json\/wp\/v2\/product_cat?post=75844"},{"taxonomy":"product_tag","embeddable":true,"href":"https:\/\/clavreuil-wordpress.logiciel-arteo.fr\/en\/wp-json\/wp\/v2\/product_tag?post=75844"}],"curies":[{"name":"wp","href":"https:\/\/api.w.org\/{rel}","templated":true}]}}