{"id":75862,"date":"2024-04-24T18:15:34","date_gmt":"2024-04-24T16:15:34","guid":{"rendered":"https:\/\/clavreuil-wordpress.logiciel-arteo.fr\/durand-jean-baptiste-leonard-voyage-au-senegal-ou-memoires-historiques-philosophiques-et-politiques-sur-les-decouvertes-les-etablissements-et-le-commerce-des-europeens-dans-les-mers-de-locean-a\/"},"modified":"2024-04-24T18:16:24","modified_gmt":"2024-04-24T16:16:24","slug":"durand-jean-baptiste-leonard-voyage-au-senegal-ou-memoires-historiques-philosophiques-et-politiques-sur-les-decouvertes-les-etablissements-et-le-commerce-des-europeens-dans-les-mers-de-locean-a","status":"publish","type":"product","link":"https:\/\/clavreuil-wordpress.logiciel-arteo.fr\/en\/durand-jean-baptiste-leonard-voyage-au-senegal-ou-memoires-historiques-philosophiques-et-politiques-sur-les-decouvertes-les-etablissements-et-le-commerce-des-europeens-dans-les-mers-de-locean-a\/","title":{"rendered":"DURAND Jean-Baptiste-L\u00e9onard Voyage au S\u00e9n\u00e9gal, ou M\u00e9moires historiques,..."},"content":{"rendered":"<p style=\"text-align:justify\"><em>Gay, 2892 ; Qu&eacute;rard, II, 721 ; Pritzel, 2547 (only the 8vo &eacute;dition of the text); not in&nbsp;Nissen, BBI.<\/em><\/p>\n<p style=\"text-align:justify\">First edition.<\/p>\n<p style=\"text-align:justify\">A copy of the deluxe edition with the text printed in large format in-4.<\/p>\n<p style=\"text-align:justify\">An important work for the history of colonial trade with Africa. Durand (1742-1812), a lawyer at the Bordeaux parliament and then an employee of the Ministry of the Navy, was sent to Senegal in 1785 as an administrator. The trade in gum, ivory and captives was flourishing at the time, and Durand entered into a number of agreements with the Moorish princes on the shores of Senegal to ensure their transport.<\/p>\n<p style=\"text-align:justify\">The text offers a history and description of the regions visited and the French settlements, followed by interesting observations made during a voyage to Galam, an ancient kingdom of Senegal close to the country of the Peuls and Mandingues.<\/p>\n<p style=\"text-align:justify\">The atlas contains a total of 43 plates, including 16 maps, drawn up on the basis of manuscripts held by the French Navy and sent to the author by special order from Bonaparte. The first general map shows the west coast of Africa; the next 15 give details of the west coast (6 sheets), the course of the Senegal (4 sheets), the island of Gor&eacute;e (1 sheet), and detailed plans of rivers, towns and mouths (4 sheets: Senegal, &Icirc;le St Louis, Serra Leone, and Gambia). The other 27 steel-engraved plates are of scientific interest or contain picturesque details (Brisson and Durand shipwrecks, customs and habits of the natives, fauna, flora, etc.).<\/p>\n<p style=\"text-align:justify\">The text of the atlas also reproduces three commercial treaties, in French and Arabic.<\/p>\n<p style=\"text-align:justify\">Scattered foxing; joints rubbed, minor restorations to the spine and corners of the atlas.<\/p>\n<p style=\"text-align:justify\">A pleasant copy in uniform binding.<\/p>\n","protected":false},"excerpt":{"rendered":"<p>1 volume&nbsp; of text 4to (263 x 208 mm) and 1 large 4to atlas (290 x 222 mm). Texte : 2 unn.l., XXXII, 419 pp. Atlas :&nbsp;engraved portrait by Viel after Roland in frontispiece, VIII pp. 2 unn.l., 43 engraved plates including 16 maps and 27 plates of views and natural history. Spotted basane, gilt rool framing covers, flat spine gilt, red morocco title label, speckled edges (contemporary &nbsp;binding).<\/p>\n","protected":false},"featured_media":75845,"comment_status":"open","ping_status":"closed","template":"","meta":{"_acf_changed":false},"product_brand":[],"product_cat":[552],"product_tag":[1450,1354,620],"class_list":{"0":"post-75862","1":"product","2":"type-product","3":"status-publish","4":"has-post-thumbnail","6":"product_cat-travel","7":"product_tag-first-edition","8":"product_tag-sub-saharan-africa","9":"product_tag-travel","10":"pa_auteur-jean-baptiste-leonard-durand-2","11":"pa_type-de-livre-printed-book","13":"first","14":"instock","15":"shipping-taxable","16":"purchasable","17":"product-type-simple"},"acf":[],"yoast_head":"<!-- This site is optimized with the Yoast SEO plugin v24.3 - https:\/\/yoast.com\/wordpress\/plugins\/seo\/ -->\n<title>DURAND Jean-Baptiste-L\u00e9onard Voyage au S\u00e9n\u00e9gal, ou M\u00e9moires historiques, philosophiques et politiques sur les d\u00e9couvertes, les \u00e9tablissements, et le commerce des Europ\u00e9ens dans les mers de l&#039;Oc\u00e9an atlantique, depuis le Cap-Blanc jusqu&#039;\u00e0 la rivi\u00e8re de Serre-Leone inclusivement ; suivis de la relation d&#039;un voyage par terre de l&#039;\u00eele Saint-Louis \u00e0 Galam, et du texte arabe de trois trait\u00e9s de commerce. - Libairie Clavreuil<\/title>\n<meta name=\"robots\" content=\"noindex, follow, max-snippet:-1, max-image-preview:large, max-video-preview:-1\" \/>\n<meta property=\"og:locale\" content=\"en_US\" \/>\n<meta property=\"og:type\" content=\"article\" \/>\n<meta property=\"og:title\" content=\"DURAND Jean-Baptiste-L\u00e9onard Voyage au S\u00e9n\u00e9gal, ou M\u00e9moires historiques, philosophiques et politiques sur les d\u00e9couvertes, les \u00e9tablissements, et le commerce des Europ\u00e9ens dans les mers de l&#039;Oc\u00e9an atlantique, depuis le Cap-Blanc jusqu&#039;\u00e0 la rivi\u00e8re de Serre-Leone inclusivement ; suivis de la relation d&#039;un voyage par terre de l&#039;\u00eele Saint-Louis \u00e0 Galam, et du texte arabe de trois trait\u00e9s de commerce. - Libairie Clavreuil\" \/>\n<meta property=\"og:description\" content=\"1 volume&nbsp; of text 4to (263 x 208 mm) and 1 large 4to atlas (290 x 222 mm). Texte : 2 unn.l., XXXII, 419 pp. Atlas :&nbsp;engraved portrait by Viel after Roland in frontispiece, VIII pp. 2 unn.l., 43 engraved plates including 16 maps and 27 plates of views and natural history. Spotted basane, gilt rool framing covers, flat spine gilt, red morocco title label, speckled edges (contemporary &nbsp;binding).\" \/>\n<meta property=\"og:url\" content=\"https:\/\/clavreuil-wordpress.logiciel-arteo.fr\/en\/durand-jean-baptiste-leonard-voyage-au-senegal-ou-memoires-historiques-philosophiques-et-politiques-sur-les-decouvertes-les-etablissements-et-le-commerce-des-europeens-dans-les-mers-de-locean-a\/\" \/>\n<meta property=\"og:site_name\" content=\"Libairie Clavreuil\" \/>\n<meta property=\"article:modified_time\" content=\"2024-04-24T16:16:24+00:00\" \/>\n<meta property=\"og:image\" content=\"https:\/\/clavreuil-wordpress.logiciel-arteo.fr\/wp-content\/uploads\/2024\/04\/jean-baptiste-leonard-durand-voyage-au-senegal-ou-memoires-historiques-philosophiques-et-politiques-sur-les-decouvertes-les-etablissements-et-le-comme-scaled.jpg\" \/>\n\t<meta property=\"og:image:width\" content=\"1921\" \/>\n\t<meta property=\"og:image:height\" content=\"2560\" \/>\n\t<meta property=\"og:image:type\" content=\"image\/jpeg\" \/>\n<meta name=\"twitter:card\" content=\"summary_large_image\" \/>\n<meta name=\"twitter:label1\" content=\"Est. reading time\" \/>\n\t<meta name=\"twitter:data1\" content=\"1 minute\" \/>\n<script type=\"application\/ld+json\" class=\"yoast-schema-graph\">{\"@context\":\"https:\/\/schema.org\",\"@graph\":[{\"@type\":\"WebPage\",\"@id\":\"https:\/\/clavreuil-wordpress.logiciel-arteo.fr\/en\/durand-jean-baptiste-leonard-voyage-au-senegal-ou-memoires-historiques-philosophiques-et-politiques-sur-les-decouvertes-les-etablissements-et-le-commerce-des-europeens-dans-les-mers-de-locean-a\/\",\"url\":\"https:\/\/clavreuil-wordpress.logiciel-arteo.fr\/en\/durand-jean-baptiste-leonard-voyage-au-senegal-ou-memoires-historiques-philosophiques-et-politiques-sur-les-decouvertes-les-etablissements-et-le-commerce-des-europeens-dans-les-mers-de-locean-a\/\",\"name\":\"DURAND Jean-Baptiste-L\u00e9onard Voyage au S\u00e9n\u00e9gal, ou M\u00e9moires historiques, philosophiques et politiques sur les d\u00e9couvertes, les \u00e9tablissements, et le commerce des Europ\u00e9ens dans les mers de l'Oc\u00e9an atlantique, depuis le Cap-Blanc jusqu'\u00e0 la rivi\u00e8re de Serre-Leone inclusivement ; suivis de la relation d'un voyage par terre de l'\u00eele Saint-Louis \u00e0 Galam, et du texte arabe de trois trait\u00e9s de commerce. - Libairie Clavreuil\",\"isPartOf\":{\"@id\":\"https:\/\/clavreuil-wordpress.logiciel-arteo.fr\/#website\"},\"primaryImageOfPage\":{\"@id\":\"https:\/\/clavreuil-wordpress.logiciel-arteo.fr\/en\/durand-jean-baptiste-leonard-voyage-au-senegal-ou-memoires-historiques-philosophiques-et-politiques-sur-les-decouvertes-les-etablissements-et-le-commerce-des-europeens-dans-les-mers-de-locean-a\/#primaryimage\"},\"image\":{\"@id\":\"https:\/\/clavreuil-wordpress.logiciel-arteo.fr\/en\/durand-jean-baptiste-leonard-voyage-au-senegal-ou-memoires-historiques-philosophiques-et-politiques-sur-les-decouvertes-les-etablissements-et-le-commerce-des-europeens-dans-les-mers-de-locean-a\/#primaryimage\"},\"thumbnailUrl\":\"https:\/\/clavreuil-wordpress.logiciel-arteo.fr\/wp-content\/uploads\/2024\/04\/jean-baptiste-leonard-durand-voyage-au-senegal-ou-memoires-historiques-philosophiques-et-politiques-sur-les-decouvertes-les-etablissements-et-le-comme-scaled.jpg\",\"datePublished\":\"2024-04-24T16:15:34+00:00\",\"dateModified\":\"2024-04-24T16:16:24+00:00\",\"breadcrumb\":{\"@id\":\"https:\/\/clavreuil-wordpress.logiciel-arteo.fr\/en\/durand-jean-baptiste-leonard-voyage-au-senegal-ou-memoires-historiques-philosophiques-et-politiques-sur-les-decouvertes-les-etablissements-et-le-commerce-des-europeens-dans-les-mers-de-locean-a\/#breadcrumb\"},\"inLanguage\":\"en-US\",\"potentialAction\":[{\"@type\":\"ReadAction\",\"target\":[\"https:\/\/clavreuil-wordpress.logiciel-arteo.fr\/en\/durand-jean-baptiste-leonard-voyage-au-senegal-ou-memoires-historiques-philosophiques-et-politiques-sur-les-decouvertes-les-etablissements-et-le-commerce-des-europeens-dans-les-mers-de-locean-a\/\"]}]},{\"@type\":\"ImageObject\",\"inLanguage\":\"en-US\",\"@id\":\"https:\/\/clavreuil-wordpress.logiciel-arteo.fr\/en\/durand-jean-baptiste-leonard-voyage-au-senegal-ou-memoires-historiques-philosophiques-et-politiques-sur-les-decouvertes-les-etablissements-et-le-commerce-des-europeens-dans-les-mers-de-locean-a\/#primaryimage\",\"url\":\"https:\/\/clavreuil-wordpress.logiciel-arteo.fr\/wp-content\/uploads\/2024\/04\/jean-baptiste-leonard-durand-voyage-au-senegal-ou-memoires-historiques-philosophiques-et-politiques-sur-les-decouvertes-les-etablissements-et-le-comme-scaled.jpg\",\"contentUrl\":\"https:\/\/clavreuil-wordpress.logiciel-arteo.fr\/wp-content\/uploads\/2024\/04\/jean-baptiste-leonard-durand-voyage-au-senegal-ou-memoires-historiques-philosophiques-et-politiques-sur-les-decouvertes-les-etablissements-et-le-comme-scaled.jpg\",\"width\":1921,\"height\":2560},{\"@type\":\"BreadcrumbList\",\"@id\":\"https:\/\/clavreuil-wordpress.logiciel-arteo.fr\/en\/durand-jean-baptiste-leonard-voyage-au-senegal-ou-memoires-historiques-philosophiques-et-politiques-sur-les-decouvertes-les-etablissements-et-le-commerce-des-europeens-dans-les-mers-de-locean-a\/#breadcrumb\",\"itemListElement\":[{\"@type\":\"ListItem\",\"position\":1,\"name\":\"Accueil\",\"item\":\"https:\/\/clavreuil-wordpress.logiciel-arteo.fr\/\"},{\"@type\":\"ListItem\",\"position\":2,\"name\":\"All our books\",\"item\":\"https:\/\/clavreuil-wordpress.logiciel-arteo.fr\/en\/all-our-books\/\"},{\"@type\":\"ListItem\",\"position\":3,\"name\":\"DURAND Jean-Baptiste-L\u00e9onard Voyage au S\u00e9n\u00e9gal, ou M\u00e9moires historiques,...\"}]},{\"@type\":\"WebSite\",\"@id\":\"https:\/\/clavreuil-wordpress.logiciel-arteo.fr\/#website\",\"url\":\"https:\/\/clavreuil-wordpress.logiciel-arteo.fr\/\",\"name\":\"Libairie Clavreuil\",\"description\":\"\",\"publisher\":{\"@id\":\"https:\/\/clavreuil-wordpress.logiciel-arteo.fr\/#organization\"},\"potentialAction\":[{\"@type\":\"SearchAction\",\"target\":{\"@type\":\"EntryPoint\",\"urlTemplate\":\"https:\/\/clavreuil-wordpress.logiciel-arteo.fr\/?s={search_term_string}\"},\"query-input\":{\"@type\":\"PropertyValueSpecification\",\"valueRequired\":true,\"valueName\":\"search_term_string\"}}],\"inLanguage\":\"en-US\"},{\"@type\":\"Organization\",\"@id\":\"https:\/\/clavreuil-wordpress.logiciel-arteo.fr\/#organization\",\"name\":\"Libairie Clavreuil\",\"url\":\"https:\/\/clavreuil-wordpress.logiciel-arteo.fr\/\",\"logo\":{\"@type\":\"ImageObject\",\"inLanguage\":\"en-US\",\"@id\":\"https:\/\/clavreuil-wordpress.logiciel-arteo.fr\/#\/schema\/logo\/image\/\",\"url\":\"https:\/\/clavreuil-wordpress.logiciel-arteo.fr\/wp-content\/uploads\/2021\/05\/LOGO_PNG_DATE-_gold.png\",\"contentUrl\":\"https:\/\/clavreuil-wordpress.logiciel-arteo.fr\/wp-content\/uploads\/2021\/05\/LOGO_PNG_DATE-_gold.png\",\"width\":2083,\"height\":1917,\"caption\":\"Libairie Clavreuil\"},\"image\":{\"@id\":\"https:\/\/clavreuil-wordpress.logiciel-arteo.fr\/#\/schema\/logo\/image\/\"}}]}<\/script>\n<!-- \/ Yoast SEO plugin. -->","yoast_head_json":{"title":"DURAND Jean-Baptiste-L\u00e9onard Voyage au S\u00e9n\u00e9gal, ou M\u00e9moires historiques, philosophiques et politiques sur les d\u00e9couvertes, les \u00e9tablissements, et le commerce des Europ\u00e9ens dans les mers de l'Oc\u00e9an atlantique, depuis le Cap-Blanc jusqu'\u00e0 la rivi\u00e8re de Serre-Leone inclusivement ; suivis de la relation d'un voyage par terre de l'\u00eele Saint-Louis \u00e0 Galam, et du texte arabe de trois trait\u00e9s de commerce. - Libairie Clavreuil","robots":{"index":"noindex","follow":"follow","max-snippet":"max-snippet:-1","max-image-preview":"max-image-preview:large","max-video-preview":"max-video-preview:-1"},"og_locale":"en_US","og_type":"article","og_title":"DURAND Jean-Baptiste-L\u00e9onard Voyage au S\u00e9n\u00e9gal, ou M\u00e9moires historiques, philosophiques et politiques sur les d\u00e9couvertes, les \u00e9tablissements, et le commerce des Europ\u00e9ens dans les mers de l'Oc\u00e9an atlantique, depuis le Cap-Blanc jusqu'\u00e0 la rivi\u00e8re de Serre-Leone inclusivement ; suivis de la relation d'un voyage par terre de l'\u00eele Saint-Louis \u00e0 Galam, et du texte arabe de trois trait\u00e9s de commerce. - Libairie Clavreuil","og_description":"1 volume&nbsp; of text 4to (263 x 208 mm) and 1 large 4to atlas (290 x 222 mm). Texte : 2 unn.l., XXXII, 419 pp. Atlas :&nbsp;engraved portrait by Viel after Roland in frontispiece, VIII pp. 2 unn.l., 43 engraved plates including 16 maps and 27 plates of views and natural history. Spotted basane, gilt rool framing covers, flat spine gilt, red morocco title label, speckled edges (contemporary &nbsp;binding).","og_url":"https:\/\/clavreuil-wordpress.logiciel-arteo.fr\/en\/durand-jean-baptiste-leonard-voyage-au-senegal-ou-memoires-historiques-philosophiques-et-politiques-sur-les-decouvertes-les-etablissements-et-le-commerce-des-europeens-dans-les-mers-de-locean-a\/","og_site_name":"Libairie Clavreuil","article_modified_time":"2024-04-24T16:16:24+00:00","og_image":[{"width":1921,"height":2560,"url":"https:\/\/clavreuil-wordpress.logiciel-arteo.fr\/wp-content\/uploads\/2024\/04\/jean-baptiste-leonard-durand-voyage-au-senegal-ou-memoires-historiques-philosophiques-et-politiques-sur-les-decouvertes-les-etablissements-et-le-comme-scaled.jpg","type":"image\/jpeg"}],"twitter_card":"summary_large_image","twitter_misc":{"Est. reading time":"1 minute"},"schema":{"@context":"https:\/\/schema.org","@graph":[{"@type":"WebPage","@id":"https:\/\/clavreuil-wordpress.logiciel-arteo.fr\/en\/durand-jean-baptiste-leonard-voyage-au-senegal-ou-memoires-historiques-philosophiques-et-politiques-sur-les-decouvertes-les-etablissements-et-le-commerce-des-europeens-dans-les-mers-de-locean-a\/","url":"https:\/\/clavreuil-wordpress.logiciel-arteo.fr\/en\/durand-jean-baptiste-leonard-voyage-au-senegal-ou-memoires-historiques-philosophiques-et-politiques-sur-les-decouvertes-les-etablissements-et-le-commerce-des-europeens-dans-les-mers-de-locean-a\/","name":"DURAND Jean-Baptiste-L\u00e9onard Voyage au S\u00e9n\u00e9gal, ou M\u00e9moires historiques, philosophiques et politiques sur les d\u00e9couvertes, les \u00e9tablissements, et le commerce des Europ\u00e9ens dans les mers de l'Oc\u00e9an atlantique, depuis le Cap-Blanc jusqu'\u00e0 la rivi\u00e8re de Serre-Leone inclusivement ; suivis de la relation d'un voyage par terre de l'\u00eele Saint-Louis \u00e0 Galam, et du texte arabe de trois trait\u00e9s de commerce. - Libairie Clavreuil","isPartOf":{"@id":"https:\/\/clavreuil-wordpress.logiciel-arteo.fr\/#website"},"primaryImageOfPage":{"@id":"https:\/\/clavreuil-wordpress.logiciel-arteo.fr\/en\/durand-jean-baptiste-leonard-voyage-au-senegal-ou-memoires-historiques-philosophiques-et-politiques-sur-les-decouvertes-les-etablissements-et-le-commerce-des-europeens-dans-les-mers-de-locean-a\/#primaryimage"},"image":{"@id":"https:\/\/clavreuil-wordpress.logiciel-arteo.fr\/en\/durand-jean-baptiste-leonard-voyage-au-senegal-ou-memoires-historiques-philosophiques-et-politiques-sur-les-decouvertes-les-etablissements-et-le-commerce-des-europeens-dans-les-mers-de-locean-a\/#primaryimage"},"thumbnailUrl":"https:\/\/clavreuil-wordpress.logiciel-arteo.fr\/wp-content\/uploads\/2024\/04\/jean-baptiste-leonard-durand-voyage-au-senegal-ou-memoires-historiques-philosophiques-et-politiques-sur-les-decouvertes-les-etablissements-et-le-comme-scaled.jpg","datePublished":"2024-04-24T16:15:34+00:00","dateModified":"2024-04-24T16:16:24+00:00","breadcrumb":{"@id":"https:\/\/clavreuil-wordpress.logiciel-arteo.fr\/en\/durand-jean-baptiste-leonard-voyage-au-senegal-ou-memoires-historiques-philosophiques-et-politiques-sur-les-decouvertes-les-etablissements-et-le-commerce-des-europeens-dans-les-mers-de-locean-a\/#breadcrumb"},"inLanguage":"en-US","potentialAction":[{"@type":"ReadAction","target":["https:\/\/clavreuil-wordpress.logiciel-arteo.fr\/en\/durand-jean-baptiste-leonard-voyage-au-senegal-ou-memoires-historiques-philosophiques-et-politiques-sur-les-decouvertes-les-etablissements-et-le-commerce-des-europeens-dans-les-mers-de-locean-a\/"]}]},{"@type":"ImageObject","inLanguage":"en-US","@id":"https:\/\/clavreuil-wordpress.logiciel-arteo.fr\/en\/durand-jean-baptiste-leonard-voyage-au-senegal-ou-memoires-historiques-philosophiques-et-politiques-sur-les-decouvertes-les-etablissements-et-le-commerce-des-europeens-dans-les-mers-de-locean-a\/#primaryimage","url":"https:\/\/clavreuil-wordpress.logiciel-arteo.fr\/wp-content\/uploads\/2024\/04\/jean-baptiste-leonard-durand-voyage-au-senegal-ou-memoires-historiques-philosophiques-et-politiques-sur-les-decouvertes-les-etablissements-et-le-comme-scaled.jpg","contentUrl":"https:\/\/clavreuil-wordpress.logiciel-arteo.fr\/wp-content\/uploads\/2024\/04\/jean-baptiste-leonard-durand-voyage-au-senegal-ou-memoires-historiques-philosophiques-et-politiques-sur-les-decouvertes-les-etablissements-et-le-comme-scaled.jpg","width":1921,"height":2560},{"@type":"BreadcrumbList","@id":"https:\/\/clavreuil-wordpress.logiciel-arteo.fr\/en\/durand-jean-baptiste-leonard-voyage-au-senegal-ou-memoires-historiques-philosophiques-et-politiques-sur-les-decouvertes-les-etablissements-et-le-commerce-des-europeens-dans-les-mers-de-locean-a\/#breadcrumb","itemListElement":[{"@type":"ListItem","position":1,"name":"Accueil","item":"https:\/\/clavreuil-wordpress.logiciel-arteo.fr\/"},{"@type":"ListItem","position":2,"name":"All our books","item":"https:\/\/clavreuil-wordpress.logiciel-arteo.fr\/en\/all-our-books\/"},{"@type":"ListItem","position":3,"name":"DURAND Jean-Baptiste-L\u00e9onard Voyage au S\u00e9n\u00e9gal, ou M\u00e9moires historiques,..."}]},{"@type":"WebSite","@id":"https:\/\/clavreuil-wordpress.logiciel-arteo.fr\/#website","url":"https:\/\/clavreuil-wordpress.logiciel-arteo.fr\/","name":"Libairie Clavreuil","description":"","publisher":{"@id":"https:\/\/clavreuil-wordpress.logiciel-arteo.fr\/#organization"},"potentialAction":[{"@type":"SearchAction","target":{"@type":"EntryPoint","urlTemplate":"https:\/\/clavreuil-wordpress.logiciel-arteo.fr\/?s={search_term_string}"},"query-input":{"@type":"PropertyValueSpecification","valueRequired":true,"valueName":"search_term_string"}}],"inLanguage":"en-US"},{"@type":"Organization","@id":"https:\/\/clavreuil-wordpress.logiciel-arteo.fr\/#organization","name":"Libairie Clavreuil","url":"https:\/\/clavreuil-wordpress.logiciel-arteo.fr\/","logo":{"@type":"ImageObject","inLanguage":"en-US","@id":"https:\/\/clavreuil-wordpress.logiciel-arteo.fr\/#\/schema\/logo\/image\/","url":"https:\/\/clavreuil-wordpress.logiciel-arteo.fr\/wp-content\/uploads\/2021\/05\/LOGO_PNG_DATE-_gold.png","contentUrl":"https:\/\/clavreuil-wordpress.logiciel-arteo.fr\/wp-content\/uploads\/2021\/05\/LOGO_PNG_DATE-_gold.png","width":2083,"height":1917,"caption":"Libairie Clavreuil"},"image":{"@id":"https:\/\/clavreuil-wordpress.logiciel-arteo.fr\/#\/schema\/logo\/image\/"}}]}},"_links":{"self":[{"href":"https:\/\/clavreuil-wordpress.logiciel-arteo.fr\/en\/wp-json\/wp\/v2\/product\/75862","targetHints":{"allow":["GET"]}}],"collection":[{"href":"https:\/\/clavreuil-wordpress.logiciel-arteo.fr\/en\/wp-json\/wp\/v2\/product"}],"about":[{"href":"https:\/\/clavreuil-wordpress.logiciel-arteo.fr\/en\/wp-json\/wp\/v2\/types\/product"}],"replies":[{"embeddable":true,"href":"https:\/\/clavreuil-wordpress.logiciel-arteo.fr\/en\/wp-json\/wp\/v2\/comments?post=75862"}],"wp:featuredmedia":[{"embeddable":true,"href":"https:\/\/clavreuil-wordpress.logiciel-arteo.fr\/en\/wp-json\/wp\/v2\/media\/75845"}],"wp:attachment":[{"href":"https:\/\/clavreuil-wordpress.logiciel-arteo.fr\/en\/wp-json\/wp\/v2\/media?parent=75862"}],"wp:term":[{"taxonomy":"product_brand","embeddable":true,"href":"https:\/\/clavreuil-wordpress.logiciel-arteo.fr\/en\/wp-json\/wp\/v2\/product_brand?post=75862"},{"taxonomy":"product_cat","embeddable":true,"href":"https:\/\/clavreuil-wordpress.logiciel-arteo.fr\/en\/wp-json\/wp\/v2\/product_cat?post=75862"},{"taxonomy":"product_tag","embeddable":true,"href":"https:\/\/clavreuil-wordpress.logiciel-arteo.fr\/en\/wp-json\/wp\/v2\/product_tag?post=75862"}],"curies":[{"name":"wp","href":"https:\/\/api.w.org\/{rel}","templated":true}]}}