{"id":75890,"date":"2024-04-24T18:18:12","date_gmt":"2024-04-24T16:18:12","guid":{"rendered":"https:\/\/clavreuil-wordpress.logiciel-arteo.fr\/la-roque-chevalier-jean-de-voyage-de-larabie-heureuse-par-locean-oriental-et-le-detroit-de-la-mer-rouge-fait-par-les-francois-pour-la-premiere-fois-dans-les-annees-1708-1709-1710\/"},"modified":"2024-04-24T18:18:54","modified_gmt":"2024-04-24T16:18:54","slug":"la-roque-chevalier-jean-de-voyage-de-larabie-heureuse-par-locean-oriental-et-le-detroit-de-la-mer-rouge-fait-par-les-francois-pour-la-premiere-fois-dans-les-annees-1708-1709-1710","status":"publish","type":"product","link":"https:\/\/clavreuil-wordpress.logiciel-arteo.fr\/en\/la-roque-chevalier-jean-de-voyage-de-larabie-heureuse-par-locean-oriental-et-le-detroit-de-la-mer-rouge-fait-par-les-francois-pour-la-premiere-fois-dans-les-annees-1708-1709-1710\/","title":{"rendered":"LA ROQUE Chevalier Jean de Voyage de l&#8217;Arabie..."},"content":{"rendered":"<p><em>Gay, 3680 (&quot;curieux ouvrage&quot;) ; Atabey, 673;&nbsp; Bitting, 274 (for the Amsterdam edition).<\/em><\/p>\n<p>First edition.<\/p>\n<p><em>Voyage de l&rsquo;Arabie Heureuse<\/em> is written by the writer ans scientific editor Jean de La Roque based on original manuscripts or log books of the participants of the expedition. His account included details on Jemen, Madagascar, Socotra, Abyssina, including details on the people and scenery. <em>Le Voyage de l&rsquo;Arabie Heureuse <\/em>contains the account of the first expedition held between 1708 and 1710, together with the &quot;Voyage de Moka &agrave; la cour du roi d&rsquo;Y&eacute;men entre 1711 et 1713&quot;.<\/p>\n<p>These two books are mainly concerned with exchange of goods and commerce including coffe, but also observations on traders in the Soukh, diplomatic excahnge in Jemen, and more. The detailed memoir on coffee &quot;Trait&eacute; historique de l&#039;origine et du progr&egrave;s du caf&eacute;, tant dans l&#039;Asie que dans l&#039;Europe ; de son introduction en France, &amp; de l&#039;&eacute;tablissement de son usage &agrave; Paris&quot;, is also included. The work is illustrated with a large engraved folding map, and three engraved plates depicting the coffee plant and its fruit.<\/p>\n<p><strong>[Together with :]<\/strong><\/p>\n<p><strong>[LA ROQUE, Jean de].<\/strong> Voyage fait par ordre du roy Louis XIV dans la Palestine, vers le grand Emir, chef des princes arabes du d&eacute;sert, connus sous le nom de B&eacute;do&uuml;ins, ou arabes sc&eacute;nites&#8230; Avec la description g&eacute;n&eacute;rale de l&#039;Arabie, faite par le sultan Isma&euml;l Abulfeda, traduite en fran&ccedil;ois. <em>Paris, Andr&eacute; Cailleau, 1717.<\/em> 12mo de 16 ff.n.ch. (including ), 316 pp., 1 nn.l., XIV &amp; 76 pp., 4 nn.ll. (table).<\/p>\n<p><em>Brunet, III, 850 ; not in R&ouml;hricht.<\/em><\/p>\n<p>First edition.<\/p>\n<p>Illustrated with 3 engraved plates showing a noble Arab, the Emir and his Princess, and a view of &quot;Camp des arabes sur le mont Carmel du cost&eacute; de la ville de Caifa&quot;.<\/p>\n<p>Fine set of two first editions uniformly bound.<\/p>\n<p>Provenance: Claude Gabriel Do&uuml;et de Vichy (book plate).<\/p>\n","protected":false},"excerpt":{"rendered":"<p>12mo (164 x 92 mm) 8 nn.ll. (including title), 403 pp., 6 nn.ll.(table and privil&egrave;ge). Contemporary polished calf, spine gilt with raised bands.<\/p>\n","protected":false},"featured_media":75881,"comment_status":"open","ping_status":"closed","template":"","meta":{"_acf_changed":false},"product_brand":[],"product_cat":[552],"product_tag":[1254,1450,620],"class_list":{"0":"post-75890","1":"product","2":"type-product","3":"status-publish","4":"has-post-thumbnail","6":"product_cat-travel","7":"product_tag-arabic","8":"product_tag-first-edition","9":"product_tag-travel","10":"pa_auteur-chevalier-jean-de-la-roque-2","11":"pa_type-de-livre-printed-book","13":"first","14":"instock","15":"shipping-taxable","16":"purchasable","17":"product-type-simple"},"acf":[],"yoast_head":"<!-- This site is optimized with the Yoast SEO plugin v24.3 - https:\/\/yoast.com\/wordpress\/plugins\/seo\/ -->\n<title>LA ROQUE Chevalier Jean de Voyage de l&#039;Arabie Heureuse, Par l&#039;Ocean Oriental et le D\u00e9troit de la Mer Rouge. Fait par les Fran\u00e7ois pour la premi\u00e8re fois, dans les ann\u00e9es 1708, 1709 &amp; 1710. - Libairie Clavreuil<\/title>\n<meta name=\"robots\" content=\"noindex, follow, max-snippet:-1, max-image-preview:large, max-video-preview:-1\" \/>\n<meta property=\"og:locale\" content=\"en_US\" \/>\n<meta property=\"og:type\" content=\"article\" \/>\n<meta property=\"og:title\" content=\"LA ROQUE Chevalier Jean de Voyage de l&#039;Arabie Heureuse, Par l&#039;Ocean Oriental et le D\u00e9troit de la Mer Rouge. Fait par les Fran\u00e7ois pour la premi\u00e8re fois, dans les ann\u00e9es 1708, 1709 &amp; 1710. - Libairie Clavreuil\" \/>\n<meta property=\"og:description\" content=\"12mo (164 x 92 mm) 8 nn.ll. (including title), 403 pp., 6 nn.ll.(table and privil&egrave;ge). Contemporary polished calf, spine gilt with raised bands.\" \/>\n<meta property=\"og:url\" content=\"https:\/\/clavreuil-wordpress.logiciel-arteo.fr\/en\/la-roque-chevalier-jean-de-voyage-de-larabie-heureuse-par-locean-oriental-et-le-detroit-de-la-mer-rouge-fait-par-les-francois-pour-la-premiere-fois-dans-les-annees-1708-1709-1710\/\" \/>\n<meta property=\"og:site_name\" content=\"Libairie Clavreuil\" \/>\n<meta property=\"article:modified_time\" content=\"2024-04-24T16:18:54+00:00\" \/>\n<meta property=\"og:image\" content=\"https:\/\/clavreuil-wordpress.logiciel-arteo.fr\/wp-content\/uploads\/2024\/04\/chevalier-jean-de-la-roque-voyage-de-l-arabie-heureuse-par-l-ocean-oriental-et-le-detroit-de-la-mer-rouge-fait-par-les-francois-pour-la-premiere-fois--768x1024.jpg\" \/>\n\t<meta property=\"og:image:width\" content=\"768\" \/>\n\t<meta property=\"og:image:height\" content=\"1024\" \/>\n\t<meta property=\"og:image:type\" content=\"image\/jpeg\" \/>\n<meta name=\"twitter:card\" content=\"summary_large_image\" \/>\n<meta name=\"twitter:label1\" content=\"Est. reading time\" \/>\n\t<meta name=\"twitter:data1\" content=\"2 minutes\" \/>\n<script type=\"application\/ld+json\" class=\"yoast-schema-graph\">{\"@context\":\"https:\/\/schema.org\",\"@graph\":[{\"@type\":\"WebPage\",\"@id\":\"https:\/\/clavreuil-wordpress.logiciel-arteo.fr\/en\/la-roque-chevalier-jean-de-voyage-de-larabie-heureuse-par-locean-oriental-et-le-detroit-de-la-mer-rouge-fait-par-les-francois-pour-la-premiere-fois-dans-les-annees-1708-1709-1710\/\",\"url\":\"https:\/\/clavreuil-wordpress.logiciel-arteo.fr\/en\/la-roque-chevalier-jean-de-voyage-de-larabie-heureuse-par-locean-oriental-et-le-detroit-de-la-mer-rouge-fait-par-les-francois-pour-la-premiere-fois-dans-les-annees-1708-1709-1710\/\",\"name\":\"LA ROQUE Chevalier Jean de Voyage de l'Arabie Heureuse, Par l'Ocean Oriental et le D\u00e9troit de la Mer Rouge. Fait par les Fran\u00e7ois pour la premi\u00e8re fois, dans les ann\u00e9es 1708, 1709 &amp; 1710. - Libairie Clavreuil\",\"isPartOf\":{\"@id\":\"https:\/\/clavreuil-wordpress.logiciel-arteo.fr\/#website\"},\"primaryImageOfPage\":{\"@id\":\"https:\/\/clavreuil-wordpress.logiciel-arteo.fr\/en\/la-roque-chevalier-jean-de-voyage-de-larabie-heureuse-par-locean-oriental-et-le-detroit-de-la-mer-rouge-fait-par-les-francois-pour-la-premiere-fois-dans-les-annees-1708-1709-1710\/#primaryimage\"},\"image\":{\"@id\":\"https:\/\/clavreuil-wordpress.logiciel-arteo.fr\/en\/la-roque-chevalier-jean-de-voyage-de-larabie-heureuse-par-locean-oriental-et-le-detroit-de-la-mer-rouge-fait-par-les-francois-pour-la-premiere-fois-dans-les-annees-1708-1709-1710\/#primaryimage\"},\"thumbnailUrl\":\"https:\/\/clavreuil-wordpress.logiciel-arteo.fr\/wp-content\/uploads\/2024\/04\/chevalier-jean-de-la-roque-voyage-de-l-arabie-heureuse-par-l-ocean-oriental-et-le-detroit-de-la-mer-rouge-fait-par-les-francois-pour-la-premiere-fois-.jpg\",\"datePublished\":\"2024-04-24T16:18:12+00:00\",\"dateModified\":\"2024-04-24T16:18:54+00:00\",\"breadcrumb\":{\"@id\":\"https:\/\/clavreuil-wordpress.logiciel-arteo.fr\/en\/la-roque-chevalier-jean-de-voyage-de-larabie-heureuse-par-locean-oriental-et-le-detroit-de-la-mer-rouge-fait-par-les-francois-pour-la-premiere-fois-dans-les-annees-1708-1709-1710\/#breadcrumb\"},\"inLanguage\":\"en-US\",\"potentialAction\":[{\"@type\":\"ReadAction\",\"target\":[\"https:\/\/clavreuil-wordpress.logiciel-arteo.fr\/en\/la-roque-chevalier-jean-de-voyage-de-larabie-heureuse-par-locean-oriental-et-le-detroit-de-la-mer-rouge-fait-par-les-francois-pour-la-premiere-fois-dans-les-annees-1708-1709-1710\/\"]}]},{\"@type\":\"ImageObject\",\"inLanguage\":\"en-US\",\"@id\":\"https:\/\/clavreuil-wordpress.logiciel-arteo.fr\/en\/la-roque-chevalier-jean-de-voyage-de-larabie-heureuse-par-locean-oriental-et-le-detroit-de-la-mer-rouge-fait-par-les-francois-pour-la-premiere-fois-dans-les-annees-1708-1709-1710\/#primaryimage\",\"url\":\"https:\/\/clavreuil-wordpress.logiciel-arteo.fr\/wp-content\/uploads\/2024\/04\/chevalier-jean-de-la-roque-voyage-de-l-arabie-heureuse-par-l-ocean-oriental-et-le-detroit-de-la-mer-rouge-fait-par-les-francois-pour-la-premiere-fois-.jpg\",\"contentUrl\":\"https:\/\/clavreuil-wordpress.logiciel-arteo.fr\/wp-content\/uploads\/2024\/04\/chevalier-jean-de-la-roque-voyage-de-l-arabie-heureuse-par-l-ocean-oriental-et-le-detroit-de-la-mer-rouge-fait-par-les-francois-pour-la-premiere-fois-.jpg\",\"width\":1912,\"height\":2549},{\"@type\":\"BreadcrumbList\",\"@id\":\"https:\/\/clavreuil-wordpress.logiciel-arteo.fr\/en\/la-roque-chevalier-jean-de-voyage-de-larabie-heureuse-par-locean-oriental-et-le-detroit-de-la-mer-rouge-fait-par-les-francois-pour-la-premiere-fois-dans-les-annees-1708-1709-1710\/#breadcrumb\",\"itemListElement\":[{\"@type\":\"ListItem\",\"position\":1,\"name\":\"Accueil\",\"item\":\"https:\/\/clavreuil-wordpress.logiciel-arteo.fr\/\"},{\"@type\":\"ListItem\",\"position\":2,\"name\":\"All our books\",\"item\":\"https:\/\/clavreuil-wordpress.logiciel-arteo.fr\/en\/all-our-books\/\"},{\"@type\":\"ListItem\",\"position\":3,\"name\":\"LA ROQUE Chevalier Jean de Voyage de l&#8217;Arabie...\"}]},{\"@type\":\"WebSite\",\"@id\":\"https:\/\/clavreuil-wordpress.logiciel-arteo.fr\/#website\",\"url\":\"https:\/\/clavreuil-wordpress.logiciel-arteo.fr\/\",\"name\":\"Libairie Clavreuil\",\"description\":\"\",\"publisher\":{\"@id\":\"https:\/\/clavreuil-wordpress.logiciel-arteo.fr\/#organization\"},\"potentialAction\":[{\"@type\":\"SearchAction\",\"target\":{\"@type\":\"EntryPoint\",\"urlTemplate\":\"https:\/\/clavreuil-wordpress.logiciel-arteo.fr\/?s={search_term_string}\"},\"query-input\":{\"@type\":\"PropertyValueSpecification\",\"valueRequired\":true,\"valueName\":\"search_term_string\"}}],\"inLanguage\":\"en-US\"},{\"@type\":\"Organization\",\"@id\":\"https:\/\/clavreuil-wordpress.logiciel-arteo.fr\/#organization\",\"name\":\"Libairie Clavreuil\",\"url\":\"https:\/\/clavreuil-wordpress.logiciel-arteo.fr\/\",\"logo\":{\"@type\":\"ImageObject\",\"inLanguage\":\"en-US\",\"@id\":\"https:\/\/clavreuil-wordpress.logiciel-arteo.fr\/#\/schema\/logo\/image\/\",\"url\":\"https:\/\/clavreuil-wordpress.logiciel-arteo.fr\/wp-content\/uploads\/2021\/05\/LOGO_PNG_DATE-_gold.png\",\"contentUrl\":\"https:\/\/clavreuil-wordpress.logiciel-arteo.fr\/wp-content\/uploads\/2021\/05\/LOGO_PNG_DATE-_gold.png\",\"width\":2083,\"height\":1917,\"caption\":\"Libairie Clavreuil\"},\"image\":{\"@id\":\"https:\/\/clavreuil-wordpress.logiciel-arteo.fr\/#\/schema\/logo\/image\/\"}}]}<\/script>\n<!-- \/ Yoast SEO plugin. -->","yoast_head_json":{"title":"LA ROQUE Chevalier Jean de Voyage de l'Arabie Heureuse, Par l'Ocean Oriental et le D\u00e9troit de la Mer Rouge. Fait par les Fran\u00e7ois pour la premi\u00e8re fois, dans les ann\u00e9es 1708, 1709 &amp; 1710. - Libairie Clavreuil","robots":{"index":"noindex","follow":"follow","max-snippet":"max-snippet:-1","max-image-preview":"max-image-preview:large","max-video-preview":"max-video-preview:-1"},"og_locale":"en_US","og_type":"article","og_title":"LA ROQUE Chevalier Jean de Voyage de l'Arabie Heureuse, Par l'Ocean Oriental et le D\u00e9troit de la Mer Rouge. Fait par les Fran\u00e7ois pour la premi\u00e8re fois, dans les ann\u00e9es 1708, 1709 &amp; 1710. - Libairie Clavreuil","og_description":"12mo (164 x 92 mm) 8 nn.ll. (including title), 403 pp., 6 nn.ll.(table and privil&egrave;ge). Contemporary polished calf, spine gilt with raised bands.","og_url":"https:\/\/clavreuil-wordpress.logiciel-arteo.fr\/en\/la-roque-chevalier-jean-de-voyage-de-larabie-heureuse-par-locean-oriental-et-le-detroit-de-la-mer-rouge-fait-par-les-francois-pour-la-premiere-fois-dans-les-annees-1708-1709-1710\/","og_site_name":"Libairie Clavreuil","article_modified_time":"2024-04-24T16:18:54+00:00","og_image":[{"width":768,"height":1024,"url":"https:\/\/clavreuil-wordpress.logiciel-arteo.fr\/wp-content\/uploads\/2024\/04\/chevalier-jean-de-la-roque-voyage-de-l-arabie-heureuse-par-l-ocean-oriental-et-le-detroit-de-la-mer-rouge-fait-par-les-francois-pour-la-premiere-fois--768x1024.jpg","type":"image\/jpeg"}],"twitter_card":"summary_large_image","twitter_misc":{"Est. reading time":"2 minutes"},"schema":{"@context":"https:\/\/schema.org","@graph":[{"@type":"WebPage","@id":"https:\/\/clavreuil-wordpress.logiciel-arteo.fr\/en\/la-roque-chevalier-jean-de-voyage-de-larabie-heureuse-par-locean-oriental-et-le-detroit-de-la-mer-rouge-fait-par-les-francois-pour-la-premiere-fois-dans-les-annees-1708-1709-1710\/","url":"https:\/\/clavreuil-wordpress.logiciel-arteo.fr\/en\/la-roque-chevalier-jean-de-voyage-de-larabie-heureuse-par-locean-oriental-et-le-detroit-de-la-mer-rouge-fait-par-les-francois-pour-la-premiere-fois-dans-les-annees-1708-1709-1710\/","name":"LA ROQUE Chevalier Jean de Voyage de l'Arabie Heureuse, Par l'Ocean Oriental et le D\u00e9troit de la Mer Rouge. Fait par les Fran\u00e7ois pour la premi\u00e8re fois, dans les ann\u00e9es 1708, 1709 &amp; 1710. - Libairie Clavreuil","isPartOf":{"@id":"https:\/\/clavreuil-wordpress.logiciel-arteo.fr\/#website"},"primaryImageOfPage":{"@id":"https:\/\/clavreuil-wordpress.logiciel-arteo.fr\/en\/la-roque-chevalier-jean-de-voyage-de-larabie-heureuse-par-locean-oriental-et-le-detroit-de-la-mer-rouge-fait-par-les-francois-pour-la-premiere-fois-dans-les-annees-1708-1709-1710\/#primaryimage"},"image":{"@id":"https:\/\/clavreuil-wordpress.logiciel-arteo.fr\/en\/la-roque-chevalier-jean-de-voyage-de-larabie-heureuse-par-locean-oriental-et-le-detroit-de-la-mer-rouge-fait-par-les-francois-pour-la-premiere-fois-dans-les-annees-1708-1709-1710\/#primaryimage"},"thumbnailUrl":"https:\/\/clavreuil-wordpress.logiciel-arteo.fr\/wp-content\/uploads\/2024\/04\/chevalier-jean-de-la-roque-voyage-de-l-arabie-heureuse-par-l-ocean-oriental-et-le-detroit-de-la-mer-rouge-fait-par-les-francois-pour-la-premiere-fois-.jpg","datePublished":"2024-04-24T16:18:12+00:00","dateModified":"2024-04-24T16:18:54+00:00","breadcrumb":{"@id":"https:\/\/clavreuil-wordpress.logiciel-arteo.fr\/en\/la-roque-chevalier-jean-de-voyage-de-larabie-heureuse-par-locean-oriental-et-le-detroit-de-la-mer-rouge-fait-par-les-francois-pour-la-premiere-fois-dans-les-annees-1708-1709-1710\/#breadcrumb"},"inLanguage":"en-US","potentialAction":[{"@type":"ReadAction","target":["https:\/\/clavreuil-wordpress.logiciel-arteo.fr\/en\/la-roque-chevalier-jean-de-voyage-de-larabie-heureuse-par-locean-oriental-et-le-detroit-de-la-mer-rouge-fait-par-les-francois-pour-la-premiere-fois-dans-les-annees-1708-1709-1710\/"]}]},{"@type":"ImageObject","inLanguage":"en-US","@id":"https:\/\/clavreuil-wordpress.logiciel-arteo.fr\/en\/la-roque-chevalier-jean-de-voyage-de-larabie-heureuse-par-locean-oriental-et-le-detroit-de-la-mer-rouge-fait-par-les-francois-pour-la-premiere-fois-dans-les-annees-1708-1709-1710\/#primaryimage","url":"https:\/\/clavreuil-wordpress.logiciel-arteo.fr\/wp-content\/uploads\/2024\/04\/chevalier-jean-de-la-roque-voyage-de-l-arabie-heureuse-par-l-ocean-oriental-et-le-detroit-de-la-mer-rouge-fait-par-les-francois-pour-la-premiere-fois-.jpg","contentUrl":"https:\/\/clavreuil-wordpress.logiciel-arteo.fr\/wp-content\/uploads\/2024\/04\/chevalier-jean-de-la-roque-voyage-de-l-arabie-heureuse-par-l-ocean-oriental-et-le-detroit-de-la-mer-rouge-fait-par-les-francois-pour-la-premiere-fois-.jpg","width":1912,"height":2549},{"@type":"BreadcrumbList","@id":"https:\/\/clavreuil-wordpress.logiciel-arteo.fr\/en\/la-roque-chevalier-jean-de-voyage-de-larabie-heureuse-par-locean-oriental-et-le-detroit-de-la-mer-rouge-fait-par-les-francois-pour-la-premiere-fois-dans-les-annees-1708-1709-1710\/#breadcrumb","itemListElement":[{"@type":"ListItem","position":1,"name":"Accueil","item":"https:\/\/clavreuil-wordpress.logiciel-arteo.fr\/"},{"@type":"ListItem","position":2,"name":"All our books","item":"https:\/\/clavreuil-wordpress.logiciel-arteo.fr\/en\/all-our-books\/"},{"@type":"ListItem","position":3,"name":"LA ROQUE Chevalier Jean de Voyage de l&#8217;Arabie..."}]},{"@type":"WebSite","@id":"https:\/\/clavreuil-wordpress.logiciel-arteo.fr\/#website","url":"https:\/\/clavreuil-wordpress.logiciel-arteo.fr\/","name":"Libairie Clavreuil","description":"","publisher":{"@id":"https:\/\/clavreuil-wordpress.logiciel-arteo.fr\/#organization"},"potentialAction":[{"@type":"SearchAction","target":{"@type":"EntryPoint","urlTemplate":"https:\/\/clavreuil-wordpress.logiciel-arteo.fr\/?s={search_term_string}"},"query-input":{"@type":"PropertyValueSpecification","valueRequired":true,"valueName":"search_term_string"}}],"inLanguage":"en-US"},{"@type":"Organization","@id":"https:\/\/clavreuil-wordpress.logiciel-arteo.fr\/#organization","name":"Libairie Clavreuil","url":"https:\/\/clavreuil-wordpress.logiciel-arteo.fr\/","logo":{"@type":"ImageObject","inLanguage":"en-US","@id":"https:\/\/clavreuil-wordpress.logiciel-arteo.fr\/#\/schema\/logo\/image\/","url":"https:\/\/clavreuil-wordpress.logiciel-arteo.fr\/wp-content\/uploads\/2021\/05\/LOGO_PNG_DATE-_gold.png","contentUrl":"https:\/\/clavreuil-wordpress.logiciel-arteo.fr\/wp-content\/uploads\/2021\/05\/LOGO_PNG_DATE-_gold.png","width":2083,"height":1917,"caption":"Libairie Clavreuil"},"image":{"@id":"https:\/\/clavreuil-wordpress.logiciel-arteo.fr\/#\/schema\/logo\/image\/"}}]}},"_links":{"self":[{"href":"https:\/\/clavreuil-wordpress.logiciel-arteo.fr\/en\/wp-json\/wp\/v2\/product\/75890","targetHints":{"allow":["GET"]}}],"collection":[{"href":"https:\/\/clavreuil-wordpress.logiciel-arteo.fr\/en\/wp-json\/wp\/v2\/product"}],"about":[{"href":"https:\/\/clavreuil-wordpress.logiciel-arteo.fr\/en\/wp-json\/wp\/v2\/types\/product"}],"replies":[{"embeddable":true,"href":"https:\/\/clavreuil-wordpress.logiciel-arteo.fr\/en\/wp-json\/wp\/v2\/comments?post=75890"}],"wp:featuredmedia":[{"embeddable":true,"href":"https:\/\/clavreuil-wordpress.logiciel-arteo.fr\/en\/wp-json\/wp\/v2\/media\/75881"}],"wp:attachment":[{"href":"https:\/\/clavreuil-wordpress.logiciel-arteo.fr\/en\/wp-json\/wp\/v2\/media?parent=75890"}],"wp:term":[{"taxonomy":"product_brand","embeddable":true,"href":"https:\/\/clavreuil-wordpress.logiciel-arteo.fr\/en\/wp-json\/wp\/v2\/product_brand?post=75890"},{"taxonomy":"product_cat","embeddable":true,"href":"https:\/\/clavreuil-wordpress.logiciel-arteo.fr\/en\/wp-json\/wp\/v2\/product_cat?post=75890"},{"taxonomy":"product_tag","embeddable":true,"href":"https:\/\/clavreuil-wordpress.logiciel-arteo.fr\/en\/wp-json\/wp\/v2\/product_tag?post=75890"}],"curies":[{"name":"wp","href":"https:\/\/api.w.org\/{rel}","templated":true}]}}