{"id":75900,"date":"2024-04-24T18:26:36","date_gmt":"2024-04-24T16:26:36","guid":{"rendered":"https:\/\/clavreuil-wordpress.logiciel-arteo.fr\/du-caille-louis-alexandre-etrennes-geographiques-annee-1761-royaume-de-france-divise-par-generalites-subdivise-par-elections-dioceses-baillages-etc\/"},"modified":"2024-04-24T18:27:09","modified_gmt":"2024-04-24T16:27:09","slug":"du-caille-louis-alexandre-etrennes-geographiques-annee-1761-royaume-de-france-divise-par-generalites-subdivise-par-elections-dioceses-baillages-etc","status":"publish","type":"product","link":"https:\/\/clavreuil-wordpress.logiciel-arteo.fr\/en\/du-caille-louis-alexandre-etrennes-geographiques-annee-1761-royaume-de-france-divise-par-generalites-subdivise-par-elections-dioceses-baillages-etc\/","title":{"rendered":"DU CAILLE Louis Alexandre Etrennes g\u00e9ographiques. Ann\u00e9e 1761...."},"content":{"rendered":"<p>First edition of this pocket atlas of France and its regions.<\/p>\n<p>The charming frontispiece was engraved by Tardieu after the drawing by Poussin.<\/p>\n<p>The maps include a general map of France and 30 regional maps.<\/p>\n<p>An attractive copy, complete with all its 31 maps .<\/p>\n","protected":false},"excerpt":{"rendered":"<p>16mo (116 x 80 mm) engraved title, engraved frontispiece, 2 nn.ll. with index, 31 engraved double page maps coloured in outline, 2 nn.ll. Contemporary olive green morocco, triple gilt filet on covers, spine gilt with raised bands, contemporary decorative &#039;Augsburg&#039; endpapers, gilt edges (<em>spine slightly sunned<\/em>).<\/p>\n","protected":false},"featured_media":75891,"comment_status":"open","ping_status":"closed","template":"","meta":{"_acf_changed":false},"product_brand":[],"product_cat":[552],"product_tag":[1408,1450],"class_list":{"0":"post-75900","1":"product","2":"type-product","3":"status-publish","4":"has-post-thumbnail","6":"product_cat-travel","7":"product_tag-atlas-2","8":"product_tag-first-edition","9":"pa_auteur-louis-alexandre-du-caille-2","10":"pa_type-de-livre-printed-book","12":"first","13":"instock","14":"shipping-taxable","15":"purchasable","16":"product-type-simple"},"acf":[],"yoast_head":"<!-- This site is optimized with the Yoast SEO plugin v24.3 - https:\/\/yoast.com\/wordpress\/plugins\/seo\/ -->\n<title>DU CAILLE Louis Alexandre Etrennes g\u00e9ographiques. Ann\u00e9e 1761. Royaume de France divis\u00e9 par G\u00e9n\u00e9ralit\u00e9s, Subdivis\u00e9 par Elections, Dioceses, Baillages, etc. - Libairie Clavreuil<\/title>\n<meta name=\"robots\" content=\"noindex, follow, max-snippet:-1, max-image-preview:large, max-video-preview:-1\" \/>\n<meta property=\"og:locale\" content=\"en_US\" \/>\n<meta property=\"og:type\" content=\"article\" \/>\n<meta property=\"og:title\" content=\"DU CAILLE Louis Alexandre Etrennes g\u00e9ographiques. Ann\u00e9e 1761. Royaume de France divis\u00e9 par G\u00e9n\u00e9ralit\u00e9s, Subdivis\u00e9 par Elections, Dioceses, Baillages, etc. - Libairie Clavreuil\" \/>\n<meta property=\"og:description\" content=\"16mo (116 x 80 mm) engraved title, engraved frontispiece, 2 nn.ll. with index, 31 engraved double page maps coloured in outline, 2 nn.ll. Contemporary olive green morocco, triple gilt filet on covers, spine gilt with raised bands, contemporary decorative &#039;Augsburg&#039; endpapers, gilt edges (spine slightly sunned).\" \/>\n<meta property=\"og:url\" content=\"https:\/\/clavreuil-wordpress.logiciel-arteo.fr\/en\/du-caille-louis-alexandre-etrennes-geographiques-annee-1761-royaume-de-france-divise-par-generalites-subdivise-par-elections-dioceses-baillages-etc\/\" \/>\n<meta property=\"og:site_name\" content=\"Libairie Clavreuil\" \/>\n<meta property=\"article:modified_time\" content=\"2024-04-24T16:27:09+00:00\" \/>\n<meta property=\"og:image\" content=\"https:\/\/clavreuil-wordpress.logiciel-arteo.fr\/wp-content\/uploads\/2024\/04\/louis-alexandre-du-caille-etrennes-geographiques-annee-1761-royaume-de-france-divise-par-generalites-subdivise-par-elections-dioceses-baillages-etc-48-scaled.jpg\" \/>\n\t<meta property=\"og:image:width\" content=\"2560\" \/>\n\t<meta property=\"og:image:height\" content=\"2050\" \/>\n\t<meta property=\"og:image:type\" content=\"image\/jpeg\" \/>\n<meta name=\"twitter:card\" content=\"summary_large_image\" \/>\n<script type=\"application\/ld+json\" class=\"yoast-schema-graph\">{\"@context\":\"https:\/\/schema.org\",\"@graph\":[{\"@type\":\"WebPage\",\"@id\":\"https:\/\/clavreuil-wordpress.logiciel-arteo.fr\/en\/du-caille-louis-alexandre-etrennes-geographiques-annee-1761-royaume-de-france-divise-par-generalites-subdivise-par-elections-dioceses-baillages-etc\/\",\"url\":\"https:\/\/clavreuil-wordpress.logiciel-arteo.fr\/en\/du-caille-louis-alexandre-etrennes-geographiques-annee-1761-royaume-de-france-divise-par-generalites-subdivise-par-elections-dioceses-baillages-etc\/\",\"name\":\"DU CAILLE Louis Alexandre Etrennes g\u00e9ographiques. Ann\u00e9e 1761. Royaume de France divis\u00e9 par G\u00e9n\u00e9ralit\u00e9s, Subdivis\u00e9 par Elections, Dioceses, Baillages, etc. - Libairie Clavreuil\",\"isPartOf\":{\"@id\":\"https:\/\/clavreuil-wordpress.logiciel-arteo.fr\/#website\"},\"primaryImageOfPage\":{\"@id\":\"https:\/\/clavreuil-wordpress.logiciel-arteo.fr\/en\/du-caille-louis-alexandre-etrennes-geographiques-annee-1761-royaume-de-france-divise-par-generalites-subdivise-par-elections-dioceses-baillages-etc\/#primaryimage\"},\"image\":{\"@id\":\"https:\/\/clavreuil-wordpress.logiciel-arteo.fr\/en\/du-caille-louis-alexandre-etrennes-geographiques-annee-1761-royaume-de-france-divise-par-generalites-subdivise-par-elections-dioceses-baillages-etc\/#primaryimage\"},\"thumbnailUrl\":\"https:\/\/clavreuil-wordpress.logiciel-arteo.fr\/wp-content\/uploads\/2024\/04\/louis-alexandre-du-caille-etrennes-geographiques-annee-1761-royaume-de-france-divise-par-generalites-subdivise-par-elections-dioceses-baillages-etc-48-scaled.jpg\",\"datePublished\":\"2024-04-24T16:26:36+00:00\",\"dateModified\":\"2024-04-24T16:27:09+00:00\",\"breadcrumb\":{\"@id\":\"https:\/\/clavreuil-wordpress.logiciel-arteo.fr\/en\/du-caille-louis-alexandre-etrennes-geographiques-annee-1761-royaume-de-france-divise-par-generalites-subdivise-par-elections-dioceses-baillages-etc\/#breadcrumb\"},\"inLanguage\":\"en-US\",\"potentialAction\":[{\"@type\":\"ReadAction\",\"target\":[\"https:\/\/clavreuil-wordpress.logiciel-arteo.fr\/en\/du-caille-louis-alexandre-etrennes-geographiques-annee-1761-royaume-de-france-divise-par-generalites-subdivise-par-elections-dioceses-baillages-etc\/\"]}]},{\"@type\":\"ImageObject\",\"inLanguage\":\"en-US\",\"@id\":\"https:\/\/clavreuil-wordpress.logiciel-arteo.fr\/en\/du-caille-louis-alexandre-etrennes-geographiques-annee-1761-royaume-de-france-divise-par-generalites-subdivise-par-elections-dioceses-baillages-etc\/#primaryimage\",\"url\":\"https:\/\/clavreuil-wordpress.logiciel-arteo.fr\/wp-content\/uploads\/2024\/04\/louis-alexandre-du-caille-etrennes-geographiques-annee-1761-royaume-de-france-divise-par-generalites-subdivise-par-elections-dioceses-baillages-etc-48-scaled.jpg\",\"contentUrl\":\"https:\/\/clavreuil-wordpress.logiciel-arteo.fr\/wp-content\/uploads\/2024\/04\/louis-alexandre-du-caille-etrennes-geographiques-annee-1761-royaume-de-france-divise-par-generalites-subdivise-par-elections-dioceses-baillages-etc-48-scaled.jpg\",\"width\":2560,\"height\":2050},{\"@type\":\"BreadcrumbList\",\"@id\":\"https:\/\/clavreuil-wordpress.logiciel-arteo.fr\/en\/du-caille-louis-alexandre-etrennes-geographiques-annee-1761-royaume-de-france-divise-par-generalites-subdivise-par-elections-dioceses-baillages-etc\/#breadcrumb\",\"itemListElement\":[{\"@type\":\"ListItem\",\"position\":1,\"name\":\"Accueil\",\"item\":\"https:\/\/clavreuil-wordpress.logiciel-arteo.fr\/\"},{\"@type\":\"ListItem\",\"position\":2,\"name\":\"All our books\",\"item\":\"https:\/\/clavreuil-wordpress.logiciel-arteo.fr\/en\/all-our-books\/\"},{\"@type\":\"ListItem\",\"position\":3,\"name\":\"DU CAILLE Louis Alexandre Etrennes g\u00e9ographiques. Ann\u00e9e 1761....\"}]},{\"@type\":\"WebSite\",\"@id\":\"https:\/\/clavreuil-wordpress.logiciel-arteo.fr\/#website\",\"url\":\"https:\/\/clavreuil-wordpress.logiciel-arteo.fr\/\",\"name\":\"Libairie Clavreuil\",\"description\":\"\",\"publisher\":{\"@id\":\"https:\/\/clavreuil-wordpress.logiciel-arteo.fr\/#organization\"},\"potentialAction\":[{\"@type\":\"SearchAction\",\"target\":{\"@type\":\"EntryPoint\",\"urlTemplate\":\"https:\/\/clavreuil-wordpress.logiciel-arteo.fr\/?s={search_term_string}\"},\"query-input\":{\"@type\":\"PropertyValueSpecification\",\"valueRequired\":true,\"valueName\":\"search_term_string\"}}],\"inLanguage\":\"en-US\"},{\"@type\":\"Organization\",\"@id\":\"https:\/\/clavreuil-wordpress.logiciel-arteo.fr\/#organization\",\"name\":\"Libairie Clavreuil\",\"url\":\"https:\/\/clavreuil-wordpress.logiciel-arteo.fr\/\",\"logo\":{\"@type\":\"ImageObject\",\"inLanguage\":\"en-US\",\"@id\":\"https:\/\/clavreuil-wordpress.logiciel-arteo.fr\/#\/schema\/logo\/image\/\",\"url\":\"https:\/\/clavreuil-wordpress.logiciel-arteo.fr\/wp-content\/uploads\/2021\/05\/LOGO_PNG_DATE-_gold.png\",\"contentUrl\":\"https:\/\/clavreuil-wordpress.logiciel-arteo.fr\/wp-content\/uploads\/2021\/05\/LOGO_PNG_DATE-_gold.png\",\"width\":2083,\"height\":1917,\"caption\":\"Libairie Clavreuil\"},\"image\":{\"@id\":\"https:\/\/clavreuil-wordpress.logiciel-arteo.fr\/#\/schema\/logo\/image\/\"}}]}<\/script>\n<!-- \/ Yoast SEO plugin. -->","yoast_head_json":{"title":"DU CAILLE Louis Alexandre Etrennes g\u00e9ographiques. Ann\u00e9e 1761. Royaume de France divis\u00e9 par G\u00e9n\u00e9ralit\u00e9s, Subdivis\u00e9 par Elections, Dioceses, Baillages, etc. - Libairie Clavreuil","robots":{"index":"noindex","follow":"follow","max-snippet":"max-snippet:-1","max-image-preview":"max-image-preview:large","max-video-preview":"max-video-preview:-1"},"og_locale":"en_US","og_type":"article","og_title":"DU CAILLE Louis Alexandre Etrennes g\u00e9ographiques. Ann\u00e9e 1761. Royaume de France divis\u00e9 par G\u00e9n\u00e9ralit\u00e9s, Subdivis\u00e9 par Elections, Dioceses, Baillages, etc. - Libairie Clavreuil","og_description":"16mo (116 x 80 mm) engraved title, engraved frontispiece, 2 nn.ll. with index, 31 engraved double page maps coloured in outline, 2 nn.ll. Contemporary olive green morocco, triple gilt filet on covers, spine gilt with raised bands, contemporary decorative &#039;Augsburg&#039; endpapers, gilt edges (spine slightly sunned).","og_url":"https:\/\/clavreuil-wordpress.logiciel-arteo.fr\/en\/du-caille-louis-alexandre-etrennes-geographiques-annee-1761-royaume-de-france-divise-par-generalites-subdivise-par-elections-dioceses-baillages-etc\/","og_site_name":"Libairie Clavreuil","article_modified_time":"2024-04-24T16:27:09+00:00","og_image":[{"width":2560,"height":2050,"url":"https:\/\/clavreuil-wordpress.logiciel-arteo.fr\/wp-content\/uploads\/2024\/04\/louis-alexandre-du-caille-etrennes-geographiques-annee-1761-royaume-de-france-divise-par-generalites-subdivise-par-elections-dioceses-baillages-etc-48-scaled.jpg","type":"image\/jpeg"}],"twitter_card":"summary_large_image","schema":{"@context":"https:\/\/schema.org","@graph":[{"@type":"WebPage","@id":"https:\/\/clavreuil-wordpress.logiciel-arteo.fr\/en\/du-caille-louis-alexandre-etrennes-geographiques-annee-1761-royaume-de-france-divise-par-generalites-subdivise-par-elections-dioceses-baillages-etc\/","url":"https:\/\/clavreuil-wordpress.logiciel-arteo.fr\/en\/du-caille-louis-alexandre-etrennes-geographiques-annee-1761-royaume-de-france-divise-par-generalites-subdivise-par-elections-dioceses-baillages-etc\/","name":"DU CAILLE Louis Alexandre Etrennes g\u00e9ographiques. Ann\u00e9e 1761. Royaume de France divis\u00e9 par G\u00e9n\u00e9ralit\u00e9s, Subdivis\u00e9 par Elections, Dioceses, Baillages, etc. - Libairie Clavreuil","isPartOf":{"@id":"https:\/\/clavreuil-wordpress.logiciel-arteo.fr\/#website"},"primaryImageOfPage":{"@id":"https:\/\/clavreuil-wordpress.logiciel-arteo.fr\/en\/du-caille-louis-alexandre-etrennes-geographiques-annee-1761-royaume-de-france-divise-par-generalites-subdivise-par-elections-dioceses-baillages-etc\/#primaryimage"},"image":{"@id":"https:\/\/clavreuil-wordpress.logiciel-arteo.fr\/en\/du-caille-louis-alexandre-etrennes-geographiques-annee-1761-royaume-de-france-divise-par-generalites-subdivise-par-elections-dioceses-baillages-etc\/#primaryimage"},"thumbnailUrl":"https:\/\/clavreuil-wordpress.logiciel-arteo.fr\/wp-content\/uploads\/2024\/04\/louis-alexandre-du-caille-etrennes-geographiques-annee-1761-royaume-de-france-divise-par-generalites-subdivise-par-elections-dioceses-baillages-etc-48-scaled.jpg","datePublished":"2024-04-24T16:26:36+00:00","dateModified":"2024-04-24T16:27:09+00:00","breadcrumb":{"@id":"https:\/\/clavreuil-wordpress.logiciel-arteo.fr\/en\/du-caille-louis-alexandre-etrennes-geographiques-annee-1761-royaume-de-france-divise-par-generalites-subdivise-par-elections-dioceses-baillages-etc\/#breadcrumb"},"inLanguage":"en-US","potentialAction":[{"@type":"ReadAction","target":["https:\/\/clavreuil-wordpress.logiciel-arteo.fr\/en\/du-caille-louis-alexandre-etrennes-geographiques-annee-1761-royaume-de-france-divise-par-generalites-subdivise-par-elections-dioceses-baillages-etc\/"]}]},{"@type":"ImageObject","inLanguage":"en-US","@id":"https:\/\/clavreuil-wordpress.logiciel-arteo.fr\/en\/du-caille-louis-alexandre-etrennes-geographiques-annee-1761-royaume-de-france-divise-par-generalites-subdivise-par-elections-dioceses-baillages-etc\/#primaryimage","url":"https:\/\/clavreuil-wordpress.logiciel-arteo.fr\/wp-content\/uploads\/2024\/04\/louis-alexandre-du-caille-etrennes-geographiques-annee-1761-royaume-de-france-divise-par-generalites-subdivise-par-elections-dioceses-baillages-etc-48-scaled.jpg","contentUrl":"https:\/\/clavreuil-wordpress.logiciel-arteo.fr\/wp-content\/uploads\/2024\/04\/louis-alexandre-du-caille-etrennes-geographiques-annee-1761-royaume-de-france-divise-par-generalites-subdivise-par-elections-dioceses-baillages-etc-48-scaled.jpg","width":2560,"height":2050},{"@type":"BreadcrumbList","@id":"https:\/\/clavreuil-wordpress.logiciel-arteo.fr\/en\/du-caille-louis-alexandre-etrennes-geographiques-annee-1761-royaume-de-france-divise-par-generalites-subdivise-par-elections-dioceses-baillages-etc\/#breadcrumb","itemListElement":[{"@type":"ListItem","position":1,"name":"Accueil","item":"https:\/\/clavreuil-wordpress.logiciel-arteo.fr\/"},{"@type":"ListItem","position":2,"name":"All our books","item":"https:\/\/clavreuil-wordpress.logiciel-arteo.fr\/en\/all-our-books\/"},{"@type":"ListItem","position":3,"name":"DU CAILLE Louis Alexandre Etrennes g\u00e9ographiques. Ann\u00e9e 1761...."}]},{"@type":"WebSite","@id":"https:\/\/clavreuil-wordpress.logiciel-arteo.fr\/#website","url":"https:\/\/clavreuil-wordpress.logiciel-arteo.fr\/","name":"Libairie Clavreuil","description":"","publisher":{"@id":"https:\/\/clavreuil-wordpress.logiciel-arteo.fr\/#organization"},"potentialAction":[{"@type":"SearchAction","target":{"@type":"EntryPoint","urlTemplate":"https:\/\/clavreuil-wordpress.logiciel-arteo.fr\/?s={search_term_string}"},"query-input":{"@type":"PropertyValueSpecification","valueRequired":true,"valueName":"search_term_string"}}],"inLanguage":"en-US"},{"@type":"Organization","@id":"https:\/\/clavreuil-wordpress.logiciel-arteo.fr\/#organization","name":"Libairie Clavreuil","url":"https:\/\/clavreuil-wordpress.logiciel-arteo.fr\/","logo":{"@type":"ImageObject","inLanguage":"en-US","@id":"https:\/\/clavreuil-wordpress.logiciel-arteo.fr\/#\/schema\/logo\/image\/","url":"https:\/\/clavreuil-wordpress.logiciel-arteo.fr\/wp-content\/uploads\/2021\/05\/LOGO_PNG_DATE-_gold.png","contentUrl":"https:\/\/clavreuil-wordpress.logiciel-arteo.fr\/wp-content\/uploads\/2021\/05\/LOGO_PNG_DATE-_gold.png","width":2083,"height":1917,"caption":"Libairie Clavreuil"},"image":{"@id":"https:\/\/clavreuil-wordpress.logiciel-arteo.fr\/#\/schema\/logo\/image\/"}}]}},"_links":{"self":[{"href":"https:\/\/clavreuil-wordpress.logiciel-arteo.fr\/en\/wp-json\/wp\/v2\/product\/75900","targetHints":{"allow":["GET"]}}],"collection":[{"href":"https:\/\/clavreuil-wordpress.logiciel-arteo.fr\/en\/wp-json\/wp\/v2\/product"}],"about":[{"href":"https:\/\/clavreuil-wordpress.logiciel-arteo.fr\/en\/wp-json\/wp\/v2\/types\/product"}],"replies":[{"embeddable":true,"href":"https:\/\/clavreuil-wordpress.logiciel-arteo.fr\/en\/wp-json\/wp\/v2\/comments?post=75900"}],"wp:featuredmedia":[{"embeddable":true,"href":"https:\/\/clavreuil-wordpress.logiciel-arteo.fr\/en\/wp-json\/wp\/v2\/media\/75891"}],"wp:attachment":[{"href":"https:\/\/clavreuil-wordpress.logiciel-arteo.fr\/en\/wp-json\/wp\/v2\/media?parent=75900"}],"wp:term":[{"taxonomy":"product_brand","embeddable":true,"href":"https:\/\/clavreuil-wordpress.logiciel-arteo.fr\/en\/wp-json\/wp\/v2\/product_brand?post=75900"},{"taxonomy":"product_cat","embeddable":true,"href":"https:\/\/clavreuil-wordpress.logiciel-arteo.fr\/en\/wp-json\/wp\/v2\/product_cat?post=75900"},{"taxonomy":"product_tag","embeddable":true,"href":"https:\/\/clavreuil-wordpress.logiciel-arteo.fr\/en\/wp-json\/wp\/v2\/product_tag?post=75900"}],"curies":[{"name":"wp","href":"https:\/\/api.w.org\/{rel}","templated":true}]}}