{"id":75936,"date":"2024-04-24T18:29:54","date_gmt":"2024-04-24T16:29:54","guid":{"rendered":"https:\/\/clavreuil-wordpress.logiciel-arteo.fr\/las-cases-barthelemy-journal-ecrit-a-bord-de-la-fregate-la-belle-poule\/"},"modified":"2024-04-24T18:30:39","modified_gmt":"2024-04-24T16:30:39","slug":"las-cases-barthelemy-journal-ecrit-a-bord-de-la-fregate-la-belle-poule","status":"publish","type":"product","link":"https:\/\/clavreuil-wordpress.logiciel-arteo.fr\/en\/las-cases-barthelemy-journal-ecrit-a-bord-de-la-fregate-la-belle-poule\/","title":{"rendered":"LAS CASES Barth\u00e9lemy Journal \u00e9crit \u00e0 bord de..."},"content":{"rendered":"<p>First edition.<\/p>\n<p>It contains the account of the transfer of Napoleon&#039;s remains from St Helena to mainland France in 1840, written by Emmanuel-Pons-Dieudonn&eacute; de Las Cases, &quot;nomm&eacute; page de l&#039;Empereur &agrave; la fin des cent jours, alors &acirc;g&eacute; de de seize ans, [il] suivit &agrave; Sainte-H&eacute;l&egrave;ne l&#039;illsutre exil&eacute;&quot; (foreword).<\/p>\n<p>The plates show Napoleon at the opening of the coffin, the island of Saint Helena and a view of Longwood, Napoleon&#039;s tomb, the coffin on board La Belle-Poule, and the plan and section of Napoleon&#039;s tomb at Stainte. Helene.<\/p>\n<p>Occasional foxing, otherwise a fine copy.<\/p>\n","protected":false},"excerpt":{"rendered":"<p>8vo (228 x 149 mm) of 18, 321 pp. 5 lithographed plates. Black half morocco, spine gilt with raised bands, mosaic coat of arms (merchant lion) on tail (<em>2nd half of 19th century binding<\/em>).<\/p>\n","protected":false},"featured_media":75929,"comment_status":"open","ping_status":"closed","template":"","meta":{"_acf_changed":false},"product_brand":[],"product_cat":[552],"product_tag":[1450,1213],"class_list":{"0":"post-75936","1":"product","2":"type-product","3":"status-publish","4":"has-post-thumbnail","6":"product_cat-travel","7":"product_tag-first-edition","8":"product_tag-history","9":"pa_auteur-barthelemy-las-cases-2","10":"pa_type-de-livre-printed-book","12":"first","13":"instock","14":"shipping-taxable","15":"purchasable","16":"product-type-simple"},"acf":[],"yoast_head":"<!-- This site is optimized with the Yoast SEO plugin v24.3 - https:\/\/yoast.com\/wordpress\/plugins\/seo\/ -->\n<title>LAS CASES Barth\u00e9lemy Journal \u00e9crit \u00e0 bord de la fr\u00e9gate La Belle-Poule. - Libairie Clavreuil<\/title>\n<meta name=\"robots\" content=\"noindex, follow, max-snippet:-1, max-image-preview:large, max-video-preview:-1\" \/>\n<meta property=\"og:locale\" content=\"en_US\" \/>\n<meta property=\"og:type\" content=\"article\" \/>\n<meta property=\"og:title\" content=\"LAS CASES Barth\u00e9lemy Journal \u00e9crit \u00e0 bord de la fr\u00e9gate La Belle-Poule. - Libairie Clavreuil\" \/>\n<meta property=\"og:description\" content=\"8vo (228 x 149 mm) of 18, 321 pp. 5 lithographed plates. Black half morocco, spine gilt with raised bands, mosaic coat of arms (merchant lion) on tail (2nd half of 19th century binding).\" \/>\n<meta property=\"og:url\" content=\"https:\/\/clavreuil-wordpress.logiciel-arteo.fr\/en\/las-cases-barthelemy-journal-ecrit-a-bord-de-la-fregate-la-belle-poule\/\" \/>\n<meta property=\"og:site_name\" content=\"Libairie Clavreuil\" \/>\n<meta property=\"article:modified_time\" content=\"2024-04-24T16:30:39+00:00\" \/>\n<meta property=\"og:image\" content=\"https:\/\/clavreuil-wordpress.logiciel-arteo.fr\/wp-content\/uploads\/2024\/04\/barthelemy-las-cases-journal-ecrit-a-bord-de-la-fregate-la-belle-poule-8476-65fb08449e02c-scaled.jpg\" \/>\n\t<meta property=\"og:image:width\" content=\"2560\" \/>\n\t<meta property=\"og:image:height\" content=\"1702\" \/>\n\t<meta property=\"og:image:type\" content=\"image\/jpeg\" \/>\n<meta name=\"twitter:card\" content=\"summary_large_image\" \/>\n<meta name=\"twitter:label1\" content=\"Est. reading time\" \/>\n\t<meta name=\"twitter:data1\" content=\"1 minute\" \/>\n<script type=\"application\/ld+json\" class=\"yoast-schema-graph\">{\"@context\":\"https:\/\/schema.org\",\"@graph\":[{\"@type\":\"WebPage\",\"@id\":\"https:\/\/clavreuil-wordpress.logiciel-arteo.fr\/en\/las-cases-barthelemy-journal-ecrit-a-bord-de-la-fregate-la-belle-poule\/\",\"url\":\"https:\/\/clavreuil-wordpress.logiciel-arteo.fr\/en\/las-cases-barthelemy-journal-ecrit-a-bord-de-la-fregate-la-belle-poule\/\",\"name\":\"LAS CASES Barth\u00e9lemy Journal \u00e9crit \u00e0 bord de la fr\u00e9gate La Belle-Poule. - Libairie Clavreuil\",\"isPartOf\":{\"@id\":\"https:\/\/clavreuil-wordpress.logiciel-arteo.fr\/#website\"},\"primaryImageOfPage\":{\"@id\":\"https:\/\/clavreuil-wordpress.logiciel-arteo.fr\/en\/las-cases-barthelemy-journal-ecrit-a-bord-de-la-fregate-la-belle-poule\/#primaryimage\"},\"image\":{\"@id\":\"https:\/\/clavreuil-wordpress.logiciel-arteo.fr\/en\/las-cases-barthelemy-journal-ecrit-a-bord-de-la-fregate-la-belle-poule\/#primaryimage\"},\"thumbnailUrl\":\"https:\/\/clavreuil-wordpress.logiciel-arteo.fr\/wp-content\/uploads\/2024\/04\/barthelemy-las-cases-journal-ecrit-a-bord-de-la-fregate-la-belle-poule-8476-65fb08449e02c-scaled.jpg\",\"datePublished\":\"2024-04-24T16:29:54+00:00\",\"dateModified\":\"2024-04-24T16:30:39+00:00\",\"breadcrumb\":{\"@id\":\"https:\/\/clavreuil-wordpress.logiciel-arteo.fr\/en\/las-cases-barthelemy-journal-ecrit-a-bord-de-la-fregate-la-belle-poule\/#breadcrumb\"},\"inLanguage\":\"en-US\",\"potentialAction\":[{\"@type\":\"ReadAction\",\"target\":[\"https:\/\/clavreuil-wordpress.logiciel-arteo.fr\/en\/las-cases-barthelemy-journal-ecrit-a-bord-de-la-fregate-la-belle-poule\/\"]}]},{\"@type\":\"ImageObject\",\"inLanguage\":\"en-US\",\"@id\":\"https:\/\/clavreuil-wordpress.logiciel-arteo.fr\/en\/las-cases-barthelemy-journal-ecrit-a-bord-de-la-fregate-la-belle-poule\/#primaryimage\",\"url\":\"https:\/\/clavreuil-wordpress.logiciel-arteo.fr\/wp-content\/uploads\/2024\/04\/barthelemy-las-cases-journal-ecrit-a-bord-de-la-fregate-la-belle-poule-8476-65fb08449e02c-scaled.jpg\",\"contentUrl\":\"https:\/\/clavreuil-wordpress.logiciel-arteo.fr\/wp-content\/uploads\/2024\/04\/barthelemy-las-cases-journal-ecrit-a-bord-de-la-fregate-la-belle-poule-8476-65fb08449e02c-scaled.jpg\",\"width\":2560,\"height\":1702},{\"@type\":\"BreadcrumbList\",\"@id\":\"https:\/\/clavreuil-wordpress.logiciel-arteo.fr\/en\/las-cases-barthelemy-journal-ecrit-a-bord-de-la-fregate-la-belle-poule\/#breadcrumb\",\"itemListElement\":[{\"@type\":\"ListItem\",\"position\":1,\"name\":\"Accueil\",\"item\":\"https:\/\/clavreuil-wordpress.logiciel-arteo.fr\/\"},{\"@type\":\"ListItem\",\"position\":2,\"name\":\"All our books\",\"item\":\"https:\/\/clavreuil-wordpress.logiciel-arteo.fr\/en\/all-our-books\/\"},{\"@type\":\"ListItem\",\"position\":3,\"name\":\"LAS CASES Barth\u00e9lemy Journal \u00e9crit \u00e0 bord de...\"}]},{\"@type\":\"WebSite\",\"@id\":\"https:\/\/clavreuil-wordpress.logiciel-arteo.fr\/#website\",\"url\":\"https:\/\/clavreuil-wordpress.logiciel-arteo.fr\/\",\"name\":\"Libairie Clavreuil\",\"description\":\"\",\"publisher\":{\"@id\":\"https:\/\/clavreuil-wordpress.logiciel-arteo.fr\/#organization\"},\"potentialAction\":[{\"@type\":\"SearchAction\",\"target\":{\"@type\":\"EntryPoint\",\"urlTemplate\":\"https:\/\/clavreuil-wordpress.logiciel-arteo.fr\/?s={search_term_string}\"},\"query-input\":{\"@type\":\"PropertyValueSpecification\",\"valueRequired\":true,\"valueName\":\"search_term_string\"}}],\"inLanguage\":\"en-US\"},{\"@type\":\"Organization\",\"@id\":\"https:\/\/clavreuil-wordpress.logiciel-arteo.fr\/#organization\",\"name\":\"Libairie Clavreuil\",\"url\":\"https:\/\/clavreuil-wordpress.logiciel-arteo.fr\/\",\"logo\":{\"@type\":\"ImageObject\",\"inLanguage\":\"en-US\",\"@id\":\"https:\/\/clavreuil-wordpress.logiciel-arteo.fr\/#\/schema\/logo\/image\/\",\"url\":\"https:\/\/clavreuil-wordpress.logiciel-arteo.fr\/wp-content\/uploads\/2021\/05\/LOGO_PNG_DATE-_gold.png\",\"contentUrl\":\"https:\/\/clavreuil-wordpress.logiciel-arteo.fr\/wp-content\/uploads\/2021\/05\/LOGO_PNG_DATE-_gold.png\",\"width\":2083,\"height\":1917,\"caption\":\"Libairie Clavreuil\"},\"image\":{\"@id\":\"https:\/\/clavreuil-wordpress.logiciel-arteo.fr\/#\/schema\/logo\/image\/\"}}]}<\/script>\n<!-- \/ Yoast SEO plugin. -->","yoast_head_json":{"title":"LAS CASES Barth\u00e9lemy Journal \u00e9crit \u00e0 bord de la fr\u00e9gate La Belle-Poule. - Libairie Clavreuil","robots":{"index":"noindex","follow":"follow","max-snippet":"max-snippet:-1","max-image-preview":"max-image-preview:large","max-video-preview":"max-video-preview:-1"},"og_locale":"en_US","og_type":"article","og_title":"LAS CASES Barth\u00e9lemy Journal \u00e9crit \u00e0 bord de la fr\u00e9gate La Belle-Poule. - Libairie Clavreuil","og_description":"8vo (228 x 149 mm) of 18, 321 pp. 5 lithographed plates. Black half morocco, spine gilt with raised bands, mosaic coat of arms (merchant lion) on tail (2nd half of 19th century binding).","og_url":"https:\/\/clavreuil-wordpress.logiciel-arteo.fr\/en\/las-cases-barthelemy-journal-ecrit-a-bord-de-la-fregate-la-belle-poule\/","og_site_name":"Libairie Clavreuil","article_modified_time":"2024-04-24T16:30:39+00:00","og_image":[{"width":2560,"height":1702,"url":"https:\/\/clavreuil-wordpress.logiciel-arteo.fr\/wp-content\/uploads\/2024\/04\/barthelemy-las-cases-journal-ecrit-a-bord-de-la-fregate-la-belle-poule-8476-65fb08449e02c-scaled.jpg","type":"image\/jpeg"}],"twitter_card":"summary_large_image","twitter_misc":{"Est. reading time":"1 minute"},"schema":{"@context":"https:\/\/schema.org","@graph":[{"@type":"WebPage","@id":"https:\/\/clavreuil-wordpress.logiciel-arteo.fr\/en\/las-cases-barthelemy-journal-ecrit-a-bord-de-la-fregate-la-belle-poule\/","url":"https:\/\/clavreuil-wordpress.logiciel-arteo.fr\/en\/las-cases-barthelemy-journal-ecrit-a-bord-de-la-fregate-la-belle-poule\/","name":"LAS CASES Barth\u00e9lemy Journal \u00e9crit \u00e0 bord de la fr\u00e9gate La Belle-Poule. - Libairie Clavreuil","isPartOf":{"@id":"https:\/\/clavreuil-wordpress.logiciel-arteo.fr\/#website"},"primaryImageOfPage":{"@id":"https:\/\/clavreuil-wordpress.logiciel-arteo.fr\/en\/las-cases-barthelemy-journal-ecrit-a-bord-de-la-fregate-la-belle-poule\/#primaryimage"},"image":{"@id":"https:\/\/clavreuil-wordpress.logiciel-arteo.fr\/en\/las-cases-barthelemy-journal-ecrit-a-bord-de-la-fregate-la-belle-poule\/#primaryimage"},"thumbnailUrl":"https:\/\/clavreuil-wordpress.logiciel-arteo.fr\/wp-content\/uploads\/2024\/04\/barthelemy-las-cases-journal-ecrit-a-bord-de-la-fregate-la-belle-poule-8476-65fb08449e02c-scaled.jpg","datePublished":"2024-04-24T16:29:54+00:00","dateModified":"2024-04-24T16:30:39+00:00","breadcrumb":{"@id":"https:\/\/clavreuil-wordpress.logiciel-arteo.fr\/en\/las-cases-barthelemy-journal-ecrit-a-bord-de-la-fregate-la-belle-poule\/#breadcrumb"},"inLanguage":"en-US","potentialAction":[{"@type":"ReadAction","target":["https:\/\/clavreuil-wordpress.logiciel-arteo.fr\/en\/las-cases-barthelemy-journal-ecrit-a-bord-de-la-fregate-la-belle-poule\/"]}]},{"@type":"ImageObject","inLanguage":"en-US","@id":"https:\/\/clavreuil-wordpress.logiciel-arteo.fr\/en\/las-cases-barthelemy-journal-ecrit-a-bord-de-la-fregate-la-belle-poule\/#primaryimage","url":"https:\/\/clavreuil-wordpress.logiciel-arteo.fr\/wp-content\/uploads\/2024\/04\/barthelemy-las-cases-journal-ecrit-a-bord-de-la-fregate-la-belle-poule-8476-65fb08449e02c-scaled.jpg","contentUrl":"https:\/\/clavreuil-wordpress.logiciel-arteo.fr\/wp-content\/uploads\/2024\/04\/barthelemy-las-cases-journal-ecrit-a-bord-de-la-fregate-la-belle-poule-8476-65fb08449e02c-scaled.jpg","width":2560,"height":1702},{"@type":"BreadcrumbList","@id":"https:\/\/clavreuil-wordpress.logiciel-arteo.fr\/en\/las-cases-barthelemy-journal-ecrit-a-bord-de-la-fregate-la-belle-poule\/#breadcrumb","itemListElement":[{"@type":"ListItem","position":1,"name":"Accueil","item":"https:\/\/clavreuil-wordpress.logiciel-arteo.fr\/"},{"@type":"ListItem","position":2,"name":"All our books","item":"https:\/\/clavreuil-wordpress.logiciel-arteo.fr\/en\/all-our-books\/"},{"@type":"ListItem","position":3,"name":"LAS CASES Barth\u00e9lemy Journal \u00e9crit \u00e0 bord de..."}]},{"@type":"WebSite","@id":"https:\/\/clavreuil-wordpress.logiciel-arteo.fr\/#website","url":"https:\/\/clavreuil-wordpress.logiciel-arteo.fr\/","name":"Libairie Clavreuil","description":"","publisher":{"@id":"https:\/\/clavreuil-wordpress.logiciel-arteo.fr\/#organization"},"potentialAction":[{"@type":"SearchAction","target":{"@type":"EntryPoint","urlTemplate":"https:\/\/clavreuil-wordpress.logiciel-arteo.fr\/?s={search_term_string}"},"query-input":{"@type":"PropertyValueSpecification","valueRequired":true,"valueName":"search_term_string"}}],"inLanguage":"en-US"},{"@type":"Organization","@id":"https:\/\/clavreuil-wordpress.logiciel-arteo.fr\/#organization","name":"Libairie Clavreuil","url":"https:\/\/clavreuil-wordpress.logiciel-arteo.fr\/","logo":{"@type":"ImageObject","inLanguage":"en-US","@id":"https:\/\/clavreuil-wordpress.logiciel-arteo.fr\/#\/schema\/logo\/image\/","url":"https:\/\/clavreuil-wordpress.logiciel-arteo.fr\/wp-content\/uploads\/2021\/05\/LOGO_PNG_DATE-_gold.png","contentUrl":"https:\/\/clavreuil-wordpress.logiciel-arteo.fr\/wp-content\/uploads\/2021\/05\/LOGO_PNG_DATE-_gold.png","width":2083,"height":1917,"caption":"Libairie Clavreuil"},"image":{"@id":"https:\/\/clavreuil-wordpress.logiciel-arteo.fr\/#\/schema\/logo\/image\/"}}]}},"_links":{"self":[{"href":"https:\/\/clavreuil-wordpress.logiciel-arteo.fr\/en\/wp-json\/wp\/v2\/product\/75936","targetHints":{"allow":["GET"]}}],"collection":[{"href":"https:\/\/clavreuil-wordpress.logiciel-arteo.fr\/en\/wp-json\/wp\/v2\/product"}],"about":[{"href":"https:\/\/clavreuil-wordpress.logiciel-arteo.fr\/en\/wp-json\/wp\/v2\/types\/product"}],"replies":[{"embeddable":true,"href":"https:\/\/clavreuil-wordpress.logiciel-arteo.fr\/en\/wp-json\/wp\/v2\/comments?post=75936"}],"wp:featuredmedia":[{"embeddable":true,"href":"https:\/\/clavreuil-wordpress.logiciel-arteo.fr\/en\/wp-json\/wp\/v2\/media\/75929"}],"wp:attachment":[{"href":"https:\/\/clavreuil-wordpress.logiciel-arteo.fr\/en\/wp-json\/wp\/v2\/media?parent=75936"}],"wp:term":[{"taxonomy":"product_brand","embeddable":true,"href":"https:\/\/clavreuil-wordpress.logiciel-arteo.fr\/en\/wp-json\/wp\/v2\/product_brand?post=75936"},{"taxonomy":"product_cat","embeddable":true,"href":"https:\/\/clavreuil-wordpress.logiciel-arteo.fr\/en\/wp-json\/wp\/v2\/product_cat?post=75936"},{"taxonomy":"product_tag","embeddable":true,"href":"https:\/\/clavreuil-wordpress.logiciel-arteo.fr\/en\/wp-json\/wp\/v2\/product_tag?post=75936"}],"curies":[{"name":"wp","href":"https:\/\/api.w.org\/{rel}","templated":true}]}}