{"id":75970,"date":"2024-04-24T18:33:17","date_gmt":"2024-04-24T16:33:17","guid":{"rendered":"https:\/\/clavreuil-wordpress.logiciel-arteo.fr\/burnes-alexandre-voyages-de-lembouchure-de-lindus-a-lahore-caboul-balkh-et-a-boukhara-et-retour-par-la-perse-pendant-les-annees-1831-1832-et-1833-traduits-par-j-b-b-eyries\/"},"modified":"2024-04-24T18:34:28","modified_gmt":"2024-04-24T16:34:28","slug":"burnes-alexandre-voyages-de-lembouchure-de-lindus-a-lahore-caboul-balkh-et-a-boukhara-et-retour-par-la-perse-pendant-les-annees-1831-1832-et-1833-traduits-par-j-b-b-eyries","status":"publish","type":"product","link":"https:\/\/clavreuil-wordpress.logiciel-arteo.fr\/en\/burnes-alexandre-voyages-de-lembouchure-de-lindus-a-lahore-caboul-balkh-et-a-boukhara-et-retour-par-la-perse-pendant-les-annees-1831-1832-et-1833-traduits-par-j-b-b-eyries\/","title":{"rendered":"BURNES Alexandre Voyages de l&#8217;embouchure de l&#8217;Indus \u00e0..."},"content":{"rendered":"<p style=\"text-align:justify\">Chadenat, 4227.<\/p>\n<p style=\"text-align:justify\">First French edition.<\/p>\n<p style=\"text-align:justify\">The translation was made by the geographer Jean-Baptiste Eyries. This edition of the diplomatic travels in Central Asia by Alexander Burnes (1805-1841), officer of the East India Company and British explorer, contains valuable information on Pakistan, Afghanistan, Turkestan and Uzbekistan. Burnes has shown a major interest in history and its vestiges as well as in politics, to which he naturally associates the human element. He also describes the Asian customs. The missions were a great opportunity for advanced research in the field of geology, the search for mineral resources, the study of agricultural resources, the navigability of rivers, irrigation, physical and human geography, chemistry, even alchemy, which fascinates the Afghans (Nadine Andre, Alexander Burnes, un h&eacute;ritier des Lumi&egrave;res &eacute;cossaises dans le sous-continent indien a l&rsquo;&acirc;ge des reformes in <em>&Eacute;tudes &eacute;cossaises<\/em>, 14, 2001). At the end of volume III, the authors&rsquo;s <em>Observations on the collections of bacterial medal and others can be found <\/em>(pp. 369-389).<\/p>\n<p style=\"text-align:justify\">Burnes travel stories, first published in London in 1834, were a great editiorial succes ans still are. The atlas is complete with 11 beautiful lithographies, including a representation of the monumental Buddhas of Bamyan destroyed by the Taliban in 2001, and a large folding map. The first plate, a beautiful portrait, is the author himself dressed as a Bokharra.<\/p>\n<p style=\"text-align:justify\">Text slightly foxed, in the volume three two corners torn not affecting text (pages 185-188). Else a beautiful and complete copy.<\/p>\n","protected":false},"excerpt":{"rendered":"<p>3 text volumes in-8 (203 x 127 mm) and one small atlas in-4 (230 x 142 mm). Text: 2 unn.ll., XI, 354 pp. for the volume I; 2 unn.ll., VIII, 375 pp. for the volume II; 2 unn.ll., 392 pp. for the volume III. Atlas: 2 unn.ll., 12 plates (11 lithographies, and one large engraved folding map). Text in green sheep backed boards, flat spine with a decorated cipher &lsquo;V.C.&rsquo; at foot, atlas bound in style.<\/p>\n","protected":false},"featured_media":75961,"comment_status":"open","ping_status":"closed","template":"","meta":{"_acf_changed":false},"product_brand":[],"product_cat":[552],"product_tag":[1382,1400,1402],"class_list":{"0":"post-75970","1":"product","2":"type-product","3":"status-publish","4":"has-post-thumbnail","6":"product_cat-travel","7":"product_tag-asia","8":"product_tag-persia","9":"product_tag-turkey","10":"pa_auteur-alexandre-burnes-2","11":"pa_type-de-livre-printed-book","13":"first","14":"instock","15":"shipping-taxable","16":"purchasable","17":"product-type-simple"},"acf":[],"yoast_head":"<!-- This site is optimized with the Yoast SEO plugin v24.3 - https:\/\/yoast.com\/wordpress\/plugins\/seo\/ -->\n<title>BURNES Alexandre Voyages de l&#039;embouchure de l&#039;Indus \u00e0 Lahore, Caboul, Balkh et \u00e0 Boukhara ; et retour par la Perse pendant les ann\u00e9es 1831, 1832 et 1833. Traduits par J.-B.-B. Eyri\u00e8s. - Libairie Clavreuil<\/title>\n<meta name=\"robots\" content=\"noindex, follow, max-snippet:-1, max-image-preview:large, max-video-preview:-1\" \/>\n<meta property=\"og:locale\" content=\"en_US\" \/>\n<meta property=\"og:type\" content=\"article\" \/>\n<meta property=\"og:title\" content=\"BURNES Alexandre Voyages de l&#039;embouchure de l&#039;Indus \u00e0 Lahore, Caboul, Balkh et \u00e0 Boukhara ; et retour par la Perse pendant les ann\u00e9es 1831, 1832 et 1833. Traduits par J.-B.-B. Eyri\u00e8s. - Libairie Clavreuil\" \/>\n<meta property=\"og:description\" content=\"3 text volumes in-8 (203 x 127 mm) and one small atlas in-4 (230 x 142 mm). Text: 2 unn.ll., XI, 354 pp. for the volume I; 2 unn.ll., VIII, 375 pp. for the volume II; 2 unn.ll., 392 pp. for the volume III. Atlas: 2 unn.ll., 12 plates (11 lithographies, and one large engraved folding map). Text in green sheep backed boards, flat spine with a decorated cipher &lsquo;V.C.&rsquo; at foot, atlas bound in style.\" \/>\n<meta property=\"og:url\" content=\"https:\/\/clavreuil-wordpress.logiciel-arteo.fr\/en\/burnes-alexandre-voyages-de-lembouchure-de-lindus-a-lahore-caboul-balkh-et-a-boukhara-et-retour-par-la-perse-pendant-les-annees-1831-1832-et-1833-traduits-par-j-b-b-eyries\/\" \/>\n<meta property=\"og:site_name\" content=\"Libairie Clavreuil\" \/>\n<meta property=\"article:modified_time\" content=\"2024-04-24T16:34:28+00:00\" \/>\n<meta property=\"og:image\" content=\"https:\/\/clavreuil-wordpress.logiciel-arteo.fr\/wp-content\/uploads\/2024\/04\/alexandre-burnes-voyages-de-l-embouchure-de-l-indus-a-lahore-caboul-balkh-et-a-boukhara-et-retour-par-la-perse-pendant-les-annees-1831-1832-et-1833-tr-scaled.jpg\" \/>\n\t<meta property=\"og:image:width\" content=\"1582\" \/>\n\t<meta property=\"og:image:height\" content=\"2560\" \/>\n\t<meta property=\"og:image:type\" content=\"image\/jpeg\" \/>\n<meta name=\"twitter:card\" content=\"summary_large_image\" \/>\n<meta name=\"twitter:label1\" content=\"Est. reading time\" \/>\n\t<meta name=\"twitter:data1\" content=\"1 minute\" \/>\n<script type=\"application\/ld+json\" class=\"yoast-schema-graph\">{\"@context\":\"https:\/\/schema.org\",\"@graph\":[{\"@type\":\"WebPage\",\"@id\":\"https:\/\/clavreuil-wordpress.logiciel-arteo.fr\/en\/burnes-alexandre-voyages-de-lembouchure-de-lindus-a-lahore-caboul-balkh-et-a-boukhara-et-retour-par-la-perse-pendant-les-annees-1831-1832-et-1833-traduits-par-j-b-b-eyries\/\",\"url\":\"https:\/\/clavreuil-wordpress.logiciel-arteo.fr\/en\/burnes-alexandre-voyages-de-lembouchure-de-lindus-a-lahore-caboul-balkh-et-a-boukhara-et-retour-par-la-perse-pendant-les-annees-1831-1832-et-1833-traduits-par-j-b-b-eyries\/\",\"name\":\"BURNES Alexandre Voyages de l'embouchure de l'Indus \u00e0 Lahore, Caboul, Balkh et \u00e0 Boukhara ; et retour par la Perse pendant les ann\u00e9es 1831, 1832 et 1833. Traduits par J.-B.-B. Eyri\u00e8s. - Libairie Clavreuil\",\"isPartOf\":{\"@id\":\"https:\/\/clavreuil-wordpress.logiciel-arteo.fr\/#website\"},\"primaryImageOfPage\":{\"@id\":\"https:\/\/clavreuil-wordpress.logiciel-arteo.fr\/en\/burnes-alexandre-voyages-de-lembouchure-de-lindus-a-lahore-caboul-balkh-et-a-boukhara-et-retour-par-la-perse-pendant-les-annees-1831-1832-et-1833-traduits-par-j-b-b-eyries\/#primaryimage\"},\"image\":{\"@id\":\"https:\/\/clavreuil-wordpress.logiciel-arteo.fr\/en\/burnes-alexandre-voyages-de-lembouchure-de-lindus-a-lahore-caboul-balkh-et-a-boukhara-et-retour-par-la-perse-pendant-les-annees-1831-1832-et-1833-traduits-par-j-b-b-eyries\/#primaryimage\"},\"thumbnailUrl\":\"https:\/\/clavreuil-wordpress.logiciel-arteo.fr\/wp-content\/uploads\/2024\/04\/alexandre-burnes-voyages-de-l-embouchure-de-l-indus-a-lahore-caboul-balkh-et-a-boukhara-et-retour-par-la-perse-pendant-les-annees-1831-1832-et-1833-tr-scaled.jpg\",\"datePublished\":\"2024-04-24T16:33:17+00:00\",\"dateModified\":\"2024-04-24T16:34:28+00:00\",\"breadcrumb\":{\"@id\":\"https:\/\/clavreuil-wordpress.logiciel-arteo.fr\/en\/burnes-alexandre-voyages-de-lembouchure-de-lindus-a-lahore-caboul-balkh-et-a-boukhara-et-retour-par-la-perse-pendant-les-annees-1831-1832-et-1833-traduits-par-j-b-b-eyries\/#breadcrumb\"},\"inLanguage\":\"en-US\",\"potentialAction\":[{\"@type\":\"ReadAction\",\"target\":[\"https:\/\/clavreuil-wordpress.logiciel-arteo.fr\/en\/burnes-alexandre-voyages-de-lembouchure-de-lindus-a-lahore-caboul-balkh-et-a-boukhara-et-retour-par-la-perse-pendant-les-annees-1831-1832-et-1833-traduits-par-j-b-b-eyries\/\"]}]},{\"@type\":\"ImageObject\",\"inLanguage\":\"en-US\",\"@id\":\"https:\/\/clavreuil-wordpress.logiciel-arteo.fr\/en\/burnes-alexandre-voyages-de-lembouchure-de-lindus-a-lahore-caboul-balkh-et-a-boukhara-et-retour-par-la-perse-pendant-les-annees-1831-1832-et-1833-traduits-par-j-b-b-eyries\/#primaryimage\",\"url\":\"https:\/\/clavreuil-wordpress.logiciel-arteo.fr\/wp-content\/uploads\/2024\/04\/alexandre-burnes-voyages-de-l-embouchure-de-l-indus-a-lahore-caboul-balkh-et-a-boukhara-et-retour-par-la-perse-pendant-les-annees-1831-1832-et-1833-tr-scaled.jpg\",\"contentUrl\":\"https:\/\/clavreuil-wordpress.logiciel-arteo.fr\/wp-content\/uploads\/2024\/04\/alexandre-burnes-voyages-de-l-embouchure-de-l-indus-a-lahore-caboul-balkh-et-a-boukhara-et-retour-par-la-perse-pendant-les-annees-1831-1832-et-1833-tr-scaled.jpg\",\"width\":1582,\"height\":2560},{\"@type\":\"BreadcrumbList\",\"@id\":\"https:\/\/clavreuil-wordpress.logiciel-arteo.fr\/en\/burnes-alexandre-voyages-de-lembouchure-de-lindus-a-lahore-caboul-balkh-et-a-boukhara-et-retour-par-la-perse-pendant-les-annees-1831-1832-et-1833-traduits-par-j-b-b-eyries\/#breadcrumb\",\"itemListElement\":[{\"@type\":\"ListItem\",\"position\":1,\"name\":\"Accueil\",\"item\":\"https:\/\/clavreuil-wordpress.logiciel-arteo.fr\/\"},{\"@type\":\"ListItem\",\"position\":2,\"name\":\"All our books\",\"item\":\"https:\/\/clavreuil-wordpress.logiciel-arteo.fr\/en\/all-our-books\/\"},{\"@type\":\"ListItem\",\"position\":3,\"name\":\"BURNES Alexandre Voyages de l&#8217;embouchure de l&#8217;Indus \u00e0...\"}]},{\"@type\":\"WebSite\",\"@id\":\"https:\/\/clavreuil-wordpress.logiciel-arteo.fr\/#website\",\"url\":\"https:\/\/clavreuil-wordpress.logiciel-arteo.fr\/\",\"name\":\"Libairie Clavreuil\",\"description\":\"\",\"publisher\":{\"@id\":\"https:\/\/clavreuil-wordpress.logiciel-arteo.fr\/#organization\"},\"potentialAction\":[{\"@type\":\"SearchAction\",\"target\":{\"@type\":\"EntryPoint\",\"urlTemplate\":\"https:\/\/clavreuil-wordpress.logiciel-arteo.fr\/?s={search_term_string}\"},\"query-input\":{\"@type\":\"PropertyValueSpecification\",\"valueRequired\":true,\"valueName\":\"search_term_string\"}}],\"inLanguage\":\"en-US\"},{\"@type\":\"Organization\",\"@id\":\"https:\/\/clavreuil-wordpress.logiciel-arteo.fr\/#organization\",\"name\":\"Libairie Clavreuil\",\"url\":\"https:\/\/clavreuil-wordpress.logiciel-arteo.fr\/\",\"logo\":{\"@type\":\"ImageObject\",\"inLanguage\":\"en-US\",\"@id\":\"https:\/\/clavreuil-wordpress.logiciel-arteo.fr\/#\/schema\/logo\/image\/\",\"url\":\"https:\/\/clavreuil-wordpress.logiciel-arteo.fr\/wp-content\/uploads\/2021\/05\/LOGO_PNG_DATE-_gold.png\",\"contentUrl\":\"https:\/\/clavreuil-wordpress.logiciel-arteo.fr\/wp-content\/uploads\/2021\/05\/LOGO_PNG_DATE-_gold.png\",\"width\":2083,\"height\":1917,\"caption\":\"Libairie Clavreuil\"},\"image\":{\"@id\":\"https:\/\/clavreuil-wordpress.logiciel-arteo.fr\/#\/schema\/logo\/image\/\"}}]}<\/script>\n<!-- \/ Yoast SEO plugin. -->","yoast_head_json":{"title":"BURNES Alexandre Voyages de l'embouchure de l'Indus \u00e0 Lahore, Caboul, Balkh et \u00e0 Boukhara ; et retour par la Perse pendant les ann\u00e9es 1831, 1832 et 1833. Traduits par J.-B.-B. Eyri\u00e8s. - Libairie Clavreuil","robots":{"index":"noindex","follow":"follow","max-snippet":"max-snippet:-1","max-image-preview":"max-image-preview:large","max-video-preview":"max-video-preview:-1"},"og_locale":"en_US","og_type":"article","og_title":"BURNES Alexandre Voyages de l'embouchure de l'Indus \u00e0 Lahore, Caboul, Balkh et \u00e0 Boukhara ; et retour par la Perse pendant les ann\u00e9es 1831, 1832 et 1833. Traduits par J.-B.-B. Eyri\u00e8s. - Libairie Clavreuil","og_description":"3 text volumes in-8 (203 x 127 mm) and one small atlas in-4 (230 x 142 mm). Text: 2 unn.ll., XI, 354 pp. for the volume I; 2 unn.ll., VIII, 375 pp. for the volume II; 2 unn.ll., 392 pp. for the volume III. Atlas: 2 unn.ll., 12 plates (11 lithographies, and one large engraved folding map). Text in green sheep backed boards, flat spine with a decorated cipher &lsquo;V.C.&rsquo; at foot, atlas bound in style.","og_url":"https:\/\/clavreuil-wordpress.logiciel-arteo.fr\/en\/burnes-alexandre-voyages-de-lembouchure-de-lindus-a-lahore-caboul-balkh-et-a-boukhara-et-retour-par-la-perse-pendant-les-annees-1831-1832-et-1833-traduits-par-j-b-b-eyries\/","og_site_name":"Libairie Clavreuil","article_modified_time":"2024-04-24T16:34:28+00:00","og_image":[{"width":1582,"height":2560,"url":"https:\/\/clavreuil-wordpress.logiciel-arteo.fr\/wp-content\/uploads\/2024\/04\/alexandre-burnes-voyages-de-l-embouchure-de-l-indus-a-lahore-caboul-balkh-et-a-boukhara-et-retour-par-la-perse-pendant-les-annees-1831-1832-et-1833-tr-scaled.jpg","type":"image\/jpeg"}],"twitter_card":"summary_large_image","twitter_misc":{"Est. reading time":"1 minute"},"schema":{"@context":"https:\/\/schema.org","@graph":[{"@type":"WebPage","@id":"https:\/\/clavreuil-wordpress.logiciel-arteo.fr\/en\/burnes-alexandre-voyages-de-lembouchure-de-lindus-a-lahore-caboul-balkh-et-a-boukhara-et-retour-par-la-perse-pendant-les-annees-1831-1832-et-1833-traduits-par-j-b-b-eyries\/","url":"https:\/\/clavreuil-wordpress.logiciel-arteo.fr\/en\/burnes-alexandre-voyages-de-lembouchure-de-lindus-a-lahore-caboul-balkh-et-a-boukhara-et-retour-par-la-perse-pendant-les-annees-1831-1832-et-1833-traduits-par-j-b-b-eyries\/","name":"BURNES Alexandre Voyages de l'embouchure de l'Indus \u00e0 Lahore, Caboul, Balkh et \u00e0 Boukhara ; et retour par la Perse pendant les ann\u00e9es 1831, 1832 et 1833. Traduits par J.-B.-B. Eyri\u00e8s. - Libairie Clavreuil","isPartOf":{"@id":"https:\/\/clavreuil-wordpress.logiciel-arteo.fr\/#website"},"primaryImageOfPage":{"@id":"https:\/\/clavreuil-wordpress.logiciel-arteo.fr\/en\/burnes-alexandre-voyages-de-lembouchure-de-lindus-a-lahore-caboul-balkh-et-a-boukhara-et-retour-par-la-perse-pendant-les-annees-1831-1832-et-1833-traduits-par-j-b-b-eyries\/#primaryimage"},"image":{"@id":"https:\/\/clavreuil-wordpress.logiciel-arteo.fr\/en\/burnes-alexandre-voyages-de-lembouchure-de-lindus-a-lahore-caboul-balkh-et-a-boukhara-et-retour-par-la-perse-pendant-les-annees-1831-1832-et-1833-traduits-par-j-b-b-eyries\/#primaryimage"},"thumbnailUrl":"https:\/\/clavreuil-wordpress.logiciel-arteo.fr\/wp-content\/uploads\/2024\/04\/alexandre-burnes-voyages-de-l-embouchure-de-l-indus-a-lahore-caboul-balkh-et-a-boukhara-et-retour-par-la-perse-pendant-les-annees-1831-1832-et-1833-tr-scaled.jpg","datePublished":"2024-04-24T16:33:17+00:00","dateModified":"2024-04-24T16:34:28+00:00","breadcrumb":{"@id":"https:\/\/clavreuil-wordpress.logiciel-arteo.fr\/en\/burnes-alexandre-voyages-de-lembouchure-de-lindus-a-lahore-caboul-balkh-et-a-boukhara-et-retour-par-la-perse-pendant-les-annees-1831-1832-et-1833-traduits-par-j-b-b-eyries\/#breadcrumb"},"inLanguage":"en-US","potentialAction":[{"@type":"ReadAction","target":["https:\/\/clavreuil-wordpress.logiciel-arteo.fr\/en\/burnes-alexandre-voyages-de-lembouchure-de-lindus-a-lahore-caboul-balkh-et-a-boukhara-et-retour-par-la-perse-pendant-les-annees-1831-1832-et-1833-traduits-par-j-b-b-eyries\/"]}]},{"@type":"ImageObject","inLanguage":"en-US","@id":"https:\/\/clavreuil-wordpress.logiciel-arteo.fr\/en\/burnes-alexandre-voyages-de-lembouchure-de-lindus-a-lahore-caboul-balkh-et-a-boukhara-et-retour-par-la-perse-pendant-les-annees-1831-1832-et-1833-traduits-par-j-b-b-eyries\/#primaryimage","url":"https:\/\/clavreuil-wordpress.logiciel-arteo.fr\/wp-content\/uploads\/2024\/04\/alexandre-burnes-voyages-de-l-embouchure-de-l-indus-a-lahore-caboul-balkh-et-a-boukhara-et-retour-par-la-perse-pendant-les-annees-1831-1832-et-1833-tr-scaled.jpg","contentUrl":"https:\/\/clavreuil-wordpress.logiciel-arteo.fr\/wp-content\/uploads\/2024\/04\/alexandre-burnes-voyages-de-l-embouchure-de-l-indus-a-lahore-caboul-balkh-et-a-boukhara-et-retour-par-la-perse-pendant-les-annees-1831-1832-et-1833-tr-scaled.jpg","width":1582,"height":2560},{"@type":"BreadcrumbList","@id":"https:\/\/clavreuil-wordpress.logiciel-arteo.fr\/en\/burnes-alexandre-voyages-de-lembouchure-de-lindus-a-lahore-caboul-balkh-et-a-boukhara-et-retour-par-la-perse-pendant-les-annees-1831-1832-et-1833-traduits-par-j-b-b-eyries\/#breadcrumb","itemListElement":[{"@type":"ListItem","position":1,"name":"Accueil","item":"https:\/\/clavreuil-wordpress.logiciel-arteo.fr\/"},{"@type":"ListItem","position":2,"name":"All our books","item":"https:\/\/clavreuil-wordpress.logiciel-arteo.fr\/en\/all-our-books\/"},{"@type":"ListItem","position":3,"name":"BURNES Alexandre Voyages de l&#8217;embouchure de l&#8217;Indus \u00e0..."}]},{"@type":"WebSite","@id":"https:\/\/clavreuil-wordpress.logiciel-arteo.fr\/#website","url":"https:\/\/clavreuil-wordpress.logiciel-arteo.fr\/","name":"Libairie Clavreuil","description":"","publisher":{"@id":"https:\/\/clavreuil-wordpress.logiciel-arteo.fr\/#organization"},"potentialAction":[{"@type":"SearchAction","target":{"@type":"EntryPoint","urlTemplate":"https:\/\/clavreuil-wordpress.logiciel-arteo.fr\/?s={search_term_string}"},"query-input":{"@type":"PropertyValueSpecification","valueRequired":true,"valueName":"search_term_string"}}],"inLanguage":"en-US"},{"@type":"Organization","@id":"https:\/\/clavreuil-wordpress.logiciel-arteo.fr\/#organization","name":"Libairie Clavreuil","url":"https:\/\/clavreuil-wordpress.logiciel-arteo.fr\/","logo":{"@type":"ImageObject","inLanguage":"en-US","@id":"https:\/\/clavreuil-wordpress.logiciel-arteo.fr\/#\/schema\/logo\/image\/","url":"https:\/\/clavreuil-wordpress.logiciel-arteo.fr\/wp-content\/uploads\/2021\/05\/LOGO_PNG_DATE-_gold.png","contentUrl":"https:\/\/clavreuil-wordpress.logiciel-arteo.fr\/wp-content\/uploads\/2021\/05\/LOGO_PNG_DATE-_gold.png","width":2083,"height":1917,"caption":"Libairie Clavreuil"},"image":{"@id":"https:\/\/clavreuil-wordpress.logiciel-arteo.fr\/#\/schema\/logo\/image\/"}}]}},"_links":{"self":[{"href":"https:\/\/clavreuil-wordpress.logiciel-arteo.fr\/en\/wp-json\/wp\/v2\/product\/75970","targetHints":{"allow":["GET"]}}],"collection":[{"href":"https:\/\/clavreuil-wordpress.logiciel-arteo.fr\/en\/wp-json\/wp\/v2\/product"}],"about":[{"href":"https:\/\/clavreuil-wordpress.logiciel-arteo.fr\/en\/wp-json\/wp\/v2\/types\/product"}],"replies":[{"embeddable":true,"href":"https:\/\/clavreuil-wordpress.logiciel-arteo.fr\/en\/wp-json\/wp\/v2\/comments?post=75970"}],"wp:featuredmedia":[{"embeddable":true,"href":"https:\/\/clavreuil-wordpress.logiciel-arteo.fr\/en\/wp-json\/wp\/v2\/media\/75961"}],"wp:attachment":[{"href":"https:\/\/clavreuil-wordpress.logiciel-arteo.fr\/en\/wp-json\/wp\/v2\/media?parent=75970"}],"wp:term":[{"taxonomy":"product_brand","embeddable":true,"href":"https:\/\/clavreuil-wordpress.logiciel-arteo.fr\/en\/wp-json\/wp\/v2\/product_brand?post=75970"},{"taxonomy":"product_cat","embeddable":true,"href":"https:\/\/clavreuil-wordpress.logiciel-arteo.fr\/en\/wp-json\/wp\/v2\/product_cat?post=75970"},{"taxonomy":"product_tag","embeddable":true,"href":"https:\/\/clavreuil-wordpress.logiciel-arteo.fr\/en\/wp-json\/wp\/v2\/product_tag?post=75970"}],"curies":[{"name":"wp","href":"https:\/\/api.w.org\/{rel}","templated":true}]}}