{"id":75986,"date":"2024-04-24T18:34:40","date_gmt":"2024-04-24T16:34:40","guid":{"rendered":"https:\/\/clavreuil-wordpress.logiciel-arteo.fr\/muller-j-voyages-et-decouvertes-faites-par-les-russes-le-long-des-cotes-de-la-mer-glaciale-sur-locean-oriental-tant-vers-le-japon-que-vers-lamerique-traduit-par-c-g-f-dumas\/"},"modified":"2024-04-24T18:35:22","modified_gmt":"2024-04-24T16:35:22","slug":"muller-j-voyages-et-decouvertes-faites-par-les-russes-le-long-des-cotes-de-la-mer-glaciale-sur-locean-oriental-tant-vers-le-japon-que-vers-lamerique-traduit-par-c-g-f-dumas","status":"publish","type":"product","link":"https:\/\/clavreuil-wordpress.logiciel-arteo.fr\/en\/muller-j-voyages-et-decouvertes-faites-par-les-russes-le-long-des-cotes-de-la-mer-glaciale-sur-locean-oriental-tant-vers-le-japon-que-vers-lamerique-traduit-par-c-g-f-dumas\/","title":{"rendered":"MULLER J. Voyages et d\u00e9couvertes faites par les..."},"content":{"rendered":"<p><em>Sabin, 51286 ; Leclerc, 661 ; Hill, 1201. <\/em><\/p>\n<p>First edition of the first Frecnh translatin of this fundalmental work on the history of exploration in oriental Russia and for the occidental American coast.<\/p>\n<p>&quot;This important book is indispensable for the history of discovery and explorations in the northern Pacific&hellip; It represents the most extensive account of Bering&rsquo;s polar expedition and of the discovery of Bering Strait and the western limits of North America &ldquo;(Hill).<\/p>\n<p>&quot;Since the rapid development of British Columbia and Alaska this important book is becoming indispensable for the history of discovery and exploration in the Northern Pacific&quot; (Sabin).<\/p>\n<p>The first volume contains the accounts of travels to Kamtchatka and Siberia including the discovery of BVerig Strait. The second volume is entirely devoted to the history and exploration of river Amour. The fine map, engraved by Schenck and dated 1765, and bears the caption &quot;Nouvelle carte des d&eacute;couvertes faites par des vaisseaux russiens aux c&ocirc;tes inconnues de l&#039;Am&eacute;rique septentrionale avec les pays adjacents&quot;.<\/p>\n<p>Good copy, complete with the important map.<\/p>\n<p>Provenance : Pierre de Torcy (with his book plate and signature).<\/p>\n","protected":false},"excerpt":{"rendered":"<p>2 volumes 12mo (170 x 98 mm) X pp., 1 unn.l. (avis), 388 pp. for volume I ; IV, 207 pp., 12 unn.l. (table and bookseller&#039;s catalogue), 1 large engraved folding map for volume II. Contemporary mottled calf, flat spine gilt, red edges (light wear to head of spine of vol. II, front hinge slighlty split).<\/p>\n","protected":false},"featured_media":75977,"comment_status":"open","ping_status":"closed","template":"","meta":{"_acf_changed":false},"product_brand":[],"product_cat":[552],"product_tag":[1364,1365,1363,1367,1368,1369,1366,1370,1371],"class_list":{"0":"post-75986","1":"product","2":"type-product","3":"status-publish","4":"has-post-thumbnail","6":"product_cat-travel","7":"product_tag-california","8":"product_tag-canada-2","9":"product_tag-caribbean","10":"product_tag-guyana","11":"product_tag-louisiana","12":"product_tag-mexico","13":"product_tag-slavery","14":"product_tag-united-states-of-america","15":"product_tag-virginia","16":"pa_auteur-j-muller-2","17":"pa_type-de-livre-printed-book","19":"first","20":"instock","21":"shipping-taxable","22":"purchasable","23":"product-type-simple"},"acf":[],"yoast_head":"<!-- This site is optimized with the Yoast SEO plugin v24.3 - https:\/\/yoast.com\/wordpress\/plugins\/seo\/ -->\n<title>MULLER J. Voyages et d\u00e9couvertes faites par les russes le long des c\u00f4tes de la Mer Glaciale &amp; sur l&#039;Oc\u00e9an oriental, tant vers le Japon que vers l&#039;Am\u00e9rique. Traduit par C.G.F. Dumas. - Libairie Clavreuil<\/title>\n<meta name=\"robots\" content=\"noindex, follow, max-snippet:-1, max-image-preview:large, max-video-preview:-1\" \/>\n<meta property=\"og:locale\" content=\"en_US\" \/>\n<meta property=\"og:type\" content=\"article\" \/>\n<meta property=\"og:title\" content=\"MULLER J. Voyages et d\u00e9couvertes faites par les russes le long des c\u00f4tes de la Mer Glaciale &amp; sur l&#039;Oc\u00e9an oriental, tant vers le Japon que vers l&#039;Am\u00e9rique. Traduit par C.G.F. Dumas. - Libairie Clavreuil\" \/>\n<meta property=\"og:description\" content=\"2 volumes 12mo (170 x 98 mm) X pp., 1 unn.l. (avis), 388 pp. for volume I ; IV, 207 pp., 12 unn.l. (table and bookseller&#039;s catalogue), 1 large engraved folding map for volume II. Contemporary mottled calf, flat spine gilt, red edges (light wear to head of spine of vol. II, front hinge slighlty split).\" \/>\n<meta property=\"og:url\" content=\"https:\/\/clavreuil-wordpress.logiciel-arteo.fr\/en\/muller-j-voyages-et-decouvertes-faites-par-les-russes-le-long-des-cotes-de-la-mer-glaciale-sur-locean-oriental-tant-vers-le-japon-que-vers-lamerique-traduit-par-c-g-f-dumas\/\" \/>\n<meta property=\"og:site_name\" content=\"Libairie Clavreuil\" \/>\n<meta property=\"article:modified_time\" content=\"2024-04-24T16:35:22+00:00\" \/>\n<meta property=\"og:image\" content=\"https:\/\/clavreuil-wordpress.logiciel-arteo.fr\/wp-content\/uploads\/2024\/04\/j-muller-voyages-et-decouvertes-faites-par-les-russes-le-long-des-cotes-de-la-mer-glaciale-sur-l-ocean-oriental-tant-vers-le-japon-que-vers-l-amerique-scaled.jpg\" \/>\n\t<meta property=\"og:image:width\" content=\"1920\" \/>\n\t<meta property=\"og:image:height\" content=\"2560\" \/>\n\t<meta property=\"og:image:type\" content=\"image\/jpeg\" \/>\n<meta name=\"twitter:card\" content=\"summary_large_image\" \/>\n<meta name=\"twitter:label1\" content=\"Est. reading time\" \/>\n\t<meta name=\"twitter:data1\" content=\"1 minute\" \/>\n<script type=\"application\/ld+json\" class=\"yoast-schema-graph\">{\"@context\":\"https:\/\/schema.org\",\"@graph\":[{\"@type\":\"WebPage\",\"@id\":\"https:\/\/clavreuil-wordpress.logiciel-arteo.fr\/en\/muller-j-voyages-et-decouvertes-faites-par-les-russes-le-long-des-cotes-de-la-mer-glaciale-sur-locean-oriental-tant-vers-le-japon-que-vers-lamerique-traduit-par-c-g-f-dumas\/\",\"url\":\"https:\/\/clavreuil-wordpress.logiciel-arteo.fr\/en\/muller-j-voyages-et-decouvertes-faites-par-les-russes-le-long-des-cotes-de-la-mer-glaciale-sur-locean-oriental-tant-vers-le-japon-que-vers-lamerique-traduit-par-c-g-f-dumas\/\",\"name\":\"MULLER J. Voyages et d\u00e9couvertes faites par les russes le long des c\u00f4tes de la Mer Glaciale &amp; sur l'Oc\u00e9an oriental, tant vers le Japon que vers l'Am\u00e9rique. Traduit par C.G.F. Dumas. - Libairie Clavreuil\",\"isPartOf\":{\"@id\":\"https:\/\/clavreuil-wordpress.logiciel-arteo.fr\/#website\"},\"primaryImageOfPage\":{\"@id\":\"https:\/\/clavreuil-wordpress.logiciel-arteo.fr\/en\/muller-j-voyages-et-decouvertes-faites-par-les-russes-le-long-des-cotes-de-la-mer-glaciale-sur-locean-oriental-tant-vers-le-japon-que-vers-lamerique-traduit-par-c-g-f-dumas\/#primaryimage\"},\"image\":{\"@id\":\"https:\/\/clavreuil-wordpress.logiciel-arteo.fr\/en\/muller-j-voyages-et-decouvertes-faites-par-les-russes-le-long-des-cotes-de-la-mer-glaciale-sur-locean-oriental-tant-vers-le-japon-que-vers-lamerique-traduit-par-c-g-f-dumas\/#primaryimage\"},\"thumbnailUrl\":\"https:\/\/clavreuil-wordpress.logiciel-arteo.fr\/wp-content\/uploads\/2024\/04\/j-muller-voyages-et-decouvertes-faites-par-les-russes-le-long-des-cotes-de-la-mer-glaciale-sur-l-ocean-oriental-tant-vers-le-japon-que-vers-l-amerique-scaled.jpg\",\"datePublished\":\"2024-04-24T16:34:40+00:00\",\"dateModified\":\"2024-04-24T16:35:22+00:00\",\"breadcrumb\":{\"@id\":\"https:\/\/clavreuil-wordpress.logiciel-arteo.fr\/en\/muller-j-voyages-et-decouvertes-faites-par-les-russes-le-long-des-cotes-de-la-mer-glaciale-sur-locean-oriental-tant-vers-le-japon-que-vers-lamerique-traduit-par-c-g-f-dumas\/#breadcrumb\"},\"inLanguage\":\"en-US\",\"potentialAction\":[{\"@type\":\"ReadAction\",\"target\":[\"https:\/\/clavreuil-wordpress.logiciel-arteo.fr\/en\/muller-j-voyages-et-decouvertes-faites-par-les-russes-le-long-des-cotes-de-la-mer-glaciale-sur-locean-oriental-tant-vers-le-japon-que-vers-lamerique-traduit-par-c-g-f-dumas\/\"]}]},{\"@type\":\"ImageObject\",\"inLanguage\":\"en-US\",\"@id\":\"https:\/\/clavreuil-wordpress.logiciel-arteo.fr\/en\/muller-j-voyages-et-decouvertes-faites-par-les-russes-le-long-des-cotes-de-la-mer-glaciale-sur-locean-oriental-tant-vers-le-japon-que-vers-lamerique-traduit-par-c-g-f-dumas\/#primaryimage\",\"url\":\"https:\/\/clavreuil-wordpress.logiciel-arteo.fr\/wp-content\/uploads\/2024\/04\/j-muller-voyages-et-decouvertes-faites-par-les-russes-le-long-des-cotes-de-la-mer-glaciale-sur-l-ocean-oriental-tant-vers-le-japon-que-vers-l-amerique-scaled.jpg\",\"contentUrl\":\"https:\/\/clavreuil-wordpress.logiciel-arteo.fr\/wp-content\/uploads\/2024\/04\/j-muller-voyages-et-decouvertes-faites-par-les-russes-le-long-des-cotes-de-la-mer-glaciale-sur-l-ocean-oriental-tant-vers-le-japon-que-vers-l-amerique-scaled.jpg\",\"width\":1920,\"height\":2560},{\"@type\":\"BreadcrumbList\",\"@id\":\"https:\/\/clavreuil-wordpress.logiciel-arteo.fr\/en\/muller-j-voyages-et-decouvertes-faites-par-les-russes-le-long-des-cotes-de-la-mer-glaciale-sur-locean-oriental-tant-vers-le-japon-que-vers-lamerique-traduit-par-c-g-f-dumas\/#breadcrumb\",\"itemListElement\":[{\"@type\":\"ListItem\",\"position\":1,\"name\":\"Accueil\",\"item\":\"https:\/\/clavreuil-wordpress.logiciel-arteo.fr\/\"},{\"@type\":\"ListItem\",\"position\":2,\"name\":\"All our books\",\"item\":\"https:\/\/clavreuil-wordpress.logiciel-arteo.fr\/en\/all-our-books\/\"},{\"@type\":\"ListItem\",\"position\":3,\"name\":\"MULLER J. Voyages et d\u00e9couvertes faites par les...\"}]},{\"@type\":\"WebSite\",\"@id\":\"https:\/\/clavreuil-wordpress.logiciel-arteo.fr\/#website\",\"url\":\"https:\/\/clavreuil-wordpress.logiciel-arteo.fr\/\",\"name\":\"Libairie Clavreuil\",\"description\":\"\",\"publisher\":{\"@id\":\"https:\/\/clavreuil-wordpress.logiciel-arteo.fr\/#organization\"},\"potentialAction\":[{\"@type\":\"SearchAction\",\"target\":{\"@type\":\"EntryPoint\",\"urlTemplate\":\"https:\/\/clavreuil-wordpress.logiciel-arteo.fr\/?s={search_term_string}\"},\"query-input\":{\"@type\":\"PropertyValueSpecification\",\"valueRequired\":true,\"valueName\":\"search_term_string\"}}],\"inLanguage\":\"en-US\"},{\"@type\":\"Organization\",\"@id\":\"https:\/\/clavreuil-wordpress.logiciel-arteo.fr\/#organization\",\"name\":\"Libairie Clavreuil\",\"url\":\"https:\/\/clavreuil-wordpress.logiciel-arteo.fr\/\",\"logo\":{\"@type\":\"ImageObject\",\"inLanguage\":\"en-US\",\"@id\":\"https:\/\/clavreuil-wordpress.logiciel-arteo.fr\/#\/schema\/logo\/image\/\",\"url\":\"https:\/\/clavreuil-wordpress.logiciel-arteo.fr\/wp-content\/uploads\/2021\/05\/LOGO_PNG_DATE-_gold.png\",\"contentUrl\":\"https:\/\/clavreuil-wordpress.logiciel-arteo.fr\/wp-content\/uploads\/2021\/05\/LOGO_PNG_DATE-_gold.png\",\"width\":2083,\"height\":1917,\"caption\":\"Libairie Clavreuil\"},\"image\":{\"@id\":\"https:\/\/clavreuil-wordpress.logiciel-arteo.fr\/#\/schema\/logo\/image\/\"}}]}<\/script>\n<!-- \/ Yoast SEO plugin. -->","yoast_head_json":{"title":"MULLER J. Voyages et d\u00e9couvertes faites par les russes le long des c\u00f4tes de la Mer Glaciale &amp; sur l'Oc\u00e9an oriental, tant vers le Japon que vers l'Am\u00e9rique. Traduit par C.G.F. Dumas. - Libairie Clavreuil","robots":{"index":"noindex","follow":"follow","max-snippet":"max-snippet:-1","max-image-preview":"max-image-preview:large","max-video-preview":"max-video-preview:-1"},"og_locale":"en_US","og_type":"article","og_title":"MULLER J. Voyages et d\u00e9couvertes faites par les russes le long des c\u00f4tes de la Mer Glaciale &amp; sur l'Oc\u00e9an oriental, tant vers le Japon que vers l'Am\u00e9rique. Traduit par C.G.F. Dumas. - Libairie Clavreuil","og_description":"2 volumes 12mo (170 x 98 mm) X pp., 1 unn.l. (avis), 388 pp. for volume I ; IV, 207 pp., 12 unn.l. (table and bookseller&#039;s catalogue), 1 large engraved folding map for volume II. Contemporary mottled calf, flat spine gilt, red edges (light wear to head of spine of vol. II, front hinge slighlty split).","og_url":"https:\/\/clavreuil-wordpress.logiciel-arteo.fr\/en\/muller-j-voyages-et-decouvertes-faites-par-les-russes-le-long-des-cotes-de-la-mer-glaciale-sur-locean-oriental-tant-vers-le-japon-que-vers-lamerique-traduit-par-c-g-f-dumas\/","og_site_name":"Libairie Clavreuil","article_modified_time":"2024-04-24T16:35:22+00:00","og_image":[{"width":1920,"height":2560,"url":"https:\/\/clavreuil-wordpress.logiciel-arteo.fr\/wp-content\/uploads\/2024\/04\/j-muller-voyages-et-decouvertes-faites-par-les-russes-le-long-des-cotes-de-la-mer-glaciale-sur-l-ocean-oriental-tant-vers-le-japon-que-vers-l-amerique-scaled.jpg","type":"image\/jpeg"}],"twitter_card":"summary_large_image","twitter_misc":{"Est. reading time":"1 minute"},"schema":{"@context":"https:\/\/schema.org","@graph":[{"@type":"WebPage","@id":"https:\/\/clavreuil-wordpress.logiciel-arteo.fr\/en\/muller-j-voyages-et-decouvertes-faites-par-les-russes-le-long-des-cotes-de-la-mer-glaciale-sur-locean-oriental-tant-vers-le-japon-que-vers-lamerique-traduit-par-c-g-f-dumas\/","url":"https:\/\/clavreuil-wordpress.logiciel-arteo.fr\/en\/muller-j-voyages-et-decouvertes-faites-par-les-russes-le-long-des-cotes-de-la-mer-glaciale-sur-locean-oriental-tant-vers-le-japon-que-vers-lamerique-traduit-par-c-g-f-dumas\/","name":"MULLER J. Voyages et d\u00e9couvertes faites par les russes le long des c\u00f4tes de la Mer Glaciale &amp; sur l'Oc\u00e9an oriental, tant vers le Japon que vers l'Am\u00e9rique. Traduit par C.G.F. Dumas. - Libairie Clavreuil","isPartOf":{"@id":"https:\/\/clavreuil-wordpress.logiciel-arteo.fr\/#website"},"primaryImageOfPage":{"@id":"https:\/\/clavreuil-wordpress.logiciel-arteo.fr\/en\/muller-j-voyages-et-decouvertes-faites-par-les-russes-le-long-des-cotes-de-la-mer-glaciale-sur-locean-oriental-tant-vers-le-japon-que-vers-lamerique-traduit-par-c-g-f-dumas\/#primaryimage"},"image":{"@id":"https:\/\/clavreuil-wordpress.logiciel-arteo.fr\/en\/muller-j-voyages-et-decouvertes-faites-par-les-russes-le-long-des-cotes-de-la-mer-glaciale-sur-locean-oriental-tant-vers-le-japon-que-vers-lamerique-traduit-par-c-g-f-dumas\/#primaryimage"},"thumbnailUrl":"https:\/\/clavreuil-wordpress.logiciel-arteo.fr\/wp-content\/uploads\/2024\/04\/j-muller-voyages-et-decouvertes-faites-par-les-russes-le-long-des-cotes-de-la-mer-glaciale-sur-l-ocean-oriental-tant-vers-le-japon-que-vers-l-amerique-scaled.jpg","datePublished":"2024-04-24T16:34:40+00:00","dateModified":"2024-04-24T16:35:22+00:00","breadcrumb":{"@id":"https:\/\/clavreuil-wordpress.logiciel-arteo.fr\/en\/muller-j-voyages-et-decouvertes-faites-par-les-russes-le-long-des-cotes-de-la-mer-glaciale-sur-locean-oriental-tant-vers-le-japon-que-vers-lamerique-traduit-par-c-g-f-dumas\/#breadcrumb"},"inLanguage":"en-US","potentialAction":[{"@type":"ReadAction","target":["https:\/\/clavreuil-wordpress.logiciel-arteo.fr\/en\/muller-j-voyages-et-decouvertes-faites-par-les-russes-le-long-des-cotes-de-la-mer-glaciale-sur-locean-oriental-tant-vers-le-japon-que-vers-lamerique-traduit-par-c-g-f-dumas\/"]}]},{"@type":"ImageObject","inLanguage":"en-US","@id":"https:\/\/clavreuil-wordpress.logiciel-arteo.fr\/en\/muller-j-voyages-et-decouvertes-faites-par-les-russes-le-long-des-cotes-de-la-mer-glaciale-sur-locean-oriental-tant-vers-le-japon-que-vers-lamerique-traduit-par-c-g-f-dumas\/#primaryimage","url":"https:\/\/clavreuil-wordpress.logiciel-arteo.fr\/wp-content\/uploads\/2024\/04\/j-muller-voyages-et-decouvertes-faites-par-les-russes-le-long-des-cotes-de-la-mer-glaciale-sur-l-ocean-oriental-tant-vers-le-japon-que-vers-l-amerique-scaled.jpg","contentUrl":"https:\/\/clavreuil-wordpress.logiciel-arteo.fr\/wp-content\/uploads\/2024\/04\/j-muller-voyages-et-decouvertes-faites-par-les-russes-le-long-des-cotes-de-la-mer-glaciale-sur-l-ocean-oriental-tant-vers-le-japon-que-vers-l-amerique-scaled.jpg","width":1920,"height":2560},{"@type":"BreadcrumbList","@id":"https:\/\/clavreuil-wordpress.logiciel-arteo.fr\/en\/muller-j-voyages-et-decouvertes-faites-par-les-russes-le-long-des-cotes-de-la-mer-glaciale-sur-locean-oriental-tant-vers-le-japon-que-vers-lamerique-traduit-par-c-g-f-dumas\/#breadcrumb","itemListElement":[{"@type":"ListItem","position":1,"name":"Accueil","item":"https:\/\/clavreuil-wordpress.logiciel-arteo.fr\/"},{"@type":"ListItem","position":2,"name":"All our books","item":"https:\/\/clavreuil-wordpress.logiciel-arteo.fr\/en\/all-our-books\/"},{"@type":"ListItem","position":3,"name":"MULLER J. Voyages et d\u00e9couvertes faites par les..."}]},{"@type":"WebSite","@id":"https:\/\/clavreuil-wordpress.logiciel-arteo.fr\/#website","url":"https:\/\/clavreuil-wordpress.logiciel-arteo.fr\/","name":"Libairie Clavreuil","description":"","publisher":{"@id":"https:\/\/clavreuil-wordpress.logiciel-arteo.fr\/#organization"},"potentialAction":[{"@type":"SearchAction","target":{"@type":"EntryPoint","urlTemplate":"https:\/\/clavreuil-wordpress.logiciel-arteo.fr\/?s={search_term_string}"},"query-input":{"@type":"PropertyValueSpecification","valueRequired":true,"valueName":"search_term_string"}}],"inLanguage":"en-US"},{"@type":"Organization","@id":"https:\/\/clavreuil-wordpress.logiciel-arteo.fr\/#organization","name":"Libairie Clavreuil","url":"https:\/\/clavreuil-wordpress.logiciel-arteo.fr\/","logo":{"@type":"ImageObject","inLanguage":"en-US","@id":"https:\/\/clavreuil-wordpress.logiciel-arteo.fr\/#\/schema\/logo\/image\/","url":"https:\/\/clavreuil-wordpress.logiciel-arteo.fr\/wp-content\/uploads\/2021\/05\/LOGO_PNG_DATE-_gold.png","contentUrl":"https:\/\/clavreuil-wordpress.logiciel-arteo.fr\/wp-content\/uploads\/2021\/05\/LOGO_PNG_DATE-_gold.png","width":2083,"height":1917,"caption":"Libairie Clavreuil"},"image":{"@id":"https:\/\/clavreuil-wordpress.logiciel-arteo.fr\/#\/schema\/logo\/image\/"}}]}},"_links":{"self":[{"href":"https:\/\/clavreuil-wordpress.logiciel-arteo.fr\/en\/wp-json\/wp\/v2\/product\/75986","targetHints":{"allow":["GET"]}}],"collection":[{"href":"https:\/\/clavreuil-wordpress.logiciel-arteo.fr\/en\/wp-json\/wp\/v2\/product"}],"about":[{"href":"https:\/\/clavreuil-wordpress.logiciel-arteo.fr\/en\/wp-json\/wp\/v2\/types\/product"}],"replies":[{"embeddable":true,"href":"https:\/\/clavreuil-wordpress.logiciel-arteo.fr\/en\/wp-json\/wp\/v2\/comments?post=75986"}],"wp:featuredmedia":[{"embeddable":true,"href":"https:\/\/clavreuil-wordpress.logiciel-arteo.fr\/en\/wp-json\/wp\/v2\/media\/75977"}],"wp:attachment":[{"href":"https:\/\/clavreuil-wordpress.logiciel-arteo.fr\/en\/wp-json\/wp\/v2\/media?parent=75986"}],"wp:term":[{"taxonomy":"product_brand","embeddable":true,"href":"https:\/\/clavreuil-wordpress.logiciel-arteo.fr\/en\/wp-json\/wp\/v2\/product_brand?post=75986"},{"taxonomy":"product_cat","embeddable":true,"href":"https:\/\/clavreuil-wordpress.logiciel-arteo.fr\/en\/wp-json\/wp\/v2\/product_cat?post=75986"},{"taxonomy":"product_tag","embeddable":true,"href":"https:\/\/clavreuil-wordpress.logiciel-arteo.fr\/en\/wp-json\/wp\/v2\/product_tag?post=75986"}],"curies":[{"name":"wp","href":"https:\/\/api.w.org\/{rel}","templated":true}]}}