{"id":76040,"date":"2024-04-24T18:58:00","date_gmt":"2024-04-24T16:58:00","guid":{"rendered":"https:\/\/clavreuil-wordpress.logiciel-arteo.fr\/lalande-jerome-de-des-canaux-de-navigation-et-specialement-du-canal-de-languedoc\/"},"modified":"2024-04-24T18:58:43","modified_gmt":"2024-04-24T16:58:43","slug":"lalande-jerome-de-des-canaux-de-navigation-et-specialement-du-canal-de-languedoc","status":"publish","type":"product","link":"https:\/\/clavreuil-wordpress.logiciel-arteo.fr\/en\/lalande-jerome-de-des-canaux-de-navigation-et-specialement-du-canal-de-languedoc\/","title":{"rendered":"LALANDE J\u00e9r\u00f4me de Des Canaux de Navigation, et..."},"content":{"rendered":"<p style=\"text-align:justify\"><em>DSB, VIII, 580.<\/em><\/p>\n<p style=\"text-align:justify\">First edition of one of the most beautiful works of the 18th century devoted to river navigation.<\/p>\n<p style=\"text-align:justify\">This is a sum on inland navigation, a third devoted to the canal and small canals of Languedoc. The famous astronomer, abandoning his specialty, composed this work after visiting the entire extent of the Languedoc canal. He praises this exemplary achievement which, when it was put into service in 1685, attracted engineers from all over Europe, and which today commands admiration and pride in the face of the incredible challenge and audacity of its designers. The following parts deal with the planned canals, the surroundings of the Rh&ocirc;ne, the Burgundy canal, the planned or executed canals in Franche-Comt&eacute;, Alsace, Lorraine and Champagne, those of the Seine, Marne, Picardy, Flanders, the Briare canal ( the oldest in France, navigation on rivers, tolls, canals of Italy, Spain, Netherlands, England, Germany, Sweden, etc., as well as canals of Asia and America .<\/p>\n<p style=\"text-align:justify\">&quot;This is the first major account of the 17th century Canal du Midi. It covers the background history of Riquet&#039;s extraordinary and influential project together with details of its construction, administration and &#039;Anecdotes diverses&#039;&#8230;. The work is a valuable source of information on many other French canals such as the Briare (forerunner of the Midi) and the Orl&eacute;ans as well as smaller regional waterways and various unexecuted schemes. It also contains sections on canals all over Europe, Asia, Africa, America and China. All his life Lalande was known for his love of the spectacular; in this case it has resulted in the most splendid of all canal books&quot; (Julia Elton, in: Weinreb, cat. 50, item 130).<\/p>\n<p style=\"text-align:justify\">The plates are engraved by Ransonnette et La Gardette.<\/p>\n<p style=\"text-align:justify\">Rubbed but a nice copy.&nbsp;<\/p>\n","protected":false},"excerpt":{"rendered":"<p>Folio (434 x 282 mm) 2 unn.l., XX, 588 pp., 14 copper plates including 1 folded. Sheep, spine gilt with raised bands, red edges (<em>contemporary binding<\/em>).<\/p>\n","protected":false},"featured_media":76029,"comment_status":"open","ping_status":"closed","template":"","meta":{"_acf_changed":false},"product_brand":[],"product_cat":[540],"product_tag":[1450,580],"class_list":{"0":"post-76040","1":"product","2":"type-product","3":"status-publish","4":"has-post-thumbnail","6":"product_cat-natural-history","7":"product_tag-first-edition","8":"product_tag-hydraulic","9":"pa_auteur-jerome-de-lalande-2","10":"pa_type-de-livre-printed-book","12":"first","13":"instock","14":"shipping-taxable","15":"purchasable","16":"product-type-simple"},"acf":[],"yoast_head":"<!-- This site is optimized with the Yoast SEO plugin v24.3 - https:\/\/yoast.com\/wordpress\/plugins\/seo\/ -->\n<title>LALANDE J\u00e9r\u00f4me de Des Canaux de Navigation, et sp\u00e9cialement du canal de Languedoc. - Libairie Clavreuil<\/title>\n<meta name=\"robots\" content=\"noindex, follow, max-snippet:-1, max-image-preview:large, max-video-preview:-1\" \/>\n<meta property=\"og:locale\" content=\"en_US\" \/>\n<meta property=\"og:type\" content=\"article\" \/>\n<meta property=\"og:title\" content=\"LALANDE J\u00e9r\u00f4me de Des Canaux de Navigation, et sp\u00e9cialement du canal de Languedoc. - Libairie Clavreuil\" \/>\n<meta property=\"og:description\" content=\"Folio (434 x 282 mm) 2 unn.l., XX, 588 pp., 14 copper plates including 1 folded. Sheep, spine gilt with raised bands, red edges (contemporary binding).\" \/>\n<meta property=\"og:url\" content=\"https:\/\/clavreuil-wordpress.logiciel-arteo.fr\/en\/lalande-jerome-de-des-canaux-de-navigation-et-specialement-du-canal-de-languedoc\/\" \/>\n<meta property=\"og:site_name\" content=\"Libairie Clavreuil\" \/>\n<meta property=\"article:modified_time\" content=\"2024-04-24T16:58:43+00:00\" \/>\n<meta property=\"og:image\" content=\"https:\/\/clavreuil-wordpress.logiciel-arteo.fr\/wp-content\/uploads\/2024\/04\/jerome-de-lalande-des-canaux-de-navigation-et-specialement-du-canal-de-languedoc-5653-65fc1da20918f-scaled.jpg\" \/>\n\t<meta property=\"og:image:width\" content=\"1920\" \/>\n\t<meta property=\"og:image:height\" content=\"2560\" \/>\n\t<meta property=\"og:image:type\" content=\"image\/jpeg\" \/>\n<meta name=\"twitter:card\" content=\"summary_large_image\" \/>\n<meta name=\"twitter:label1\" content=\"Est. reading time\" \/>\n\t<meta name=\"twitter:data1\" content=\"1 minute\" \/>\n<script type=\"application\/ld+json\" class=\"yoast-schema-graph\">{\"@context\":\"https:\/\/schema.org\",\"@graph\":[{\"@type\":\"WebPage\",\"@id\":\"https:\/\/clavreuil-wordpress.logiciel-arteo.fr\/en\/lalande-jerome-de-des-canaux-de-navigation-et-specialement-du-canal-de-languedoc\/\",\"url\":\"https:\/\/clavreuil-wordpress.logiciel-arteo.fr\/en\/lalande-jerome-de-des-canaux-de-navigation-et-specialement-du-canal-de-languedoc\/\",\"name\":\"LALANDE J\u00e9r\u00f4me de Des Canaux de Navigation, et sp\u00e9cialement du canal de Languedoc. - Libairie Clavreuil\",\"isPartOf\":{\"@id\":\"https:\/\/clavreuil-wordpress.logiciel-arteo.fr\/#website\"},\"primaryImageOfPage\":{\"@id\":\"https:\/\/clavreuil-wordpress.logiciel-arteo.fr\/en\/lalande-jerome-de-des-canaux-de-navigation-et-specialement-du-canal-de-languedoc\/#primaryimage\"},\"image\":{\"@id\":\"https:\/\/clavreuil-wordpress.logiciel-arteo.fr\/en\/lalande-jerome-de-des-canaux-de-navigation-et-specialement-du-canal-de-languedoc\/#primaryimage\"},\"thumbnailUrl\":\"https:\/\/clavreuil-wordpress.logiciel-arteo.fr\/wp-content\/uploads\/2024\/04\/jerome-de-lalande-des-canaux-de-navigation-et-specialement-du-canal-de-languedoc-5653-65fc1da20918f-scaled.jpg\",\"datePublished\":\"2024-04-24T16:58:00+00:00\",\"dateModified\":\"2024-04-24T16:58:43+00:00\",\"breadcrumb\":{\"@id\":\"https:\/\/clavreuil-wordpress.logiciel-arteo.fr\/en\/lalande-jerome-de-des-canaux-de-navigation-et-specialement-du-canal-de-languedoc\/#breadcrumb\"},\"inLanguage\":\"en-US\",\"potentialAction\":[{\"@type\":\"ReadAction\",\"target\":[\"https:\/\/clavreuil-wordpress.logiciel-arteo.fr\/en\/lalande-jerome-de-des-canaux-de-navigation-et-specialement-du-canal-de-languedoc\/\"]}]},{\"@type\":\"ImageObject\",\"inLanguage\":\"en-US\",\"@id\":\"https:\/\/clavreuil-wordpress.logiciel-arteo.fr\/en\/lalande-jerome-de-des-canaux-de-navigation-et-specialement-du-canal-de-languedoc\/#primaryimage\",\"url\":\"https:\/\/clavreuil-wordpress.logiciel-arteo.fr\/wp-content\/uploads\/2024\/04\/jerome-de-lalande-des-canaux-de-navigation-et-specialement-du-canal-de-languedoc-5653-65fc1da20918f-scaled.jpg\",\"contentUrl\":\"https:\/\/clavreuil-wordpress.logiciel-arteo.fr\/wp-content\/uploads\/2024\/04\/jerome-de-lalande-des-canaux-de-navigation-et-specialement-du-canal-de-languedoc-5653-65fc1da20918f-scaled.jpg\",\"width\":1920,\"height\":2560},{\"@type\":\"BreadcrumbList\",\"@id\":\"https:\/\/clavreuil-wordpress.logiciel-arteo.fr\/en\/lalande-jerome-de-des-canaux-de-navigation-et-specialement-du-canal-de-languedoc\/#breadcrumb\",\"itemListElement\":[{\"@type\":\"ListItem\",\"position\":1,\"name\":\"Accueil\",\"item\":\"https:\/\/clavreuil-wordpress.logiciel-arteo.fr\/\"},{\"@type\":\"ListItem\",\"position\":2,\"name\":\"All our books\",\"item\":\"https:\/\/clavreuil-wordpress.logiciel-arteo.fr\/en\/all-our-books\/\"},{\"@type\":\"ListItem\",\"position\":3,\"name\":\"LALANDE J\u00e9r\u00f4me de Des Canaux de Navigation, et...\"}]},{\"@type\":\"WebSite\",\"@id\":\"https:\/\/clavreuil-wordpress.logiciel-arteo.fr\/#website\",\"url\":\"https:\/\/clavreuil-wordpress.logiciel-arteo.fr\/\",\"name\":\"Libairie Clavreuil\",\"description\":\"\",\"publisher\":{\"@id\":\"https:\/\/clavreuil-wordpress.logiciel-arteo.fr\/#organization\"},\"potentialAction\":[{\"@type\":\"SearchAction\",\"target\":{\"@type\":\"EntryPoint\",\"urlTemplate\":\"https:\/\/clavreuil-wordpress.logiciel-arteo.fr\/?s={search_term_string}\"},\"query-input\":{\"@type\":\"PropertyValueSpecification\",\"valueRequired\":true,\"valueName\":\"search_term_string\"}}],\"inLanguage\":\"en-US\"},{\"@type\":\"Organization\",\"@id\":\"https:\/\/clavreuil-wordpress.logiciel-arteo.fr\/#organization\",\"name\":\"Libairie Clavreuil\",\"url\":\"https:\/\/clavreuil-wordpress.logiciel-arteo.fr\/\",\"logo\":{\"@type\":\"ImageObject\",\"inLanguage\":\"en-US\",\"@id\":\"https:\/\/clavreuil-wordpress.logiciel-arteo.fr\/#\/schema\/logo\/image\/\",\"url\":\"https:\/\/clavreuil-wordpress.logiciel-arteo.fr\/wp-content\/uploads\/2021\/05\/LOGO_PNG_DATE-_gold.png\",\"contentUrl\":\"https:\/\/clavreuil-wordpress.logiciel-arteo.fr\/wp-content\/uploads\/2021\/05\/LOGO_PNG_DATE-_gold.png\",\"width\":2083,\"height\":1917,\"caption\":\"Libairie Clavreuil\"},\"image\":{\"@id\":\"https:\/\/clavreuil-wordpress.logiciel-arteo.fr\/#\/schema\/logo\/image\/\"}}]}<\/script>\n<!-- \/ Yoast SEO plugin. -->","yoast_head_json":{"title":"LALANDE J\u00e9r\u00f4me de Des Canaux de Navigation, et sp\u00e9cialement du canal de Languedoc. - Libairie Clavreuil","robots":{"index":"noindex","follow":"follow","max-snippet":"max-snippet:-1","max-image-preview":"max-image-preview:large","max-video-preview":"max-video-preview:-1"},"og_locale":"en_US","og_type":"article","og_title":"LALANDE J\u00e9r\u00f4me de Des Canaux de Navigation, et sp\u00e9cialement du canal de Languedoc. - Libairie Clavreuil","og_description":"Folio (434 x 282 mm) 2 unn.l., XX, 588 pp., 14 copper plates including 1 folded. Sheep, spine gilt with raised bands, red edges (contemporary binding).","og_url":"https:\/\/clavreuil-wordpress.logiciel-arteo.fr\/en\/lalande-jerome-de-des-canaux-de-navigation-et-specialement-du-canal-de-languedoc\/","og_site_name":"Libairie Clavreuil","article_modified_time":"2024-04-24T16:58:43+00:00","og_image":[{"width":1920,"height":2560,"url":"https:\/\/clavreuil-wordpress.logiciel-arteo.fr\/wp-content\/uploads\/2024\/04\/jerome-de-lalande-des-canaux-de-navigation-et-specialement-du-canal-de-languedoc-5653-65fc1da20918f-scaled.jpg","type":"image\/jpeg"}],"twitter_card":"summary_large_image","twitter_misc":{"Est. reading time":"1 minute"},"schema":{"@context":"https:\/\/schema.org","@graph":[{"@type":"WebPage","@id":"https:\/\/clavreuil-wordpress.logiciel-arteo.fr\/en\/lalande-jerome-de-des-canaux-de-navigation-et-specialement-du-canal-de-languedoc\/","url":"https:\/\/clavreuil-wordpress.logiciel-arteo.fr\/en\/lalande-jerome-de-des-canaux-de-navigation-et-specialement-du-canal-de-languedoc\/","name":"LALANDE J\u00e9r\u00f4me de Des Canaux de Navigation, et sp\u00e9cialement du canal de Languedoc. - Libairie Clavreuil","isPartOf":{"@id":"https:\/\/clavreuil-wordpress.logiciel-arteo.fr\/#website"},"primaryImageOfPage":{"@id":"https:\/\/clavreuil-wordpress.logiciel-arteo.fr\/en\/lalande-jerome-de-des-canaux-de-navigation-et-specialement-du-canal-de-languedoc\/#primaryimage"},"image":{"@id":"https:\/\/clavreuil-wordpress.logiciel-arteo.fr\/en\/lalande-jerome-de-des-canaux-de-navigation-et-specialement-du-canal-de-languedoc\/#primaryimage"},"thumbnailUrl":"https:\/\/clavreuil-wordpress.logiciel-arteo.fr\/wp-content\/uploads\/2024\/04\/jerome-de-lalande-des-canaux-de-navigation-et-specialement-du-canal-de-languedoc-5653-65fc1da20918f-scaled.jpg","datePublished":"2024-04-24T16:58:00+00:00","dateModified":"2024-04-24T16:58:43+00:00","breadcrumb":{"@id":"https:\/\/clavreuil-wordpress.logiciel-arteo.fr\/en\/lalande-jerome-de-des-canaux-de-navigation-et-specialement-du-canal-de-languedoc\/#breadcrumb"},"inLanguage":"en-US","potentialAction":[{"@type":"ReadAction","target":["https:\/\/clavreuil-wordpress.logiciel-arteo.fr\/en\/lalande-jerome-de-des-canaux-de-navigation-et-specialement-du-canal-de-languedoc\/"]}]},{"@type":"ImageObject","inLanguage":"en-US","@id":"https:\/\/clavreuil-wordpress.logiciel-arteo.fr\/en\/lalande-jerome-de-des-canaux-de-navigation-et-specialement-du-canal-de-languedoc\/#primaryimage","url":"https:\/\/clavreuil-wordpress.logiciel-arteo.fr\/wp-content\/uploads\/2024\/04\/jerome-de-lalande-des-canaux-de-navigation-et-specialement-du-canal-de-languedoc-5653-65fc1da20918f-scaled.jpg","contentUrl":"https:\/\/clavreuil-wordpress.logiciel-arteo.fr\/wp-content\/uploads\/2024\/04\/jerome-de-lalande-des-canaux-de-navigation-et-specialement-du-canal-de-languedoc-5653-65fc1da20918f-scaled.jpg","width":1920,"height":2560},{"@type":"BreadcrumbList","@id":"https:\/\/clavreuil-wordpress.logiciel-arteo.fr\/en\/lalande-jerome-de-des-canaux-de-navigation-et-specialement-du-canal-de-languedoc\/#breadcrumb","itemListElement":[{"@type":"ListItem","position":1,"name":"Accueil","item":"https:\/\/clavreuil-wordpress.logiciel-arteo.fr\/"},{"@type":"ListItem","position":2,"name":"All our books","item":"https:\/\/clavreuil-wordpress.logiciel-arteo.fr\/en\/all-our-books\/"},{"@type":"ListItem","position":3,"name":"LALANDE J\u00e9r\u00f4me de Des Canaux de Navigation, et..."}]},{"@type":"WebSite","@id":"https:\/\/clavreuil-wordpress.logiciel-arteo.fr\/#website","url":"https:\/\/clavreuil-wordpress.logiciel-arteo.fr\/","name":"Libairie Clavreuil","description":"","publisher":{"@id":"https:\/\/clavreuil-wordpress.logiciel-arteo.fr\/#organization"},"potentialAction":[{"@type":"SearchAction","target":{"@type":"EntryPoint","urlTemplate":"https:\/\/clavreuil-wordpress.logiciel-arteo.fr\/?s={search_term_string}"},"query-input":{"@type":"PropertyValueSpecification","valueRequired":true,"valueName":"search_term_string"}}],"inLanguage":"en-US"},{"@type":"Organization","@id":"https:\/\/clavreuil-wordpress.logiciel-arteo.fr\/#organization","name":"Libairie Clavreuil","url":"https:\/\/clavreuil-wordpress.logiciel-arteo.fr\/","logo":{"@type":"ImageObject","inLanguage":"en-US","@id":"https:\/\/clavreuil-wordpress.logiciel-arteo.fr\/#\/schema\/logo\/image\/","url":"https:\/\/clavreuil-wordpress.logiciel-arteo.fr\/wp-content\/uploads\/2021\/05\/LOGO_PNG_DATE-_gold.png","contentUrl":"https:\/\/clavreuil-wordpress.logiciel-arteo.fr\/wp-content\/uploads\/2021\/05\/LOGO_PNG_DATE-_gold.png","width":2083,"height":1917,"caption":"Libairie Clavreuil"},"image":{"@id":"https:\/\/clavreuil-wordpress.logiciel-arteo.fr\/#\/schema\/logo\/image\/"}}]}},"_links":{"self":[{"href":"https:\/\/clavreuil-wordpress.logiciel-arteo.fr\/en\/wp-json\/wp\/v2\/product\/76040","targetHints":{"allow":["GET"]}}],"collection":[{"href":"https:\/\/clavreuil-wordpress.logiciel-arteo.fr\/en\/wp-json\/wp\/v2\/product"}],"about":[{"href":"https:\/\/clavreuil-wordpress.logiciel-arteo.fr\/en\/wp-json\/wp\/v2\/types\/product"}],"replies":[{"embeddable":true,"href":"https:\/\/clavreuil-wordpress.logiciel-arteo.fr\/en\/wp-json\/wp\/v2\/comments?post=76040"}],"wp:featuredmedia":[{"embeddable":true,"href":"https:\/\/clavreuil-wordpress.logiciel-arteo.fr\/en\/wp-json\/wp\/v2\/media\/76029"}],"wp:attachment":[{"href":"https:\/\/clavreuil-wordpress.logiciel-arteo.fr\/en\/wp-json\/wp\/v2\/media?parent=76040"}],"wp:term":[{"taxonomy":"product_brand","embeddable":true,"href":"https:\/\/clavreuil-wordpress.logiciel-arteo.fr\/en\/wp-json\/wp\/v2\/product_brand?post=76040"},{"taxonomy":"product_cat","embeddable":true,"href":"https:\/\/clavreuil-wordpress.logiciel-arteo.fr\/en\/wp-json\/wp\/v2\/product_cat?post=76040"},{"taxonomy":"product_tag","embeddable":true,"href":"https:\/\/clavreuil-wordpress.logiciel-arteo.fr\/en\/wp-json\/wp\/v2\/product_tag?post=76040"}],"curies":[{"name":"wp","href":"https:\/\/api.w.org\/{rel}","templated":true}]}}