{"id":76137,"date":"2024-04-24T19:04:00","date_gmt":"2024-04-24T17:04:00","guid":{"rendered":"https:\/\/clavreuil-wordpress.logiciel-arteo.fr\/coulomb-charles-augustin-de-precis-des-operations-relatives-a-la-navigation-interieure-de-bretagne-contenant-la-deliberation-des-etats-des-29-30-janvier-1783-le-rapport-de-mm-les-commissaire\/"},"modified":"2024-04-24T19:04:58","modified_gmt":"2024-04-24T17:04:58","slug":"coulomb-charles-augustin-de-precis-des-operations-relatives-a-la-navigation-interieure-de-bretagne-contenant-la-deliberation-des-etats-des-29-30-janvier-1783-le-rapport-de-mm-les-commissaire","status":"publish","type":"product","link":"https:\/\/clavreuil-wordpress.logiciel-arteo.fr\/en\/coulomb-charles-augustin-de-precis-des-operations-relatives-a-la-navigation-interieure-de-bretagne-contenant-la-deliberation-des-etats-des-29-30-janvier-1783-le-rapport-de-mm-les-commissaire\/","title":{"rendered":"COULOMB Charles Augustin de Pr\u00e9cis des Op\u00e9rations relatives..."},"content":{"rendered":"<p style=\"text-align:justify\"><em>Roberts &amp; Trent, 81-82 (this copy); DSB, III, p. 439-446.<\/em><\/p>\n<p style=\"text-align:justify\">Exceptional Sammelband of 14 pieces on an abandoned project of canal construction in Brittany under Louis XVI.<\/p>\n<p style=\"text-align:justify\">It is extra illustrated with an engraved map of the projected canals of that region (&lsquo;Carte figurative des rivi&egrave;res et des canaux projet&eacute;s pour la navigation int&eacute;rieure de Bretagne&rsquo;) by Ollivaut. Coulomb&#039;s last major consulting duties as an officer of the military engineering corps concerned plans for a canal system linking Angers, Nantes, and St. Malo, and for a harbour development at St. Malo. Unfortunately for Coulomb, the scheme proposed by the Breton canal commission, and vigorously promoted by its head, the Comte de Pir&eacute;, was grandiose and expensive. Unaware of the political implications, Coulomb and the other consultants &lsquo;insisted on assessing the harbour scheme as it really was &ndash; a project that would be both economically and technically unfeasible&rsquo;. Outraged, the canal commission applied pressure to Coulomb&rsquo;s superiors, and, on an absurd technicality, he and an associate were briefly jailed. Already having realized his situation, Coulomb had attempted to resign from the royal engineers or to have another engineer assigned to the project, pleading ill health, lack of social rank, and lack of diplomatic skills. Nonetheless, his superiors assented to the Estates&rsquo; demand that Coulomb return to supervise the project. Doomed from the outset, work on the canals began in June of 1784 and was abandoned, uncompleted, that October. In 1785, the Estates of Brittany awarded Coulomb a bo&icirc;te d&rsquo;or (golden box) in lieu of a monetary gift. Perhaps more gratifying, though , was the 1786 committee report on the Breton canals, which confirmed his original assessment of the project.<\/p>\n<p style=\"text-align:justify\">This rare report incudes an extract from the Etats, the Commission Report, Chezy&rsquo;s report, Coulomb&rsquo;s report, Proc&egrave;s-verbal by Coulomb and Robinet, Memoir by Frignet, Breakdown of estimated costs for the different component parts, Memoir by Frignet, Memoir by de Brie, Memoir by Bremontier, Memoir of Liard, Memoir dated 15 October 1784 by Liard with acknowledgement by Paviot on last page, Observations by Rosnyvinen de Pir&eacute;, le fils, and Tableau de la Communication Int&eacute;rieure du Royaume de France&rdquo;.<\/p>\n<p style=\"text-align:justify\">Tipped-in Bound in at had : Bifolium of blue paper, 3 pp., entitled Mani&egrave;re de verifier le niveau d&rsquo;air &agrave; Lunette. And a leaf, 1 &frac12; pp. bearing &lsquo;Rapport de M. de Ch&eacute;zy&rsquo; bearing additions to that article tipped in facing page 6 of that report. (See Bibliotheca Mechanica)<\/p>\n<p style=\"text-align:justify\">&quot;Coulomb&#039;s most celebrated engineering consulting task was in Brittany in 1783-84. Here he became involved, against his will, in a commission to recommend canal and harbor improvements. The commission (which included Borda and the abb&eacute; Alexis Marie Rochon) submitted a critical report and Colomb suffered as the scapegoat, being confined to prison for one week in November 1783&quot; (DSB).<\/p>\n<p style=\"text-align:justify\">Exceptional Sammelband.<\/p>\n<p style=\"text-align:justify\">Small loss to bottom of spine, else fine.<\/p>\n<p style=\"text-align:justify\">Book plate of Bibliotheca Mechanica.<\/p>\n","protected":false},"excerpt":{"rendered":"<p>Sammelband of 14 pieces, folio (330 x 205 mm) titlepage, 8 + 68 + 10 + 16 + 6 + 24 + 12 + 23 + 40 pp. and one folding table + 36 + 1 unn.l. 45 + 24 pp. and one table + 4 pp. and 1 table + 1 unn.l. Contemporary marbled calf, spine gilt with raised bands, red edges (<em>light wear to spine and corners<\/em>).<\/p>\n","protected":false},"featured_media":76122,"comment_status":"open","ping_status":"closed","template":"","meta":{"_acf_changed":false},"product_brand":[],"product_cat":[550],"product_tag":[580,1215],"class_list":{"0":"post-76137","1":"product","2":"type-product","3":"status-publish","4":"has-post-thumbnail","6":"product_cat-science","7":"product_tag-hydraulic","8":"product_tag-regionalism","9":"pa_auteur-charles-augustin-de-coulomb-2","10":"pa_type-de-livre-printed-book","12":"first","13":"instock","14":"shipping-taxable","15":"purchasable","16":"product-type-simple"},"acf":[],"yoast_head":"<!-- This site is optimized with the Yoast SEO plugin v24.3 - https:\/\/yoast.com\/wordpress\/plugins\/seo\/ -->\n<title>COULOMB Charles Augustin de Pr\u00e9cis des Op\u00e9rations relatives \u00e0 la Navigation int\u00e9rieure de Bretagne, Contenant la D\u00e9lib\u00e9ration des Etats des 29 &amp; 30 janvier 1783; le Rapport de MM. les Commissaires; les M\u00e9moires &amp; Rapport de M. de Coulomb, Capitaine au Corps Royal du G\u00e9nie, Conseil de la Commission, &amp; de M. de Chezy, Inspecteur g\u00e9n\u00e9ral des Ponts &amp; Chauss\u00e9es de France; Les M\u00e9moires, Plans et Devis des Ing\u00e9nieurs, pour la perfection de la Navigation de Rennes \u00e0 Redon; la jonction de la Villaine \u00e0 la Rance par les Rivi\u00e8res de l&#039;Isle et du Linon, ou les Rivi\u00e8res du Meu &amp; du Garun. - Libairie Clavreuil<\/title>\n<meta name=\"robots\" content=\"noindex, follow, max-snippet:-1, max-image-preview:large, max-video-preview:-1\" \/>\n<meta property=\"og:locale\" content=\"en_US\" \/>\n<meta property=\"og:type\" content=\"article\" \/>\n<meta property=\"og:title\" content=\"COULOMB Charles Augustin de Pr\u00e9cis des Op\u00e9rations relatives \u00e0 la Navigation int\u00e9rieure de Bretagne, Contenant la D\u00e9lib\u00e9ration des Etats des 29 &amp; 30 janvier 1783; le Rapport de MM. les Commissaires; les M\u00e9moires &amp; Rapport de M. de Coulomb, Capitaine au Corps Royal du G\u00e9nie, Conseil de la Commission, &amp; de M. de Chezy, Inspecteur g\u00e9n\u00e9ral des Ponts &amp; Chauss\u00e9es de France; Les M\u00e9moires, Plans et Devis des Ing\u00e9nieurs, pour la perfection de la Navigation de Rennes \u00e0 Redon; la jonction de la Villaine \u00e0 la Rance par les Rivi\u00e8res de l&#039;Isle et du Linon, ou les Rivi\u00e8res du Meu &amp; du Garun. - Libairie Clavreuil\" \/>\n<meta property=\"og:description\" content=\"Sammelband of 14 pieces, folio (330 x 205 mm) titlepage, 8 + 68 + 10 + 16 + 6 + 24 + 12 + 23 + 40 pp. and one folding table + 36 + 1 unn.l. 45 + 24 pp. and one table + 4 pp. and 1 table + 1 unn.l. Contemporary marbled calf, spine gilt with raised bands, red edges (light wear to spine and corners).\" \/>\n<meta property=\"og:url\" content=\"https:\/\/clavreuil-wordpress.logiciel-arteo.fr\/en\/coulomb-charles-augustin-de-precis-des-operations-relatives-a-la-navigation-interieure-de-bretagne-contenant-la-deliberation-des-etats-des-29-30-janvier-1783-le-rapport-de-mm-les-commissaire\/\" \/>\n<meta property=\"og:site_name\" content=\"Libairie Clavreuil\" \/>\n<meta property=\"article:modified_time\" content=\"2024-04-24T17:04:58+00:00\" \/>\n<meta property=\"og:image\" content=\"https:\/\/clavreuil-wordpress.logiciel-arteo.fr\/wp-content\/uploads\/2024\/04\/charles-augustin-de-coulomb-precis-des-operations-relatives-a-la-navigation-interieure-de-bretagne-contenant-la-deliberation-des-etats-des-29-30-janvi-scaled.jpg\" \/>\n\t<meta property=\"og:image:width\" content=\"1942\" \/>\n\t<meta property=\"og:image:height\" content=\"2560\" \/>\n\t<meta property=\"og:image:type\" content=\"image\/jpeg\" \/>\n<meta name=\"twitter:card\" content=\"summary_large_image\" \/>\n<meta name=\"twitter:label1\" content=\"Est. reading time\" \/>\n\t<meta name=\"twitter:data1\" content=\"3 minutes\" \/>\n<script type=\"application\/ld+json\" class=\"yoast-schema-graph\">{\"@context\":\"https:\/\/schema.org\",\"@graph\":[{\"@type\":\"WebPage\",\"@id\":\"https:\/\/clavreuil-wordpress.logiciel-arteo.fr\/en\/coulomb-charles-augustin-de-precis-des-operations-relatives-a-la-navigation-interieure-de-bretagne-contenant-la-deliberation-des-etats-des-29-30-janvier-1783-le-rapport-de-mm-les-commissaire\/\",\"url\":\"https:\/\/clavreuil-wordpress.logiciel-arteo.fr\/en\/coulomb-charles-augustin-de-precis-des-operations-relatives-a-la-navigation-interieure-de-bretagne-contenant-la-deliberation-des-etats-des-29-30-janvier-1783-le-rapport-de-mm-les-commissaire\/\",\"name\":\"COULOMB Charles Augustin de Pr\u00e9cis des Op\u00e9rations relatives \u00e0 la Navigation int\u00e9rieure de Bretagne, Contenant la D\u00e9lib\u00e9ration des Etats des 29 &amp; 30 janvier 1783; le Rapport de MM. les Commissaires; les M\u00e9moires &amp; Rapport de M. de Coulomb, Capitaine au Corps Royal du G\u00e9nie, Conseil de la Commission, &amp; de M. de Chezy, Inspecteur g\u00e9n\u00e9ral des Ponts &amp; Chauss\u00e9es de France; Les M\u00e9moires, Plans et Devis des Ing\u00e9nieurs, pour la perfection de la Navigation de Rennes \u00e0 Redon; la jonction de la Villaine \u00e0 la Rance par les Rivi\u00e8res de l'Isle et du Linon, ou les Rivi\u00e8res du Meu &amp; du Garun. - Libairie Clavreuil\",\"isPartOf\":{\"@id\":\"https:\/\/clavreuil-wordpress.logiciel-arteo.fr\/#website\"},\"primaryImageOfPage\":{\"@id\":\"https:\/\/clavreuil-wordpress.logiciel-arteo.fr\/en\/coulomb-charles-augustin-de-precis-des-operations-relatives-a-la-navigation-interieure-de-bretagne-contenant-la-deliberation-des-etats-des-29-30-janvier-1783-le-rapport-de-mm-les-commissaire\/#primaryimage\"},\"image\":{\"@id\":\"https:\/\/clavreuil-wordpress.logiciel-arteo.fr\/en\/coulomb-charles-augustin-de-precis-des-operations-relatives-a-la-navigation-interieure-de-bretagne-contenant-la-deliberation-des-etats-des-29-30-janvier-1783-le-rapport-de-mm-les-commissaire\/#primaryimage\"},\"thumbnailUrl\":\"https:\/\/clavreuil-wordpress.logiciel-arteo.fr\/wp-content\/uploads\/2024\/04\/charles-augustin-de-coulomb-precis-des-operations-relatives-a-la-navigation-interieure-de-bretagne-contenant-la-deliberation-des-etats-des-29-30-janvi-scaled.jpg\",\"datePublished\":\"2024-04-24T17:04:00+00:00\",\"dateModified\":\"2024-04-24T17:04:58+00:00\",\"breadcrumb\":{\"@id\":\"https:\/\/clavreuil-wordpress.logiciel-arteo.fr\/en\/coulomb-charles-augustin-de-precis-des-operations-relatives-a-la-navigation-interieure-de-bretagne-contenant-la-deliberation-des-etats-des-29-30-janvier-1783-le-rapport-de-mm-les-commissaire\/#breadcrumb\"},\"inLanguage\":\"en-US\",\"potentialAction\":[{\"@type\":\"ReadAction\",\"target\":[\"https:\/\/clavreuil-wordpress.logiciel-arteo.fr\/en\/coulomb-charles-augustin-de-precis-des-operations-relatives-a-la-navigation-interieure-de-bretagne-contenant-la-deliberation-des-etats-des-29-30-janvier-1783-le-rapport-de-mm-les-commissaire\/\"]}]},{\"@type\":\"ImageObject\",\"inLanguage\":\"en-US\",\"@id\":\"https:\/\/clavreuil-wordpress.logiciel-arteo.fr\/en\/coulomb-charles-augustin-de-precis-des-operations-relatives-a-la-navigation-interieure-de-bretagne-contenant-la-deliberation-des-etats-des-29-30-janvier-1783-le-rapport-de-mm-les-commissaire\/#primaryimage\",\"url\":\"https:\/\/clavreuil-wordpress.logiciel-arteo.fr\/wp-content\/uploads\/2024\/04\/charles-augustin-de-coulomb-precis-des-operations-relatives-a-la-navigation-interieure-de-bretagne-contenant-la-deliberation-des-etats-des-29-30-janvi-scaled.jpg\",\"contentUrl\":\"https:\/\/clavreuil-wordpress.logiciel-arteo.fr\/wp-content\/uploads\/2024\/04\/charles-augustin-de-coulomb-precis-des-operations-relatives-a-la-navigation-interieure-de-bretagne-contenant-la-deliberation-des-etats-des-29-30-janvi-scaled.jpg\",\"width\":1942,\"height\":2560},{\"@type\":\"BreadcrumbList\",\"@id\":\"https:\/\/clavreuil-wordpress.logiciel-arteo.fr\/en\/coulomb-charles-augustin-de-precis-des-operations-relatives-a-la-navigation-interieure-de-bretagne-contenant-la-deliberation-des-etats-des-29-30-janvier-1783-le-rapport-de-mm-les-commissaire\/#breadcrumb\",\"itemListElement\":[{\"@type\":\"ListItem\",\"position\":1,\"name\":\"Accueil\",\"item\":\"https:\/\/clavreuil-wordpress.logiciel-arteo.fr\/\"},{\"@type\":\"ListItem\",\"position\":2,\"name\":\"All our books\",\"item\":\"https:\/\/clavreuil-wordpress.logiciel-arteo.fr\/en\/all-our-books\/\"},{\"@type\":\"ListItem\",\"position\":3,\"name\":\"COULOMB Charles Augustin de Pr\u00e9cis des Op\u00e9rations relatives...\"}]},{\"@type\":\"WebSite\",\"@id\":\"https:\/\/clavreuil-wordpress.logiciel-arteo.fr\/#website\",\"url\":\"https:\/\/clavreuil-wordpress.logiciel-arteo.fr\/\",\"name\":\"Libairie Clavreuil\",\"description\":\"\",\"publisher\":{\"@id\":\"https:\/\/clavreuil-wordpress.logiciel-arteo.fr\/#organization\"},\"potentialAction\":[{\"@type\":\"SearchAction\",\"target\":{\"@type\":\"EntryPoint\",\"urlTemplate\":\"https:\/\/clavreuil-wordpress.logiciel-arteo.fr\/?s={search_term_string}\"},\"query-input\":{\"@type\":\"PropertyValueSpecification\",\"valueRequired\":true,\"valueName\":\"search_term_string\"}}],\"inLanguage\":\"en-US\"},{\"@type\":\"Organization\",\"@id\":\"https:\/\/clavreuil-wordpress.logiciel-arteo.fr\/#organization\",\"name\":\"Libairie Clavreuil\",\"url\":\"https:\/\/clavreuil-wordpress.logiciel-arteo.fr\/\",\"logo\":{\"@type\":\"ImageObject\",\"inLanguage\":\"en-US\",\"@id\":\"https:\/\/clavreuil-wordpress.logiciel-arteo.fr\/#\/schema\/logo\/image\/\",\"url\":\"https:\/\/clavreuil-wordpress.logiciel-arteo.fr\/wp-content\/uploads\/2021\/05\/LOGO_PNG_DATE-_gold.png\",\"contentUrl\":\"https:\/\/clavreuil-wordpress.logiciel-arteo.fr\/wp-content\/uploads\/2021\/05\/LOGO_PNG_DATE-_gold.png\",\"width\":2083,\"height\":1917,\"caption\":\"Libairie Clavreuil\"},\"image\":{\"@id\":\"https:\/\/clavreuil-wordpress.logiciel-arteo.fr\/#\/schema\/logo\/image\/\"}}]}<\/script>\n<!-- \/ Yoast SEO plugin. -->","yoast_head_json":{"title":"COULOMB Charles Augustin de Pr\u00e9cis des Op\u00e9rations relatives \u00e0 la Navigation int\u00e9rieure de Bretagne, Contenant la D\u00e9lib\u00e9ration des Etats des 29 &amp; 30 janvier 1783; le Rapport de MM. les Commissaires; les M\u00e9moires &amp; Rapport de M. de Coulomb, Capitaine au Corps Royal du G\u00e9nie, Conseil de la Commission, &amp; de M. de Chezy, Inspecteur g\u00e9n\u00e9ral des Ponts &amp; Chauss\u00e9es de France; Les M\u00e9moires, Plans et Devis des Ing\u00e9nieurs, pour la perfection de la Navigation de Rennes \u00e0 Redon; la jonction de la Villaine \u00e0 la Rance par les Rivi\u00e8res de l'Isle et du Linon, ou les Rivi\u00e8res du Meu &amp; du Garun. - Libairie Clavreuil","robots":{"index":"noindex","follow":"follow","max-snippet":"max-snippet:-1","max-image-preview":"max-image-preview:large","max-video-preview":"max-video-preview:-1"},"og_locale":"en_US","og_type":"article","og_title":"COULOMB Charles Augustin de Pr\u00e9cis des Op\u00e9rations relatives \u00e0 la Navigation int\u00e9rieure de Bretagne, Contenant la D\u00e9lib\u00e9ration des Etats des 29 &amp; 30 janvier 1783; le Rapport de MM. les Commissaires; les M\u00e9moires &amp; Rapport de M. de Coulomb, Capitaine au Corps Royal du G\u00e9nie, Conseil de la Commission, &amp; de M. de Chezy, Inspecteur g\u00e9n\u00e9ral des Ponts &amp; Chauss\u00e9es de France; Les M\u00e9moires, Plans et Devis des Ing\u00e9nieurs, pour la perfection de la Navigation de Rennes \u00e0 Redon; la jonction de la Villaine \u00e0 la Rance par les Rivi\u00e8res de l'Isle et du Linon, ou les Rivi\u00e8res du Meu &amp; du Garun. - Libairie Clavreuil","og_description":"Sammelband of 14 pieces, folio (330 x 205 mm) titlepage, 8 + 68 + 10 + 16 + 6 + 24 + 12 + 23 + 40 pp. and one folding table + 36 + 1 unn.l. 45 + 24 pp. and one table + 4 pp. and 1 table + 1 unn.l. Contemporary marbled calf, spine gilt with raised bands, red edges (light wear to spine and corners).","og_url":"https:\/\/clavreuil-wordpress.logiciel-arteo.fr\/en\/coulomb-charles-augustin-de-precis-des-operations-relatives-a-la-navigation-interieure-de-bretagne-contenant-la-deliberation-des-etats-des-29-30-janvier-1783-le-rapport-de-mm-les-commissaire\/","og_site_name":"Libairie Clavreuil","article_modified_time":"2024-04-24T17:04:58+00:00","og_image":[{"width":1942,"height":2560,"url":"https:\/\/clavreuil-wordpress.logiciel-arteo.fr\/wp-content\/uploads\/2024\/04\/charles-augustin-de-coulomb-precis-des-operations-relatives-a-la-navigation-interieure-de-bretagne-contenant-la-deliberation-des-etats-des-29-30-janvi-scaled.jpg","type":"image\/jpeg"}],"twitter_card":"summary_large_image","twitter_misc":{"Est. reading time":"3 minutes"},"schema":{"@context":"https:\/\/schema.org","@graph":[{"@type":"WebPage","@id":"https:\/\/clavreuil-wordpress.logiciel-arteo.fr\/en\/coulomb-charles-augustin-de-precis-des-operations-relatives-a-la-navigation-interieure-de-bretagne-contenant-la-deliberation-des-etats-des-29-30-janvier-1783-le-rapport-de-mm-les-commissaire\/","url":"https:\/\/clavreuil-wordpress.logiciel-arteo.fr\/en\/coulomb-charles-augustin-de-precis-des-operations-relatives-a-la-navigation-interieure-de-bretagne-contenant-la-deliberation-des-etats-des-29-30-janvier-1783-le-rapport-de-mm-les-commissaire\/","name":"COULOMB Charles Augustin de Pr\u00e9cis des Op\u00e9rations relatives \u00e0 la Navigation int\u00e9rieure de Bretagne, Contenant la D\u00e9lib\u00e9ration des Etats des 29 &amp; 30 janvier 1783; le Rapport de MM. les Commissaires; les M\u00e9moires &amp; Rapport de M. de Coulomb, Capitaine au Corps Royal du G\u00e9nie, Conseil de la Commission, &amp; de M. de Chezy, Inspecteur g\u00e9n\u00e9ral des Ponts &amp; Chauss\u00e9es de France; Les M\u00e9moires, Plans et Devis des Ing\u00e9nieurs, pour la perfection de la Navigation de Rennes \u00e0 Redon; la jonction de la Villaine \u00e0 la Rance par les Rivi\u00e8res de l'Isle et du Linon, ou les Rivi\u00e8res du Meu &amp; du Garun. - Libairie Clavreuil","isPartOf":{"@id":"https:\/\/clavreuil-wordpress.logiciel-arteo.fr\/#website"},"primaryImageOfPage":{"@id":"https:\/\/clavreuil-wordpress.logiciel-arteo.fr\/en\/coulomb-charles-augustin-de-precis-des-operations-relatives-a-la-navigation-interieure-de-bretagne-contenant-la-deliberation-des-etats-des-29-30-janvier-1783-le-rapport-de-mm-les-commissaire\/#primaryimage"},"image":{"@id":"https:\/\/clavreuil-wordpress.logiciel-arteo.fr\/en\/coulomb-charles-augustin-de-precis-des-operations-relatives-a-la-navigation-interieure-de-bretagne-contenant-la-deliberation-des-etats-des-29-30-janvier-1783-le-rapport-de-mm-les-commissaire\/#primaryimage"},"thumbnailUrl":"https:\/\/clavreuil-wordpress.logiciel-arteo.fr\/wp-content\/uploads\/2024\/04\/charles-augustin-de-coulomb-precis-des-operations-relatives-a-la-navigation-interieure-de-bretagne-contenant-la-deliberation-des-etats-des-29-30-janvi-scaled.jpg","datePublished":"2024-04-24T17:04:00+00:00","dateModified":"2024-04-24T17:04:58+00:00","breadcrumb":{"@id":"https:\/\/clavreuil-wordpress.logiciel-arteo.fr\/en\/coulomb-charles-augustin-de-precis-des-operations-relatives-a-la-navigation-interieure-de-bretagne-contenant-la-deliberation-des-etats-des-29-30-janvier-1783-le-rapport-de-mm-les-commissaire\/#breadcrumb"},"inLanguage":"en-US","potentialAction":[{"@type":"ReadAction","target":["https:\/\/clavreuil-wordpress.logiciel-arteo.fr\/en\/coulomb-charles-augustin-de-precis-des-operations-relatives-a-la-navigation-interieure-de-bretagne-contenant-la-deliberation-des-etats-des-29-30-janvier-1783-le-rapport-de-mm-les-commissaire\/"]}]},{"@type":"ImageObject","inLanguage":"en-US","@id":"https:\/\/clavreuil-wordpress.logiciel-arteo.fr\/en\/coulomb-charles-augustin-de-precis-des-operations-relatives-a-la-navigation-interieure-de-bretagne-contenant-la-deliberation-des-etats-des-29-30-janvier-1783-le-rapport-de-mm-les-commissaire\/#primaryimage","url":"https:\/\/clavreuil-wordpress.logiciel-arteo.fr\/wp-content\/uploads\/2024\/04\/charles-augustin-de-coulomb-precis-des-operations-relatives-a-la-navigation-interieure-de-bretagne-contenant-la-deliberation-des-etats-des-29-30-janvi-scaled.jpg","contentUrl":"https:\/\/clavreuil-wordpress.logiciel-arteo.fr\/wp-content\/uploads\/2024\/04\/charles-augustin-de-coulomb-precis-des-operations-relatives-a-la-navigation-interieure-de-bretagne-contenant-la-deliberation-des-etats-des-29-30-janvi-scaled.jpg","width":1942,"height":2560},{"@type":"BreadcrumbList","@id":"https:\/\/clavreuil-wordpress.logiciel-arteo.fr\/en\/coulomb-charles-augustin-de-precis-des-operations-relatives-a-la-navigation-interieure-de-bretagne-contenant-la-deliberation-des-etats-des-29-30-janvier-1783-le-rapport-de-mm-les-commissaire\/#breadcrumb","itemListElement":[{"@type":"ListItem","position":1,"name":"Accueil","item":"https:\/\/clavreuil-wordpress.logiciel-arteo.fr\/"},{"@type":"ListItem","position":2,"name":"All our books","item":"https:\/\/clavreuil-wordpress.logiciel-arteo.fr\/en\/all-our-books\/"},{"@type":"ListItem","position":3,"name":"COULOMB Charles Augustin de Pr\u00e9cis des Op\u00e9rations relatives..."}]},{"@type":"WebSite","@id":"https:\/\/clavreuil-wordpress.logiciel-arteo.fr\/#website","url":"https:\/\/clavreuil-wordpress.logiciel-arteo.fr\/","name":"Libairie Clavreuil","description":"","publisher":{"@id":"https:\/\/clavreuil-wordpress.logiciel-arteo.fr\/#organization"},"potentialAction":[{"@type":"SearchAction","target":{"@type":"EntryPoint","urlTemplate":"https:\/\/clavreuil-wordpress.logiciel-arteo.fr\/?s={search_term_string}"},"query-input":{"@type":"PropertyValueSpecification","valueRequired":true,"valueName":"search_term_string"}}],"inLanguage":"en-US"},{"@type":"Organization","@id":"https:\/\/clavreuil-wordpress.logiciel-arteo.fr\/#organization","name":"Libairie Clavreuil","url":"https:\/\/clavreuil-wordpress.logiciel-arteo.fr\/","logo":{"@type":"ImageObject","inLanguage":"en-US","@id":"https:\/\/clavreuil-wordpress.logiciel-arteo.fr\/#\/schema\/logo\/image\/","url":"https:\/\/clavreuil-wordpress.logiciel-arteo.fr\/wp-content\/uploads\/2021\/05\/LOGO_PNG_DATE-_gold.png","contentUrl":"https:\/\/clavreuil-wordpress.logiciel-arteo.fr\/wp-content\/uploads\/2021\/05\/LOGO_PNG_DATE-_gold.png","width":2083,"height":1917,"caption":"Libairie Clavreuil"},"image":{"@id":"https:\/\/clavreuil-wordpress.logiciel-arteo.fr\/#\/schema\/logo\/image\/"}}]}},"_links":{"self":[{"href":"https:\/\/clavreuil-wordpress.logiciel-arteo.fr\/en\/wp-json\/wp\/v2\/product\/76137","targetHints":{"allow":["GET"]}}],"collection":[{"href":"https:\/\/clavreuil-wordpress.logiciel-arteo.fr\/en\/wp-json\/wp\/v2\/product"}],"about":[{"href":"https:\/\/clavreuil-wordpress.logiciel-arteo.fr\/en\/wp-json\/wp\/v2\/types\/product"}],"replies":[{"embeddable":true,"href":"https:\/\/clavreuil-wordpress.logiciel-arteo.fr\/en\/wp-json\/wp\/v2\/comments?post=76137"}],"wp:featuredmedia":[{"embeddable":true,"href":"https:\/\/clavreuil-wordpress.logiciel-arteo.fr\/en\/wp-json\/wp\/v2\/media\/76122"}],"wp:attachment":[{"href":"https:\/\/clavreuil-wordpress.logiciel-arteo.fr\/en\/wp-json\/wp\/v2\/media?parent=76137"}],"wp:term":[{"taxonomy":"product_brand","embeddable":true,"href":"https:\/\/clavreuil-wordpress.logiciel-arteo.fr\/en\/wp-json\/wp\/v2\/product_brand?post=76137"},{"taxonomy":"product_cat","embeddable":true,"href":"https:\/\/clavreuil-wordpress.logiciel-arteo.fr\/en\/wp-json\/wp\/v2\/product_cat?post=76137"},{"taxonomy":"product_tag","embeddable":true,"href":"https:\/\/clavreuil-wordpress.logiciel-arteo.fr\/en\/wp-json\/wp\/v2\/product_tag?post=76137"}],"curies":[{"name":"wp","href":"https:\/\/api.w.org\/{rel}","templated":true}]}}