{"id":76151,"date":"2024-04-24T19:05:11","date_gmt":"2024-04-24T17:05:11","guid":{"rendered":"https:\/\/clavreuil-wordpress.logiciel-arteo.fr\/faujas-de-saint-fond-barthelemy-recherches-sur-les-volcans-eteints-du-vivarais-et-du-velay-avec-un-discours-sur-les-volcans-brulans-des-memoires-analytiques-sur-les-schorls-la-zeolite-le-basalte\/"},"modified":"2024-04-24T19:06:00","modified_gmt":"2024-04-24T17:06:00","slug":"faujas-de-saint-fond-barthelemy-recherches-sur-les-volcans-eteints-du-vivarais-et-du-velay-avec-un-discours-sur-les-volcans-brulans-des-memoires-analytiques-sur-les-schorls-la-zeolite-le-basalte","status":"publish","type":"product","link":"https:\/\/clavreuil-wordpress.logiciel-arteo.fr\/en\/faujas-de-saint-fond-barthelemy-recherches-sur-les-volcans-eteints-du-vivarais-et-du-velay-avec-un-discours-sur-les-volcans-brulans-des-memoires-analytiques-sur-les-schorls-la-zeolite-le-basalte\/","title":{"rendered":"FAUJAS DE SAINT-FOND Barth\u00e9l\u00e9my Recherches sur les volcans..."},"content":{"rendered":"<p><em>Hoover coll., 294; Neville, I, 447 (note).<\/em><\/p>\n<p>Faujas de Saint Fond, who had trained as a lawyer, moved to Paris and befriended Buffon. He first became assistant naturalist at the Mus&eacute;um, then the king&#039;s commissioner for mines. Faujas then travelled throughout France and Europe studying the surface of the globe, its constitution and the materials that make it up. He extended his observations particularly to volcanic products. In this work, Faujas develops his theory on the formation of volcanoes, a theory that is more ingenious than any previously put forward on this subject. An important work in the history of chemistry, Faujas also refers here to the manufacture of cement, described in the chapter entitled <em>Recherches sur la pouzzolane<\/em> (pp.201-242).<\/p>\n<p>&quot;In 1775 [Faujas] discovered a rich pozzolana mine on mount Chenavary, which was used by the French government for building the port of Toulon. The use of pozzolana (a volcanic ash containing silica, alumina, lime, etc.) for the preparation of mortars and hydraulic cements is covered&quot; (Neville).<\/p>\n<p>The fine plates depict volcanos and minerals.<\/p>\n<p>Some occasional foxing or toning, else a fine copy.<\/p>\n","protected":false},"excerpt":{"rendered":"<p>Folio (415 x 280 mm) 2 nn.ll., XVIII pp., 3 nn.ll. (privilege with errata, subscribers list), 460 pp., 20 engraved copper paltes including 1 folding. Contemporary mottled sheep, spine gilt with raised bands, red edges (slightly restored).<\/p>\n","protected":false},"featured_media":76138,"comment_status":"open","ping_status":"closed","template":"","meta":{"_acf_changed":false},"product_brand":[],"product_cat":[540],"product_tag":[1450,572,578,1333,1334],"class_list":{"0":"post-76151","1":"product","2":"type-product","3":"status-publish","4":"has-post-thumbnail","6":"product_cat-natural-history","7":"product_tag-first-edition","8":"product_tag-gemmology","9":"product_tag-geology","10":"product_tag-metallurgy","11":"product_tag-vulcanology","12":"pa_auteur-barthelemy-faujas-de-saint-fond-2","13":"pa_type-de-livre-printed-book","15":"first","16":"instock","17":"shipping-taxable","18":"purchasable","19":"product-type-simple"},"acf":[],"yoast_head":"<!-- This site is optimized with the Yoast SEO plugin v24.3 - https:\/\/yoast.com\/wordpress\/plugins\/seo\/ -->\n<title>FAUJAS DE SAINT-FOND Barth\u00e9l\u00e9my Recherches sur les volcans \u00e9teints du Vivarais et du Velay, avec un discours sur les volcans br\u00fblans, des m\u00e9moires analytiques sur les schorls, la z\u00e9olite, le basalte, la pouzzolane, les laves &amp; les diff\u00e9rente substances qui s&#039;y trouvent engag\u00e9es. - Libairie Clavreuil<\/title>\n<meta name=\"robots\" content=\"noindex, follow, max-snippet:-1, max-image-preview:large, max-video-preview:-1\" \/>\n<meta property=\"og:locale\" content=\"en_US\" \/>\n<meta property=\"og:type\" content=\"article\" \/>\n<meta property=\"og:title\" content=\"FAUJAS DE SAINT-FOND Barth\u00e9l\u00e9my Recherches sur les volcans \u00e9teints du Vivarais et du Velay, avec un discours sur les volcans br\u00fblans, des m\u00e9moires analytiques sur les schorls, la z\u00e9olite, le basalte, la pouzzolane, les laves &amp; les diff\u00e9rente substances qui s&#039;y trouvent engag\u00e9es. - Libairie Clavreuil\" \/>\n<meta property=\"og:description\" content=\"Folio (415 x 280 mm) 2 nn.ll., XVIII pp., 3 nn.ll. (privilege with errata, subscribers list), 460 pp., 20 engraved copper paltes including 1 folding. Contemporary mottled sheep, spine gilt with raised bands, red edges (slightly restored).\" \/>\n<meta property=\"og:url\" content=\"https:\/\/clavreuil-wordpress.logiciel-arteo.fr\/en\/faujas-de-saint-fond-barthelemy-recherches-sur-les-volcans-eteints-du-vivarais-et-du-velay-avec-un-discours-sur-les-volcans-brulans-des-memoires-analytiques-sur-les-schorls-la-zeolite-le-basalte\/\" \/>\n<meta property=\"og:site_name\" content=\"Libairie Clavreuil\" \/>\n<meta property=\"article:modified_time\" content=\"2024-04-24T17:06:00+00:00\" \/>\n<meta property=\"og:image\" content=\"https:\/\/clavreuil-wordpress.logiciel-arteo.fr\/wp-content\/uploads\/2024\/04\/barthelemy-faujas-de-saint-fond-recherches-sur-les-volcans-eteints-du-vivarais-et-du-velay-avec-un-discours-sur-les-volcans-brulans-des-memoires-analy-scaled.jpg\" \/>\n\t<meta property=\"og:image:width\" content=\"1919\" \/>\n\t<meta property=\"og:image:height\" content=\"2560\" \/>\n\t<meta property=\"og:image:type\" content=\"image\/jpeg\" \/>\n<meta name=\"twitter:card\" content=\"summary_large_image\" \/>\n<meta name=\"twitter:label1\" content=\"Est. reading time\" \/>\n\t<meta name=\"twitter:data1\" content=\"1 minute\" \/>\n<script type=\"application\/ld+json\" class=\"yoast-schema-graph\">{\"@context\":\"https:\/\/schema.org\",\"@graph\":[{\"@type\":\"WebPage\",\"@id\":\"https:\/\/clavreuil-wordpress.logiciel-arteo.fr\/en\/faujas-de-saint-fond-barthelemy-recherches-sur-les-volcans-eteints-du-vivarais-et-du-velay-avec-un-discours-sur-les-volcans-brulans-des-memoires-analytiques-sur-les-schorls-la-zeolite-le-basalte\/\",\"url\":\"https:\/\/clavreuil-wordpress.logiciel-arteo.fr\/en\/faujas-de-saint-fond-barthelemy-recherches-sur-les-volcans-eteints-du-vivarais-et-du-velay-avec-un-discours-sur-les-volcans-brulans-des-memoires-analytiques-sur-les-schorls-la-zeolite-le-basalte\/\",\"name\":\"FAUJAS DE SAINT-FOND Barth\u00e9l\u00e9my Recherches sur les volcans \u00e9teints du Vivarais et du Velay, avec un discours sur les volcans br\u00fblans, des m\u00e9moires analytiques sur les schorls, la z\u00e9olite, le basalte, la pouzzolane, les laves &amp; les diff\u00e9rente substances qui s'y trouvent engag\u00e9es. - Libairie Clavreuil\",\"isPartOf\":{\"@id\":\"https:\/\/clavreuil-wordpress.logiciel-arteo.fr\/#website\"},\"primaryImageOfPage\":{\"@id\":\"https:\/\/clavreuil-wordpress.logiciel-arteo.fr\/en\/faujas-de-saint-fond-barthelemy-recherches-sur-les-volcans-eteints-du-vivarais-et-du-velay-avec-un-discours-sur-les-volcans-brulans-des-memoires-analytiques-sur-les-schorls-la-zeolite-le-basalte\/#primaryimage\"},\"image\":{\"@id\":\"https:\/\/clavreuil-wordpress.logiciel-arteo.fr\/en\/faujas-de-saint-fond-barthelemy-recherches-sur-les-volcans-eteints-du-vivarais-et-du-velay-avec-un-discours-sur-les-volcans-brulans-des-memoires-analytiques-sur-les-schorls-la-zeolite-le-basalte\/#primaryimage\"},\"thumbnailUrl\":\"https:\/\/clavreuil-wordpress.logiciel-arteo.fr\/wp-content\/uploads\/2024\/04\/barthelemy-faujas-de-saint-fond-recherches-sur-les-volcans-eteints-du-vivarais-et-du-velay-avec-un-discours-sur-les-volcans-brulans-des-memoires-analy-scaled.jpg\",\"datePublished\":\"2024-04-24T17:05:11+00:00\",\"dateModified\":\"2024-04-24T17:06:00+00:00\",\"breadcrumb\":{\"@id\":\"https:\/\/clavreuil-wordpress.logiciel-arteo.fr\/en\/faujas-de-saint-fond-barthelemy-recherches-sur-les-volcans-eteints-du-vivarais-et-du-velay-avec-un-discours-sur-les-volcans-brulans-des-memoires-analytiques-sur-les-schorls-la-zeolite-le-basalte\/#breadcrumb\"},\"inLanguage\":\"en-US\",\"potentialAction\":[{\"@type\":\"ReadAction\",\"target\":[\"https:\/\/clavreuil-wordpress.logiciel-arteo.fr\/en\/faujas-de-saint-fond-barthelemy-recherches-sur-les-volcans-eteints-du-vivarais-et-du-velay-avec-un-discours-sur-les-volcans-brulans-des-memoires-analytiques-sur-les-schorls-la-zeolite-le-basalte\/\"]}]},{\"@type\":\"ImageObject\",\"inLanguage\":\"en-US\",\"@id\":\"https:\/\/clavreuil-wordpress.logiciel-arteo.fr\/en\/faujas-de-saint-fond-barthelemy-recherches-sur-les-volcans-eteints-du-vivarais-et-du-velay-avec-un-discours-sur-les-volcans-brulans-des-memoires-analytiques-sur-les-schorls-la-zeolite-le-basalte\/#primaryimage\",\"url\":\"https:\/\/clavreuil-wordpress.logiciel-arteo.fr\/wp-content\/uploads\/2024\/04\/barthelemy-faujas-de-saint-fond-recherches-sur-les-volcans-eteints-du-vivarais-et-du-velay-avec-un-discours-sur-les-volcans-brulans-des-memoires-analy-scaled.jpg\",\"contentUrl\":\"https:\/\/clavreuil-wordpress.logiciel-arteo.fr\/wp-content\/uploads\/2024\/04\/barthelemy-faujas-de-saint-fond-recherches-sur-les-volcans-eteints-du-vivarais-et-du-velay-avec-un-discours-sur-les-volcans-brulans-des-memoires-analy-scaled.jpg\",\"width\":1919,\"height\":2560},{\"@type\":\"BreadcrumbList\",\"@id\":\"https:\/\/clavreuil-wordpress.logiciel-arteo.fr\/en\/faujas-de-saint-fond-barthelemy-recherches-sur-les-volcans-eteints-du-vivarais-et-du-velay-avec-un-discours-sur-les-volcans-brulans-des-memoires-analytiques-sur-les-schorls-la-zeolite-le-basalte\/#breadcrumb\",\"itemListElement\":[{\"@type\":\"ListItem\",\"position\":1,\"name\":\"Accueil\",\"item\":\"https:\/\/clavreuil-wordpress.logiciel-arteo.fr\/\"},{\"@type\":\"ListItem\",\"position\":2,\"name\":\"All our books\",\"item\":\"https:\/\/clavreuil-wordpress.logiciel-arteo.fr\/en\/all-our-books\/\"},{\"@type\":\"ListItem\",\"position\":3,\"name\":\"FAUJAS DE SAINT-FOND Barth\u00e9l\u00e9my Recherches sur les volcans...\"}]},{\"@type\":\"WebSite\",\"@id\":\"https:\/\/clavreuil-wordpress.logiciel-arteo.fr\/#website\",\"url\":\"https:\/\/clavreuil-wordpress.logiciel-arteo.fr\/\",\"name\":\"Libairie Clavreuil\",\"description\":\"\",\"publisher\":{\"@id\":\"https:\/\/clavreuil-wordpress.logiciel-arteo.fr\/#organization\"},\"potentialAction\":[{\"@type\":\"SearchAction\",\"target\":{\"@type\":\"EntryPoint\",\"urlTemplate\":\"https:\/\/clavreuil-wordpress.logiciel-arteo.fr\/?s={search_term_string}\"},\"query-input\":{\"@type\":\"PropertyValueSpecification\",\"valueRequired\":true,\"valueName\":\"search_term_string\"}}],\"inLanguage\":\"en-US\"},{\"@type\":\"Organization\",\"@id\":\"https:\/\/clavreuil-wordpress.logiciel-arteo.fr\/#organization\",\"name\":\"Libairie Clavreuil\",\"url\":\"https:\/\/clavreuil-wordpress.logiciel-arteo.fr\/\",\"logo\":{\"@type\":\"ImageObject\",\"inLanguage\":\"en-US\",\"@id\":\"https:\/\/clavreuil-wordpress.logiciel-arteo.fr\/#\/schema\/logo\/image\/\",\"url\":\"https:\/\/clavreuil-wordpress.logiciel-arteo.fr\/wp-content\/uploads\/2021\/05\/LOGO_PNG_DATE-_gold.png\",\"contentUrl\":\"https:\/\/clavreuil-wordpress.logiciel-arteo.fr\/wp-content\/uploads\/2021\/05\/LOGO_PNG_DATE-_gold.png\",\"width\":2083,\"height\":1917,\"caption\":\"Libairie Clavreuil\"},\"image\":{\"@id\":\"https:\/\/clavreuil-wordpress.logiciel-arteo.fr\/#\/schema\/logo\/image\/\"}}]}<\/script>\n<!-- \/ Yoast SEO plugin. -->","yoast_head_json":{"title":"FAUJAS DE SAINT-FOND Barth\u00e9l\u00e9my Recherches sur les volcans \u00e9teints du Vivarais et du Velay, avec un discours sur les volcans br\u00fblans, des m\u00e9moires analytiques sur les schorls, la z\u00e9olite, le basalte, la pouzzolane, les laves &amp; les diff\u00e9rente substances qui s'y trouvent engag\u00e9es. - Libairie Clavreuil","robots":{"index":"noindex","follow":"follow","max-snippet":"max-snippet:-1","max-image-preview":"max-image-preview:large","max-video-preview":"max-video-preview:-1"},"og_locale":"en_US","og_type":"article","og_title":"FAUJAS DE SAINT-FOND Barth\u00e9l\u00e9my Recherches sur les volcans \u00e9teints du Vivarais et du Velay, avec un discours sur les volcans br\u00fblans, des m\u00e9moires analytiques sur les schorls, la z\u00e9olite, le basalte, la pouzzolane, les laves &amp; les diff\u00e9rente substances qui s'y trouvent engag\u00e9es. - Libairie Clavreuil","og_description":"Folio (415 x 280 mm) 2 nn.ll., XVIII pp., 3 nn.ll. (privilege with errata, subscribers list), 460 pp., 20 engraved copper paltes including 1 folding. Contemporary mottled sheep, spine gilt with raised bands, red edges (slightly restored).","og_url":"https:\/\/clavreuil-wordpress.logiciel-arteo.fr\/en\/faujas-de-saint-fond-barthelemy-recherches-sur-les-volcans-eteints-du-vivarais-et-du-velay-avec-un-discours-sur-les-volcans-brulans-des-memoires-analytiques-sur-les-schorls-la-zeolite-le-basalte\/","og_site_name":"Libairie Clavreuil","article_modified_time":"2024-04-24T17:06:00+00:00","og_image":[{"width":1919,"height":2560,"url":"https:\/\/clavreuil-wordpress.logiciel-arteo.fr\/wp-content\/uploads\/2024\/04\/barthelemy-faujas-de-saint-fond-recherches-sur-les-volcans-eteints-du-vivarais-et-du-velay-avec-un-discours-sur-les-volcans-brulans-des-memoires-analy-scaled.jpg","type":"image\/jpeg"}],"twitter_card":"summary_large_image","twitter_misc":{"Est. reading time":"1 minute"},"schema":{"@context":"https:\/\/schema.org","@graph":[{"@type":"WebPage","@id":"https:\/\/clavreuil-wordpress.logiciel-arteo.fr\/en\/faujas-de-saint-fond-barthelemy-recherches-sur-les-volcans-eteints-du-vivarais-et-du-velay-avec-un-discours-sur-les-volcans-brulans-des-memoires-analytiques-sur-les-schorls-la-zeolite-le-basalte\/","url":"https:\/\/clavreuil-wordpress.logiciel-arteo.fr\/en\/faujas-de-saint-fond-barthelemy-recherches-sur-les-volcans-eteints-du-vivarais-et-du-velay-avec-un-discours-sur-les-volcans-brulans-des-memoires-analytiques-sur-les-schorls-la-zeolite-le-basalte\/","name":"FAUJAS DE SAINT-FOND Barth\u00e9l\u00e9my Recherches sur les volcans \u00e9teints du Vivarais et du Velay, avec un discours sur les volcans br\u00fblans, des m\u00e9moires analytiques sur les schorls, la z\u00e9olite, le basalte, la pouzzolane, les laves &amp; les diff\u00e9rente substances qui s'y trouvent engag\u00e9es. - Libairie Clavreuil","isPartOf":{"@id":"https:\/\/clavreuil-wordpress.logiciel-arteo.fr\/#website"},"primaryImageOfPage":{"@id":"https:\/\/clavreuil-wordpress.logiciel-arteo.fr\/en\/faujas-de-saint-fond-barthelemy-recherches-sur-les-volcans-eteints-du-vivarais-et-du-velay-avec-un-discours-sur-les-volcans-brulans-des-memoires-analytiques-sur-les-schorls-la-zeolite-le-basalte\/#primaryimage"},"image":{"@id":"https:\/\/clavreuil-wordpress.logiciel-arteo.fr\/en\/faujas-de-saint-fond-barthelemy-recherches-sur-les-volcans-eteints-du-vivarais-et-du-velay-avec-un-discours-sur-les-volcans-brulans-des-memoires-analytiques-sur-les-schorls-la-zeolite-le-basalte\/#primaryimage"},"thumbnailUrl":"https:\/\/clavreuil-wordpress.logiciel-arteo.fr\/wp-content\/uploads\/2024\/04\/barthelemy-faujas-de-saint-fond-recherches-sur-les-volcans-eteints-du-vivarais-et-du-velay-avec-un-discours-sur-les-volcans-brulans-des-memoires-analy-scaled.jpg","datePublished":"2024-04-24T17:05:11+00:00","dateModified":"2024-04-24T17:06:00+00:00","breadcrumb":{"@id":"https:\/\/clavreuil-wordpress.logiciel-arteo.fr\/en\/faujas-de-saint-fond-barthelemy-recherches-sur-les-volcans-eteints-du-vivarais-et-du-velay-avec-un-discours-sur-les-volcans-brulans-des-memoires-analytiques-sur-les-schorls-la-zeolite-le-basalte\/#breadcrumb"},"inLanguage":"en-US","potentialAction":[{"@type":"ReadAction","target":["https:\/\/clavreuil-wordpress.logiciel-arteo.fr\/en\/faujas-de-saint-fond-barthelemy-recherches-sur-les-volcans-eteints-du-vivarais-et-du-velay-avec-un-discours-sur-les-volcans-brulans-des-memoires-analytiques-sur-les-schorls-la-zeolite-le-basalte\/"]}]},{"@type":"ImageObject","inLanguage":"en-US","@id":"https:\/\/clavreuil-wordpress.logiciel-arteo.fr\/en\/faujas-de-saint-fond-barthelemy-recherches-sur-les-volcans-eteints-du-vivarais-et-du-velay-avec-un-discours-sur-les-volcans-brulans-des-memoires-analytiques-sur-les-schorls-la-zeolite-le-basalte\/#primaryimage","url":"https:\/\/clavreuil-wordpress.logiciel-arteo.fr\/wp-content\/uploads\/2024\/04\/barthelemy-faujas-de-saint-fond-recherches-sur-les-volcans-eteints-du-vivarais-et-du-velay-avec-un-discours-sur-les-volcans-brulans-des-memoires-analy-scaled.jpg","contentUrl":"https:\/\/clavreuil-wordpress.logiciel-arteo.fr\/wp-content\/uploads\/2024\/04\/barthelemy-faujas-de-saint-fond-recherches-sur-les-volcans-eteints-du-vivarais-et-du-velay-avec-un-discours-sur-les-volcans-brulans-des-memoires-analy-scaled.jpg","width":1919,"height":2560},{"@type":"BreadcrumbList","@id":"https:\/\/clavreuil-wordpress.logiciel-arteo.fr\/en\/faujas-de-saint-fond-barthelemy-recherches-sur-les-volcans-eteints-du-vivarais-et-du-velay-avec-un-discours-sur-les-volcans-brulans-des-memoires-analytiques-sur-les-schorls-la-zeolite-le-basalte\/#breadcrumb","itemListElement":[{"@type":"ListItem","position":1,"name":"Accueil","item":"https:\/\/clavreuil-wordpress.logiciel-arteo.fr\/"},{"@type":"ListItem","position":2,"name":"All our books","item":"https:\/\/clavreuil-wordpress.logiciel-arteo.fr\/en\/all-our-books\/"},{"@type":"ListItem","position":3,"name":"FAUJAS DE SAINT-FOND Barth\u00e9l\u00e9my Recherches sur les volcans..."}]},{"@type":"WebSite","@id":"https:\/\/clavreuil-wordpress.logiciel-arteo.fr\/#website","url":"https:\/\/clavreuil-wordpress.logiciel-arteo.fr\/","name":"Libairie Clavreuil","description":"","publisher":{"@id":"https:\/\/clavreuil-wordpress.logiciel-arteo.fr\/#organization"},"potentialAction":[{"@type":"SearchAction","target":{"@type":"EntryPoint","urlTemplate":"https:\/\/clavreuil-wordpress.logiciel-arteo.fr\/?s={search_term_string}"},"query-input":{"@type":"PropertyValueSpecification","valueRequired":true,"valueName":"search_term_string"}}],"inLanguage":"en-US"},{"@type":"Organization","@id":"https:\/\/clavreuil-wordpress.logiciel-arteo.fr\/#organization","name":"Libairie Clavreuil","url":"https:\/\/clavreuil-wordpress.logiciel-arteo.fr\/","logo":{"@type":"ImageObject","inLanguage":"en-US","@id":"https:\/\/clavreuil-wordpress.logiciel-arteo.fr\/#\/schema\/logo\/image\/","url":"https:\/\/clavreuil-wordpress.logiciel-arteo.fr\/wp-content\/uploads\/2021\/05\/LOGO_PNG_DATE-_gold.png","contentUrl":"https:\/\/clavreuil-wordpress.logiciel-arteo.fr\/wp-content\/uploads\/2021\/05\/LOGO_PNG_DATE-_gold.png","width":2083,"height":1917,"caption":"Libairie Clavreuil"},"image":{"@id":"https:\/\/clavreuil-wordpress.logiciel-arteo.fr\/#\/schema\/logo\/image\/"}}]}},"_links":{"self":[{"href":"https:\/\/clavreuil-wordpress.logiciel-arteo.fr\/en\/wp-json\/wp\/v2\/product\/76151","targetHints":{"allow":["GET"]}}],"collection":[{"href":"https:\/\/clavreuil-wordpress.logiciel-arteo.fr\/en\/wp-json\/wp\/v2\/product"}],"about":[{"href":"https:\/\/clavreuil-wordpress.logiciel-arteo.fr\/en\/wp-json\/wp\/v2\/types\/product"}],"replies":[{"embeddable":true,"href":"https:\/\/clavreuil-wordpress.logiciel-arteo.fr\/en\/wp-json\/wp\/v2\/comments?post=76151"}],"wp:featuredmedia":[{"embeddable":true,"href":"https:\/\/clavreuil-wordpress.logiciel-arteo.fr\/en\/wp-json\/wp\/v2\/media\/76138"}],"wp:attachment":[{"href":"https:\/\/clavreuil-wordpress.logiciel-arteo.fr\/en\/wp-json\/wp\/v2\/media?parent=76151"}],"wp:term":[{"taxonomy":"product_brand","embeddable":true,"href":"https:\/\/clavreuil-wordpress.logiciel-arteo.fr\/en\/wp-json\/wp\/v2\/product_brand?post=76151"},{"taxonomy":"product_cat","embeddable":true,"href":"https:\/\/clavreuil-wordpress.logiciel-arteo.fr\/en\/wp-json\/wp\/v2\/product_cat?post=76151"},{"taxonomy":"product_tag","embeddable":true,"href":"https:\/\/clavreuil-wordpress.logiciel-arteo.fr\/en\/wp-json\/wp\/v2\/product_tag?post=76151"}],"curies":[{"name":"wp","href":"https:\/\/api.w.org\/{rel}","templated":true}]}}