{"id":76161,"date":"2024-04-24T19:06:17","date_gmt":"2024-04-24T17:06:17","guid":{"rendered":"https:\/\/clavreuil-wordpress.logiciel-arteo.fr\/guerard-nicolas-scenes-rustiques-bibliques-et-asiatiques-portraits-antiques-titre-manuscrit-sur-piece-de-papier-au-plat-superieur-recueil-destampes-curieuses\/"},"modified":"2024-04-24T19:07:31","modified_gmt":"2024-04-24T17:07:31","slug":"guerard-nicolas-scenes-rustiques-bibliques-et-asiatiques-portraits-antiques-titre-manuscrit-sur-piece-de-papier-au-plat-superieur-recueil-destampes-curieuses","status":"publish","type":"product","link":"https:\/\/clavreuil-wordpress.logiciel-arteo.fr\/en\/guerard-nicolas-scenes-rustiques-bibliques-et-asiatiques-portraits-antiques-titre-manuscrit-sur-piece-de-papier-au-plat-superieur-recueil-destampes-curieuses\/","title":{"rendered":"GUERARD Nicolas Sc\u00e8nes rustiques, bibliques et asiatiques, portraits..."},"content":{"rendered":"<p>Collection of 44 copper engravings from the 17th century, preceded by a handwritten title.<\/p>\n<p>Most of the prints published by Fran&ccedil;ois Gu&eacute;rard, and probably engraved by Nicolas Gu&eacute;rard or J. Lagniet, belong to thematic suites.<\/p>\n<p>The subtitle quotes: &quot;Sc&egrave;nes de la vie rustique, Moeurs et coutumes des Asiatiques, Portraits des Empereurs romain, Fables de l&#039;Antiquit&eacute;&quot;.<\/p>\n<p>Of particular interest is the suite of 6 plates on Japanese and Chinese customs, followed by a plate on Siam, published by Langlois.<\/p>\n<p>In his study on <em>Les Moeurs et la caricature en France<\/em>, John Grand-Carteret was enthusiastic about Lagniet&#039;s Proverbes: &laquo; Non seulement, &eacute;crit-il, on voit d&eacute;filer devant soi une importante p&eacute;riode de l&#039;histoire, prise dans des d&eacute;tails plus intimes que par les estampes toujours un peu pompeuses d&#039;Abraham Bosse, mais encore on peut suivre au moyen de ces dr&ocirc;leries et fac&eacute;ties le d&eacute;veloppement de l&#039;&eacute;tude de moeurs&nbsp;&raquo; .<\/p>\n<p>Until then, in the sixteenth and early seventeenth centuries, there was little in the way of &quot;intimacy&quot; in prints: it was always the emblematic and allegorical side that dominated. With Lagniet, we plunge into the everyday world.<\/p>\n<p>Details of the suites: Vie rustique (17); M&oelig;urs et coutumes des Asiatiques (7); Portraits des empereurs romains (12); Fables de l&#039;antiquit&eacute; (8).<\/p>\n<p>Some plates with tears or missing white margins restored.<\/p>\n","protected":false},"excerpt":{"rendered":"<p>Folio (350 x 257 mm) collection of 44 engraved plates signed Gu&eacute;rard or Langlois. Glued paper boards, flat spine with calligraphic title page (pastiche binding).<\/p>\n","protected":false},"featured_media":76152,"comment_status":"open","ping_status":"closed","template":"","meta":{"_acf_changed":false},"product_brand":[],"product_cat":[544],"product_tag":[1239,1199,1236],"class_list":{"0":"post-76161","1":"product","2":"type-product","3":"status-publish","4":"has-post-thumbnail","6":"product_cat-literature","7":"product_tag-17th-century-illustrations","8":"product_tag-fine-arts","9":"product_tag-illustrations-2","10":"pa_auteur-nicolas-guerard-2","11":"pa_type-de-livre-printed-book","13":"first","14":"instock","15":"shipping-taxable","16":"purchasable","17":"product-type-simple"},"acf":[],"yoast_head":"<!-- This site is optimized with the Yoast SEO plugin v24.3 - https:\/\/yoast.com\/wordpress\/plugins\/seo\/ -->\n<title>GUERARD Nicolas Sc\u00e8nes rustiques, bibliques et asiatiques, portraits antiques [titre manuscrit sur pi\u00e8ce de papier au plat sup\u00e9rieur]. Recueil d&#039;estampes curieuses. - Libairie Clavreuil<\/title>\n<meta name=\"robots\" content=\"noindex, follow, max-snippet:-1, max-image-preview:large, max-video-preview:-1\" \/>\n<meta property=\"og:locale\" content=\"en_US\" \/>\n<meta property=\"og:type\" content=\"article\" \/>\n<meta property=\"og:title\" content=\"GUERARD Nicolas Sc\u00e8nes rustiques, bibliques et asiatiques, portraits antiques [titre manuscrit sur pi\u00e8ce de papier au plat sup\u00e9rieur]. Recueil d&#039;estampes curieuses. - Libairie Clavreuil\" \/>\n<meta property=\"og:description\" content=\"Folio (350 x 257 mm) collection of 44 engraved plates signed Gu&eacute;rard or Langlois. Glued paper boards, flat spine with calligraphic title page (pastiche binding).\" \/>\n<meta property=\"og:url\" content=\"https:\/\/clavreuil-wordpress.logiciel-arteo.fr\/en\/guerard-nicolas-scenes-rustiques-bibliques-et-asiatiques-portraits-antiques-titre-manuscrit-sur-piece-de-papier-au-plat-superieur-recueil-destampes-curieuses\/\" \/>\n<meta property=\"og:site_name\" content=\"Libairie Clavreuil\" \/>\n<meta property=\"article:modified_time\" content=\"2024-04-24T17:07:31+00:00\" \/>\n<meta property=\"og:image\" content=\"https:\/\/clavreuil-wordpress.logiciel-arteo.fr\/wp-content\/uploads\/2024\/04\/nicolas-guerard-scenes-rustiques-bibliques-et-asiatiques-portraits-antiques-titre-manuscrit-sur-piece-de-papier-au-plat-superieur-recueil-d-estampes-c-scaled.jpg\" \/>\n\t<meta property=\"og:image:width\" content=\"1755\" \/>\n\t<meta property=\"og:image:height\" content=\"2560\" \/>\n\t<meta property=\"og:image:type\" content=\"image\/jpeg\" \/>\n<meta name=\"twitter:card\" content=\"summary_large_image\" \/>\n<meta name=\"twitter:label1\" content=\"Est. reading time\" \/>\n\t<meta name=\"twitter:data1\" content=\"1 minute\" \/>\n<script type=\"application\/ld+json\" class=\"yoast-schema-graph\">{\"@context\":\"https:\/\/schema.org\",\"@graph\":[{\"@type\":\"WebPage\",\"@id\":\"https:\/\/clavreuil-wordpress.logiciel-arteo.fr\/en\/guerard-nicolas-scenes-rustiques-bibliques-et-asiatiques-portraits-antiques-titre-manuscrit-sur-piece-de-papier-au-plat-superieur-recueil-destampes-curieuses\/\",\"url\":\"https:\/\/clavreuil-wordpress.logiciel-arteo.fr\/en\/guerard-nicolas-scenes-rustiques-bibliques-et-asiatiques-portraits-antiques-titre-manuscrit-sur-piece-de-papier-au-plat-superieur-recueil-destampes-curieuses\/\",\"name\":\"GUERARD Nicolas Sc\u00e8nes rustiques, bibliques et asiatiques, portraits antiques [titre manuscrit sur pi\u00e8ce de papier au plat sup\u00e9rieur]. Recueil d'estampes curieuses. - Libairie Clavreuil\",\"isPartOf\":{\"@id\":\"https:\/\/clavreuil-wordpress.logiciel-arteo.fr\/#website\"},\"primaryImageOfPage\":{\"@id\":\"https:\/\/clavreuil-wordpress.logiciel-arteo.fr\/en\/guerard-nicolas-scenes-rustiques-bibliques-et-asiatiques-portraits-antiques-titre-manuscrit-sur-piece-de-papier-au-plat-superieur-recueil-destampes-curieuses\/#primaryimage\"},\"image\":{\"@id\":\"https:\/\/clavreuil-wordpress.logiciel-arteo.fr\/en\/guerard-nicolas-scenes-rustiques-bibliques-et-asiatiques-portraits-antiques-titre-manuscrit-sur-piece-de-papier-au-plat-superieur-recueil-destampes-curieuses\/#primaryimage\"},\"thumbnailUrl\":\"https:\/\/clavreuil-wordpress.logiciel-arteo.fr\/wp-content\/uploads\/2024\/04\/nicolas-guerard-scenes-rustiques-bibliques-et-asiatiques-portraits-antiques-titre-manuscrit-sur-piece-de-papier-au-plat-superieur-recueil-d-estampes-c-scaled.jpg\",\"datePublished\":\"2024-04-24T17:06:17+00:00\",\"dateModified\":\"2024-04-24T17:07:31+00:00\",\"breadcrumb\":{\"@id\":\"https:\/\/clavreuil-wordpress.logiciel-arteo.fr\/en\/guerard-nicolas-scenes-rustiques-bibliques-et-asiatiques-portraits-antiques-titre-manuscrit-sur-piece-de-papier-au-plat-superieur-recueil-destampes-curieuses\/#breadcrumb\"},\"inLanguage\":\"en-US\",\"potentialAction\":[{\"@type\":\"ReadAction\",\"target\":[\"https:\/\/clavreuil-wordpress.logiciel-arteo.fr\/en\/guerard-nicolas-scenes-rustiques-bibliques-et-asiatiques-portraits-antiques-titre-manuscrit-sur-piece-de-papier-au-plat-superieur-recueil-destampes-curieuses\/\"]}]},{\"@type\":\"ImageObject\",\"inLanguage\":\"en-US\",\"@id\":\"https:\/\/clavreuil-wordpress.logiciel-arteo.fr\/en\/guerard-nicolas-scenes-rustiques-bibliques-et-asiatiques-portraits-antiques-titre-manuscrit-sur-piece-de-papier-au-plat-superieur-recueil-destampes-curieuses\/#primaryimage\",\"url\":\"https:\/\/clavreuil-wordpress.logiciel-arteo.fr\/wp-content\/uploads\/2024\/04\/nicolas-guerard-scenes-rustiques-bibliques-et-asiatiques-portraits-antiques-titre-manuscrit-sur-piece-de-papier-au-plat-superieur-recueil-d-estampes-c-scaled.jpg\",\"contentUrl\":\"https:\/\/clavreuil-wordpress.logiciel-arteo.fr\/wp-content\/uploads\/2024\/04\/nicolas-guerard-scenes-rustiques-bibliques-et-asiatiques-portraits-antiques-titre-manuscrit-sur-piece-de-papier-au-plat-superieur-recueil-d-estampes-c-scaled.jpg\",\"width\":1755,\"height\":2560},{\"@type\":\"BreadcrumbList\",\"@id\":\"https:\/\/clavreuil-wordpress.logiciel-arteo.fr\/en\/guerard-nicolas-scenes-rustiques-bibliques-et-asiatiques-portraits-antiques-titre-manuscrit-sur-piece-de-papier-au-plat-superieur-recueil-destampes-curieuses\/#breadcrumb\",\"itemListElement\":[{\"@type\":\"ListItem\",\"position\":1,\"name\":\"Accueil\",\"item\":\"https:\/\/clavreuil-wordpress.logiciel-arteo.fr\/\"},{\"@type\":\"ListItem\",\"position\":2,\"name\":\"All our books\",\"item\":\"https:\/\/clavreuil-wordpress.logiciel-arteo.fr\/en\/all-our-books\/\"},{\"@type\":\"ListItem\",\"position\":3,\"name\":\"GUERARD Nicolas Sc\u00e8nes rustiques, bibliques et asiatiques, portraits...\"}]},{\"@type\":\"WebSite\",\"@id\":\"https:\/\/clavreuil-wordpress.logiciel-arteo.fr\/#website\",\"url\":\"https:\/\/clavreuil-wordpress.logiciel-arteo.fr\/\",\"name\":\"Libairie Clavreuil\",\"description\":\"\",\"publisher\":{\"@id\":\"https:\/\/clavreuil-wordpress.logiciel-arteo.fr\/#organization\"},\"potentialAction\":[{\"@type\":\"SearchAction\",\"target\":{\"@type\":\"EntryPoint\",\"urlTemplate\":\"https:\/\/clavreuil-wordpress.logiciel-arteo.fr\/?s={search_term_string}\"},\"query-input\":{\"@type\":\"PropertyValueSpecification\",\"valueRequired\":true,\"valueName\":\"search_term_string\"}}],\"inLanguage\":\"en-US\"},{\"@type\":\"Organization\",\"@id\":\"https:\/\/clavreuil-wordpress.logiciel-arteo.fr\/#organization\",\"name\":\"Libairie Clavreuil\",\"url\":\"https:\/\/clavreuil-wordpress.logiciel-arteo.fr\/\",\"logo\":{\"@type\":\"ImageObject\",\"inLanguage\":\"en-US\",\"@id\":\"https:\/\/clavreuil-wordpress.logiciel-arteo.fr\/#\/schema\/logo\/image\/\",\"url\":\"https:\/\/clavreuil-wordpress.logiciel-arteo.fr\/wp-content\/uploads\/2021\/05\/LOGO_PNG_DATE-_gold.png\",\"contentUrl\":\"https:\/\/clavreuil-wordpress.logiciel-arteo.fr\/wp-content\/uploads\/2021\/05\/LOGO_PNG_DATE-_gold.png\",\"width\":2083,\"height\":1917,\"caption\":\"Libairie Clavreuil\"},\"image\":{\"@id\":\"https:\/\/clavreuil-wordpress.logiciel-arteo.fr\/#\/schema\/logo\/image\/\"}}]}<\/script>\n<!-- \/ Yoast SEO plugin. -->","yoast_head_json":{"title":"GUERARD Nicolas Sc\u00e8nes rustiques, bibliques et asiatiques, portraits antiques [titre manuscrit sur pi\u00e8ce de papier au plat sup\u00e9rieur]. Recueil d'estampes curieuses. - Libairie Clavreuil","robots":{"index":"noindex","follow":"follow","max-snippet":"max-snippet:-1","max-image-preview":"max-image-preview:large","max-video-preview":"max-video-preview:-1"},"og_locale":"en_US","og_type":"article","og_title":"GUERARD Nicolas Sc\u00e8nes rustiques, bibliques et asiatiques, portraits antiques [titre manuscrit sur pi\u00e8ce de papier au plat sup\u00e9rieur]. Recueil d'estampes curieuses. - Libairie Clavreuil","og_description":"Folio (350 x 257 mm) collection of 44 engraved plates signed Gu&eacute;rard or Langlois. Glued paper boards, flat spine with calligraphic title page (pastiche binding).","og_url":"https:\/\/clavreuil-wordpress.logiciel-arteo.fr\/en\/guerard-nicolas-scenes-rustiques-bibliques-et-asiatiques-portraits-antiques-titre-manuscrit-sur-piece-de-papier-au-plat-superieur-recueil-destampes-curieuses\/","og_site_name":"Libairie Clavreuil","article_modified_time":"2024-04-24T17:07:31+00:00","og_image":[{"width":1755,"height":2560,"url":"https:\/\/clavreuil-wordpress.logiciel-arteo.fr\/wp-content\/uploads\/2024\/04\/nicolas-guerard-scenes-rustiques-bibliques-et-asiatiques-portraits-antiques-titre-manuscrit-sur-piece-de-papier-au-plat-superieur-recueil-d-estampes-c-scaled.jpg","type":"image\/jpeg"}],"twitter_card":"summary_large_image","twitter_misc":{"Est. reading time":"1 minute"},"schema":{"@context":"https:\/\/schema.org","@graph":[{"@type":"WebPage","@id":"https:\/\/clavreuil-wordpress.logiciel-arteo.fr\/en\/guerard-nicolas-scenes-rustiques-bibliques-et-asiatiques-portraits-antiques-titre-manuscrit-sur-piece-de-papier-au-plat-superieur-recueil-destampes-curieuses\/","url":"https:\/\/clavreuil-wordpress.logiciel-arteo.fr\/en\/guerard-nicolas-scenes-rustiques-bibliques-et-asiatiques-portraits-antiques-titre-manuscrit-sur-piece-de-papier-au-plat-superieur-recueil-destampes-curieuses\/","name":"GUERARD Nicolas Sc\u00e8nes rustiques, bibliques et asiatiques, portraits antiques [titre manuscrit sur pi\u00e8ce de papier au plat sup\u00e9rieur]. Recueil d'estampes curieuses. - Libairie Clavreuil","isPartOf":{"@id":"https:\/\/clavreuil-wordpress.logiciel-arteo.fr\/#website"},"primaryImageOfPage":{"@id":"https:\/\/clavreuil-wordpress.logiciel-arteo.fr\/en\/guerard-nicolas-scenes-rustiques-bibliques-et-asiatiques-portraits-antiques-titre-manuscrit-sur-piece-de-papier-au-plat-superieur-recueil-destampes-curieuses\/#primaryimage"},"image":{"@id":"https:\/\/clavreuil-wordpress.logiciel-arteo.fr\/en\/guerard-nicolas-scenes-rustiques-bibliques-et-asiatiques-portraits-antiques-titre-manuscrit-sur-piece-de-papier-au-plat-superieur-recueil-destampes-curieuses\/#primaryimage"},"thumbnailUrl":"https:\/\/clavreuil-wordpress.logiciel-arteo.fr\/wp-content\/uploads\/2024\/04\/nicolas-guerard-scenes-rustiques-bibliques-et-asiatiques-portraits-antiques-titre-manuscrit-sur-piece-de-papier-au-plat-superieur-recueil-d-estampes-c-scaled.jpg","datePublished":"2024-04-24T17:06:17+00:00","dateModified":"2024-04-24T17:07:31+00:00","breadcrumb":{"@id":"https:\/\/clavreuil-wordpress.logiciel-arteo.fr\/en\/guerard-nicolas-scenes-rustiques-bibliques-et-asiatiques-portraits-antiques-titre-manuscrit-sur-piece-de-papier-au-plat-superieur-recueil-destampes-curieuses\/#breadcrumb"},"inLanguage":"en-US","potentialAction":[{"@type":"ReadAction","target":["https:\/\/clavreuil-wordpress.logiciel-arteo.fr\/en\/guerard-nicolas-scenes-rustiques-bibliques-et-asiatiques-portraits-antiques-titre-manuscrit-sur-piece-de-papier-au-plat-superieur-recueil-destampes-curieuses\/"]}]},{"@type":"ImageObject","inLanguage":"en-US","@id":"https:\/\/clavreuil-wordpress.logiciel-arteo.fr\/en\/guerard-nicolas-scenes-rustiques-bibliques-et-asiatiques-portraits-antiques-titre-manuscrit-sur-piece-de-papier-au-plat-superieur-recueil-destampes-curieuses\/#primaryimage","url":"https:\/\/clavreuil-wordpress.logiciel-arteo.fr\/wp-content\/uploads\/2024\/04\/nicolas-guerard-scenes-rustiques-bibliques-et-asiatiques-portraits-antiques-titre-manuscrit-sur-piece-de-papier-au-plat-superieur-recueil-d-estampes-c-scaled.jpg","contentUrl":"https:\/\/clavreuil-wordpress.logiciel-arteo.fr\/wp-content\/uploads\/2024\/04\/nicolas-guerard-scenes-rustiques-bibliques-et-asiatiques-portraits-antiques-titre-manuscrit-sur-piece-de-papier-au-plat-superieur-recueil-d-estampes-c-scaled.jpg","width":1755,"height":2560},{"@type":"BreadcrumbList","@id":"https:\/\/clavreuil-wordpress.logiciel-arteo.fr\/en\/guerard-nicolas-scenes-rustiques-bibliques-et-asiatiques-portraits-antiques-titre-manuscrit-sur-piece-de-papier-au-plat-superieur-recueil-destampes-curieuses\/#breadcrumb","itemListElement":[{"@type":"ListItem","position":1,"name":"Accueil","item":"https:\/\/clavreuil-wordpress.logiciel-arteo.fr\/"},{"@type":"ListItem","position":2,"name":"All our books","item":"https:\/\/clavreuil-wordpress.logiciel-arteo.fr\/en\/all-our-books\/"},{"@type":"ListItem","position":3,"name":"GUERARD Nicolas Sc\u00e8nes rustiques, bibliques et asiatiques, portraits..."}]},{"@type":"WebSite","@id":"https:\/\/clavreuil-wordpress.logiciel-arteo.fr\/#website","url":"https:\/\/clavreuil-wordpress.logiciel-arteo.fr\/","name":"Libairie Clavreuil","description":"","publisher":{"@id":"https:\/\/clavreuil-wordpress.logiciel-arteo.fr\/#organization"},"potentialAction":[{"@type":"SearchAction","target":{"@type":"EntryPoint","urlTemplate":"https:\/\/clavreuil-wordpress.logiciel-arteo.fr\/?s={search_term_string}"},"query-input":{"@type":"PropertyValueSpecification","valueRequired":true,"valueName":"search_term_string"}}],"inLanguage":"en-US"},{"@type":"Organization","@id":"https:\/\/clavreuil-wordpress.logiciel-arteo.fr\/#organization","name":"Libairie Clavreuil","url":"https:\/\/clavreuil-wordpress.logiciel-arteo.fr\/","logo":{"@type":"ImageObject","inLanguage":"en-US","@id":"https:\/\/clavreuil-wordpress.logiciel-arteo.fr\/#\/schema\/logo\/image\/","url":"https:\/\/clavreuil-wordpress.logiciel-arteo.fr\/wp-content\/uploads\/2021\/05\/LOGO_PNG_DATE-_gold.png","contentUrl":"https:\/\/clavreuil-wordpress.logiciel-arteo.fr\/wp-content\/uploads\/2021\/05\/LOGO_PNG_DATE-_gold.png","width":2083,"height":1917,"caption":"Libairie Clavreuil"},"image":{"@id":"https:\/\/clavreuil-wordpress.logiciel-arteo.fr\/#\/schema\/logo\/image\/"}}]}},"_links":{"self":[{"href":"https:\/\/clavreuil-wordpress.logiciel-arteo.fr\/en\/wp-json\/wp\/v2\/product\/76161","targetHints":{"allow":["GET"]}}],"collection":[{"href":"https:\/\/clavreuil-wordpress.logiciel-arteo.fr\/en\/wp-json\/wp\/v2\/product"}],"about":[{"href":"https:\/\/clavreuil-wordpress.logiciel-arteo.fr\/en\/wp-json\/wp\/v2\/types\/product"}],"replies":[{"embeddable":true,"href":"https:\/\/clavreuil-wordpress.logiciel-arteo.fr\/en\/wp-json\/wp\/v2\/comments?post=76161"}],"wp:featuredmedia":[{"embeddable":true,"href":"https:\/\/clavreuil-wordpress.logiciel-arteo.fr\/en\/wp-json\/wp\/v2\/media\/76152"}],"wp:attachment":[{"href":"https:\/\/clavreuil-wordpress.logiciel-arteo.fr\/en\/wp-json\/wp\/v2\/media?parent=76161"}],"wp:term":[{"taxonomy":"product_brand","embeddable":true,"href":"https:\/\/clavreuil-wordpress.logiciel-arteo.fr\/en\/wp-json\/wp\/v2\/product_brand?post=76161"},{"taxonomy":"product_cat","embeddable":true,"href":"https:\/\/clavreuil-wordpress.logiciel-arteo.fr\/en\/wp-json\/wp\/v2\/product_cat?post=76161"},{"taxonomy":"product_tag","embeddable":true,"href":"https:\/\/clavreuil-wordpress.logiciel-arteo.fr\/en\/wp-json\/wp\/v2\/product_tag?post=76161"}],"curies":[{"name":"wp","href":"https:\/\/api.w.org\/{rel}","templated":true}]}}