{"id":76286,"date":"2024-04-25T17:59:35","date_gmt":"2024-04-25T15:59:35","guid":{"rendered":"https:\/\/clavreuil-wordpress.logiciel-arteo.fr\/paris-album-pittoresque-dun-voyage-autour-du-monde-execute-par-ordre-du-gouvernement-francais\/"},"modified":"2024-04-25T18:00:20","modified_gmt":"2024-04-25T16:00:20","slug":"paris-album-pittoresque-dun-voyage-autour-du-monde-execute-par-ordre-du-gouvernement-francais","status":"publish","type":"product","link":"https:\/\/clavreuil-wordpress.logiciel-arteo.fr\/en\/paris-album-pittoresque-dun-voyage-autour-du-monde-execute-par-ordre-du-gouvernement-francais\/","title":{"rendered":"PARIS Album pittoresque d&#8217;un voyage autour du monde..."},"content":{"rendered":"<p><em>Taillemite, Dictionnaire des marins fran&ccedil;ais, p. 259. Missing from all bibliographies or specialist collections (Forbes, Ferguson, O&#039;Reuilly, Cordier, Borba de Moraes, Sabin, John Carter Brown).<\/em><\/p>\n<p>First edition.<\/p>\n<p>It contains the account by the sailor Casimir Henricy of the circumnavigation of the Art&eacute;mise under the direction of Laplace. The beautiful plates, drawn by Fran&ccedil;ois-Edmond P&acirc;ris, illustrate the Cape of Good Hope, Moka, Muscat, Sri Lanka, New Zealand, Tahiti, Peru, Manila, Honolulu and other places. Of particular interest is the beautiful view of Hawaii, unknown to Forbes. The plates also illustrate the official account of the voyage published between 1841 and 1854. Disguised as a scientific voyage, this expedition was primarily a rescue operation to end the ban on celebrating the Catholic faith in Hawaii.<\/p>\n<p>&quot;En 1837, [P&acirc;ris] entreprenait sur l&#039;Art&eacute;mise command&eacute;e &agrave; nouveau par Laplace son troisi&egrave;me tour du monde pendant lequel, visitant une fonderie pr&egrave;s de Madras, il tomba dans une machine &agrave; vapeur dont il voulait &eacute;tudier le fonctionnement et d&ucirc; subir l&#039;amputation de l&#039;avant-bras gauche. Promu capitaine de corvette en septembre 1840, il re&ccedil;ut en ao&ucirc;t 1841 un t&eacute;moignage de satisfaction du ministre pour la qualit&eacute; de ses observations scientifiques et pour son &eacute;tude sur les navires chinois et oc&eacute;aniens&quot; (Taillemite).<\/p>\n<p>The album is very rare, and is missing from all the major specialist collections.<\/p>\n<p>Binding skilfully restored, yellow endpapers renewed.<\/p>\n","protected":false},"excerpt":{"rendered":"<p>Large oblong 4to (256 x 349 mm) of 2 unn.l., 8 pp., 25 steel-engraved plates. Red buckram, boards decorated with gilt and oeser decoration with gilt title to upper board, flat spine with title (<em>publisher&#039;s binding<\/em>).<\/p>\n","protected":false},"featured_media":76271,"comment_status":"open","ping_status":"closed","template":"","meta":{"_acf_changed":false},"product_brand":[],"product_cat":[552],"product_tag":[1407,1450],"class_list":{"0":"post-76286","1":"product","2":"type-product","3":"status-publish","4":"has-post-thumbnail","6":"product_cat-travel","7":"product_tag-circum-2","8":"product_tag-first-edition","9":"pa_auteur-paris-2","10":"pa_type-de-livre-printed-book","12":"first","13":"instock","14":"shipping-taxable","15":"purchasable","16":"product-type-simple"},"acf":[],"yoast_head":"<!-- This site is optimized with the Yoast SEO plugin v24.3 - https:\/\/yoast.com\/wordpress\/plugins\/seo\/ -->\n<title>PARIS  Album pittoresque d&#039;un voyage autour du monde ex\u00e9cut\u00e9 par ordre du gouvernement fran\u00e7ais. - Libairie Clavreuil<\/title>\n<meta name=\"robots\" content=\"noindex, follow, max-snippet:-1, max-image-preview:large, max-video-preview:-1\" \/>\n<meta property=\"og:locale\" content=\"en_US\" \/>\n<meta property=\"og:type\" content=\"article\" \/>\n<meta property=\"og:title\" content=\"PARIS  Album pittoresque d&#039;un voyage autour du monde ex\u00e9cut\u00e9 par ordre du gouvernement fran\u00e7ais. - Libairie Clavreuil\" \/>\n<meta property=\"og:description\" content=\"Large oblong 4to (256 x 349 mm) of 2 unn.l., 8 pp., 25 steel-engraved plates. Red buckram, boards decorated with gilt and oeser decoration with gilt title to upper board, flat spine with title (publisher&#039;s binding).\" \/>\n<meta property=\"og:url\" content=\"https:\/\/clavreuil-wordpress.logiciel-arteo.fr\/en\/paris-album-pittoresque-dun-voyage-autour-du-monde-execute-par-ordre-du-gouvernement-francais\/\" \/>\n<meta property=\"og:site_name\" content=\"Libairie Clavreuil\" \/>\n<meta property=\"article:modified_time\" content=\"2024-04-25T16:00:20+00:00\" \/>\n<meta property=\"og:image\" content=\"https:\/\/clavreuil-wordpress.logiciel-arteo.fr\/wp-content\/uploads\/2024\/04\/paris-album-pittoresque-d-un-voyage-autour-du-monde-execute-par-ordre-du-gouvernement-francais-8169-662a7beb306f4-scaled.jpg\" \/>\n\t<meta property=\"og:image:width\" content=\"2560\" \/>\n\t<meta property=\"og:image:height\" content=\"1988\" \/>\n\t<meta property=\"og:image:type\" content=\"image\/jpeg\" \/>\n<meta name=\"twitter:card\" content=\"summary_large_image\" \/>\n<meta name=\"twitter:label1\" content=\"Est. reading time\" \/>\n\t<meta name=\"twitter:data1\" content=\"1 minute\" \/>\n<script type=\"application\/ld+json\" class=\"yoast-schema-graph\">{\"@context\":\"https:\/\/schema.org\",\"@graph\":[{\"@type\":\"WebPage\",\"@id\":\"https:\/\/clavreuil-wordpress.logiciel-arteo.fr\/en\/paris-album-pittoresque-dun-voyage-autour-du-monde-execute-par-ordre-du-gouvernement-francais\/\",\"url\":\"https:\/\/clavreuil-wordpress.logiciel-arteo.fr\/en\/paris-album-pittoresque-dun-voyage-autour-du-monde-execute-par-ordre-du-gouvernement-francais\/\",\"name\":\"PARIS Album pittoresque d'un voyage autour du monde ex\u00e9cut\u00e9 par ordre du gouvernement fran\u00e7ais. - Libairie Clavreuil\",\"isPartOf\":{\"@id\":\"https:\/\/clavreuil-wordpress.logiciel-arteo.fr\/#website\"},\"primaryImageOfPage\":{\"@id\":\"https:\/\/clavreuil-wordpress.logiciel-arteo.fr\/en\/paris-album-pittoresque-dun-voyage-autour-du-monde-execute-par-ordre-du-gouvernement-francais\/#primaryimage\"},\"image\":{\"@id\":\"https:\/\/clavreuil-wordpress.logiciel-arteo.fr\/en\/paris-album-pittoresque-dun-voyage-autour-du-monde-execute-par-ordre-du-gouvernement-francais\/#primaryimage\"},\"thumbnailUrl\":\"https:\/\/clavreuil-wordpress.logiciel-arteo.fr\/wp-content\/uploads\/2024\/04\/paris-album-pittoresque-d-un-voyage-autour-du-monde-execute-par-ordre-du-gouvernement-francais-8169-662a7beb306f4-scaled.jpg\",\"datePublished\":\"2024-04-25T15:59:35+00:00\",\"dateModified\":\"2024-04-25T16:00:20+00:00\",\"breadcrumb\":{\"@id\":\"https:\/\/clavreuil-wordpress.logiciel-arteo.fr\/en\/paris-album-pittoresque-dun-voyage-autour-du-monde-execute-par-ordre-du-gouvernement-francais\/#breadcrumb\"},\"inLanguage\":\"en-US\",\"potentialAction\":[{\"@type\":\"ReadAction\",\"target\":[\"https:\/\/clavreuil-wordpress.logiciel-arteo.fr\/en\/paris-album-pittoresque-dun-voyage-autour-du-monde-execute-par-ordre-du-gouvernement-francais\/\"]}]},{\"@type\":\"ImageObject\",\"inLanguage\":\"en-US\",\"@id\":\"https:\/\/clavreuil-wordpress.logiciel-arteo.fr\/en\/paris-album-pittoresque-dun-voyage-autour-du-monde-execute-par-ordre-du-gouvernement-francais\/#primaryimage\",\"url\":\"https:\/\/clavreuil-wordpress.logiciel-arteo.fr\/wp-content\/uploads\/2024\/04\/paris-album-pittoresque-d-un-voyage-autour-du-monde-execute-par-ordre-du-gouvernement-francais-8169-662a7beb306f4-scaled.jpg\",\"contentUrl\":\"https:\/\/clavreuil-wordpress.logiciel-arteo.fr\/wp-content\/uploads\/2024\/04\/paris-album-pittoresque-d-un-voyage-autour-du-monde-execute-par-ordre-du-gouvernement-francais-8169-662a7beb306f4-scaled.jpg\",\"width\":2560,\"height\":1988},{\"@type\":\"BreadcrumbList\",\"@id\":\"https:\/\/clavreuil-wordpress.logiciel-arteo.fr\/en\/paris-album-pittoresque-dun-voyage-autour-du-monde-execute-par-ordre-du-gouvernement-francais\/#breadcrumb\",\"itemListElement\":[{\"@type\":\"ListItem\",\"position\":1,\"name\":\"Accueil\",\"item\":\"https:\/\/clavreuil-wordpress.logiciel-arteo.fr\/\"},{\"@type\":\"ListItem\",\"position\":2,\"name\":\"All our books\",\"item\":\"https:\/\/clavreuil-wordpress.logiciel-arteo.fr\/en\/all-our-books\/\"},{\"@type\":\"ListItem\",\"position\":3,\"name\":\"PARIS Album pittoresque d&#8217;un voyage autour du monde...\"}]},{\"@type\":\"WebSite\",\"@id\":\"https:\/\/clavreuil-wordpress.logiciel-arteo.fr\/#website\",\"url\":\"https:\/\/clavreuil-wordpress.logiciel-arteo.fr\/\",\"name\":\"Libairie Clavreuil\",\"description\":\"\",\"publisher\":{\"@id\":\"https:\/\/clavreuil-wordpress.logiciel-arteo.fr\/#organization\"},\"potentialAction\":[{\"@type\":\"SearchAction\",\"target\":{\"@type\":\"EntryPoint\",\"urlTemplate\":\"https:\/\/clavreuil-wordpress.logiciel-arteo.fr\/?s={search_term_string}\"},\"query-input\":{\"@type\":\"PropertyValueSpecification\",\"valueRequired\":true,\"valueName\":\"search_term_string\"}}],\"inLanguage\":\"en-US\"},{\"@type\":\"Organization\",\"@id\":\"https:\/\/clavreuil-wordpress.logiciel-arteo.fr\/#organization\",\"name\":\"Libairie Clavreuil\",\"url\":\"https:\/\/clavreuil-wordpress.logiciel-arteo.fr\/\",\"logo\":{\"@type\":\"ImageObject\",\"inLanguage\":\"en-US\",\"@id\":\"https:\/\/clavreuil-wordpress.logiciel-arteo.fr\/#\/schema\/logo\/image\/\",\"url\":\"https:\/\/clavreuil-wordpress.logiciel-arteo.fr\/wp-content\/uploads\/2021\/05\/LOGO_PNG_DATE-_gold.png\",\"contentUrl\":\"https:\/\/clavreuil-wordpress.logiciel-arteo.fr\/wp-content\/uploads\/2021\/05\/LOGO_PNG_DATE-_gold.png\",\"width\":2083,\"height\":1917,\"caption\":\"Libairie Clavreuil\"},\"image\":{\"@id\":\"https:\/\/clavreuil-wordpress.logiciel-arteo.fr\/#\/schema\/logo\/image\/\"}}]}<\/script>\n<!-- \/ Yoast SEO plugin. -->","yoast_head_json":{"title":"PARIS  Album pittoresque d'un voyage autour du monde ex\u00e9cut\u00e9 par ordre du gouvernement fran\u00e7ais. - Libairie Clavreuil","robots":{"index":"noindex","follow":"follow","max-snippet":"max-snippet:-1","max-image-preview":"max-image-preview:large","max-video-preview":"max-video-preview:-1"},"og_locale":"en_US","og_type":"article","og_title":"PARIS  Album pittoresque d'un voyage autour du monde ex\u00e9cut\u00e9 par ordre du gouvernement fran\u00e7ais. - Libairie Clavreuil","og_description":"Large oblong 4to (256 x 349 mm) of 2 unn.l., 8 pp., 25 steel-engraved plates. Red buckram, boards decorated with gilt and oeser decoration with gilt title to upper board, flat spine with title (publisher&#039;s binding).","og_url":"https:\/\/clavreuil-wordpress.logiciel-arteo.fr\/en\/paris-album-pittoresque-dun-voyage-autour-du-monde-execute-par-ordre-du-gouvernement-francais\/","og_site_name":"Libairie Clavreuil","article_modified_time":"2024-04-25T16:00:20+00:00","og_image":[{"width":2560,"height":1988,"url":"https:\/\/clavreuil-wordpress.logiciel-arteo.fr\/wp-content\/uploads\/2024\/04\/paris-album-pittoresque-d-un-voyage-autour-du-monde-execute-par-ordre-du-gouvernement-francais-8169-662a7beb306f4-scaled.jpg","type":"image\/jpeg"}],"twitter_card":"summary_large_image","twitter_misc":{"Est. reading time":"1 minute"},"schema":{"@context":"https:\/\/schema.org","@graph":[{"@type":"WebPage","@id":"https:\/\/clavreuil-wordpress.logiciel-arteo.fr\/en\/paris-album-pittoresque-dun-voyage-autour-du-monde-execute-par-ordre-du-gouvernement-francais\/","url":"https:\/\/clavreuil-wordpress.logiciel-arteo.fr\/en\/paris-album-pittoresque-dun-voyage-autour-du-monde-execute-par-ordre-du-gouvernement-francais\/","name":"PARIS Album pittoresque d'un voyage autour du monde ex\u00e9cut\u00e9 par ordre du gouvernement fran\u00e7ais. - Libairie Clavreuil","isPartOf":{"@id":"https:\/\/clavreuil-wordpress.logiciel-arteo.fr\/#website"},"primaryImageOfPage":{"@id":"https:\/\/clavreuil-wordpress.logiciel-arteo.fr\/en\/paris-album-pittoresque-dun-voyage-autour-du-monde-execute-par-ordre-du-gouvernement-francais\/#primaryimage"},"image":{"@id":"https:\/\/clavreuil-wordpress.logiciel-arteo.fr\/en\/paris-album-pittoresque-dun-voyage-autour-du-monde-execute-par-ordre-du-gouvernement-francais\/#primaryimage"},"thumbnailUrl":"https:\/\/clavreuil-wordpress.logiciel-arteo.fr\/wp-content\/uploads\/2024\/04\/paris-album-pittoresque-d-un-voyage-autour-du-monde-execute-par-ordre-du-gouvernement-francais-8169-662a7beb306f4-scaled.jpg","datePublished":"2024-04-25T15:59:35+00:00","dateModified":"2024-04-25T16:00:20+00:00","breadcrumb":{"@id":"https:\/\/clavreuil-wordpress.logiciel-arteo.fr\/en\/paris-album-pittoresque-dun-voyage-autour-du-monde-execute-par-ordre-du-gouvernement-francais\/#breadcrumb"},"inLanguage":"en-US","potentialAction":[{"@type":"ReadAction","target":["https:\/\/clavreuil-wordpress.logiciel-arteo.fr\/en\/paris-album-pittoresque-dun-voyage-autour-du-monde-execute-par-ordre-du-gouvernement-francais\/"]}]},{"@type":"ImageObject","inLanguage":"en-US","@id":"https:\/\/clavreuil-wordpress.logiciel-arteo.fr\/en\/paris-album-pittoresque-dun-voyage-autour-du-monde-execute-par-ordre-du-gouvernement-francais\/#primaryimage","url":"https:\/\/clavreuil-wordpress.logiciel-arteo.fr\/wp-content\/uploads\/2024\/04\/paris-album-pittoresque-d-un-voyage-autour-du-monde-execute-par-ordre-du-gouvernement-francais-8169-662a7beb306f4-scaled.jpg","contentUrl":"https:\/\/clavreuil-wordpress.logiciel-arteo.fr\/wp-content\/uploads\/2024\/04\/paris-album-pittoresque-d-un-voyage-autour-du-monde-execute-par-ordre-du-gouvernement-francais-8169-662a7beb306f4-scaled.jpg","width":2560,"height":1988},{"@type":"BreadcrumbList","@id":"https:\/\/clavreuil-wordpress.logiciel-arteo.fr\/en\/paris-album-pittoresque-dun-voyage-autour-du-monde-execute-par-ordre-du-gouvernement-francais\/#breadcrumb","itemListElement":[{"@type":"ListItem","position":1,"name":"Accueil","item":"https:\/\/clavreuil-wordpress.logiciel-arteo.fr\/"},{"@type":"ListItem","position":2,"name":"All our books","item":"https:\/\/clavreuil-wordpress.logiciel-arteo.fr\/en\/all-our-books\/"},{"@type":"ListItem","position":3,"name":"PARIS Album pittoresque d&#8217;un voyage autour du monde..."}]},{"@type":"WebSite","@id":"https:\/\/clavreuil-wordpress.logiciel-arteo.fr\/#website","url":"https:\/\/clavreuil-wordpress.logiciel-arteo.fr\/","name":"Libairie Clavreuil","description":"","publisher":{"@id":"https:\/\/clavreuil-wordpress.logiciel-arteo.fr\/#organization"},"potentialAction":[{"@type":"SearchAction","target":{"@type":"EntryPoint","urlTemplate":"https:\/\/clavreuil-wordpress.logiciel-arteo.fr\/?s={search_term_string}"},"query-input":{"@type":"PropertyValueSpecification","valueRequired":true,"valueName":"search_term_string"}}],"inLanguage":"en-US"},{"@type":"Organization","@id":"https:\/\/clavreuil-wordpress.logiciel-arteo.fr\/#organization","name":"Libairie Clavreuil","url":"https:\/\/clavreuil-wordpress.logiciel-arteo.fr\/","logo":{"@type":"ImageObject","inLanguage":"en-US","@id":"https:\/\/clavreuil-wordpress.logiciel-arteo.fr\/#\/schema\/logo\/image\/","url":"https:\/\/clavreuil-wordpress.logiciel-arteo.fr\/wp-content\/uploads\/2021\/05\/LOGO_PNG_DATE-_gold.png","contentUrl":"https:\/\/clavreuil-wordpress.logiciel-arteo.fr\/wp-content\/uploads\/2021\/05\/LOGO_PNG_DATE-_gold.png","width":2083,"height":1917,"caption":"Libairie Clavreuil"},"image":{"@id":"https:\/\/clavreuil-wordpress.logiciel-arteo.fr\/#\/schema\/logo\/image\/"}}]}},"_links":{"self":[{"href":"https:\/\/clavreuil-wordpress.logiciel-arteo.fr\/en\/wp-json\/wp\/v2\/product\/76286","targetHints":{"allow":["GET"]}}],"collection":[{"href":"https:\/\/clavreuil-wordpress.logiciel-arteo.fr\/en\/wp-json\/wp\/v2\/product"}],"about":[{"href":"https:\/\/clavreuil-wordpress.logiciel-arteo.fr\/en\/wp-json\/wp\/v2\/types\/product"}],"replies":[{"embeddable":true,"href":"https:\/\/clavreuil-wordpress.logiciel-arteo.fr\/en\/wp-json\/wp\/v2\/comments?post=76286"}],"wp:featuredmedia":[{"embeddable":true,"href":"https:\/\/clavreuil-wordpress.logiciel-arteo.fr\/en\/wp-json\/wp\/v2\/media\/76271"}],"wp:attachment":[{"href":"https:\/\/clavreuil-wordpress.logiciel-arteo.fr\/en\/wp-json\/wp\/v2\/media?parent=76286"}],"wp:term":[{"taxonomy":"product_brand","embeddable":true,"href":"https:\/\/clavreuil-wordpress.logiciel-arteo.fr\/en\/wp-json\/wp\/v2\/product_brand?post=76286"},{"taxonomy":"product_cat","embeddable":true,"href":"https:\/\/clavreuil-wordpress.logiciel-arteo.fr\/en\/wp-json\/wp\/v2\/product_cat?post=76286"},{"taxonomy":"product_tag","embeddable":true,"href":"https:\/\/clavreuil-wordpress.logiciel-arteo.fr\/en\/wp-json\/wp\/v2\/product_tag?post=76286"}],"curies":[{"name":"wp","href":"https:\/\/api.w.org\/{rel}","templated":true}]}}