{"id":76332,"date":"2024-04-25T18:02:56","date_gmt":"2024-04-25T16:02:56","guid":{"rendered":"https:\/\/clavreuil-wordpress.logiciel-arteo.fr\/giraud-soulavie-jean-louis-histoire-naturelle-de-la-france-meridionale-ou-recherches-sur-la-mineralogie-du-vivarais-du-viennois-du-valentinois-du-forez-de-lauvergne-du-velai-sur-la-physiq\/"},"modified":"2024-04-25T18:03:48","modified_gmt":"2024-04-25T16:03:48","slug":"giraud-soulavie-jean-louis-histoire-naturelle-de-la-france-meridionale-ou-recherches-sur-la-mineralogie-du-vivarais-du-viennois-du-valentinois-du-forez-de-lauvergne-du-velai-sur-la-physiq","status":"publish","type":"product","link":"https:\/\/clavreuil-wordpress.logiciel-arteo.fr\/en\/giraud-soulavie-jean-louis-histoire-naturelle-de-la-france-meridionale-ou-recherches-sur-la-mineralogie-du-vivarais-du-viennois-du-valentinois-du-forez-de-lauvergne-du-velai-sur-la-physiq\/","title":{"rendered":"GIRAUD-SOULAVIE Jean-Louis Histoire naturelle de la France m\u00e9ridionale,..."},"content":{"rendered":"<p style=\"text-align:justify\"><em>DSB, XII, 549; not in the Hoover Collection.<\/em><\/p>\n<p style=\"text-align:justify\">First edition, very rare.<\/p>\n<p style=\"text-align:justify\">The work is divided in two sections: the first seven volumes are entirely devoted to geology and mineralogy of the Vivarais and Velay area, the eighth and final volume (the work remained unfinished) is devoted to plants.<\/p>\n<p style=\"text-align:justify\">&quot;Soulavie used superposition not only to determine the relative ages of the strata, but he also attempted to correlate age with fossil remains. He argued that the oldest strata also contain the largest proportion of extinct species, while the youngest show a predominance of forms with living analogues&quot; (DSB).<\/p>\n<p style=\"text-align:justify\">The work was much discussed &#8211; Buffon was one of its strongest opponents. The 35 engraved plates depicting mainly geological formations are all by the author himself.<\/p>\n<p style=\"text-align:justify\">Copy without the rare &quot;Avis des &eacute;diteurs&quot; et the end of volume II, missing in most copies (a tyewritten copy is bound in).<\/p>\n<p style=\"text-align:justify\">Provenance: Adrien de Gasparin (rubber stamp on titles). Gasparin (1783-1862) was a famous French agronomist and an important politician in the region of Vaucluse.<\/p>\n","protected":false},"excerpt":{"rendered":"<p style=\"text-align:justify\">8 volumes, 8vo (186 x 117 mm) 4 unn.ll., engraved frontispiece, 492 pp. for volume I ; 478 pp., 5 engraved plates for volume II ; 392 pp. (misnumbered 402) and 5 engraved plates for volume III ; 410 pp. and 7 engraved plates for volume IV ; 252 pp., 2 leaves of index numbered 172-174, and 3 engraved plates for volume V ; 416 pp. and 3 engraved plates for volume VI ; 1 nn.l., 175 and 185 pp., 1 unn.l. and 5 engraved plates for volume VII ; 399 pp. (half-title, title, pp. [17]-399) and 2 engraved plates (including one folding in two sheets) for volume VIII. Contemporary sheep-backed boards, flat spine gilt, gilt lettering pieces and numbering alternatively in green and red morocco<\/p>\n","protected":false},"featured_media":76317,"comment_status":"open","ping_status":"closed","template":"","meta":{"_acf_changed":false},"product_brand":[],"product_cat":[540],"product_tag":[1450,554,1334],"class_list":{"0":"post-76332","1":"product","2":"type-product","3":"status-publish","4":"has-post-thumbnail","6":"product_cat-natural-history","7":"product_tag-first-edition","8":"product_tag-mineralogy","9":"product_tag-vulcanology","10":"pa_auteur-jean-louis-giraud-soulavie-2","11":"pa_type-de-livre-printed-book","13":"first","14":"instock","15":"shipping-taxable","16":"purchasable","17":"product-type-simple"},"acf":[],"yoast_head":"<!-- This site is optimized with the Yoast SEO plugin v24.3 - https:\/\/yoast.com\/wordpress\/plugins\/seo\/ -->\n<title>GIRAUD-SOULAVIE Jean-Louis Histoire naturelle de la France m\u00e9ridionale, Ou Recherches sur la Min\u00e9ralogie du Vivarais, du Viennois, du Valentinois, du Forez, de l&#039;Auvergne, du Velai... Sur la Physique de la Mer Mediterran\u00e9e, sur les M\u00e9t\u00e9ores, les Arbres, les Animaux, l&#039;Homme &amp; la Femme de ces Contr\u00e9es. - Libairie Clavreuil<\/title>\n<meta name=\"robots\" content=\"noindex, follow, max-snippet:-1, max-image-preview:large, max-video-preview:-1\" \/>\n<meta property=\"og:locale\" content=\"en_US\" \/>\n<meta property=\"og:type\" content=\"article\" \/>\n<meta property=\"og:title\" content=\"GIRAUD-SOULAVIE Jean-Louis Histoire naturelle de la France m\u00e9ridionale, Ou Recherches sur la Min\u00e9ralogie du Vivarais, du Viennois, du Valentinois, du Forez, de l&#039;Auvergne, du Velai... Sur la Physique de la Mer Mediterran\u00e9e, sur les M\u00e9t\u00e9ores, les Arbres, les Animaux, l&#039;Homme &amp; la Femme de ces Contr\u00e9es. - Libairie Clavreuil\" \/>\n<meta property=\"og:description\" content=\"8 volumes, 8vo (186 x 117 mm) 4 unn.ll., engraved frontispiece, 492 pp. for volume I ; 478 pp., 5 engraved plates for volume II ; 392 pp. (misnumbered 402) and 5 engraved plates for volume III ; 410 pp. and 7 engraved plates for volume IV ; 252 pp., 2 leaves of index numbered 172-174, and 3 engraved plates for volume V ; 416 pp. and 3 engraved plates for volume VI ; 1 nn.l., 175 and 185 pp., 1 unn.l. and 5 engraved plates for volume VII ; 399 pp. (half-title, title, pp. [17]-399) and 2 engraved plates (including one folding in two sheets) for volume VIII. Contemporary sheep-backed boards, flat spine gilt, gilt lettering pieces and numbering alternatively in green and red morocco\" \/>\n<meta property=\"og:url\" content=\"https:\/\/clavreuil-wordpress.logiciel-arteo.fr\/en\/giraud-soulavie-jean-louis-histoire-naturelle-de-la-france-meridionale-ou-recherches-sur-la-mineralogie-du-vivarais-du-viennois-du-valentinois-du-forez-de-lauvergne-du-velai-sur-la-physiq\/\" \/>\n<meta property=\"og:site_name\" content=\"Libairie Clavreuil\" \/>\n<meta property=\"article:modified_time\" content=\"2024-04-25T16:03:48+00:00\" \/>\n<meta property=\"og:image\" content=\"https:\/\/clavreuil-wordpress.logiciel-arteo.fr\/wp-content\/uploads\/2024\/04\/jean-louis-giraud-soulavie-histoire-naturelle-de-la-france-meridionale-ou-recherches-sur-la-mineralogie-du-vivarais-du-viennois-du-valentinois-du-fore-scaled.jpg\" \/>\n\t<meta property=\"og:image:width\" content=\"1920\" \/>\n\t<meta property=\"og:image:height\" content=\"2560\" \/>\n\t<meta property=\"og:image:type\" content=\"image\/jpeg\" \/>\n<meta name=\"twitter:card\" content=\"summary_large_image\" \/>\n<meta name=\"twitter:label1\" content=\"Est. reading time\" \/>\n\t<meta name=\"twitter:data1\" content=\"1 minute\" \/>\n<script type=\"application\/ld+json\" class=\"yoast-schema-graph\">{\"@context\":\"https:\/\/schema.org\",\"@graph\":[{\"@type\":\"WebPage\",\"@id\":\"https:\/\/clavreuil-wordpress.logiciel-arteo.fr\/en\/giraud-soulavie-jean-louis-histoire-naturelle-de-la-france-meridionale-ou-recherches-sur-la-mineralogie-du-vivarais-du-viennois-du-valentinois-du-forez-de-lauvergne-du-velai-sur-la-physiq\/\",\"url\":\"https:\/\/clavreuil-wordpress.logiciel-arteo.fr\/en\/giraud-soulavie-jean-louis-histoire-naturelle-de-la-france-meridionale-ou-recherches-sur-la-mineralogie-du-vivarais-du-viennois-du-valentinois-du-forez-de-lauvergne-du-velai-sur-la-physiq\/\",\"name\":\"GIRAUD-SOULAVIE Jean-Louis Histoire naturelle de la France m\u00e9ridionale, Ou Recherches sur la Min\u00e9ralogie du Vivarais, du Viennois, du Valentinois, du Forez, de l'Auvergne, du Velai... Sur la Physique de la Mer Mediterran\u00e9e, sur les M\u00e9t\u00e9ores, les Arbres, les Animaux, l'Homme &amp; la Femme de ces Contr\u00e9es. - Libairie Clavreuil\",\"isPartOf\":{\"@id\":\"https:\/\/clavreuil-wordpress.logiciel-arteo.fr\/#website\"},\"primaryImageOfPage\":{\"@id\":\"https:\/\/clavreuil-wordpress.logiciel-arteo.fr\/en\/giraud-soulavie-jean-louis-histoire-naturelle-de-la-france-meridionale-ou-recherches-sur-la-mineralogie-du-vivarais-du-viennois-du-valentinois-du-forez-de-lauvergne-du-velai-sur-la-physiq\/#primaryimage\"},\"image\":{\"@id\":\"https:\/\/clavreuil-wordpress.logiciel-arteo.fr\/en\/giraud-soulavie-jean-louis-histoire-naturelle-de-la-france-meridionale-ou-recherches-sur-la-mineralogie-du-vivarais-du-viennois-du-valentinois-du-forez-de-lauvergne-du-velai-sur-la-physiq\/#primaryimage\"},\"thumbnailUrl\":\"https:\/\/clavreuil-wordpress.logiciel-arteo.fr\/wp-content\/uploads\/2024\/04\/jean-louis-giraud-soulavie-histoire-naturelle-de-la-france-meridionale-ou-recherches-sur-la-mineralogie-du-vivarais-du-viennois-du-valentinois-du-fore-scaled.jpg\",\"datePublished\":\"2024-04-25T16:02:56+00:00\",\"dateModified\":\"2024-04-25T16:03:48+00:00\",\"breadcrumb\":{\"@id\":\"https:\/\/clavreuil-wordpress.logiciel-arteo.fr\/en\/giraud-soulavie-jean-louis-histoire-naturelle-de-la-france-meridionale-ou-recherches-sur-la-mineralogie-du-vivarais-du-viennois-du-valentinois-du-forez-de-lauvergne-du-velai-sur-la-physiq\/#breadcrumb\"},\"inLanguage\":\"en-US\",\"potentialAction\":[{\"@type\":\"ReadAction\",\"target\":[\"https:\/\/clavreuil-wordpress.logiciel-arteo.fr\/en\/giraud-soulavie-jean-louis-histoire-naturelle-de-la-france-meridionale-ou-recherches-sur-la-mineralogie-du-vivarais-du-viennois-du-valentinois-du-forez-de-lauvergne-du-velai-sur-la-physiq\/\"]}]},{\"@type\":\"ImageObject\",\"inLanguage\":\"en-US\",\"@id\":\"https:\/\/clavreuil-wordpress.logiciel-arteo.fr\/en\/giraud-soulavie-jean-louis-histoire-naturelle-de-la-france-meridionale-ou-recherches-sur-la-mineralogie-du-vivarais-du-viennois-du-valentinois-du-forez-de-lauvergne-du-velai-sur-la-physiq\/#primaryimage\",\"url\":\"https:\/\/clavreuil-wordpress.logiciel-arteo.fr\/wp-content\/uploads\/2024\/04\/jean-louis-giraud-soulavie-histoire-naturelle-de-la-france-meridionale-ou-recherches-sur-la-mineralogie-du-vivarais-du-viennois-du-valentinois-du-fore-scaled.jpg\",\"contentUrl\":\"https:\/\/clavreuil-wordpress.logiciel-arteo.fr\/wp-content\/uploads\/2024\/04\/jean-louis-giraud-soulavie-histoire-naturelle-de-la-france-meridionale-ou-recherches-sur-la-mineralogie-du-vivarais-du-viennois-du-valentinois-du-fore-scaled.jpg\",\"width\":1920,\"height\":2560},{\"@type\":\"BreadcrumbList\",\"@id\":\"https:\/\/clavreuil-wordpress.logiciel-arteo.fr\/en\/giraud-soulavie-jean-louis-histoire-naturelle-de-la-france-meridionale-ou-recherches-sur-la-mineralogie-du-vivarais-du-viennois-du-valentinois-du-forez-de-lauvergne-du-velai-sur-la-physiq\/#breadcrumb\",\"itemListElement\":[{\"@type\":\"ListItem\",\"position\":1,\"name\":\"Accueil\",\"item\":\"https:\/\/clavreuil-wordpress.logiciel-arteo.fr\/\"},{\"@type\":\"ListItem\",\"position\":2,\"name\":\"All our books\",\"item\":\"https:\/\/clavreuil-wordpress.logiciel-arteo.fr\/en\/all-our-books\/\"},{\"@type\":\"ListItem\",\"position\":3,\"name\":\"GIRAUD-SOULAVIE Jean-Louis Histoire naturelle de la France m\u00e9ridionale,...\"}]},{\"@type\":\"WebSite\",\"@id\":\"https:\/\/clavreuil-wordpress.logiciel-arteo.fr\/#website\",\"url\":\"https:\/\/clavreuil-wordpress.logiciel-arteo.fr\/\",\"name\":\"Libairie Clavreuil\",\"description\":\"\",\"publisher\":{\"@id\":\"https:\/\/clavreuil-wordpress.logiciel-arteo.fr\/#organization\"},\"potentialAction\":[{\"@type\":\"SearchAction\",\"target\":{\"@type\":\"EntryPoint\",\"urlTemplate\":\"https:\/\/clavreuil-wordpress.logiciel-arteo.fr\/?s={search_term_string}\"},\"query-input\":{\"@type\":\"PropertyValueSpecification\",\"valueRequired\":true,\"valueName\":\"search_term_string\"}}],\"inLanguage\":\"en-US\"},{\"@type\":\"Organization\",\"@id\":\"https:\/\/clavreuil-wordpress.logiciel-arteo.fr\/#organization\",\"name\":\"Libairie Clavreuil\",\"url\":\"https:\/\/clavreuil-wordpress.logiciel-arteo.fr\/\",\"logo\":{\"@type\":\"ImageObject\",\"inLanguage\":\"en-US\",\"@id\":\"https:\/\/clavreuil-wordpress.logiciel-arteo.fr\/#\/schema\/logo\/image\/\",\"url\":\"https:\/\/clavreuil-wordpress.logiciel-arteo.fr\/wp-content\/uploads\/2021\/05\/LOGO_PNG_DATE-_gold.png\",\"contentUrl\":\"https:\/\/clavreuil-wordpress.logiciel-arteo.fr\/wp-content\/uploads\/2021\/05\/LOGO_PNG_DATE-_gold.png\",\"width\":2083,\"height\":1917,\"caption\":\"Libairie Clavreuil\"},\"image\":{\"@id\":\"https:\/\/clavreuil-wordpress.logiciel-arteo.fr\/#\/schema\/logo\/image\/\"}}]}<\/script>\n<!-- \/ Yoast SEO plugin. -->","yoast_head_json":{"title":"GIRAUD-SOULAVIE Jean-Louis Histoire naturelle de la France m\u00e9ridionale, Ou Recherches sur la Min\u00e9ralogie du Vivarais, du Viennois, du Valentinois, du Forez, de l'Auvergne, du Velai... Sur la Physique de la Mer Mediterran\u00e9e, sur les M\u00e9t\u00e9ores, les Arbres, les Animaux, l'Homme &amp; la Femme de ces Contr\u00e9es. - Libairie Clavreuil","robots":{"index":"noindex","follow":"follow","max-snippet":"max-snippet:-1","max-image-preview":"max-image-preview:large","max-video-preview":"max-video-preview:-1"},"og_locale":"en_US","og_type":"article","og_title":"GIRAUD-SOULAVIE Jean-Louis Histoire naturelle de la France m\u00e9ridionale, Ou Recherches sur la Min\u00e9ralogie du Vivarais, du Viennois, du Valentinois, du Forez, de l'Auvergne, du Velai... Sur la Physique de la Mer Mediterran\u00e9e, sur les M\u00e9t\u00e9ores, les Arbres, les Animaux, l'Homme &amp; la Femme de ces Contr\u00e9es. - Libairie Clavreuil","og_description":"8 volumes, 8vo (186 x 117 mm) 4 unn.ll., engraved frontispiece, 492 pp. for volume I ; 478 pp., 5 engraved plates for volume II ; 392 pp. (misnumbered 402) and 5 engraved plates for volume III ; 410 pp. and 7 engraved plates for volume IV ; 252 pp., 2 leaves of index numbered 172-174, and 3 engraved plates for volume V ; 416 pp. and 3 engraved plates for volume VI ; 1 nn.l., 175 and 185 pp., 1 unn.l. and 5 engraved plates for volume VII ; 399 pp. (half-title, title, pp. [17]-399) and 2 engraved plates (including one folding in two sheets) for volume VIII. Contemporary sheep-backed boards, flat spine gilt, gilt lettering pieces and numbering alternatively in green and red morocco","og_url":"https:\/\/clavreuil-wordpress.logiciel-arteo.fr\/en\/giraud-soulavie-jean-louis-histoire-naturelle-de-la-france-meridionale-ou-recherches-sur-la-mineralogie-du-vivarais-du-viennois-du-valentinois-du-forez-de-lauvergne-du-velai-sur-la-physiq\/","og_site_name":"Libairie Clavreuil","article_modified_time":"2024-04-25T16:03:48+00:00","og_image":[{"width":1920,"height":2560,"url":"https:\/\/clavreuil-wordpress.logiciel-arteo.fr\/wp-content\/uploads\/2024\/04\/jean-louis-giraud-soulavie-histoire-naturelle-de-la-france-meridionale-ou-recherches-sur-la-mineralogie-du-vivarais-du-viennois-du-valentinois-du-fore-scaled.jpg","type":"image\/jpeg"}],"twitter_card":"summary_large_image","twitter_misc":{"Est. reading time":"1 minute"},"schema":{"@context":"https:\/\/schema.org","@graph":[{"@type":"WebPage","@id":"https:\/\/clavreuil-wordpress.logiciel-arteo.fr\/en\/giraud-soulavie-jean-louis-histoire-naturelle-de-la-france-meridionale-ou-recherches-sur-la-mineralogie-du-vivarais-du-viennois-du-valentinois-du-forez-de-lauvergne-du-velai-sur-la-physiq\/","url":"https:\/\/clavreuil-wordpress.logiciel-arteo.fr\/en\/giraud-soulavie-jean-louis-histoire-naturelle-de-la-france-meridionale-ou-recherches-sur-la-mineralogie-du-vivarais-du-viennois-du-valentinois-du-forez-de-lauvergne-du-velai-sur-la-physiq\/","name":"GIRAUD-SOULAVIE Jean-Louis Histoire naturelle de la France m\u00e9ridionale, Ou Recherches sur la Min\u00e9ralogie du Vivarais, du Viennois, du Valentinois, du Forez, de l'Auvergne, du Velai... Sur la Physique de la Mer Mediterran\u00e9e, sur les M\u00e9t\u00e9ores, les Arbres, les Animaux, l'Homme &amp; la Femme de ces Contr\u00e9es. - Libairie Clavreuil","isPartOf":{"@id":"https:\/\/clavreuil-wordpress.logiciel-arteo.fr\/#website"},"primaryImageOfPage":{"@id":"https:\/\/clavreuil-wordpress.logiciel-arteo.fr\/en\/giraud-soulavie-jean-louis-histoire-naturelle-de-la-france-meridionale-ou-recherches-sur-la-mineralogie-du-vivarais-du-viennois-du-valentinois-du-forez-de-lauvergne-du-velai-sur-la-physiq\/#primaryimage"},"image":{"@id":"https:\/\/clavreuil-wordpress.logiciel-arteo.fr\/en\/giraud-soulavie-jean-louis-histoire-naturelle-de-la-france-meridionale-ou-recherches-sur-la-mineralogie-du-vivarais-du-viennois-du-valentinois-du-forez-de-lauvergne-du-velai-sur-la-physiq\/#primaryimage"},"thumbnailUrl":"https:\/\/clavreuil-wordpress.logiciel-arteo.fr\/wp-content\/uploads\/2024\/04\/jean-louis-giraud-soulavie-histoire-naturelle-de-la-france-meridionale-ou-recherches-sur-la-mineralogie-du-vivarais-du-viennois-du-valentinois-du-fore-scaled.jpg","datePublished":"2024-04-25T16:02:56+00:00","dateModified":"2024-04-25T16:03:48+00:00","breadcrumb":{"@id":"https:\/\/clavreuil-wordpress.logiciel-arteo.fr\/en\/giraud-soulavie-jean-louis-histoire-naturelle-de-la-france-meridionale-ou-recherches-sur-la-mineralogie-du-vivarais-du-viennois-du-valentinois-du-forez-de-lauvergne-du-velai-sur-la-physiq\/#breadcrumb"},"inLanguage":"en-US","potentialAction":[{"@type":"ReadAction","target":["https:\/\/clavreuil-wordpress.logiciel-arteo.fr\/en\/giraud-soulavie-jean-louis-histoire-naturelle-de-la-france-meridionale-ou-recherches-sur-la-mineralogie-du-vivarais-du-viennois-du-valentinois-du-forez-de-lauvergne-du-velai-sur-la-physiq\/"]}]},{"@type":"ImageObject","inLanguage":"en-US","@id":"https:\/\/clavreuil-wordpress.logiciel-arteo.fr\/en\/giraud-soulavie-jean-louis-histoire-naturelle-de-la-france-meridionale-ou-recherches-sur-la-mineralogie-du-vivarais-du-viennois-du-valentinois-du-forez-de-lauvergne-du-velai-sur-la-physiq\/#primaryimage","url":"https:\/\/clavreuil-wordpress.logiciel-arteo.fr\/wp-content\/uploads\/2024\/04\/jean-louis-giraud-soulavie-histoire-naturelle-de-la-france-meridionale-ou-recherches-sur-la-mineralogie-du-vivarais-du-viennois-du-valentinois-du-fore-scaled.jpg","contentUrl":"https:\/\/clavreuil-wordpress.logiciel-arteo.fr\/wp-content\/uploads\/2024\/04\/jean-louis-giraud-soulavie-histoire-naturelle-de-la-france-meridionale-ou-recherches-sur-la-mineralogie-du-vivarais-du-viennois-du-valentinois-du-fore-scaled.jpg","width":1920,"height":2560},{"@type":"BreadcrumbList","@id":"https:\/\/clavreuil-wordpress.logiciel-arteo.fr\/en\/giraud-soulavie-jean-louis-histoire-naturelle-de-la-france-meridionale-ou-recherches-sur-la-mineralogie-du-vivarais-du-viennois-du-valentinois-du-forez-de-lauvergne-du-velai-sur-la-physiq\/#breadcrumb","itemListElement":[{"@type":"ListItem","position":1,"name":"Accueil","item":"https:\/\/clavreuil-wordpress.logiciel-arteo.fr\/"},{"@type":"ListItem","position":2,"name":"All our books","item":"https:\/\/clavreuil-wordpress.logiciel-arteo.fr\/en\/all-our-books\/"},{"@type":"ListItem","position":3,"name":"GIRAUD-SOULAVIE Jean-Louis Histoire naturelle de la France m\u00e9ridionale,..."}]},{"@type":"WebSite","@id":"https:\/\/clavreuil-wordpress.logiciel-arteo.fr\/#website","url":"https:\/\/clavreuil-wordpress.logiciel-arteo.fr\/","name":"Libairie Clavreuil","description":"","publisher":{"@id":"https:\/\/clavreuil-wordpress.logiciel-arteo.fr\/#organization"},"potentialAction":[{"@type":"SearchAction","target":{"@type":"EntryPoint","urlTemplate":"https:\/\/clavreuil-wordpress.logiciel-arteo.fr\/?s={search_term_string}"},"query-input":{"@type":"PropertyValueSpecification","valueRequired":true,"valueName":"search_term_string"}}],"inLanguage":"en-US"},{"@type":"Organization","@id":"https:\/\/clavreuil-wordpress.logiciel-arteo.fr\/#organization","name":"Libairie Clavreuil","url":"https:\/\/clavreuil-wordpress.logiciel-arteo.fr\/","logo":{"@type":"ImageObject","inLanguage":"en-US","@id":"https:\/\/clavreuil-wordpress.logiciel-arteo.fr\/#\/schema\/logo\/image\/","url":"https:\/\/clavreuil-wordpress.logiciel-arteo.fr\/wp-content\/uploads\/2021\/05\/LOGO_PNG_DATE-_gold.png","contentUrl":"https:\/\/clavreuil-wordpress.logiciel-arteo.fr\/wp-content\/uploads\/2021\/05\/LOGO_PNG_DATE-_gold.png","width":2083,"height":1917,"caption":"Libairie Clavreuil"},"image":{"@id":"https:\/\/clavreuil-wordpress.logiciel-arteo.fr\/#\/schema\/logo\/image\/"}}]}},"_links":{"self":[{"href":"https:\/\/clavreuil-wordpress.logiciel-arteo.fr\/en\/wp-json\/wp\/v2\/product\/76332","targetHints":{"allow":["GET"]}}],"collection":[{"href":"https:\/\/clavreuil-wordpress.logiciel-arteo.fr\/en\/wp-json\/wp\/v2\/product"}],"about":[{"href":"https:\/\/clavreuil-wordpress.logiciel-arteo.fr\/en\/wp-json\/wp\/v2\/types\/product"}],"replies":[{"embeddable":true,"href":"https:\/\/clavreuil-wordpress.logiciel-arteo.fr\/en\/wp-json\/wp\/v2\/comments?post=76332"}],"wp:featuredmedia":[{"embeddable":true,"href":"https:\/\/clavreuil-wordpress.logiciel-arteo.fr\/en\/wp-json\/wp\/v2\/media\/76317"}],"wp:attachment":[{"href":"https:\/\/clavreuil-wordpress.logiciel-arteo.fr\/en\/wp-json\/wp\/v2\/media?parent=76332"}],"wp:term":[{"taxonomy":"product_brand","embeddable":true,"href":"https:\/\/clavreuil-wordpress.logiciel-arteo.fr\/en\/wp-json\/wp\/v2\/product_brand?post=76332"},{"taxonomy":"product_cat","embeddable":true,"href":"https:\/\/clavreuil-wordpress.logiciel-arteo.fr\/en\/wp-json\/wp\/v2\/product_cat?post=76332"},{"taxonomy":"product_tag","embeddable":true,"href":"https:\/\/clavreuil-wordpress.logiciel-arteo.fr\/en\/wp-json\/wp\/v2\/product_tag?post=76332"}],"curies":[{"name":"wp","href":"https:\/\/api.w.org\/{rel}","templated":true}]}}