{"id":76342,"date":"2024-04-25T18:03:55","date_gmt":"2024-04-25T16:03:55","guid":{"rendered":"https:\/\/clavreuil-wordpress.logiciel-arteo.fr\/duhamel-du-monceau-henri-louis-la-physique-des-arbres-ou-il-est-traite-de-lanatomie-des-plantes-et-de-leconomie-vegetale-pour-servir-dintroduction-au-traite-complet-des-bois-et-des-forests\/"},"modified":"2024-04-25T18:04:27","modified_gmt":"2024-04-25T16:04:27","slug":"duhamel-du-monceau-henri-louis-la-physique-des-arbres-ou-il-est-traite-de-lanatomie-des-plantes-et-de-leconomie-vegetale-pour-servir-dintroduction-au-traite-complet-des-bois-et-des-forests","status":"publish","type":"product","link":"https:\/\/clavreuil-wordpress.logiciel-arteo.fr\/en\/duhamel-du-monceau-henri-louis-la-physique-des-arbres-ou-il-est-traite-de-lanatomie-des-plantes-et-de-leconomie-vegetale-pour-servir-dintroduction-au-traite-complet-des-bois-et-des-forests\/","title":{"rendered":"DUHAMEL DU MONCEAU Henri Louis La Physique des..."},"content":{"rendered":"<p><em>Nissen, BBI, 542; Pritzel, 2468; Brunet, VI, 4845 ; Conlon, 58 : 655; DSB, IV, 224; not in Hunt.<\/em><\/p>\n<p>First edition, complete copy with its 50 finely engraved plates.<\/p>\n<p>&quot;Duhamel&#039;s major interest and contribution to technology and society was in agriculture. The first half of the eighteenth century had witnessed the beginning of a technological renaissance in agriculmture, chiefly in England, where it was notably celebrated in the writings of Jethio Tull&#8230; [Duhamel&#039;s] impressive output of works include&#8230; La physique des arbres&quot; (<em>DSB<\/em>).<\/p>\n<p>His work includes an apreciation of the studies already published by Nehemiah Grew, Edme Mariotte and Marcello Malpighi. &quot;Dans ce livre extr&ecirc;mement riche l&rsquo;auteur consigne tout son savoir et toute son exp&eacute;rience en botanique, physiologie v&eacute;g&eacute;tale, arboriculture et technologie du bois. Dans chacun des articles de ses divers chapitres, il fait le point des connaissances de son &eacute;poque sur des sujets tr&egrave;s pr&eacute;cis, les expose et les discute. Il r&eacute;p&egrave;te lui-m&ecirc;me parfois certaines exp&eacute;riences et relate le travail de Hales souvent avec plus de clart&eacute; que ce dernier ne le fait lui-m&ecirc;me. Nous avons affaire &agrave; un observateur avis&eacute; autant qu&rsquo;&agrave; un exp&eacute;rimentateur innovant. On trouve dans le caract&egrave;re et la m&eacute;thode de Duhamel du Monceau quelque chose d&rsquo;unique et de tr&egrave;s pr&eacute;cieux : l&rsquo;essentiel des r&eacute;sultats obtenus par ses pr&eacute;d&eacute;cesseurs est pr&eacute;sent&eacute; d&rsquo;une fa&ccedil;on tr&egrave;s claire et syst&eacute;matique. Il reste un bien meilleur vulgarisateur que Hales&quot; (<em>P. Robin, Histoire et agronomie, pp.208-210<\/em>).<\/p>\n<p>&quot;En sa qualit&eacute; d&rsquo;inspecteur de la marine, Duhamel avait &eacute;t&eacute; amen&eacute; &agrave; rechercher tout ce qui concernait la culture et la conservation des bois propres aux constructions navales. Il en &eacute;tait ensuite venu &agrave; s&rsquo;occuper des plantes et des arbustes qui pouvaient supporter le climat de la France. C&rsquo;est ainsi qu&rsquo;il fit conna&icirc;tre en Europe un grand nombre d&rsquo;esp&egrave;ces am&eacute;ricaines&quot; (<em>Maury, Journal pour tous, n&deg;580<\/em>).<\/p>\n<p>Very attractive copy.<\/p>\n","protected":false},"excerpt":{"rendered":"<p>2 volumes, 4to (261 x 199 mm) 2 nn.ll., (half-title, title, errata), LXVIII, 306 pp., 28 engraved folding paltes for volume I ; 2 nn.ll., III, 432 pp., 22 engraved folding plates for volume II. Contemporary marbled calf, spine gilt with raised bands, red morocco lettering pieces, red speckled edges.<\/p>\n","protected":false},"featured_media":76333,"comment_status":"open","ping_status":"closed","template":"","meta":{"_acf_changed":false},"product_brand":[],"product_cat":[532],"product_tag":[590,1450,1323],"class_list":{"0":"post-76342","1":"product","2":"type-product","3":"status-publish","4":"has-post-thumbnail","6":"product_cat-botanical","7":"product_tag-botanical","8":"product_tag-first-edition","9":"product_tag-general-botany","10":"pa_auteur-henri-louis-duhamel-du-monceau-2","11":"pa_type-de-livre-printed-book","13":"first","14":"instock","15":"shipping-taxable","16":"purchasable","17":"product-type-simple"},"acf":[],"yoast_head":"<!-- This site is optimized with the Yoast SEO plugin v24.3 - https:\/\/yoast.com\/wordpress\/plugins\/seo\/ -->\n<title>DUHAMEL DU MONCEAU Henri Louis La Physique des Arbres; o\u00f9 il est trait\u00e9 de l&#039;anatomie des plantes et de l&#039;\u00e9conomie v\u00e9g\u00e9tale: Pour servir d&#039;introduction au Trait\u00e9 complet des Bois et des Forests. - Libairie Clavreuil<\/title>\n<meta name=\"robots\" content=\"noindex, follow, max-snippet:-1, max-image-preview:large, max-video-preview:-1\" \/>\n<meta property=\"og:locale\" content=\"en_US\" \/>\n<meta property=\"og:type\" content=\"article\" \/>\n<meta property=\"og:title\" content=\"DUHAMEL DU MONCEAU Henri Louis La Physique des Arbres; o\u00f9 il est trait\u00e9 de l&#039;anatomie des plantes et de l&#039;\u00e9conomie v\u00e9g\u00e9tale: Pour servir d&#039;introduction au Trait\u00e9 complet des Bois et des Forests. - Libairie Clavreuil\" \/>\n<meta property=\"og:description\" content=\"2 volumes, 4to (261 x 199 mm) 2 nn.ll., (half-title, title, errata), LXVIII, 306 pp., 28 engraved folding paltes for volume I ; 2 nn.ll., III, 432 pp., 22 engraved folding plates for volume II. Contemporary marbled calf, spine gilt with raised bands, red morocco lettering pieces, red speckled edges.\" \/>\n<meta property=\"og:url\" content=\"https:\/\/clavreuil-wordpress.logiciel-arteo.fr\/en\/duhamel-du-monceau-henri-louis-la-physique-des-arbres-ou-il-est-traite-de-lanatomie-des-plantes-et-de-leconomie-vegetale-pour-servir-dintroduction-au-traite-complet-des-bois-et-des-forests\/\" \/>\n<meta property=\"og:site_name\" content=\"Libairie Clavreuil\" \/>\n<meta property=\"article:modified_time\" content=\"2024-04-25T16:04:27+00:00\" \/>\n<meta property=\"og:image\" content=\"https:\/\/clavreuil-wordpress.logiciel-arteo.fr\/wp-content\/uploads\/2024\/04\/henri-louis-duhamel-du-monceau-la-physique-des-arbres-ou-il-est-traite-de-l-anatomie-des-plantes-et-de-l-economie-vegetale-pour-servir-d-introduction--1024x806.jpg\" \/>\n\t<meta property=\"og:image:width\" content=\"1024\" \/>\n\t<meta property=\"og:image:height\" content=\"806\" \/>\n\t<meta property=\"og:image:type\" content=\"image\/jpeg\" \/>\n<meta name=\"twitter:card\" content=\"summary_large_image\" \/>\n<meta name=\"twitter:label1\" content=\"Est. reading time\" \/>\n\t<meta name=\"twitter:data1\" content=\"2 minutes\" \/>\n<script type=\"application\/ld+json\" class=\"yoast-schema-graph\">{\"@context\":\"https:\/\/schema.org\",\"@graph\":[{\"@type\":\"WebPage\",\"@id\":\"https:\/\/clavreuil-wordpress.logiciel-arteo.fr\/en\/duhamel-du-monceau-henri-louis-la-physique-des-arbres-ou-il-est-traite-de-lanatomie-des-plantes-et-de-leconomie-vegetale-pour-servir-dintroduction-au-traite-complet-des-bois-et-des-forests\/\",\"url\":\"https:\/\/clavreuil-wordpress.logiciel-arteo.fr\/en\/duhamel-du-monceau-henri-louis-la-physique-des-arbres-ou-il-est-traite-de-lanatomie-des-plantes-et-de-leconomie-vegetale-pour-servir-dintroduction-au-traite-complet-des-bois-et-des-forests\/\",\"name\":\"DUHAMEL DU MONCEAU Henri Louis La Physique des Arbres; o\u00f9 il est trait\u00e9 de l'anatomie des plantes et de l'\u00e9conomie v\u00e9g\u00e9tale: Pour servir d'introduction au Trait\u00e9 complet des Bois et des Forests. - Libairie Clavreuil\",\"isPartOf\":{\"@id\":\"https:\/\/clavreuil-wordpress.logiciel-arteo.fr\/#website\"},\"primaryImageOfPage\":{\"@id\":\"https:\/\/clavreuil-wordpress.logiciel-arteo.fr\/en\/duhamel-du-monceau-henri-louis-la-physique-des-arbres-ou-il-est-traite-de-lanatomie-des-plantes-et-de-leconomie-vegetale-pour-servir-dintroduction-au-traite-complet-des-bois-et-des-forests\/#primaryimage\"},\"image\":{\"@id\":\"https:\/\/clavreuil-wordpress.logiciel-arteo.fr\/en\/duhamel-du-monceau-henri-louis-la-physique-des-arbres-ou-il-est-traite-de-lanatomie-des-plantes-et-de-leconomie-vegetale-pour-servir-dintroduction-au-traite-complet-des-bois-et-des-forests\/#primaryimage\"},\"thumbnailUrl\":\"https:\/\/clavreuil-wordpress.logiciel-arteo.fr\/wp-content\/uploads\/2024\/04\/henri-louis-duhamel-du-monceau-la-physique-des-arbres-ou-il-est-traite-de-l-anatomie-des-plantes-et-de-l-economie-vegetale-pour-servir-d-introduction-.jpg\",\"datePublished\":\"2024-04-25T16:03:55+00:00\",\"dateModified\":\"2024-04-25T16:04:27+00:00\",\"breadcrumb\":{\"@id\":\"https:\/\/clavreuil-wordpress.logiciel-arteo.fr\/en\/duhamel-du-monceau-henri-louis-la-physique-des-arbres-ou-il-est-traite-de-lanatomie-des-plantes-et-de-leconomie-vegetale-pour-servir-dintroduction-au-traite-complet-des-bois-et-des-forests\/#breadcrumb\"},\"inLanguage\":\"en-US\",\"potentialAction\":[{\"@type\":\"ReadAction\",\"target\":[\"https:\/\/clavreuil-wordpress.logiciel-arteo.fr\/en\/duhamel-du-monceau-henri-louis-la-physique-des-arbres-ou-il-est-traite-de-lanatomie-des-plantes-et-de-leconomie-vegetale-pour-servir-dintroduction-au-traite-complet-des-bois-et-des-forests\/\"]}]},{\"@type\":\"ImageObject\",\"inLanguage\":\"en-US\",\"@id\":\"https:\/\/clavreuil-wordpress.logiciel-arteo.fr\/en\/duhamel-du-monceau-henri-louis-la-physique-des-arbres-ou-il-est-traite-de-lanatomie-des-plantes-et-de-leconomie-vegetale-pour-servir-dintroduction-au-traite-complet-des-bois-et-des-forests\/#primaryimage\",\"url\":\"https:\/\/clavreuil-wordpress.logiciel-arteo.fr\/wp-content\/uploads\/2024\/04\/henri-louis-duhamel-du-monceau-la-physique-des-arbres-ou-il-est-traite-de-l-anatomie-des-plantes-et-de-l-economie-vegetale-pour-servir-d-introduction-.jpg\",\"contentUrl\":\"https:\/\/clavreuil-wordpress.logiciel-arteo.fr\/wp-content\/uploads\/2024\/04\/henri-louis-duhamel-du-monceau-la-physique-des-arbres-ou-il-est-traite-de-l-anatomie-des-plantes-et-de-l-economie-vegetale-pour-servir-d-introduction-.jpg\",\"width\":2279,\"height\":1793},{\"@type\":\"BreadcrumbList\",\"@id\":\"https:\/\/clavreuil-wordpress.logiciel-arteo.fr\/en\/duhamel-du-monceau-henri-louis-la-physique-des-arbres-ou-il-est-traite-de-lanatomie-des-plantes-et-de-leconomie-vegetale-pour-servir-dintroduction-au-traite-complet-des-bois-et-des-forests\/#breadcrumb\",\"itemListElement\":[{\"@type\":\"ListItem\",\"position\":1,\"name\":\"Accueil\",\"item\":\"https:\/\/clavreuil-wordpress.logiciel-arteo.fr\/\"},{\"@type\":\"ListItem\",\"position\":2,\"name\":\"All our books\",\"item\":\"https:\/\/clavreuil-wordpress.logiciel-arteo.fr\/en\/all-our-books\/\"},{\"@type\":\"ListItem\",\"position\":3,\"name\":\"DUHAMEL DU MONCEAU Henri Louis La Physique des...\"}]},{\"@type\":\"WebSite\",\"@id\":\"https:\/\/clavreuil-wordpress.logiciel-arteo.fr\/#website\",\"url\":\"https:\/\/clavreuil-wordpress.logiciel-arteo.fr\/\",\"name\":\"Libairie Clavreuil\",\"description\":\"\",\"publisher\":{\"@id\":\"https:\/\/clavreuil-wordpress.logiciel-arteo.fr\/#organization\"},\"potentialAction\":[{\"@type\":\"SearchAction\",\"target\":{\"@type\":\"EntryPoint\",\"urlTemplate\":\"https:\/\/clavreuil-wordpress.logiciel-arteo.fr\/?s={search_term_string}\"},\"query-input\":{\"@type\":\"PropertyValueSpecification\",\"valueRequired\":true,\"valueName\":\"search_term_string\"}}],\"inLanguage\":\"en-US\"},{\"@type\":\"Organization\",\"@id\":\"https:\/\/clavreuil-wordpress.logiciel-arteo.fr\/#organization\",\"name\":\"Libairie Clavreuil\",\"url\":\"https:\/\/clavreuil-wordpress.logiciel-arteo.fr\/\",\"logo\":{\"@type\":\"ImageObject\",\"inLanguage\":\"en-US\",\"@id\":\"https:\/\/clavreuil-wordpress.logiciel-arteo.fr\/#\/schema\/logo\/image\/\",\"url\":\"https:\/\/clavreuil-wordpress.logiciel-arteo.fr\/wp-content\/uploads\/2021\/05\/LOGO_PNG_DATE-_gold.png\",\"contentUrl\":\"https:\/\/clavreuil-wordpress.logiciel-arteo.fr\/wp-content\/uploads\/2021\/05\/LOGO_PNG_DATE-_gold.png\",\"width\":2083,\"height\":1917,\"caption\":\"Libairie Clavreuil\"},\"image\":{\"@id\":\"https:\/\/clavreuil-wordpress.logiciel-arteo.fr\/#\/schema\/logo\/image\/\"}}]}<\/script>\n<!-- \/ Yoast SEO plugin. -->","yoast_head_json":{"title":"DUHAMEL DU MONCEAU Henri Louis La Physique des Arbres; o\u00f9 il est trait\u00e9 de l'anatomie des plantes et de l'\u00e9conomie v\u00e9g\u00e9tale: Pour servir d'introduction au Trait\u00e9 complet des Bois et des Forests. - Libairie Clavreuil","robots":{"index":"noindex","follow":"follow","max-snippet":"max-snippet:-1","max-image-preview":"max-image-preview:large","max-video-preview":"max-video-preview:-1"},"og_locale":"en_US","og_type":"article","og_title":"DUHAMEL DU MONCEAU Henri Louis La Physique des Arbres; o\u00f9 il est trait\u00e9 de l'anatomie des plantes et de l'\u00e9conomie v\u00e9g\u00e9tale: Pour servir d'introduction au Trait\u00e9 complet des Bois et des Forests. - Libairie Clavreuil","og_description":"2 volumes, 4to (261 x 199 mm) 2 nn.ll., (half-title, title, errata), LXVIII, 306 pp., 28 engraved folding paltes for volume I ; 2 nn.ll., III, 432 pp., 22 engraved folding plates for volume II. Contemporary marbled calf, spine gilt with raised bands, red morocco lettering pieces, red speckled edges.","og_url":"https:\/\/clavreuil-wordpress.logiciel-arteo.fr\/en\/duhamel-du-monceau-henri-louis-la-physique-des-arbres-ou-il-est-traite-de-lanatomie-des-plantes-et-de-leconomie-vegetale-pour-servir-dintroduction-au-traite-complet-des-bois-et-des-forests\/","og_site_name":"Libairie Clavreuil","article_modified_time":"2024-04-25T16:04:27+00:00","og_image":[{"width":1024,"height":806,"url":"https:\/\/clavreuil-wordpress.logiciel-arteo.fr\/wp-content\/uploads\/2024\/04\/henri-louis-duhamel-du-monceau-la-physique-des-arbres-ou-il-est-traite-de-l-anatomie-des-plantes-et-de-l-economie-vegetale-pour-servir-d-introduction--1024x806.jpg","type":"image\/jpeg"}],"twitter_card":"summary_large_image","twitter_misc":{"Est. reading time":"2 minutes"},"schema":{"@context":"https:\/\/schema.org","@graph":[{"@type":"WebPage","@id":"https:\/\/clavreuil-wordpress.logiciel-arteo.fr\/en\/duhamel-du-monceau-henri-louis-la-physique-des-arbres-ou-il-est-traite-de-lanatomie-des-plantes-et-de-leconomie-vegetale-pour-servir-dintroduction-au-traite-complet-des-bois-et-des-forests\/","url":"https:\/\/clavreuil-wordpress.logiciel-arteo.fr\/en\/duhamel-du-monceau-henri-louis-la-physique-des-arbres-ou-il-est-traite-de-lanatomie-des-plantes-et-de-leconomie-vegetale-pour-servir-dintroduction-au-traite-complet-des-bois-et-des-forests\/","name":"DUHAMEL DU MONCEAU Henri Louis La Physique des Arbres; o\u00f9 il est trait\u00e9 de l'anatomie des plantes et de l'\u00e9conomie v\u00e9g\u00e9tale: Pour servir d'introduction au Trait\u00e9 complet des Bois et des Forests. - Libairie Clavreuil","isPartOf":{"@id":"https:\/\/clavreuil-wordpress.logiciel-arteo.fr\/#website"},"primaryImageOfPage":{"@id":"https:\/\/clavreuil-wordpress.logiciel-arteo.fr\/en\/duhamel-du-monceau-henri-louis-la-physique-des-arbres-ou-il-est-traite-de-lanatomie-des-plantes-et-de-leconomie-vegetale-pour-servir-dintroduction-au-traite-complet-des-bois-et-des-forests\/#primaryimage"},"image":{"@id":"https:\/\/clavreuil-wordpress.logiciel-arteo.fr\/en\/duhamel-du-monceau-henri-louis-la-physique-des-arbres-ou-il-est-traite-de-lanatomie-des-plantes-et-de-leconomie-vegetale-pour-servir-dintroduction-au-traite-complet-des-bois-et-des-forests\/#primaryimage"},"thumbnailUrl":"https:\/\/clavreuil-wordpress.logiciel-arteo.fr\/wp-content\/uploads\/2024\/04\/henri-louis-duhamel-du-monceau-la-physique-des-arbres-ou-il-est-traite-de-l-anatomie-des-plantes-et-de-l-economie-vegetale-pour-servir-d-introduction-.jpg","datePublished":"2024-04-25T16:03:55+00:00","dateModified":"2024-04-25T16:04:27+00:00","breadcrumb":{"@id":"https:\/\/clavreuil-wordpress.logiciel-arteo.fr\/en\/duhamel-du-monceau-henri-louis-la-physique-des-arbres-ou-il-est-traite-de-lanatomie-des-plantes-et-de-leconomie-vegetale-pour-servir-dintroduction-au-traite-complet-des-bois-et-des-forests\/#breadcrumb"},"inLanguage":"en-US","potentialAction":[{"@type":"ReadAction","target":["https:\/\/clavreuil-wordpress.logiciel-arteo.fr\/en\/duhamel-du-monceau-henri-louis-la-physique-des-arbres-ou-il-est-traite-de-lanatomie-des-plantes-et-de-leconomie-vegetale-pour-servir-dintroduction-au-traite-complet-des-bois-et-des-forests\/"]}]},{"@type":"ImageObject","inLanguage":"en-US","@id":"https:\/\/clavreuil-wordpress.logiciel-arteo.fr\/en\/duhamel-du-monceau-henri-louis-la-physique-des-arbres-ou-il-est-traite-de-lanatomie-des-plantes-et-de-leconomie-vegetale-pour-servir-dintroduction-au-traite-complet-des-bois-et-des-forests\/#primaryimage","url":"https:\/\/clavreuil-wordpress.logiciel-arteo.fr\/wp-content\/uploads\/2024\/04\/henri-louis-duhamel-du-monceau-la-physique-des-arbres-ou-il-est-traite-de-l-anatomie-des-plantes-et-de-l-economie-vegetale-pour-servir-d-introduction-.jpg","contentUrl":"https:\/\/clavreuil-wordpress.logiciel-arteo.fr\/wp-content\/uploads\/2024\/04\/henri-louis-duhamel-du-monceau-la-physique-des-arbres-ou-il-est-traite-de-l-anatomie-des-plantes-et-de-l-economie-vegetale-pour-servir-d-introduction-.jpg","width":2279,"height":1793},{"@type":"BreadcrumbList","@id":"https:\/\/clavreuil-wordpress.logiciel-arteo.fr\/en\/duhamel-du-monceau-henri-louis-la-physique-des-arbres-ou-il-est-traite-de-lanatomie-des-plantes-et-de-leconomie-vegetale-pour-servir-dintroduction-au-traite-complet-des-bois-et-des-forests\/#breadcrumb","itemListElement":[{"@type":"ListItem","position":1,"name":"Accueil","item":"https:\/\/clavreuil-wordpress.logiciel-arteo.fr\/"},{"@type":"ListItem","position":2,"name":"All our books","item":"https:\/\/clavreuil-wordpress.logiciel-arteo.fr\/en\/all-our-books\/"},{"@type":"ListItem","position":3,"name":"DUHAMEL DU MONCEAU Henri Louis La Physique des..."}]},{"@type":"WebSite","@id":"https:\/\/clavreuil-wordpress.logiciel-arteo.fr\/#website","url":"https:\/\/clavreuil-wordpress.logiciel-arteo.fr\/","name":"Libairie Clavreuil","description":"","publisher":{"@id":"https:\/\/clavreuil-wordpress.logiciel-arteo.fr\/#organization"},"potentialAction":[{"@type":"SearchAction","target":{"@type":"EntryPoint","urlTemplate":"https:\/\/clavreuil-wordpress.logiciel-arteo.fr\/?s={search_term_string}"},"query-input":{"@type":"PropertyValueSpecification","valueRequired":true,"valueName":"search_term_string"}}],"inLanguage":"en-US"},{"@type":"Organization","@id":"https:\/\/clavreuil-wordpress.logiciel-arteo.fr\/#organization","name":"Libairie Clavreuil","url":"https:\/\/clavreuil-wordpress.logiciel-arteo.fr\/","logo":{"@type":"ImageObject","inLanguage":"en-US","@id":"https:\/\/clavreuil-wordpress.logiciel-arteo.fr\/#\/schema\/logo\/image\/","url":"https:\/\/clavreuil-wordpress.logiciel-arteo.fr\/wp-content\/uploads\/2021\/05\/LOGO_PNG_DATE-_gold.png","contentUrl":"https:\/\/clavreuil-wordpress.logiciel-arteo.fr\/wp-content\/uploads\/2021\/05\/LOGO_PNG_DATE-_gold.png","width":2083,"height":1917,"caption":"Libairie Clavreuil"},"image":{"@id":"https:\/\/clavreuil-wordpress.logiciel-arteo.fr\/#\/schema\/logo\/image\/"}}]}},"_links":{"self":[{"href":"https:\/\/clavreuil-wordpress.logiciel-arteo.fr\/en\/wp-json\/wp\/v2\/product\/76342","targetHints":{"allow":["GET"]}}],"collection":[{"href":"https:\/\/clavreuil-wordpress.logiciel-arteo.fr\/en\/wp-json\/wp\/v2\/product"}],"about":[{"href":"https:\/\/clavreuil-wordpress.logiciel-arteo.fr\/en\/wp-json\/wp\/v2\/types\/product"}],"replies":[{"embeddable":true,"href":"https:\/\/clavreuil-wordpress.logiciel-arteo.fr\/en\/wp-json\/wp\/v2\/comments?post=76342"}],"wp:featuredmedia":[{"embeddable":true,"href":"https:\/\/clavreuil-wordpress.logiciel-arteo.fr\/en\/wp-json\/wp\/v2\/media\/76333"}],"wp:attachment":[{"href":"https:\/\/clavreuil-wordpress.logiciel-arteo.fr\/en\/wp-json\/wp\/v2\/media?parent=76342"}],"wp:term":[{"taxonomy":"product_brand","embeddable":true,"href":"https:\/\/clavreuil-wordpress.logiciel-arteo.fr\/en\/wp-json\/wp\/v2\/product_brand?post=76342"},{"taxonomy":"product_cat","embeddable":true,"href":"https:\/\/clavreuil-wordpress.logiciel-arteo.fr\/en\/wp-json\/wp\/v2\/product_cat?post=76342"},{"taxonomy":"product_tag","embeddable":true,"href":"https:\/\/clavreuil-wordpress.logiciel-arteo.fr\/en\/wp-json\/wp\/v2\/product_tag?post=76342"}],"curies":[{"name":"wp","href":"https:\/\/api.w.org\/{rel}","templated":true}]}}