{"id":76358,"date":"2024-04-25T18:04:39","date_gmt":"2024-04-25T16:04:39","guid":{"rendered":"https:\/\/clavreuil-wordpress.logiciel-arteo.fr\/serres-olivier-de-le-theatre-dagriculture-et-mesnage-des-champs-dans-lequel-est-represente-tout-ce-qui-est-requis-et-necessaire-pour-bien-dresser-gouverner-enrichir-et-embellir-la-maison-rusti\/"},"modified":"2024-04-25T18:05:31","modified_gmt":"2024-04-25T16:05:31","slug":"serres-olivier-de-le-theatre-dagriculture-et-mesnage-des-champs-dans-lequel-est-represente-tout-ce-qui-est-requis-et-necessaire-pour-bien-dresser-gouverner-enrichir-et-embellir-la-maison-rusti","status":"publish","type":"product","link":"https:\/\/clavreuil-wordpress.logiciel-arteo.fr\/en\/serres-olivier-de-le-theatre-dagriculture-et-mesnage-des-champs-dans-lequel-est-represente-tout-ce-qui-est-requis-et-necessaire-pour-bien-dresser-gouverner-enrichir-et-embellir-la-maison-rusti\/","title":{"rendered":"SERRES Olivier de Le Th\u00e9\u00e2tre d&#8217;Agriculture et mesnage..."},"content":{"rendered":"<p style=\"text-align:justify\"><em>Thi&eacute;baud, 843-844; see Schwerdt (for the first edition 1600).<\/em><\/p>\n<p style=\"text-align:justify\">Beautiful edition of this classic, published by the Soci&eacute;t&eacute; d&#039;Agriculture du D&eacute;partement de la Seine. It contains additional plates and material by notable scientists of the time including Chaptal, Parmentier, Huzard, etc.<\/p>\n<p style=\"text-align:justify\">&quot;Cette belle &eacute;dition est consid&eacute;r&eacute;e, &agrave; juste titre, comme la meilleure de toutes, pour la correction de son texte et ses notes. Parmi les pi&egrave;ces liminaires du tome II se trouve la remarquable &#039;Notice bibliographique&#039;&#8230; par J.-B. Huzard&quot; (Thi&eacute;baud).<\/p>\n<p style=\"text-align:justify\">Volume II (pp. 84-106) contains an important chapter on apiculture.<\/p>\n<p style=\"text-align:justify\">Fine prize binding, with this gilt mention on the front cover : Soci&eacute;t&eacute; royale d&#039;agriculture, s&eacute;ance publique du 10 avril 1836, &agrave; Mr le Cte de Bonneval, &agrave; Lafont d&#039;Amb&eacute;rieux (Allier).<\/p>\n<p style=\"text-align:justify\">Some light wear, else fine.<\/p>\n<p style=\"text-align:justify\">&nbsp;<\/p>\n","protected":false},"excerpt":{"rendered":"<p>2 volumes, 4to (254 x 199 mm) CXCII, 672 pp., engraved portrait and 1 engraved plate for volume I; XLIV, 948 pp., engraved frontispiece and 16 engraved paltes for volume II. Contemporary tree-calf, flat spines gilt.<\/p>\n","protected":false},"featured_media":76343,"comment_status":"open","ping_status":"closed","template":"","meta":{"_acf_changed":false},"product_brand":[],"product_cat":[532],"product_tag":[576,590],"class_list":{"0":"post-76358","1":"product","2":"type-product","3":"status-publish","4":"has-post-thumbnail","6":"product_cat-botanical","7":"product_tag-agriculture-2","8":"product_tag-botanical","9":"pa_auteur-olivier-de-serres-2","10":"pa_type-de-livre-printed-book","12":"first","13":"instock","14":"shipping-taxable","15":"purchasable","16":"product-type-simple"},"acf":[],"yoast_head":"<!-- This site is optimized with the Yoast SEO plugin v24.3 - https:\/\/yoast.com\/wordpress\/plugins\/seo\/ -->\n<title>SERRES Olivier de Le Th\u00e9\u00e2tre d&#039;Agriculture et mesnage des champs... dans lequel est repr\u00e9sent\u00e9 tout ce qui est requis et n\u00e9cessaire pour bien dresser, gouverner, enrichir et embellir la maison rustique. - Libairie Clavreuil<\/title>\n<meta name=\"robots\" content=\"noindex, follow, max-snippet:-1, max-image-preview:large, max-video-preview:-1\" \/>\n<meta property=\"og:locale\" content=\"en_US\" \/>\n<meta property=\"og:type\" content=\"article\" \/>\n<meta property=\"og:title\" content=\"SERRES Olivier de Le Th\u00e9\u00e2tre d&#039;Agriculture et mesnage des champs... dans lequel est repr\u00e9sent\u00e9 tout ce qui est requis et n\u00e9cessaire pour bien dresser, gouverner, enrichir et embellir la maison rustique. - Libairie Clavreuil\" \/>\n<meta property=\"og:description\" content=\"2 volumes, 4to (254 x 199 mm) CXCII, 672 pp., engraved portrait and 1 engraved plate for volume I; XLIV, 948 pp., engraved frontispiece and 16 engraved paltes for volume II. Contemporary tree-calf, flat spines gilt.\" \/>\n<meta property=\"og:url\" content=\"https:\/\/clavreuil-wordpress.logiciel-arteo.fr\/en\/serres-olivier-de-le-theatre-dagriculture-et-mesnage-des-champs-dans-lequel-est-represente-tout-ce-qui-est-requis-et-necessaire-pour-bien-dresser-gouverner-enrichir-et-embellir-la-maison-rusti\/\" \/>\n<meta property=\"og:site_name\" content=\"Libairie Clavreuil\" \/>\n<meta property=\"article:modified_time\" content=\"2024-04-25T16:05:31+00:00\" \/>\n<meta property=\"og:image\" content=\"https:\/\/clavreuil-wordpress.logiciel-arteo.fr\/wp-content\/uploads\/2024\/04\/olivier-de-serres-le-theatre-d-agriculture-et-mesnage-des-champs-dans-lequel-est-represente-tout-ce-qui-est-requis-et-necessaire-pour-bien-dresser-gou-scaled.jpg\" \/>\n\t<meta property=\"og:image:width\" content=\"1920\" \/>\n\t<meta property=\"og:image:height\" content=\"2560\" \/>\n\t<meta property=\"og:image:type\" content=\"image\/jpeg\" \/>\n<meta name=\"twitter:card\" content=\"summary_large_image\" \/>\n<meta name=\"twitter:label1\" content=\"Est. reading time\" \/>\n\t<meta name=\"twitter:data1\" content=\"1 minute\" \/>\n<script type=\"application\/ld+json\" class=\"yoast-schema-graph\">{\"@context\":\"https:\/\/schema.org\",\"@graph\":[{\"@type\":\"WebPage\",\"@id\":\"https:\/\/clavreuil-wordpress.logiciel-arteo.fr\/en\/serres-olivier-de-le-theatre-dagriculture-et-mesnage-des-champs-dans-lequel-est-represente-tout-ce-qui-est-requis-et-necessaire-pour-bien-dresser-gouverner-enrichir-et-embellir-la-maison-rusti\/\",\"url\":\"https:\/\/clavreuil-wordpress.logiciel-arteo.fr\/en\/serres-olivier-de-le-theatre-dagriculture-et-mesnage-des-champs-dans-lequel-est-represente-tout-ce-qui-est-requis-et-necessaire-pour-bien-dresser-gouverner-enrichir-et-embellir-la-maison-rusti\/\",\"name\":\"SERRES Olivier de Le Th\u00e9\u00e2tre d'Agriculture et mesnage des champs... dans lequel est repr\u00e9sent\u00e9 tout ce qui est requis et n\u00e9cessaire pour bien dresser, gouverner, enrichir et embellir la maison rustique. - Libairie Clavreuil\",\"isPartOf\":{\"@id\":\"https:\/\/clavreuil-wordpress.logiciel-arteo.fr\/#website\"},\"primaryImageOfPage\":{\"@id\":\"https:\/\/clavreuil-wordpress.logiciel-arteo.fr\/en\/serres-olivier-de-le-theatre-dagriculture-et-mesnage-des-champs-dans-lequel-est-represente-tout-ce-qui-est-requis-et-necessaire-pour-bien-dresser-gouverner-enrichir-et-embellir-la-maison-rusti\/#primaryimage\"},\"image\":{\"@id\":\"https:\/\/clavreuil-wordpress.logiciel-arteo.fr\/en\/serres-olivier-de-le-theatre-dagriculture-et-mesnage-des-champs-dans-lequel-est-represente-tout-ce-qui-est-requis-et-necessaire-pour-bien-dresser-gouverner-enrichir-et-embellir-la-maison-rusti\/#primaryimage\"},\"thumbnailUrl\":\"https:\/\/clavreuil-wordpress.logiciel-arteo.fr\/wp-content\/uploads\/2024\/04\/olivier-de-serres-le-theatre-d-agriculture-et-mesnage-des-champs-dans-lequel-est-represente-tout-ce-qui-est-requis-et-necessaire-pour-bien-dresser-gou-scaled.jpg\",\"datePublished\":\"2024-04-25T16:04:39+00:00\",\"dateModified\":\"2024-04-25T16:05:31+00:00\",\"breadcrumb\":{\"@id\":\"https:\/\/clavreuil-wordpress.logiciel-arteo.fr\/en\/serres-olivier-de-le-theatre-dagriculture-et-mesnage-des-champs-dans-lequel-est-represente-tout-ce-qui-est-requis-et-necessaire-pour-bien-dresser-gouverner-enrichir-et-embellir-la-maison-rusti\/#breadcrumb\"},\"inLanguage\":\"en-US\",\"potentialAction\":[{\"@type\":\"ReadAction\",\"target\":[\"https:\/\/clavreuil-wordpress.logiciel-arteo.fr\/en\/serres-olivier-de-le-theatre-dagriculture-et-mesnage-des-champs-dans-lequel-est-represente-tout-ce-qui-est-requis-et-necessaire-pour-bien-dresser-gouverner-enrichir-et-embellir-la-maison-rusti\/\"]}]},{\"@type\":\"ImageObject\",\"inLanguage\":\"en-US\",\"@id\":\"https:\/\/clavreuil-wordpress.logiciel-arteo.fr\/en\/serres-olivier-de-le-theatre-dagriculture-et-mesnage-des-champs-dans-lequel-est-represente-tout-ce-qui-est-requis-et-necessaire-pour-bien-dresser-gouverner-enrichir-et-embellir-la-maison-rusti\/#primaryimage\",\"url\":\"https:\/\/clavreuil-wordpress.logiciel-arteo.fr\/wp-content\/uploads\/2024\/04\/olivier-de-serres-le-theatre-d-agriculture-et-mesnage-des-champs-dans-lequel-est-represente-tout-ce-qui-est-requis-et-necessaire-pour-bien-dresser-gou-scaled.jpg\",\"contentUrl\":\"https:\/\/clavreuil-wordpress.logiciel-arteo.fr\/wp-content\/uploads\/2024\/04\/olivier-de-serres-le-theatre-d-agriculture-et-mesnage-des-champs-dans-lequel-est-represente-tout-ce-qui-est-requis-et-necessaire-pour-bien-dresser-gou-scaled.jpg\",\"width\":1920,\"height\":2560},{\"@type\":\"BreadcrumbList\",\"@id\":\"https:\/\/clavreuil-wordpress.logiciel-arteo.fr\/en\/serres-olivier-de-le-theatre-dagriculture-et-mesnage-des-champs-dans-lequel-est-represente-tout-ce-qui-est-requis-et-necessaire-pour-bien-dresser-gouverner-enrichir-et-embellir-la-maison-rusti\/#breadcrumb\",\"itemListElement\":[{\"@type\":\"ListItem\",\"position\":1,\"name\":\"Accueil\",\"item\":\"https:\/\/clavreuil-wordpress.logiciel-arteo.fr\/\"},{\"@type\":\"ListItem\",\"position\":2,\"name\":\"All our books\",\"item\":\"https:\/\/clavreuil-wordpress.logiciel-arteo.fr\/en\/all-our-books\/\"},{\"@type\":\"ListItem\",\"position\":3,\"name\":\"SERRES Olivier de Le Th\u00e9\u00e2tre d&#8217;Agriculture et mesnage...\"}]},{\"@type\":\"WebSite\",\"@id\":\"https:\/\/clavreuil-wordpress.logiciel-arteo.fr\/#website\",\"url\":\"https:\/\/clavreuil-wordpress.logiciel-arteo.fr\/\",\"name\":\"Libairie Clavreuil\",\"description\":\"\",\"publisher\":{\"@id\":\"https:\/\/clavreuil-wordpress.logiciel-arteo.fr\/#organization\"},\"potentialAction\":[{\"@type\":\"SearchAction\",\"target\":{\"@type\":\"EntryPoint\",\"urlTemplate\":\"https:\/\/clavreuil-wordpress.logiciel-arteo.fr\/?s={search_term_string}\"},\"query-input\":{\"@type\":\"PropertyValueSpecification\",\"valueRequired\":true,\"valueName\":\"search_term_string\"}}],\"inLanguage\":\"en-US\"},{\"@type\":\"Organization\",\"@id\":\"https:\/\/clavreuil-wordpress.logiciel-arteo.fr\/#organization\",\"name\":\"Libairie Clavreuil\",\"url\":\"https:\/\/clavreuil-wordpress.logiciel-arteo.fr\/\",\"logo\":{\"@type\":\"ImageObject\",\"inLanguage\":\"en-US\",\"@id\":\"https:\/\/clavreuil-wordpress.logiciel-arteo.fr\/#\/schema\/logo\/image\/\",\"url\":\"https:\/\/clavreuil-wordpress.logiciel-arteo.fr\/wp-content\/uploads\/2021\/05\/LOGO_PNG_DATE-_gold.png\",\"contentUrl\":\"https:\/\/clavreuil-wordpress.logiciel-arteo.fr\/wp-content\/uploads\/2021\/05\/LOGO_PNG_DATE-_gold.png\",\"width\":2083,\"height\":1917,\"caption\":\"Libairie Clavreuil\"},\"image\":{\"@id\":\"https:\/\/clavreuil-wordpress.logiciel-arteo.fr\/#\/schema\/logo\/image\/\"}}]}<\/script>\n<!-- \/ Yoast SEO plugin. -->","yoast_head_json":{"title":"SERRES Olivier de Le Th\u00e9\u00e2tre d'Agriculture et mesnage des champs... dans lequel est repr\u00e9sent\u00e9 tout ce qui est requis et n\u00e9cessaire pour bien dresser, gouverner, enrichir et embellir la maison rustique. - Libairie Clavreuil","robots":{"index":"noindex","follow":"follow","max-snippet":"max-snippet:-1","max-image-preview":"max-image-preview:large","max-video-preview":"max-video-preview:-1"},"og_locale":"en_US","og_type":"article","og_title":"SERRES Olivier de Le Th\u00e9\u00e2tre d'Agriculture et mesnage des champs... dans lequel est repr\u00e9sent\u00e9 tout ce qui est requis et n\u00e9cessaire pour bien dresser, gouverner, enrichir et embellir la maison rustique. - Libairie Clavreuil","og_description":"2 volumes, 4to (254 x 199 mm) CXCII, 672 pp., engraved portrait and 1 engraved plate for volume I; XLIV, 948 pp., engraved frontispiece and 16 engraved paltes for volume II. Contemporary tree-calf, flat spines gilt.","og_url":"https:\/\/clavreuil-wordpress.logiciel-arteo.fr\/en\/serres-olivier-de-le-theatre-dagriculture-et-mesnage-des-champs-dans-lequel-est-represente-tout-ce-qui-est-requis-et-necessaire-pour-bien-dresser-gouverner-enrichir-et-embellir-la-maison-rusti\/","og_site_name":"Libairie Clavreuil","article_modified_time":"2024-04-25T16:05:31+00:00","og_image":[{"width":1920,"height":2560,"url":"https:\/\/clavreuil-wordpress.logiciel-arteo.fr\/wp-content\/uploads\/2024\/04\/olivier-de-serres-le-theatre-d-agriculture-et-mesnage-des-champs-dans-lequel-est-represente-tout-ce-qui-est-requis-et-necessaire-pour-bien-dresser-gou-scaled.jpg","type":"image\/jpeg"}],"twitter_card":"summary_large_image","twitter_misc":{"Est. reading time":"1 minute"},"schema":{"@context":"https:\/\/schema.org","@graph":[{"@type":"WebPage","@id":"https:\/\/clavreuil-wordpress.logiciel-arteo.fr\/en\/serres-olivier-de-le-theatre-dagriculture-et-mesnage-des-champs-dans-lequel-est-represente-tout-ce-qui-est-requis-et-necessaire-pour-bien-dresser-gouverner-enrichir-et-embellir-la-maison-rusti\/","url":"https:\/\/clavreuil-wordpress.logiciel-arteo.fr\/en\/serres-olivier-de-le-theatre-dagriculture-et-mesnage-des-champs-dans-lequel-est-represente-tout-ce-qui-est-requis-et-necessaire-pour-bien-dresser-gouverner-enrichir-et-embellir-la-maison-rusti\/","name":"SERRES Olivier de Le Th\u00e9\u00e2tre d'Agriculture et mesnage des champs... dans lequel est repr\u00e9sent\u00e9 tout ce qui est requis et n\u00e9cessaire pour bien dresser, gouverner, enrichir et embellir la maison rustique. - Libairie Clavreuil","isPartOf":{"@id":"https:\/\/clavreuil-wordpress.logiciel-arteo.fr\/#website"},"primaryImageOfPage":{"@id":"https:\/\/clavreuil-wordpress.logiciel-arteo.fr\/en\/serres-olivier-de-le-theatre-dagriculture-et-mesnage-des-champs-dans-lequel-est-represente-tout-ce-qui-est-requis-et-necessaire-pour-bien-dresser-gouverner-enrichir-et-embellir-la-maison-rusti\/#primaryimage"},"image":{"@id":"https:\/\/clavreuil-wordpress.logiciel-arteo.fr\/en\/serres-olivier-de-le-theatre-dagriculture-et-mesnage-des-champs-dans-lequel-est-represente-tout-ce-qui-est-requis-et-necessaire-pour-bien-dresser-gouverner-enrichir-et-embellir-la-maison-rusti\/#primaryimage"},"thumbnailUrl":"https:\/\/clavreuil-wordpress.logiciel-arteo.fr\/wp-content\/uploads\/2024\/04\/olivier-de-serres-le-theatre-d-agriculture-et-mesnage-des-champs-dans-lequel-est-represente-tout-ce-qui-est-requis-et-necessaire-pour-bien-dresser-gou-scaled.jpg","datePublished":"2024-04-25T16:04:39+00:00","dateModified":"2024-04-25T16:05:31+00:00","breadcrumb":{"@id":"https:\/\/clavreuil-wordpress.logiciel-arteo.fr\/en\/serres-olivier-de-le-theatre-dagriculture-et-mesnage-des-champs-dans-lequel-est-represente-tout-ce-qui-est-requis-et-necessaire-pour-bien-dresser-gouverner-enrichir-et-embellir-la-maison-rusti\/#breadcrumb"},"inLanguage":"en-US","potentialAction":[{"@type":"ReadAction","target":["https:\/\/clavreuil-wordpress.logiciel-arteo.fr\/en\/serres-olivier-de-le-theatre-dagriculture-et-mesnage-des-champs-dans-lequel-est-represente-tout-ce-qui-est-requis-et-necessaire-pour-bien-dresser-gouverner-enrichir-et-embellir-la-maison-rusti\/"]}]},{"@type":"ImageObject","inLanguage":"en-US","@id":"https:\/\/clavreuil-wordpress.logiciel-arteo.fr\/en\/serres-olivier-de-le-theatre-dagriculture-et-mesnage-des-champs-dans-lequel-est-represente-tout-ce-qui-est-requis-et-necessaire-pour-bien-dresser-gouverner-enrichir-et-embellir-la-maison-rusti\/#primaryimage","url":"https:\/\/clavreuil-wordpress.logiciel-arteo.fr\/wp-content\/uploads\/2024\/04\/olivier-de-serres-le-theatre-d-agriculture-et-mesnage-des-champs-dans-lequel-est-represente-tout-ce-qui-est-requis-et-necessaire-pour-bien-dresser-gou-scaled.jpg","contentUrl":"https:\/\/clavreuil-wordpress.logiciel-arteo.fr\/wp-content\/uploads\/2024\/04\/olivier-de-serres-le-theatre-d-agriculture-et-mesnage-des-champs-dans-lequel-est-represente-tout-ce-qui-est-requis-et-necessaire-pour-bien-dresser-gou-scaled.jpg","width":1920,"height":2560},{"@type":"BreadcrumbList","@id":"https:\/\/clavreuil-wordpress.logiciel-arteo.fr\/en\/serres-olivier-de-le-theatre-dagriculture-et-mesnage-des-champs-dans-lequel-est-represente-tout-ce-qui-est-requis-et-necessaire-pour-bien-dresser-gouverner-enrichir-et-embellir-la-maison-rusti\/#breadcrumb","itemListElement":[{"@type":"ListItem","position":1,"name":"Accueil","item":"https:\/\/clavreuil-wordpress.logiciel-arteo.fr\/"},{"@type":"ListItem","position":2,"name":"All our books","item":"https:\/\/clavreuil-wordpress.logiciel-arteo.fr\/en\/all-our-books\/"},{"@type":"ListItem","position":3,"name":"SERRES Olivier de Le Th\u00e9\u00e2tre d&#8217;Agriculture et mesnage..."}]},{"@type":"WebSite","@id":"https:\/\/clavreuil-wordpress.logiciel-arteo.fr\/#website","url":"https:\/\/clavreuil-wordpress.logiciel-arteo.fr\/","name":"Libairie Clavreuil","description":"","publisher":{"@id":"https:\/\/clavreuil-wordpress.logiciel-arteo.fr\/#organization"},"potentialAction":[{"@type":"SearchAction","target":{"@type":"EntryPoint","urlTemplate":"https:\/\/clavreuil-wordpress.logiciel-arteo.fr\/?s={search_term_string}"},"query-input":{"@type":"PropertyValueSpecification","valueRequired":true,"valueName":"search_term_string"}}],"inLanguage":"en-US"},{"@type":"Organization","@id":"https:\/\/clavreuil-wordpress.logiciel-arteo.fr\/#organization","name":"Libairie Clavreuil","url":"https:\/\/clavreuil-wordpress.logiciel-arteo.fr\/","logo":{"@type":"ImageObject","inLanguage":"en-US","@id":"https:\/\/clavreuil-wordpress.logiciel-arteo.fr\/#\/schema\/logo\/image\/","url":"https:\/\/clavreuil-wordpress.logiciel-arteo.fr\/wp-content\/uploads\/2021\/05\/LOGO_PNG_DATE-_gold.png","contentUrl":"https:\/\/clavreuil-wordpress.logiciel-arteo.fr\/wp-content\/uploads\/2021\/05\/LOGO_PNG_DATE-_gold.png","width":2083,"height":1917,"caption":"Libairie Clavreuil"},"image":{"@id":"https:\/\/clavreuil-wordpress.logiciel-arteo.fr\/#\/schema\/logo\/image\/"}}]}},"_links":{"self":[{"href":"https:\/\/clavreuil-wordpress.logiciel-arteo.fr\/en\/wp-json\/wp\/v2\/product\/76358","targetHints":{"allow":["GET"]}}],"collection":[{"href":"https:\/\/clavreuil-wordpress.logiciel-arteo.fr\/en\/wp-json\/wp\/v2\/product"}],"about":[{"href":"https:\/\/clavreuil-wordpress.logiciel-arteo.fr\/en\/wp-json\/wp\/v2\/types\/product"}],"replies":[{"embeddable":true,"href":"https:\/\/clavreuil-wordpress.logiciel-arteo.fr\/en\/wp-json\/wp\/v2\/comments?post=76358"}],"wp:featuredmedia":[{"embeddable":true,"href":"https:\/\/clavreuil-wordpress.logiciel-arteo.fr\/en\/wp-json\/wp\/v2\/media\/76343"}],"wp:attachment":[{"href":"https:\/\/clavreuil-wordpress.logiciel-arteo.fr\/en\/wp-json\/wp\/v2\/media?parent=76358"}],"wp:term":[{"taxonomy":"product_brand","embeddable":true,"href":"https:\/\/clavreuil-wordpress.logiciel-arteo.fr\/en\/wp-json\/wp\/v2\/product_brand?post=76358"},{"taxonomy":"product_cat","embeddable":true,"href":"https:\/\/clavreuil-wordpress.logiciel-arteo.fr\/en\/wp-json\/wp\/v2\/product_cat?post=76358"},{"taxonomy":"product_tag","embeddable":true,"href":"https:\/\/clavreuil-wordpress.logiciel-arteo.fr\/en\/wp-json\/wp\/v2\/product_tag?post=76358"}],"curies":[{"name":"wp","href":"https:\/\/api.w.org\/{rel}","templated":true}]}}